{"id":3588,"date":"2023-12-07T08:44:15","date_gmt":"2023-12-07T08:44:15","guid":{"rendered":"https:\/\/www.sinchisinchi.com\/producto\/palo-santo-altare\/"},"modified":"2024-01-24T08:30:40","modified_gmt":"2024-01-24T08:30:40","slug":"palo-santo-grande","status":"publish","type":"product","link":"https:\/\/www.sinchisinchi.com\/it\/producto\/palo-santo-grande\/","title":{"rendered":"Palo Santo 1 Kg"},"content":{"rendered":"<h3 style=\"text-align: center;\"><strong><span style=\"color: #000000;\">Come utilizzare il palo santo<\/span><\/strong><\/h3>\n<p><span style=\"color: #000000;\">A differenza di altre specie da cui si estraggono le resine, il Palo Santo richiede solo che venga acceso un pezzo del suo legno per sprigionare il suo fumo dalle potenti propriet\u00e0.<\/span><\/p>\n<p><span style=\"color: #000000;\">Il Palo Santo \u00e8 un legno denso che non brucia facilmente, quindi potrebbero essere necessari alcuni secondi per accendersi. Idealmente, lasciarlo bruciare per circa 30 secondi, quindi spegnere delicatamente la fiamma. Quando si spegne la fiamma, rimane la brace, che produrr\u00e0 fumo bianco per diversi minuti.<\/span><\/p>\n<p><span style=\"color: #000000;\">Si consiglia di avere a portata di mano un contenitore ignifugo, nel quale depositare le ceneri, e dove riporre il palo santo una volta terminato.<\/span><\/p>\n<p><span style=\"color: #000000;\">Quando la brace si spegne, un po&#8217; d&#8217;aria aiuter\u00e0 a ravvivarla, agitando il bastoncino o soffiando dolcemente. Di solito funziona solo come misura temporanea, quindi \u00e8 necessario accenderlo pi\u00f9 volte affinch\u00e9 si consumi completamente.<\/span><\/p>\n<p>&nbsp;<\/p>\n<h3 style=\"text-align: center;\"><strong><span style=\"color: #000000;\">Palo santo, pulizia energetica<\/span><\/strong><\/h3>\n<p><span style=\"color: #000000;\">Per una pulizia energetica degli ambienti, una volta accesa, scuotendo la brace nell&#8217;aria si distribuisce il fumo in tutta la stanza, e si guida la legna attraverso le zone che si desidera pulire, come angoli, corridoi e ripostigli. .<\/span><\/p>\n<p><span style=\"color: #000000;\">Per una pulizia energetica profonda, puoi bruciare circa 3 o 4 bastoncini insieme e lasciare che il fumo rimanga nell&#8217;ambiente per circa 3 ore.<\/span><\/p>\n<p><span style=\"color: #000000;\">Puoi anche fare una pulizia energetica di pietre e gemme, che devono essere pulite periodicamente, poich\u00e9 assorbono e trattengono gli influssi energetici.<\/span><\/p>\n<h3 style=\"text-align: center;\"><strong><span style=\"color: #000000;\">Propriet\u00e0 e benefici del Palo Santo<\/span><\/strong><\/h3>\n<p><span style=\"color: #000000;\">Tradizionalmente il palo santo viene utilizzato per alleviare raffreddori, stress, asma, mal di testa, ansia, depressione, infiammazioni, come antisettico, antinfiammatorio e diuretico.<\/span><\/p>\n<p><span style=\"color: #000000;\">L&#8217;olfatto \u00e8 l&#8217;unico senso direttamente interconnesso con le emozioni, e anche l&#8217;unico che non dorme mai, quindi \u00e8 legato anche ai sogni lucidi.<\/span><\/p>\n<p><span style=\"color: #000000;\">In aromaterapia, il Palo Santo \u00e8 comunemente usato sotto forma di olio essenziale e serve a rilasciare la tensione legata allo stress e alla depressione.<\/span><\/p>\n<p><span style=\"color: #000000;\">\u00c8 anche un ottimo repellente naturale contro mosche, zanzare, ecc.<\/span><\/p>\n","protected":false},"excerpt":{"rendered":"<p><span style=\"color: #000000;\">Tronco di Palo Santo da 1 kg circa.<\/span><\/p>\n<p><span style=\"color: #000000;\">Il Palo Santo viene utilizzato in diversi paesi e culture per espellere le energie negative e attrarre quelle positive, focalizzando e potenziando quelle positive.<\/span><\/p>\n<p><span style=\"color: #000000;\">Pulisce e purifica gli ambienti, oltre ad aromatizzarli. Allevia la tensione nervosa e aiuta a controllare malattie o disturbi causati dallo stress, favorendo l&#8217;armonia e il benessere.<\/span><\/p>\n","protected":false},"featured_media":11853,"template":"","meta":{"_joinchat":[]},"product_brand":[],"product_cat":[130],"product_tag":[],"class_list":{"0":"post-3588","1":"product","2":"type-product","3":"status-publish","4":"has-post-thumbnail","6":"product_cat-incenso","8":"first","9":"instock","10":"taxable","11":"shipping-taxable","12":"purchasable","13":"product-type-simple"},"yoast_head":"<!-- This site is optimized with the Yoast SEO plugin v27.1.1 - https:\/\/yoast.com\/product\/yoast-seo-wordpress\/ -->\n<title>Palo Santo Altare - Negozio online di incenso sacro<\/title>\n<meta name=\"description\" content=\"Il Palo Santo (Bursera Graveolens) \u00e8 un albero mistico che cresce sulle coste del Sud America e appartiene all&#039;amilia Bureseracea...\" \/>\n<meta name=\"robots\" content=\"index, follow, max-snippet:-1, max-image-preview:large, max-video-preview:-1\" \/>\n<link rel=\"canonical\" href=\"https:\/\/www.sinchisinchi.com\/it\/producto\/palo-santo-grande\/\" \/>\n<meta property=\"og:locale\" content=\"it_IT\" \/>\n<meta property=\"og:type\" content=\"article\" \/>\n<meta property=\"og:title\" content=\"Palo Santo Altare - Negozio online di incenso sacro\" \/>\n<meta property=\"og:description\" content=\"Il Palo Santo (Bursera Graveolens) \u00e8 un albero mistico che cresce sulle coste del Sud America e appartiene all&#039;amilia Bureseracea...\" \/>\n<meta property=\"og:url\" content=\"https:\/\/www.sinchisinchi.com\/it\/producto\/palo-santo-grande\/\" \/>\n<meta property=\"og:site_name\" content=\"SINCHI RAP\u00c9\" \/>\n<meta property=\"article:publisher\" content=\"https:\/\/www.facebook.com\/sinchirape\/\" \/>\n<meta property=\"article:modified_time\" content=\"2024-01-24T08:30:40+00:00\" \/>\n<meta property=\"og:image\" content=\"https:\/\/www.sinchisinchi.com\/wp-content\/uploads\/2023\/12\/palo-santo-de-tronco-grande-pack-1kg.jpeg\" \/>\n\t<meta property=\"og:image:width\" content=\"1000\" \/>\n\t<meta property=\"og:image:height\" content=\"1000\" \/>\n\t<meta property=\"og:image:type\" content=\"image\/jpeg\" \/>\n<meta name=\"twitter:card\" content=\"summary_large_image\" \/>\n<meta name=\"twitter:label1\" content=\"Tempo di lettura stimato\" \/>\n\t<meta name=\"twitter:data1\" content=\"2 minuti\" \/>\n<script type=\"application\/ld+json\" class=\"yoast-schema-graph\">{\"@context\":\"https:\/\/schema.org\",\"@graph\":[{\"@type\":\"WebPage\",\"@id\":\"https:\/\/www.sinchisinchi.com\/it\/producto\/palo-santo-grande\/\",\"url\":\"https:\/\/www.sinchisinchi.com\/it\/producto\/palo-santo-grande\/\",\"name\":\"Palo Santo Altare - Negozio online di incenso sacro\",\"isPartOf\":{\"@id\":\"https:\/\/www.sinchisinchi.com\/it\/#website\"},\"primaryImageOfPage\":{\"@id\":\"https:\/\/www.sinchisinchi.com\/it\/producto\/palo-santo-grande\/#primaryimage\"},\"image\":{\"@id\":\"https:\/\/www.sinchisinchi.com\/it\/producto\/palo-santo-grande\/#primaryimage\"},\"thumbnailUrl\":\"https:\/\/www.sinchisinchi.com\/wp-content\/uploads\/2023\/12\/palo-santo-de-tronco-grande-pack-1kg.jpeg\",\"datePublished\":\"2023-12-07T08:44:15+00:00\",\"dateModified\":\"2024-01-24T08:30:40+00:00\",\"description\":\"Il Palo Santo (Bursera Graveolens) \u00e8 un albero mistico che cresce sulle coste del Sud America e appartiene all'amilia Bureseracea...\",\"breadcrumb\":{\"@id\":\"https:\/\/www.sinchisinchi.com\/it\/producto\/palo-santo-grande\/#breadcrumb\"},\"inLanguage\":\"it-IT\",\"potentialAction\":[{\"@type\":\"ReadAction\",\"target\":[\"https:\/\/www.sinchisinchi.com\/it\/producto\/palo-santo-grande\/\"]}]},{\"@type\":\"ImageObject\",\"inLanguage\":\"it-IT\",\"@id\":\"https:\/\/www.sinchisinchi.com\/it\/producto\/palo-santo-grande\/#primaryimage\",\"url\":\"https:\/\/www.sinchisinchi.com\/wp-content\/uploads\/2023\/12\/palo-santo-de-tronco-grande-pack-1kg.jpeg\",\"contentUrl\":\"https:\/\/www.sinchisinchi.com\/wp-content\/uploads\/2023\/12\/palo-santo-de-tronco-grande-pack-1kg.jpeg\",\"width\":1000,\"height\":1000},{\"@type\":\"BreadcrumbList\",\"@id\":\"https:\/\/www.sinchisinchi.com\/it\/producto\/palo-santo-grande\/#breadcrumb\",\"itemListElement\":[{\"@type\":\"ListItem\",\"position\":1,\"name\":\"Prima pagina\",\"item\":\"https:\/\/www.sinchisinchi.com\/it\/\"},{\"@type\":\"ListItem\",\"position\":2,\"name\":\"Prodotti\",\"item\":\"https:\/\/www.sinchisinchi.com\/it\/shop\/\"},{\"@type\":\"ListItem\",\"position\":3,\"name\":\"Palo Santo 1 Kg\"}]},{\"@type\":\"WebSite\",\"@id\":\"https:\/\/www.sinchisinchi.com\/it\/#website\",\"url\":\"https:\/\/www.sinchisinchi.com\/it\/\",\"name\":\"SINCHI\",\"description\":\"Sinchi Medicine\",\"publisher\":{\"@id\":\"https:\/\/www.sinchisinchi.com\/it\/#organization\"},\"potentialAction\":[{\"@type\":\"SearchAction\",\"target\":{\"@type\":\"EntryPoint\",\"urlTemplate\":\"https:\/\/www.sinchisinchi.com\/it\/?s={search_term_string}\"},\"query-input\":{\"@type\":\"PropertyValueSpecification\",\"valueRequired\":true,\"valueName\":\"search_term_string\"}}],\"inLanguage\":\"it-IT\"},{\"@type\":\"Organization\",\"@id\":\"https:\/\/www.sinchisinchi.com\/it\/#organization\",\"name\":\"SINCHI S.L\",\"url\":\"https:\/\/www.sinchisinchi.com\/it\/\",\"logo\":{\"@type\":\"ImageObject\",\"inLanguage\":\"it-IT\",\"@id\":\"https:\/\/www.sinchisinchi.com\/it\/#\/schema\/logo\/image\/\",\"url\":\"https:\/\/www.sinchisinchi.com\/wp-content\/uploads\/2026\/01\/3b-Verde-SIMPLIFICADO-HORIZONTAL-F-TRANSPARENTE-scaled.png\",\"contentUrl\":\"https:\/\/www.sinchisinchi.com\/wp-content\/uploads\/2026\/01\/3b-Verde-SIMPLIFICADO-HORIZONTAL-F-TRANSPARENTE-scaled.png\",\"width\":2560,\"height\":457,\"caption\":\"SINCHI S.L\"},\"image\":{\"@id\":\"https:\/\/www.sinchisinchi.com\/it\/#\/schema\/logo\/image\/\"},\"sameAs\":[\"https:\/\/www.facebook.com\/sinchirape\/\",\"https:\/\/www.instagram.com\/sinchi_rape\/\"]}]}<\/script>\n<!-- \/ Yoast SEO plugin. -->","yoast_head_json":{"title":"Palo Santo Altare - Negozio online di incenso sacro","description":"Il Palo Santo (Bursera Graveolens) \u00e8 un albero mistico che cresce sulle coste del Sud America e appartiene all'amilia Bureseracea...","robots":{"index":"index","follow":"follow","max-snippet":"max-snippet:-1","max-image-preview":"max-image-preview:large","max-video-preview":"max-video-preview:-1"},"canonical":"https:\/\/www.sinchisinchi.com\/it\/producto\/palo-santo-grande\/","og_locale":"it_IT","og_type":"article","og_title":"Palo Santo Altare - Negozio online di incenso sacro","og_description":"Il Palo Santo (Bursera Graveolens) \u00e8 un albero mistico che cresce sulle coste del Sud America e appartiene all'amilia Bureseracea...","og_url":"https:\/\/www.sinchisinchi.com\/it\/producto\/palo-santo-grande\/","og_site_name":"SINCHI RAP\u00c9","article_publisher":"https:\/\/www.facebook.com\/sinchirape\/","article_modified_time":"2024-01-24T08:30:40+00:00","og_image":[{"width":1000,"height":1000,"url":"https:\/\/www.sinchisinchi.com\/wp-content\/uploads\/2023\/12\/palo-santo-de-tronco-grande-pack-1kg.jpeg","type":"image\/jpeg"}],"twitter_card":"summary_large_image","twitter_misc":{"Tempo di lettura stimato":"2 minuti"},"schema":{"@context":"https:\/\/schema.org","@graph":[{"@type":"WebPage","@id":"https:\/\/www.sinchisinchi.com\/it\/producto\/palo-santo-grande\/","url":"https:\/\/www.sinchisinchi.com\/it\/producto\/palo-santo-grande\/","name":"Palo Santo Altare - Negozio online di incenso sacro","isPartOf":{"@id":"https:\/\/www.sinchisinchi.com\/it\/#website"},"primaryImageOfPage":{"@id":"https:\/\/www.sinchisinchi.com\/it\/producto\/palo-santo-grande\/#primaryimage"},"image":{"@id":"https:\/\/www.sinchisinchi.com\/it\/producto\/palo-santo-grande\/#primaryimage"},"thumbnailUrl":"https:\/\/www.sinchisinchi.com\/wp-content\/uploads\/2023\/12\/palo-santo-de-tronco-grande-pack-1kg.jpeg","datePublished":"2023-12-07T08:44:15+00:00","dateModified":"2024-01-24T08:30:40+00:00","description":"Il Palo Santo (Bursera Graveolens) \u00e8 un albero mistico che cresce sulle coste del Sud America e appartiene all'amilia Bureseracea...","breadcrumb":{"@id":"https:\/\/www.sinchisinchi.com\/it\/producto\/palo-santo-grande\/#breadcrumb"},"inLanguage":"it-IT","potentialAction":[{"@type":"ReadAction","target":["https:\/\/www.sinchisinchi.com\/it\/producto\/palo-santo-grande\/"]}]},{"@type":"ImageObject","inLanguage":"it-IT","@id":"https:\/\/www.sinchisinchi.com\/it\/producto\/palo-santo-grande\/#primaryimage","url":"https:\/\/www.sinchisinchi.com\/wp-content\/uploads\/2023\/12\/palo-santo-de-tronco-grande-pack-1kg.jpeg","contentUrl":"https:\/\/www.sinchisinchi.com\/wp-content\/uploads\/2023\/12\/palo-santo-de-tronco-grande-pack-1kg.jpeg","width":1000,"height":1000},{"@type":"BreadcrumbList","@id":"https:\/\/www.sinchisinchi.com\/it\/producto\/palo-santo-grande\/#breadcrumb","itemListElement":[{"@type":"ListItem","position":1,"name":"Prima pagina","item":"https:\/\/www.sinchisinchi.com\/it\/"},{"@type":"ListItem","position":2,"name":"Prodotti","item":"https:\/\/www.sinchisinchi.com\/it\/shop\/"},{"@type":"ListItem","position":3,"name":"Palo Santo 1 Kg"}]},{"@type":"WebSite","@id":"https:\/\/www.sinchisinchi.com\/it\/#website","url":"https:\/\/www.sinchisinchi.com\/it\/","name":"SINCHI","description":"Sinchi Medicine","publisher":{"@id":"https:\/\/www.sinchisinchi.com\/it\/#organization"},"potentialAction":[{"@type":"SearchAction","target":{"@type":"EntryPoint","urlTemplate":"https:\/\/www.sinchisinchi.com\/it\/?s={search_term_string}"},"query-input":{"@type":"PropertyValueSpecification","valueRequired":true,"valueName":"search_term_string"}}],"inLanguage":"it-IT"},{"@type":"Organization","@id":"https:\/\/www.sinchisinchi.com\/it\/#organization","name":"SINCHI S.L","url":"https:\/\/www.sinchisinchi.com\/it\/","logo":{"@type":"ImageObject","inLanguage":"it-IT","@id":"https:\/\/www.sinchisinchi.com\/it\/#\/schema\/logo\/image\/","url":"https:\/\/www.sinchisinchi.com\/wp-content\/uploads\/2026\/01\/3b-Verde-SIMPLIFICADO-HORIZONTAL-F-TRANSPARENTE-scaled.png","contentUrl":"https:\/\/www.sinchisinchi.com\/wp-content\/uploads\/2026\/01\/3b-Verde-SIMPLIFICADO-HORIZONTAL-F-TRANSPARENTE-scaled.png","width":2560,"height":457,"caption":"SINCHI S.L"},"image":{"@id":"https:\/\/www.sinchisinchi.com\/it\/#\/schema\/logo\/image\/"},"sameAs":["https:\/\/www.facebook.com\/sinchirape\/","https:\/\/www.instagram.com\/sinchi_rape\/"]}]}},"_links":{"self":[{"href":"https:\/\/www.sinchisinchi.com\/it\/wp-json\/wp\/v2\/product\/3588","targetHints":{"allow":["GET"]}}],"collection":[{"href":"https:\/\/www.sinchisinchi.com\/it\/wp-json\/wp\/v2\/product"}],"about":[{"href":"https:\/\/www.sinchisinchi.com\/it\/wp-json\/wp\/v2\/types\/product"}],"wp:featuredmedia":[{"embeddable":true,"href":"https:\/\/www.sinchisinchi.com\/it\/wp-json\/wp\/v2\/media\/11853"}],"wp:attachment":[{"href":"https:\/\/www.sinchisinchi.com\/it\/wp-json\/wp\/v2\/media?parent=3588"}],"wp:term":[{"taxonomy":"product_brand","embeddable":true,"href":"https:\/\/www.sinchisinchi.com\/it\/wp-json\/wp\/v2\/product_brand?post=3588"},{"taxonomy":"product_cat","embeddable":true,"href":"https:\/\/www.sinchisinchi.com\/it\/wp-json\/wp\/v2\/product_cat?post=3588"},{"taxonomy":"product_tag","embeddable":true,"href":"https:\/\/www.sinchisinchi.com\/it\/wp-json\/wp\/v2\/product_tag?post=3588"}],"curies":[{"name":"wp","href":"https:\/\/api.w.org\/{rel}","templated":true}]}}