{"id":3591,"date":"2023-12-07T08:24:25","date_gmt":"2023-12-07T08:24:25","guid":{"rendered":"https:\/\/www.sinchisinchi.com\/producto\/mapacho\/"},"modified":"2025-02-19T09:47:54","modified_gmt":"2025-02-19T09:47:54","slug":"mapacho","status":"publish","type":"product","link":"https:\/\/www.sinchisinchi.com\/it\/producto\/mapacho\/","title":{"rendered":"Mapacho Moi"},"content":{"rendered":"","protected":false},"excerpt":{"rendered":"<p><span style=\"color: #000000;\">Rotolo di Mapacho biologico dal Brasile.<\/span><\/p>\n<p><span style=\"color: #000000;\">Il Mapacho \u00e8 un conglomerato di foglie di Nicotiana rustica essiccate, stagionate e tritate.<\/span><\/p>\n<p><span style=\"color: #000000;\">Moi Mapacho \u00e8 una tipologia di Mapacho delicata e squisita, pi\u00f9 morbida rispetto ad altre variet\u00e0 rustiche, ha un aroma accattivante e caratteristico.<\/span><\/p>\n<p><span style=\"color: #000000;\">Il procione Moi viene prodotto nella Riserva Extrativista, nel profondo dell&#8217;Amazzonia brasiliana, vicino al confine con il Per\u00f9. \u00c8 coltivato dalle comunit\u00e0 locali, che discendono dalla mescolanza tra trib\u00f9 indigene e immigrati arrivati \u200b\u200bdal nord-est durante il boom della gomma.<\/span><\/p>\n<p><span style=\"color: #000000;\">L&#8217;Alto Jurua ospita trib\u00f9 native come Ashaninka, Kuntanawa, Arara Shaw\u00e3dawa e la trib\u00f9 Kaxinawa, tra le altre.<\/span><\/p>\n<p><span style=\"color: #000000;\">La Nicotiana Rustica \u00e8 utilizzata da millenni in varie forme e scopi: masticata, polverizzata e inalata, affumicata, macerata bevibile o usata esternamente, in cataplasma, bagno o gocce, per prevenire o curare disturbi fisici, veniva utilizzata anche nei rituali. per il suo carattere di pianta sacra.<\/span><\/p>\n<p><span style=\"color: #000000;\">Quando vengono prodotti gli incensi, vengono utilizzati come un modo per purificare l&#8217;energia di uno spazio o di una persona. In Nord America il passaggio della pipa era legato all&#8217;uso della parola e al collegamento con il sacro, ad esempio veniva utilizzata quando si dovevano prendere decisioni importanti, prima che qualcuno parlasse l&#8217;intero gruppo inalava per primo dalla pipa; Questa connessione preventiva con ci\u00f2 che consideravano sacro riflette l&#8217;importanza che attribuivano al parlare sinceramente e con il cuore, che pu\u00f2 essere considerato lo scopo ultimo di questa pratica.<\/span><\/p>\n","protected":false},"featured_media":12947,"template":"","meta":{"_joinchat":[]},"product_brand":[],"product_cat":[325],"product_tag":[],"class_list":{"0":"post-3591","1":"product","2":"type-product","3":"status-publish","4":"has-post-thumbnail","6":"product_cat-mapacho-roll-it","8":"first","9":"instock","10":"taxable","11":"shipping-taxable","12":"purchasable","13":"product-type-variable","14":"has-default-attributes"},"yoast_head":"<!-- This site is optimized with the Yoast SEO plugin v27.4 - https:\/\/yoast.com\/product\/yoast-seo-wordpress\/ -->\n<title>Acquista Mapacho Moi dal Brasile 100% naturale - Tienda Chamanica<\/title>\n<meta name=\"description\" content=\"Moi Mapacho \u00e8 una tipologia di Mapacho delicata e squisita, pi\u00f9 morbida rispetto ad altre variet\u00e0 rustiche, ha un aroma accattivante e caratteristico.\" \/>\n<meta name=\"robots\" content=\"index, follow, max-snippet:-1, max-image-preview:large, max-video-preview:-1\" \/>\n<link rel=\"canonical\" href=\"https:\/\/www.sinchisinchi.com\/it\/producto\/mapacho\/\" \/>\n<meta property=\"og:locale\" content=\"it_IT\" \/>\n<meta property=\"og:type\" content=\"article\" \/>\n<meta property=\"og:title\" content=\"Acquista Mapacho Moi dal Brasile 100% naturale - Tienda Chamanica\" \/>\n<meta property=\"og:description\" content=\"Moi Mapacho \u00e8 una tipologia di Mapacho delicata e squisita, pi\u00f9 morbida rispetto ad altre variet\u00e0 rustiche, ha un aroma accattivante e caratteristico.\" \/>\n<meta property=\"og:url\" content=\"https:\/\/www.sinchisinchi.com\/it\/producto\/mapacho\/\" \/>\n<meta property=\"og:site_name\" content=\"SINCHI RAP\u00c9\" \/>\n<meta property=\"article:publisher\" content=\"https:\/\/www.facebook.com\/sinchirape\/\" \/>\n<meta property=\"article:modified_time\" content=\"2025-02-19T09:47:54+00:00\" \/>\n<meta property=\"og:image\" content=\"https:\/\/www.sinchisinchi.com\/wp-content\/uploads\/2023\/12\/Moi-Mapacho.jpg\" \/>\n\t<meta property=\"og:image:width\" content=\"900\" \/>\n\t<meta property=\"og:image:height\" content=\"900\" \/>\n\t<meta property=\"og:image:type\" content=\"image\/jpeg\" \/>\n<meta name=\"twitter:card\" content=\"summary_large_image\" \/>\n<script type=\"application\/ld+json\" class=\"yoast-schema-graph\">{\"@context\":\"https:\\\/\\\/schema.org\",\"@graph\":[{\"@type\":\"WebPage\",\"@id\":\"https:\\\/\\\/www.sinchisinchi.com\\\/it\\\/producto\\\/mapacho\\\/\",\"url\":\"https:\\\/\\\/www.sinchisinchi.com\\\/it\\\/producto\\\/mapacho\\\/\",\"name\":\"Acquista Mapacho Moi dal Brasile 100% naturale - Tienda Chamanica\",\"isPartOf\":{\"@id\":\"https:\\\/\\\/www.sinchisinchi.com\\\/it\\\/#website\"},\"primaryImageOfPage\":{\"@id\":\"https:\\\/\\\/www.sinchisinchi.com\\\/it\\\/producto\\\/mapacho\\\/#primaryimage\"},\"image\":{\"@id\":\"https:\\\/\\\/www.sinchisinchi.com\\\/it\\\/producto\\\/mapacho\\\/#primaryimage\"},\"thumbnailUrl\":\"https:\\\/\\\/www.sinchisinchi.com\\\/wp-content\\\/uploads\\\/2023\\\/12\\\/Moi-Mapacho.jpg\",\"datePublished\":\"2023-12-07T08:24:25+00:00\",\"dateModified\":\"2025-02-19T09:47:54+00:00\",\"description\":\"Moi Mapacho \u00e8 una tipologia di Mapacho delicata e squisita, pi\u00f9 morbida rispetto ad altre variet\u00e0 rustiche, ha un aroma accattivante e caratteristico.\",\"breadcrumb\":{\"@id\":\"https:\\\/\\\/www.sinchisinchi.com\\\/it\\\/producto\\\/mapacho\\\/#breadcrumb\"},\"inLanguage\":\"it-IT\",\"potentialAction\":[{\"@type\":\"ReadAction\",\"target\":[\"https:\\\/\\\/www.sinchisinchi.com\\\/it\\\/producto\\\/mapacho\\\/\"]}]},{\"@type\":\"ImageObject\",\"inLanguage\":\"it-IT\",\"@id\":\"https:\\\/\\\/www.sinchisinchi.com\\\/it\\\/producto\\\/mapacho\\\/#primaryimage\",\"url\":\"https:\\\/\\\/www.sinchisinchi.com\\\/wp-content\\\/uploads\\\/2023\\\/12\\\/Moi-Mapacho.jpg\",\"contentUrl\":\"https:\\\/\\\/www.sinchisinchi.com\\\/wp-content\\\/uploads\\\/2023\\\/12\\\/Moi-Mapacho.jpg\",\"width\":900,\"height\":900},{\"@type\":\"BreadcrumbList\",\"@id\":\"https:\\\/\\\/www.sinchisinchi.com\\\/it\\\/producto\\\/mapacho\\\/#breadcrumb\",\"itemListElement\":[{\"@type\":\"ListItem\",\"position\":1,\"name\":\"Prima pagina\",\"item\":\"https:\\\/\\\/www.sinchisinchi.com\\\/it\\\/\"},{\"@type\":\"ListItem\",\"position\":2,\"name\":\"Prodotti\",\"item\":\"https:\\\/\\\/www.sinchisinchi.com\\\/it\\\/shop\\\/\"},{\"@type\":\"ListItem\",\"position\":3,\"name\":\"Mapacho Moi\"}]},{\"@type\":\"WebSite\",\"@id\":\"https:\\\/\\\/www.sinchisinchi.com\\\/it\\\/#website\",\"url\":\"https:\\\/\\\/www.sinchisinchi.com\\\/it\\\/\",\"name\":\"SINCHI\",\"description\":\"Sinchi Medicine\",\"publisher\":{\"@id\":\"https:\\\/\\\/www.sinchisinchi.com\\\/it\\\/#organization\"},\"potentialAction\":[{\"@type\":\"SearchAction\",\"target\":{\"@type\":\"EntryPoint\",\"urlTemplate\":\"https:\\\/\\\/www.sinchisinchi.com\\\/it\\\/?s={search_term_string}\"},\"query-input\":{\"@type\":\"PropertyValueSpecification\",\"valueRequired\":true,\"valueName\":\"search_term_string\"}}],\"inLanguage\":\"it-IT\"},{\"@type\":\"Organization\",\"@id\":\"https:\\\/\\\/www.sinchisinchi.com\\\/it\\\/#organization\",\"name\":\"SINCHI S.L\",\"url\":\"https:\\\/\\\/www.sinchisinchi.com\\\/it\\\/\",\"logo\":{\"@type\":\"ImageObject\",\"inLanguage\":\"it-IT\",\"@id\":\"https:\\\/\\\/www.sinchisinchi.com\\\/it\\\/#\\\/schema\\\/logo\\\/image\\\/\",\"url\":\"https:\\\/\\\/www.sinchisinchi.com\\\/wp-content\\\/uploads\\\/2026\\\/01\\\/3b-Verde-SIMPLIFICADO-HORIZONTAL-F-TRANSPARENTE-scaled.png\",\"contentUrl\":\"https:\\\/\\\/www.sinchisinchi.com\\\/wp-content\\\/uploads\\\/2026\\\/01\\\/3b-Verde-SIMPLIFICADO-HORIZONTAL-F-TRANSPARENTE-scaled.png\",\"width\":2560,\"height\":457,\"caption\":\"SINCHI S.L\"},\"image\":{\"@id\":\"https:\\\/\\\/www.sinchisinchi.com\\\/it\\\/#\\\/schema\\\/logo\\\/image\\\/\"},\"sameAs\":[\"https:\\\/\\\/www.facebook.com\\\/sinchirape\\\/\",\"https:\\\/\\\/www.instagram.com\\\/sinchi_rape\\\/\"]}]}<\/script>\n<!-- \/ Yoast SEO plugin. -->","yoast_head_json":{"title":"Acquista Mapacho Moi dal Brasile 100% naturale - Tienda Chamanica","description":"Moi Mapacho \u00e8 una tipologia di Mapacho delicata e squisita, pi\u00f9 morbida rispetto ad altre variet\u00e0 rustiche, ha un aroma accattivante e caratteristico.","robots":{"index":"index","follow":"follow","max-snippet":"max-snippet:-1","max-image-preview":"max-image-preview:large","max-video-preview":"max-video-preview:-1"},"canonical":"https:\/\/www.sinchisinchi.com\/it\/producto\/mapacho\/","og_locale":"it_IT","og_type":"article","og_title":"Acquista Mapacho Moi dal Brasile 100% naturale - Tienda Chamanica","og_description":"Moi Mapacho \u00e8 una tipologia di Mapacho delicata e squisita, pi\u00f9 morbida rispetto ad altre variet\u00e0 rustiche, ha un aroma accattivante e caratteristico.","og_url":"https:\/\/www.sinchisinchi.com\/it\/producto\/mapacho\/","og_site_name":"SINCHI RAP\u00c9","article_publisher":"https:\/\/www.facebook.com\/sinchirape\/","article_modified_time":"2025-02-19T09:47:54+00:00","og_image":[{"width":900,"height":900,"url":"https:\/\/www.sinchisinchi.com\/wp-content\/uploads\/2023\/12\/Moi-Mapacho.jpg","type":"image\/jpeg"}],"twitter_card":"summary_large_image","schema":{"@context":"https:\/\/schema.org","@graph":[{"@type":"WebPage","@id":"https:\/\/www.sinchisinchi.com\/it\/producto\/mapacho\/","url":"https:\/\/www.sinchisinchi.com\/it\/producto\/mapacho\/","name":"Acquista Mapacho Moi dal Brasile 100% naturale - Tienda Chamanica","isPartOf":{"@id":"https:\/\/www.sinchisinchi.com\/it\/#website"},"primaryImageOfPage":{"@id":"https:\/\/www.sinchisinchi.com\/it\/producto\/mapacho\/#primaryimage"},"image":{"@id":"https:\/\/www.sinchisinchi.com\/it\/producto\/mapacho\/#primaryimage"},"thumbnailUrl":"https:\/\/www.sinchisinchi.com\/wp-content\/uploads\/2023\/12\/Moi-Mapacho.jpg","datePublished":"2023-12-07T08:24:25+00:00","dateModified":"2025-02-19T09:47:54+00:00","description":"Moi Mapacho \u00e8 una tipologia di Mapacho delicata e squisita, pi\u00f9 morbida rispetto ad altre variet\u00e0 rustiche, ha un aroma accattivante e caratteristico.","breadcrumb":{"@id":"https:\/\/www.sinchisinchi.com\/it\/producto\/mapacho\/#breadcrumb"},"inLanguage":"it-IT","potentialAction":[{"@type":"ReadAction","target":["https:\/\/www.sinchisinchi.com\/it\/producto\/mapacho\/"]}]},{"@type":"ImageObject","inLanguage":"it-IT","@id":"https:\/\/www.sinchisinchi.com\/it\/producto\/mapacho\/#primaryimage","url":"https:\/\/www.sinchisinchi.com\/wp-content\/uploads\/2023\/12\/Moi-Mapacho.jpg","contentUrl":"https:\/\/www.sinchisinchi.com\/wp-content\/uploads\/2023\/12\/Moi-Mapacho.jpg","width":900,"height":900},{"@type":"BreadcrumbList","@id":"https:\/\/www.sinchisinchi.com\/it\/producto\/mapacho\/#breadcrumb","itemListElement":[{"@type":"ListItem","position":1,"name":"Prima pagina","item":"https:\/\/www.sinchisinchi.com\/it\/"},{"@type":"ListItem","position":2,"name":"Prodotti","item":"https:\/\/www.sinchisinchi.com\/it\/shop\/"},{"@type":"ListItem","position":3,"name":"Mapacho Moi"}]},{"@type":"WebSite","@id":"https:\/\/www.sinchisinchi.com\/it\/#website","url":"https:\/\/www.sinchisinchi.com\/it\/","name":"SINCHI","description":"Sinchi Medicine","publisher":{"@id":"https:\/\/www.sinchisinchi.com\/it\/#organization"},"potentialAction":[{"@type":"SearchAction","target":{"@type":"EntryPoint","urlTemplate":"https:\/\/www.sinchisinchi.com\/it\/?s={search_term_string}"},"query-input":{"@type":"PropertyValueSpecification","valueRequired":true,"valueName":"search_term_string"}}],"inLanguage":"it-IT"},{"@type":"Organization","@id":"https:\/\/www.sinchisinchi.com\/it\/#organization","name":"SINCHI S.L","url":"https:\/\/www.sinchisinchi.com\/it\/","logo":{"@type":"ImageObject","inLanguage":"it-IT","@id":"https:\/\/www.sinchisinchi.com\/it\/#\/schema\/logo\/image\/","url":"https:\/\/www.sinchisinchi.com\/wp-content\/uploads\/2026\/01\/3b-Verde-SIMPLIFICADO-HORIZONTAL-F-TRANSPARENTE-scaled.png","contentUrl":"https:\/\/www.sinchisinchi.com\/wp-content\/uploads\/2026\/01\/3b-Verde-SIMPLIFICADO-HORIZONTAL-F-TRANSPARENTE-scaled.png","width":2560,"height":457,"caption":"SINCHI S.L"},"image":{"@id":"https:\/\/www.sinchisinchi.com\/it\/#\/schema\/logo\/image\/"},"sameAs":["https:\/\/www.facebook.com\/sinchirape\/","https:\/\/www.instagram.com\/sinchi_rape\/"]}]}},"_links":{"self":[{"href":"https:\/\/www.sinchisinchi.com\/it\/wp-json\/wp\/v2\/product\/3591","targetHints":{"allow":["GET"]}}],"collection":[{"href":"https:\/\/www.sinchisinchi.com\/it\/wp-json\/wp\/v2\/product"}],"about":[{"href":"https:\/\/www.sinchisinchi.com\/it\/wp-json\/wp\/v2\/types\/product"}],"wp:featuredmedia":[{"embeddable":true,"href":"https:\/\/www.sinchisinchi.com\/it\/wp-json\/wp\/v2\/media\/12947"}],"wp:attachment":[{"href":"https:\/\/www.sinchisinchi.com\/it\/wp-json\/wp\/v2\/media?parent=3591"}],"wp:term":[{"taxonomy":"product_brand","embeddable":true,"href":"https:\/\/www.sinchisinchi.com\/it\/wp-json\/wp\/v2\/product_brand?post=3591"},{"taxonomy":"product_cat","embeddable":true,"href":"https:\/\/www.sinchisinchi.com\/it\/wp-json\/wp\/v2\/product_cat?post=3591"},{"taxonomy":"product_tag","embeddable":true,"href":"https:\/\/www.sinchisinchi.com\/it\/wp-json\/wp\/v2\/product_tag?post=3591"}],"curies":[{"name":"wp","href":"https:\/\/api.w.org\/{rel}","templated":true}]}}