{"id":3806,"date":"2018-11-21T23:03:51","date_gmt":"2018-11-21T23:03:51","guid":{"rendered":"https:\/\/www.sinchisinchi.com\/producto\/kuripe-blu\/"},"modified":"2025-02-25T09:51:35","modified_gmt":"2025-02-25T09:51:35","slug":"kuripe-blu","status":"publish","type":"product","link":"https:\/\/www.sinchisinchi.com\/it\/producto\/kuripe-blu\/","title":{"rendered":"Kurip\u00e9 blu"},"content":{"rendered":"<h2 style=\"text-align: center;\"><strong><span style=\"color: #000000;\">Come consumare rap\u00e9 secondo le tradizioni<\/span><\/strong><\/h2>\n<p><span style=\"color: #000000;\">Per fare un uso equilibrato del rap\u00e9, soprattutto se siamo alle prime armi, \u00e8 molto positivo farlo in un luogo pulito e appartato: se abbiamo un tavolo, meglio se sgombro da oggetti inutili e polvere; Puoi avere un piccolo altare con oggetti naturali o potenti.<\/span><\/p>\n<p><span style=\"color: #000000;\">\u00c8 anche utile usare incenso o incenso; i terpeni che contengono sono molecole magiche che aiutano a connettere e purificare e proteggere energeticamente.<\/span><\/p>\n<p><span style=\"color: #000000;\">Allo stesso modo, \u00e8 molto utile avere musica appropriata come musica medica, mantra o altri che promuovono la connessione spirituale.<\/span><\/p>\n","protected":false},"excerpt":{"rendered":"<p><span style=\"color: #000000;\">Kurip\u00e9 smaltato e decorato con filo blu. Ha finiture pregiate e misure e angoli ideali per un allineamento armonioso, che consente riprese comode e fluide.<\/span><\/p>\n<p><span style=\"color: #000000;\">Il Kurip\u00e9 \u00e8 uno strumento sacro, un oggetto di potere che permette di connettersi con lo spirito del Rap\u00e9.<\/span>\u00a0<\/p>\n","protected":false},"featured_media":7994,"template":"","meta":{"_joinchat":[]},"product_brand":[],"product_cat":[133],"product_tag":[],"class_list":{"0":"post-3806","1":"product","2":"type-product","3":"status-publish","4":"has-post-thumbnail","6":"product_cat-senza-categoria","8":"first","9":"outofstock","10":"taxable","11":"shipping-taxable","12":"purchasable","13":"product-type-simple"},"yoast_head":"<!-- This site is optimized with the Yoast SEO plugin v27.4 - https:\/\/yoast.com\/product\/yoast-seo-wordpress\/ -->\n<title>Kurip\u00e9 Azul: Auto-applicatore per rap\u00e9 sciamanico dall&#039;Amazzonia<\/title>\n<meta name=\"description\" content=\"Kurip\u00e9 smaltato e decorato con filo azzurro. Il Kurip\u00e9 \u00e8 uno strumento sacro, un oggetto di potere che permette di connettersi con lo spirito del Rap\u00e9.\" \/>\n<meta name=\"robots\" content=\"index, follow, max-snippet:-1, max-image-preview:large, max-video-preview:-1\" \/>\n<link rel=\"canonical\" href=\"https:\/\/www.sinchisinchi.com\/it\/producto\/kuripe-blu\/\" \/>\n<meta property=\"og:locale\" content=\"it_IT\" \/>\n<meta property=\"og:type\" content=\"article\" \/>\n<meta property=\"og:title\" content=\"Kurip\u00e9 Azul: Auto-applicatore per rap\u00e9 sciamanico dall&#039;Amazzonia\" \/>\n<meta property=\"og:description\" content=\"Kurip\u00e9 smaltato e decorato con filo azzurro. Il Kurip\u00e9 \u00e8 uno strumento sacro, un oggetto di potere che permette di connettersi con lo spirito del Rap\u00e9.\" \/>\n<meta property=\"og:url\" content=\"https:\/\/www.sinchisinchi.com\/it\/producto\/kuripe-blu\/\" \/>\n<meta property=\"og:site_name\" content=\"SINCHI RAP\u00c9\" \/>\n<meta property=\"article:publisher\" content=\"https:\/\/www.facebook.com\/sinchirape\/\" \/>\n<meta property=\"article:modified_time\" content=\"2025-02-25T09:51:35+00:00\" \/>\n<meta property=\"og:image\" content=\"https:\/\/www.sinchisinchi.com\/wp-content\/uploads\/2018\/11\/LR-01-02.jpg\" \/>\n\t<meta property=\"og:image:width\" content=\"1800\" \/>\n\t<meta property=\"og:image:height\" content=\"1800\" \/>\n\t<meta property=\"og:image:type\" content=\"image\/jpeg\" \/>\n<meta name=\"twitter:card\" content=\"summary_large_image\" \/>\n<script type=\"application\/ld+json\" class=\"yoast-schema-graph\">{\"@context\":\"https:\\\/\\\/schema.org\",\"@graph\":[{\"@type\":\"WebPage\",\"@id\":\"https:\\\/\\\/www.sinchisinchi.com\\\/it\\\/producto\\\/kuripe-blu\\\/\",\"url\":\"https:\\\/\\\/www.sinchisinchi.com\\\/it\\\/producto\\\/kuripe-blu\\\/\",\"name\":\"Kurip\u00e9 Azul: Auto-applicatore per rap\u00e9 sciamanico dall'Amazzonia\",\"isPartOf\":{\"@id\":\"https:\\\/\\\/www.sinchisinchi.com\\\/it\\\/#website\"},\"primaryImageOfPage\":{\"@id\":\"https:\\\/\\\/www.sinchisinchi.com\\\/it\\\/producto\\\/kuripe-blu\\\/#primaryimage\"},\"image\":{\"@id\":\"https:\\\/\\\/www.sinchisinchi.com\\\/it\\\/producto\\\/kuripe-blu\\\/#primaryimage\"},\"thumbnailUrl\":\"https:\\\/\\\/www.sinchisinchi.com\\\/wp-content\\\/uploads\\\/2018\\\/11\\\/LR-01-02.jpg\",\"datePublished\":\"2018-11-21T23:03:51+00:00\",\"dateModified\":\"2025-02-25T09:51:35+00:00\",\"description\":\"Kurip\u00e9 smaltato e decorato con filo azzurro. Il Kurip\u00e9 \u00e8 uno strumento sacro, un oggetto di potere che permette di connettersi con lo spirito del Rap\u00e9.\",\"breadcrumb\":{\"@id\":\"https:\\\/\\\/www.sinchisinchi.com\\\/it\\\/producto\\\/kuripe-blu\\\/#breadcrumb\"},\"inLanguage\":\"it-IT\",\"potentialAction\":[{\"@type\":\"ReadAction\",\"target\":[\"https:\\\/\\\/www.sinchisinchi.com\\\/it\\\/producto\\\/kuripe-blu\\\/\"]}]},{\"@type\":\"ImageObject\",\"inLanguage\":\"it-IT\",\"@id\":\"https:\\\/\\\/www.sinchisinchi.com\\\/it\\\/producto\\\/kuripe-blu\\\/#primaryimage\",\"url\":\"https:\\\/\\\/www.sinchisinchi.com\\\/wp-content\\\/uploads\\\/2018\\\/11\\\/LR-01-02.jpg\",\"contentUrl\":\"https:\\\/\\\/www.sinchisinchi.com\\\/wp-content\\\/uploads\\\/2018\\\/11\\\/LR-01-02.jpg\",\"width\":1800,\"height\":1800},{\"@type\":\"BreadcrumbList\",\"@id\":\"https:\\\/\\\/www.sinchisinchi.com\\\/it\\\/producto\\\/kuripe-blu\\\/#breadcrumb\",\"itemListElement\":[{\"@type\":\"ListItem\",\"position\":1,\"name\":\"Prima pagina\",\"item\":\"https:\\\/\\\/www.sinchisinchi.com\\\/it\\\/\"},{\"@type\":\"ListItem\",\"position\":2,\"name\":\"Prodotti\",\"item\":\"https:\\\/\\\/www.sinchisinchi.com\\\/it\\\/shop\\\/\"},{\"@type\":\"ListItem\",\"position\":3,\"name\":\"Kurip\u00e9 blu\"}]},{\"@type\":\"WebSite\",\"@id\":\"https:\\\/\\\/www.sinchisinchi.com\\\/it\\\/#website\",\"url\":\"https:\\\/\\\/www.sinchisinchi.com\\\/it\\\/\",\"name\":\"SINCHI\",\"description\":\"Sinchi Medicine\",\"publisher\":{\"@id\":\"https:\\\/\\\/www.sinchisinchi.com\\\/it\\\/#organization\"},\"potentialAction\":[{\"@type\":\"SearchAction\",\"target\":{\"@type\":\"EntryPoint\",\"urlTemplate\":\"https:\\\/\\\/www.sinchisinchi.com\\\/it\\\/?s={search_term_string}\"},\"query-input\":{\"@type\":\"PropertyValueSpecification\",\"valueRequired\":true,\"valueName\":\"search_term_string\"}}],\"inLanguage\":\"it-IT\"},{\"@type\":\"Organization\",\"@id\":\"https:\\\/\\\/www.sinchisinchi.com\\\/it\\\/#organization\",\"name\":\"SINCHI S.L\",\"url\":\"https:\\\/\\\/www.sinchisinchi.com\\\/it\\\/\",\"logo\":{\"@type\":\"ImageObject\",\"inLanguage\":\"it-IT\",\"@id\":\"https:\\\/\\\/www.sinchisinchi.com\\\/it\\\/#\\\/schema\\\/logo\\\/image\\\/\",\"url\":\"https:\\\/\\\/www.sinchisinchi.com\\\/wp-content\\\/uploads\\\/2026\\\/01\\\/3b-Verde-SIMPLIFICADO-HORIZONTAL-F-TRANSPARENTE-scaled.png\",\"contentUrl\":\"https:\\\/\\\/www.sinchisinchi.com\\\/wp-content\\\/uploads\\\/2026\\\/01\\\/3b-Verde-SIMPLIFICADO-HORIZONTAL-F-TRANSPARENTE-scaled.png\",\"width\":2560,\"height\":457,\"caption\":\"SINCHI S.L\"},\"image\":{\"@id\":\"https:\\\/\\\/www.sinchisinchi.com\\\/it\\\/#\\\/schema\\\/logo\\\/image\\\/\"},\"sameAs\":[\"https:\\\/\\\/www.facebook.com\\\/sinchirape\\\/\",\"https:\\\/\\\/www.instagram.com\\\/sinchi_rape\\\/\"]}]}<\/script>\n<!-- \/ Yoast SEO plugin. -->","yoast_head_json":{"title":"Kurip\u00e9 Azul: Auto-applicatore per rap\u00e9 sciamanico dall'Amazzonia","description":"Kurip\u00e9 smaltato e decorato con filo azzurro. Il Kurip\u00e9 \u00e8 uno strumento sacro, un oggetto di potere che permette di connettersi con lo spirito del Rap\u00e9.","robots":{"index":"index","follow":"follow","max-snippet":"max-snippet:-1","max-image-preview":"max-image-preview:large","max-video-preview":"max-video-preview:-1"},"canonical":"https:\/\/www.sinchisinchi.com\/it\/producto\/kuripe-blu\/","og_locale":"it_IT","og_type":"article","og_title":"Kurip\u00e9 Azul: Auto-applicatore per rap\u00e9 sciamanico dall'Amazzonia","og_description":"Kurip\u00e9 smaltato e decorato con filo azzurro. Il Kurip\u00e9 \u00e8 uno strumento sacro, un oggetto di potere che permette di connettersi con lo spirito del Rap\u00e9.","og_url":"https:\/\/www.sinchisinchi.com\/it\/producto\/kuripe-blu\/","og_site_name":"SINCHI RAP\u00c9","article_publisher":"https:\/\/www.facebook.com\/sinchirape\/","article_modified_time":"2025-02-25T09:51:35+00:00","og_image":[{"width":1800,"height":1800,"url":"https:\/\/www.sinchisinchi.com\/wp-content\/uploads\/2018\/11\/LR-01-02.jpg","type":"image\/jpeg"}],"twitter_card":"summary_large_image","schema":{"@context":"https:\/\/schema.org","@graph":[{"@type":"WebPage","@id":"https:\/\/www.sinchisinchi.com\/it\/producto\/kuripe-blu\/","url":"https:\/\/www.sinchisinchi.com\/it\/producto\/kuripe-blu\/","name":"Kurip\u00e9 Azul: Auto-applicatore per rap\u00e9 sciamanico dall'Amazzonia","isPartOf":{"@id":"https:\/\/www.sinchisinchi.com\/it\/#website"},"primaryImageOfPage":{"@id":"https:\/\/www.sinchisinchi.com\/it\/producto\/kuripe-blu\/#primaryimage"},"image":{"@id":"https:\/\/www.sinchisinchi.com\/it\/producto\/kuripe-blu\/#primaryimage"},"thumbnailUrl":"https:\/\/www.sinchisinchi.com\/wp-content\/uploads\/2018\/11\/LR-01-02.jpg","datePublished":"2018-11-21T23:03:51+00:00","dateModified":"2025-02-25T09:51:35+00:00","description":"Kurip\u00e9 smaltato e decorato con filo azzurro. Il Kurip\u00e9 \u00e8 uno strumento sacro, un oggetto di potere che permette di connettersi con lo spirito del Rap\u00e9.","breadcrumb":{"@id":"https:\/\/www.sinchisinchi.com\/it\/producto\/kuripe-blu\/#breadcrumb"},"inLanguage":"it-IT","potentialAction":[{"@type":"ReadAction","target":["https:\/\/www.sinchisinchi.com\/it\/producto\/kuripe-blu\/"]}]},{"@type":"ImageObject","inLanguage":"it-IT","@id":"https:\/\/www.sinchisinchi.com\/it\/producto\/kuripe-blu\/#primaryimage","url":"https:\/\/www.sinchisinchi.com\/wp-content\/uploads\/2018\/11\/LR-01-02.jpg","contentUrl":"https:\/\/www.sinchisinchi.com\/wp-content\/uploads\/2018\/11\/LR-01-02.jpg","width":1800,"height":1800},{"@type":"BreadcrumbList","@id":"https:\/\/www.sinchisinchi.com\/it\/producto\/kuripe-blu\/#breadcrumb","itemListElement":[{"@type":"ListItem","position":1,"name":"Prima pagina","item":"https:\/\/www.sinchisinchi.com\/it\/"},{"@type":"ListItem","position":2,"name":"Prodotti","item":"https:\/\/www.sinchisinchi.com\/it\/shop\/"},{"@type":"ListItem","position":3,"name":"Kurip\u00e9 blu"}]},{"@type":"WebSite","@id":"https:\/\/www.sinchisinchi.com\/it\/#website","url":"https:\/\/www.sinchisinchi.com\/it\/","name":"SINCHI","description":"Sinchi Medicine","publisher":{"@id":"https:\/\/www.sinchisinchi.com\/it\/#organization"},"potentialAction":[{"@type":"SearchAction","target":{"@type":"EntryPoint","urlTemplate":"https:\/\/www.sinchisinchi.com\/it\/?s={search_term_string}"},"query-input":{"@type":"PropertyValueSpecification","valueRequired":true,"valueName":"search_term_string"}}],"inLanguage":"it-IT"},{"@type":"Organization","@id":"https:\/\/www.sinchisinchi.com\/it\/#organization","name":"SINCHI S.L","url":"https:\/\/www.sinchisinchi.com\/it\/","logo":{"@type":"ImageObject","inLanguage":"it-IT","@id":"https:\/\/www.sinchisinchi.com\/it\/#\/schema\/logo\/image\/","url":"https:\/\/www.sinchisinchi.com\/wp-content\/uploads\/2026\/01\/3b-Verde-SIMPLIFICADO-HORIZONTAL-F-TRANSPARENTE-scaled.png","contentUrl":"https:\/\/www.sinchisinchi.com\/wp-content\/uploads\/2026\/01\/3b-Verde-SIMPLIFICADO-HORIZONTAL-F-TRANSPARENTE-scaled.png","width":2560,"height":457,"caption":"SINCHI S.L"},"image":{"@id":"https:\/\/www.sinchisinchi.com\/it\/#\/schema\/logo\/image\/"},"sameAs":["https:\/\/www.facebook.com\/sinchirape\/","https:\/\/www.instagram.com\/sinchi_rape\/"]}]}},"_links":{"self":[{"href":"https:\/\/www.sinchisinchi.com\/it\/wp-json\/wp\/v2\/product\/3806","targetHints":{"allow":["GET"]}}],"collection":[{"href":"https:\/\/www.sinchisinchi.com\/it\/wp-json\/wp\/v2\/product"}],"about":[{"href":"https:\/\/www.sinchisinchi.com\/it\/wp-json\/wp\/v2\/types\/product"}],"wp:featuredmedia":[{"embeddable":true,"href":"https:\/\/www.sinchisinchi.com\/it\/wp-json\/wp\/v2\/media\/7994"}],"wp:attachment":[{"href":"https:\/\/www.sinchisinchi.com\/it\/wp-json\/wp\/v2\/media?parent=3806"}],"wp:term":[{"taxonomy":"product_brand","embeddable":true,"href":"https:\/\/www.sinchisinchi.com\/it\/wp-json\/wp\/v2\/product_brand?post=3806"},{"taxonomy":"product_cat","embeddable":true,"href":"https:\/\/www.sinchisinchi.com\/it\/wp-json\/wp\/v2\/product_cat?post=3806"},{"taxonomy":"product_tag","embeddable":true,"href":"https:\/\/www.sinchisinchi.com\/it\/wp-json\/wp\/v2\/product_tag?post=3806"}],"curies":[{"name":"wp","href":"https:\/\/api.w.org\/{rel}","templated":true}]}}