{"id":3819,"date":"2018-12-09T01:14:50","date_gmt":"2018-12-09T01:14:50","guid":{"rendered":"https:\/\/www.sinchisinchi.com\/producto\/sananga-collirio\/"},"modified":"2026-03-26T10:33:51","modified_gmt":"2026-03-26T10:33:51","slug":"sananga-compra","status":"publish","type":"product","link":"https:\/\/www.sinchisinchi.com\/it\/producto\/sananga-compra\/","title":{"rendered":"Sananga"},"content":{"rendered":"<div class=\"row\"  id=\"row-1556963130\">\n\n\t<div id=\"col-1185152700\" class=\"col medium-3 small-12 large-3\"  >\n\t\t\t\t<div class=\"col-inner\"  >\n\t\t\t\n\t\t\t\n\t\t<\/div>\n\t\t\t\t\t<\/div>\n\n\t\n\n\t<div id=\"col-327219384\" class=\"col medium-6 small-12 large-6\"  >\n\t\t\t\t<div class=\"col-inner\"  >\n\t\t\t\n\t\t\t\n\t<div class=\"img has-hover x md-x lg-x y md-y lg-y\" id=\"image_1177294231\">\n\t\t\t\t\t\t\t\t<div class=\"img-inner dark\" >\n\t\t\t<img loading=\"lazy\" decoding=\"async\" width=\"500\" height=\"333\" src=\"https:\/\/www.sinchisinchi.com\/wp-content\/uploads\/2018\/12\/img_7129.jpg\" class=\"attachment-large size-large\" alt=\"Sananga comprar online\" srcset=\"https:\/\/www.sinchisinchi.com\/wp-content\/uploads\/2018\/12\/img_7129.jpg 500w, https:\/\/www.sinchisinchi.com\/wp-content\/uploads\/2018\/12\/img_7129-247x165.jpg 247w, https:\/\/www.sinchisinchi.com\/wp-content\/uploads\/2018\/12\/img_7129-300x200.jpg 300w\" sizes=\"auto, (max-width: 500px) 100vw, 500px\" \/>\t\t\t\t\t\t\n\t\t\t\t\t<\/div>\n\t\t\t\t\t\t\t\t\n<style>\n#image_1177294231 {\n  width: 100%;\n}\n<\/style>\n\t<\/div>\n\t\n\t\t<\/div>\n\t\t\t\t\t<\/div>\n\n\t\n\n\t<div id=\"col-881035318\" class=\"col medium-3 small-12 large-3\"  >\n\t\t\t\t<div class=\"col-inner\"  >\n\t\t\t\n\t\t\t\n\t\t<\/div>\n\t\t\t\t\t<\/div>\n\n\t\n<\/div>\n\t<div id=\"gap-1299797528\" class=\"gap-element clearfix\" style=\"display:block; height:auto;\">\n\t\t\n<style>\n#gap-1299797528 {\n  padding-top: 30px;\n}\n<\/style>\n\t<\/div>\n\t\n<h2 style=\"text-align: center;\"><strong>La pianta Sananga: che cos&#8217;\u00e8?<\/strong><\/h2>\n<p><strong>La sananga o Cyperus articulatus<\/strong> \u00e8 una pianta tropicale che cresce lungo i fiumi amazzonici e appartiene alla famiglia delle Cyperaceae.<\/p>\n<p>La sananga \u00e8 una pianta originaria dell&#8217;Amazzonia, ma cresce in molte altre zone tropicali, tra cui Africa e Asia. Esistono circa 30 tipi diversi di Sananga, appartenenti a tre specie: Eleutherine bulbosa, Cyperus articulatus e Cyperus prolixus Kunth.<\/p>\n<p>Il sananga \u00e8 utilizzato dalle trib\u00f9 indigene amazzoniche per <strong>migliorare la vista<\/strong> e quindi le loro abilit\u00e0 di caccia (utilizzato come collirio), oltre a essere impiegato per vari scopi medicinali, come il trattamento dei morsi di serpente e della febbre.<\/p>\n\t<div id=\"gap-928714505\" class=\"gap-element clearfix\" style=\"display:block; height:auto;\">\n\t\t\n<style>\n#gap-928714505 {\n  padding-top: 30px;\n}\n<\/style>\n\t<\/div>\n\t\n<div class=\"row\"  id=\"row-534350145\">\n\n\t<div id=\"col-1371522347\" class=\"col medium-1 small-12 large-1\"  >\n\t\t\t\t<div class=\"col-inner\"  >\n\t\t\t\n\t\t\t\n\t\t<\/div>\n\t\t\t\t\t<\/div>\n\n\t\n\n\t<div id=\"col-2063719219\" class=\"col medium-10 small-12 large-10\"  >\n\t\t\t\t<div class=\"col-inner\"  >\n\t\t\t\n\t\t\t\n<div class=\"video video-fit mb\" style=\"padding-top:56.25%;\"><p><iframe loading=\"lazy\" title=\"Sananga Ceremony | My Experience\" width=\"1020\" height=\"574\" src=\"https:\/\/www.youtube.com\/embed\/ZdjIOGSMgv8?feature=oembed&#038;enablejsapi=1&#038;origin=https:\/\/www.sinchisinchi.com\" frameborder=\"0\" allow=\"accelerometer; autoplay; clipboard-write; encrypted-media; gyroscope; picture-in-picture; web-share\" referrerpolicy=\"strict-origin-when-cross-origin\" allowfullscreen><\/iframe><\/p>\n<\/div>\n\t\t<\/div>\n\t\t\t\t\t<\/div>\n\n\t\n\n\t<div id=\"col-241874184\" class=\"col medium-1 small-12 large-1\"  >\n\t\t\t\t<div class=\"col-inner\"  >\n\t\t\t\n\t\t\t\n\t\t<\/div>\n\t\t\t\t\t<\/div>\n\n\t\n<\/div>\n\t<div id=\"gap-2038709433\" class=\"gap-element clearfix\" style=\"display:block; height:auto;\">\n\t\t\n<style>\n#gap-2038709433 {\n  padding-top: 30px;\n}\n<\/style>\n\t<\/div>\n\t\n<h2 style=\"text-align: center;\"><strong>Gocce oculari Sananga<\/strong><\/h2>\n<h3 style=\"text-align: center;\"><strong>Benefici e propriet\u00e0 medicinali:<\/strong><\/h3>\n<h4 style=\"text-align: center;\"><strong>Effetti di Sananga a livello energetico<\/strong><\/h4>\n<p>&#8211; Sananga aiuta ad aprire la visione interiore, il terzo occhio.<\/p>\n<p>&#8211; Attiva la ghiandola pineale.<\/p>\n<p>&#8211; Chiarisce la confusione mentale.<\/p>\n<p>&#8211; Aiuta ad allineare e ad aprire i chakra, in particolare il terzo occhio e il chakra della corona.<\/p>\n<p>&#8211; Sananga aiuta a purificare in profondit\u00e0 a livello energetico, fisico, emotivo e spirituale.<\/p>\n<p>&#8211; Aiuta a liberare i traumi del passato, liberando le energie negative stagnanti e chiudendo i buchi nei nostri campi energetici causati da stili di vita negativi.<\/p>\n<p>&#8211; Elimina le cariche e gli accumuli di energia negativa.<\/p>\n<p>&#8211; Migliora i sogni lucidi.<\/p>\n<p>La trib\u00f9 Shipibo usa le gocce di Sananga anche per migliorare la propria capacit\u00e0 di concentrarsi su attivit\u00e0 artigianali come il cucito, la pittura e il ricamo su tessuti, per cui sono famosi. Fin dalla tenera et\u00e0, le donne Shipibo vengono iniziate a questa pratica dalle loro madri e nonne. A Shipiba racconta: &#8220;Quando ero bambina, mia madre mi metteva delle gocce di Sananga negli occhi affinch\u00e9 potessi vedere i disegni dei miei dipinti&#8221;.<\/p>\n<p>Sananga viene spesso utilizzato prima e durante le cerimonie di Ayahuasca, poich\u00e9 dopo il suo utilizzo come collirio, le visioni diventano pi\u00f9 chiare e dettagliate. Alcune trib\u00f9 usano addirittura il Sananga come additivo alla loro bevanda Ayahuasca.<\/p>\n<h4 style=\"text-align: center;\"><strong>Effetti di Sananga a livello fisico<\/strong><\/h4>\n<p>Sananga \u00e8 utile anche per alcune malattie psicosomatiche, poich\u00e9 gli occhi sono le finestre attraverso le quali percepiamo il mondo. Questa medicina naturale aiuta quindi a riequilibrare e guarire gli squilibri nella percezione di ci\u00f2 che accade intorno a noi, donando armonia e conseguente guarigione spirituale, emotiva e fisica.<\/p>\n<p>Tradizionalmente viene utilizzato per contrastare la malaria tramite infusione nasale. Quando viene utilizzato per le ferite, viene tagliato e applicato esternamente. Per problemi digestivi o nausea viene applicato sotto forma di tintura. Per la tosse e la febbre e come antidoto, viene somministrato per via orale tramite decotto.<\/p>\n<p>I fiori e le foglie vengono utilizzati per preparare un t\u00e8 che ha forti effetti afrodisiaci e favorisce anche i sogni lucidi. Infine, quando i rizomi essiccati vengono mescolati al tabacco e fumati, vengono descritti effetti allucinogeni.<\/p>\n<p>Sananga aiuta anche ad alleviare i problemi dentali, a contrastare le ferite e a guarire varie lesioni oculari. Allevia la nausea e il vomito, aiuta con problemi intestinali\/digestivi e lenisce\/calma<\/p>\n<p>Il sananga era ampiamente utilizzato dalla trib\u00f9 Shipibo come contraccettivo, abortivo e per prevenire il dolore durante il parto, probabilmente grazie al suo contenuto di alcaloidi della segale cornuta.<\/p>\n\t<div id=\"gap-673238230\" class=\"gap-element clearfix\" style=\"display:block; height:auto;\">\n\t\t\n<style>\n#gap-673238230 {\n  padding-top: 30px;\n}\n<\/style>\n\t<\/div>\n\t\n<div class=\"row\"  id=\"row-265639144\">\n\n\t<div id=\"col-886979417\" class=\"col medium-2 small-12 large-2\"  >\n\t\t\t\t<div class=\"col-inner\"  >\n\t\t\t\n\t\t\t\n\t\t<\/div>\n\t\t\t\t\t<\/div>\n\n\t\n\n\t<div id=\"col-1291158097\" class=\"col medium-7 small-12 large-7\"  >\n\t\t\t\t<div class=\"col-inner\"  >\n\t\t\t\n\t\t\t\n\t<div class=\"img has-hover x md-x lg-x y md-y lg-y\" id=\"image_1414755989\">\n\t\t\t\t\t\t\t\t<div class=\"img-inner dark\" >\n\t\t\t<img loading=\"lazy\" decoding=\"async\" width=\"500\" height=\"250\" src=\"https:\/\/www.sinchisinchi.com\/wp-content\/uploads\/2018\/12\/sananga-comprar-2.jpg\" class=\"attachment-large size-large\" alt=\"sananga comprar online en Espa\u00f1a\" srcset=\"https:\/\/www.sinchisinchi.com\/wp-content\/uploads\/2018\/12\/sananga-comprar-2.jpg 500w, https:\/\/www.sinchisinchi.com\/wp-content\/uploads\/2018\/12\/sananga-comprar-2-247x124.jpg 247w, https:\/\/www.sinchisinchi.com\/wp-content\/uploads\/2018\/12\/sananga-comprar-2-300x150.jpg 300w\" sizes=\"auto, (max-width: 500px) 100vw, 500px\" \/>\t\t\t\t\t\t\n\t\t\t\t\t<\/div>\n\t\t\t\t\t\t\t\t\n<style>\n#image_1414755989 {\n  width: 100%;\n}\n<\/style>\n\t<\/div>\n\t\n\t\t<\/div>\n\t\t\t\t\t<\/div>\n\n\t\n\n\t<div id=\"col-789558309\" class=\"col medium-3 small-12 large-3\"  >\n\t\t\t\t<div class=\"col-inner\"  >\n\t\t\t\n\t\t\t\n\t\t<\/div>\n\t\t\t\t\t<\/div>\n\n\t\n<\/div>\n\t<div id=\"gap-597357896\" class=\"gap-element clearfix\" style=\"display:block; height:auto;\">\n\t\t\n<style>\n#gap-597357896 {\n  padding-top: 30px;\n}\n<\/style>\n\t<\/div>\n\t\n<h4 style=\"text-align: center;\"><strong>Applicazione e dosaggio delle gocce di Sananga<\/strong><\/h4>\n<p>Si consiglia di trovare un posto tranquillo e di utilizzarlo preferibilmente nel pomeriggio, in modo che gli occhi possano riposare.<\/p>\n<p>Potrebbe essere una buona idea farsi aiutare da un partner per applicarlo.<\/p>\n<p>Per una corretta applicazione \u00e8 consigliabile sdraiarsi e tenere gli occhi chiusi durante la seduta. Per una seduta sono sufficienti da 1 a 2 gocce per occhio.<\/p>\n<p>Quindi frullare per distribuire il liquido. \u00c8 importante applicarlo su entrambi gli occhi per bilanciare il canale energetico.<\/p>\n<p>Una volta applicato, provoca una sensazione di bruciore che dura fino a tre minuti, a seconda delle condizioni dell&#8217;utilizzatore e della frequenza con cui usa Sananga. Questo ardore cede il passo a una sensazione di completezza e presenza, profondamente immersi in un momento senza tempo.<\/p>\n<p>La mattina dopo, se i tuoi occhi sono un po&#8217; sensibili e secchi, puoi lavarli con acqua fredda e passeranno presto; Fa parte del processo di purificazione attuato da Sananga.<\/p>\n<h4 style=\"text-align: center;\"><strong>Principi attivi di Sananga, collirio ancestrale<\/strong><\/h4>\n<p>La sananga contiene diversi alcaloidi, tra cui flavonoidi, polifenoli, saponine, tannini e terpeni, anche se la sua azione biologica \u00e8 attribuita principalmente ai ciperoni.<\/p>\n<p>Uno dei principi attivi presenti \u00e8 l&#8217;ibogaina. L&#8217;ibogaina provoca un&#8217;esperienza psicoattiva che pu\u00f2 portare alcune persone a transizioni rapide e\/o visioni.<\/p>\n<p>L&#8217;intero spettro degli effetti e dei principi bioattivi di questa pianta non \u00e8 ancora del tutto compreso. Inoltre, poich\u00e9 la pianta non si riproduce tramite semi ma tramite vegetazione, esistono molte sottospecie diverse di Sananga con diversa composizione di alcaloidi.<\/p>\n\t<div id=\"gap-496844892\" class=\"gap-element clearfix\" style=\"display:block; height:auto;\">\n\t\t\n<style>\n#gap-496844892 {\n  padding-top: 30px;\n}\n<\/style>\n\t<\/div>\n\t\n<div class=\"row\"  id=\"row-520493420\">\n\n\t<div id=\"col-1106597341\" class=\"col medium-2 small-12 large-2\"  >\n\t\t\t\t<div class=\"col-inner\"  >\n\t\t\t\n\t\t\t\n\t\t<\/div>\n\t\t\t\t\t<\/div>\n\n\t\n\n\t<div id=\"col-1222996738\" class=\"col medium-8 small-12 large-8\"  >\n\t\t\t\t<div class=\"col-inner\"  >\n\t\t\t\n\t\t\t\n\t<div class=\"img has-hover x md-x lg-x y md-y lg-y\" id=\"image_1637701476\">\n\t\t\t\t\t\t\t\t<div class=\"img-inner dark\" >\n\t\t\t<img loading=\"lazy\" decoding=\"async\" width=\"1020\" height=\"631\" src=\"https:\/\/www.sinchisinchi.com\/wp-content\/uploads\/2018\/12\/ob_015fe0_tabernaemontana-undulata-8-1024x633.jpg\" class=\"attachment-large size-large\" alt=\"\" srcset=\"https:\/\/www.sinchisinchi.com\/wp-content\/uploads\/2018\/12\/ob_015fe0_tabernaemontana-undulata-8-1024x633.jpg 1024w, https:\/\/www.sinchisinchi.com\/wp-content\/uploads\/2018\/12\/ob_015fe0_tabernaemontana-undulata-8-600x371.jpg 600w, https:\/\/www.sinchisinchi.com\/wp-content\/uploads\/2018\/12\/ob_015fe0_tabernaemontana-undulata-8-768x475.jpg 768w, https:\/\/www.sinchisinchi.com\/wp-content\/uploads\/2018\/12\/ob_015fe0_tabernaemontana-undulata-8-1536x949.jpg 1536w, https:\/\/www.sinchisinchi.com\/wp-content\/uploads\/2018\/12\/ob_015fe0_tabernaemontana-undulata-8-247x153.jpg 247w, https:\/\/www.sinchisinchi.com\/wp-content\/uploads\/2018\/12\/ob_015fe0_tabernaemontana-undulata-8-510x315.jpg 510w, https:\/\/www.sinchisinchi.com\/wp-content\/uploads\/2018\/12\/ob_015fe0_tabernaemontana-undulata-8.jpg 1600w\" sizes=\"auto, (max-width: 1020px) 100vw, 1020px\" \/>\t\t\t\t\t\t\n\t\t\t\t\t<\/div>\n\t\t\t\t\t\t\t\t\n<style>\n#image_1637701476 {\n  width: 100%;\n}\n<\/style>\n\t<\/div>\n\t\n\t\t<\/div>\n\t\t\t\t\t<\/div>\n\n\t\n\n\t<div id=\"col-1114225830\" class=\"col medium-2 small-12 large-2\"  >\n\t\t\t\t<div class=\"col-inner\"  >\n\t\t\t\n\t\t\t\n\t\t<\/div>\n\t\t\t\t\t<\/div>\n\n\t\n<\/div>\n\t<div id=\"gap-952724909\" class=\"gap-element clearfix\" style=\"display:block; height:auto;\">\n\t\t\n<style>\n#gap-952724909 {\n  padding-top: 30px;\n}\n<\/style>\n\t<\/div>\n\t\n<h4 style=\"text-align: center;\"><strong>Preparazione del Sananga, Medicina Ancestrale<\/strong><\/h4>\n<p>La ricetta pi\u00f9 comune \u00e8 quella di essiccare i rizomi o gli steli e polverizzarli, per poi prepararli come tisana o collirio. Tuttavia, ogni trib\u00f9 ha il suo modo di utilizzare questa pianta magica. La trib\u00f9 Shipibo, ad esempio, schiaccia i rizomi freschi e ne estrae il succo per preparare colliri.<\/p>\n<h4 style=\"text-align: center;\"><strong>Sananga e gli Huni Kuin &#8211; Kaxinaw\u00e1<\/strong><\/h4>\n<p>La trib\u00f9 Kaxinaw\u00e1 ha la tradizione ancestrale di usare una o due gocce di sananga in ciascun occhio prima di andare a caccia; affina la vista, rendendo pi\u00f9 facile distinguere la selvaggina anche al buio. Oltre a mettere in risalto le texture visive, la profondit\u00e0, i colori; Secondo gli indiani, aiuta l&#8217;istinto di caccia nella ricerca delle prede nella giungla.<\/p>\n","protected":false},"excerpt":{"rendered":"<p><strong>Sananga<\/strong> \u00e8 un&#8217;antica medicina amzonica che viene utilizzata sotto forma di gocce applicate agli occhi come collirio.<\/p>\n<p>In Amazzonia, i colliri Sananga sono ampiamente utilizzati da varie trib\u00f9, poich\u00e9 gli effetti del Sananga li aiutano a migliorare le loro abilit\u00e0 di caccia, migliorando la loro visione nell&#8217;oscurit\u00e0 e la profondit\u00e0 di campo, con una visione pi\u00f9 nitida e raffinata.<\/p>\n<p><strong>Presentazione:<\/strong> 5ml<\/p>\n<p><strong>Precauzioni:<\/strong>\u00a0Le lenti a contatto devono essere rimosse prima di applicare Sananga.<\/p>\n<p><strong>Conservazione:<\/strong> Conservare la bottiglia in frigorifero.<\/p>\n","protected":false},"featured_media":12334,"template":"","meta":{"_joinchat":[]},"product_brand":[],"product_cat":[300],"product_tag":[],"class_list":{"0":"post-3819","1":"product","2":"type-product","3":"status-publish","4":"has-post-thumbnail","6":"product_cat-liquido-it","8":"first","9":"outofstock","10":"taxable","11":"shipping-taxable","12":"purchasable","13":"product-type-simple"},"yoast_head":"<!-- This site is optimized with the Yoast SEO plugin v27.1.1 - https:\/\/yoast.com\/product\/yoast-seo-wordpress\/ -->\n<title>Acquista Sananga: collirio ancestrale delle trib\u00f9 amazzoniche<\/title>\n<meta name=\"description\" content=\"Acquista sananga: in Amazzonia, Sananga \u00e8 stato utilizzato dalle trib\u00f9 per migliaia di anni per rafforzare la vista a tutti i livelli.\" \/>\n<meta name=\"robots\" content=\"index, follow, max-snippet:-1, max-image-preview:large, max-video-preview:-1\" \/>\n<link rel=\"canonical\" href=\"https:\/\/www.sinchisinchi.com\/it\/producto\/sananga-compra\/\" \/>\n<meta property=\"og:locale\" content=\"it_IT\" \/>\n<meta property=\"og:type\" content=\"article\" \/>\n<meta property=\"og:title\" content=\"Acquista Sananga: collirio ancestrale delle trib\u00f9 amazzoniche\" \/>\n<meta property=\"og:description\" content=\"Acquista sananga: in Amazzonia, Sananga \u00e8 stato utilizzato dalle trib\u00f9 per migliaia di anni per rafforzare la vista a tutti i livelli.\" \/>\n<meta property=\"og:url\" content=\"https:\/\/www.sinchisinchi.com\/it\/producto\/sananga-compra\/\" \/>\n<meta property=\"og:site_name\" content=\"SINCHI RAP\u00c9\" \/>\n<meta property=\"article:publisher\" content=\"https:\/\/www.facebook.com\/sinchirape\/\" \/>\n<meta property=\"article:modified_time\" content=\"2026-03-26T10:33:51+00:00\" \/>\n<meta property=\"og:image\" content=\"https:\/\/www.sinchisinchi.com\/wp-content\/uploads\/2018\/12\/3IR0008.jpg\" \/>\n\t<meta property=\"og:image:width\" content=\"700\" \/>\n\t<meta property=\"og:image:height\" content=\"700\" \/>\n\t<meta property=\"og:image:type\" content=\"image\/jpeg\" \/>\n<meta name=\"twitter:card\" content=\"summary_large_image\" \/>\n<meta name=\"twitter:label1\" content=\"Tempo di lettura stimato\" \/>\n\t<meta name=\"twitter:data1\" content=\"5 minuti\" \/>\n<script type=\"application\/ld+json\" class=\"yoast-schema-graph\">{\"@context\":\"https:\/\/schema.org\",\"@graph\":[{\"@type\":\"WebPage\",\"@id\":\"https:\/\/www.sinchisinchi.com\/it\/producto\/sananga-compra\/\",\"url\":\"https:\/\/www.sinchisinchi.com\/it\/producto\/sananga-compra\/\",\"name\":\"Acquista Sananga: collirio ancestrale delle trib\u00f9 amazzoniche\",\"isPartOf\":{\"@id\":\"https:\/\/www.sinchisinchi.com\/it\/#website\"},\"primaryImageOfPage\":{\"@id\":\"https:\/\/www.sinchisinchi.com\/it\/producto\/sananga-compra\/#primaryimage\"},\"image\":{\"@id\":\"https:\/\/www.sinchisinchi.com\/it\/producto\/sananga-compra\/#primaryimage\"},\"thumbnailUrl\":\"https:\/\/www.sinchisinchi.com\/wp-content\/uploads\/2018\/12\/3IR0008.jpg\",\"datePublished\":\"2018-12-09T01:14:50+00:00\",\"dateModified\":\"2026-03-26T10:33:51+00:00\",\"description\":\"Acquista sananga: in Amazzonia, Sananga \u00e8 stato utilizzato dalle trib\u00f9 per migliaia di anni per rafforzare la vista a tutti i livelli.\",\"breadcrumb\":{\"@id\":\"https:\/\/www.sinchisinchi.com\/it\/producto\/sananga-compra\/#breadcrumb\"},\"inLanguage\":\"it-IT\",\"potentialAction\":[{\"@type\":\"ReadAction\",\"target\":[\"https:\/\/www.sinchisinchi.com\/it\/producto\/sananga-compra\/\"]}]},{\"@type\":\"ImageObject\",\"inLanguage\":\"it-IT\",\"@id\":\"https:\/\/www.sinchisinchi.com\/it\/producto\/sananga-compra\/#primaryimage\",\"url\":\"https:\/\/www.sinchisinchi.com\/wp-content\/uploads\/2018\/12\/3IR0008.jpg\",\"contentUrl\":\"https:\/\/www.sinchisinchi.com\/wp-content\/uploads\/2018\/12\/3IR0008.jpg\",\"width\":700,\"height\":700},{\"@type\":\"BreadcrumbList\",\"@id\":\"https:\/\/www.sinchisinchi.com\/it\/producto\/sananga-compra\/#breadcrumb\",\"itemListElement\":[{\"@type\":\"ListItem\",\"position\":1,\"name\":\"Prima pagina\",\"item\":\"https:\/\/www.sinchisinchi.com\/it\/\"},{\"@type\":\"ListItem\",\"position\":2,\"name\":\"Prodotti\",\"item\":\"https:\/\/www.sinchisinchi.com\/it\/shop\/\"},{\"@type\":\"ListItem\",\"position\":3,\"name\":\"Sananga\"}]},{\"@type\":\"WebSite\",\"@id\":\"https:\/\/www.sinchisinchi.com\/it\/#website\",\"url\":\"https:\/\/www.sinchisinchi.com\/it\/\",\"name\":\"SINCHI\",\"description\":\"Sinchi Medicine\",\"publisher\":{\"@id\":\"https:\/\/www.sinchisinchi.com\/it\/#organization\"},\"potentialAction\":[{\"@type\":\"SearchAction\",\"target\":{\"@type\":\"EntryPoint\",\"urlTemplate\":\"https:\/\/www.sinchisinchi.com\/it\/?s={search_term_string}\"},\"query-input\":{\"@type\":\"PropertyValueSpecification\",\"valueRequired\":true,\"valueName\":\"search_term_string\"}}],\"inLanguage\":\"it-IT\"},{\"@type\":\"Organization\",\"@id\":\"https:\/\/www.sinchisinchi.com\/it\/#organization\",\"name\":\"SINCHI S.L\",\"url\":\"https:\/\/www.sinchisinchi.com\/it\/\",\"logo\":{\"@type\":\"ImageObject\",\"inLanguage\":\"it-IT\",\"@id\":\"https:\/\/www.sinchisinchi.com\/it\/#\/schema\/logo\/image\/\",\"url\":\"https:\/\/www.sinchisinchi.com\/wp-content\/uploads\/2026\/01\/3b-Verde-SIMPLIFICADO-HORIZONTAL-F-TRANSPARENTE-scaled.png\",\"contentUrl\":\"https:\/\/www.sinchisinchi.com\/wp-content\/uploads\/2026\/01\/3b-Verde-SIMPLIFICADO-HORIZONTAL-F-TRANSPARENTE-scaled.png\",\"width\":2560,\"height\":457,\"caption\":\"SINCHI S.L\"},\"image\":{\"@id\":\"https:\/\/www.sinchisinchi.com\/it\/#\/schema\/logo\/image\/\"},\"sameAs\":[\"https:\/\/www.facebook.com\/sinchirape\/\",\"https:\/\/www.instagram.com\/sinchi_rape\/\"]}]}<\/script>\n<!-- \/ Yoast SEO plugin. -->","yoast_head_json":{"title":"Acquista Sananga: collirio ancestrale delle trib\u00f9 amazzoniche","description":"Acquista sananga: in Amazzonia, Sananga \u00e8 stato utilizzato dalle trib\u00f9 per migliaia di anni per rafforzare la vista a tutti i livelli.","robots":{"index":"index","follow":"follow","max-snippet":"max-snippet:-1","max-image-preview":"max-image-preview:large","max-video-preview":"max-video-preview:-1"},"canonical":"https:\/\/www.sinchisinchi.com\/it\/producto\/sananga-compra\/","og_locale":"it_IT","og_type":"article","og_title":"Acquista Sananga: collirio ancestrale delle trib\u00f9 amazzoniche","og_description":"Acquista sananga: in Amazzonia, Sananga \u00e8 stato utilizzato dalle trib\u00f9 per migliaia di anni per rafforzare la vista a tutti i livelli.","og_url":"https:\/\/www.sinchisinchi.com\/it\/producto\/sananga-compra\/","og_site_name":"SINCHI RAP\u00c9","article_publisher":"https:\/\/www.facebook.com\/sinchirape\/","article_modified_time":"2026-03-26T10:33:51+00:00","og_image":[{"width":700,"height":700,"url":"https:\/\/www.sinchisinchi.com\/wp-content\/uploads\/2018\/12\/3IR0008.jpg","type":"image\/jpeg"}],"twitter_card":"summary_large_image","twitter_misc":{"Tempo di lettura stimato":"5 minuti"},"schema":{"@context":"https:\/\/schema.org","@graph":[{"@type":"WebPage","@id":"https:\/\/www.sinchisinchi.com\/it\/producto\/sananga-compra\/","url":"https:\/\/www.sinchisinchi.com\/it\/producto\/sananga-compra\/","name":"Acquista Sananga: collirio ancestrale delle trib\u00f9 amazzoniche","isPartOf":{"@id":"https:\/\/www.sinchisinchi.com\/it\/#website"},"primaryImageOfPage":{"@id":"https:\/\/www.sinchisinchi.com\/it\/producto\/sananga-compra\/#primaryimage"},"image":{"@id":"https:\/\/www.sinchisinchi.com\/it\/producto\/sananga-compra\/#primaryimage"},"thumbnailUrl":"https:\/\/www.sinchisinchi.com\/wp-content\/uploads\/2018\/12\/3IR0008.jpg","datePublished":"2018-12-09T01:14:50+00:00","dateModified":"2026-03-26T10:33:51+00:00","description":"Acquista sananga: in Amazzonia, Sananga \u00e8 stato utilizzato dalle trib\u00f9 per migliaia di anni per rafforzare la vista a tutti i livelli.","breadcrumb":{"@id":"https:\/\/www.sinchisinchi.com\/it\/producto\/sananga-compra\/#breadcrumb"},"inLanguage":"it-IT","potentialAction":[{"@type":"ReadAction","target":["https:\/\/www.sinchisinchi.com\/it\/producto\/sananga-compra\/"]}]},{"@type":"ImageObject","inLanguage":"it-IT","@id":"https:\/\/www.sinchisinchi.com\/it\/producto\/sananga-compra\/#primaryimage","url":"https:\/\/www.sinchisinchi.com\/wp-content\/uploads\/2018\/12\/3IR0008.jpg","contentUrl":"https:\/\/www.sinchisinchi.com\/wp-content\/uploads\/2018\/12\/3IR0008.jpg","width":700,"height":700},{"@type":"BreadcrumbList","@id":"https:\/\/www.sinchisinchi.com\/it\/producto\/sananga-compra\/#breadcrumb","itemListElement":[{"@type":"ListItem","position":1,"name":"Prima pagina","item":"https:\/\/www.sinchisinchi.com\/it\/"},{"@type":"ListItem","position":2,"name":"Prodotti","item":"https:\/\/www.sinchisinchi.com\/it\/shop\/"},{"@type":"ListItem","position":3,"name":"Sananga"}]},{"@type":"WebSite","@id":"https:\/\/www.sinchisinchi.com\/it\/#website","url":"https:\/\/www.sinchisinchi.com\/it\/","name":"SINCHI","description":"Sinchi Medicine","publisher":{"@id":"https:\/\/www.sinchisinchi.com\/it\/#organization"},"potentialAction":[{"@type":"SearchAction","target":{"@type":"EntryPoint","urlTemplate":"https:\/\/www.sinchisinchi.com\/it\/?s={search_term_string}"},"query-input":{"@type":"PropertyValueSpecification","valueRequired":true,"valueName":"search_term_string"}}],"inLanguage":"it-IT"},{"@type":"Organization","@id":"https:\/\/www.sinchisinchi.com\/it\/#organization","name":"SINCHI S.L","url":"https:\/\/www.sinchisinchi.com\/it\/","logo":{"@type":"ImageObject","inLanguage":"it-IT","@id":"https:\/\/www.sinchisinchi.com\/it\/#\/schema\/logo\/image\/","url":"https:\/\/www.sinchisinchi.com\/wp-content\/uploads\/2026\/01\/3b-Verde-SIMPLIFICADO-HORIZONTAL-F-TRANSPARENTE-scaled.png","contentUrl":"https:\/\/www.sinchisinchi.com\/wp-content\/uploads\/2026\/01\/3b-Verde-SIMPLIFICADO-HORIZONTAL-F-TRANSPARENTE-scaled.png","width":2560,"height":457,"caption":"SINCHI S.L"},"image":{"@id":"https:\/\/www.sinchisinchi.com\/it\/#\/schema\/logo\/image\/"},"sameAs":["https:\/\/www.facebook.com\/sinchirape\/","https:\/\/www.instagram.com\/sinchi_rape\/"]}]}},"_links":{"self":[{"href":"https:\/\/www.sinchisinchi.com\/it\/wp-json\/wp\/v2\/product\/3819","targetHints":{"allow":["GET"]}}],"collection":[{"href":"https:\/\/www.sinchisinchi.com\/it\/wp-json\/wp\/v2\/product"}],"about":[{"href":"https:\/\/www.sinchisinchi.com\/it\/wp-json\/wp\/v2\/types\/product"}],"wp:featuredmedia":[{"embeddable":true,"href":"https:\/\/www.sinchisinchi.com\/it\/wp-json\/wp\/v2\/media\/12334"}],"wp:attachment":[{"href":"https:\/\/www.sinchisinchi.com\/it\/wp-json\/wp\/v2\/media?parent=3819"}],"wp:term":[{"taxonomy":"product_brand","embeddable":true,"href":"https:\/\/www.sinchisinchi.com\/it\/wp-json\/wp\/v2\/product_brand?post=3819"},{"taxonomy":"product_cat","embeddable":true,"href":"https:\/\/www.sinchisinchi.com\/it\/wp-json\/wp\/v2\/product_cat?post=3819"},{"taxonomy":"product_tag","embeddable":true,"href":"https:\/\/www.sinchisinchi.com\/it\/wp-json\/wp\/v2\/product_tag?post=3819"}],"curies":[{"name":"wp","href":"https:\/\/api.w.org\/{rel}","templated":true}]}}