{"id":8166,"date":"2020-02-02T17:56:48","date_gmt":"2020-02-02T17:56:48","guid":{"rendered":"https:\/\/www.sinchisinchi.com\/producto\/rape-kuntanawa-2\/"},"modified":"2026-02-12T12:23:29","modified_gmt":"2026-02-12T12:23:29","slug":"rape-kuntanawa-2","status":"publish","type":"product","link":"https:\/\/www.sinchisinchi.com\/it\/producto\/rape-kuntanawa-2\/","title":{"rendered":"Veia de Paj\u00e9"},"content":{"rendered":"<p><span style=\"color: #000000;\"><strong>-Intensit\u00e0:<\/strong> Forte, adatta per utenti avanzati.<\/span><\/p>\n<p><span style=\"color: #000000;\"><strong>-Trib\u00f9:<\/strong> Prodotto dalla trib\u00f9 Kuntanawa.<\/span><\/p>\n<p><span style=\"color: #000000;\"><strong>-Composizione:<\/strong> Contiene ceneri di corteccia di Sapota, tabacco mapacho e vite Veia de Paj\u00e9. Le foglie di Veia de Paj\u00e9 assomigliano a un cuore, motivo per cui \u00e8 anche conosciuta come il cuore del boa constrictor.<\/span><\/p>\n<p><span style=\"color: #000000;\"><strong>-Dimensioni:<\/strong> Flaconi da 10 ml (da 8 a 9 grammi)<\/span><\/p>\n<p><span style=\"color: #000000;\"><strong>-Utilizzo:<\/strong> Curiosit\u00e0 etnobotanica. Uso esclusivo per studi scientifici, storici e rituali.<\/span><\/p>\n<a href=\"https:\/\/www.sinchisinchi.com\/it\/producto\/50g-veia-de-paje\/\" class=\"button secondary is-larger lowercase expand\" style=\"border-radius:10px;\">\n\t\t<span>Misura Media: 50gr<\/span>\n\t<\/a>\n\n<a href=\"https:\/\/www.sinchisinchi.com\/it\/producto\/veia-de-paje-100g\/\" class=\"button secondary is-larger lowercase expand\" style=\"border-radius:10px;\">\n\t\t<span>Grande Formato: 100gr<\/span>\n\t<\/a>\n\n\t<div id=\"gap-1943440953\" class=\"gap-element clearfix\" style=\"display:block; height:auto;\">\n\t\t\n<style>\n#gap-1943440953 {\n  padding-top: 30px;\n}\n<\/style>\n\t<\/div>\n\t\n\n  <div class=\"banner has-hover is-full-height\" id=\"banner-1969442719\">\n          <div class=\"banner-inner fill\">\n        <div class=\"banner-bg fill\" >\n            <img loading=\"lazy\" decoding=\"async\" width=\"576\" height=\"1024\" src=\"https:\/\/www.sinchisinchi.com\/wp-content\/uploads\/2024\/12\/6-Jaguar9-576x1024.jpeg\" class=\"bg attachment-large size-large\" alt=\"\" \/>                        <div class=\"overlay\"><\/div>            \n                    <\/div>\n\t\t\n        <div class=\"banner-layers container\">\n            <div class=\"fill banner-link\"><\/div>            \n   <div id=\"text-box-1468958573\" class=\"text-box banner-layer x5 md-x5 lg-x5 y50 md-y50 lg-y50 res-text\">\n                                <div class=\"text-box-content text box-shadow-3\">\n              \n              <div class=\"text-inner text-left\">\n                  \n<h2 class=\"uppercase\"><strong>TRIB\u00d9<\/strong><\/h2>\n<h3>Kuntanawa<\/h3>\n<a href=\"https:\/\/www.sinchisinchi.com\/it\/tribu\/rape-kuntanawa\/\" class=\"button primary is-underline is-larger expand\" >\n\t\t<span>TRIB\u00d9<\/span>\n\t<\/a>\n\n              <\/div>\n           <\/div>\n                            \n<style>\n#text-box-1468958573 .text-box-content {\n  background-color: rgb(255, 255, 255);\n  font-size: 100%;\n}\n#text-box-1468958573 .text-inner {\n  padding: 30px 30px 30px 30px;\n}\n#text-box-1468958573 {\n  width: 60%;\n}\n@media (min-width:550px) {\n  #text-box-1468958573 {\n    width: 40%;\n  }\n}\n<\/style>\n    <\/div>\n \n        <\/div>\n      <\/div>\n\n            \n<style>\n#banner-1969442719 {\n  padding-top: 100%;\n  background-color: rgb(255, 255, 255);\n}\n#banner-1969442719 .overlay {\n  background-color: rgba(190, 190, 190, 0.2);\n}\n<\/style>\n  <\/div>\n\n\n","protected":false},"excerpt":{"rendered":"<p><span style=\"color: #000000;\">Rap\u00e9 Kuntanawa Ve\u00eda de Paj\u00e9 \u00e8 un Rap\u00e9 denso e profondo che ci collega alle radici, alla terra, alla densit\u00e0, agli antenati. Secondo il Kuntanawa, \u00e8 una miscela molto potente riservata agli utilizzatori avanzati, con grande potere di attrazione (sia per il positivo che per il negativo).<\/span><\/p>\n<p><span style=\"color: #000000;\">La preghiera e l&#8217;intenzione devono svolgere un aspetto importante nell&#8217;uso di qualsiasi Rap\u00e9, e in questo particolare \u00e8 fondamentale. Allontana il negativo\/indesiderato e attrae il positivo\/desiderato; chiunque lo utilizzi deve fare un uso appropriato della preghiera e focalizzare un&#8217;intenzione pura, per ottenere un effetto desiderabile.<\/span><\/p>\n<p><span style=\"color: #000000;\">Si consiglia di trovare uno spazio confortevole e adatto, libero da distrazioni, e un po&#8217; di tempo per integrare i suoi effetti. Esegue una profonda pulizia fisica ed energetica, quindi la purga \u00e8 del tutto possibile.<\/span><\/p>\n<p><span style=\"color: #000000;\">Nella maggior parte dei casi, \u00e8 saggio iniziare in piccolo e aumentarlo man mano che si acquisisce esperienza.<\/span><\/p>\n","protected":false},"featured_media":11832,"template":"","meta":{"_joinchat":[]},"product_brand":[],"product_cat":[127],"product_tag":[],"class_list":{"0":"post-8166","1":"product","2":"type-product","3":"status-publish","4":"has-post-thumbnail","6":"product_cat-kuntanawa-it","8":"first","9":"instock","10":"taxable","11":"shipping-taxable","12":"purchasable","13":"product-type-simple"},"yoast_head":"<!-- This site is optimized with the Yoast SEO plugin v27.1.1 - https:\/\/yoast.com\/product\/yoast-seo-wordpress\/ -->\n<title>SINCHI: Rap\u00e9 Veia de Paj\u00e9 dell&#039;Amazzonia Brasiliana<\/title>\n<meta name=\"description\" content=\"Veia de Paj\u00e9 Rap\u00e9 \u00e8 una variet\u00e0 profonda, con un&#039;alta percentuale di Mapacho; ideale per le cerimonie e per entrare in contatto con le radici.\" \/>\n<meta name=\"robots\" content=\"index, follow, max-snippet:-1, max-image-preview:large, max-video-preview:-1\" \/>\n<link rel=\"canonical\" href=\"https:\/\/www.sinchisinchi.com\/it\/producto\/rape-kuntanawa-2\/\" \/>\n<meta property=\"og:locale\" content=\"it_IT\" \/>\n<meta property=\"og:type\" content=\"article\" \/>\n<meta property=\"og:title\" content=\"SINCHI: Rap\u00e9 Veia de Paj\u00e9 dell&#039;Amazzonia Brasiliana\" \/>\n<meta property=\"og:description\" content=\"Veia de Paj\u00e9 Rap\u00e9 \u00e8 una variet\u00e0 profonda, con un&#039;alta percentuale di Mapacho; ideale per le cerimonie e per entrare in contatto con le radici.\" \/>\n<meta property=\"og:url\" content=\"https:\/\/www.sinchisinchi.com\/it\/producto\/rape-kuntanawa-2\/\" \/>\n<meta property=\"og:site_name\" content=\"SINCHI RAP\u00c9\" \/>\n<meta property=\"article:publisher\" content=\"https:\/\/www.facebook.com\/sinchirape\/\" \/>\n<meta property=\"article:modified_time\" content=\"2026-02-12T12:23:29+00:00\" \/>\n<meta property=\"og:image\" content=\"https:\/\/www.sinchisinchi.com\/wp-content\/uploads\/2020\/02\/19-Veia-de-paje.jpg\" \/>\n\t<meta property=\"og:image:width\" content=\"700\" \/>\n\t<meta property=\"og:image:height\" content=\"700\" \/>\n\t<meta property=\"og:image:type\" content=\"image\/jpeg\" \/>\n<meta name=\"twitter:card\" content=\"summary_large_image\" \/>\n<meta name=\"twitter:label1\" content=\"Tempo di lettura stimato\" \/>\n\t<meta name=\"twitter:data1\" content=\"1 minuto\" \/>\n<script type=\"application\/ld+json\" class=\"yoast-schema-graph\">{\"@context\":\"https:\/\/schema.org\",\"@graph\":[{\"@type\":\"WebPage\",\"@id\":\"https:\/\/www.sinchisinchi.com\/it\/producto\/rape-kuntanawa-2\/\",\"url\":\"https:\/\/www.sinchisinchi.com\/it\/producto\/rape-kuntanawa-2\/\",\"name\":\"SINCHI: Rap\u00e9 Veia de Paj\u00e9 dell'Amazzonia Brasiliana\",\"isPartOf\":{\"@id\":\"https:\/\/www.sinchisinchi.com\/it\/#website\"},\"primaryImageOfPage\":{\"@id\":\"https:\/\/www.sinchisinchi.com\/it\/producto\/rape-kuntanawa-2\/#primaryimage\"},\"image\":{\"@id\":\"https:\/\/www.sinchisinchi.com\/it\/producto\/rape-kuntanawa-2\/#primaryimage\"},\"thumbnailUrl\":\"https:\/\/www.sinchisinchi.com\/wp-content\/uploads\/2020\/02\/19-Veia-de-paje.jpg\",\"datePublished\":\"2020-02-02T17:56:48+00:00\",\"dateModified\":\"2026-02-12T12:23:29+00:00\",\"description\":\"Veia de Paj\u00e9 Rap\u00e9 \u00e8 una variet\u00e0 profonda, con un'alta percentuale di Mapacho; ideale per le cerimonie e per entrare in contatto con le radici.\",\"breadcrumb\":{\"@id\":\"https:\/\/www.sinchisinchi.com\/it\/producto\/rape-kuntanawa-2\/#breadcrumb\"},\"inLanguage\":\"it-IT\",\"potentialAction\":[{\"@type\":\"ReadAction\",\"target\":[\"https:\/\/www.sinchisinchi.com\/it\/producto\/rape-kuntanawa-2\/\"]}]},{\"@type\":\"ImageObject\",\"inLanguage\":\"it-IT\",\"@id\":\"https:\/\/www.sinchisinchi.com\/it\/producto\/rape-kuntanawa-2\/#primaryimage\",\"url\":\"https:\/\/www.sinchisinchi.com\/wp-content\/uploads\/2020\/02\/19-Veia-de-paje.jpg\",\"contentUrl\":\"https:\/\/www.sinchisinchi.com\/wp-content\/uploads\/2020\/02\/19-Veia-de-paje.jpg\",\"width\":700,\"height\":700},{\"@type\":\"BreadcrumbList\",\"@id\":\"https:\/\/www.sinchisinchi.com\/it\/producto\/rape-kuntanawa-2\/#breadcrumb\",\"itemListElement\":[{\"@type\":\"ListItem\",\"position\":1,\"name\":\"Prima pagina\",\"item\":\"https:\/\/www.sinchisinchi.com\/it\/\"},{\"@type\":\"ListItem\",\"position\":2,\"name\":\"Prodotti\",\"item\":\"https:\/\/www.sinchisinchi.com\/it\/shop\/\"},{\"@type\":\"ListItem\",\"position\":3,\"name\":\"Veia de Paj\u00e9\"}]},{\"@type\":\"WebSite\",\"@id\":\"https:\/\/www.sinchisinchi.com\/it\/#website\",\"url\":\"https:\/\/www.sinchisinchi.com\/it\/\",\"name\":\"SINCHI\",\"description\":\"Sinchi Medicine\",\"publisher\":{\"@id\":\"https:\/\/www.sinchisinchi.com\/it\/#organization\"},\"potentialAction\":[{\"@type\":\"SearchAction\",\"target\":{\"@type\":\"EntryPoint\",\"urlTemplate\":\"https:\/\/www.sinchisinchi.com\/it\/?s={search_term_string}\"},\"query-input\":{\"@type\":\"PropertyValueSpecification\",\"valueRequired\":true,\"valueName\":\"search_term_string\"}}],\"inLanguage\":\"it-IT\"},{\"@type\":\"Organization\",\"@id\":\"https:\/\/www.sinchisinchi.com\/it\/#organization\",\"name\":\"SINCHI S.L\",\"url\":\"https:\/\/www.sinchisinchi.com\/it\/\",\"logo\":{\"@type\":\"ImageObject\",\"inLanguage\":\"it-IT\",\"@id\":\"https:\/\/www.sinchisinchi.com\/it\/#\/schema\/logo\/image\/\",\"url\":\"https:\/\/www.sinchisinchi.com\/wp-content\/uploads\/2026\/01\/3b-Verde-SIMPLIFICADO-HORIZONTAL-F-TRANSPARENTE-scaled.png\",\"contentUrl\":\"https:\/\/www.sinchisinchi.com\/wp-content\/uploads\/2026\/01\/3b-Verde-SIMPLIFICADO-HORIZONTAL-F-TRANSPARENTE-scaled.png\",\"width\":2560,\"height\":457,\"caption\":\"SINCHI S.L\"},\"image\":{\"@id\":\"https:\/\/www.sinchisinchi.com\/it\/#\/schema\/logo\/image\/\"},\"sameAs\":[\"https:\/\/www.facebook.com\/sinchirape\/\",\"https:\/\/www.instagram.com\/sinchi_rape\/\"]}]}<\/script>\n<!-- \/ Yoast SEO plugin. -->","yoast_head_json":{"title":"SINCHI: Rap\u00e9 Veia de Paj\u00e9 dell'Amazzonia Brasiliana","description":"Veia de Paj\u00e9 Rap\u00e9 \u00e8 una variet\u00e0 profonda, con un'alta percentuale di Mapacho; ideale per le cerimonie e per entrare in contatto con le radici.","robots":{"index":"index","follow":"follow","max-snippet":"max-snippet:-1","max-image-preview":"max-image-preview:large","max-video-preview":"max-video-preview:-1"},"canonical":"https:\/\/www.sinchisinchi.com\/it\/producto\/rape-kuntanawa-2\/","og_locale":"it_IT","og_type":"article","og_title":"SINCHI: Rap\u00e9 Veia de Paj\u00e9 dell'Amazzonia Brasiliana","og_description":"Veia de Paj\u00e9 Rap\u00e9 \u00e8 una variet\u00e0 profonda, con un'alta percentuale di Mapacho; ideale per le cerimonie e per entrare in contatto con le radici.","og_url":"https:\/\/www.sinchisinchi.com\/it\/producto\/rape-kuntanawa-2\/","og_site_name":"SINCHI RAP\u00c9","article_publisher":"https:\/\/www.facebook.com\/sinchirape\/","article_modified_time":"2026-02-12T12:23:29+00:00","og_image":[{"width":700,"height":700,"url":"https:\/\/www.sinchisinchi.com\/wp-content\/uploads\/2020\/02\/19-Veia-de-paje.jpg","type":"image\/jpeg"}],"twitter_card":"summary_large_image","twitter_misc":{"Tempo di lettura stimato":"1 minuto"},"schema":{"@context":"https:\/\/schema.org","@graph":[{"@type":"WebPage","@id":"https:\/\/www.sinchisinchi.com\/it\/producto\/rape-kuntanawa-2\/","url":"https:\/\/www.sinchisinchi.com\/it\/producto\/rape-kuntanawa-2\/","name":"SINCHI: Rap\u00e9 Veia de Paj\u00e9 dell'Amazzonia Brasiliana","isPartOf":{"@id":"https:\/\/www.sinchisinchi.com\/it\/#website"},"primaryImageOfPage":{"@id":"https:\/\/www.sinchisinchi.com\/it\/producto\/rape-kuntanawa-2\/#primaryimage"},"image":{"@id":"https:\/\/www.sinchisinchi.com\/it\/producto\/rape-kuntanawa-2\/#primaryimage"},"thumbnailUrl":"https:\/\/www.sinchisinchi.com\/wp-content\/uploads\/2020\/02\/19-Veia-de-paje.jpg","datePublished":"2020-02-02T17:56:48+00:00","dateModified":"2026-02-12T12:23:29+00:00","description":"Veia de Paj\u00e9 Rap\u00e9 \u00e8 una variet\u00e0 profonda, con un'alta percentuale di Mapacho; ideale per le cerimonie e per entrare in contatto con le radici.","breadcrumb":{"@id":"https:\/\/www.sinchisinchi.com\/it\/producto\/rape-kuntanawa-2\/#breadcrumb"},"inLanguage":"it-IT","potentialAction":[{"@type":"ReadAction","target":["https:\/\/www.sinchisinchi.com\/it\/producto\/rape-kuntanawa-2\/"]}]},{"@type":"ImageObject","inLanguage":"it-IT","@id":"https:\/\/www.sinchisinchi.com\/it\/producto\/rape-kuntanawa-2\/#primaryimage","url":"https:\/\/www.sinchisinchi.com\/wp-content\/uploads\/2020\/02\/19-Veia-de-paje.jpg","contentUrl":"https:\/\/www.sinchisinchi.com\/wp-content\/uploads\/2020\/02\/19-Veia-de-paje.jpg","width":700,"height":700},{"@type":"BreadcrumbList","@id":"https:\/\/www.sinchisinchi.com\/it\/producto\/rape-kuntanawa-2\/#breadcrumb","itemListElement":[{"@type":"ListItem","position":1,"name":"Prima pagina","item":"https:\/\/www.sinchisinchi.com\/it\/"},{"@type":"ListItem","position":2,"name":"Prodotti","item":"https:\/\/www.sinchisinchi.com\/it\/shop\/"},{"@type":"ListItem","position":3,"name":"Veia de Paj\u00e9"}]},{"@type":"WebSite","@id":"https:\/\/www.sinchisinchi.com\/it\/#website","url":"https:\/\/www.sinchisinchi.com\/it\/","name":"SINCHI","description":"Sinchi Medicine","publisher":{"@id":"https:\/\/www.sinchisinchi.com\/it\/#organization"},"potentialAction":[{"@type":"SearchAction","target":{"@type":"EntryPoint","urlTemplate":"https:\/\/www.sinchisinchi.com\/it\/?s={search_term_string}"},"query-input":{"@type":"PropertyValueSpecification","valueRequired":true,"valueName":"search_term_string"}}],"inLanguage":"it-IT"},{"@type":"Organization","@id":"https:\/\/www.sinchisinchi.com\/it\/#organization","name":"SINCHI S.L","url":"https:\/\/www.sinchisinchi.com\/it\/","logo":{"@type":"ImageObject","inLanguage":"it-IT","@id":"https:\/\/www.sinchisinchi.com\/it\/#\/schema\/logo\/image\/","url":"https:\/\/www.sinchisinchi.com\/wp-content\/uploads\/2026\/01\/3b-Verde-SIMPLIFICADO-HORIZONTAL-F-TRANSPARENTE-scaled.png","contentUrl":"https:\/\/www.sinchisinchi.com\/wp-content\/uploads\/2026\/01\/3b-Verde-SIMPLIFICADO-HORIZONTAL-F-TRANSPARENTE-scaled.png","width":2560,"height":457,"caption":"SINCHI S.L"},"image":{"@id":"https:\/\/www.sinchisinchi.com\/it\/#\/schema\/logo\/image\/"},"sameAs":["https:\/\/www.facebook.com\/sinchirape\/","https:\/\/www.instagram.com\/sinchi_rape\/"]}]}},"_links":{"self":[{"href":"https:\/\/www.sinchisinchi.com\/it\/wp-json\/wp\/v2\/product\/8166","targetHints":{"allow":["GET"]}}],"collection":[{"href":"https:\/\/www.sinchisinchi.com\/it\/wp-json\/wp\/v2\/product"}],"about":[{"href":"https:\/\/www.sinchisinchi.com\/it\/wp-json\/wp\/v2\/types\/product"}],"wp:featuredmedia":[{"embeddable":true,"href":"https:\/\/www.sinchisinchi.com\/it\/wp-json\/wp\/v2\/media\/11832"}],"wp:attachment":[{"href":"https:\/\/www.sinchisinchi.com\/it\/wp-json\/wp\/v2\/media?parent=8166"}],"wp:term":[{"taxonomy":"product_brand","embeddable":true,"href":"https:\/\/www.sinchisinchi.com\/it\/wp-json\/wp\/v2\/product_brand?post=8166"},{"taxonomy":"product_cat","embeddable":true,"href":"https:\/\/www.sinchisinchi.com\/it\/wp-json\/wp\/v2\/product_cat?post=8166"},{"taxonomy":"product_tag","embeddable":true,"href":"https:\/\/www.sinchisinchi.com\/it\/wp-json\/wp\/v2\/product_tag?post=8166"}],"curies":[{"name":"wp","href":"https:\/\/api.w.org\/{rel}","templated":true}]}}