{"id":8314,"date":"2019-04-04T02:08:20","date_gmt":"2019-04-04T02:08:20","guid":{"rendered":"https:\/\/www.sinchisinchi.com\/producto\/parika-rape\/"},"modified":"2024-10-06T22:07:05","modified_gmt":"2024-10-06T22:07:05","slug":"parika-rape","status":"publish","type":"product","link":"https:\/\/www.sinchisinchi.com\/it\/producto\/parika-rape\/","title":{"rendered":"Rap\u00e9 Parik\u00e1"},"content":{"rendered":"<h2 style=\"text-align: center;\">Il Paric\u00e1 o Parika Tree<\/h2>\r\nIl Paric\u00e1 Rap\u00e9 \u00e8 prodotto con la cenere della corteccia e dei semi del paric\u00e1 (Shizolobium amazonicum), ampiamente utilizzato in Amazzonia come pianta medicinale.\r\n\r\n<img loading=\"lazy\" decoding=\"async\" class=\"aligncenter\" title=\"parica1\" src=\"https:\/\/www.sinchisinchi.com\/wp-content\/uploads\/2019\/04\/parica1.jpeg\" alt=\"parica1\" width=\"601\" height=\"462\" \/>\r\n\r\n<img loading=\"lazy\" decoding=\"async\" class=\"aligncenter\" title=\"parica2\" src=\"https:\/\/www.sinchisinchi.com\/wp-content\/uploads\/2019\/04\/parica2.png\" alt=\"parica2\" width=\"786\" height=\"470\" \/>\n","protected":false},"excerpt":{"rendered":"<p>Il Rap\u00e9 Paric\u00e1 fornisce grande connessione, chiarezza e un senso di presenza.<\/p>\n<p>Risveglia il nostro maestro interiore e la connessione con gli antenati, motivo per cui \u00e8 particolarmente indicato per i terapeuti.<\/p>\n<p>Riorganizza anche i canali energetici del corpo.<\/p>\n<p><strong>-Trib\u00f9:<\/strong> Realizzato dalla trib\u00f9 Huni Kuin &#8211; Kaxinaw\u00e1<\/p>\n<p><strong>-Intensit\u00e0:<\/strong> Forte.<\/p>\n<p><strong>-Proporzione\/Equilibrio:<\/strong> Equilibrato, leggermente ricco di Mapacho.<\/p>\n<p><strong>-Composizione:<\/strong> \u00c8 fatto con cenere dalla corteccia e semi di paric\u00e1 (Shizolobium amazonicum), tabacco amazzonico e altre piante medicinali sacre dell&#8217;Amazzonia.<\/p>\n<p><strong>-Formato:<\/strong> flaconi da 10 ml (da 8 a 9 grammi)<\/p>\n<p><strong>-Uso:<\/strong> Curiosit\u00e0 etnobotanica. Uso esclusivo per studio scientifico, storico e ritualistico.<\/p>\n","protected":false},"featured_media":0,"template":"","meta":{"_joinchat":[]},"product_brand":[],"product_cat":[133],"product_tag":[],"class_list":{"0":"post-8314","1":"product","2":"type-product","3":"status-publish","5":"product_cat-senza-categoria","7":"first","8":"instock","9":"taxable","10":"shipping-taxable","11":"purchasable","12":"product-type-simple"},"yoast_head":"<!-- This site is optimized with the Yoast SEO plugin v27.1.1 - https:\/\/yoast.com\/product\/yoast-seo-wordpress\/ -->\n<title>SINCHI: Rap\u00e9 Parik\u00e1 dell&#039;Amazzonia brasiliana<\/title>\n<meta name=\"description\" content=\"Il rap\u00e9 Parika fornisce grande connessione, chiarezza e un senso di presenza. Risveglia il nostro maestro interiore e la connessione...\" \/>\n<meta name=\"robots\" content=\"index, follow, max-snippet:-1, max-image-preview:large, max-video-preview:-1\" \/>\n<link rel=\"canonical\" href=\"https:\/\/www.sinchisinchi.com\/it\/producto\/parika-rape\/\" \/>\n<meta property=\"og:locale\" content=\"it_IT\" \/>\n<meta property=\"og:type\" content=\"article\" \/>\n<meta property=\"og:title\" content=\"SINCHI: Rap\u00e9 Parik\u00e1 dell&#039;Amazzonia brasiliana\" \/>\n<meta property=\"og:description\" content=\"Il rap\u00e9 Parika fornisce grande connessione, chiarezza e un senso di presenza. Risveglia il nostro maestro interiore e la connessione...\" \/>\n<meta property=\"og:url\" content=\"https:\/\/www.sinchisinchi.com\/it\/producto\/parika-rape\/\" \/>\n<meta property=\"og:site_name\" content=\"SINCHI RAP\u00c9\" \/>\n<meta property=\"article:publisher\" content=\"https:\/\/www.facebook.com\/sinchirape\/\" \/>\n<meta property=\"article:modified_time\" content=\"2024-10-06T22:07:05+00:00\" \/>\n<meta property=\"og:image\" content=\"https:\/\/www.sinchisinchi.com\/wp-content\/uploads\/2019\/04\/parica1.jpeg\" \/>\n<meta name=\"twitter:card\" content=\"summary_large_image\" \/>\n<script type=\"application\/ld+json\" class=\"yoast-schema-graph\">{\"@context\":\"https:\/\/schema.org\",\"@graph\":[{\"@type\":\"WebPage\",\"@id\":\"https:\/\/www.sinchisinchi.com\/it\/producto\/parika-rape\/\",\"url\":\"https:\/\/www.sinchisinchi.com\/it\/producto\/parika-rape\/\",\"name\":\"SINCHI: Rap\u00e9 Parik\u00e1 dell'Amazzonia brasiliana\",\"isPartOf\":{\"@id\":\"https:\/\/www.sinchisinchi.com\/it\/#website\"},\"primaryImageOfPage\":{\"@id\":\"https:\/\/www.sinchisinchi.com\/it\/producto\/parika-rape\/#primaryimage\"},\"image\":{\"@id\":\"https:\/\/www.sinchisinchi.com\/it\/producto\/parika-rape\/#primaryimage\"},\"thumbnailUrl\":\"https:\/\/www.sinchisinchi.com\/wp-content\/uploads\/2019\/04\/parica1.jpeg\",\"datePublished\":\"2019-04-04T02:08:20+00:00\",\"dateModified\":\"2024-10-06T22:07:05+00:00\",\"description\":\"Il rap\u00e9 Parika fornisce grande connessione, chiarezza e un senso di presenza. Risveglia il nostro maestro interiore e la connessione...\",\"breadcrumb\":{\"@id\":\"https:\/\/www.sinchisinchi.com\/it\/producto\/parika-rape\/#breadcrumb\"},\"inLanguage\":\"it-IT\",\"potentialAction\":[{\"@type\":\"ReadAction\",\"target\":[\"https:\/\/www.sinchisinchi.com\/it\/producto\/parika-rape\/\"]}]},{\"@type\":\"ImageObject\",\"inLanguage\":\"it-IT\",\"@id\":\"https:\/\/www.sinchisinchi.com\/it\/producto\/parika-rape\/#primaryimage\",\"url\":\"https:\/\/www.sinchisinchi.com\/wp-content\/uploads\/2019\/04\/parica1.jpeg\",\"contentUrl\":\"https:\/\/www.sinchisinchi.com\/wp-content\/uploads\/2019\/04\/parica1.jpeg\"},{\"@type\":\"BreadcrumbList\",\"@id\":\"https:\/\/www.sinchisinchi.com\/it\/producto\/parika-rape\/#breadcrumb\",\"itemListElement\":[{\"@type\":\"ListItem\",\"position\":1,\"name\":\"Prima pagina\",\"item\":\"https:\/\/www.sinchisinchi.com\/it\/\"},{\"@type\":\"ListItem\",\"position\":2,\"name\":\"Prodotti\",\"item\":\"https:\/\/www.sinchisinchi.com\/it\/shop\/\"},{\"@type\":\"ListItem\",\"position\":3,\"name\":\"Rap\u00e9 Parik\u00e1\"}]},{\"@type\":\"WebSite\",\"@id\":\"https:\/\/www.sinchisinchi.com\/it\/#website\",\"url\":\"https:\/\/www.sinchisinchi.com\/it\/\",\"name\":\"SINCHI\",\"description\":\"Sinchi Medicine\",\"publisher\":{\"@id\":\"https:\/\/www.sinchisinchi.com\/it\/#organization\"},\"potentialAction\":[{\"@type\":\"SearchAction\",\"target\":{\"@type\":\"EntryPoint\",\"urlTemplate\":\"https:\/\/www.sinchisinchi.com\/it\/?s={search_term_string}\"},\"query-input\":{\"@type\":\"PropertyValueSpecification\",\"valueRequired\":true,\"valueName\":\"search_term_string\"}}],\"inLanguage\":\"it-IT\"},{\"@type\":\"Organization\",\"@id\":\"https:\/\/www.sinchisinchi.com\/it\/#organization\",\"name\":\"SINCHI S.L\",\"url\":\"https:\/\/www.sinchisinchi.com\/it\/\",\"logo\":{\"@type\":\"ImageObject\",\"inLanguage\":\"it-IT\",\"@id\":\"https:\/\/www.sinchisinchi.com\/it\/#\/schema\/logo\/image\/\",\"url\":\"https:\/\/www.sinchisinchi.com\/wp-content\/uploads\/2026\/01\/3b-Verde-SIMPLIFICADO-HORIZONTAL-F-TRANSPARENTE-scaled.png\",\"contentUrl\":\"https:\/\/www.sinchisinchi.com\/wp-content\/uploads\/2026\/01\/3b-Verde-SIMPLIFICADO-HORIZONTAL-F-TRANSPARENTE-scaled.png\",\"width\":2560,\"height\":457,\"caption\":\"SINCHI S.L\"},\"image\":{\"@id\":\"https:\/\/www.sinchisinchi.com\/it\/#\/schema\/logo\/image\/\"},\"sameAs\":[\"https:\/\/www.facebook.com\/sinchirape\/\",\"https:\/\/www.instagram.com\/sinchi_rape\/\"]}]}<\/script>\n<!-- \/ Yoast SEO plugin. -->","yoast_head_json":{"title":"SINCHI: Rap\u00e9 Parik\u00e1 dell'Amazzonia brasiliana","description":"Il rap\u00e9 Parika fornisce grande connessione, chiarezza e un senso di presenza. Risveglia il nostro maestro interiore e la connessione...","robots":{"index":"index","follow":"follow","max-snippet":"max-snippet:-1","max-image-preview":"max-image-preview:large","max-video-preview":"max-video-preview:-1"},"canonical":"https:\/\/www.sinchisinchi.com\/it\/producto\/parika-rape\/","og_locale":"it_IT","og_type":"article","og_title":"SINCHI: Rap\u00e9 Parik\u00e1 dell'Amazzonia brasiliana","og_description":"Il rap\u00e9 Parika fornisce grande connessione, chiarezza e un senso di presenza. Risveglia il nostro maestro interiore e la connessione...","og_url":"https:\/\/www.sinchisinchi.com\/it\/producto\/parika-rape\/","og_site_name":"SINCHI RAP\u00c9","article_publisher":"https:\/\/www.facebook.com\/sinchirape\/","article_modified_time":"2024-10-06T22:07:05+00:00","og_image":[{"url":"https:\/\/www.sinchisinchi.com\/wp-content\/uploads\/2019\/04\/parica1.jpeg","type":"","width":"","height":""}],"twitter_card":"summary_large_image","schema":{"@context":"https:\/\/schema.org","@graph":[{"@type":"WebPage","@id":"https:\/\/www.sinchisinchi.com\/it\/producto\/parika-rape\/","url":"https:\/\/www.sinchisinchi.com\/it\/producto\/parika-rape\/","name":"SINCHI: Rap\u00e9 Parik\u00e1 dell'Amazzonia brasiliana","isPartOf":{"@id":"https:\/\/www.sinchisinchi.com\/it\/#website"},"primaryImageOfPage":{"@id":"https:\/\/www.sinchisinchi.com\/it\/producto\/parika-rape\/#primaryimage"},"image":{"@id":"https:\/\/www.sinchisinchi.com\/it\/producto\/parika-rape\/#primaryimage"},"thumbnailUrl":"https:\/\/www.sinchisinchi.com\/wp-content\/uploads\/2019\/04\/parica1.jpeg","datePublished":"2019-04-04T02:08:20+00:00","dateModified":"2024-10-06T22:07:05+00:00","description":"Il rap\u00e9 Parika fornisce grande connessione, chiarezza e un senso di presenza. Risveglia il nostro maestro interiore e la connessione...","breadcrumb":{"@id":"https:\/\/www.sinchisinchi.com\/it\/producto\/parika-rape\/#breadcrumb"},"inLanguage":"it-IT","potentialAction":[{"@type":"ReadAction","target":["https:\/\/www.sinchisinchi.com\/it\/producto\/parika-rape\/"]}]},{"@type":"ImageObject","inLanguage":"it-IT","@id":"https:\/\/www.sinchisinchi.com\/it\/producto\/parika-rape\/#primaryimage","url":"https:\/\/www.sinchisinchi.com\/wp-content\/uploads\/2019\/04\/parica1.jpeg","contentUrl":"https:\/\/www.sinchisinchi.com\/wp-content\/uploads\/2019\/04\/parica1.jpeg"},{"@type":"BreadcrumbList","@id":"https:\/\/www.sinchisinchi.com\/it\/producto\/parika-rape\/#breadcrumb","itemListElement":[{"@type":"ListItem","position":1,"name":"Prima pagina","item":"https:\/\/www.sinchisinchi.com\/it\/"},{"@type":"ListItem","position":2,"name":"Prodotti","item":"https:\/\/www.sinchisinchi.com\/it\/shop\/"},{"@type":"ListItem","position":3,"name":"Rap\u00e9 Parik\u00e1"}]},{"@type":"WebSite","@id":"https:\/\/www.sinchisinchi.com\/it\/#website","url":"https:\/\/www.sinchisinchi.com\/it\/","name":"SINCHI","description":"Sinchi Medicine","publisher":{"@id":"https:\/\/www.sinchisinchi.com\/it\/#organization"},"potentialAction":[{"@type":"SearchAction","target":{"@type":"EntryPoint","urlTemplate":"https:\/\/www.sinchisinchi.com\/it\/?s={search_term_string}"},"query-input":{"@type":"PropertyValueSpecification","valueRequired":true,"valueName":"search_term_string"}}],"inLanguage":"it-IT"},{"@type":"Organization","@id":"https:\/\/www.sinchisinchi.com\/it\/#organization","name":"SINCHI S.L","url":"https:\/\/www.sinchisinchi.com\/it\/","logo":{"@type":"ImageObject","inLanguage":"it-IT","@id":"https:\/\/www.sinchisinchi.com\/it\/#\/schema\/logo\/image\/","url":"https:\/\/www.sinchisinchi.com\/wp-content\/uploads\/2026\/01\/3b-Verde-SIMPLIFICADO-HORIZONTAL-F-TRANSPARENTE-scaled.png","contentUrl":"https:\/\/www.sinchisinchi.com\/wp-content\/uploads\/2026\/01\/3b-Verde-SIMPLIFICADO-HORIZONTAL-F-TRANSPARENTE-scaled.png","width":2560,"height":457,"caption":"SINCHI S.L"},"image":{"@id":"https:\/\/www.sinchisinchi.com\/it\/#\/schema\/logo\/image\/"},"sameAs":["https:\/\/www.facebook.com\/sinchirape\/","https:\/\/www.instagram.com\/sinchi_rape\/"]}]}},"_links":{"self":[{"href":"https:\/\/www.sinchisinchi.com\/it\/wp-json\/wp\/v2\/product\/8314","targetHints":{"allow":["GET"]}}],"collection":[{"href":"https:\/\/www.sinchisinchi.com\/it\/wp-json\/wp\/v2\/product"}],"about":[{"href":"https:\/\/www.sinchisinchi.com\/it\/wp-json\/wp\/v2\/types\/product"}],"wp:attachment":[{"href":"https:\/\/www.sinchisinchi.com\/it\/wp-json\/wp\/v2\/media?parent=8314"}],"wp:term":[{"taxonomy":"product_brand","embeddable":true,"href":"https:\/\/www.sinchisinchi.com\/it\/wp-json\/wp\/v2\/product_brand?post=8314"},{"taxonomy":"product_cat","embeddable":true,"href":"https:\/\/www.sinchisinchi.com\/it\/wp-json\/wp\/v2\/product_cat?post=8314"},{"taxonomy":"product_tag","embeddable":true,"href":"https:\/\/www.sinchisinchi.com\/it\/wp-json\/wp\/v2\/product_tag?post=8314"}],"curies":[{"name":"wp","href":"https:\/\/api.w.org\/{rel}","templated":true}]}}