{"id":10654,"date":"2023-11-07T10:40:42","date_gmt":"2023-11-07T10:40:42","guid":{"rendered":"https:\/\/www.sinchisinchi.com\/rape-informatie\/wat-is-rape\/"},"modified":"2026-03-04T18:54:35","modified_gmt":"2026-03-04T18:54:35","slug":"wat-is-rape","status":"publish","type":"page","link":"https:\/\/www.sinchisinchi.com\/nl\/kennis\/wat-is-rape\/","title":{"rendered":"Wat is Rap\u00e9"},"content":{"rendered":"\n<h1 style=\"text-align: center;\">Wat is Rap\u00e9?<\/h1>\n<p>Rap\u00e9 is een <strong>heilig medicijn<\/strong> dat al duizenden jaren wordt gebruikt door verschillende stammen die de Amazone bevolken, en een geweldig hulpmiddel om de geest te kalmeren en verbinding te maken met de essentie van het universum.<\/p>\n<p>Rap\u00e9 bestaat voornamelijk uit fijngemalen en gezeefde <strong>Mapacho,<\/strong> as<strong> van ceremonieel vuur<\/strong> en andere <strong>heilige planten<\/strong> die de subtiele alchemie bepalen. Het resultaat is een zeer fijn kruidig \u200b\u200bpoeder, waarin de plantenkristallen waarneembaar zijn.<\/p>\n<p>Hoewel elk Rap\u00e9recept met verschillende planten wordt bereid, is opa Mapacho altijd aanwezig, op enkele uitzonderingen na, omdat het helpt de andere medicijnen te ordenen, integreren en in evenwicht te brengen en ze met een specifiek doel te sturen.<\/p>\n<p>Nicotiana <strong>(De bekende t*bak, Nicotiana tabacum) of Mapacho (Nicotiana R\u00fastica)<\/strong>, is een meesterplant die op alle continenten voorkomt en al sinds de oudheid met de mens verbonden is. Bovenal is de kleine wasbeer een toegangspoort tot verbinding bij uitstek met de geest en het universum.<\/p>\n<p>Om al deze redenen wordt Rap\u00e9 beschouwd als de belangrijkste meesterplant, degene die optreedt als directeur van het symfonieorkest.<\/p>\n<div class=\"row\"  id=\"row-1574141595\">\n\n\n\t<div id=\"col-1551198093\" class=\"col medium-6 small-12 large-6\"  >\n\t\t\t\t<div class=\"col-inner\"  >\n\t\t\t\n\t\t\t\n\n\t<div class=\"img has-hover x md-x lg-x y md-y lg-y\" id=\"image_329472053\">\n\t\t\t\t\t\t\t\t<div class=\"img-inner dark\" >\n\t\t\t<img loading=\"lazy\" decoding=\"async\" width=\"868\" height=\"563\" src=\"https:\/\/www.sinchisinchi.com\/wp-content\/uploads\/2024\/07\/R-Flor-del-mapacho2-3.jpg\" class=\"attachment-large size-large\" alt=\"\" srcset=\"https:\/\/www.sinchisinchi.com\/wp-content\/uploads\/2024\/07\/R-Flor-del-mapacho2-3.jpg 868w, https:\/\/www.sinchisinchi.com\/wp-content\/uploads\/2024\/07\/R-Flor-del-mapacho2-3-600x389.jpg 600w, https:\/\/www.sinchisinchi.com\/wp-content\/uploads\/2024\/07\/R-Flor-del-mapacho2-3-768x498.jpg 768w, https:\/\/www.sinchisinchi.com\/wp-content\/uploads\/2024\/07\/R-Flor-del-mapacho2-3-247x160.jpg 247w, https:\/\/www.sinchisinchi.com\/wp-content\/uploads\/2024\/07\/R-Flor-del-mapacho2-3-510x331.jpg 510w\" sizes=\"auto, (max-width: 868px) 100vw, 868px\" \/>\t\t\t\t\t\t\n\t\t\t\t\t<\/div>\n\t\t\t\t\t\t\t\t\n<style>\n#image_329472053 {\n  width: 100%;\n}\n<\/style>\n\t<\/div>\n\t\n\n\n\t\t<\/div>\n\t\t\t\t\t<\/div>\n\n\t\n\n\t<div id=\"col-1035944852\" class=\"col medium-6 small-12 large-6\"  >\n\t\t\t\t<div class=\"col-inner\"  >\n\t\t\t\n\t\t\t\n\n\t<div class=\"img has-hover x md-x lg-x y md-y lg-y\" id=\"image_1933725307\">\n\t\t\t\t\t\t\t\t<div class=\"img-inner dark\" >\n\t\t\t<img loading=\"lazy\" decoding=\"async\" width=\"868\" height=\"563\" src=\"https:\/\/www.sinchisinchi.com\/wp-content\/uploads\/2024\/07\/R-dibujos-de-rape4-1.jpg\" class=\"attachment-large size-large\" alt=\"\" srcset=\"https:\/\/www.sinchisinchi.com\/wp-content\/uploads\/2024\/07\/R-dibujos-de-rape4-1.jpg 868w, https:\/\/www.sinchisinchi.com\/wp-content\/uploads\/2024\/07\/R-dibujos-de-rape4-1-600x389.jpg 600w, https:\/\/www.sinchisinchi.com\/wp-content\/uploads\/2024\/07\/R-dibujos-de-rape4-1-768x498.jpg 768w, https:\/\/www.sinchisinchi.com\/wp-content\/uploads\/2024\/07\/R-dibujos-de-rape4-1-247x160.jpg 247w, https:\/\/www.sinchisinchi.com\/wp-content\/uploads\/2024\/07\/R-dibujos-de-rape4-1-510x331.jpg 510w\" sizes=\"auto, (max-width: 868px) 100vw, 868px\" \/>\t\t\t\t\t\t\n\t\t\t\t\t<\/div>\n\t\t\t\t\t\t\t\t\n<style>\n#image_1933725307 {\n  width: 100%;\n}\n<\/style>\n\t<\/div>\n\t\n\n\n\t\t<\/div>\n\t\t\t\t\t<\/div>\n\n\t\n\n<\/div>\n<h2 style=\"text-align: center;\"><strong>Soorten Rap\u00e9<\/strong><\/h2>\n<p>Rap\u00e9vari\u00ebteiten met een hoger asaandeel zijn lichter en grijsachtig; Ze worden beschouwd als<strong> \u2018Lucht\u2019<\/strong>-vari\u00ebteiten, hun effect is stimulerender en ze zijn ge\u00efndiceerd voor situaties waarin we willen opstijgen en zweven, verbinding willen maken met het subtiele en het goddelijke. Het zijn vari\u00ebteiten die over het algemeen meer worden aanbevolen voor beginners.<\/p>\n<p>Rap\u00e9vari\u00ebteiten met een hoger aandeel Mapacho zijn donkerder en bruinachtig; Het zijn <strong>\u2018aarde\u2019<\/strong>-vari\u00ebteiten, hun effect is meer kalmerend en er wordt aangegeven dat ze verbinding maken met diepte, wortels en voorouders. Het zijn vari\u00ebteiten die bedoeld zijn voor meer gevorderde gebruikers.<\/p>\n<p>Tussen deze twee uitersten bevindt zich een breed scala aan varianten, elk met zijn eigen geest en subtiliteiten, die zullen bepalen of Rap\u00e9 genezing, concentratie, krijger of andere connecties heeft.<\/p>\n<p>Sommige Rap\u00e9 soorten zijn vernoemd naar de stammen die ze gebruiken, zoals de Yawanawa-, Nukini-, Manchinery- en Katukina-stammen.<\/p>\n<div class=\"row\"  id=\"row-1674942034\">\n\n\n\t<div id=\"col-100235027\" class=\"col medium-6 small-12 large-6\"  >\n\t\t\t\t<div class=\"col-inner\"  >\n\t\t\t\n\t\t\t\n\n\t<div class=\"img has-hover x md-x lg-x y md-y lg-y\" id=\"image_257024277\">\n\t\t\t\t\t\t\t\t<div class=\"img-inner dark\" >\n\t\t\t<img loading=\"lazy\" decoding=\"async\" width=\"868\" height=\"563\" src=\"https:\/\/www.sinchisinchi.com\/wp-content\/uploads\/2024\/07\/R-dibujos-de-rape3-2.jpg\" class=\"attachment-large size-large\" alt=\"\" srcset=\"https:\/\/www.sinchisinchi.com\/wp-content\/uploads\/2024\/07\/R-dibujos-de-rape3-2.jpg 868w, https:\/\/www.sinchisinchi.com\/wp-content\/uploads\/2024\/07\/R-dibujos-de-rape3-2-600x389.jpg 600w, https:\/\/www.sinchisinchi.com\/wp-content\/uploads\/2024\/07\/R-dibujos-de-rape3-2-768x498.jpg 768w, https:\/\/www.sinchisinchi.com\/wp-content\/uploads\/2024\/07\/R-dibujos-de-rape3-2-247x160.jpg 247w, https:\/\/www.sinchisinchi.com\/wp-content\/uploads\/2024\/07\/R-dibujos-de-rape3-2-510x331.jpg 510w\" sizes=\"auto, (max-width: 868px) 100vw, 868px\" \/>\t\t\t\t\t\t\n\t\t\t\t\t<\/div>\n\t\t\t\t\t\t\t\t\n<style>\n#image_257024277 {\n  width: 100%;\n}\n<\/style>\n\t<\/div>\n\t\n\n\n\t\t<\/div>\n\t\t\t\t\t<\/div>\n\n\t\n\n\t<div id=\"col-837070823\" class=\"col medium-6 small-12 large-6\"  >\n\t\t\t\t<div class=\"col-inner\"  >\n\t\t\t\n\t\t\t\n\n\t<div class=\"img has-hover x md-x lg-x y md-y lg-y\" id=\"image_2050795395\">\n\t\t\t\t\t\t\t\t<div class=\"img-inner dark\" >\n\t\t\t<img loading=\"lazy\" decoding=\"async\" width=\"868\" height=\"563\" src=\"https:\/\/www.sinchisinchi.com\/wp-content\/uploads\/2024\/07\/R-toma-de-rape3-1.jpg\" class=\"attachment-large size-large\" alt=\"\" srcset=\"https:\/\/www.sinchisinchi.com\/wp-content\/uploads\/2024\/07\/R-toma-de-rape3-1.jpg 868w, https:\/\/www.sinchisinchi.com\/wp-content\/uploads\/2024\/07\/R-toma-de-rape3-1-600x389.jpg 600w, https:\/\/www.sinchisinchi.com\/wp-content\/uploads\/2024\/07\/R-toma-de-rape3-1-768x498.jpg 768w, https:\/\/www.sinchisinchi.com\/wp-content\/uploads\/2024\/07\/R-toma-de-rape3-1-247x160.jpg 247w, https:\/\/www.sinchisinchi.com\/wp-content\/uploads\/2024\/07\/R-toma-de-rape3-1-510x331.jpg 510w\" sizes=\"auto, (max-width: 868px) 100vw, 868px\" \/>\t\t\t\t\t\t\n\t\t\t\t\t<\/div>\n\t\t\t\t\t\t\t\t\n<style>\n#image_2050795395 {\n  width: 100%;\n}\n<\/style>\n\t<\/div>\n\t\n\n\n\t\t<\/div>\n\t\t\t\t\t<\/div>\n\n\t\n\n<\/div>\n<h2 style=\"text-align: center;\"><strong>Goed gebruik<\/strong><\/h2>\n<p>Rap\u00e9 is een eeuwenoud medicijn en de juiste consumptie ervan geeft ons genezing, kracht en verbinding met het universum en met onszelf. Om het een genezend hulpmiddel te laten zijn en geen zelfvernietigende praktijk, moeten we het voorouderlijk gebruik geven, met pure intentie en groot respect, en begrijpen dat het nemen van Rap\u00e9 een leerpad is.<\/p>\n<p>In het Westen bestaat de neiging om zich los te maken van het medicinale en heilige doel ervan, waardoor het een sociaal en oppervlakkig gebruik krijgt in ongepaste contexten. Goed gebruikt is Rap\u00e9 een geweldige bondgenoot en reisgenoot. Laten we er bij het kopen van snuiftabak voor zorgen dat het zijn plaats terugkrijgt als een eeuwenoud genezend medicijn voor lichaam en geest.<\/p>\n<h3 style=\"text-align: center;\"><strong>Hoe vaak is het passend om Rap\u00e9 te nemen?<\/strong><\/h3>\n<p>Door Rap\u00e9 te kopen, verkrijg je een krachtig hulpmiddel waarmee je een van onze meest waardevolle wapens kunt aanscherpen: de geest. De dosis en frequentie hangen af \u200b\u200bvan de werkelijke en bewuste spirituele behoefte van het individu, zoals bij alle medicijnen; van de relatie van elke persoon ermee en het moment van zijn evolutie.<\/p>\n<p>Bij Rap\u00e9 wordt het juiste gebruik afgemeten aan de kwaliteit van de inname en niet zozeer aan de kwantiteit; met respect voor het heilige karakter ervan en altijd met een helder gebed en een zuivere intentie.<\/p>\n<p>Het is bekend dat excessen en extremen doorgaans geen goed medicijn zijn. Het is gebruikelijk dat er aan het begin van de relatie met Rap\u00e9 een buitensporige honger bestaat om veel dagelijkse innames te nemen en de fysieke effecten ervan te onderzoeken en te voelen.<\/p>\n<p>Dit is niet zorgwekkend, zolang het juiste rituele gebruik wordt gemaakt, aangezien de relatie na verloop van tijd in evenwicht komt en de student de energetische en spirituele effecten ervan boven fysieke sensaties begint te waarderen, en natuurlijk begint men te gebruiken wanneer de geest dit vereist.<\/p>\n<div class=\"row\"  id=\"row-1108158311\">\n\n\n\t<div id=\"col-1364785706\" class=\"col medium-6 small-12 large-6\"  >\n\t\t\t\t<div class=\"col-inner\"  >\n\t\t\t\n\t\t\t\n\n\t<div class=\"img has-hover x md-x lg-x y md-y lg-y\" id=\"image_1373853046\">\n\t\t\t\t\t\t\t\t<div class=\"img-inner dark\" >\n\t\t\t<img loading=\"lazy\" decoding=\"async\" width=\"868\" height=\"563\" src=\"https:\/\/www.sinchisinchi.com\/wp-content\/uploads\/2024\/07\/R-toma-de-rape2-1.jpg\" class=\"attachment-large size-large\" alt=\"\" srcset=\"https:\/\/www.sinchisinchi.com\/wp-content\/uploads\/2024\/07\/R-toma-de-rape2-1.jpg 868w, https:\/\/www.sinchisinchi.com\/wp-content\/uploads\/2024\/07\/R-toma-de-rape2-1-600x389.jpg 600w, https:\/\/www.sinchisinchi.com\/wp-content\/uploads\/2024\/07\/R-toma-de-rape2-1-768x498.jpg 768w, https:\/\/www.sinchisinchi.com\/wp-content\/uploads\/2024\/07\/R-toma-de-rape2-1-247x160.jpg 247w, https:\/\/www.sinchisinchi.com\/wp-content\/uploads\/2024\/07\/R-toma-de-rape2-1-510x331.jpg 510w\" sizes=\"auto, (max-width: 868px) 100vw, 868px\" \/>\t\t\t\t\t\t\n\t\t\t\t\t<\/div>\n\t\t\t\t\t\t\t\t\n<style>\n#image_1373853046 {\n  width: 100%;\n}\n<\/style>\n\t<\/div>\n\t\n\n\n\t\t<\/div>\n\t\t\t\t\t<\/div>\n\n\t\n\n\t<div id=\"col-1827008794\" class=\"col medium-6 small-12 large-6\"  >\n\t\t\t\t<div class=\"col-inner\"  >\n\t\t\t\n\t\t\t\n\n\t<div class=\"img has-hover x md-x lg-x y md-y lg-y\" id=\"image_1577174899\">\n\t\t\t\t\t\t\t\t<div class=\"img-inner dark\" >\n\t\t\t<img loading=\"lazy\" decoding=\"async\" width=\"868\" height=\"563\" src=\"https:\/\/www.sinchisinchi.com\/wp-content\/uploads\/2024\/07\/R-Planta-del-mapacho5-1.jpg\" class=\"attachment-large size-large\" alt=\"\" srcset=\"https:\/\/www.sinchisinchi.com\/wp-content\/uploads\/2024\/07\/R-Planta-del-mapacho5-1.jpg 868w, https:\/\/www.sinchisinchi.com\/wp-content\/uploads\/2024\/07\/R-Planta-del-mapacho5-1-600x389.jpg 600w, https:\/\/www.sinchisinchi.com\/wp-content\/uploads\/2024\/07\/R-Planta-del-mapacho5-1-768x498.jpg 768w, https:\/\/www.sinchisinchi.com\/wp-content\/uploads\/2024\/07\/R-Planta-del-mapacho5-1-247x160.jpg 247w, https:\/\/www.sinchisinchi.com\/wp-content\/uploads\/2024\/07\/R-Planta-del-mapacho5-1-510x331.jpg 510w\" sizes=\"auto, (max-width: 868px) 100vw, 868px\" \/>\t\t\t\t\t\t\n\t\t\t\t\t<\/div>\n\t\t\t\t\t\t\t\t\n<style>\n#image_1577174899 {\n  width: 100%;\n}\n<\/style>\n\t<\/div>\n\t\n\n\n\t\t<\/div>\n\t\t\t\t\t<\/div>\n\n\t\n\n<\/div>\n<h2 style=\"text-align: center;\">Geschiedenis van Rap\u00e9 in Europa<\/h2>\n<p><strong>De monnik Ram\u00f3n Pane<\/strong>, die Columbus vergezelde op zijn tweede reis naar Amerika, in 1493, merkte op dat de inheemse bevolking van de regio die nu overeenkomt met Ha\u00efti Nicotiana door een riet in zich opnam, en de Portugezen namen dezelfde gewoonte in acht bij de inheemse bevolking. van Brazili\u00eb.<\/p>\n<p>In opdracht van Filips II was het de arts en botanicus Francisco Hern\u00e1ndez de Boncalo die in 1577 de eerste tabakszaden in Europa introduceerde, en deze werden geplant in de omgeving van Toledo. \u200b<\/p>\n<p>In 1561 stuurde de Franse ambassadeur in Lissabon, J<strong>ean Nicot<\/strong>, Rap\u00e9 naar Catherine de&#8217; Medici, echtgenote van koning Hendrik II van Frankrijk, als medicinale behandeling voor de migraine waaraan haar zoon leed. Ze werd verliefd op Rap\u00e9 en het werd populair als medicinaal en recreatief middel onder de elite.<\/p>\n<p>Het werd al snel in Europa geconsumeerd onder de rijkste groepen, aangezien tabak, in al zijn vormen, toen een luxegoed was.<\/p>\n<p>Het was tijdens de 18e eeuw dat Rap\u00e9 een wijdverbreide mode werd onder de Europese aristocratie. Het roken van t*abak was bestemd voor de massa, en de consumptie van Rap\u00e9 werd het grootste gebruikelijke en sociale ritueel in Europa onder burgerlijke en aristocratische samenlevingen.<\/p>\n<p>Aan het begin van de 20e eeuw werd in Engeland alleen gerookt in bars uit de lagere klassen, omdat aristocraten Rap\u00e9 konden kopen en alleen snuiftabak consumeerden.<\/p>\n<p>Zo werd snuiftabak beetje bij beetje een onafscheidelijke bondgenoot van de adel. Lodewijk XIII, Karel II van Engeland, Frederik de Grote, Willem III en zijn vrouw, Napoleon, George III en zijn vrouw Benedictus XIII, en vele andere aristocraten waren regelmatige consumenten van Rap\u00e9.<\/p>\n<div class=\"row align-bottom\"  id=\"row-80915397\">\n\n\n\t<div id=\"col-1228745727\" class=\"col medium-4 small-12 large-4\"  >\n\t\t\t\t<div class=\"col-inner\"  >\n\t\t\t\n\t\t\t\n\n\n\t\t<\/div>\n\t\t\t\t\t<\/div>\n\n\t\n\n\t<div id=\"col-76040161\" class=\"col medium-4 small-12 large-4\"  >\n\t\t\t\t<div class=\"col-inner\"  >\n\t\t\t\n\t\t\t\n\n<a href=\"https:\/\/www.sinchisinchi.com\/nl\/kennis\/wat-is-rape\/gebruik-van-medicinale-rape\/\" class=\"button primary is-underline reveal-icon expand\" >\n\t\t<span>Blijf lezen<\/span>\n\t<i class=\"icon-angle-right\" aria-hidden=\"true\"><\/i><\/a>\n\n\n\n\t\t<\/div>\n\t\t\t\t\t<\/div>\n\n\t\n\n\t<div id=\"col-1218702070\" class=\"col medium-4 small-12 large-4\"  >\n\t\t\t\t<div class=\"col-inner\"  >\n\t\t\t\n\t\t\t\n\n\n\t\t<\/div>\n\t\t\t\t\t<\/div>\n\n\t\n\n<\/div>\n\n","protected":false},"excerpt":{"rendered":"","protected":false},"author":1,"featured_media":0,"parent":15520,"menu_order":0,"comment_status":"closed","ping_status":"closed","template":"","meta":{"_joinchat":[],"footnotes":""},"class_list":["post-10654","page","type-page","status-publish","hentry"],"yoast_head":"<!-- This site is optimized with the Yoast SEO plugin v27.4 - https:\/\/yoast.com\/product\/yoast-seo-wordpress\/ -->\n<title>Wat is Rap\u00e9? Voorouderlijke betekenis van Rap\u00e9 en het heilige gebruik ervan<\/title>\n<meta name=\"description\" content=\"Rap\u00e9 is een heilig medicijn dat al duizenden jaren wordt gebruikt door verschillende stammen die de Amazone bevolken, en een geweldig hulpmiddel voor...\" \/>\n<meta name=\"robots\" content=\"index, follow, max-snippet:-1, max-image-preview:large, max-video-preview:-1\" \/>\n<link rel=\"canonical\" href=\"https:\/\/www.sinchisinchi.com\/nl\/kennis\/wat-is-rape\/\" \/>\n<meta property=\"og:locale\" content=\"nl_NL\" \/>\n<meta property=\"og:type\" content=\"article\" \/>\n<meta property=\"og:title\" content=\"Wat is Rap\u00e9? Voorouderlijke betekenis van Rap\u00e9 en het heilige gebruik ervan\" \/>\n<meta property=\"og:description\" content=\"Rap\u00e9 is een heilig medicijn dat al duizenden jaren wordt gebruikt door verschillende stammen die de Amazone bevolken, en een geweldig hulpmiddel voor...\" \/>\n<meta property=\"og:url\" content=\"https:\/\/www.sinchisinchi.com\/nl\/kennis\/wat-is-rape\/\" \/>\n<meta property=\"og:site_name\" content=\"SINCHI RAP\u00c9\" \/>\n<meta property=\"article:publisher\" content=\"https:\/\/www.facebook.com\/sinchirape\/\" \/>\n<meta property=\"article:modified_time\" content=\"2026-03-04T18:54:35+00:00\" \/>\n<meta name=\"twitter:card\" content=\"summary_large_image\" \/>\n<meta name=\"twitter:label1\" content=\"Geschatte leestijd\" \/>\n\t<meta name=\"twitter:data1\" content=\"5 minuten\" \/>\n<script type=\"application\/ld+json\" class=\"yoast-schema-graph\">{\"@context\":\"https:\\\/\\\/schema.org\",\"@graph\":[{\"@type\":\"WebPage\",\"@id\":\"https:\\\/\\\/www.sinchisinchi.com\\\/nl\\\/kennis\\\/wat-is-rape\\\/\",\"url\":\"https:\\\/\\\/www.sinchisinchi.com\\\/nl\\\/kennis\\\/wat-is-rape\\\/\",\"name\":\"Wat is Rap\u00e9? Voorouderlijke betekenis van Rap\u00e9 en het heilige gebruik ervan\",\"isPartOf\":{\"@id\":\"https:\\\/\\\/www.sinchisinchi.com\\\/nl\\\/#website\"},\"datePublished\":\"2023-11-07T10:40:42+00:00\",\"dateModified\":\"2026-03-04T18:54:35+00:00\",\"description\":\"Rap\u00e9 is een heilig medicijn dat al duizenden jaren wordt gebruikt door verschillende stammen die de Amazone bevolken, en een geweldig hulpmiddel voor...\",\"breadcrumb\":{\"@id\":\"https:\\\/\\\/www.sinchisinchi.com\\\/nl\\\/kennis\\\/wat-is-rape\\\/#breadcrumb\"},\"inLanguage\":\"nl-NL\",\"potentialAction\":[{\"@type\":\"ReadAction\",\"target\":[\"https:\\\/\\\/www.sinchisinchi.com\\\/nl\\\/kennis\\\/wat-is-rape\\\/\"]}]},{\"@type\":\"BreadcrumbList\",\"@id\":\"https:\\\/\\\/www.sinchisinchi.com\\\/nl\\\/kennis\\\/wat-is-rape\\\/#breadcrumb\",\"itemListElement\":[{\"@type\":\"ListItem\",\"position\":1,\"name\":\"Voorpagina\",\"item\":\"https:\\\/\\\/www.sinchisinchi.com\\\/nl\\\/\"},{\"@type\":\"ListItem\",\"position\":2,\"name\":\"Kennis\",\"item\":\"https:\\\/\\\/www.sinchisinchi.com\\\/nl\\\/kennis\\\/\"},{\"@type\":\"ListItem\",\"position\":3,\"name\":\"Wat is Rap\u00e9\"}]},{\"@type\":\"WebSite\",\"@id\":\"https:\\\/\\\/www.sinchisinchi.com\\\/nl\\\/#website\",\"url\":\"https:\\\/\\\/www.sinchisinchi.com\\\/nl\\\/\",\"name\":\"SINCHI\",\"description\":\"Sinchi Medicine\",\"publisher\":{\"@id\":\"https:\\\/\\\/www.sinchisinchi.com\\\/nl\\\/#organization\"},\"potentialAction\":[{\"@type\":\"SearchAction\",\"target\":{\"@type\":\"EntryPoint\",\"urlTemplate\":\"https:\\\/\\\/www.sinchisinchi.com\\\/nl\\\/?s={search_term_string}\"},\"query-input\":{\"@type\":\"PropertyValueSpecification\",\"valueRequired\":true,\"valueName\":\"search_term_string\"}}],\"inLanguage\":\"nl-NL\"},{\"@type\":\"Organization\",\"@id\":\"https:\\\/\\\/www.sinchisinchi.com\\\/nl\\\/#organization\",\"name\":\"SINCHI S.L\",\"url\":\"https:\\\/\\\/www.sinchisinchi.com\\\/nl\\\/\",\"logo\":{\"@type\":\"ImageObject\",\"inLanguage\":\"nl-NL\",\"@id\":\"https:\\\/\\\/www.sinchisinchi.com\\\/nl\\\/#\\\/schema\\\/logo\\\/image\\\/\",\"url\":\"https:\\\/\\\/www.sinchisinchi.com\\\/wp-content\\\/uploads\\\/2026\\\/01\\\/3b-Verde-SIMPLIFICADO-HORIZONTAL-F-TRANSPARENTE-scaled.png\",\"contentUrl\":\"https:\\\/\\\/www.sinchisinchi.com\\\/wp-content\\\/uploads\\\/2026\\\/01\\\/3b-Verde-SIMPLIFICADO-HORIZONTAL-F-TRANSPARENTE-scaled.png\",\"width\":2560,\"height\":457,\"caption\":\"SINCHI S.L\"},\"image\":{\"@id\":\"https:\\\/\\\/www.sinchisinchi.com\\\/nl\\\/#\\\/schema\\\/logo\\\/image\\\/\"},\"sameAs\":[\"https:\\\/\\\/www.facebook.com\\\/sinchirape\\\/\",\"https:\\\/\\\/www.instagram.com\\\/sinchi_rape\\\/\"]}]}<\/script>\n<!-- \/ Yoast SEO plugin. -->","yoast_head_json":{"title":"Wat is Rap\u00e9? Voorouderlijke betekenis van Rap\u00e9 en het heilige gebruik ervan","description":"Rap\u00e9 is een heilig medicijn dat al duizenden jaren wordt gebruikt door verschillende stammen die de Amazone bevolken, en een geweldig hulpmiddel voor...","robots":{"index":"index","follow":"follow","max-snippet":"max-snippet:-1","max-image-preview":"max-image-preview:large","max-video-preview":"max-video-preview:-1"},"canonical":"https:\/\/www.sinchisinchi.com\/nl\/kennis\/wat-is-rape\/","og_locale":"nl_NL","og_type":"article","og_title":"Wat is Rap\u00e9? Voorouderlijke betekenis van Rap\u00e9 en het heilige gebruik ervan","og_description":"Rap\u00e9 is een heilig medicijn dat al duizenden jaren wordt gebruikt door verschillende stammen die de Amazone bevolken, en een geweldig hulpmiddel voor...","og_url":"https:\/\/www.sinchisinchi.com\/nl\/kennis\/wat-is-rape\/","og_site_name":"SINCHI RAP\u00c9","article_publisher":"https:\/\/www.facebook.com\/sinchirape\/","article_modified_time":"2026-03-04T18:54:35+00:00","twitter_card":"summary_large_image","twitter_misc":{"Geschatte leestijd":"5 minuten"},"schema":{"@context":"https:\/\/schema.org","@graph":[{"@type":"WebPage","@id":"https:\/\/www.sinchisinchi.com\/nl\/kennis\/wat-is-rape\/","url":"https:\/\/www.sinchisinchi.com\/nl\/kennis\/wat-is-rape\/","name":"Wat is Rap\u00e9? Voorouderlijke betekenis van Rap\u00e9 en het heilige gebruik ervan","isPartOf":{"@id":"https:\/\/www.sinchisinchi.com\/nl\/#website"},"datePublished":"2023-11-07T10:40:42+00:00","dateModified":"2026-03-04T18:54:35+00:00","description":"Rap\u00e9 is een heilig medicijn dat al duizenden jaren wordt gebruikt door verschillende stammen die de Amazone bevolken, en een geweldig hulpmiddel voor...","breadcrumb":{"@id":"https:\/\/www.sinchisinchi.com\/nl\/kennis\/wat-is-rape\/#breadcrumb"},"inLanguage":"nl-NL","potentialAction":[{"@type":"ReadAction","target":["https:\/\/www.sinchisinchi.com\/nl\/kennis\/wat-is-rape\/"]}]},{"@type":"BreadcrumbList","@id":"https:\/\/www.sinchisinchi.com\/nl\/kennis\/wat-is-rape\/#breadcrumb","itemListElement":[{"@type":"ListItem","position":1,"name":"Voorpagina","item":"https:\/\/www.sinchisinchi.com\/nl\/"},{"@type":"ListItem","position":2,"name":"Kennis","item":"https:\/\/www.sinchisinchi.com\/nl\/kennis\/"},{"@type":"ListItem","position":3,"name":"Wat is Rap\u00e9"}]},{"@type":"WebSite","@id":"https:\/\/www.sinchisinchi.com\/nl\/#website","url":"https:\/\/www.sinchisinchi.com\/nl\/","name":"SINCHI","description":"Sinchi Medicine","publisher":{"@id":"https:\/\/www.sinchisinchi.com\/nl\/#organization"},"potentialAction":[{"@type":"SearchAction","target":{"@type":"EntryPoint","urlTemplate":"https:\/\/www.sinchisinchi.com\/nl\/?s={search_term_string}"},"query-input":{"@type":"PropertyValueSpecification","valueRequired":true,"valueName":"search_term_string"}}],"inLanguage":"nl-NL"},{"@type":"Organization","@id":"https:\/\/www.sinchisinchi.com\/nl\/#organization","name":"SINCHI S.L","url":"https:\/\/www.sinchisinchi.com\/nl\/","logo":{"@type":"ImageObject","inLanguage":"nl-NL","@id":"https:\/\/www.sinchisinchi.com\/nl\/#\/schema\/logo\/image\/","url":"https:\/\/www.sinchisinchi.com\/wp-content\/uploads\/2026\/01\/3b-Verde-SIMPLIFICADO-HORIZONTAL-F-TRANSPARENTE-scaled.png","contentUrl":"https:\/\/www.sinchisinchi.com\/wp-content\/uploads\/2026\/01\/3b-Verde-SIMPLIFICADO-HORIZONTAL-F-TRANSPARENTE-scaled.png","width":2560,"height":457,"caption":"SINCHI S.L"},"image":{"@id":"https:\/\/www.sinchisinchi.com\/nl\/#\/schema\/logo\/image\/"},"sameAs":["https:\/\/www.facebook.com\/sinchirape\/","https:\/\/www.instagram.com\/sinchi_rape\/"]}]}},"_links":{"self":[{"href":"https:\/\/www.sinchisinchi.com\/nl\/wp-json\/wp\/v2\/pages\/10654","targetHints":{"allow":["GET"]}}],"collection":[{"href":"https:\/\/www.sinchisinchi.com\/nl\/wp-json\/wp\/v2\/pages"}],"about":[{"href":"https:\/\/www.sinchisinchi.com\/nl\/wp-json\/wp\/v2\/types\/page"}],"author":[{"embeddable":true,"href":"https:\/\/www.sinchisinchi.com\/nl\/wp-json\/wp\/v2\/users\/1"}],"replies":[{"embeddable":true,"href":"https:\/\/www.sinchisinchi.com\/nl\/wp-json\/wp\/v2\/comments?post=10654"}],"version-history":[{"count":1,"href":"https:\/\/www.sinchisinchi.com\/nl\/wp-json\/wp\/v2\/pages\/10654\/revisions"}],"predecessor-version":[{"id":30226,"href":"https:\/\/www.sinchisinchi.com\/nl\/wp-json\/wp\/v2\/pages\/10654\/revisions\/30226"}],"up":[{"embeddable":true,"href":"https:\/\/www.sinchisinchi.com\/nl\/wp-json\/wp\/v2\/pages\/15520"}],"wp:attachment":[{"href":"https:\/\/www.sinchisinchi.com\/nl\/wp-json\/wp\/v2\/media?parent=10654"}],"curies":[{"name":"wp","href":"https:\/\/api.w.org\/{rel}","templated":true}]}}