{"id":7846,"date":"2023-02-20T11:49:04","date_gmt":"2023-02-20T11:49:04","guid":{"rendered":"https:\/\/www.sinchisinchi.com\/rape-informatie\/effecten-van-rape\/"},"modified":"2026-03-04T20:06:26","modified_gmt":"2026-03-04T20:06:26","slug":"effecten-van-rape","status":"publish","type":"page","link":"https:\/\/www.sinchisinchi.com\/nl\/kennis\/wat-is-rape\/effecten-van-rape\/","title":{"rendered":"Effecten van rap\u00e9"},"content":{"rendered":"\n<h1 style=\"text-align: center;\">Effecten van Rap\u00e9<\/h1>\n<h2 style=\"text-align: center;\">Voordelen van Rap\u00e9 op energetisch en emotioneel niveau:<\/h2>\n<p>Voor de stammen uit het Amazonegebied is Rap\u00e9 een krachtig instrument dat de waarneming reinigt, de geest zuivert en hogere energiekanalen opent, waardoor we met het hoogste wezen worden verbonden.<\/p>\n<p><strong>Door de interne dialoog<\/strong> te stoppen, helpt Rap\u00e9 je echt aanwezig te zijn en verder te kijken dan interpretaties, waardoor een directe meditatieve staat wordt opgewekt. Het is van onschatbare waarde om terugkerende mentale processen te kalmeren en onevenwichtige emotionele toestanden weer in evenwicht te brengen.<\/p>\n<p>Wanneer het goed wordt gebruikt, is Rap\u00e9 een directe manier om deze energetische en emotionele ladingen, die zich vertalen in angsten, depressie, gevoelens van verlating, jaloezie, frustratie, slapeloosheid, bewust te maken, te deblokkeren en te genezen.<\/p>\n<p>Het is een grote hulp om mentale helderheid te hebben wanneer een hoge concentratie vereist is, omdat dit een meditatieve toestand teweegbrengt.<\/p>\n<p>Bij het ontvangen van Rap\u00e9 stijgt het medicijn op, waardoor het energieveld wordt gereinigd, geordend en uitgelijnd, vooral het derde oog en de kruinchakra. Rap\u00e9rondes in medicijnkringen, maar ook bij het nemen van ayahuasca of andere meesterplanten, dienen om de aandacht en perceptie van de deelnemers te synchroniseren en op \u00e9\u00e9n lijn te brengen.<\/p>\n<div class=\"row\"  id=\"row-1221905510\">\n\n\n\t<div id=\"col-1904507618\" class=\"col medium-6 small-12 large-6\"  >\n\t\t\t\t<div class=\"col-inner\"  >\n\t\t\t\n\t\t\t\n\n\t<div class=\"img has-hover x md-x lg-x y md-y lg-y\" id=\"image_539244539\">\n\t\t\t\t\t\t\t\t<div class=\"img-inner dark\" >\n\t\t\t<img loading=\"lazy\" decoding=\"async\" width=\"868\" height=\"563\" src=\"https:\/\/www.sinchisinchi.com\/wp-content\/uploads\/2024\/07\/R-dibujos-de-rape2-1.jpg\" class=\"attachment-large size-large\" alt=\"\" srcset=\"https:\/\/www.sinchisinchi.com\/wp-content\/uploads\/2024\/07\/R-dibujos-de-rape2-1.jpg 868w, https:\/\/www.sinchisinchi.com\/wp-content\/uploads\/2024\/07\/R-dibujos-de-rape2-1-600x389.jpg 600w, https:\/\/www.sinchisinchi.com\/wp-content\/uploads\/2024\/07\/R-dibujos-de-rape2-1-768x498.jpg 768w, https:\/\/www.sinchisinchi.com\/wp-content\/uploads\/2024\/07\/R-dibujos-de-rape2-1-247x160.jpg 247w, https:\/\/www.sinchisinchi.com\/wp-content\/uploads\/2024\/07\/R-dibujos-de-rape2-1-510x331.jpg 510w\" sizes=\"auto, (max-width: 868px) 100vw, 868px\" \/>\t\t\t\t\t\t\n\t\t\t\t\t<\/div>\n\t\t\t\t\t\t\t\t\n<style>\n#image_539244539 {\n  width: 100%;\n}\n<\/style>\n\t<\/div>\n\t\n\n\n\t\t<\/div>\n\t\t\t\t\t<\/div>\n\n\t\n\n\t<div id=\"col-987891421\" class=\"col medium-6 small-12 large-6\"  >\n\t\t\t\t<div class=\"col-inner\"  >\n\t\t\t\n\t\t\t\n\n\t<div class=\"img has-hover x md-x lg-x y md-y lg-y\" id=\"image_1925204784\">\n\t\t\t\t\t\t\t\t<div class=\"img-inner dark\" >\n\t\t\t<img loading=\"lazy\" decoding=\"async\" width=\"868\" height=\"563\" src=\"https:\/\/www.sinchisinchi.com\/wp-content\/uploads\/2024\/07\/R-Flor-del-mapacho2-3.jpg\" class=\"attachment-large size-large\" alt=\"\" srcset=\"https:\/\/www.sinchisinchi.com\/wp-content\/uploads\/2024\/07\/R-Flor-del-mapacho2-3.jpg 868w, https:\/\/www.sinchisinchi.com\/wp-content\/uploads\/2024\/07\/R-Flor-del-mapacho2-3-600x389.jpg 600w, https:\/\/www.sinchisinchi.com\/wp-content\/uploads\/2024\/07\/R-Flor-del-mapacho2-3-768x498.jpg 768w, https:\/\/www.sinchisinchi.com\/wp-content\/uploads\/2024\/07\/R-Flor-del-mapacho2-3-247x160.jpg 247w, https:\/\/www.sinchisinchi.com\/wp-content\/uploads\/2024\/07\/R-Flor-del-mapacho2-3-510x331.jpg 510w\" sizes=\"auto, (max-width: 868px) 100vw, 868px\" \/>\t\t\t\t\t\t\n\t\t\t\t\t<\/div>\n\t\t\t\t\t\t\t\t\n<style>\n#image_1925204784 {\n  width: 100%;\n}\n<\/style>\n\t<\/div>\n\t\n\n\n\t\t<\/div>\n\t\t\t\t\t<\/div>\n\n\t\n\n<\/div>\n<h3 style=\"text-align: center;\">Voordelen van Rap\u00e9 op fysiek niveau:<\/h3>\n<p>De<strong> effecten<\/strong> van Rap\u00e9 op fysiek niveau zijn ook waardevol: het is zeer effectief bij de behandeling van problemen met het ademhalingssysteem, vooral sinusitis, chronische bronchitis, longontsteking en tuberculose. Het is ook effectief tegen aanhoudende hoofdpijn, migraine, problemen met het spijsverteringsstelsel en allergie\u00ebn.<\/p>\n<p>Rap\u00e9 <strong>immuniseert<\/strong> ook tegen ziekten van de luchtwegen, is een krachtig analgeticum, elimineert hoofdpijn en lichaamspijn, en is ontspannend en koortswerend.<\/p>\n<p>Een deel ervan kan naar het spijsverteringsstelsel worden gestuurd, waar het ontwormt en de maag en darmen helpt reinigen. Als onderdeel van deze reiniging kunt u overgeven.<\/p>\n<p>Bovendien is bekend dat Rap\u00e9<strong> inwerkt op de pijnappelklier<\/strong>. De gestalttherapeut en specialist in het gebruik van medicinale planten, Hendara Rico, vertelde de krant Efe dat \u201cde pijnappelklier door sommige stoffen die dagelijks worden gebruikt, zoals fluoride, verkalkt en gevoelloos wordt, en dat snuiftabak die klier ontkalkt.\u201d<\/p>\n<p>Het helpt de longreinigingscyclus opnieuw te starten en zorgt voor de uitdrijving van slijm en vreemde voorwerpen; Het wordt ten zeerste aanbevolen voor mensen die aan astma lijden.<\/p>\n<p>Snuiftabak wordt ook gebruikt als pijnstillend middel dat vermoeidheid, pijn, honger en dorst verlicht.<\/p>\n<p>Op wasbeer gebaseerde snuiftabak bevat nicotine, dus het gebruik ervan verhoogt de bloedstroom in de hersenen en be\u00efnvloedt de afgifte van verschillende neurotransmitters die leiden tot antidepressieve en stimulerende effecten.<\/p>\n<p>Het is ook een uitstekend <strong>geneesmiddel en antibioticum<\/strong> dat wordt toegepast op wonden, vooral die met salie en lavendel.<\/p>\n<div class=\"row\"  id=\"row-2069642321\">\n\n\n\t<div id=\"col-1195010880\" class=\"col medium-6 small-12 large-6\"  >\n\t\t\t\t<div class=\"col-inner\"  >\n\t\t\t\n\t\t\t\n\n\t<div class=\"img has-hover x md-x lg-x y md-y lg-y\" id=\"image_1308700942\">\n\t\t\t\t\t\t\t\t<div class=\"img-inner dark\" >\n\t\t\t<img loading=\"lazy\" decoding=\"async\" width=\"868\" height=\"563\" src=\"https:\/\/www.sinchisinchi.com\/wp-content\/uploads\/2024\/07\/R-toma-de-rape3-1.jpg\" class=\"attachment-large size-large\" alt=\"\" srcset=\"https:\/\/www.sinchisinchi.com\/wp-content\/uploads\/2024\/07\/R-toma-de-rape3-1.jpg 868w, https:\/\/www.sinchisinchi.com\/wp-content\/uploads\/2024\/07\/R-toma-de-rape3-1-600x389.jpg 600w, https:\/\/www.sinchisinchi.com\/wp-content\/uploads\/2024\/07\/R-toma-de-rape3-1-768x498.jpg 768w, https:\/\/www.sinchisinchi.com\/wp-content\/uploads\/2024\/07\/R-toma-de-rape3-1-247x160.jpg 247w, https:\/\/www.sinchisinchi.com\/wp-content\/uploads\/2024\/07\/R-toma-de-rape3-1-510x331.jpg 510w\" sizes=\"auto, (max-width: 868px) 100vw, 868px\" \/>\t\t\t\t\t\t\n\t\t\t\t\t<\/div>\n\t\t\t\t\t\t\t\t\n<style>\n#image_1308700942 {\n  width: 100%;\n}\n<\/style>\n\t<\/div>\n\t\n\n\n\t\t<\/div>\n\t\t\t\t\t<\/div>\n\n\t\n\n\t<div id=\"col-1246516734\" class=\"col medium-6 small-12 large-6\"  >\n\t\t\t\t<div class=\"col-inner\"  >\n\t\t\t\n\t\t\t\n\n\t<div class=\"img has-hover x md-x lg-x y md-y lg-y\" id=\"image_1711492087\">\n\t\t\t\t\t\t\t\t<div class=\"img-inner dark\" >\n\t\t\t<img loading=\"lazy\" decoding=\"async\" width=\"868\" height=\"563\" src=\"https:\/\/www.sinchisinchi.com\/wp-content\/uploads\/2024\/07\/R-historia-del-tabaco1-1.jpg\" class=\"attachment-large size-large\" alt=\"\" srcset=\"https:\/\/www.sinchisinchi.com\/wp-content\/uploads\/2024\/07\/R-historia-del-tabaco1-1.jpg 868w, https:\/\/www.sinchisinchi.com\/wp-content\/uploads\/2024\/07\/R-historia-del-tabaco1-1-600x389.jpg 600w, https:\/\/www.sinchisinchi.com\/wp-content\/uploads\/2024\/07\/R-historia-del-tabaco1-1-768x498.jpg 768w, https:\/\/www.sinchisinchi.com\/wp-content\/uploads\/2024\/07\/R-historia-del-tabaco1-1-247x160.jpg 247w, https:\/\/www.sinchisinchi.com\/wp-content\/uploads\/2024\/07\/R-historia-del-tabaco1-1-510x331.jpg 510w\" sizes=\"auto, (max-width: 868px) 100vw, 868px\" \/>\t\t\t\t\t\t\n\t\t\t\t\t<\/div>\n\t\t\t\t\t\t\t\t\n<style>\n#image_1711492087 {\n  width: 100%;\n}\n<\/style>\n\t<\/div>\n\t\n\n\n\t\t<\/div>\n\t\t\t\t\t<\/div>\n\n\t\n\n<\/div>\n\t<div id=\"gap-392694669\" class=\"gap-element clearfix\" style=\"display:block; height:auto;\">\n\t\t\n<style>\n#gap-392694669 {\n  padding-top: 30px;\n}\n<\/style>\n\t<\/div>\n\t\n\n<div class=\"row align-bottom\"  id=\"row-1683948458\">\n\n\n\t<div id=\"col-2103722163\" class=\"col medium-4 small-12 large-4\"  >\n\t\t\t\t<div class=\"col-inner\"  >\n\t\t\t\n\t\t\t\n\n\n\t\t<\/div>\n\t\t\t\t\t<\/div>\n\n\t\n\n\t<div id=\"col-1008095602\" class=\"col medium-4 small-12 large-4\"  >\n\t\t\t\t<div class=\"col-inner\"  >\n\t\t\t\n\t\t\t\n\n<a href=\"https:\/\/www.sinchisinchi.com\/nl\/kennis\/wat-is-rape\/rape-ceremonie\/\" class=\"button primary is-underline reveal-icon expand\" >\n\t\t<span>Blijf lezen<\/span>\n\t<i class=\"icon-angle-right\" aria-hidden=\"true\"><\/i><\/a>\n\n\n\n\t\t<\/div>\n\t\t\t\t\t<\/div>\n\n\t\n\n\t<div id=\"col-1183325488\" class=\"col medium-4 small-12 large-4\"  >\n\t\t\t\t<div class=\"col-inner\"  >\n\t\t\t\n\t\t\t\n\n\n\t\t<\/div>\n\t\t\t\t\t<\/div>\n\n\t\n\n<\/div>\n\n","protected":false},"excerpt":{"rendered":"","protected":false},"author":1,"featured_media":0,"parent":10654,"menu_order":0,"comment_status":"closed","ping_status":"closed","template":"","meta":{"_joinchat":[],"footnotes":""},"class_list":["post-7846","page","type-page","status-publish","hentry"],"yoast_head":"<!-- This site is optimized with the Yoast SEO plugin v27.4 - https:\/\/yoast.com\/product\/yoast-seo-wordpress\/ -->\n<title>Effecten van Rap\u00e9: Fysieke en spirituele krachten van Rap\u00e9<\/title>\n<meta name=\"description\" content=\"Effecten van Rap\u00e9: Rap\u00e9 is een krachtig hulpmiddel dat onze perceptie reinigt, de geest zuivert en verbinding bevordert.\" \/>\n<meta name=\"robots\" content=\"index, follow, max-snippet:-1, max-image-preview:large, max-video-preview:-1\" \/>\n<link rel=\"canonical\" href=\"https:\/\/www.sinchisinchi.com\/nl\/kennis\/wat-is-rape\/effecten-van-rape\/\" \/>\n<meta property=\"og:locale\" content=\"nl_NL\" \/>\n<meta property=\"og:type\" content=\"article\" \/>\n<meta property=\"og:title\" content=\"Effecten van Rap\u00e9: Fysieke en spirituele krachten van Rap\u00e9\" \/>\n<meta property=\"og:description\" content=\"Effecten van Rap\u00e9: Rap\u00e9 is een krachtig hulpmiddel dat onze perceptie reinigt, de geest zuivert en verbinding bevordert.\" \/>\n<meta property=\"og:url\" content=\"https:\/\/www.sinchisinchi.com\/nl\/kennis\/wat-is-rape\/effecten-van-rape\/\" \/>\n<meta property=\"og:site_name\" content=\"SINCHI RAP\u00c9\" \/>\n<meta property=\"article:publisher\" content=\"https:\/\/www.facebook.com\/sinchirape\/\" \/>\n<meta property=\"article:modified_time\" content=\"2026-03-04T20:06:26+00:00\" \/>\n<meta name=\"twitter:card\" content=\"summary_large_image\" \/>\n<meta name=\"twitter:label1\" content=\"Geschatte leestijd\" \/>\n\t<meta name=\"twitter:data1\" content=\"3 minuten\" \/>\n<script type=\"application\/ld+json\" class=\"yoast-schema-graph\">{\"@context\":\"https:\\\/\\\/schema.org\",\"@graph\":[{\"@type\":\"WebPage\",\"@id\":\"https:\\\/\\\/www.sinchisinchi.com\\\/nl\\\/kennis\\\/wat-is-rape\\\/effecten-van-rape\\\/\",\"url\":\"https:\\\/\\\/www.sinchisinchi.com\\\/nl\\\/kennis\\\/wat-is-rape\\\/effecten-van-rape\\\/\",\"name\":\"Effecten van Rap\u00e9: Fysieke en spirituele krachten van Rap\u00e9\",\"isPartOf\":{\"@id\":\"https:\\\/\\\/www.sinchisinchi.com\\\/nl\\\/#website\"},\"datePublished\":\"2023-02-20T11:49:04+00:00\",\"dateModified\":\"2026-03-04T20:06:26+00:00\",\"description\":\"Effecten van Rap\u00e9: Rap\u00e9 is een krachtig hulpmiddel dat onze perceptie reinigt, de geest zuivert en verbinding bevordert.\",\"breadcrumb\":{\"@id\":\"https:\\\/\\\/www.sinchisinchi.com\\\/nl\\\/kennis\\\/wat-is-rape\\\/effecten-van-rape\\\/#breadcrumb\"},\"inLanguage\":\"nl-NL\",\"potentialAction\":[{\"@type\":\"ReadAction\",\"target\":[\"https:\\\/\\\/www.sinchisinchi.com\\\/nl\\\/kennis\\\/wat-is-rape\\\/effecten-van-rape\\\/\"]}]},{\"@type\":\"BreadcrumbList\",\"@id\":\"https:\\\/\\\/www.sinchisinchi.com\\\/nl\\\/kennis\\\/wat-is-rape\\\/effecten-van-rape\\\/#breadcrumb\",\"itemListElement\":[{\"@type\":\"ListItem\",\"position\":1,\"name\":\"Voorpagina\",\"item\":\"https:\\\/\\\/www.sinchisinchi.com\\\/nl\\\/\"},{\"@type\":\"ListItem\",\"position\":2,\"name\":\"Kennis\",\"item\":\"https:\\\/\\\/www.sinchisinchi.com\\\/nl\\\/kennis\\\/\"},{\"@type\":\"ListItem\",\"position\":3,\"name\":\"Wat is Rap\u00e9\",\"item\":\"https:\\\/\\\/www.sinchisinchi.com\\\/nl\\\/connaissance\\\/quest-ce-que-le-rape\\\/\"},{\"@type\":\"ListItem\",\"position\":4,\"name\":\"Effecten van rap\u00e9\"}]},{\"@type\":\"WebSite\",\"@id\":\"https:\\\/\\\/www.sinchisinchi.com\\\/nl\\\/#website\",\"url\":\"https:\\\/\\\/www.sinchisinchi.com\\\/nl\\\/\",\"name\":\"SINCHI\",\"description\":\"Sinchi Medicine\",\"publisher\":{\"@id\":\"https:\\\/\\\/www.sinchisinchi.com\\\/nl\\\/#organization\"},\"potentialAction\":[{\"@type\":\"SearchAction\",\"target\":{\"@type\":\"EntryPoint\",\"urlTemplate\":\"https:\\\/\\\/www.sinchisinchi.com\\\/nl\\\/?s={search_term_string}\"},\"query-input\":{\"@type\":\"PropertyValueSpecification\",\"valueRequired\":true,\"valueName\":\"search_term_string\"}}],\"inLanguage\":\"nl-NL\"},{\"@type\":\"Organization\",\"@id\":\"https:\\\/\\\/www.sinchisinchi.com\\\/nl\\\/#organization\",\"name\":\"SINCHI S.L\",\"url\":\"https:\\\/\\\/www.sinchisinchi.com\\\/nl\\\/\",\"logo\":{\"@type\":\"ImageObject\",\"inLanguage\":\"nl-NL\",\"@id\":\"https:\\\/\\\/www.sinchisinchi.com\\\/nl\\\/#\\\/schema\\\/logo\\\/image\\\/\",\"url\":\"https:\\\/\\\/www.sinchisinchi.com\\\/wp-content\\\/uploads\\\/2026\\\/01\\\/3b-Verde-SIMPLIFICADO-HORIZONTAL-F-TRANSPARENTE-scaled.png\",\"contentUrl\":\"https:\\\/\\\/www.sinchisinchi.com\\\/wp-content\\\/uploads\\\/2026\\\/01\\\/3b-Verde-SIMPLIFICADO-HORIZONTAL-F-TRANSPARENTE-scaled.png\",\"width\":2560,\"height\":457,\"caption\":\"SINCHI S.L\"},\"image\":{\"@id\":\"https:\\\/\\\/www.sinchisinchi.com\\\/nl\\\/#\\\/schema\\\/logo\\\/image\\\/\"},\"sameAs\":[\"https:\\\/\\\/www.facebook.com\\\/sinchirape\\\/\",\"https:\\\/\\\/www.instagram.com\\\/sinchi_rape\\\/\"]}]}<\/script>\n<!-- \/ Yoast SEO plugin. -->","yoast_head_json":{"title":"Effecten van Rap\u00e9: Fysieke en spirituele krachten van Rap\u00e9","description":"Effecten van Rap\u00e9: Rap\u00e9 is een krachtig hulpmiddel dat onze perceptie reinigt, de geest zuivert en verbinding bevordert.","robots":{"index":"index","follow":"follow","max-snippet":"max-snippet:-1","max-image-preview":"max-image-preview:large","max-video-preview":"max-video-preview:-1"},"canonical":"https:\/\/www.sinchisinchi.com\/nl\/kennis\/wat-is-rape\/effecten-van-rape\/","og_locale":"nl_NL","og_type":"article","og_title":"Effecten van Rap\u00e9: Fysieke en spirituele krachten van Rap\u00e9","og_description":"Effecten van Rap\u00e9: Rap\u00e9 is een krachtig hulpmiddel dat onze perceptie reinigt, de geest zuivert en verbinding bevordert.","og_url":"https:\/\/www.sinchisinchi.com\/nl\/kennis\/wat-is-rape\/effecten-van-rape\/","og_site_name":"SINCHI RAP\u00c9","article_publisher":"https:\/\/www.facebook.com\/sinchirape\/","article_modified_time":"2026-03-04T20:06:26+00:00","twitter_card":"summary_large_image","twitter_misc":{"Geschatte leestijd":"3 minuten"},"schema":{"@context":"https:\/\/schema.org","@graph":[{"@type":"WebPage","@id":"https:\/\/www.sinchisinchi.com\/nl\/kennis\/wat-is-rape\/effecten-van-rape\/","url":"https:\/\/www.sinchisinchi.com\/nl\/kennis\/wat-is-rape\/effecten-van-rape\/","name":"Effecten van Rap\u00e9: Fysieke en spirituele krachten van Rap\u00e9","isPartOf":{"@id":"https:\/\/www.sinchisinchi.com\/nl\/#website"},"datePublished":"2023-02-20T11:49:04+00:00","dateModified":"2026-03-04T20:06:26+00:00","description":"Effecten van Rap\u00e9: Rap\u00e9 is een krachtig hulpmiddel dat onze perceptie reinigt, de geest zuivert en verbinding bevordert.","breadcrumb":{"@id":"https:\/\/www.sinchisinchi.com\/nl\/kennis\/wat-is-rape\/effecten-van-rape\/#breadcrumb"},"inLanguage":"nl-NL","potentialAction":[{"@type":"ReadAction","target":["https:\/\/www.sinchisinchi.com\/nl\/kennis\/wat-is-rape\/effecten-van-rape\/"]}]},{"@type":"BreadcrumbList","@id":"https:\/\/www.sinchisinchi.com\/nl\/kennis\/wat-is-rape\/effecten-van-rape\/#breadcrumb","itemListElement":[{"@type":"ListItem","position":1,"name":"Voorpagina","item":"https:\/\/www.sinchisinchi.com\/nl\/"},{"@type":"ListItem","position":2,"name":"Kennis","item":"https:\/\/www.sinchisinchi.com\/nl\/kennis\/"},{"@type":"ListItem","position":3,"name":"Wat is Rap\u00e9","item":"https:\/\/www.sinchisinchi.com\/nl\/connaissance\/quest-ce-que-le-rape\/"},{"@type":"ListItem","position":4,"name":"Effecten van rap\u00e9"}]},{"@type":"WebSite","@id":"https:\/\/www.sinchisinchi.com\/nl\/#website","url":"https:\/\/www.sinchisinchi.com\/nl\/","name":"SINCHI","description":"Sinchi Medicine","publisher":{"@id":"https:\/\/www.sinchisinchi.com\/nl\/#organization"},"potentialAction":[{"@type":"SearchAction","target":{"@type":"EntryPoint","urlTemplate":"https:\/\/www.sinchisinchi.com\/nl\/?s={search_term_string}"},"query-input":{"@type":"PropertyValueSpecification","valueRequired":true,"valueName":"search_term_string"}}],"inLanguage":"nl-NL"},{"@type":"Organization","@id":"https:\/\/www.sinchisinchi.com\/nl\/#organization","name":"SINCHI S.L","url":"https:\/\/www.sinchisinchi.com\/nl\/","logo":{"@type":"ImageObject","inLanguage":"nl-NL","@id":"https:\/\/www.sinchisinchi.com\/nl\/#\/schema\/logo\/image\/","url":"https:\/\/www.sinchisinchi.com\/wp-content\/uploads\/2026\/01\/3b-Verde-SIMPLIFICADO-HORIZONTAL-F-TRANSPARENTE-scaled.png","contentUrl":"https:\/\/www.sinchisinchi.com\/wp-content\/uploads\/2026\/01\/3b-Verde-SIMPLIFICADO-HORIZONTAL-F-TRANSPARENTE-scaled.png","width":2560,"height":457,"caption":"SINCHI S.L"},"image":{"@id":"https:\/\/www.sinchisinchi.com\/nl\/#\/schema\/logo\/image\/"},"sameAs":["https:\/\/www.facebook.com\/sinchirape\/","https:\/\/www.instagram.com\/sinchi_rape\/"]}]}},"_links":{"self":[{"href":"https:\/\/www.sinchisinchi.com\/nl\/wp-json\/wp\/v2\/pages\/7846","targetHints":{"allow":["GET"]}}],"collection":[{"href":"https:\/\/www.sinchisinchi.com\/nl\/wp-json\/wp\/v2\/pages"}],"about":[{"href":"https:\/\/www.sinchisinchi.com\/nl\/wp-json\/wp\/v2\/types\/page"}],"author":[{"embeddable":true,"href":"https:\/\/www.sinchisinchi.com\/nl\/wp-json\/wp\/v2\/users\/1"}],"replies":[{"embeddable":true,"href":"https:\/\/www.sinchisinchi.com\/nl\/wp-json\/wp\/v2\/comments?post=7846"}],"version-history":[{"count":1,"href":"https:\/\/www.sinchisinchi.com\/nl\/wp-json\/wp\/v2\/pages\/7846\/revisions"}],"predecessor-version":[{"id":30243,"href":"https:\/\/www.sinchisinchi.com\/nl\/wp-json\/wp\/v2\/pages\/7846\/revisions\/30243"}],"up":[{"embeddable":true,"href":"https:\/\/www.sinchisinchi.com\/nl\/wp-json\/wp\/v2\/pages\/10654"}],"wp:attachment":[{"href":"https:\/\/www.sinchisinchi.com\/nl\/wp-json\/wp\/v2\/media?parent=7846"}],"curies":[{"name":"wp","href":"https:\/\/api.w.org\/{rel}","templated":true}]}}