{"id":13374,"date":"2024-04-22T12:15:33","date_gmt":"2024-04-22T12:15:33","guid":{"rendered":"https:\/\/www.sinchisinchi.com\/producto\/geitenmelk\/"},"modified":"2024-05-21T12:28:08","modified_gmt":"2024-05-21T12:28:08","slug":"geitenmelk","status":"publish","type":"product","link":"https:\/\/www.sinchisinchi.com\/nl\/producto\/geitenmelk\/","title":{"rendered":"Geitenmelk"},"content":{"rendered":"<p><span style=\"color: #000000;\">Volgens de legende werd zeep in Rome ontdekt door vrouwen die hun kleren wasten in het water van de rivier de Tiber, aan de voet van de berg Sapo. De substantie die naar beneden kwam vermengd met het water van de rivier zorgde ervoor dat zowel hun handen als de kleren die ze wasten sprankelend schoon bleven.<\/span><\/p>\n<p><span style=\"color: #000000;\">Op de top van Mount Toad werden dierenoffers gebracht aan de goden, en het dierlijke vet, vermengd met de as van de crematies, werd door de regen de berg afgedragen en gemengd met andere materialen uit de kleigrond. Uit deze samenstelling van vetzuren (dierlijk vet) en kaliumhydroxide (as en water) ontstaat zeep.<\/span><\/p>\n<p><span style=\"color: #000000;\">Het chemische proces dat aanleiding geeft tot zeep heet verzeping, een woord dat waarschijnlijk te danken is aan de berg sapo, zoals het woord sapone (zeep in het Italiaans).<\/span><\/p>\n","protected":false},"excerpt":{"rendered":"<p><span style=\"color: #000000;\">Natuurlijke geitenmelkzeep. Geitenmelk is zeer gunstig voor de huid vanwege het hoge gehalte aan vetzuren en vitamine A, B1, B2, B6, C, D en E, evenals eiwitten, magnesium, calcium, kalium en fosfor.<\/span><\/p>\n<p><span style=\"color: #000000;\">Het is zeer effici\u00ebnt op de droge en gevoelige huid met de neiging om niet te genezen of bij oneffenheden. Vanwege het hoge gehalte aan antioxidanten is het een krachtige anti-aging, anti-rimpel en huidregenererende behandeling.<\/span><\/p>\n<p><span style=\"color: #000000;\">Geitenmelk is romig en rijk aan vetzuren, die voor een diepe hydratatie zorgen en de huid verzachten.<\/span><\/p>\n<p><span style=\"color: #000000;\">Deze zeep is handgemaakt in Marseille volgens oude methoden en eeuwenoude recepten met volledig natuurlijke ingredi\u00ebnten: Mediterraan zeewater, essenti\u00eble olie van sandelhout, hoogwaardige plantaardige oli\u00ebn en natriumcarbonaat. Het is 100% biologisch afbreekbaar.<\/span><\/p>\n<p><span style=\"color: #000000;\"><strong>Maat:<\/strong> 125g<\/span><\/p>\n","protected":false},"featured_media":13291,"template":"","meta":{"_joinchat":[]},"product_brand":[],"product_cat":[341],"product_tag":[],"class_list":{"0":"post-13374","1":"product","2":"type-product","3":"status-publish","4":"has-post-thumbnail","6":"product_cat-zepen","8":"first","9":"instock","10":"taxable","11":"shipping-taxable","12":"purchasable","13":"product-type-simple"},"yoast_head":"<!-- This site is optimized with the Yoast SEO plugin v27.4 - https:\/\/yoast.com\/product\/yoast-seo-wordpress\/ -->\n<title>Geitenmelkzeep: Sjamanistische winkel<\/title>\n<meta name=\"description\" content=\"Geitenmelkzeep: Het is zeer gunstig voor de huid vanwege het hoge gehalte aan vetzuren en vitamines, eiwitten, magnesium, calcium, kalium en fosfor.\" \/>\n<meta name=\"robots\" content=\"index, follow, max-snippet:-1, max-image-preview:large, max-video-preview:-1\" \/>\n<link rel=\"canonical\" href=\"https:\/\/www.sinchisinchi.com\/nl\/producto\/geitenmelk\/\" \/>\n<meta property=\"og:locale\" content=\"nl_NL\" \/>\n<meta property=\"og:type\" content=\"article\" \/>\n<meta property=\"og:title\" content=\"Geitenmelkzeep: Sjamanistische winkel\" \/>\n<meta property=\"og:description\" content=\"Geitenmelkzeep: Het is zeer gunstig voor de huid vanwege het hoge gehalte aan vetzuren en vitamines, eiwitten, magnesium, calcium, kalium en fosfor.\" \/>\n<meta property=\"og:url\" content=\"https:\/\/www.sinchisinchi.com\/nl\/producto\/geitenmelk\/\" \/>\n<meta property=\"og:site_name\" content=\"SINCHI RAP\u00c9\" \/>\n<meta property=\"article:publisher\" content=\"https:\/\/www.facebook.com\/sinchirape\/\" \/>\n<meta property=\"article:modified_time\" content=\"2024-05-21T12:28:08+00:00\" \/>\n<meta property=\"og:image\" content=\"https:\/\/www.sinchisinchi.com\/wp-content\/uploads\/2024\/04\/15-leche-de-cabra.jpeg\" \/>\n\t<meta property=\"og:image:width\" content=\"1024\" \/>\n\t<meta property=\"og:image:height\" content=\"1024\" \/>\n\t<meta property=\"og:image:type\" content=\"image\/jpeg\" \/>\n<meta name=\"twitter:card\" content=\"summary_large_image\" \/>\n<meta name=\"twitter:label1\" content=\"Geschatte leestijd\" \/>\n\t<meta name=\"twitter:data1\" content=\"1 minuut\" \/>\n<script type=\"application\/ld+json\" class=\"yoast-schema-graph\">{\"@context\":\"https:\\\/\\\/schema.org\",\"@graph\":[{\"@type\":\"WebPage\",\"@id\":\"https:\\\/\\\/www.sinchisinchi.com\\\/nl\\\/producto\\\/geitenmelk\\\/\",\"url\":\"https:\\\/\\\/www.sinchisinchi.com\\\/nl\\\/producto\\\/geitenmelk\\\/\",\"name\":\"Geitenmelkzeep: Sjamanistische winkel\",\"isPartOf\":{\"@id\":\"https:\\\/\\\/www.sinchisinchi.com\\\/nl\\\/#website\"},\"primaryImageOfPage\":{\"@id\":\"https:\\\/\\\/www.sinchisinchi.com\\\/nl\\\/producto\\\/geitenmelk\\\/#primaryimage\"},\"image\":{\"@id\":\"https:\\\/\\\/www.sinchisinchi.com\\\/nl\\\/producto\\\/geitenmelk\\\/#primaryimage\"},\"thumbnailUrl\":\"https:\\\/\\\/www.sinchisinchi.com\\\/wp-content\\\/uploads\\\/2024\\\/04\\\/15-leche-de-cabra.jpeg\",\"datePublished\":\"2024-04-22T12:15:33+00:00\",\"dateModified\":\"2024-05-21T12:28:08+00:00\",\"description\":\"Geitenmelkzeep: Het is zeer gunstig voor de huid vanwege het hoge gehalte aan vetzuren en vitamines, eiwitten, magnesium, calcium, kalium en fosfor.\",\"breadcrumb\":{\"@id\":\"https:\\\/\\\/www.sinchisinchi.com\\\/nl\\\/producto\\\/geitenmelk\\\/#breadcrumb\"},\"inLanguage\":\"nl-NL\",\"potentialAction\":[{\"@type\":\"ReadAction\",\"target\":[\"https:\\\/\\\/www.sinchisinchi.com\\\/nl\\\/producto\\\/geitenmelk\\\/\"]}]},{\"@type\":\"ImageObject\",\"inLanguage\":\"nl-NL\",\"@id\":\"https:\\\/\\\/www.sinchisinchi.com\\\/nl\\\/producto\\\/geitenmelk\\\/#primaryimage\",\"url\":\"https:\\\/\\\/www.sinchisinchi.com\\\/wp-content\\\/uploads\\\/2024\\\/04\\\/15-leche-de-cabra.jpeg\",\"contentUrl\":\"https:\\\/\\\/www.sinchisinchi.com\\\/wp-content\\\/uploads\\\/2024\\\/04\\\/15-leche-de-cabra.jpeg\",\"width\":1024,\"height\":1024},{\"@type\":\"BreadcrumbList\",\"@id\":\"https:\\\/\\\/www.sinchisinchi.com\\\/nl\\\/producto\\\/geitenmelk\\\/#breadcrumb\",\"itemListElement\":[{\"@type\":\"ListItem\",\"position\":1,\"name\":\"Voorpagina\",\"item\":\"https:\\\/\\\/www.sinchisinchi.com\\\/nl\\\/\"},{\"@type\":\"ListItem\",\"position\":2,\"name\":\"Producten\",\"item\":\"https:\\\/\\\/www.sinchisinchi.com\\\/nl\\\/shop\\\/\"},{\"@type\":\"ListItem\",\"position\":3,\"name\":\"Geitenmelk\"}]},{\"@type\":\"WebSite\",\"@id\":\"https:\\\/\\\/www.sinchisinchi.com\\\/nl\\\/#website\",\"url\":\"https:\\\/\\\/www.sinchisinchi.com\\\/nl\\\/\",\"name\":\"SINCHI\",\"description\":\"Sinchi Medicine\",\"publisher\":{\"@id\":\"https:\\\/\\\/www.sinchisinchi.com\\\/nl\\\/#organization\"},\"potentialAction\":[{\"@type\":\"SearchAction\",\"target\":{\"@type\":\"EntryPoint\",\"urlTemplate\":\"https:\\\/\\\/www.sinchisinchi.com\\\/nl\\\/?s={search_term_string}\"},\"query-input\":{\"@type\":\"PropertyValueSpecification\",\"valueRequired\":true,\"valueName\":\"search_term_string\"}}],\"inLanguage\":\"nl-NL\"},{\"@type\":\"Organization\",\"@id\":\"https:\\\/\\\/www.sinchisinchi.com\\\/nl\\\/#organization\",\"name\":\"SINCHI S.L\",\"url\":\"https:\\\/\\\/www.sinchisinchi.com\\\/nl\\\/\",\"logo\":{\"@type\":\"ImageObject\",\"inLanguage\":\"nl-NL\",\"@id\":\"https:\\\/\\\/www.sinchisinchi.com\\\/nl\\\/#\\\/schema\\\/logo\\\/image\\\/\",\"url\":\"https:\\\/\\\/www.sinchisinchi.com\\\/wp-content\\\/uploads\\\/2026\\\/01\\\/3b-Verde-SIMPLIFICADO-HORIZONTAL-F-TRANSPARENTE-scaled.png\",\"contentUrl\":\"https:\\\/\\\/www.sinchisinchi.com\\\/wp-content\\\/uploads\\\/2026\\\/01\\\/3b-Verde-SIMPLIFICADO-HORIZONTAL-F-TRANSPARENTE-scaled.png\",\"width\":2560,\"height\":457,\"caption\":\"SINCHI S.L\"},\"image\":{\"@id\":\"https:\\\/\\\/www.sinchisinchi.com\\\/nl\\\/#\\\/schema\\\/logo\\\/image\\\/\"},\"sameAs\":[\"https:\\\/\\\/www.facebook.com\\\/sinchirape\\\/\",\"https:\\\/\\\/www.instagram.com\\\/sinchi_rape\\\/\"]}]}<\/script>\n<!-- \/ Yoast SEO plugin. -->","yoast_head_json":{"title":"Geitenmelkzeep: Sjamanistische winkel","description":"Geitenmelkzeep: Het is zeer gunstig voor de huid vanwege het hoge gehalte aan vetzuren en vitamines, eiwitten, magnesium, calcium, kalium en fosfor.","robots":{"index":"index","follow":"follow","max-snippet":"max-snippet:-1","max-image-preview":"max-image-preview:large","max-video-preview":"max-video-preview:-1"},"canonical":"https:\/\/www.sinchisinchi.com\/nl\/producto\/geitenmelk\/","og_locale":"nl_NL","og_type":"article","og_title":"Geitenmelkzeep: Sjamanistische winkel","og_description":"Geitenmelkzeep: Het is zeer gunstig voor de huid vanwege het hoge gehalte aan vetzuren en vitamines, eiwitten, magnesium, calcium, kalium en fosfor.","og_url":"https:\/\/www.sinchisinchi.com\/nl\/producto\/geitenmelk\/","og_site_name":"SINCHI RAP\u00c9","article_publisher":"https:\/\/www.facebook.com\/sinchirape\/","article_modified_time":"2024-05-21T12:28:08+00:00","og_image":[{"width":1024,"height":1024,"url":"https:\/\/www.sinchisinchi.com\/wp-content\/uploads\/2024\/04\/15-leche-de-cabra.jpeg","type":"image\/jpeg"}],"twitter_card":"summary_large_image","twitter_misc":{"Geschatte leestijd":"1 minuut"},"schema":{"@context":"https:\/\/schema.org","@graph":[{"@type":"WebPage","@id":"https:\/\/www.sinchisinchi.com\/nl\/producto\/geitenmelk\/","url":"https:\/\/www.sinchisinchi.com\/nl\/producto\/geitenmelk\/","name":"Geitenmelkzeep: Sjamanistische winkel","isPartOf":{"@id":"https:\/\/www.sinchisinchi.com\/nl\/#website"},"primaryImageOfPage":{"@id":"https:\/\/www.sinchisinchi.com\/nl\/producto\/geitenmelk\/#primaryimage"},"image":{"@id":"https:\/\/www.sinchisinchi.com\/nl\/producto\/geitenmelk\/#primaryimage"},"thumbnailUrl":"https:\/\/www.sinchisinchi.com\/wp-content\/uploads\/2024\/04\/15-leche-de-cabra.jpeg","datePublished":"2024-04-22T12:15:33+00:00","dateModified":"2024-05-21T12:28:08+00:00","description":"Geitenmelkzeep: Het is zeer gunstig voor de huid vanwege het hoge gehalte aan vetzuren en vitamines, eiwitten, magnesium, calcium, kalium en fosfor.","breadcrumb":{"@id":"https:\/\/www.sinchisinchi.com\/nl\/producto\/geitenmelk\/#breadcrumb"},"inLanguage":"nl-NL","potentialAction":[{"@type":"ReadAction","target":["https:\/\/www.sinchisinchi.com\/nl\/producto\/geitenmelk\/"]}]},{"@type":"ImageObject","inLanguage":"nl-NL","@id":"https:\/\/www.sinchisinchi.com\/nl\/producto\/geitenmelk\/#primaryimage","url":"https:\/\/www.sinchisinchi.com\/wp-content\/uploads\/2024\/04\/15-leche-de-cabra.jpeg","contentUrl":"https:\/\/www.sinchisinchi.com\/wp-content\/uploads\/2024\/04\/15-leche-de-cabra.jpeg","width":1024,"height":1024},{"@type":"BreadcrumbList","@id":"https:\/\/www.sinchisinchi.com\/nl\/producto\/geitenmelk\/#breadcrumb","itemListElement":[{"@type":"ListItem","position":1,"name":"Voorpagina","item":"https:\/\/www.sinchisinchi.com\/nl\/"},{"@type":"ListItem","position":2,"name":"Producten","item":"https:\/\/www.sinchisinchi.com\/nl\/shop\/"},{"@type":"ListItem","position":3,"name":"Geitenmelk"}]},{"@type":"WebSite","@id":"https:\/\/www.sinchisinchi.com\/nl\/#website","url":"https:\/\/www.sinchisinchi.com\/nl\/","name":"SINCHI","description":"Sinchi Medicine","publisher":{"@id":"https:\/\/www.sinchisinchi.com\/nl\/#organization"},"potentialAction":[{"@type":"SearchAction","target":{"@type":"EntryPoint","urlTemplate":"https:\/\/www.sinchisinchi.com\/nl\/?s={search_term_string}"},"query-input":{"@type":"PropertyValueSpecification","valueRequired":true,"valueName":"search_term_string"}}],"inLanguage":"nl-NL"},{"@type":"Organization","@id":"https:\/\/www.sinchisinchi.com\/nl\/#organization","name":"SINCHI S.L","url":"https:\/\/www.sinchisinchi.com\/nl\/","logo":{"@type":"ImageObject","inLanguage":"nl-NL","@id":"https:\/\/www.sinchisinchi.com\/nl\/#\/schema\/logo\/image\/","url":"https:\/\/www.sinchisinchi.com\/wp-content\/uploads\/2026\/01\/3b-Verde-SIMPLIFICADO-HORIZONTAL-F-TRANSPARENTE-scaled.png","contentUrl":"https:\/\/www.sinchisinchi.com\/wp-content\/uploads\/2026\/01\/3b-Verde-SIMPLIFICADO-HORIZONTAL-F-TRANSPARENTE-scaled.png","width":2560,"height":457,"caption":"SINCHI S.L"},"image":{"@id":"https:\/\/www.sinchisinchi.com\/nl\/#\/schema\/logo\/image\/"},"sameAs":["https:\/\/www.facebook.com\/sinchirape\/","https:\/\/www.instagram.com\/sinchi_rape\/"]}]}},"_links":{"self":[{"href":"https:\/\/www.sinchisinchi.com\/nl\/wp-json\/wp\/v2\/product\/13374","targetHints":{"allow":["GET"]}}],"collection":[{"href":"https:\/\/www.sinchisinchi.com\/nl\/wp-json\/wp\/v2\/product"}],"about":[{"href":"https:\/\/www.sinchisinchi.com\/nl\/wp-json\/wp\/v2\/types\/product"}],"wp:featuredmedia":[{"embeddable":true,"href":"https:\/\/www.sinchisinchi.com\/nl\/wp-json\/wp\/v2\/media\/13291"}],"wp:attachment":[{"href":"https:\/\/www.sinchisinchi.com\/nl\/wp-json\/wp\/v2\/media?parent=13374"}],"wp:term":[{"taxonomy":"product_brand","embeddable":true,"href":"https:\/\/www.sinchisinchi.com\/nl\/wp-json\/wp\/v2\/product_brand?post=13374"},{"taxonomy":"product_cat","embeddable":true,"href":"https:\/\/www.sinchisinchi.com\/nl\/wp-json\/wp\/v2\/product_cat?post=13374"},{"taxonomy":"product_tag","embeddable":true,"href":"https:\/\/www.sinchisinchi.com\/nl\/wp-json\/wp\/v2\/product_tag?post=13374"}],"curies":[{"name":"wp","href":"https:\/\/api.w.org\/{rel}","templated":true}]}}