{"id":13404,"date":"2024-04-22T12:08:03","date_gmt":"2024-04-22T12:08:03","guid":{"rendered":"https:\/\/www.sinchisinchi.com\/producto\/sandelhout\/"},"modified":"2024-07-03T09:22:59","modified_gmt":"2024-07-03T09:22:59","slug":"sandelhout","status":"publish","type":"product","link":"https:\/\/www.sinchisinchi.com\/nl\/producto\/sandelhout\/","title":{"rendered":"Sandelhout"},"content":{"rendered":"<p>Sandelhout is een vrouwelijke boom en wordt geassocieerd met de maan en het waterelement. Traditioneel wordt het gebruikt vanwege zijn eigenschappen die verband houden met bescherming, genezing en spiritualiteit.<\/p>\n<p>Hij komt oorspronkelijk uit de hooglanden van Zuid-India, waar hij voorkomt op hoogtes tussen de twee- en drieduizend meter. De naam Sandelhout komt uit het Grieks en de bijnaam van de wetenschappelijke naam, album, betekent wit.<\/p>\n<p>In India wordt hij als een heilige boom beschouwd en worden de zaden ervan gebruikt om yapa mala te maken, een traditionele kralenrozenkrans die in het hindoe\u00efsme of boeddhisme wordt gebruikt om mantra&#8217;s te reciteren.<\/p>\n<p>De Indiase regering heeft de sandelhoutboom tot nationaal eigendom verklaard om hem tegen ontbossing te beschermen, en zij staat de kap ervan pas toe als hij de leeftijd van dertig jaar heeft bereikt, waarna zijn natuurlijke achteruitgang begint.<\/p>\n","protected":false},"excerpt":{"rendered":"<p>Sandelhoutzeep reinigt en zuivert het lichaam en hydrateert de huidcellen diep. Geeft glans, frisheid, elasticiteit en bescherming aan de huid. Het heeft antiseptische en fungicide eigenschappen.<\/p>\n<p>Het aroma produceert erotiek, moedigt deugdzame relaties aan, bevordert optimisme en zorgt voor harmonie en ontspanning.<\/p>\n<p>Een bad met sandelhoutzeep voordat u naar bed gaat, helpt u uitrusten en ontspannen.<\/p>\n<p>Deze zeep is handgemaakt in Marseille volgens oude methoden en eeuwenoude recepten met volledig natuurlijke ingredi\u00ebnten: Mediterraan zeewater, essenti\u00eble olie van sandelhout, hoogwaardige plantaardige oli\u00ebn en natriumcarbonaat. Het is 100% biologisch afbreekbaar.<\/p>\n<p><strong>Maat:<\/strong> 125g<\/p>\n","protected":false},"featured_media":13255,"template":"","meta":{"_joinchat":[]},"product_brand":[],"product_cat":[341],"product_tag":[],"class_list":{"0":"post-13404","1":"product","2":"type-product","3":"status-publish","4":"has-post-thumbnail","6":"product_cat-zepen","8":"first","9":"instock","10":"taxable","11":"shipping-taxable","12":"purchasable","13":"product-type-simple"},"yoast_head":"<!-- This site is optimized with the Yoast SEO plugin v27.1.1 - https:\/\/yoast.com\/product\/yoast-seo-wordpress\/ -->\n<title>Sandelhoutzeep: Sjamanistische winkel<\/title>\n<meta name=\"description\" content=\"Sandelhoutzeep: reinigt en zuivert het lichaam en hydrateert de huid. Geeft glans, frisheid, elasticiteit en bescherming aan de huid.\" \/>\n<meta name=\"robots\" content=\"index, follow, max-snippet:-1, max-image-preview:large, max-video-preview:-1\" \/>\n<link rel=\"canonical\" href=\"https:\/\/www.sinchisinchi.com\/nl\/producto\/sandelhout\/\" \/>\n<meta property=\"og:locale\" content=\"nl_NL\" \/>\n<meta property=\"og:type\" content=\"article\" \/>\n<meta property=\"og:title\" content=\"Sandelhoutzeep: Sjamanistische winkel\" \/>\n<meta property=\"og:description\" content=\"Sandelhoutzeep: reinigt en zuivert het lichaam en hydrateert de huid. Geeft glans, frisheid, elasticiteit en bescherming aan de huid.\" \/>\n<meta property=\"og:url\" content=\"https:\/\/www.sinchisinchi.com\/nl\/producto\/sandelhout\/\" \/>\n<meta property=\"og:site_name\" content=\"SINCHI RAP\u00c9\" \/>\n<meta property=\"article:publisher\" content=\"https:\/\/www.facebook.com\/sinchirape\/\" \/>\n<meta property=\"article:modified_time\" content=\"2024-07-03T09:22:59+00:00\" \/>\n<meta property=\"og:image\" content=\"https:\/\/www.sinchisinchi.com\/wp-content\/uploads\/2024\/04\/10-sandalo.jpeg\" \/>\n\t<meta property=\"og:image:width\" content=\"1024\" \/>\n\t<meta property=\"og:image:height\" content=\"1024\" \/>\n\t<meta property=\"og:image:type\" content=\"image\/jpeg\" \/>\n<meta name=\"twitter:card\" content=\"summary_large_image\" \/>\n<meta name=\"twitter:label1\" content=\"Geschatte leestijd\" \/>\n\t<meta name=\"twitter:data1\" content=\"1 minuut\" \/>\n<script type=\"application\/ld+json\" class=\"yoast-schema-graph\">{\"@context\":\"https:\/\/schema.org\",\"@graph\":[{\"@type\":\"WebPage\",\"@id\":\"https:\/\/www.sinchisinchi.com\/nl\/producto\/sandelhout\/\",\"url\":\"https:\/\/www.sinchisinchi.com\/nl\/producto\/sandelhout\/\",\"name\":\"Sandelhoutzeep: Sjamanistische winkel\",\"isPartOf\":{\"@id\":\"https:\/\/www.sinchisinchi.com\/nl\/#website\"},\"primaryImageOfPage\":{\"@id\":\"https:\/\/www.sinchisinchi.com\/nl\/producto\/sandelhout\/#primaryimage\"},\"image\":{\"@id\":\"https:\/\/www.sinchisinchi.com\/nl\/producto\/sandelhout\/#primaryimage\"},\"thumbnailUrl\":\"https:\/\/www.sinchisinchi.com\/wp-content\/uploads\/2024\/04\/10-sandalo.jpeg\",\"datePublished\":\"2024-04-22T12:08:03+00:00\",\"dateModified\":\"2024-07-03T09:22:59+00:00\",\"description\":\"Sandelhoutzeep: reinigt en zuivert het lichaam en hydrateert de huid. Geeft glans, frisheid, elasticiteit en bescherming aan de huid.\",\"breadcrumb\":{\"@id\":\"https:\/\/www.sinchisinchi.com\/nl\/producto\/sandelhout\/#breadcrumb\"},\"inLanguage\":\"nl-NL\",\"potentialAction\":[{\"@type\":\"ReadAction\",\"target\":[\"https:\/\/www.sinchisinchi.com\/nl\/producto\/sandelhout\/\"]}]},{\"@type\":\"ImageObject\",\"inLanguage\":\"nl-NL\",\"@id\":\"https:\/\/www.sinchisinchi.com\/nl\/producto\/sandelhout\/#primaryimage\",\"url\":\"https:\/\/www.sinchisinchi.com\/wp-content\/uploads\/2024\/04\/10-sandalo.jpeg\",\"contentUrl\":\"https:\/\/www.sinchisinchi.com\/wp-content\/uploads\/2024\/04\/10-sandalo.jpeg\",\"width\":1024,\"height\":1024},{\"@type\":\"BreadcrumbList\",\"@id\":\"https:\/\/www.sinchisinchi.com\/nl\/producto\/sandelhout\/#breadcrumb\",\"itemListElement\":[{\"@type\":\"ListItem\",\"position\":1,\"name\":\"Voorpagina\",\"item\":\"https:\/\/www.sinchisinchi.com\/nl\/\"},{\"@type\":\"ListItem\",\"position\":2,\"name\":\"Producten\",\"item\":\"https:\/\/www.sinchisinchi.com\/nl\/shop\/\"},{\"@type\":\"ListItem\",\"position\":3,\"name\":\"Sandelhout\"}]},{\"@type\":\"WebSite\",\"@id\":\"https:\/\/www.sinchisinchi.com\/nl\/#website\",\"url\":\"https:\/\/www.sinchisinchi.com\/nl\/\",\"name\":\"SINCHI\",\"description\":\"Sinchi Medicine\",\"publisher\":{\"@id\":\"https:\/\/www.sinchisinchi.com\/nl\/#organization\"},\"potentialAction\":[{\"@type\":\"SearchAction\",\"target\":{\"@type\":\"EntryPoint\",\"urlTemplate\":\"https:\/\/www.sinchisinchi.com\/nl\/?s={search_term_string}\"},\"query-input\":{\"@type\":\"PropertyValueSpecification\",\"valueRequired\":true,\"valueName\":\"search_term_string\"}}],\"inLanguage\":\"nl-NL\"},{\"@type\":\"Organization\",\"@id\":\"https:\/\/www.sinchisinchi.com\/nl\/#organization\",\"name\":\"SINCHI S.L\",\"url\":\"https:\/\/www.sinchisinchi.com\/nl\/\",\"logo\":{\"@type\":\"ImageObject\",\"inLanguage\":\"nl-NL\",\"@id\":\"https:\/\/www.sinchisinchi.com\/nl\/#\/schema\/logo\/image\/\",\"url\":\"https:\/\/www.sinchisinchi.com\/wp-content\/uploads\/2026\/01\/3b-Verde-SIMPLIFICADO-HORIZONTAL-F-TRANSPARENTE-scaled.png\",\"contentUrl\":\"https:\/\/www.sinchisinchi.com\/wp-content\/uploads\/2026\/01\/3b-Verde-SIMPLIFICADO-HORIZONTAL-F-TRANSPARENTE-scaled.png\",\"width\":2560,\"height\":457,\"caption\":\"SINCHI S.L\"},\"image\":{\"@id\":\"https:\/\/www.sinchisinchi.com\/nl\/#\/schema\/logo\/image\/\"},\"sameAs\":[\"https:\/\/www.facebook.com\/sinchirape\/\",\"https:\/\/www.instagram.com\/sinchi_rape\/\"]}]}<\/script>\n<!-- \/ Yoast SEO plugin. -->","yoast_head_json":{"title":"Sandelhoutzeep: Sjamanistische winkel","description":"Sandelhoutzeep: reinigt en zuivert het lichaam en hydrateert de huid. Geeft glans, frisheid, elasticiteit en bescherming aan de huid.","robots":{"index":"index","follow":"follow","max-snippet":"max-snippet:-1","max-image-preview":"max-image-preview:large","max-video-preview":"max-video-preview:-1"},"canonical":"https:\/\/www.sinchisinchi.com\/nl\/producto\/sandelhout\/","og_locale":"nl_NL","og_type":"article","og_title":"Sandelhoutzeep: Sjamanistische winkel","og_description":"Sandelhoutzeep: reinigt en zuivert het lichaam en hydrateert de huid. Geeft glans, frisheid, elasticiteit en bescherming aan de huid.","og_url":"https:\/\/www.sinchisinchi.com\/nl\/producto\/sandelhout\/","og_site_name":"SINCHI RAP\u00c9","article_publisher":"https:\/\/www.facebook.com\/sinchirape\/","article_modified_time":"2024-07-03T09:22:59+00:00","og_image":[{"width":1024,"height":1024,"url":"https:\/\/www.sinchisinchi.com\/wp-content\/uploads\/2024\/04\/10-sandalo.jpeg","type":"image\/jpeg"}],"twitter_card":"summary_large_image","twitter_misc":{"Geschatte leestijd":"1 minuut"},"schema":{"@context":"https:\/\/schema.org","@graph":[{"@type":"WebPage","@id":"https:\/\/www.sinchisinchi.com\/nl\/producto\/sandelhout\/","url":"https:\/\/www.sinchisinchi.com\/nl\/producto\/sandelhout\/","name":"Sandelhoutzeep: Sjamanistische winkel","isPartOf":{"@id":"https:\/\/www.sinchisinchi.com\/nl\/#website"},"primaryImageOfPage":{"@id":"https:\/\/www.sinchisinchi.com\/nl\/producto\/sandelhout\/#primaryimage"},"image":{"@id":"https:\/\/www.sinchisinchi.com\/nl\/producto\/sandelhout\/#primaryimage"},"thumbnailUrl":"https:\/\/www.sinchisinchi.com\/wp-content\/uploads\/2024\/04\/10-sandalo.jpeg","datePublished":"2024-04-22T12:08:03+00:00","dateModified":"2024-07-03T09:22:59+00:00","description":"Sandelhoutzeep: reinigt en zuivert het lichaam en hydrateert de huid. Geeft glans, frisheid, elasticiteit en bescherming aan de huid.","breadcrumb":{"@id":"https:\/\/www.sinchisinchi.com\/nl\/producto\/sandelhout\/#breadcrumb"},"inLanguage":"nl-NL","potentialAction":[{"@type":"ReadAction","target":["https:\/\/www.sinchisinchi.com\/nl\/producto\/sandelhout\/"]}]},{"@type":"ImageObject","inLanguage":"nl-NL","@id":"https:\/\/www.sinchisinchi.com\/nl\/producto\/sandelhout\/#primaryimage","url":"https:\/\/www.sinchisinchi.com\/wp-content\/uploads\/2024\/04\/10-sandalo.jpeg","contentUrl":"https:\/\/www.sinchisinchi.com\/wp-content\/uploads\/2024\/04\/10-sandalo.jpeg","width":1024,"height":1024},{"@type":"BreadcrumbList","@id":"https:\/\/www.sinchisinchi.com\/nl\/producto\/sandelhout\/#breadcrumb","itemListElement":[{"@type":"ListItem","position":1,"name":"Voorpagina","item":"https:\/\/www.sinchisinchi.com\/nl\/"},{"@type":"ListItem","position":2,"name":"Producten","item":"https:\/\/www.sinchisinchi.com\/nl\/shop\/"},{"@type":"ListItem","position":3,"name":"Sandelhout"}]},{"@type":"WebSite","@id":"https:\/\/www.sinchisinchi.com\/nl\/#website","url":"https:\/\/www.sinchisinchi.com\/nl\/","name":"SINCHI","description":"Sinchi Medicine","publisher":{"@id":"https:\/\/www.sinchisinchi.com\/nl\/#organization"},"potentialAction":[{"@type":"SearchAction","target":{"@type":"EntryPoint","urlTemplate":"https:\/\/www.sinchisinchi.com\/nl\/?s={search_term_string}"},"query-input":{"@type":"PropertyValueSpecification","valueRequired":true,"valueName":"search_term_string"}}],"inLanguage":"nl-NL"},{"@type":"Organization","@id":"https:\/\/www.sinchisinchi.com\/nl\/#organization","name":"SINCHI S.L","url":"https:\/\/www.sinchisinchi.com\/nl\/","logo":{"@type":"ImageObject","inLanguage":"nl-NL","@id":"https:\/\/www.sinchisinchi.com\/nl\/#\/schema\/logo\/image\/","url":"https:\/\/www.sinchisinchi.com\/wp-content\/uploads\/2026\/01\/3b-Verde-SIMPLIFICADO-HORIZONTAL-F-TRANSPARENTE-scaled.png","contentUrl":"https:\/\/www.sinchisinchi.com\/wp-content\/uploads\/2026\/01\/3b-Verde-SIMPLIFICADO-HORIZONTAL-F-TRANSPARENTE-scaled.png","width":2560,"height":457,"caption":"SINCHI S.L"},"image":{"@id":"https:\/\/www.sinchisinchi.com\/nl\/#\/schema\/logo\/image\/"},"sameAs":["https:\/\/www.facebook.com\/sinchirape\/","https:\/\/www.instagram.com\/sinchi_rape\/"]}]}},"_links":{"self":[{"href":"https:\/\/www.sinchisinchi.com\/nl\/wp-json\/wp\/v2\/product\/13404","targetHints":{"allow":["GET"]}}],"collection":[{"href":"https:\/\/www.sinchisinchi.com\/nl\/wp-json\/wp\/v2\/product"}],"about":[{"href":"https:\/\/www.sinchisinchi.com\/nl\/wp-json\/wp\/v2\/types\/product"}],"wp:featuredmedia":[{"embeddable":true,"href":"https:\/\/www.sinchisinchi.com\/nl\/wp-json\/wp\/v2\/media\/13255"}],"wp:attachment":[{"href":"https:\/\/www.sinchisinchi.com\/nl\/wp-json\/wp\/v2\/media?parent=13404"}],"wp:term":[{"taxonomy":"product_brand","embeddable":true,"href":"https:\/\/www.sinchisinchi.com\/nl\/wp-json\/wp\/v2\/product_brand?post=13404"},{"taxonomy":"product_cat","embeddable":true,"href":"https:\/\/www.sinchisinchi.com\/nl\/wp-json\/wp\/v2\/product_cat?post=13404"},{"taxonomy":"product_tag","embeddable":true,"href":"https:\/\/www.sinchisinchi.com\/nl\/wp-json\/wp\/v2\/product_tag?post=13404"}],"curies":[{"name":"wp","href":"https:\/\/api.w.org\/{rel}","templated":true}]}}