{"id":13489,"date":"2024-04-23T09:59:43","date_gmt":"2024-04-23T09:59:43","guid":{"rendered":"https:\/\/www.sinchisinchi.com\/producto\/mapacho-moi-poeder\/"},"modified":"2024-04-23T09:59:43","modified_gmt":"2024-04-23T09:59:43","slug":"mapacho-moi-poeder","status":"publish","type":"product","link":"https:\/\/www.sinchisinchi.com\/nl\/producto\/mapacho-moi-poeder\/","title":{"rendered":"Mapacho M\u00f3i-poeder"},"content":{"rendered":"<p>Mapacho M\u00f3i wordt geoogst in de regio Alto Juru\u00e1, waar de grens van Peru en de staat Acre samenkomen, na de stad Marechal Thaumaturgo. Daar hebben de Ribeirinho-mensen zich gevestigd in een gebied dat tegenwoordig een reservaat omvat.<\/p>\n<p>De Ribeirinho komen uit de noordoostelijke regio van Brazili\u00eb of stammen in ieder geval af van een geslacht van noordoostelijke inwoners die de regio een eeuw geleden ontvluchtten om aan de rubbercrises te ontsnappen.<\/p>\n<p>De geschiedenis van de Ribeirinhos is rijk en divers. De eerste leden van hun gemeenschap arriveerden aan de oevers van de rivieren en stranden waar ze vandaag de dag wonen. Hun plantages volgen een gevoel van zelfvoorziening en verantwoordelijkheid voor het milieu, waarbij de bossen en rivieren die hen omringen behouden blijven.<\/p>\n","protected":false},"excerpt":{"rendered":"<p>M\u00f3i is de naam waarmee Brazilianen Mapacho noemen (naam die door andere regio&#8217;s wordt gebruikt, vooral in Peru).<\/p>\n<p>M\u00f3i is een verfijnde variant van hogere kwaliteit van de gewone Mapacho, geoogst en gemaakt als medicinaal ingredi\u00ebnt, vooral in de noordelijke staat Acre.<\/p>\n<p>Mapacho M\u00f3i wordt biologisch geteeld, volgens de eeuwenoude tradities van de bevolking van Ribeirinho, die van generatie op generatie worden doorgegeven.<\/p>\n<p>Regio van herkomst: Alto Juru\u00e1, Akko, Brazili\u00eb<\/p>\n","protected":false},"featured_media":13458,"template":"","meta":{"_joinchat":[]},"product_brand":[],"product_cat":[322],"product_tag":[],"class_list":{"0":"post-13489","1":"product","2":"type-product","3":"status-publish","4":"has-post-thumbnail","6":"product_cat-mapacho-roll-nl","8":"first","9":"instock","10":"taxable","11":"shipping-taxable","12":"purchasable","13":"product-type-simple"},"yoast_head":"<!-- This site is optimized with the Yoast SEO plugin v27.4 - https:\/\/yoast.com\/product\/yoast-seo-wordpress\/ -->\n<title>Mapacho M\u00f3i-poeder: Sinchi Sjamanistische winkel<\/title>\n<meta name=\"description\" content=\"M\u00f3i is een verfijnde variant van hogere kwaliteit van de gewone Mapacho, geoogst en gemaakt als medicinaal ingredi\u00ebnt in de noordelijke staat Acre.\" \/>\n<meta name=\"robots\" content=\"index, follow, max-snippet:-1, max-image-preview:large, max-video-preview:-1\" \/>\n<link rel=\"canonical\" href=\"https:\/\/www.sinchisinchi.com\/nl\/producto\/mapacho-moi-poeder\/\" \/>\n<meta property=\"og:locale\" content=\"nl_NL\" \/>\n<meta property=\"og:type\" content=\"article\" \/>\n<meta property=\"og:title\" content=\"Mapacho M\u00f3i-poeder: Sinchi Sjamanistische winkel\" \/>\n<meta property=\"og:description\" content=\"M\u00f3i is een verfijnde variant van hogere kwaliteit van de gewone Mapacho, geoogst en gemaakt als medicinaal ingredi\u00ebnt in de noordelijke staat Acre.\" \/>\n<meta property=\"og:url\" content=\"https:\/\/www.sinchisinchi.com\/nl\/producto\/mapacho-moi-poeder\/\" \/>\n<meta property=\"og:site_name\" content=\"SINCHI RAP\u00c9\" \/>\n<meta property=\"article:publisher\" content=\"https:\/\/www.facebook.com\/sinchirape\/\" \/>\n<meta property=\"og:image\" content=\"https:\/\/www.sinchisinchi.com\/wp-content\/uploads\/2024\/04\/Moi-Polvo.jpg\" \/>\n\t<meta property=\"og:image:width\" content=\"900\" \/>\n\t<meta property=\"og:image:height\" content=\"900\" \/>\n\t<meta property=\"og:image:type\" content=\"image\/jpeg\" \/>\n<meta name=\"twitter:card\" content=\"summary_large_image\" \/>\n<meta name=\"twitter:label1\" content=\"Geschatte leestijd\" \/>\n\t<meta name=\"twitter:data1\" content=\"1 minuut\" \/>\n<script type=\"application\/ld+json\" class=\"yoast-schema-graph\">{\"@context\":\"https:\\\/\\\/schema.org\",\"@graph\":[{\"@type\":\"WebPage\",\"@id\":\"https:\\\/\\\/www.sinchisinchi.com\\\/nl\\\/producto\\\/mapacho-moi-poeder\\\/\",\"url\":\"https:\\\/\\\/www.sinchisinchi.com\\\/nl\\\/producto\\\/mapacho-moi-poeder\\\/\",\"name\":\"Mapacho M\u00f3i-poeder: Sinchi Sjamanistische winkel\",\"isPartOf\":{\"@id\":\"https:\\\/\\\/www.sinchisinchi.com\\\/nl\\\/#website\"},\"primaryImageOfPage\":{\"@id\":\"https:\\\/\\\/www.sinchisinchi.com\\\/nl\\\/producto\\\/mapacho-moi-poeder\\\/#primaryimage\"},\"image\":{\"@id\":\"https:\\\/\\\/www.sinchisinchi.com\\\/nl\\\/producto\\\/mapacho-moi-poeder\\\/#primaryimage\"},\"thumbnailUrl\":\"https:\\\/\\\/www.sinchisinchi.com\\\/wp-content\\\/uploads\\\/2024\\\/04\\\/Moi-Polvo.jpg\",\"datePublished\":\"2024-04-23T09:59:43+00:00\",\"description\":\"M\u00f3i is een verfijnde variant van hogere kwaliteit van de gewone Mapacho, geoogst en gemaakt als medicinaal ingredi\u00ebnt in de noordelijke staat Acre.\",\"breadcrumb\":{\"@id\":\"https:\\\/\\\/www.sinchisinchi.com\\\/nl\\\/producto\\\/mapacho-moi-poeder\\\/#breadcrumb\"},\"inLanguage\":\"nl-NL\",\"potentialAction\":[{\"@type\":\"ReadAction\",\"target\":[\"https:\\\/\\\/www.sinchisinchi.com\\\/nl\\\/producto\\\/mapacho-moi-poeder\\\/\"]}]},{\"@type\":\"ImageObject\",\"inLanguage\":\"nl-NL\",\"@id\":\"https:\\\/\\\/www.sinchisinchi.com\\\/nl\\\/producto\\\/mapacho-moi-poeder\\\/#primaryimage\",\"url\":\"https:\\\/\\\/www.sinchisinchi.com\\\/wp-content\\\/uploads\\\/2024\\\/04\\\/Moi-Polvo.jpg\",\"contentUrl\":\"https:\\\/\\\/www.sinchisinchi.com\\\/wp-content\\\/uploads\\\/2024\\\/04\\\/Moi-Polvo.jpg\",\"width\":900,\"height\":900},{\"@type\":\"BreadcrumbList\",\"@id\":\"https:\\\/\\\/www.sinchisinchi.com\\\/nl\\\/producto\\\/mapacho-moi-poeder\\\/#breadcrumb\",\"itemListElement\":[{\"@type\":\"ListItem\",\"position\":1,\"name\":\"Voorpagina\",\"item\":\"https:\\\/\\\/www.sinchisinchi.com\\\/nl\\\/\"},{\"@type\":\"ListItem\",\"position\":2,\"name\":\"Producten\",\"item\":\"https:\\\/\\\/www.sinchisinchi.com\\\/nl\\\/shop\\\/\"},{\"@type\":\"ListItem\",\"position\":3,\"name\":\"Mapacho M\u00f3i-poeder\"}]},{\"@type\":\"WebSite\",\"@id\":\"https:\\\/\\\/www.sinchisinchi.com\\\/nl\\\/#website\",\"url\":\"https:\\\/\\\/www.sinchisinchi.com\\\/nl\\\/\",\"name\":\"SINCHI\",\"description\":\"Sinchi Medicine\",\"publisher\":{\"@id\":\"https:\\\/\\\/www.sinchisinchi.com\\\/nl\\\/#organization\"},\"potentialAction\":[{\"@type\":\"SearchAction\",\"target\":{\"@type\":\"EntryPoint\",\"urlTemplate\":\"https:\\\/\\\/www.sinchisinchi.com\\\/nl\\\/?s={search_term_string}\"},\"query-input\":{\"@type\":\"PropertyValueSpecification\",\"valueRequired\":true,\"valueName\":\"search_term_string\"}}],\"inLanguage\":\"nl-NL\"},{\"@type\":\"Organization\",\"@id\":\"https:\\\/\\\/www.sinchisinchi.com\\\/nl\\\/#organization\",\"name\":\"SINCHI S.L\",\"url\":\"https:\\\/\\\/www.sinchisinchi.com\\\/nl\\\/\",\"logo\":{\"@type\":\"ImageObject\",\"inLanguage\":\"nl-NL\",\"@id\":\"https:\\\/\\\/www.sinchisinchi.com\\\/nl\\\/#\\\/schema\\\/logo\\\/image\\\/\",\"url\":\"https:\\\/\\\/www.sinchisinchi.com\\\/wp-content\\\/uploads\\\/2026\\\/01\\\/3b-Verde-SIMPLIFICADO-HORIZONTAL-F-TRANSPARENTE-scaled.png\",\"contentUrl\":\"https:\\\/\\\/www.sinchisinchi.com\\\/wp-content\\\/uploads\\\/2026\\\/01\\\/3b-Verde-SIMPLIFICADO-HORIZONTAL-F-TRANSPARENTE-scaled.png\",\"width\":2560,\"height\":457,\"caption\":\"SINCHI S.L\"},\"image\":{\"@id\":\"https:\\\/\\\/www.sinchisinchi.com\\\/nl\\\/#\\\/schema\\\/logo\\\/image\\\/\"},\"sameAs\":[\"https:\\\/\\\/www.facebook.com\\\/sinchirape\\\/\",\"https:\\\/\\\/www.instagram.com\\\/sinchi_rape\\\/\"]}]}<\/script>\n<!-- \/ Yoast SEO plugin. -->","yoast_head_json":{"title":"Mapacho M\u00f3i-poeder: Sinchi Sjamanistische winkel","description":"M\u00f3i is een verfijnde variant van hogere kwaliteit van de gewone Mapacho, geoogst en gemaakt als medicinaal ingredi\u00ebnt in de noordelijke staat Acre.","robots":{"index":"index","follow":"follow","max-snippet":"max-snippet:-1","max-image-preview":"max-image-preview:large","max-video-preview":"max-video-preview:-1"},"canonical":"https:\/\/www.sinchisinchi.com\/nl\/producto\/mapacho-moi-poeder\/","og_locale":"nl_NL","og_type":"article","og_title":"Mapacho M\u00f3i-poeder: Sinchi Sjamanistische winkel","og_description":"M\u00f3i is een verfijnde variant van hogere kwaliteit van de gewone Mapacho, geoogst en gemaakt als medicinaal ingredi\u00ebnt in de noordelijke staat Acre.","og_url":"https:\/\/www.sinchisinchi.com\/nl\/producto\/mapacho-moi-poeder\/","og_site_name":"SINCHI RAP\u00c9","article_publisher":"https:\/\/www.facebook.com\/sinchirape\/","og_image":[{"width":900,"height":900,"url":"https:\/\/www.sinchisinchi.com\/wp-content\/uploads\/2024\/04\/Moi-Polvo.jpg","type":"image\/jpeg"}],"twitter_card":"summary_large_image","twitter_misc":{"Geschatte leestijd":"1 minuut"},"schema":{"@context":"https:\/\/schema.org","@graph":[{"@type":"WebPage","@id":"https:\/\/www.sinchisinchi.com\/nl\/producto\/mapacho-moi-poeder\/","url":"https:\/\/www.sinchisinchi.com\/nl\/producto\/mapacho-moi-poeder\/","name":"Mapacho M\u00f3i-poeder: Sinchi Sjamanistische winkel","isPartOf":{"@id":"https:\/\/www.sinchisinchi.com\/nl\/#website"},"primaryImageOfPage":{"@id":"https:\/\/www.sinchisinchi.com\/nl\/producto\/mapacho-moi-poeder\/#primaryimage"},"image":{"@id":"https:\/\/www.sinchisinchi.com\/nl\/producto\/mapacho-moi-poeder\/#primaryimage"},"thumbnailUrl":"https:\/\/www.sinchisinchi.com\/wp-content\/uploads\/2024\/04\/Moi-Polvo.jpg","datePublished":"2024-04-23T09:59:43+00:00","description":"M\u00f3i is een verfijnde variant van hogere kwaliteit van de gewone Mapacho, geoogst en gemaakt als medicinaal ingredi\u00ebnt in de noordelijke staat Acre.","breadcrumb":{"@id":"https:\/\/www.sinchisinchi.com\/nl\/producto\/mapacho-moi-poeder\/#breadcrumb"},"inLanguage":"nl-NL","potentialAction":[{"@type":"ReadAction","target":["https:\/\/www.sinchisinchi.com\/nl\/producto\/mapacho-moi-poeder\/"]}]},{"@type":"ImageObject","inLanguage":"nl-NL","@id":"https:\/\/www.sinchisinchi.com\/nl\/producto\/mapacho-moi-poeder\/#primaryimage","url":"https:\/\/www.sinchisinchi.com\/wp-content\/uploads\/2024\/04\/Moi-Polvo.jpg","contentUrl":"https:\/\/www.sinchisinchi.com\/wp-content\/uploads\/2024\/04\/Moi-Polvo.jpg","width":900,"height":900},{"@type":"BreadcrumbList","@id":"https:\/\/www.sinchisinchi.com\/nl\/producto\/mapacho-moi-poeder\/#breadcrumb","itemListElement":[{"@type":"ListItem","position":1,"name":"Voorpagina","item":"https:\/\/www.sinchisinchi.com\/nl\/"},{"@type":"ListItem","position":2,"name":"Producten","item":"https:\/\/www.sinchisinchi.com\/nl\/shop\/"},{"@type":"ListItem","position":3,"name":"Mapacho M\u00f3i-poeder"}]},{"@type":"WebSite","@id":"https:\/\/www.sinchisinchi.com\/nl\/#website","url":"https:\/\/www.sinchisinchi.com\/nl\/","name":"SINCHI","description":"Sinchi Medicine","publisher":{"@id":"https:\/\/www.sinchisinchi.com\/nl\/#organization"},"potentialAction":[{"@type":"SearchAction","target":{"@type":"EntryPoint","urlTemplate":"https:\/\/www.sinchisinchi.com\/nl\/?s={search_term_string}"},"query-input":{"@type":"PropertyValueSpecification","valueRequired":true,"valueName":"search_term_string"}}],"inLanguage":"nl-NL"},{"@type":"Organization","@id":"https:\/\/www.sinchisinchi.com\/nl\/#organization","name":"SINCHI S.L","url":"https:\/\/www.sinchisinchi.com\/nl\/","logo":{"@type":"ImageObject","inLanguage":"nl-NL","@id":"https:\/\/www.sinchisinchi.com\/nl\/#\/schema\/logo\/image\/","url":"https:\/\/www.sinchisinchi.com\/wp-content\/uploads\/2026\/01\/3b-Verde-SIMPLIFICADO-HORIZONTAL-F-TRANSPARENTE-scaled.png","contentUrl":"https:\/\/www.sinchisinchi.com\/wp-content\/uploads\/2026\/01\/3b-Verde-SIMPLIFICADO-HORIZONTAL-F-TRANSPARENTE-scaled.png","width":2560,"height":457,"caption":"SINCHI S.L"},"image":{"@id":"https:\/\/www.sinchisinchi.com\/nl\/#\/schema\/logo\/image\/"},"sameAs":["https:\/\/www.facebook.com\/sinchirape\/","https:\/\/www.instagram.com\/sinchi_rape\/"]}]}},"_links":{"self":[{"href":"https:\/\/www.sinchisinchi.com\/nl\/wp-json\/wp\/v2\/product\/13489","targetHints":{"allow":["GET"]}}],"collection":[{"href":"https:\/\/www.sinchisinchi.com\/nl\/wp-json\/wp\/v2\/product"}],"about":[{"href":"https:\/\/www.sinchisinchi.com\/nl\/wp-json\/wp\/v2\/types\/product"}],"wp:featuredmedia":[{"embeddable":true,"href":"https:\/\/www.sinchisinchi.com\/nl\/wp-json\/wp\/v2\/media\/13458"}],"wp:attachment":[{"href":"https:\/\/www.sinchisinchi.com\/nl\/wp-json\/wp\/v2\/media?parent=13489"}],"wp:term":[{"taxonomy":"product_brand","embeddable":true,"href":"https:\/\/www.sinchisinchi.com\/nl\/wp-json\/wp\/v2\/product_brand?post=13489"},{"taxonomy":"product_cat","embeddable":true,"href":"https:\/\/www.sinchisinchi.com\/nl\/wp-json\/wp\/v2\/product_cat?post=13489"},{"taxonomy":"product_tag","embeddable":true,"href":"https:\/\/www.sinchisinchi.com\/nl\/wp-json\/wp\/v2\/product_tag?post=13489"}],"curies":[{"name":"wp","href":"https:\/\/api.w.org\/{rel}","templated":true}]}}