{"id":13634,"date":"2024-04-24T11:25:31","date_gmt":"2024-04-24T11:25:31","guid":{"rendered":"https:\/\/www.sinchisinchi.com\/producto\/witte-kopaal\/"},"modified":"2024-07-05T07:40:04","modified_gmt":"2024-07-05T07:40:04","slug":"witte-kopaal","status":"publish","type":"product","link":"https:\/\/www.sinchisinchi.com\/nl\/producto\/witte-kopaal\/","title":{"rendered":"Witte Kopaal"},"content":{"rendered":"<h2 style=\"text-align: center;\"><strong>Esoterisch gebruik van Copal<\/strong><\/h2>\n<p>Verbrand als wierook zuivert het de omgeving, verheft de geest, biedt spirituele bescherming en eert de voorouders, weert negatieve energie\u00ebn af en cre\u00ebert een harmonieuze omgeving.<\/p>\n<p>Copal wordt in de traditionele geneeskunde ook gebruikt bij de vervaardiging van tincturen en zalven om verschillende gezondheidsproblemen te behandelen, zoals hoofdpijn, luchtweginfecties en huidproblemen.<\/p>\n<p>Witte kopal uit Mexico wordt gewaardeerd om zijn aromatische eigenschappen en wordt vaak gebruikt in parfums en natuurlijke schoonheidsproducten. De hars heeft een mild, balsamico-aroma en wordt vaak toegevoegd aan essenti\u00eble oli\u00ebn, cr\u00e8mes en andere producten voor persoonlijke verzorging.<\/p>\n<h3 style=\"text-align: center;\"><strong>De Copal-boom<\/strong><\/h3>\n<p>De meest voorkomende en bekende soort Copal is afkomstig van bomen van de<strong> Burseraceae-familie:<\/strong> Bursera aloexylon, B. graveolens en B. jorullensis, hoewel het ook wordt gewonnen uit sommige soorten van de Protium-familie.<\/p>\n<p><strong>Bursera<\/strong> is een geslacht dat bestaat uit bijna honderd soorten die overal in de Mexicaanse Republiek voorkomen. Van de Bursera-soorten is B. bipinnata degene met de grootste geografische verspreiding in Mexico: hij wordt aangetroffen van het zuiden van Sonora tot Honduras en is alleen afwezig op het schiereiland Yucatan.<\/p>\n<p>Bursera, B. bipinnata is de soort die gewoonlijk wordt gebruikt om witte kopal te verkrijgen, de meest gewaardeerde aromatische hars en van de hoogste commerci\u00eble kwaliteit; maar ook voor de hars die deze bomen op natuurlijke wijze vrijgeven, bekend als steenkopal, zwarte kopal of kopalgom.<\/p>\n<p>Bursera, B. bipinnata is een lage boom, met grijsachtige schors en sterk vertakt, de gemiddelde hoogte is zes meter, hij leeft op steile plaatsen en maakt deel uit van de overgang tussen dennen- en eikenbossen en lage loofbossen.<\/p>\n<p>Het wordt aangetroffen op plaatsen tussen 800 en 1.600 m hoogte, met een over het algemeen warm, subvochtig of droog klimaat. Op deze plaatsen heerst meer dan vier maanden per jaar een zeer sterke droogte, waardoor de bomen al hun bladeren laten vallen en vervolgens groen worden door de regen.<\/p>\n<p>De meeste copales produceren bloemen aan het begin van het regenseizoen, eind mei en begin juni. De bloei is snel en tegen eind juni zijn er al groene vruchten. In Mexico zijn Guerrero, Michoac\u00e1n en Oaxaca de staten met een groter aantal verschillende soorten burseras.<\/p>\n<h3 style=\"text-align: center;\"><strong>Kopal-extractie<\/strong><\/h3>\n<p>Kopalhars wordt tijdens het regenseizoen (juli tot oktober) gewonnen door copaleros, gespecialiseerde boeren, om de hars te verkrijgen voor de dodenfeesten in november, die in veel Mexicaanse huizen worden gevierd.<\/p>\n<p>De boeren en copaleros van Jolalpan (Puebla) bijvoorbeeld halen kopalhars eruit door met een klein mesje sneden of krassen te maken in de schors van de dikste takken van kopalbomen, en de hars die uit deze sneden stroomt wordt naar containers geleid die hangen vastgebonden aan elk van de takken van de boom.<\/p>\n<p>Om schade aan de boom te voorkomen, maken de copaleros de sneden elke derde dag. Terwijl de kopal in de container wordt gedeponeerd, wordt deze ontdaan van bladresten en andere onzuiverheden; Hoe zuiverder en schoner het is, hoe groter de waarde ervan.<\/p>\n<p>Om witte kopal te oogsten trekken kopalkwekers vaak wekenlang met hun hele gezin de bergen in. Ze keren rond 15 oktober terug van de berg, aangezien ze op de 18e de kopal op de markt brengen ter gelegenheid van het festival van San Lucas in Tzicatl\u00e1n (Puebla), aangezien de groothandelaren de witte kopal komen kopen en via hen de distributie tot stand komt. jaarlijks naar een groot deel van Mexico.<\/p>\n<p>Het type hars dat ze steen, zwart of boomkopal noemen, is het hars dat kopalbomen op natuurlijke wijze afscheiden. Naast witte en grijze kopaal<strong> winnen copaleros <\/strong>lamellaire fragmenten van schors, zoals spanen, ge\u00efmpregneerd met kopaalhars.<\/p>\n<p>Een ander type Bursera bipinnata copal is de tecopal, een kleine, ronde, zeer compacte en natuurlijk gevormde structuur, met mierenhoopstenen versmolten met kopaalhars. Het is een bijzonder therapeutisch product en van gelijke of grotere waarde dan witte kopal.<\/p>\n","protected":false},"excerpt":{"rendered":"<p>White Copal uit Mexico is een aromatische hars geproduceerd door bomen van het geslacht Bursera, afkomstig uit Mexico en andere delen van Midden-Amerika. Deze hars wordt al duizenden jaren door de inheemse culturen van de regio gebruikt in spirituele praktijken.<\/p>\n<p>In Mexico en sommige Midden-Amerikaanse landen staat het bekend als<strong> kopal<\/strong> (van Nahuatl, <strong>copalli<\/strong>, wat hars of wierook betekent).<\/p>\n<p>White Copal wordt gebruikt bij ceremonies en ook voor de energetische reiniging van mensen, plaatsen en objecten.<\/p>\n<p>Witte kopal is de schoonste en meest waardevolle van allemaal. Bij verbranding verspreidt het een onderscheidend en verwelkomend aroma met harsachtige, zoete en licht citrusachtige tonen.<\/p>\n<p>Voor inheemse culturen uit het Amazonegebied wordt kopalrook beschouwd als een kanaal om verbinding te maken en te communiceren met het goddelijke, de geest te zuiveren en negatieve energie\u00ebn te reinigen.<\/p>\n<p><strong>Gebruiksaanwijzing:<\/strong> Steek een houtskool aan en giet een beetje hars op de kolen. De hars zal smelten en zijn geur gedurende enkele minuten in de lucht vrijgeven.<\/p>\n<p><strong>Grootte:<\/strong> 50g<\/p>\n","protected":false},"featured_media":15758,"template":"","meta":{"_joinchat":[]},"product_brand":[],"product_cat":[335,195],"product_tag":[],"class_list":{"0":"post-13634","1":"product","2":"type-product","3":"status-publish","4":"has-post-thumbnail","6":"product_cat-kopal","7":"product_cat-resins-nl","9":"first","10":"instock","11":"taxable","12":"shipping-taxable","13":"purchasable","14":"product-type-simple"},"yoast_head":"<!-- This site is optimized with the Yoast SEO plugin v27.4 - https:\/\/yoast.com\/product\/yoast-seo-wordpress\/ -->\n<title>White Copal uit Mexico: online winkel voor harsen uit het Amazonegebied<\/title>\n<meta name=\"description\" content=\"Witte kopal is de schoonste en meest waardevolle van allemaal: het straalt een onderscheidend en uitnodigend aroma uit met harsachtige, zoete en licht citrusachtige tonen.\" \/>\n<meta name=\"robots\" content=\"index, follow, max-snippet:-1, max-image-preview:large, max-video-preview:-1\" \/>\n<link rel=\"canonical\" href=\"https:\/\/www.sinchisinchi.com\/nl\/producto\/witte-kopaal\/\" \/>\n<meta property=\"og:locale\" content=\"nl_NL\" \/>\n<meta property=\"og:type\" content=\"article\" \/>\n<meta property=\"og:title\" content=\"White Copal uit Mexico: online winkel voor harsen uit het Amazonegebied\" \/>\n<meta property=\"og:description\" content=\"Witte kopal is de schoonste en meest waardevolle van allemaal: het straalt een onderscheidend en uitnodigend aroma uit met harsachtige, zoete en licht citrusachtige tonen.\" \/>\n<meta property=\"og:url\" content=\"https:\/\/www.sinchisinchi.com\/nl\/producto\/witte-kopaal\/\" \/>\n<meta property=\"og:site_name\" content=\"SINCHI RAP\u00c9\" \/>\n<meta property=\"article:publisher\" content=\"https:\/\/www.facebook.com\/sinchirape\/\" \/>\n<meta property=\"article:modified_time\" content=\"2024-07-05T07:40:04+00:00\" \/>\n<meta property=\"og:image\" content=\"https:\/\/www.sinchisinchi.com\/wp-content\/uploads\/2024\/04\/copal-blanco.png\" \/>\n\t<meta property=\"og:image:width\" content=\"600\" \/>\n\t<meta property=\"og:image:height\" content=\"600\" \/>\n\t<meta property=\"og:image:type\" content=\"image\/png\" \/>\n<meta name=\"twitter:card\" content=\"summary_large_image\" \/>\n<meta name=\"twitter:label1\" content=\"Geschatte leestijd\" \/>\n\t<meta name=\"twitter:data1\" content=\"3 minuten\" \/>\n<script type=\"application\/ld+json\" class=\"yoast-schema-graph\">{\"@context\":\"https:\\\/\\\/schema.org\",\"@graph\":[{\"@type\":\"WebPage\",\"@id\":\"https:\\\/\\\/www.sinchisinchi.com\\\/nl\\\/producto\\\/witte-kopaal\\\/\",\"url\":\"https:\\\/\\\/www.sinchisinchi.com\\\/nl\\\/producto\\\/witte-kopaal\\\/\",\"name\":\"White Copal uit Mexico: online winkel voor harsen uit het Amazonegebied\",\"isPartOf\":{\"@id\":\"https:\\\/\\\/www.sinchisinchi.com\\\/nl\\\/#website\"},\"primaryImageOfPage\":{\"@id\":\"https:\\\/\\\/www.sinchisinchi.com\\\/nl\\\/producto\\\/witte-kopaal\\\/#primaryimage\"},\"image\":{\"@id\":\"https:\\\/\\\/www.sinchisinchi.com\\\/nl\\\/producto\\\/witte-kopaal\\\/#primaryimage\"},\"thumbnailUrl\":\"https:\\\/\\\/www.sinchisinchi.com\\\/wp-content\\\/uploads\\\/2024\\\/04\\\/copal-blanco.png\",\"datePublished\":\"2024-04-24T11:25:31+00:00\",\"dateModified\":\"2024-07-05T07:40:04+00:00\",\"description\":\"Witte kopal is de schoonste en meest waardevolle van allemaal: het straalt een onderscheidend en uitnodigend aroma uit met harsachtige, zoete en licht citrusachtige tonen.\",\"breadcrumb\":{\"@id\":\"https:\\\/\\\/www.sinchisinchi.com\\\/nl\\\/producto\\\/witte-kopaal\\\/#breadcrumb\"},\"inLanguage\":\"nl-NL\",\"potentialAction\":[{\"@type\":\"ReadAction\",\"target\":[\"https:\\\/\\\/www.sinchisinchi.com\\\/nl\\\/producto\\\/witte-kopaal\\\/\"]}]},{\"@type\":\"ImageObject\",\"inLanguage\":\"nl-NL\",\"@id\":\"https:\\\/\\\/www.sinchisinchi.com\\\/nl\\\/producto\\\/witte-kopaal\\\/#primaryimage\",\"url\":\"https:\\\/\\\/www.sinchisinchi.com\\\/wp-content\\\/uploads\\\/2024\\\/04\\\/copal-blanco.png\",\"contentUrl\":\"https:\\\/\\\/www.sinchisinchi.com\\\/wp-content\\\/uploads\\\/2024\\\/04\\\/copal-blanco.png\",\"width\":600,\"height\":600},{\"@type\":\"BreadcrumbList\",\"@id\":\"https:\\\/\\\/www.sinchisinchi.com\\\/nl\\\/producto\\\/witte-kopaal\\\/#breadcrumb\",\"itemListElement\":[{\"@type\":\"ListItem\",\"position\":1,\"name\":\"Voorpagina\",\"item\":\"https:\\\/\\\/www.sinchisinchi.com\\\/nl\\\/\"},{\"@type\":\"ListItem\",\"position\":2,\"name\":\"Producten\",\"item\":\"https:\\\/\\\/www.sinchisinchi.com\\\/nl\\\/shop\\\/\"},{\"@type\":\"ListItem\",\"position\":3,\"name\":\"Witte Kopaal\"}]},{\"@type\":\"WebSite\",\"@id\":\"https:\\\/\\\/www.sinchisinchi.com\\\/nl\\\/#website\",\"url\":\"https:\\\/\\\/www.sinchisinchi.com\\\/nl\\\/\",\"name\":\"SINCHI\",\"description\":\"Sinchi Medicine\",\"publisher\":{\"@id\":\"https:\\\/\\\/www.sinchisinchi.com\\\/nl\\\/#organization\"},\"potentialAction\":[{\"@type\":\"SearchAction\",\"target\":{\"@type\":\"EntryPoint\",\"urlTemplate\":\"https:\\\/\\\/www.sinchisinchi.com\\\/nl\\\/?s={search_term_string}\"},\"query-input\":{\"@type\":\"PropertyValueSpecification\",\"valueRequired\":true,\"valueName\":\"search_term_string\"}}],\"inLanguage\":\"nl-NL\"},{\"@type\":\"Organization\",\"@id\":\"https:\\\/\\\/www.sinchisinchi.com\\\/nl\\\/#organization\",\"name\":\"SINCHI S.L\",\"url\":\"https:\\\/\\\/www.sinchisinchi.com\\\/nl\\\/\",\"logo\":{\"@type\":\"ImageObject\",\"inLanguage\":\"nl-NL\",\"@id\":\"https:\\\/\\\/www.sinchisinchi.com\\\/nl\\\/#\\\/schema\\\/logo\\\/image\\\/\",\"url\":\"https:\\\/\\\/www.sinchisinchi.com\\\/wp-content\\\/uploads\\\/2026\\\/01\\\/3b-Verde-SIMPLIFICADO-HORIZONTAL-F-TRANSPARENTE-scaled.png\",\"contentUrl\":\"https:\\\/\\\/www.sinchisinchi.com\\\/wp-content\\\/uploads\\\/2026\\\/01\\\/3b-Verde-SIMPLIFICADO-HORIZONTAL-F-TRANSPARENTE-scaled.png\",\"width\":2560,\"height\":457,\"caption\":\"SINCHI S.L\"},\"image\":{\"@id\":\"https:\\\/\\\/www.sinchisinchi.com\\\/nl\\\/#\\\/schema\\\/logo\\\/image\\\/\"},\"sameAs\":[\"https:\\\/\\\/www.facebook.com\\\/sinchirape\\\/\",\"https:\\\/\\\/www.instagram.com\\\/sinchi_rape\\\/\"]}]}<\/script>\n<!-- \/ Yoast SEO plugin. -->","yoast_head_json":{"title":"White Copal uit Mexico: online winkel voor harsen uit het Amazonegebied","description":"Witte kopal is de schoonste en meest waardevolle van allemaal: het straalt een onderscheidend en uitnodigend aroma uit met harsachtige, zoete en licht citrusachtige tonen.","robots":{"index":"index","follow":"follow","max-snippet":"max-snippet:-1","max-image-preview":"max-image-preview:large","max-video-preview":"max-video-preview:-1"},"canonical":"https:\/\/www.sinchisinchi.com\/nl\/producto\/witte-kopaal\/","og_locale":"nl_NL","og_type":"article","og_title":"White Copal uit Mexico: online winkel voor harsen uit het Amazonegebied","og_description":"Witte kopal is de schoonste en meest waardevolle van allemaal: het straalt een onderscheidend en uitnodigend aroma uit met harsachtige, zoete en licht citrusachtige tonen.","og_url":"https:\/\/www.sinchisinchi.com\/nl\/producto\/witte-kopaal\/","og_site_name":"SINCHI RAP\u00c9","article_publisher":"https:\/\/www.facebook.com\/sinchirape\/","article_modified_time":"2024-07-05T07:40:04+00:00","og_image":[{"width":600,"height":600,"url":"https:\/\/www.sinchisinchi.com\/wp-content\/uploads\/2024\/04\/copal-blanco.png","type":"image\/png"}],"twitter_card":"summary_large_image","twitter_misc":{"Geschatte leestijd":"3 minuten"},"schema":{"@context":"https:\/\/schema.org","@graph":[{"@type":"WebPage","@id":"https:\/\/www.sinchisinchi.com\/nl\/producto\/witte-kopaal\/","url":"https:\/\/www.sinchisinchi.com\/nl\/producto\/witte-kopaal\/","name":"White Copal uit Mexico: online winkel voor harsen uit het Amazonegebied","isPartOf":{"@id":"https:\/\/www.sinchisinchi.com\/nl\/#website"},"primaryImageOfPage":{"@id":"https:\/\/www.sinchisinchi.com\/nl\/producto\/witte-kopaal\/#primaryimage"},"image":{"@id":"https:\/\/www.sinchisinchi.com\/nl\/producto\/witte-kopaal\/#primaryimage"},"thumbnailUrl":"https:\/\/www.sinchisinchi.com\/wp-content\/uploads\/2024\/04\/copal-blanco.png","datePublished":"2024-04-24T11:25:31+00:00","dateModified":"2024-07-05T07:40:04+00:00","description":"Witte kopal is de schoonste en meest waardevolle van allemaal: het straalt een onderscheidend en uitnodigend aroma uit met harsachtige, zoete en licht citrusachtige tonen.","breadcrumb":{"@id":"https:\/\/www.sinchisinchi.com\/nl\/producto\/witte-kopaal\/#breadcrumb"},"inLanguage":"nl-NL","potentialAction":[{"@type":"ReadAction","target":["https:\/\/www.sinchisinchi.com\/nl\/producto\/witte-kopaal\/"]}]},{"@type":"ImageObject","inLanguage":"nl-NL","@id":"https:\/\/www.sinchisinchi.com\/nl\/producto\/witte-kopaal\/#primaryimage","url":"https:\/\/www.sinchisinchi.com\/wp-content\/uploads\/2024\/04\/copal-blanco.png","contentUrl":"https:\/\/www.sinchisinchi.com\/wp-content\/uploads\/2024\/04\/copal-blanco.png","width":600,"height":600},{"@type":"BreadcrumbList","@id":"https:\/\/www.sinchisinchi.com\/nl\/producto\/witte-kopaal\/#breadcrumb","itemListElement":[{"@type":"ListItem","position":1,"name":"Voorpagina","item":"https:\/\/www.sinchisinchi.com\/nl\/"},{"@type":"ListItem","position":2,"name":"Producten","item":"https:\/\/www.sinchisinchi.com\/nl\/shop\/"},{"@type":"ListItem","position":3,"name":"Witte Kopaal"}]},{"@type":"WebSite","@id":"https:\/\/www.sinchisinchi.com\/nl\/#website","url":"https:\/\/www.sinchisinchi.com\/nl\/","name":"SINCHI","description":"Sinchi Medicine","publisher":{"@id":"https:\/\/www.sinchisinchi.com\/nl\/#organization"},"potentialAction":[{"@type":"SearchAction","target":{"@type":"EntryPoint","urlTemplate":"https:\/\/www.sinchisinchi.com\/nl\/?s={search_term_string}"},"query-input":{"@type":"PropertyValueSpecification","valueRequired":true,"valueName":"search_term_string"}}],"inLanguage":"nl-NL"},{"@type":"Organization","@id":"https:\/\/www.sinchisinchi.com\/nl\/#organization","name":"SINCHI S.L","url":"https:\/\/www.sinchisinchi.com\/nl\/","logo":{"@type":"ImageObject","inLanguage":"nl-NL","@id":"https:\/\/www.sinchisinchi.com\/nl\/#\/schema\/logo\/image\/","url":"https:\/\/www.sinchisinchi.com\/wp-content\/uploads\/2026\/01\/3b-Verde-SIMPLIFICADO-HORIZONTAL-F-TRANSPARENTE-scaled.png","contentUrl":"https:\/\/www.sinchisinchi.com\/wp-content\/uploads\/2026\/01\/3b-Verde-SIMPLIFICADO-HORIZONTAL-F-TRANSPARENTE-scaled.png","width":2560,"height":457,"caption":"SINCHI S.L"},"image":{"@id":"https:\/\/www.sinchisinchi.com\/nl\/#\/schema\/logo\/image\/"},"sameAs":["https:\/\/www.facebook.com\/sinchirape\/","https:\/\/www.instagram.com\/sinchi_rape\/"]}]}},"_links":{"self":[{"href":"https:\/\/www.sinchisinchi.com\/nl\/wp-json\/wp\/v2\/product\/13634","targetHints":{"allow":["GET"]}}],"collection":[{"href":"https:\/\/www.sinchisinchi.com\/nl\/wp-json\/wp\/v2\/product"}],"about":[{"href":"https:\/\/www.sinchisinchi.com\/nl\/wp-json\/wp\/v2\/types\/product"}],"wp:featuredmedia":[{"embeddable":true,"href":"https:\/\/www.sinchisinchi.com\/nl\/wp-json\/wp\/v2\/media\/15758"}],"wp:attachment":[{"href":"https:\/\/www.sinchisinchi.com\/nl\/wp-json\/wp\/v2\/media?parent=13634"}],"wp:term":[{"taxonomy":"product_brand","embeddable":true,"href":"https:\/\/www.sinchisinchi.com\/nl\/wp-json\/wp\/v2\/product_brand?post=13634"},{"taxonomy":"product_cat","embeddable":true,"href":"https:\/\/www.sinchisinchi.com\/nl\/wp-json\/wp\/v2\/product_cat?post=13634"},{"taxonomy":"product_tag","embeddable":true,"href":"https:\/\/www.sinchisinchi.com\/nl\/wp-json\/wp\/v2\/product_tag?post=13634"}],"curies":[{"name":"wp","href":"https:\/\/api.w.org\/{rel}","templated":true}]}}