{"id":14028,"date":"2024-05-07T08:30:43","date_gmt":"2024-05-07T08:30:43","guid":{"rendered":"https:\/\/www.sinchisinchi.com\/producto\/olijfolie\/"},"modified":"2024-05-21T12:24:02","modified_gmt":"2024-05-21T12:24:02","slug":"olijfolie","status":"publish","type":"product","link":"https:\/\/www.sinchisinchi.com\/nl\/producto\/olijfolie\/","title":{"rendered":"Olijfolie"},"content":{"rendered":"<h2 style=\"text-align: center;\"><span style=\"color: #000000;\"><strong>Geschiedenis van de olijfboom en zijn olie<\/strong><\/span><\/h2>\n<p><span style=\"color: #000000;\">De Olijfboom, een symbool van wijsheid en vrede, wordt al duizenden jaren door de mensheid geadopteerd als een bron van rijkdom en voedsel. De geschiedenis van de Olijfboom gaat terug tot de oorsprong van de landbouw in de eerste beschavingen van de Middellandse Zee en het Nabije Oosten.<\/span><\/p>\n<h3 style=\"text-align: center;\"><span style=\"color: #000000;\"><strong>Prehistorie<\/strong><\/span><\/h3>\n<p><span style=\"color: #000000;\">Het bestaan \u200b\u200bvan de olijfboom gaat terug tot 12.000 jaar voor Christus. Er zijn fossielen van olijfbladeren gevonden in afzettingen uit het Plioceen in Mongardino, Itali\u00eb, maar ook in rotslagen uit het Boven-Paleolithicum in Noord-Afrika en bij opgravingen uit de Bronstijd in Spanje.<\/span><\/p>\n<h3 style=\"text-align: center;\"><span style=\"color: #000000;\"><strong>Egypte<\/strong><\/span><\/h3>\n<p><span style=\"color: #000000;\">Het begin van de olijventeelt ligt in het Midden- en Nabije Oosten, en de eerste documentaire en archeologische verwijzingen over het uiterlijk en het gebruik van olijfolie komen uit de tijd van het<strong> oude Egypte<\/strong>, waar het werd vereerd en alleen beschikbaar was voor de bevoorrechte klassen. .<\/span><\/p>\n<p><span style=\"color: #000000;\">In Egypte is de olijfboom vertegenwoordigd in de sarcofagen van sommige farao&#8217;s. Olijfolie werd bereid met aromatische essences en werd in het hiernamaals door de farao&#8217;s gebruikt als sacramentele olie.<\/span><\/p>\n<p><span style=\"color: #000000;\">Volgens de Egyptische mythologie was het Isis die de mensen de teelt van de olijfboom leerde. De grootste olijfplantages lagen in de buurt van de Nijldelta, vlakbij de stad Alexandri\u00eb. Er wordt bijvoorbeeld over de olijfboom gesproken in de Fayoum en de Thebaid.<\/span><\/p>\n<p><span style=\"color: #000000;\">De verscheidenheid aan olijfbomen die in Egypte werden gebruikt, leverde geen grote olieopbrengst op, misschien omdat het klimaat niet geschikt was voor hun groei en ontwikkeling; Daarom was het gebruik van olijfolie als voedsel schaars en werd het voornamelijk gebruikt voor medicinale en cosmetische toepassingen.<\/span><\/p>\n<p><span style=\"color: #000000;\">Papyrus Harris I noemt verschillende bronnen van olijfolie, en een belangrijke handel daarin met de Griekse stammen. Het gebruik van olie in begrafenislampen werd gebruikelijk en Ramses III wijdde plantages aan de productie ervan.<\/span><\/p>\n<p><span style=\"color: #000000;\">Het woord olie komt pas rond de 9e dynastie van Egypte in de teksten voor.<\/span><\/p>\n<p><span style=\"color: #000000;\">In de Egyptische slavenpopulaties van de joodse religie had olijfolie een bijzondere symboliek. Het werd toegevoegd aan dranken zoals khilmi en alontit, en zelfs aan anigronwijn.<\/span><\/p>\n<p><span style=\"color: #000000;\">Samen met andere essences en aromatische kruiden werd het gebruikt bij de vervaardiging van bedwelmende parfums, in het bad om de pori\u00ebn te verfraaien en te reinigen, in zalven met saffraan en kruiden om de huid te hydrateren en het verschijnen van rimpels te voorkomen, om het haar op te helderen en tot therapeutische massages.<\/span><\/p>\n<p><span style=\"color: #000000;\">Het had een diepe spirituele connotatie en werd gebruikt in lampen die werden aangestoken ter ere van de goden.<\/span><\/p>\n<h3 style=\"text-align: center;\"><span style=\"color: #000000;\"><strong>Griekenland<\/strong><\/span><\/h3>\n<p><span style=\"color: #000000;\">De<strong> Griekse mythologie<\/strong> is rijk aan legendes en vermeldingen van de Olijfboom. Goden zoals Athene, Hercules of de Olympische Spelen hebben de Olijfboom, zijn takken, bladeren en fruit als karakteristiek element. De eerste gedocumenteerde verwijzingen naar de Olijfboom zijn Grieks: hij symboliseerde vrede en voorspoed, maar ook wederopstanding en hoop.<\/span><\/p>\n<p><span style=\"color: #000000;\"><strong>Tijdens de eerste Olympische<\/strong> Spelen die in 776 voor Christus werden gehouden, kregen de winnaars van sportevenementen al een <strong>olijftak<\/strong> aangeboden als erkenning voor hun triomf, en de <strong>eerste Olympische fakkel<\/strong> was een vlammende olijftak. Voordat ze gingen sporten, gaven de gymnasten zichzelf massages om hun spieren te trainen, blessures te voorkomen en de huid te beschermen tegen temperatuurverschillen.<\/span><\/p>\n<p><span style=\"color: #000000;\">Tijdens de<strong> Panatheense festivals<\/strong>, die qua belang vergelijkbaar waren met de Olympische Spelen, kregen de winnaars<strong> amforen met olijfolie aangeboden<\/strong>. De hoeveelheid olie die als prijs aan de winnende atleet wordt aangeboden, kan groot zijn, zelfs enkele tonnen.<\/span><\/p>\n<p><span style=\"color: #000000;\">De verschijning van olijfolie in Griekenland vindt plaats op het eiland Kreta, de teelt ervan leidt tot de aanleg van de eerste handelsroutes langs de Middellandse Zee met Egypte en andere volkeren.<\/span><\/p>\n<p><span style=\"color: #000000;\">De lagere sociale klassen consumeerden geen olijfolie bij het koken, omdat ze gereserveerd waren voor de meest begunstigde klassen. Het gebruik als brandstof voor verlichting, als medicinaal middel en als lichaamsolie was heel gebruikelijk.<\/span><\/p>\n<p><span style=\"color: #000000;\">Dioscorides vermeldt omphacine, olie gewonnen uit onrijpe olijven, wat aangeeft dat het nuttig is voor spierstress en huid- en haarverzorging. Hippocrates vermeldt ook de geneeskrachtige eigenschappen ervan.<\/span><\/p>\n<p><span style=\"color: #000000;\">In de 5e eeuw voor Christus. C. De Perzische koning Xerxes verbrandde de stad Athene, waarbinnen de eeuwenoude olijfboom van Athene stond, die werd verbrand. Toen de Atheners de verwoeste stad binnenkwamen, was de olijfboom al \u00e9\u00e9n el gegroeid, een voorbode van het snelle herstel en de vernieuwing van de Atheners ondanks tegenspoed.<\/span><\/p>\n<p><span style=\"color: #000000;\">De olijfboom komt voor op enkele <strong>Myceense kleitabletten<\/strong>, die getuigen van het belang van de olijfboom in de Kretenzische economie (2500 v.Chr.).<\/span><\/p>\n<p><span style=\"color: #000000;\">De aanbidding van olijfolie door de Grieken blijkt uit de fresco&#8217;s op de muren van het<strong> paleis van Knossos<\/strong>, waarin talloze afbeeldingen van olijfbomen voorkomen.<\/span><\/p>\n<p><span style=\"color: #000000;\">Olijfbomen zijn vaak te zien in de versieringen van de vaten, in de sieraden en andere gebruiksvoorwerpen uit het dagelijks leven van die tijd.<\/span><\/p>\n<p><span style=\"color: #000000;\">Zalvingen komen al veelvuldig voor in Homerus en werden gegeven door vrouwen en bedienden. Ulysses zegt tegen Nausicaa (Od. VI 96) &#8220;Ik zal weten hoe ik, zonder jouw hulp, mezelf moet wassen met schuim en mezelf zalven met deze olie die mijn huid na zo lang niet meer weet.&#8221;<\/span><\/p>\n<p><span style=\"color: #000000;\">Iedereen bracht zijn fles olie (lecythus) mee naar de baden.<\/span><\/p>\n<p><span style=\"color: #000000;\">De olie diende als basis voor het maken van parfums (Myron), hoewel het aroma ervan als een parfum op zichzelf werd beschouwd. Archeologie (Myceense tabletten), de muurschilderingen van Pompeii en de teksten van Dioscorides, Theophrastus en Plinius vermelden dit gebruik.<\/span><\/p>\n<p><span style=\"color: #000000;\">Het werd beschouwd als de beste hulpstof om een \u200b\u200bparfum te maken, vooral de bittergroene olijven die weinig olie opleveren, omdat het ontvankelijk is, goed houdbaar is en bestand is tegen hitte.<\/span><\/p>\n<p><span style=\"color: #000000;\">De oude Grieken wasten zichzelf met water en een spons, zonder zeep (pas vanaf de 1e eeuw voor Christus werd er een soort zeepachtige emulsie verkregen uit olie), en als ze het bad verlieten zalfden ze zichzelf met olie.<\/span><\/p>\n<h3 style=\"text-align: center;\"><strong><span style=\"color: #000000;\">Fenici\u00ebrs<\/span><\/strong><\/h3>\n<p><span style=\"color: #000000;\">In Spanje werd de teelt van de olijfboom ge\u00efntroduceerd door de <strong>Fenici\u00ebrs<\/strong> (1100 v.Chr.).<\/span><\/p>\n<h3 style=\"text-align: center;\"><span style=\"color: #000000;\"><strong>Rome<\/strong><\/span><\/h3>\n<p><span style=\"color: #000000;\">Uit het jaar 206 voor Christus. C, na de Romeinse bezetting in Hispania begon de olijvenproductie aan belang te winnen.<\/span><\/p>\n<p><span style=\"color: #000000;\">Het commerci\u00eble en krijgerscontact van de Grieken met de Etrusken zorgde ervoor dat de teelt van de olijfboom in Itali\u00eb werd ge\u00efntroduceerd tijdens het bewind van Lucius Tarquinius Priscus, in de periode 616 voor Christus. C. tot 578 v.Chr. C., hoewel het driehonderd jaar v\u00f3\u00f3r de val van Troje in Itali\u00eb kan zijn aangekomen.<\/span><\/p>\n<p><span style=\"color: #000000;\">In de 2e en 3e eeuw breidde de olijfboom zich uit over de hele Middellandse Zee, dankzij de territoriale en militaire opmars van het Romeinse Rijk. Olijfkransen werden gebruikt als offer aan zegevierende Romeinse generaals, net zoals de Grieken dat deden.<\/span><\/p>\n<p><span style=\"color: #000000;\">Het gebruik van olijfolie was wijdverbreid onder de inwoners van de stad Rome, en de productie van olijfolie zorgde voor een agrarisch landschap in de Romeinse koloni\u00ebn.<\/span><\/p>\n<p><span style=\"color: #000000;\">Plinius de Oudere stelt recepten samen voor zalven en zalven met olijfolie.<\/span><\/p>\n<p><span style=\"color: #000000;\">Cato de Oude beschrijft in zijn boek On Agriculture talloze methoden voor het kweken, snoeien en verzorgen van de olijfboom, die ze van de Grieken leerden.<\/span><\/p>\n<p><span style=\"color: #000000;\">Het verschijnen van de eerste vochtinbrengende cr\u00e8me is te danken aan de Turkse arts Claudius Galen (129-199 n.Chr.) die ontdekte dat door het mengen van olijfolie met water en bijenwas een verfrissende cr\u00e8me werd verkregen die een grote elasticiteit aan de huid gaf.<\/span><\/p>\n<h3 style=\"text-align: center;\"><span style=\"color: #000000;\"><strong>Middeleeuwen<\/strong><\/span><\/h3>\n<p><span style=\"color: #000000;\">Na het verval van het Romeinse Rijk zijn het de religieuze ordes die de productie in het middeleeuwse Europa in handen beginnen te nemen. De consumptie onder geestelijken die in kloosters woonden en mensen uit de hogere klasse bleef altijd bestaan.<\/span><\/p>\n<p><span style=\"color: #000000;\">Het werd gebruikt bij het koken, het verlichten van huizen, het maken van zeep en textiel, toepassingen waarvoor het zeer nuttig en moeilijk te vervangen was.<\/span><\/p>\n<h3 style=\"text-align: center;\"><span style=\"color: #000000;\"><strong>Bijbel<\/strong><\/span><\/h3>\n<p><span style=\"color: #000000;\"><strong>In de Bijbel<\/strong> staan \u200b\u200bongeveer vierhonderd vermeldingen van de olijfboom of zijn olie. Het was de basis van de zalving en het licht dat de duisternis van tempels en huizen verlichtte.<strong> In het boek Genesis<\/strong> gaf een duif een olijftak aan <strong>Noach,<\/strong> wat het einde van de vloed en de overstromingen aangaf. Noach herkende dit gebaar als een teken van de komende vrede. In het<strong> boek Exodus<\/strong> vertelt God <strong>Mozes<\/strong> hoe hij olijfolie en specerijen moet bereiden om zijn volk te zalven; Het vermeldt ook het gebed van Jezus Christus op de Olijfberg.<\/span><\/p>\n<p><span style=\"color: #000000;\">In<strong> Al-\u00e1ndalus<\/strong> was de productie van olijfolie zeer intens en er waren gebieden, zoals Aljarafe bij Sevilla, die bevolkt waren met olijfbomen. De toenmalige moslimschrijver Al-Idrisi vermeldt dat de rijkdom van de inwoners van Sevilla grotendeels te danken was aan de export van olijfolie.<\/span><\/p>\n","protected":false},"excerpt":{"rendered":"<p><span style=\"color: #000000;\">Natuurlijke zeep met olijfolie, met krachtige voedende, revitaliserende en antioxiderende eigenschappen. Helpt de tekenen van huidveroudering te vertragen dankzij het hoge vitamine E-gehalte.<\/span><\/p>\n<p><span style=\"color: #000000;\">Het is een milde zeep, beschermt de huid, zorgt voor glans, frisheid en elasticiteit.<\/span><\/p>\n<p><span style=\"color: #000000;\">Het is een uitstekende voedingsstof, werkt veroudering tegen en geeft de huid glans, gladde textuur en elasticiteit.<\/span><\/p>\n<p><span style=\"color: #000000;\">In olijfolie worden verschillende antioxiderende stoffen aangetroffen: flavono\u00efden, polyfenolen en vitamine E, waardoor de olie zijn conserverende eigenschappen krijgt; en omdat het een cellulaire antioxidant is, vertraagt \u200b\u200bhet de veroudering van cellen.<\/span><\/p>\n<p><span style=\"color: #000000;\">Extra vierge olijfolie heeft een lipidenprofiel dat sterk lijkt op dat van de menselijke huid. Het beschermt de huid tegen externe omgevingsfactoren, hydrateert deze en onderhoudt de integriteitsstructuur van de dermis, waardoor een betere regeneratie mogelijk is.<\/span><\/p>\n<p><span style=\"color: #000000;\">Het is zeer effectief voor het haar, herstelt de kracht, glans en hydrateert de hoofdhuid diep.<\/span><\/p>\n<p><span style=\"color: #000000;\">Door de geschiedenis heen werd het gebruik van olijfolie voor huidverzorging vereerd door alle beschavingen die het kenden.<\/span><\/p>\n<p><span style=\"color: #000000;\"><strong>Maat:<\/strong> 125g<\/span><\/p>\n","protected":false},"featured_media":13930,"template":"","meta":{"_joinchat":[]},"product_brand":[],"product_cat":[177,341],"product_tag":[],"class_list":{"0":"post-14028","1":"product","2":"type-product","3":"status-publish","4":"has-post-thumbnail","6":"product_cat-sin-categoria-nl","7":"product_cat-zepen","9":"first","10":"instock","11":"taxable","12":"shipping-taxable","13":"purchasable","14":"product-type-simple"},"yoast_head":"<!-- This site is optimized with the Yoast SEO plugin v27.4 - https:\/\/yoast.com\/product\/yoast-seo-wordpress\/ -->\n<title>Zeep met Olijfolie: Sjamanistische Winkel<\/title>\n<meta name=\"description\" content=\"Goden als Athene en Hercules hebben de Olijfboom als karakteristiek element: Hij symboliseerde vrede en voorspoed, maar ook wederopstanding en hoop.\" \/>\n<meta name=\"robots\" content=\"index, follow, max-snippet:-1, max-image-preview:large, max-video-preview:-1\" \/>\n<link rel=\"canonical\" href=\"https:\/\/www.sinchisinchi.com\/nl\/producto\/olijfolie\/\" \/>\n<meta property=\"og:locale\" content=\"nl_NL\" \/>\n<meta property=\"og:type\" content=\"article\" \/>\n<meta property=\"og:title\" content=\"Zeep met Olijfolie: Sjamanistische Winkel\" \/>\n<meta property=\"og:description\" content=\"Goden als Athene en Hercules hebben de Olijfboom als karakteristiek element: Hij symboliseerde vrede en voorspoed, maar ook wederopstanding en hoop.\" \/>\n<meta property=\"og:url\" content=\"https:\/\/www.sinchisinchi.com\/nl\/producto\/olijfolie\/\" \/>\n<meta property=\"og:site_name\" content=\"SINCHI RAP\u00c9\" \/>\n<meta property=\"article:publisher\" content=\"https:\/\/www.facebook.com\/sinchirape\/\" \/>\n<meta property=\"article:modified_time\" content=\"2024-05-21T12:24:02+00:00\" \/>\n<meta property=\"og:image\" content=\"https:\/\/www.sinchisinchi.com\/wp-content\/uploads\/2024\/05\/aceite-de-oliva.webp\" \/>\n\t<meta property=\"og:image:width\" content=\"800\" \/>\n\t<meta property=\"og:image:height\" content=\"800\" \/>\n\t<meta property=\"og:image:type\" content=\"image\/webp\" \/>\n<meta name=\"twitter:card\" content=\"summary_large_image\" \/>\n<meta name=\"twitter:label1\" content=\"Geschatte leestijd\" \/>\n\t<meta name=\"twitter:data1\" content=\"7 minuten\" \/>\n<script type=\"application\/ld+json\" class=\"yoast-schema-graph\">{\"@context\":\"https:\\\/\\\/schema.org\",\"@graph\":[{\"@type\":\"WebPage\",\"@id\":\"https:\\\/\\\/www.sinchisinchi.com\\\/nl\\\/producto\\\/olijfolie\\\/\",\"url\":\"https:\\\/\\\/www.sinchisinchi.com\\\/nl\\\/producto\\\/olijfolie\\\/\",\"name\":\"Zeep met Olijfolie: Sjamanistische Winkel\",\"isPartOf\":{\"@id\":\"https:\\\/\\\/www.sinchisinchi.com\\\/nl\\\/#website\"},\"primaryImageOfPage\":{\"@id\":\"https:\\\/\\\/www.sinchisinchi.com\\\/nl\\\/producto\\\/olijfolie\\\/#primaryimage\"},\"image\":{\"@id\":\"https:\\\/\\\/www.sinchisinchi.com\\\/nl\\\/producto\\\/olijfolie\\\/#primaryimage\"},\"thumbnailUrl\":\"https:\\\/\\\/www.sinchisinchi.com\\\/wp-content\\\/uploads\\\/2024\\\/05\\\/aceite-de-oliva.webp\",\"datePublished\":\"2024-05-07T08:30:43+00:00\",\"dateModified\":\"2024-05-21T12:24:02+00:00\",\"description\":\"Goden als Athene en Hercules hebben de Olijfboom als karakteristiek element: Hij symboliseerde vrede en voorspoed, maar ook wederopstanding en hoop.\",\"breadcrumb\":{\"@id\":\"https:\\\/\\\/www.sinchisinchi.com\\\/nl\\\/producto\\\/olijfolie\\\/#breadcrumb\"},\"inLanguage\":\"nl-NL\",\"potentialAction\":[{\"@type\":\"ReadAction\",\"target\":[\"https:\\\/\\\/www.sinchisinchi.com\\\/nl\\\/producto\\\/olijfolie\\\/\"]}]},{\"@type\":\"ImageObject\",\"inLanguage\":\"nl-NL\",\"@id\":\"https:\\\/\\\/www.sinchisinchi.com\\\/nl\\\/producto\\\/olijfolie\\\/#primaryimage\",\"url\":\"https:\\\/\\\/www.sinchisinchi.com\\\/wp-content\\\/uploads\\\/2024\\\/05\\\/aceite-de-oliva.webp\",\"contentUrl\":\"https:\\\/\\\/www.sinchisinchi.com\\\/wp-content\\\/uploads\\\/2024\\\/05\\\/aceite-de-oliva.webp\",\"width\":800,\"height\":800},{\"@type\":\"BreadcrumbList\",\"@id\":\"https:\\\/\\\/www.sinchisinchi.com\\\/nl\\\/producto\\\/olijfolie\\\/#breadcrumb\",\"itemListElement\":[{\"@type\":\"ListItem\",\"position\":1,\"name\":\"Voorpagina\",\"item\":\"https:\\\/\\\/www.sinchisinchi.com\\\/nl\\\/\"},{\"@type\":\"ListItem\",\"position\":2,\"name\":\"Producten\",\"item\":\"https:\\\/\\\/www.sinchisinchi.com\\\/nl\\\/shop\\\/\"},{\"@type\":\"ListItem\",\"position\":3,\"name\":\"Olijfolie\"}]},{\"@type\":\"WebSite\",\"@id\":\"https:\\\/\\\/www.sinchisinchi.com\\\/nl\\\/#website\",\"url\":\"https:\\\/\\\/www.sinchisinchi.com\\\/nl\\\/\",\"name\":\"SINCHI\",\"description\":\"Sinchi Medicine\",\"publisher\":{\"@id\":\"https:\\\/\\\/www.sinchisinchi.com\\\/nl\\\/#organization\"},\"potentialAction\":[{\"@type\":\"SearchAction\",\"target\":{\"@type\":\"EntryPoint\",\"urlTemplate\":\"https:\\\/\\\/www.sinchisinchi.com\\\/nl\\\/?s={search_term_string}\"},\"query-input\":{\"@type\":\"PropertyValueSpecification\",\"valueRequired\":true,\"valueName\":\"search_term_string\"}}],\"inLanguage\":\"nl-NL\"},{\"@type\":\"Organization\",\"@id\":\"https:\\\/\\\/www.sinchisinchi.com\\\/nl\\\/#organization\",\"name\":\"SINCHI S.L\",\"url\":\"https:\\\/\\\/www.sinchisinchi.com\\\/nl\\\/\",\"logo\":{\"@type\":\"ImageObject\",\"inLanguage\":\"nl-NL\",\"@id\":\"https:\\\/\\\/www.sinchisinchi.com\\\/nl\\\/#\\\/schema\\\/logo\\\/image\\\/\",\"url\":\"https:\\\/\\\/www.sinchisinchi.com\\\/wp-content\\\/uploads\\\/2026\\\/01\\\/3b-Verde-SIMPLIFICADO-HORIZONTAL-F-TRANSPARENTE-scaled.png\",\"contentUrl\":\"https:\\\/\\\/www.sinchisinchi.com\\\/wp-content\\\/uploads\\\/2026\\\/01\\\/3b-Verde-SIMPLIFICADO-HORIZONTAL-F-TRANSPARENTE-scaled.png\",\"width\":2560,\"height\":457,\"caption\":\"SINCHI S.L\"},\"image\":{\"@id\":\"https:\\\/\\\/www.sinchisinchi.com\\\/nl\\\/#\\\/schema\\\/logo\\\/image\\\/\"},\"sameAs\":[\"https:\\\/\\\/www.facebook.com\\\/sinchirape\\\/\",\"https:\\\/\\\/www.instagram.com\\\/sinchi_rape\\\/\"]}]}<\/script>\n<!-- \/ Yoast SEO plugin. -->","yoast_head_json":{"title":"Zeep met Olijfolie: Sjamanistische Winkel","description":"Goden als Athene en Hercules hebben de Olijfboom als karakteristiek element: Hij symboliseerde vrede en voorspoed, maar ook wederopstanding en hoop.","robots":{"index":"index","follow":"follow","max-snippet":"max-snippet:-1","max-image-preview":"max-image-preview:large","max-video-preview":"max-video-preview:-1"},"canonical":"https:\/\/www.sinchisinchi.com\/nl\/producto\/olijfolie\/","og_locale":"nl_NL","og_type":"article","og_title":"Zeep met Olijfolie: Sjamanistische Winkel","og_description":"Goden als Athene en Hercules hebben de Olijfboom als karakteristiek element: Hij symboliseerde vrede en voorspoed, maar ook wederopstanding en hoop.","og_url":"https:\/\/www.sinchisinchi.com\/nl\/producto\/olijfolie\/","og_site_name":"SINCHI RAP\u00c9","article_publisher":"https:\/\/www.facebook.com\/sinchirape\/","article_modified_time":"2024-05-21T12:24:02+00:00","og_image":[{"width":800,"height":800,"url":"https:\/\/www.sinchisinchi.com\/wp-content\/uploads\/2024\/05\/aceite-de-oliva.webp","type":"image\/webp"}],"twitter_card":"summary_large_image","twitter_misc":{"Geschatte leestijd":"7 minuten"},"schema":{"@context":"https:\/\/schema.org","@graph":[{"@type":"WebPage","@id":"https:\/\/www.sinchisinchi.com\/nl\/producto\/olijfolie\/","url":"https:\/\/www.sinchisinchi.com\/nl\/producto\/olijfolie\/","name":"Zeep met Olijfolie: Sjamanistische Winkel","isPartOf":{"@id":"https:\/\/www.sinchisinchi.com\/nl\/#website"},"primaryImageOfPage":{"@id":"https:\/\/www.sinchisinchi.com\/nl\/producto\/olijfolie\/#primaryimage"},"image":{"@id":"https:\/\/www.sinchisinchi.com\/nl\/producto\/olijfolie\/#primaryimage"},"thumbnailUrl":"https:\/\/www.sinchisinchi.com\/wp-content\/uploads\/2024\/05\/aceite-de-oliva.webp","datePublished":"2024-05-07T08:30:43+00:00","dateModified":"2024-05-21T12:24:02+00:00","description":"Goden als Athene en Hercules hebben de Olijfboom als karakteristiek element: Hij symboliseerde vrede en voorspoed, maar ook wederopstanding en hoop.","breadcrumb":{"@id":"https:\/\/www.sinchisinchi.com\/nl\/producto\/olijfolie\/#breadcrumb"},"inLanguage":"nl-NL","potentialAction":[{"@type":"ReadAction","target":["https:\/\/www.sinchisinchi.com\/nl\/producto\/olijfolie\/"]}]},{"@type":"ImageObject","inLanguage":"nl-NL","@id":"https:\/\/www.sinchisinchi.com\/nl\/producto\/olijfolie\/#primaryimage","url":"https:\/\/www.sinchisinchi.com\/wp-content\/uploads\/2024\/05\/aceite-de-oliva.webp","contentUrl":"https:\/\/www.sinchisinchi.com\/wp-content\/uploads\/2024\/05\/aceite-de-oliva.webp","width":800,"height":800},{"@type":"BreadcrumbList","@id":"https:\/\/www.sinchisinchi.com\/nl\/producto\/olijfolie\/#breadcrumb","itemListElement":[{"@type":"ListItem","position":1,"name":"Voorpagina","item":"https:\/\/www.sinchisinchi.com\/nl\/"},{"@type":"ListItem","position":2,"name":"Producten","item":"https:\/\/www.sinchisinchi.com\/nl\/shop\/"},{"@type":"ListItem","position":3,"name":"Olijfolie"}]},{"@type":"WebSite","@id":"https:\/\/www.sinchisinchi.com\/nl\/#website","url":"https:\/\/www.sinchisinchi.com\/nl\/","name":"SINCHI","description":"Sinchi Medicine","publisher":{"@id":"https:\/\/www.sinchisinchi.com\/nl\/#organization"},"potentialAction":[{"@type":"SearchAction","target":{"@type":"EntryPoint","urlTemplate":"https:\/\/www.sinchisinchi.com\/nl\/?s={search_term_string}"},"query-input":{"@type":"PropertyValueSpecification","valueRequired":true,"valueName":"search_term_string"}}],"inLanguage":"nl-NL"},{"@type":"Organization","@id":"https:\/\/www.sinchisinchi.com\/nl\/#organization","name":"SINCHI S.L","url":"https:\/\/www.sinchisinchi.com\/nl\/","logo":{"@type":"ImageObject","inLanguage":"nl-NL","@id":"https:\/\/www.sinchisinchi.com\/nl\/#\/schema\/logo\/image\/","url":"https:\/\/www.sinchisinchi.com\/wp-content\/uploads\/2026\/01\/3b-Verde-SIMPLIFICADO-HORIZONTAL-F-TRANSPARENTE-scaled.png","contentUrl":"https:\/\/www.sinchisinchi.com\/wp-content\/uploads\/2026\/01\/3b-Verde-SIMPLIFICADO-HORIZONTAL-F-TRANSPARENTE-scaled.png","width":2560,"height":457,"caption":"SINCHI S.L"},"image":{"@id":"https:\/\/www.sinchisinchi.com\/nl\/#\/schema\/logo\/image\/"},"sameAs":["https:\/\/www.facebook.com\/sinchirape\/","https:\/\/www.instagram.com\/sinchi_rape\/"]}]}},"_links":{"self":[{"href":"https:\/\/www.sinchisinchi.com\/nl\/wp-json\/wp\/v2\/product\/14028","targetHints":{"allow":["GET"]}}],"collection":[{"href":"https:\/\/www.sinchisinchi.com\/nl\/wp-json\/wp\/v2\/product"}],"about":[{"href":"https:\/\/www.sinchisinchi.com\/nl\/wp-json\/wp\/v2\/types\/product"}],"wp:featuredmedia":[{"embeddable":true,"href":"https:\/\/www.sinchisinchi.com\/nl\/wp-json\/wp\/v2\/media\/13930"}],"wp:attachment":[{"href":"https:\/\/www.sinchisinchi.com\/nl\/wp-json\/wp\/v2\/media?parent=14028"}],"wp:term":[{"taxonomy":"product_brand","embeddable":true,"href":"https:\/\/www.sinchisinchi.com\/nl\/wp-json\/wp\/v2\/product_brand?post=14028"},{"taxonomy":"product_cat","embeddable":true,"href":"https:\/\/www.sinchisinchi.com\/nl\/wp-json\/wp\/v2\/product_cat?post=14028"},{"taxonomy":"product_tag","embeddable":true,"href":"https:\/\/www.sinchisinchi.com\/nl\/wp-json\/wp\/v2\/product_tag?post=14028"}],"curies":[{"name":"wp","href":"https:\/\/api.w.org\/{rel}","templated":true}]}}