{"id":14035,"date":"2024-05-07T11:05:04","date_gmt":"2024-05-07T11:05:04","guid":{"rendered":"https:\/\/www.sinchisinchi.com\/producto\/aloe-vera\/"},"modified":"2024-05-21T12:21:46","modified_gmt":"2024-05-21T12:21:46","slug":"aloe-vera","status":"publish","type":"product","link":"https:\/\/www.sinchisinchi.com\/nl\/producto\/aloe-vera\/","title":{"rendered":"Alo\u00eb vera"},"content":{"rendered":"<h3 style=\"text-align: center;\"><strong>Geschiedenis<\/strong><\/h3>\n<p>&nbsp;<\/p>\n<h3 style=\"text-align: center;\"><strong>Arabische wereld<\/strong><\/h3>\n<p>De Alo\u00eb vera-plant komt oorspronkelijk uit Afrika, met name het Arabische schiereiland. De generieke naam Alo\u00eb komt van de Arabische term alloeh, wat heldere en bittere substantie betekent. Het wordt ook alo\u00eb vera genoemd; Deze en andere varianten zijn te wijten aan de vervorming van het Arabische woord \u00c7abila, wat doornige plant betekent.<\/p>\n<p>Zij waren de eersten die de plant op de markt brachten. Ze haalden het vruchtvlees eruit met behulp van houten persen of door zelf op de bladeren te trappen, op een vergelijkbare manier als bij het verkrijgen van wijn.<\/p>\n<p>Daarna lieten ze het drogen in de zon en werd de gel vermalen tot poeder, waardoor het makkelijker op de markt te brengen was. Hierdoor werd Alo\u00eb Vera in de 6e eeuw voor Christus al ge\u00ebxporteerd naar Perzi\u00eb en India.<\/p>\n<p>&nbsp;<\/p>\n<h3 style=\"text-align: center;\"><strong>Egypte<\/strong><\/h3>\n<p>Omdat het cosmetische eigenschappen bevat, gebruikten Cleopatra en Nefertiti het sap van de plant voor hun dagelijkse schoonheidsrituelen. Het werd ook door priesters gebruikt bij het balsemen van de farao&#8217;s, bij Egyptische begrafenisrituelen. Onder de oude Egyptenaren stond het bekend als de plant van onsterfelijkheid.<\/p>\n<p>In de Ebers-papyrus, of \u2018Boek der Remedies\u2019, een Egyptische verhandeling over geneeskunde uit de 15e eeuw voor Christus, bewaard in Leipzig, worden meer dan een dozijn remedies gemaakt met alo\u00eb vera gedetailleerd beschreven.<\/p>\n<p>&nbsp;<\/p>\n<h3 style=\"text-align: center;\"><strong>Griekenland<\/strong><\/h3>\n<p>Hippocrates vertelt over de geneeskrachtige eigenschappen ervan.<\/p>\n<p>Volgens de legende gebruikte Alexander de Grote, gewond door een pijl tijdens het beleg van Gaza, een mengsel met Alo\u00eb Vera om zijn wond te genezen. Omdat hij gefascineerd was door de genezende krachten van de plant, besloot hij Socotra te veroveren, een eiland waar de oogst van Alo\u00eb vera overvloedig aanwezig was.<\/p>\n<p>&nbsp;<\/p>\n<h3 style=\"text-align: center;\"><strong>Rome<\/strong><\/h3>\n<p>De Romeinen ontdekten de plant tijdens de Punische oorlogen en waren gefascineerd door de genezende kracht ervan op de littekens van krijgers.<\/p>\n<p>Tijdens het mandaat van keizer Nero vertelde zijn arts Dioscorides in zijn verhandeling De Materia Medica over het historische gebruik van zo&#8217;n 600 geneeskrachtige planten, waaronder een van zijn favorieten, Alo\u00eb Vera. Hij beschouwde de plant als ideaal voor de behandeling van ziekten en kwalen, bekend om zijn anticoagulerende kracht van bloed uit wonden en om zijn genezende eigenschappen.<\/p>\n<p>&nbsp;<\/p>\n<h3 style=\"text-align: center;\"><strong>Verre Oosten<\/strong><\/h3>\n<p>De Chinezen waren de eersten die de plant voor medicinale doeleinden gebruikten. In Japan smeerden samoerai de gel van de plant op zichzelf om kwade geesten af \u200b\u200bte weren en onsterfelijkheid te bereiken.<\/p>\n<p>&nbsp;<\/p>\n<h3 style=\"text-align: center;\"><strong>Spanje<\/strong><\/h3>\n<p>Tijdens de 16e eeuw verzamelden Spaanse jezu\u00efetenmonniken wilde alo\u00eb vera en verspreidden deze naar gebieden waar deze nog niet werd verbouwd. De Maya-indianen noemden het sap van deze woestijnplant de \u2018Fontein van de Jeugd\u2019 en gebruikten het ook als insectenwerend middel op hout en andere materialen die kwetsbaar zijn voor insectenschade.<\/p>\n<p>Het werd door Christoffel Columbus op het Amerikaanse continent ge\u00efntroduceerd ten tijde van de ontdekking van Amerika, omdat hij het als medicijn voor zijn bemanning gebruikte. In die jaren had Spanje al aanzienlijke plantages van deze groente, waarschijnlijk achtergelaten als erfenis van de islamitische invasie.<\/p>\n<p>&nbsp;<\/p>\n<h3 style=\"text-align: center;\"><strong>Plant<\/strong><\/h3>\n<p>Alo\u00eb vera (Aloe barbadensis Miller) behoort tot dezelfde familie als knoflook, ui en asperges, waarvan bekend is dat ze geneeskrachtige eigenschappen hebben.<\/p>\n<p>Het heeft langwerpige, vlezige bladeren die rijk zijn aan water, bereikt een hoogte van 50 tot 70 cm met stengels van 30 tot 40 cm lang, met getande randen, en de bloemen zijn geel. Het past zich aan aan het leven in gebieden met weinig waterbeschikbaarheid en heeft een grote opslagcapaciteit.<\/p>\n<p>Van de ongeveer 300 soorten Alo\u00eb zijn er vier soorten die de grootste geneeskrachtige eigenschappen hebben: Aloe barbadensis Miller, Aloe perryi Baker, Aloe ferox en Aloe arborescens. Alo\u00eb barbadensis Miller wordt het meest gebruikt in de geneeskunde en cosmetica.<\/p>\n","protected":false},"excerpt":{"rendered":"<p>Natuurlijke Alo\u00eb Vera-zeep combineert de uitstekende eigenschappen van Marseille-zeep met die van Alo\u00eb en bevordert een snelle regeneratie van de huid dankzij de vitamines A, C, aminozuren en antrachinonen.<\/p>\n<p>Sinds de oudheid hebben verschillende volkeren en culturen waargenomen dat wanneer er een snee ontstaat in een van de Alo\u00eb Vera-bladeren, deze onmiddellijk geneest. Traditioneel wordt het gebruikt om brandwonden, wonden en huidaandoeningen te genezen.<\/p>\n<p>Alo\u00eb vera was voor de Egyptenaren de plant van onsterfelijkheid, voor de Sumeri\u00ebrs een magische deugd, voor de Tempeliers het elixer van Jeruzalem en voor de Arabieren de eeuwige fontein van de jeugd. Het Egyptische volk was waarschijnlijk de eerste die alo\u00eb vera gebruikte. Het oudste document waarin het voorkomt is de Ebers-papyrus.<\/p>\n<p>Alo\u00eb Vera is een plant die tot het vrouwelijk geslacht behoort en wordt geassocieerd met de maan, het waterelement. Traditioneel wordt het gebruikt om geluk aan te trekken en vanwege zijn krachtige beschermende eigenschappen.<\/p>\n<p>Deze zeep is handgemaakt in Marseille volgens oude methoden en eeuwenoude recepten met volledig natuurlijke ingredi\u00ebnten: Mediterraan zeewater, essenti\u00eble olie van sandelhout, hoogwaardige plantaardige oli\u00ebn en natriumcarbonaat. Het is 100% biologisch afbreekbaar.<\/p>\n<p>&nbsp;<\/p>\n<p><strong>Grootte:<\/strong> 125g<\/p>\n","protected":false},"featured_media":13947,"template":"","meta":{"_joinchat":[]},"product_brand":[],"product_cat":[177,341],"product_tag":[],"class_list":{"0":"post-14035","1":"product","2":"type-product","3":"status-publish","4":"has-post-thumbnail","6":"product_cat-sin-categoria-nl","7":"product_cat-zepen","9":"first","10":"instock","11":"taxable","12":"shipping-taxable","13":"purchasable","14":"product-type-simple"},"yoast_head":"<!-- This site is optimized with the Yoast SEO plugin v27.4 - https:\/\/yoast.com\/product\/yoast-seo-wordpress\/ -->\n<title>Alo\u00eb Vera Zeep: Sjamanistische Winkel<\/title>\n<meta name=\"description\" content=\"Alo\u00eb vera was voor de Egyptenaren de plant van onsterfelijkheid, voor de Tempeliers het elixer van Jeruzalem en voor de Arabieren de fontein van de jeugd.\" \/>\n<meta name=\"robots\" content=\"index, follow, max-snippet:-1, max-image-preview:large, max-video-preview:-1\" \/>\n<link rel=\"canonical\" href=\"https:\/\/www.sinchisinchi.com\/nl\/producto\/aloe-vera\/\" \/>\n<meta property=\"og:locale\" content=\"nl_NL\" \/>\n<meta property=\"og:type\" content=\"article\" \/>\n<meta property=\"og:title\" content=\"Alo\u00eb Vera Zeep: Sjamanistische Winkel\" \/>\n<meta property=\"og:description\" content=\"Alo\u00eb vera was voor de Egyptenaren de plant van onsterfelijkheid, voor de Tempeliers het elixer van Jeruzalem en voor de Arabieren de fontein van de jeugd.\" \/>\n<meta property=\"og:url\" content=\"https:\/\/www.sinchisinchi.com\/nl\/producto\/aloe-vera\/\" \/>\n<meta property=\"og:site_name\" content=\"SINCHI RAP\u00c9\" \/>\n<meta property=\"article:publisher\" content=\"https:\/\/www.facebook.com\/sinchirape\/\" \/>\n<meta property=\"article:modified_time\" content=\"2024-05-21T12:21:46+00:00\" \/>\n<meta property=\"og:image\" content=\"https:\/\/www.sinchisinchi.com\/wp-content\/uploads\/2024\/05\/18-Aloe-vera.jpg\" \/>\n\t<meta property=\"og:image:width\" content=\"1024\" \/>\n\t<meta property=\"og:image:height\" content=\"1024\" \/>\n\t<meta property=\"og:image:type\" content=\"image\/jpeg\" \/>\n<meta name=\"twitter:card\" content=\"summary_large_image\" \/>\n<meta name=\"twitter:label1\" content=\"Geschatte leestijd\" \/>\n\t<meta name=\"twitter:data1\" content=\"3 minuten\" \/>\n<script type=\"application\/ld+json\" class=\"yoast-schema-graph\">{\"@context\":\"https:\\\/\\\/schema.org\",\"@graph\":[{\"@type\":\"WebPage\",\"@id\":\"https:\\\/\\\/www.sinchisinchi.com\\\/nl\\\/producto\\\/aloe-vera\\\/\",\"url\":\"https:\\\/\\\/www.sinchisinchi.com\\\/nl\\\/producto\\\/aloe-vera\\\/\",\"name\":\"Alo\u00eb Vera Zeep: Sjamanistische Winkel\",\"isPartOf\":{\"@id\":\"https:\\\/\\\/www.sinchisinchi.com\\\/nl\\\/#website\"},\"primaryImageOfPage\":{\"@id\":\"https:\\\/\\\/www.sinchisinchi.com\\\/nl\\\/producto\\\/aloe-vera\\\/#primaryimage\"},\"image\":{\"@id\":\"https:\\\/\\\/www.sinchisinchi.com\\\/nl\\\/producto\\\/aloe-vera\\\/#primaryimage\"},\"thumbnailUrl\":\"https:\\\/\\\/www.sinchisinchi.com\\\/wp-content\\\/uploads\\\/2024\\\/05\\\/18-Aloe-vera.jpg\",\"datePublished\":\"2024-05-07T11:05:04+00:00\",\"dateModified\":\"2024-05-21T12:21:46+00:00\",\"description\":\"Alo\u00eb vera was voor de Egyptenaren de plant van onsterfelijkheid, voor de Tempeliers het elixer van Jeruzalem en voor de Arabieren de fontein van de jeugd.\",\"breadcrumb\":{\"@id\":\"https:\\\/\\\/www.sinchisinchi.com\\\/nl\\\/producto\\\/aloe-vera\\\/#breadcrumb\"},\"inLanguage\":\"nl-NL\",\"potentialAction\":[{\"@type\":\"ReadAction\",\"target\":[\"https:\\\/\\\/www.sinchisinchi.com\\\/nl\\\/producto\\\/aloe-vera\\\/\"]}]},{\"@type\":\"ImageObject\",\"inLanguage\":\"nl-NL\",\"@id\":\"https:\\\/\\\/www.sinchisinchi.com\\\/nl\\\/producto\\\/aloe-vera\\\/#primaryimage\",\"url\":\"https:\\\/\\\/www.sinchisinchi.com\\\/wp-content\\\/uploads\\\/2024\\\/05\\\/18-Aloe-vera.jpg\",\"contentUrl\":\"https:\\\/\\\/www.sinchisinchi.com\\\/wp-content\\\/uploads\\\/2024\\\/05\\\/18-Aloe-vera.jpg\",\"width\":1024,\"height\":1024},{\"@type\":\"BreadcrumbList\",\"@id\":\"https:\\\/\\\/www.sinchisinchi.com\\\/nl\\\/producto\\\/aloe-vera\\\/#breadcrumb\",\"itemListElement\":[{\"@type\":\"ListItem\",\"position\":1,\"name\":\"Voorpagina\",\"item\":\"https:\\\/\\\/www.sinchisinchi.com\\\/nl\\\/\"},{\"@type\":\"ListItem\",\"position\":2,\"name\":\"Producten\",\"item\":\"https:\\\/\\\/www.sinchisinchi.com\\\/nl\\\/shop\\\/\"},{\"@type\":\"ListItem\",\"position\":3,\"name\":\"Alo\u00eb vera\"}]},{\"@type\":\"WebSite\",\"@id\":\"https:\\\/\\\/www.sinchisinchi.com\\\/nl\\\/#website\",\"url\":\"https:\\\/\\\/www.sinchisinchi.com\\\/nl\\\/\",\"name\":\"SINCHI\",\"description\":\"Sinchi Medicine\",\"publisher\":{\"@id\":\"https:\\\/\\\/www.sinchisinchi.com\\\/nl\\\/#organization\"},\"potentialAction\":[{\"@type\":\"SearchAction\",\"target\":{\"@type\":\"EntryPoint\",\"urlTemplate\":\"https:\\\/\\\/www.sinchisinchi.com\\\/nl\\\/?s={search_term_string}\"},\"query-input\":{\"@type\":\"PropertyValueSpecification\",\"valueRequired\":true,\"valueName\":\"search_term_string\"}}],\"inLanguage\":\"nl-NL\"},{\"@type\":\"Organization\",\"@id\":\"https:\\\/\\\/www.sinchisinchi.com\\\/nl\\\/#organization\",\"name\":\"SINCHI S.L\",\"url\":\"https:\\\/\\\/www.sinchisinchi.com\\\/nl\\\/\",\"logo\":{\"@type\":\"ImageObject\",\"inLanguage\":\"nl-NL\",\"@id\":\"https:\\\/\\\/www.sinchisinchi.com\\\/nl\\\/#\\\/schema\\\/logo\\\/image\\\/\",\"url\":\"https:\\\/\\\/www.sinchisinchi.com\\\/wp-content\\\/uploads\\\/2026\\\/01\\\/3b-Verde-SIMPLIFICADO-HORIZONTAL-F-TRANSPARENTE-scaled.png\",\"contentUrl\":\"https:\\\/\\\/www.sinchisinchi.com\\\/wp-content\\\/uploads\\\/2026\\\/01\\\/3b-Verde-SIMPLIFICADO-HORIZONTAL-F-TRANSPARENTE-scaled.png\",\"width\":2560,\"height\":457,\"caption\":\"SINCHI S.L\"},\"image\":{\"@id\":\"https:\\\/\\\/www.sinchisinchi.com\\\/nl\\\/#\\\/schema\\\/logo\\\/image\\\/\"},\"sameAs\":[\"https:\\\/\\\/www.facebook.com\\\/sinchirape\\\/\",\"https:\\\/\\\/www.instagram.com\\\/sinchi_rape\\\/\"]}]}<\/script>\n<!-- \/ Yoast SEO plugin. -->","yoast_head_json":{"title":"Alo\u00eb Vera Zeep: Sjamanistische Winkel","description":"Alo\u00eb vera was voor de Egyptenaren de plant van onsterfelijkheid, voor de Tempeliers het elixer van Jeruzalem en voor de Arabieren de fontein van de jeugd.","robots":{"index":"index","follow":"follow","max-snippet":"max-snippet:-1","max-image-preview":"max-image-preview:large","max-video-preview":"max-video-preview:-1"},"canonical":"https:\/\/www.sinchisinchi.com\/nl\/producto\/aloe-vera\/","og_locale":"nl_NL","og_type":"article","og_title":"Alo\u00eb Vera Zeep: Sjamanistische Winkel","og_description":"Alo\u00eb vera was voor de Egyptenaren de plant van onsterfelijkheid, voor de Tempeliers het elixer van Jeruzalem en voor de Arabieren de fontein van de jeugd.","og_url":"https:\/\/www.sinchisinchi.com\/nl\/producto\/aloe-vera\/","og_site_name":"SINCHI RAP\u00c9","article_publisher":"https:\/\/www.facebook.com\/sinchirape\/","article_modified_time":"2024-05-21T12:21:46+00:00","og_image":[{"width":1024,"height":1024,"url":"https:\/\/www.sinchisinchi.com\/wp-content\/uploads\/2024\/05\/18-Aloe-vera.jpg","type":"image\/jpeg"}],"twitter_card":"summary_large_image","twitter_misc":{"Geschatte leestijd":"3 minuten"},"schema":{"@context":"https:\/\/schema.org","@graph":[{"@type":"WebPage","@id":"https:\/\/www.sinchisinchi.com\/nl\/producto\/aloe-vera\/","url":"https:\/\/www.sinchisinchi.com\/nl\/producto\/aloe-vera\/","name":"Alo\u00eb Vera Zeep: Sjamanistische Winkel","isPartOf":{"@id":"https:\/\/www.sinchisinchi.com\/nl\/#website"},"primaryImageOfPage":{"@id":"https:\/\/www.sinchisinchi.com\/nl\/producto\/aloe-vera\/#primaryimage"},"image":{"@id":"https:\/\/www.sinchisinchi.com\/nl\/producto\/aloe-vera\/#primaryimage"},"thumbnailUrl":"https:\/\/www.sinchisinchi.com\/wp-content\/uploads\/2024\/05\/18-Aloe-vera.jpg","datePublished":"2024-05-07T11:05:04+00:00","dateModified":"2024-05-21T12:21:46+00:00","description":"Alo\u00eb vera was voor de Egyptenaren de plant van onsterfelijkheid, voor de Tempeliers het elixer van Jeruzalem en voor de Arabieren de fontein van de jeugd.","breadcrumb":{"@id":"https:\/\/www.sinchisinchi.com\/nl\/producto\/aloe-vera\/#breadcrumb"},"inLanguage":"nl-NL","potentialAction":[{"@type":"ReadAction","target":["https:\/\/www.sinchisinchi.com\/nl\/producto\/aloe-vera\/"]}]},{"@type":"ImageObject","inLanguage":"nl-NL","@id":"https:\/\/www.sinchisinchi.com\/nl\/producto\/aloe-vera\/#primaryimage","url":"https:\/\/www.sinchisinchi.com\/wp-content\/uploads\/2024\/05\/18-Aloe-vera.jpg","contentUrl":"https:\/\/www.sinchisinchi.com\/wp-content\/uploads\/2024\/05\/18-Aloe-vera.jpg","width":1024,"height":1024},{"@type":"BreadcrumbList","@id":"https:\/\/www.sinchisinchi.com\/nl\/producto\/aloe-vera\/#breadcrumb","itemListElement":[{"@type":"ListItem","position":1,"name":"Voorpagina","item":"https:\/\/www.sinchisinchi.com\/nl\/"},{"@type":"ListItem","position":2,"name":"Producten","item":"https:\/\/www.sinchisinchi.com\/nl\/shop\/"},{"@type":"ListItem","position":3,"name":"Alo\u00eb vera"}]},{"@type":"WebSite","@id":"https:\/\/www.sinchisinchi.com\/nl\/#website","url":"https:\/\/www.sinchisinchi.com\/nl\/","name":"SINCHI","description":"Sinchi Medicine","publisher":{"@id":"https:\/\/www.sinchisinchi.com\/nl\/#organization"},"potentialAction":[{"@type":"SearchAction","target":{"@type":"EntryPoint","urlTemplate":"https:\/\/www.sinchisinchi.com\/nl\/?s={search_term_string}"},"query-input":{"@type":"PropertyValueSpecification","valueRequired":true,"valueName":"search_term_string"}}],"inLanguage":"nl-NL"},{"@type":"Organization","@id":"https:\/\/www.sinchisinchi.com\/nl\/#organization","name":"SINCHI S.L","url":"https:\/\/www.sinchisinchi.com\/nl\/","logo":{"@type":"ImageObject","inLanguage":"nl-NL","@id":"https:\/\/www.sinchisinchi.com\/nl\/#\/schema\/logo\/image\/","url":"https:\/\/www.sinchisinchi.com\/wp-content\/uploads\/2026\/01\/3b-Verde-SIMPLIFICADO-HORIZONTAL-F-TRANSPARENTE-scaled.png","contentUrl":"https:\/\/www.sinchisinchi.com\/wp-content\/uploads\/2026\/01\/3b-Verde-SIMPLIFICADO-HORIZONTAL-F-TRANSPARENTE-scaled.png","width":2560,"height":457,"caption":"SINCHI S.L"},"image":{"@id":"https:\/\/www.sinchisinchi.com\/nl\/#\/schema\/logo\/image\/"},"sameAs":["https:\/\/www.facebook.com\/sinchirape\/","https:\/\/www.instagram.com\/sinchi_rape\/"]}]}},"_links":{"self":[{"href":"https:\/\/www.sinchisinchi.com\/nl\/wp-json\/wp\/v2\/product\/14035","targetHints":{"allow":["GET"]}}],"collection":[{"href":"https:\/\/www.sinchisinchi.com\/nl\/wp-json\/wp\/v2\/product"}],"about":[{"href":"https:\/\/www.sinchisinchi.com\/nl\/wp-json\/wp\/v2\/types\/product"}],"wp:featuredmedia":[{"embeddable":true,"href":"https:\/\/www.sinchisinchi.com\/nl\/wp-json\/wp\/v2\/media\/13947"}],"wp:attachment":[{"href":"https:\/\/www.sinchisinchi.com\/nl\/wp-json\/wp\/v2\/media?parent=14035"}],"wp:term":[{"taxonomy":"product_brand","embeddable":true,"href":"https:\/\/www.sinchisinchi.com\/nl\/wp-json\/wp\/v2\/product_brand?post=14035"},{"taxonomy":"product_cat","embeddable":true,"href":"https:\/\/www.sinchisinchi.com\/nl\/wp-json\/wp\/v2\/product_cat?post=14035"},{"taxonomy":"product_tag","embeddable":true,"href":"https:\/\/www.sinchisinchi.com\/nl\/wp-json\/wp\/v2\/product_tag?post=14035"}],"curies":[{"name":"wp","href":"https:\/\/api.w.org\/{rel}","templated":true}]}}