{"id":14289,"date":"2024-05-27T10:25:39","date_gmt":"2024-05-27T10:25:39","guid":{"rendered":"https:\/\/www.sinchisinchi.com\/producto\/maya-cacao-uit-guatemala\/"},"modified":"2024-05-27T10:25:39","modified_gmt":"2024-05-27T10:25:39","slug":"maya-cacao-uit-guatemala","status":"publish","type":"product","link":"https:\/\/www.sinchisinchi.com\/nl\/producto\/maya-cacao-uit-guatemala\/","title":{"rendered":"Maya Cacao uit Guatemala"},"content":{"rendered":"<h2 style=\"text-align: center;\"><strong>Q&#8217;eqchi&#8217; cacao<\/strong><\/h2>\n<p>Kakaw is een eeuwenoude drank van het Q&#8217;eqchi Maya-volk, die bij veel Maya-ceremonies wordt gebruikt.<\/p>\n<p>In de bergachtige regio Alta Verapaz in Guatemala verbouwen inheemse Q&#8217;eqchi-boeren enkele van de beste cacao ter wereld.<\/p>\n<p>In de Lachu\u00e1 Ecoregio ligt een prachtige lagune die sinds 1976 als Nationaal Park wordt beschouwd: de Lachu\u00e1-lagune, waarrond talloze Maya Q&#8217;eqchi&#8217;-families leven, die zich voornamelijk wijden aan de teelt van cacao.<\/p>\n<h3 style=\"text-align: center;\"><strong>Inheems dorp Q&#8217;eqchi<\/strong><\/h3>\n<p>Q&#8217;eqchi&#8217; is een Maya-volk dat nog steeds bestaat in Guatemala. Ze vestigden zich rond enkele heuvels nabij de rivieren Chixoy en Polochic rond 600 voor Christus en hadden contact met oude beschavingen zoals de Pipil, Toltec, Chichimeca en de grote Maya-steden.<\/p>\n<p>Tot de komst van de Spanjaarden werden ze bestuurd door leiders die op hun beurt afhankelijk waren van een grote heer die door alle leiders werd gekozen.<\/p>\n<p>Archeologische vindplaatsen met tekenen van jateado-stenen constructie zijn Chajkar, Chimax, Chinama, Ku&#8217;k&#8217;uch in Chinapet\u00e9n en achter de Calvarieberg van San Pedro Carch\u00e1. De Calvarieberg van Cob\u00e1n is een van de belangrijkste ceremoni\u00eble centra van de Maya&#8217;s.<\/p>\n<p>De belangrijkste economische activiteit wordt vertegenwoordigd door de landbouw; Er worden ma\u00efs en bonen geplant, die het gezinsvoedsel vormen, aangevuld met het fokken van vogels, varkens en andere huisdieren.<\/p>\n<p>Zijn naam wordt gespeld als Kekch\u00ed (volgens de huidige spelling) of Q&#8217;eqchi&#8217; (volgens de oude spelling).<\/p>\n<h3 style=\"text-align: center;\"><strong>geboortedorp Mop\u00e1n<\/strong><\/h3>\n<p>De Mop\u00e1n-bevolking is een van de Maya-steden in Belize en Guatemala in het departement Pet\u00e9n. Hun inheemse taal wordt ook wel Mop\u00e1n genoemd, en het is een van de Yucatecan Maya-talen uit Mexico, die wordt beschouwd als een taal die met uitsterven wordt bedreigd.<\/p>\n<p>Hun dieet is gebaseerd op ma\u00efs, waarvan een groot aantal van hun traditionele recepten is afgeleid: nuk (broodje), tait (mais tamale), k&#8217;a k&#8217;aan ek&#8217;en (gerookte celdistel), chu&#8217; uk wa ( zoete toast).<\/p>\n<p>De Mop\u00e1n-gemeenschap is gespecialiseerd in het borduren van stoffen, waarmee ze overhemden, blouses, tassen, borstelhouders, tafelkleden en hoezen maken. Voor het maken van borduurwerk worden Dacron-stof, wol en draad gebruikt.<\/p>\n<p>De Mop\u00e1n-taal maakt deel uit van de Maya-taalfamilie uit Mexico. Hoewel het in verval is geraakt als gevolg van de invloed van het Spaans en het Engels, wordt het in veel Mopan-gemeenschappen nog steeds gesproken. Enkele veel voorkomende woorden in Mop\u00e1n zijn \u201cK\u2019iche&#8217;\u201d (bos), \u201cNo\u2019j\u201d (wijsheid) en \u201cTz\u2019ikin\u201d (vogel). Het behoud van hun taal wordt gezien als een cruciaal onderdeel voor het voortbestaan \u200b\u200bvan hun cultuur.<\/p>\n<p>Momenteel worden de Mop\u00e1n geconfronteerd met tal van uitdagingen, waaronder het behoud van hun cultuur en land in het licht van de modernisering en globalisering, het levend houden van hun tradities en taal en het zich aanpassen aan veranderingen zonder hun essentie te verliezen.<\/p>\n<p>Het Mop\u00e1n-wereldbeeld begrijpt de wereld als een onderling verbonden entiteit waarin elk element, of het nu menselijk, dierlijk of natuurlijk is, een cruciale rol speelt. Dit wereldbeeld be\u00efnvloedt alle aspecten van hun leven, van de landbouw tot sociale relaties.<\/p>\n","protected":false},"excerpt":{"rendered":"<p>100% pure cacao van ceremoni\u00eble kwaliteit, afkomstig van de<strong> inheemse Maya Q&#8217;eqchi-families.<\/strong><\/p>\n<p>Deze cacao van ceremoni\u00eble kwaliteit wordt verbouwd en geoogst door <strong>inheemse Q&#8217;eqchi&#8217; Maya-families,<\/strong> waarvan velen in de <strong>hooglanden van<\/strong> <strong>Guatemala rond Laguna Lachu\u00e1<\/strong>, een prachtige cenote.<\/p>\n<p>De Maya&#8217;s verbouwen al duizenden jaren cacao in perfecte harmonie, samen met honing, kardemom en ma\u00efs.<\/p>\n<p>De inheemse Q&#8217;eqchi-gemeenschappen zijn de bewakers van de heiligheid van cacao en hebben de voorouderlijke ceremonies van vuur en cacao duizenden jaren lang bewaard.<\/p>\n<p>&nbsp;<\/p>\n<p><strong>Type:<\/strong> Cacao van ceremoni\u00eble kwaliteit.<\/p>\n<p><strong>Ingredi\u00ebnten:<\/strong> Cacao van ceremoni\u00eble kwaliteit, Cayennepeper, Ceylonkaneel en Vanille.<\/p>\n<p><strong>Herkomst:<\/strong> Mayastammen in het zuiden van Belize.<\/p>\n<p><strong>Presentatie:<\/strong> Cacaoblok.<\/p>\n<p><strong>Afmeting:<\/strong> 500 gram.<\/p>\n<p><strong>Opslag:<\/strong> Opslaan op een koele, droge plaats, uit de buurt van direct zonlicht.<\/p>\n","protected":false},"featured_media":0,"template":"","meta":{"_joinchat":[]},"product_brand":[],"product_cat":[401],"product_tag":[],"class_list":{"0":"post-14289","1":"product","2":"type-product","3":"status-publish","5":"product_cat-cacao-nr","7":"first","8":"instock","9":"taxable","10":"shipping-taxable","11":"purchasable","12":"product-type-simple"},"yoast_head":"<!-- This site is optimized with the Yoast SEO plugin v27.1.1 - https:\/\/yoast.com\/product\/yoast-seo-wordpress\/ -->\n<title>Ceremoni\u00eble cacao uit Guatemala: Sinchi, sjamanistische winkel<\/title>\n<meta name=\"description\" content=\"Deze cacao van ceremoni\u00eble kwaliteit wordt verbouwd en geoogst door inheemse Q&#039;eqchi&#039; Maya-families rond Laguna Lachu\u00e1.\" \/>\n<meta name=\"robots\" content=\"index, follow, max-snippet:-1, max-image-preview:large, max-video-preview:-1\" \/>\n<link rel=\"canonical\" href=\"https:\/\/www.sinchisinchi.com\/nl\/producto\/maya-cacao-uit-guatemala\/\" \/>\n<meta property=\"og:locale\" content=\"nl_NL\" \/>\n<meta property=\"og:type\" content=\"article\" \/>\n<meta property=\"og:title\" content=\"Ceremoni\u00eble cacao uit Guatemala: Sinchi, sjamanistische winkel\" \/>\n<meta property=\"og:description\" content=\"Deze cacao van ceremoni\u00eble kwaliteit wordt verbouwd en geoogst door inheemse Q&#039;eqchi&#039; Maya-families rond Laguna Lachu\u00e1.\" \/>\n<meta property=\"og:url\" content=\"https:\/\/www.sinchisinchi.com\/nl\/producto\/maya-cacao-uit-guatemala\/\" \/>\n<meta property=\"og:site_name\" content=\"SINCHI RAP\u00c9\" \/>\n<meta property=\"article:publisher\" content=\"https:\/\/www.facebook.com\/sinchirape\/\" \/>\n<meta name=\"twitter:card\" content=\"summary_large_image\" \/>\n<meta name=\"twitter:label1\" content=\"Geschatte leestijd\" \/>\n\t<meta name=\"twitter:data1\" content=\"2 minuten\" \/>\n<script type=\"application\/ld+json\" class=\"yoast-schema-graph\">{\"@context\":\"https:\/\/schema.org\",\"@graph\":[{\"@type\":\"WebPage\",\"@id\":\"https:\/\/www.sinchisinchi.com\/nl\/producto\/maya-cacao-uit-guatemala\/\",\"url\":\"https:\/\/www.sinchisinchi.com\/nl\/producto\/maya-cacao-uit-guatemala\/\",\"name\":\"Ceremoni\u00eble cacao uit Guatemala: Sinchi, sjamanistische winkel\",\"isPartOf\":{\"@id\":\"https:\/\/www.sinchisinchi.com\/nl\/#website\"},\"datePublished\":\"2024-05-27T10:25:39+00:00\",\"description\":\"Deze cacao van ceremoni\u00eble kwaliteit wordt verbouwd en geoogst door inheemse Q'eqchi' Maya-families rond Laguna Lachu\u00e1.\",\"breadcrumb\":{\"@id\":\"https:\/\/www.sinchisinchi.com\/nl\/producto\/maya-cacao-uit-guatemala\/#breadcrumb\"},\"inLanguage\":\"nl-NL\",\"potentialAction\":[{\"@type\":\"ReadAction\",\"target\":[\"https:\/\/www.sinchisinchi.com\/nl\/producto\/maya-cacao-uit-guatemala\/\"]}]},{\"@type\":\"BreadcrumbList\",\"@id\":\"https:\/\/www.sinchisinchi.com\/nl\/producto\/maya-cacao-uit-guatemala\/#breadcrumb\",\"itemListElement\":[{\"@type\":\"ListItem\",\"position\":1,\"name\":\"Voorpagina\",\"item\":\"https:\/\/www.sinchisinchi.com\/nl\/\"},{\"@type\":\"ListItem\",\"position\":2,\"name\":\"Producten\",\"item\":\"https:\/\/www.sinchisinchi.com\/nl\/shop\/\"},{\"@type\":\"ListItem\",\"position\":3,\"name\":\"Maya Cacao uit Guatemala\"}]},{\"@type\":\"WebSite\",\"@id\":\"https:\/\/www.sinchisinchi.com\/nl\/#website\",\"url\":\"https:\/\/www.sinchisinchi.com\/nl\/\",\"name\":\"SINCHI\",\"description\":\"Sinchi Medicine\",\"publisher\":{\"@id\":\"https:\/\/www.sinchisinchi.com\/nl\/#organization\"},\"potentialAction\":[{\"@type\":\"SearchAction\",\"target\":{\"@type\":\"EntryPoint\",\"urlTemplate\":\"https:\/\/www.sinchisinchi.com\/nl\/?s={search_term_string}\"},\"query-input\":{\"@type\":\"PropertyValueSpecification\",\"valueRequired\":true,\"valueName\":\"search_term_string\"}}],\"inLanguage\":\"nl-NL\"},{\"@type\":\"Organization\",\"@id\":\"https:\/\/www.sinchisinchi.com\/nl\/#organization\",\"name\":\"SINCHI S.L\",\"url\":\"https:\/\/www.sinchisinchi.com\/nl\/\",\"logo\":{\"@type\":\"ImageObject\",\"inLanguage\":\"nl-NL\",\"@id\":\"https:\/\/www.sinchisinchi.com\/nl\/#\/schema\/logo\/image\/\",\"url\":\"https:\/\/www.sinchisinchi.com\/wp-content\/uploads\/2026\/01\/3b-Verde-SIMPLIFICADO-HORIZONTAL-F-TRANSPARENTE-scaled.png\",\"contentUrl\":\"https:\/\/www.sinchisinchi.com\/wp-content\/uploads\/2026\/01\/3b-Verde-SIMPLIFICADO-HORIZONTAL-F-TRANSPARENTE-scaled.png\",\"width\":2560,\"height\":457,\"caption\":\"SINCHI S.L\"},\"image\":{\"@id\":\"https:\/\/www.sinchisinchi.com\/nl\/#\/schema\/logo\/image\/\"},\"sameAs\":[\"https:\/\/www.facebook.com\/sinchirape\/\",\"https:\/\/www.instagram.com\/sinchi_rape\/\"]}]}<\/script>\n<!-- \/ Yoast SEO plugin. -->","yoast_head_json":{"title":"Ceremoni\u00eble cacao uit Guatemala: Sinchi, sjamanistische winkel","description":"Deze cacao van ceremoni\u00eble kwaliteit wordt verbouwd en geoogst door inheemse Q'eqchi' Maya-families rond Laguna Lachu\u00e1.","robots":{"index":"index","follow":"follow","max-snippet":"max-snippet:-1","max-image-preview":"max-image-preview:large","max-video-preview":"max-video-preview:-1"},"canonical":"https:\/\/www.sinchisinchi.com\/nl\/producto\/maya-cacao-uit-guatemala\/","og_locale":"nl_NL","og_type":"article","og_title":"Ceremoni\u00eble cacao uit Guatemala: Sinchi, sjamanistische winkel","og_description":"Deze cacao van ceremoni\u00eble kwaliteit wordt verbouwd en geoogst door inheemse Q'eqchi' Maya-families rond Laguna Lachu\u00e1.","og_url":"https:\/\/www.sinchisinchi.com\/nl\/producto\/maya-cacao-uit-guatemala\/","og_site_name":"SINCHI RAP\u00c9","article_publisher":"https:\/\/www.facebook.com\/sinchirape\/","twitter_card":"summary_large_image","twitter_misc":{"Geschatte leestijd":"2 minuten"},"schema":{"@context":"https:\/\/schema.org","@graph":[{"@type":"WebPage","@id":"https:\/\/www.sinchisinchi.com\/nl\/producto\/maya-cacao-uit-guatemala\/","url":"https:\/\/www.sinchisinchi.com\/nl\/producto\/maya-cacao-uit-guatemala\/","name":"Ceremoni\u00eble cacao uit Guatemala: Sinchi, sjamanistische winkel","isPartOf":{"@id":"https:\/\/www.sinchisinchi.com\/nl\/#website"},"datePublished":"2024-05-27T10:25:39+00:00","description":"Deze cacao van ceremoni\u00eble kwaliteit wordt verbouwd en geoogst door inheemse Q'eqchi' Maya-families rond Laguna Lachu\u00e1.","breadcrumb":{"@id":"https:\/\/www.sinchisinchi.com\/nl\/producto\/maya-cacao-uit-guatemala\/#breadcrumb"},"inLanguage":"nl-NL","potentialAction":[{"@type":"ReadAction","target":["https:\/\/www.sinchisinchi.com\/nl\/producto\/maya-cacao-uit-guatemala\/"]}]},{"@type":"BreadcrumbList","@id":"https:\/\/www.sinchisinchi.com\/nl\/producto\/maya-cacao-uit-guatemala\/#breadcrumb","itemListElement":[{"@type":"ListItem","position":1,"name":"Voorpagina","item":"https:\/\/www.sinchisinchi.com\/nl\/"},{"@type":"ListItem","position":2,"name":"Producten","item":"https:\/\/www.sinchisinchi.com\/nl\/shop\/"},{"@type":"ListItem","position":3,"name":"Maya Cacao uit Guatemala"}]},{"@type":"WebSite","@id":"https:\/\/www.sinchisinchi.com\/nl\/#website","url":"https:\/\/www.sinchisinchi.com\/nl\/","name":"SINCHI","description":"Sinchi Medicine","publisher":{"@id":"https:\/\/www.sinchisinchi.com\/nl\/#organization"},"potentialAction":[{"@type":"SearchAction","target":{"@type":"EntryPoint","urlTemplate":"https:\/\/www.sinchisinchi.com\/nl\/?s={search_term_string}"},"query-input":{"@type":"PropertyValueSpecification","valueRequired":true,"valueName":"search_term_string"}}],"inLanguage":"nl-NL"},{"@type":"Organization","@id":"https:\/\/www.sinchisinchi.com\/nl\/#organization","name":"SINCHI S.L","url":"https:\/\/www.sinchisinchi.com\/nl\/","logo":{"@type":"ImageObject","inLanguage":"nl-NL","@id":"https:\/\/www.sinchisinchi.com\/nl\/#\/schema\/logo\/image\/","url":"https:\/\/www.sinchisinchi.com\/wp-content\/uploads\/2026\/01\/3b-Verde-SIMPLIFICADO-HORIZONTAL-F-TRANSPARENTE-scaled.png","contentUrl":"https:\/\/www.sinchisinchi.com\/wp-content\/uploads\/2026\/01\/3b-Verde-SIMPLIFICADO-HORIZONTAL-F-TRANSPARENTE-scaled.png","width":2560,"height":457,"caption":"SINCHI S.L"},"image":{"@id":"https:\/\/www.sinchisinchi.com\/nl\/#\/schema\/logo\/image\/"},"sameAs":["https:\/\/www.facebook.com\/sinchirape\/","https:\/\/www.instagram.com\/sinchi_rape\/"]}]}},"_links":{"self":[{"href":"https:\/\/www.sinchisinchi.com\/nl\/wp-json\/wp\/v2\/product\/14289","targetHints":{"allow":["GET"]}}],"collection":[{"href":"https:\/\/www.sinchisinchi.com\/nl\/wp-json\/wp\/v2\/product"}],"about":[{"href":"https:\/\/www.sinchisinchi.com\/nl\/wp-json\/wp\/v2\/types\/product"}],"wp:attachment":[{"href":"https:\/\/www.sinchisinchi.com\/nl\/wp-json\/wp\/v2\/media?parent=14289"}],"wp:term":[{"taxonomy":"product_brand","embeddable":true,"href":"https:\/\/www.sinchisinchi.com\/nl\/wp-json\/wp\/v2\/product_brand?post=14289"},{"taxonomy":"product_cat","embeddable":true,"href":"https:\/\/www.sinchisinchi.com\/nl\/wp-json\/wp\/v2\/product_cat?post=14289"},{"taxonomy":"product_tag","embeddable":true,"href":"https:\/\/www.sinchisinchi.com\/nl\/wp-json\/wp\/v2\/product_tag?post=14289"}],"curies":[{"name":"wp","href":"https:\/\/api.w.org\/{rel}","templated":true}]}}