{"id":14545,"date":"2024-05-27T12:14:26","date_gmt":"2024-05-27T12:14:26","guid":{"rendered":"https:\/\/www.sinchisinchi.com\/producto\/ceremoniele-cacao-innerlijk-vuur\/"},"modified":"2024-07-04T11:40:08","modified_gmt":"2024-07-04T11:40:08","slug":"ceremoniele-cacao-innerlijk-vuur","status":"publish","type":"product","link":"https:\/\/www.sinchisinchi.com\/nl\/producto\/ceremoniele-cacao-innerlijk-vuur\/","title":{"rendered":"Ceremoni\u00eble cacao &#8220;Innerlijk vuur&#8221;"},"content":{"rendered":"<h3 style=\"text-align: center;\"><strong><span style=\"color: #000000;\">Het geboortedorp Q&#8217;eqchi&#8217;<\/span><\/strong><\/h3>\n<p><span style=\"color: #000000;\">Q&#8217;eqchi&#8217; is een Maya-volk dat nog steeds bestaat in Guatemala. Ze vestigden zich rond enkele heuvels nabij de rivieren Chixoy en Polochic, ongeveer in het jaar 600 voor Christus, en hadden contact met oude beschavingen zoals de Pipil, Tolteken, Chichimeca en de grote Maya-steden.<\/span><\/p>\n<p><span style=\"color: #000000;\">Kakaw is een eeuwenoude drank van het Q&#8217;eqchi Maya-volk, die bij veel Maya-ceremonies wordt gebruikt.<\/span><\/p>\n<p><span style=\"color: #000000;\">In de bergachtige regio Alta Verapaz in Guatemala verbouwen inheemse Q&#8217;eqchi-boeren enkele van de beste cacao ter wereld.<\/span><\/p>\n<p><span style=\"color: #000000;\">In de Lachu\u00e1-ecoregio ligt een prachtige lagune die sinds 1976 als Nationaal Park wordt beschouwd: de Lachu\u00e1-lagune, waarrond talloze Maya Q&#8217;eqchi&#8217;-families leven, die zich voornamelijk wijden aan de teelt van cacao.<\/span><\/p>\n<p><span style=\"color: #000000;\">Tot de komst van de Spanjaarden werden ze bestuurd door leiders die op hun beurt afhankelijk waren van een grote heer die door alle leiders werd gekozen.<\/span><\/p>\n<p><span style=\"color: #000000;\">Archeologische vindplaatsen met tekenen van jateado-stenen constructie zijn Chajkar, Chimax, Chinama, Ku&#8217;k&#8217;uch in Chinapet\u00e9n en achter de Calvarieberg van San Pedro Carch\u00e1. De Calvarieberg van Cob\u00e1n is een van de belangrijkste ceremoni\u00eble centra van de Maya&#8217;s.<\/span><\/p>\n<p><span style=\"color: #000000;\">De belangrijkste economische activiteit wordt vertegenwoordigd door de landbouw; Er worden ma\u00efs en bonen geplant, die het gezinsvoedsel vormen, aangevuld met het fokken van vogels, varkens en andere huisdieren.<\/span><\/p>\n<p><span style=\"color: #000000;\">Zijn naam wordt gespeld als Kekch\u00ed (volgens de huidige spelling) of Q&#8217;eqchi&#8217; (volgens de oude spelling).<\/span><\/p>\n<h3 style=\"text-align: center;\"><strong><span style=\"color: #000000;\">Geboortedorp Mop\u00e1n<\/span><\/strong><\/h3>\n<p><span style=\"color: #000000;\">De Mop\u00e1n-bevolking is een van de Maya-steden in Belize en Guatemala in het departement Pet\u00e9n. Hun inheemse taal wordt ook wel Mop\u00e1n genoemd, en het is een van de Yucatecan Maya-talen uit Mexico, die wordt beschouwd als een taal die met uitsterven wordt bedreigd.<\/span><\/p>\n<p><span style=\"color: #000000;\">Hun dieet is gebaseerd op ma\u00efs, waarvan een groot aantal van hun traditionele recepten is afgeleid: nuk (broodje), tait (mais tamale), k&#8217;a k&#8217;aan ek&#8217;en (gerookte celdistel), chu&#8217; uk wa ( zoete toast).<\/span><\/p>\n<p><span style=\"color: #000000;\">De Mop\u00e1n-gemeenschap is gespecialiseerd in het borduren van stoffen, waarmee ze overhemden, blouses, tassen, borstelhouders, tafelkleden en hoezen maken. Voor het maken van borduurwerk worden Dacron-stof, wol en draad gebruikt.<\/span><\/p>\n<p><span style=\"color: #000000;\">De Mop\u00e1n-taal maakt deel uit van de Maya-taalfamilie uit Mexico. Hoewel het in verval is geraakt als gevolg van de invloed van het Spaans en het Engels, wordt het in veel Mopan-gemeenschappen nog steeds gesproken. Enkele veel voorkomende woorden in Mop\u00e1n zijn \u201cK\u2019iche&#8217;\u201d (bos), \u201cNo\u2019j\u201d (wijsheid) en \u201cTz\u2019ikin\u201d (vogel). Het behoud van hun taal wordt gezien als een cruciaal onderdeel voor het voortbestaan \u200b\u200bvan hun cultuur.<\/span><\/p>\n<p><span style=\"color: #000000;\">Momenteel worden de Mop\u00e1n geconfronteerd met tal van uitdagingen, waaronder het behoud van hun cultuur en land in het licht van de modernisering en globalisering, het levend houden van hun tradities en taal en het zich aanpassen aan veranderingen zonder hun essentie te verliezen.<\/span><\/p>\n<p><span style=\"color: #000000;\">Het Mop\u00e1n-wereldbeeld begrijpt de wereld als een onderling verbonden entiteit waarin elk element, of het nu menselijk, dierlijk of natuurlijk is, een cruciale rol speelt. Dit wereldbeeld be\u00efnvloedt alle aspecten van hun leven, van de landbouw tot sociale relaties.<\/span><\/p>\n<p>&nbsp;<\/p>\n<h3 style=\"text-align: center;\"><strong><span style=\"color: #000000;\">Cayenne peper<\/span><\/strong><\/h3>\n<p><span style=\"color: #000000;\">Bekend en geconsumeerd sinds de tijd van de Maya&#8217;s en Azteken, waardeerden ze cayennepeper vanwege zijn genezende en spirituele eigenschappen, naast het gebruik ervan als een natuurlijk ontsmettingsmiddel en ontstekingsremmend middel.<\/span><\/p>\n<p><span style=\"color: #000000;\">Het verhoogt de gevoeligheid van de zenuwuiteinden en stimuleert de afgifte van endorfines. Daarom staat het bekend om zijn lustopwekkende eigenschappen.<\/span><\/p>\n<p><span style=\"color: #000000;\">Volgens de legende werd wat de Azteken kenden als chili door Christoffel Columbus verward met peper, die zo begeerd was in Spanje. En deze specerij werd ge\u00efmporteerd uit Frans-Guyana, maar de Genuezen realiseerden zich niet dat de chili pittig was en noemden hem ten onrechte cayennepeper.<\/span><\/p>\n<h3 style=\"text-align: center;\"><strong><span style=\"color: #000000;\">\u201cCelian Cinnamon\u201d en de Maya\u2019s\/Azteken<\/span><\/strong><\/h3>\n<p><span style=\"color: #000000;\">In de oudheid werd kaneel (Cinnamomun Verum) waardevoller dan zijn gewicht in goud, en werd het geassocieerd met rituelen van opoffering of plezier.<\/span><\/p>\n<p><span style=\"color: #000000;\">Kaneel komt oorspronkelijk uit Sri Lanka (Ceylon), Birma en India, de schors is kruidig \u200b\u200ben zoet van smaak.<\/span><\/p>\n<p><span style=\"color: #000000;\">Kaneel is een van de kruiden met de meeste antioxiderende kracht dankzij de fenolen en flavono\u00efden. Het is rijk aan vitamine B1 en C en mineralen zoals fosfor, calcium, ijzer en kalium.<\/span><\/p>\n<p><span style=\"color: #000000;\">De traditionele Chinese geneeskunde beschouwt het als een Yang-kruid (hete eigenschappen) omdat het kruidig, zoet is en daarom rijk aan spijsverteringseigenschappen, waardoor het innerlijke vuur toeneemt.<\/span><\/p>\n<h3 style=\"text-align: center;\"><strong><span style=\"color: #000000;\">Vanille en de Totonacos, Maya&#8217;s en Azteken<\/span><\/strong><\/h3>\n<p><span style=\"color: #000000;\">Vanille werd ontdekt door de <strong>Totonac-cultuur<\/strong>, die het <strong>\u201cXanath\u201d<\/strong> noemde, wat \u201czwarte bloem\u201d betekent. Vanille was een van de belangrijkste planten, vergelijkbaar met wat ma\u00efs vertegenwoordigde voor de Azteken, Teotihuacans, Maya&#8217;s en Olmeken.<\/span><\/p>\n<p><span style=\"color: #000000;\">Vanille, cacao, annatto en ma\u00efs waren de ingredi\u00ebnten van xocolatl, een cacaodrank die de politieke en adellijke bijeenkomsten van de Maya- en Azteekse beschaving verlevendigde; laatstgenoemde kende de<\/span><\/p>\n<p><span style=\"color: #000000;\">vanille met de naam &#8220;tlilxochitl&#8221;.<\/span><\/p>\n<p><span style=\"color: #000000;\">Vanille is vrouwelijk, het wordt geassocieerd met de planeet Venus en het waterelement.<\/span><\/p>\n<p><span style=\"color: #000000;\">Traditioneel wordt het gebruikt vanwege zijn eigenschappen die verband houden met liefde, seksueel verlangen en mentale krachten.<\/span><\/p>\n<p><span style=\"color: #000000;\">Het aroma van vanille heeft krachtige kalmerende en geruststellende eigenschappen. Dankzij het actieve ingredi\u00ebnt, vanillinezuur, verhoogt het de natuurlijke afscheiding van serotonine en dopamine. Zowel bij inname als bij het ruiken van het aroma heeft het pijnstillende eigenschappen.<\/span><\/p>\n","protected":false},"excerpt":{"rendered":"<p><span style=\"color: #000000;\">Cacao van ceremoni\u00eble kwaliteit met traditionele Maya-kruiden, geteeld en geoogst door inheemse <strong>Maya-stammen in het zuiden van Belize<\/strong>.<\/span><\/p>\n<p><span style=\"color: #000000;\">Traditionele kruiden verfijnen en intensiveren de krachtige eigenschappen van cacao en activeren het innerlijke vuur; Deze voortreffelijke mix bevat <strong>cayennepeper, celiankaneel en vanille.<\/strong><\/span><\/p>\n<p><span style=\"color: #000000;\">De inheemse Maya&#8217;s beschouwen cacao als een heilige plant die lichaam, geest en ziel geneest en voedt.<\/span><\/p>\n<p><span style=\"color: #000000;\">Deze inheemse cacaobonen worden op natuurlijke wijze geteeld, op dezelfde manier als duizenden jaren geleden, in harmonie met ananas-, vanille- en mapachobomen.<\/span><\/p>\n<p><span style=\"color: #000000;\"><strong>Cayennepeper:<\/strong> Het is een specerij die traditioneel door de Maya&#8217;s werd gebruikt om de geneeskrachtige eigenschappen van cacao te versterken. Verhoogt de bloedstroom en de hoeveelheid warmte die uw lichaam produceert, waardoor het vuur binnenin wordt ontstoken.<\/span><\/p>\n<p><span style=\"color: #000000;\"><strong>Ceylonkaneel:<\/strong> Het is een traditionele kaneel die de bloedsomloop verhoogt, rijk is aan antioxidanten en kaneelaldehyde, dat krachtige schimmelwerende en antibacteri\u00eble eigenschappen heeft.<\/span><\/p>\n<p><span style=\"color: #000000;\"><strong>Vanille:<\/strong> Het mengsel van cacao en vanille vormt een uitstekende symbiose. Zowel de Azteken als de Maya&#8217;s gebruikten vanille om cacao te versterken en als afrodisiacum.<\/span><\/p>\n<p><span style=\"color: #000000;\"><strong>Type:<\/strong> Cacao van ceremoni\u00eble kwaliteit.<\/span><\/p>\n<p><span style=\"color: #000000;\"><strong>Ingredi\u00ebnten:<\/strong> Cacao van ceremoni\u00eble kwaliteit, Cayennepeper, Ceylonkaneel en Vanille.<\/span><\/p>\n<p><span style=\"color: #000000;\"><strong>Herkomst:<\/strong> Mayastammen in het zuiden van Belize.<\/span><\/p>\n<p><span style=\"color: #000000;\"><strong>Presentatie:<\/strong> Cacaoblok.<\/span><\/p>\n<p><span style=\"color: #000000;\"><strong>Afmeting:<\/strong> 500 gram.<\/span><\/p>\n","protected":false},"featured_media":14383,"template":"","meta":{"_joinchat":[]},"product_brand":[],"product_cat":[401,514],"product_tag":[],"class_list":{"0":"post-14545","1":"product","2":"type-product","3":"status-publish","4":"has-post-thumbnail","6":"product_cat-cacao-nr","7":"product_cat-ceremonieel","9":"first","10":"instock","11":"taxable","12":"shipping-taxable","13":"purchasable","14":"product-type-simple"},"yoast_head":"<!-- This site is optimized with the Yoast SEO plugin v27.4 - https:\/\/yoast.com\/product\/yoast-seo-wordpress\/ -->\n<title>Maya Ceremonieel Cacao Innerlijk Vuur: Kaneel, Peper en Vanille<\/title>\n<meta name=\"description\" content=\"Cacao van ceremoni\u00eble kwaliteit met traditionele Maya-kruiden, geteeld en geoogst door inheemse Maya-stammen in het zuiden van Belize.\" \/>\n<meta name=\"robots\" content=\"index, follow, max-snippet:-1, max-image-preview:large, max-video-preview:-1\" \/>\n<link rel=\"canonical\" href=\"https:\/\/www.sinchisinchi.com\/nl\/producto\/ceremoniele-cacao-innerlijk-vuur\/\" \/>\n<meta property=\"og:locale\" content=\"nl_NL\" \/>\n<meta property=\"og:type\" content=\"article\" \/>\n<meta property=\"og:title\" content=\"Maya Ceremonieel Cacao Innerlijk Vuur: Kaneel, Peper en Vanille\" \/>\n<meta property=\"og:description\" content=\"Cacao van ceremoni\u00eble kwaliteit met traditionele Maya-kruiden, geteeld en geoogst door inheemse Maya-stammen in het zuiden van Belize.\" \/>\n<meta property=\"og:url\" content=\"https:\/\/www.sinchisinchi.com\/nl\/producto\/ceremoniele-cacao-innerlijk-vuur\/\" \/>\n<meta property=\"og:site_name\" content=\"SINCHI RAP\u00c9\" \/>\n<meta property=\"article:publisher\" content=\"https:\/\/www.facebook.com\/sinchirape\/\" \/>\n<meta property=\"article:modified_time\" content=\"2024-07-04T11:40:08+00:00\" \/>\n<meta property=\"og:image\" content=\"https:\/\/www.sinchisinchi.com\/wp-content\/uploads\/2024\/05\/Cacao-ceremonial-taza1.jpeg\" \/>\n\t<meta property=\"og:image:width\" content=\"1024\" \/>\n\t<meta property=\"og:image:height\" content=\"683\" \/>\n\t<meta property=\"og:image:type\" content=\"image\/jpeg\" \/>\n<meta name=\"twitter:card\" content=\"summary_large_image\" \/>\n<meta name=\"twitter:label1\" content=\"Geschatte leestijd\" \/>\n\t<meta name=\"twitter:data1\" content=\"4 minuten\" \/>\n<script type=\"application\/ld+json\" class=\"yoast-schema-graph\">{\"@context\":\"https:\\\/\\\/schema.org\",\"@graph\":[{\"@type\":\"WebPage\",\"@id\":\"https:\\\/\\\/www.sinchisinchi.com\\\/nl\\\/producto\\\/ceremoniele-cacao-innerlijk-vuur\\\/\",\"url\":\"https:\\\/\\\/www.sinchisinchi.com\\\/nl\\\/producto\\\/ceremoniele-cacao-innerlijk-vuur\\\/\",\"name\":\"Maya Ceremonieel Cacao Innerlijk Vuur: Kaneel, Peper en Vanille\",\"isPartOf\":{\"@id\":\"https:\\\/\\\/www.sinchisinchi.com\\\/nl\\\/#website\"},\"primaryImageOfPage\":{\"@id\":\"https:\\\/\\\/www.sinchisinchi.com\\\/nl\\\/producto\\\/ceremoniele-cacao-innerlijk-vuur\\\/#primaryimage\"},\"image\":{\"@id\":\"https:\\\/\\\/www.sinchisinchi.com\\\/nl\\\/producto\\\/ceremoniele-cacao-innerlijk-vuur\\\/#primaryimage\"},\"thumbnailUrl\":\"https:\\\/\\\/www.sinchisinchi.com\\\/wp-content\\\/uploads\\\/2024\\\/05\\\/Cacao-ceremonial-taza1.jpeg\",\"datePublished\":\"2024-05-27T12:14:26+00:00\",\"dateModified\":\"2024-07-04T11:40:08+00:00\",\"description\":\"Cacao van ceremoni\u00eble kwaliteit met traditionele Maya-kruiden, geteeld en geoogst door inheemse Maya-stammen in het zuiden van Belize.\",\"breadcrumb\":{\"@id\":\"https:\\\/\\\/www.sinchisinchi.com\\\/nl\\\/producto\\\/ceremoniele-cacao-innerlijk-vuur\\\/#breadcrumb\"},\"inLanguage\":\"nl-NL\",\"potentialAction\":[{\"@type\":\"ReadAction\",\"target\":[\"https:\\\/\\\/www.sinchisinchi.com\\\/nl\\\/producto\\\/ceremoniele-cacao-innerlijk-vuur\\\/\"]}]},{\"@type\":\"ImageObject\",\"inLanguage\":\"nl-NL\",\"@id\":\"https:\\\/\\\/www.sinchisinchi.com\\\/nl\\\/producto\\\/ceremoniele-cacao-innerlijk-vuur\\\/#primaryimage\",\"url\":\"https:\\\/\\\/www.sinchisinchi.com\\\/wp-content\\\/uploads\\\/2024\\\/05\\\/Cacao-ceremonial-taza1.jpeg\",\"contentUrl\":\"https:\\\/\\\/www.sinchisinchi.com\\\/wp-content\\\/uploads\\\/2024\\\/05\\\/Cacao-ceremonial-taza1.jpeg\",\"width\":1024,\"height\":683,\"caption\":\"Foto van Ceremoni\u00eble Cacao\"},{\"@type\":\"BreadcrumbList\",\"@id\":\"https:\\\/\\\/www.sinchisinchi.com\\\/nl\\\/producto\\\/ceremoniele-cacao-innerlijk-vuur\\\/#breadcrumb\",\"itemListElement\":[{\"@type\":\"ListItem\",\"position\":1,\"name\":\"Voorpagina\",\"item\":\"https:\\\/\\\/www.sinchisinchi.com\\\/nl\\\/\"},{\"@type\":\"ListItem\",\"position\":2,\"name\":\"Producten\",\"item\":\"https:\\\/\\\/www.sinchisinchi.com\\\/nl\\\/shop\\\/\"},{\"@type\":\"ListItem\",\"position\":3,\"name\":\"Ceremoni\u00eble cacao &#8220;Innerlijk vuur&#8221;\"}]},{\"@type\":\"WebSite\",\"@id\":\"https:\\\/\\\/www.sinchisinchi.com\\\/nl\\\/#website\",\"url\":\"https:\\\/\\\/www.sinchisinchi.com\\\/nl\\\/\",\"name\":\"SINCHI\",\"description\":\"Sinchi Medicine\",\"publisher\":{\"@id\":\"https:\\\/\\\/www.sinchisinchi.com\\\/nl\\\/#organization\"},\"potentialAction\":[{\"@type\":\"SearchAction\",\"target\":{\"@type\":\"EntryPoint\",\"urlTemplate\":\"https:\\\/\\\/www.sinchisinchi.com\\\/nl\\\/?s={search_term_string}\"},\"query-input\":{\"@type\":\"PropertyValueSpecification\",\"valueRequired\":true,\"valueName\":\"search_term_string\"}}],\"inLanguage\":\"nl-NL\"},{\"@type\":\"Organization\",\"@id\":\"https:\\\/\\\/www.sinchisinchi.com\\\/nl\\\/#organization\",\"name\":\"SINCHI S.L\",\"url\":\"https:\\\/\\\/www.sinchisinchi.com\\\/nl\\\/\",\"logo\":{\"@type\":\"ImageObject\",\"inLanguage\":\"nl-NL\",\"@id\":\"https:\\\/\\\/www.sinchisinchi.com\\\/nl\\\/#\\\/schema\\\/logo\\\/image\\\/\",\"url\":\"https:\\\/\\\/www.sinchisinchi.com\\\/wp-content\\\/uploads\\\/2026\\\/01\\\/3b-Verde-SIMPLIFICADO-HORIZONTAL-F-TRANSPARENTE-scaled.png\",\"contentUrl\":\"https:\\\/\\\/www.sinchisinchi.com\\\/wp-content\\\/uploads\\\/2026\\\/01\\\/3b-Verde-SIMPLIFICADO-HORIZONTAL-F-TRANSPARENTE-scaled.png\",\"width\":2560,\"height\":457,\"caption\":\"SINCHI S.L\"},\"image\":{\"@id\":\"https:\\\/\\\/www.sinchisinchi.com\\\/nl\\\/#\\\/schema\\\/logo\\\/image\\\/\"},\"sameAs\":[\"https:\\\/\\\/www.facebook.com\\\/sinchirape\\\/\",\"https:\\\/\\\/www.instagram.com\\\/sinchi_rape\\\/\"]}]}<\/script>\n<!-- \/ Yoast SEO plugin. -->","yoast_head_json":{"title":"Maya Ceremonieel Cacao Innerlijk Vuur: Kaneel, Peper en Vanille","description":"Cacao van ceremoni\u00eble kwaliteit met traditionele Maya-kruiden, geteeld en geoogst door inheemse Maya-stammen in het zuiden van Belize.","robots":{"index":"index","follow":"follow","max-snippet":"max-snippet:-1","max-image-preview":"max-image-preview:large","max-video-preview":"max-video-preview:-1"},"canonical":"https:\/\/www.sinchisinchi.com\/nl\/producto\/ceremoniele-cacao-innerlijk-vuur\/","og_locale":"nl_NL","og_type":"article","og_title":"Maya Ceremonieel Cacao Innerlijk Vuur: Kaneel, Peper en Vanille","og_description":"Cacao van ceremoni\u00eble kwaliteit met traditionele Maya-kruiden, geteeld en geoogst door inheemse Maya-stammen in het zuiden van Belize.","og_url":"https:\/\/www.sinchisinchi.com\/nl\/producto\/ceremoniele-cacao-innerlijk-vuur\/","og_site_name":"SINCHI RAP\u00c9","article_publisher":"https:\/\/www.facebook.com\/sinchirape\/","article_modified_time":"2024-07-04T11:40:08+00:00","og_image":[{"width":1024,"height":683,"url":"https:\/\/www.sinchisinchi.com\/wp-content\/uploads\/2024\/05\/Cacao-ceremonial-taza1.jpeg","type":"image\/jpeg"}],"twitter_card":"summary_large_image","twitter_misc":{"Geschatte leestijd":"4 minuten"},"schema":{"@context":"https:\/\/schema.org","@graph":[{"@type":"WebPage","@id":"https:\/\/www.sinchisinchi.com\/nl\/producto\/ceremoniele-cacao-innerlijk-vuur\/","url":"https:\/\/www.sinchisinchi.com\/nl\/producto\/ceremoniele-cacao-innerlijk-vuur\/","name":"Maya Ceremonieel Cacao Innerlijk Vuur: Kaneel, Peper en Vanille","isPartOf":{"@id":"https:\/\/www.sinchisinchi.com\/nl\/#website"},"primaryImageOfPage":{"@id":"https:\/\/www.sinchisinchi.com\/nl\/producto\/ceremoniele-cacao-innerlijk-vuur\/#primaryimage"},"image":{"@id":"https:\/\/www.sinchisinchi.com\/nl\/producto\/ceremoniele-cacao-innerlijk-vuur\/#primaryimage"},"thumbnailUrl":"https:\/\/www.sinchisinchi.com\/wp-content\/uploads\/2024\/05\/Cacao-ceremonial-taza1.jpeg","datePublished":"2024-05-27T12:14:26+00:00","dateModified":"2024-07-04T11:40:08+00:00","description":"Cacao van ceremoni\u00eble kwaliteit met traditionele Maya-kruiden, geteeld en geoogst door inheemse Maya-stammen in het zuiden van Belize.","breadcrumb":{"@id":"https:\/\/www.sinchisinchi.com\/nl\/producto\/ceremoniele-cacao-innerlijk-vuur\/#breadcrumb"},"inLanguage":"nl-NL","potentialAction":[{"@type":"ReadAction","target":["https:\/\/www.sinchisinchi.com\/nl\/producto\/ceremoniele-cacao-innerlijk-vuur\/"]}]},{"@type":"ImageObject","inLanguage":"nl-NL","@id":"https:\/\/www.sinchisinchi.com\/nl\/producto\/ceremoniele-cacao-innerlijk-vuur\/#primaryimage","url":"https:\/\/www.sinchisinchi.com\/wp-content\/uploads\/2024\/05\/Cacao-ceremonial-taza1.jpeg","contentUrl":"https:\/\/www.sinchisinchi.com\/wp-content\/uploads\/2024\/05\/Cacao-ceremonial-taza1.jpeg","width":1024,"height":683,"caption":"Foto van Ceremoni\u00eble Cacao"},{"@type":"BreadcrumbList","@id":"https:\/\/www.sinchisinchi.com\/nl\/producto\/ceremoniele-cacao-innerlijk-vuur\/#breadcrumb","itemListElement":[{"@type":"ListItem","position":1,"name":"Voorpagina","item":"https:\/\/www.sinchisinchi.com\/nl\/"},{"@type":"ListItem","position":2,"name":"Producten","item":"https:\/\/www.sinchisinchi.com\/nl\/shop\/"},{"@type":"ListItem","position":3,"name":"Ceremoni\u00eble cacao &#8220;Innerlijk vuur&#8221;"}]},{"@type":"WebSite","@id":"https:\/\/www.sinchisinchi.com\/nl\/#website","url":"https:\/\/www.sinchisinchi.com\/nl\/","name":"SINCHI","description":"Sinchi Medicine","publisher":{"@id":"https:\/\/www.sinchisinchi.com\/nl\/#organization"},"potentialAction":[{"@type":"SearchAction","target":{"@type":"EntryPoint","urlTemplate":"https:\/\/www.sinchisinchi.com\/nl\/?s={search_term_string}"},"query-input":{"@type":"PropertyValueSpecification","valueRequired":true,"valueName":"search_term_string"}}],"inLanguage":"nl-NL"},{"@type":"Organization","@id":"https:\/\/www.sinchisinchi.com\/nl\/#organization","name":"SINCHI S.L","url":"https:\/\/www.sinchisinchi.com\/nl\/","logo":{"@type":"ImageObject","inLanguage":"nl-NL","@id":"https:\/\/www.sinchisinchi.com\/nl\/#\/schema\/logo\/image\/","url":"https:\/\/www.sinchisinchi.com\/wp-content\/uploads\/2026\/01\/3b-Verde-SIMPLIFICADO-HORIZONTAL-F-TRANSPARENTE-scaled.png","contentUrl":"https:\/\/www.sinchisinchi.com\/wp-content\/uploads\/2026\/01\/3b-Verde-SIMPLIFICADO-HORIZONTAL-F-TRANSPARENTE-scaled.png","width":2560,"height":457,"caption":"SINCHI S.L"},"image":{"@id":"https:\/\/www.sinchisinchi.com\/nl\/#\/schema\/logo\/image\/"},"sameAs":["https:\/\/www.facebook.com\/sinchirape\/","https:\/\/www.instagram.com\/sinchi_rape\/"]}]}},"_links":{"self":[{"href":"https:\/\/www.sinchisinchi.com\/nl\/wp-json\/wp\/v2\/product\/14545","targetHints":{"allow":["GET"]}}],"collection":[{"href":"https:\/\/www.sinchisinchi.com\/nl\/wp-json\/wp\/v2\/product"}],"about":[{"href":"https:\/\/www.sinchisinchi.com\/nl\/wp-json\/wp\/v2\/types\/product"}],"wp:featuredmedia":[{"embeddable":true,"href":"https:\/\/www.sinchisinchi.com\/nl\/wp-json\/wp\/v2\/media\/14383"}],"wp:attachment":[{"href":"https:\/\/www.sinchisinchi.com\/nl\/wp-json\/wp\/v2\/media?parent=14545"}],"wp:term":[{"taxonomy":"product_brand","embeddable":true,"href":"https:\/\/www.sinchisinchi.com\/nl\/wp-json\/wp\/v2\/product_brand?post=14545"},{"taxonomy":"product_cat","embeddable":true,"href":"https:\/\/www.sinchisinchi.com\/nl\/wp-json\/wp\/v2\/product_cat?post=14545"},{"taxonomy":"product_tag","embeddable":true,"href":"https:\/\/www.sinchisinchi.com\/nl\/wp-json\/wp\/v2\/product_tag?post=14545"}],"curies":[{"name":"wp","href":"https:\/\/api.w.org\/{rel}","templated":true}]}}