{"id":14673,"date":"2024-05-28T13:10:03","date_gmt":"2024-05-28T13:10:03","guid":{"rendered":"https:\/\/www.sinchisinchi.com\/producto\/rode-lotus-cacao\/"},"modified":"2024-07-04T11:15:39","modified_gmt":"2024-07-04T11:15:39","slug":"rode-lotus-cacao","status":"publish","type":"product","link":"https:\/\/www.sinchisinchi.com\/nl\/producto\/rode-lotus-cacao\/","title":{"rendered":"Rode Lotus Cacao"},"content":{"rendered":"","protected":false},"excerpt":{"rendered":"<p><span style=\"color: #000000;\">Ceremoni\u00eble cacao met Rode Lotus. De combinatie van ceremoni\u00eble cacao en rode lotus cre\u00ebert een synergie die zelfontdekking en diepe verbinding met een hoger bewustzijn ondersteunt.<\/span><\/p>\n<p><span style=\"color: #000000;\">De lotus is een heilige plant die werd gebruikt in het oude Egypte, waar hij de wederopstanding symboliseerde; De zaden kunnen zelfs na 3000 jaar ontkiemen. Het was ook het symbool van Opper-Egypte v\u00f3\u00f3r de eenwording van de twee koninkrijken.<\/span><\/p>\n<p><span style=\"color: #000000;\">In China is deze bloem het voorwerp van speciale verering vanwege zijn lange levensduur, aangezien hij wordt beschouwd als de oudste bloem, die al meer dan 6000 jaar wordt gebruikt.<\/span><\/p>\n<p><span style=\"color: #000000;\">Voor het tao\u00efsme en het boeddhisme is deze bloem altijd puur en schoon, omdat ze schoon en vrij van alle banden boven de modder zweeft, wat een teken is van zuiverheid en heiligheid.<\/span><\/p>\n<p><span style=\"color: #000000;\">De rode lotus vertegenwoordigt de kwaliteiten van het hart, zoals liefde, passie en mededogen. Het wordt ook wel de Boeddhabloem van mededogen genoemd.<\/span><\/p>\n<p><span style=\"color: #000000;\"><strong>Type:<\/strong> Cacao van ceremoni\u00eble kwaliteit<\/span><\/p>\n<p><span style=\"color: #000000;\"><strong>Ingredi\u00ebnten:<\/strong> Cacao (Theobroma cacao), cacaoboter, kruidenmengsel (kaneel, kardemom, kruidnagel en pepers), rode lotus (Nymphaea pubescens) 0,8 g extract per portie Doordrenkt met een verhouding van 50:1 rode lotusextract.<\/span><\/p>\n<p><span style=\"color: #000000;\">Elke portie bevat 0,8 g 50:1 Rode Lotus-extract, wat overeenkomt met 40 gram plantaardig materiaal.<\/span><\/p>\n<p><span style=\"color: #000000;\"><strong>Herkomst:<\/strong> Colombia<\/span><\/p>\n<p><span style=\"color: #000000;\"><strong>Presentatie:<\/strong> Cacaoblok.<\/span><\/p>\n<p><span style=\"color: #000000;\"><strong>Nettogewicht:<\/strong> 400 g<\/span><\/p>\n<p><span style=\"color: #000000;\"><strong>Opslag:<\/strong> Opslaan op een koele, droge plaats, uit de buurt van direct zonlicht.<\/span><\/p>\n","protected":false},"featured_media":14516,"template":"","meta":{"_joinchat":[]},"product_brand":[],"product_cat":[401,519],"product_tag":[],"class_list":{"0":"post-14673","1":"product","2":"type-product","3":"status-publish","4":"has-post-thumbnail","6":"product_cat-cacao-nr","7":"product_cat-magie","9":"first","10":"instock","11":"taxable","12":"shipping-taxable","13":"purchasable","14":"product-type-simple"},"yoast_head":"<!-- This site is optimized with the Yoast SEO plugin v27.1.1 - https:\/\/yoast.com\/product\/yoast-seo-wordpress\/ -->\n<title>Ceremoni\u00eble rode lotuscacao \u2013 Sinchi, Shamanic Shop<\/title>\n<meta name=\"description\" content=\"De combinatie van ceremoni\u00eble cacao en rode lotus cre\u00ebert een synergie die zelfontdekking en diepe verbinding met een hoger bewustzijn ondersteunt.\" \/>\n<meta name=\"robots\" content=\"index, follow, max-snippet:-1, max-image-preview:large, max-video-preview:-1\" \/>\n<link rel=\"canonical\" href=\"https:\/\/www.sinchisinchi.com\/nl\/producto\/rode-lotus-cacao\/\" \/>\n<meta property=\"og:locale\" content=\"nl_NL\" \/>\n<meta property=\"og:type\" content=\"article\" \/>\n<meta property=\"og:title\" content=\"Ceremoni\u00eble rode lotuscacao \u2013 Sinchi, Shamanic Shop\" \/>\n<meta property=\"og:description\" content=\"De combinatie van ceremoni\u00eble cacao en rode lotus cre\u00ebert een synergie die zelfontdekking en diepe verbinding met een hoger bewustzijn ondersteunt.\" \/>\n<meta property=\"og:url\" content=\"https:\/\/www.sinchisinchi.com\/nl\/producto\/rode-lotus-cacao\/\" \/>\n<meta property=\"og:site_name\" content=\"SINCHI RAP\u00c9\" \/>\n<meta property=\"article:publisher\" content=\"https:\/\/www.facebook.com\/sinchirape\/\" \/>\n<meta property=\"article:modified_time\" content=\"2024-07-04T11:15:39+00:00\" \/>\n<meta property=\"og:image\" content=\"https:\/\/www.sinchisinchi.com\/wp-content\/uploads\/2024\/05\/red-lotus.webp\" \/>\n\t<meta property=\"og:image:width\" content=\"1946\" \/>\n\t<meta property=\"og:image:height\" content=\"1946\" \/>\n\t<meta property=\"og:image:type\" content=\"image\/webp\" \/>\n<meta name=\"twitter:card\" content=\"summary_large_image\" \/>\n<script type=\"application\/ld+json\" class=\"yoast-schema-graph\">{\"@context\":\"https:\/\/schema.org\",\"@graph\":[{\"@type\":\"WebPage\",\"@id\":\"https:\/\/www.sinchisinchi.com\/nl\/producto\/rode-lotus-cacao\/\",\"url\":\"https:\/\/www.sinchisinchi.com\/nl\/producto\/rode-lotus-cacao\/\",\"name\":\"Ceremoni\u00eble rode lotuscacao \u2013 Sinchi, Shamanic Shop\",\"isPartOf\":{\"@id\":\"https:\/\/www.sinchisinchi.com\/nl\/#website\"},\"primaryImageOfPage\":{\"@id\":\"https:\/\/www.sinchisinchi.com\/nl\/producto\/rode-lotus-cacao\/#primaryimage\"},\"image\":{\"@id\":\"https:\/\/www.sinchisinchi.com\/nl\/producto\/rode-lotus-cacao\/#primaryimage\"},\"thumbnailUrl\":\"https:\/\/www.sinchisinchi.com\/wp-content\/uploads\/2024\/05\/red-lotus.webp\",\"datePublished\":\"2024-05-28T13:10:03+00:00\",\"dateModified\":\"2024-07-04T11:15:39+00:00\",\"description\":\"De combinatie van ceremoni\u00eble cacao en rode lotus cre\u00ebert een synergie die zelfontdekking en diepe verbinding met een hoger bewustzijn ondersteunt.\",\"breadcrumb\":{\"@id\":\"https:\/\/www.sinchisinchi.com\/nl\/producto\/rode-lotus-cacao\/#breadcrumb\"},\"inLanguage\":\"nl-NL\",\"potentialAction\":[{\"@type\":\"ReadAction\",\"target\":[\"https:\/\/www.sinchisinchi.com\/nl\/producto\/rode-lotus-cacao\/\"]}]},{\"@type\":\"ImageObject\",\"inLanguage\":\"nl-NL\",\"@id\":\"https:\/\/www.sinchisinchi.com\/nl\/producto\/rode-lotus-cacao\/#primaryimage\",\"url\":\"https:\/\/www.sinchisinchi.com\/wp-content\/uploads\/2024\/05\/red-lotus.webp\",\"contentUrl\":\"https:\/\/www.sinchisinchi.com\/wp-content\/uploads\/2024\/05\/red-lotus.webp\",\"width\":1946,\"height\":1946},{\"@type\":\"BreadcrumbList\",\"@id\":\"https:\/\/www.sinchisinchi.com\/nl\/producto\/rode-lotus-cacao\/#breadcrumb\",\"itemListElement\":[{\"@type\":\"ListItem\",\"position\":1,\"name\":\"Voorpagina\",\"item\":\"https:\/\/www.sinchisinchi.com\/nl\/\"},{\"@type\":\"ListItem\",\"position\":2,\"name\":\"Producten\",\"item\":\"https:\/\/www.sinchisinchi.com\/nl\/shop\/\"},{\"@type\":\"ListItem\",\"position\":3,\"name\":\"Rode Lotus Cacao\"}]},{\"@type\":\"WebSite\",\"@id\":\"https:\/\/www.sinchisinchi.com\/nl\/#website\",\"url\":\"https:\/\/www.sinchisinchi.com\/nl\/\",\"name\":\"SINCHI\",\"description\":\"Sinchi Medicine\",\"publisher\":{\"@id\":\"https:\/\/www.sinchisinchi.com\/nl\/#organization\"},\"potentialAction\":[{\"@type\":\"SearchAction\",\"target\":{\"@type\":\"EntryPoint\",\"urlTemplate\":\"https:\/\/www.sinchisinchi.com\/nl\/?s={search_term_string}\"},\"query-input\":{\"@type\":\"PropertyValueSpecification\",\"valueRequired\":true,\"valueName\":\"search_term_string\"}}],\"inLanguage\":\"nl-NL\"},{\"@type\":\"Organization\",\"@id\":\"https:\/\/www.sinchisinchi.com\/nl\/#organization\",\"name\":\"SINCHI S.L\",\"url\":\"https:\/\/www.sinchisinchi.com\/nl\/\",\"logo\":{\"@type\":\"ImageObject\",\"inLanguage\":\"nl-NL\",\"@id\":\"https:\/\/www.sinchisinchi.com\/nl\/#\/schema\/logo\/image\/\",\"url\":\"https:\/\/www.sinchisinchi.com\/wp-content\/uploads\/2026\/01\/3b-Verde-SIMPLIFICADO-HORIZONTAL-F-TRANSPARENTE-scaled.png\",\"contentUrl\":\"https:\/\/www.sinchisinchi.com\/wp-content\/uploads\/2026\/01\/3b-Verde-SIMPLIFICADO-HORIZONTAL-F-TRANSPARENTE-scaled.png\",\"width\":2560,\"height\":457,\"caption\":\"SINCHI S.L\"},\"image\":{\"@id\":\"https:\/\/www.sinchisinchi.com\/nl\/#\/schema\/logo\/image\/\"},\"sameAs\":[\"https:\/\/www.facebook.com\/sinchirape\/\",\"https:\/\/www.instagram.com\/sinchi_rape\/\"]}]}<\/script>\n<!-- \/ Yoast SEO plugin. -->","yoast_head_json":{"title":"Ceremoni\u00eble rode lotuscacao \u2013 Sinchi, Shamanic Shop","description":"De combinatie van ceremoni\u00eble cacao en rode lotus cre\u00ebert een synergie die zelfontdekking en diepe verbinding met een hoger bewustzijn ondersteunt.","robots":{"index":"index","follow":"follow","max-snippet":"max-snippet:-1","max-image-preview":"max-image-preview:large","max-video-preview":"max-video-preview:-1"},"canonical":"https:\/\/www.sinchisinchi.com\/nl\/producto\/rode-lotus-cacao\/","og_locale":"nl_NL","og_type":"article","og_title":"Ceremoni\u00eble rode lotuscacao \u2013 Sinchi, Shamanic Shop","og_description":"De combinatie van ceremoni\u00eble cacao en rode lotus cre\u00ebert een synergie die zelfontdekking en diepe verbinding met een hoger bewustzijn ondersteunt.","og_url":"https:\/\/www.sinchisinchi.com\/nl\/producto\/rode-lotus-cacao\/","og_site_name":"SINCHI RAP\u00c9","article_publisher":"https:\/\/www.facebook.com\/sinchirape\/","article_modified_time":"2024-07-04T11:15:39+00:00","og_image":[{"width":1946,"height":1946,"url":"https:\/\/www.sinchisinchi.com\/wp-content\/uploads\/2024\/05\/red-lotus.webp","type":"image\/webp"}],"twitter_card":"summary_large_image","schema":{"@context":"https:\/\/schema.org","@graph":[{"@type":"WebPage","@id":"https:\/\/www.sinchisinchi.com\/nl\/producto\/rode-lotus-cacao\/","url":"https:\/\/www.sinchisinchi.com\/nl\/producto\/rode-lotus-cacao\/","name":"Ceremoni\u00eble rode lotuscacao \u2013 Sinchi, Shamanic Shop","isPartOf":{"@id":"https:\/\/www.sinchisinchi.com\/nl\/#website"},"primaryImageOfPage":{"@id":"https:\/\/www.sinchisinchi.com\/nl\/producto\/rode-lotus-cacao\/#primaryimage"},"image":{"@id":"https:\/\/www.sinchisinchi.com\/nl\/producto\/rode-lotus-cacao\/#primaryimage"},"thumbnailUrl":"https:\/\/www.sinchisinchi.com\/wp-content\/uploads\/2024\/05\/red-lotus.webp","datePublished":"2024-05-28T13:10:03+00:00","dateModified":"2024-07-04T11:15:39+00:00","description":"De combinatie van ceremoni\u00eble cacao en rode lotus cre\u00ebert een synergie die zelfontdekking en diepe verbinding met een hoger bewustzijn ondersteunt.","breadcrumb":{"@id":"https:\/\/www.sinchisinchi.com\/nl\/producto\/rode-lotus-cacao\/#breadcrumb"},"inLanguage":"nl-NL","potentialAction":[{"@type":"ReadAction","target":["https:\/\/www.sinchisinchi.com\/nl\/producto\/rode-lotus-cacao\/"]}]},{"@type":"ImageObject","inLanguage":"nl-NL","@id":"https:\/\/www.sinchisinchi.com\/nl\/producto\/rode-lotus-cacao\/#primaryimage","url":"https:\/\/www.sinchisinchi.com\/wp-content\/uploads\/2024\/05\/red-lotus.webp","contentUrl":"https:\/\/www.sinchisinchi.com\/wp-content\/uploads\/2024\/05\/red-lotus.webp","width":1946,"height":1946},{"@type":"BreadcrumbList","@id":"https:\/\/www.sinchisinchi.com\/nl\/producto\/rode-lotus-cacao\/#breadcrumb","itemListElement":[{"@type":"ListItem","position":1,"name":"Voorpagina","item":"https:\/\/www.sinchisinchi.com\/nl\/"},{"@type":"ListItem","position":2,"name":"Producten","item":"https:\/\/www.sinchisinchi.com\/nl\/shop\/"},{"@type":"ListItem","position":3,"name":"Rode Lotus Cacao"}]},{"@type":"WebSite","@id":"https:\/\/www.sinchisinchi.com\/nl\/#website","url":"https:\/\/www.sinchisinchi.com\/nl\/","name":"SINCHI","description":"Sinchi Medicine","publisher":{"@id":"https:\/\/www.sinchisinchi.com\/nl\/#organization"},"potentialAction":[{"@type":"SearchAction","target":{"@type":"EntryPoint","urlTemplate":"https:\/\/www.sinchisinchi.com\/nl\/?s={search_term_string}"},"query-input":{"@type":"PropertyValueSpecification","valueRequired":true,"valueName":"search_term_string"}}],"inLanguage":"nl-NL"},{"@type":"Organization","@id":"https:\/\/www.sinchisinchi.com\/nl\/#organization","name":"SINCHI S.L","url":"https:\/\/www.sinchisinchi.com\/nl\/","logo":{"@type":"ImageObject","inLanguage":"nl-NL","@id":"https:\/\/www.sinchisinchi.com\/nl\/#\/schema\/logo\/image\/","url":"https:\/\/www.sinchisinchi.com\/wp-content\/uploads\/2026\/01\/3b-Verde-SIMPLIFICADO-HORIZONTAL-F-TRANSPARENTE-scaled.png","contentUrl":"https:\/\/www.sinchisinchi.com\/wp-content\/uploads\/2026\/01\/3b-Verde-SIMPLIFICADO-HORIZONTAL-F-TRANSPARENTE-scaled.png","width":2560,"height":457,"caption":"SINCHI S.L"},"image":{"@id":"https:\/\/www.sinchisinchi.com\/nl\/#\/schema\/logo\/image\/"},"sameAs":["https:\/\/www.facebook.com\/sinchirape\/","https:\/\/www.instagram.com\/sinchi_rape\/"]}]}},"_links":{"self":[{"href":"https:\/\/www.sinchisinchi.com\/nl\/wp-json\/wp\/v2\/product\/14673","targetHints":{"allow":["GET"]}}],"collection":[{"href":"https:\/\/www.sinchisinchi.com\/nl\/wp-json\/wp\/v2\/product"}],"about":[{"href":"https:\/\/www.sinchisinchi.com\/nl\/wp-json\/wp\/v2\/types\/product"}],"wp:featuredmedia":[{"embeddable":true,"href":"https:\/\/www.sinchisinchi.com\/nl\/wp-json\/wp\/v2\/media\/14516"}],"wp:attachment":[{"href":"https:\/\/www.sinchisinchi.com\/nl\/wp-json\/wp\/v2\/media?parent=14673"}],"wp:term":[{"taxonomy":"product_brand","embeddable":true,"href":"https:\/\/www.sinchisinchi.com\/nl\/wp-json\/wp\/v2\/product_brand?post=14673"},{"taxonomy":"product_cat","embeddable":true,"href":"https:\/\/www.sinchisinchi.com\/nl\/wp-json\/wp\/v2\/product_cat?post=14673"},{"taxonomy":"product_tag","embeddable":true,"href":"https:\/\/www.sinchisinchi.com\/nl\/wp-json\/wp\/v2\/product_tag?post=14673"}],"curies":[{"name":"wp","href":"https:\/\/api.w.org\/{rel}","templated":true}]}}