{"id":28217,"date":"2025-05-30T12:12:36","date_gmt":"2025-05-30T12:12:36","guid":{"rendered":"https:\/\/www.sinchisinchi.com\/producto\/copaiba\/"},"modified":"2026-01-13T07:51:13","modified_gmt":"2026-01-13T07:51:13","slug":"copaiba","status":"publish","type":"product","link":"https:\/\/www.sinchisinchi.com\/nl\/producto\/copaiba\/","title":{"rendered":"Copa\u00edba"},"content":{"rendered":"<h2 style=\"text-align: center;\"><strong>De Copa\u00edba-boom<\/strong><\/h2>\n<p>De Copa\u00edba-boom (Copaifera langsdorffii, Copaifera officinalis, enz.), ook bekend als de dieselboom, is een veelvoorkomende en zeer populaire boom in Brazili\u00eb vanwege zijn kostbare hars, die al duizenden jaren wordt gebruikt als geneesmiddel voor zowel uitwendige als inwendige wonden.<\/p>\n<p>De naam Copa\u00edba komt uit het Guaran\u00ed en betekent &#8220;de boom die geneest&#8221;. Hij wordt ook wel olieboom, tacamaca, cabima, olieboom, copai of copaibi genoemd.<\/p>\n<p>Hij behoort tot de vlinderbloemenfamilie (Fabaceae) en is inheems in Latijns-Amerika en West-Afrika, met een aanzienlijke aanwezigheid in het Amazonewoud.<\/p>\n<p>Het is een boom met een hoge, open kroon, tussen de 10 en 40 meter hoog, met kale bladeren en roodachtige scheuten. De bloemen zijn wit tot cr\u00e8megroen, klein, tweeslachtig en in trossen gerangschikt. De vruchten, tot 3 cm lang, zijn roodachtig wanneer ze rijp zijn.<\/p>\n<p>De plant produceert een grote hoeveelheid koolwaterstoffen in het hout en de bladeren, tussen de 30 en 53 liter per jaar. De belangrijkste component in de olie is een oleohars die bruikbaar is voor de productie van producten zoals biodiesel.<\/p>\n<div class=\"row\"  id=\"row-297502600\">\n\n\t<div id=\"col-95292146\" class=\"col medium-2 small-12 large-2\"  >\n\t\t\t\t<div class=\"col-inner\"  >\n\t\t\t\n\t\t\t\n\t\t<\/div>\n\t\t\t\t\t<\/div>\n\n\t\n\n\t<div id=\"col-476235800\" class=\"col medium-8 small-12 large-8\"  >\n\t\t\t\t<div class=\"col-inner\"  >\n\t\t\t\n\t\t\t\n<div class=\"video video-fit mb\" style=\"padding-top:56.25%;\"><p><iframe loading=\"lazy\" title=\"Plan de Conservaci\u00f3n y Manejo del Palo de Aceite - Copaiba Tree Conservation and Management Plan\" width=\"1020\" height=\"574\" src=\"https:\/\/www.youtube.com\/embed\/KZsG17BomwA?feature=oembed&#038;enablejsapi=1&#038;origin=https:\/\/www.sinchisinchi.com\" frameborder=\"0\" allow=\"accelerometer; autoplay; clipboard-write; encrypted-media; gyroscope; picture-in-picture; web-share\" referrerpolicy=\"strict-origin-when-cross-origin\" allowfullscreen><\/iframe><\/p>\n<\/div>\n\t\t<\/div>\n\t\t\t\t\t<\/div>\n\n\t\n\n\t<div id=\"col-827646054\" class=\"col medium-2 small-12 large-2\"  >\n\t\t\t\t<div class=\"col-inner\"  >\n\t\t\t\n\t\t\t\n\t\t<\/div>\n\t\t\t\t\t<\/div>\n\n\t\n<\/div>\n\t<div id=\"gap-2055060481\" class=\"gap-element clearfix\" style=\"display:block; height:auto;\">\n\t\t\n<style>\n#gap-2055060481 {\n  padding-top: 30px;\n}\n<\/style>\n\t<\/div>\n\t\n<h2 style=\"text-align: center;\"><strong>Copaibahars<\/strong><\/h2>\n<p>Copaibahars wordt gewonnen door een gat in de bast te boren, waaruit een geelbruine, stroperige substantie sijpelt. Uit deze hars wordt copaibaolie gewonnen,<strong> ook wel de &#8220;olie van het leven&#8221;<\/strong> genoemd.<\/p>\n<p>Deze hars heeft krachtige ontstekingsremmende eigenschappen en versterkt het immuunsysteem, naast vele andere medicinale eigenschappen. In de volksgeneeskunde wordt het gebruikt om de stemming te verbeteren en stress en angst te verlichten.<\/p>\n<p>In het Amazonegebied gebruiken inheemse stammen al meer dan 400 jaar producten die uit de Copaibaboom worden gewonnen, en verslagen van het gebruik van Copaiba in Brazili\u00eb dateren van v\u00f3\u00f3r de Portugese kolonisatie.<\/p>\n<p>Volgens de legende zagen inheemse Brazilianen dieren tegen de stam van de Copaibaboom wrijven om hun verwondingen te genezen, en ontdekten zo de medicinale eigenschappen ervan.<\/p>\n<p>De soort Copa\u00edfera langsdorffii, ook bekend als de dieselboom, Copa\u00edba-verdade, Copiava of Copa\u00edba-balsem, wordt het meest gewaardeerd om zijn medicinale eigenschappen.<br \/>\n<div class=\"row\"  id=\"row-1725159160\">\n\n\t<div id=\"col-570582387\" class=\"col medium-2 small-12 large-2\"  >\n\t\t\t\t<div class=\"col-inner\"  >\n\t\t\t\n\t\t\t\n\t\t<\/div>\n\t\t\t\t\t<\/div>\n\n\t\n\n\t<div id=\"col-1625533440\" class=\"col medium-8 small-12 large-8\"  >\n\t\t\t\t<div class=\"col-inner\"  >\n\t\t\t\n\t\t\t\n<div class=\"video video-fit mb\" style=\"padding-top:56.25%;\"><p><iframe loading=\"lazy\" title=\"CAPUSLA ACEITE DE COPAIBO\" width=\"1020\" height=\"574\" src=\"https:\/\/www.youtube.com\/embed\/eVEoAGXdNYs?feature=oembed&#038;enablejsapi=1&#038;origin=https:\/\/www.sinchisinchi.com\" frameborder=\"0\" allow=\"accelerometer; autoplay; clipboard-write; encrypted-media; gyroscope; picture-in-picture; web-share\" referrerpolicy=\"strict-origin-when-cross-origin\" allowfullscreen><\/iframe><\/p>\n<\/div>\n\t\t<\/div>\n\t\t\t\t\t<\/div>\n\n\t\n\n\t<div id=\"col-684019717\" class=\"col medium-2 small-12 large-2\"  >\n\t\t\t\t<div class=\"col-inner\"  >\n\t\t\t\n\t\t\t\n\t\t<\/div>\n\t\t\t\t\t<\/div>\n\n\t\n<\/div>\n\t<div id=\"gap-103014690\" class=\"gap-element clearfix\" style=\"display:block; height:auto;\">\n\t\t\n<style>\n#gap-103014690 {\n  padding-top: 30px;\n}\n<\/style>\n\t<\/div>\n\t\n<h2 style=\"text-align: center;\"><strong>Medicinale eigenschappen<\/strong><\/h2>\n<p>Alle delen van de Copaibaboom, inclusief de bladeren en schors, hebben een medicinale werking. De olie uit de hars concentreert echter de medicinale eigenschappen.<\/p>\n<p>Copaiba is een krachtige ontstekingsremmer, versterkt het immuunsysteem en verbetert de stemming door stress en angst te verlichten.<\/p>\n<p>De eigenschappen van deze boom, heilig voor de stammen in het Amazonegebied, zijn eindeloos: oedeemremmend, pijnstillend, antiblenorrheaal, antiseptisch, antischimmelmiddel, bloeddrukverlagend, diuretisch, antimicrobieel, spierontspannend, desinfecterend, antibacterieel, slijmoplossend, kankerremmend, antitumor, samentrekkend, antibioticum, verzachtend, energiegevend, hoofdhuidherstellend, stimulerend, laxerend, reumatisch pijnstillend en verbetert de nierfunctie.<\/p>\n<p>Traditioneel wordt het vooral gebruikt bij de behandeling van huidziekten, insectenbeten en wondgenezing.<\/p>\n<p>Het reinigt en zuivert ook de huid, helpt pori\u00ebn te ontstoppen, behandelt acne, vermindert eczeem en behandelt psoriasis. Het houdt de huid zacht en gezond dankzij de hydratatie en vermindert littekens.<\/p>\n\t<div class=\"img has-hover x md-x lg-x y md-y lg-y\" id=\"image_91803725\">\n\t\t\t\t\t\t\t\t<div class=\"img-inner dark\" >\n\t\t\t<img loading=\"lazy\" decoding=\"async\" width=\"1020\" height=\"663\" src=\"https:\/\/www.sinchisinchi.com\/wp-content\/uploads\/2025\/05\/1-Copaiba-Arbol-1024x666.jpeg\" class=\"attachment-large size-large\" alt=\"\" srcset=\"https:\/\/www.sinchisinchi.com\/wp-content\/uploads\/2025\/05\/1-Copaiba-Arbol-1024x666.jpeg 1024w, https:\/\/www.sinchisinchi.com\/wp-content\/uploads\/2025\/05\/1-Copaiba-Arbol-600x390.jpeg 600w, https:\/\/www.sinchisinchi.com\/wp-content\/uploads\/2025\/05\/1-Copaiba-Arbol-768x499.jpeg 768w, https:\/\/www.sinchisinchi.com\/wp-content\/uploads\/2025\/05\/1-Copaiba-Arbol-247x161.jpeg 247w, https:\/\/www.sinchisinchi.com\/wp-content\/uploads\/2025\/05\/1-Copaiba-Arbol-510x332.jpeg 510w, https:\/\/www.sinchisinchi.com\/wp-content\/uploads\/2025\/05\/1-Copaiba-Arbol.jpeg 1204w\" sizes=\"auto, (max-width: 1020px) 100vw, 1020px\" \/>\t\t\t\t\t\t\n\t\t\t\t\t<\/div>\n\t\t\t\t\t\t\t\t\n<style>\n#image_91803725 {\n  width: 100%;\n}\n<\/style>\n\t<\/div>\n\t\n","protected":false},"excerpt":{"rendered":"<p>Copa\u00edba Rap\u00e9 is een sterke soort die traditioneel gebruikt wordt bij speciale gelegenheden. Het bevat as van de stam van de copa\u00edbaboom (Copaifera langsdorffii), die traditioneel gebruikt wordt voor fysieke reiniging, zuivering en het loslaten van spanning.<\/p>\n<p>Met een aardse geur heeft het een rustgevende, kalmerende werking op lichaam en geest.<\/p>\n<p>Het verhoogt de vibratie, verheldert de geest en bevordert fysieke, mentale en emotionele harmonie en balans, met name door in te werken op de kruin- en hartchakra&#8217;s.<\/p>\n<p><strong>&#8211; Inhoud:<\/strong>\u00a0Flesjes van 10 ml (8 tot 9 gram).<\/p>\n<p><strong>&#8211; Gebruik:<\/strong> Etnobotanische curiositeit.<\/p>\n","protected":false},"featured_media":27909,"template":"","meta":{"_joinchat":[]},"product_brand":[],"product_cat":[713],"product_tag":[],"class_list":{"0":"post-28217","1":"product","2":"type-product","3":"status-publish","4":"has-post-thumbnail","6":"product_cat-groen-label","8":"first","9":"instock","10":"taxable","11":"shipping-taxable","12":"purchasable","13":"product-type-simple"},"yoast_head":"<!-- This site is optimized with the Yoast SEO plugin v27.4 - https:\/\/yoast.com\/product\/yoast-seo-wordpress\/ -->\n<title>Rap\u00e9 van Copaiba - SINCHI RAP\u00c9<\/title>\n<meta name=\"description\" content=\"Copaiba Rap\u00e9 verhoogt de trilling, verheldert de geest en bevordert het fysieke, mentale en emotionele evenwicht. Het werkt op de kruin- en hartchakra&#039;s.\" \/>\n<meta name=\"robots\" content=\"index, follow, max-snippet:-1, max-image-preview:large, max-video-preview:-1\" \/>\n<link rel=\"canonical\" href=\"https:\/\/www.sinchisinchi.com\/nl\/producto\/copaiba\/\" \/>\n<meta property=\"og:locale\" content=\"nl_NL\" \/>\n<meta property=\"og:type\" content=\"article\" \/>\n<meta property=\"og:title\" content=\"Rap\u00e9 van Copaiba - SINCHI RAP\u00c9\" \/>\n<meta property=\"og:description\" content=\"Copaiba Rap\u00e9 verhoogt de trilling, verheldert de geest en bevordert het fysieke, mentale en emotionele evenwicht. Het werkt op de kruin- en hartchakra&#039;s.\" \/>\n<meta property=\"og:url\" content=\"https:\/\/www.sinchisinchi.com\/nl\/producto\/copaiba\/\" \/>\n<meta property=\"og:site_name\" content=\"SINCHI RAP\u00c9\" \/>\n<meta property=\"article:publisher\" content=\"https:\/\/www.facebook.com\/sinchirape\/\" \/>\n<meta property=\"article:modified_time\" content=\"2026-01-13T07:51:13+00:00\" \/>\n<meta property=\"og:image\" content=\"https:\/\/www.sinchisinchi.com\/wp-content\/uploads\/2025\/05\/3-Copaiba.jpg\" \/>\n\t<meta property=\"og:image:width\" content=\"700\" \/>\n\t<meta property=\"og:image:height\" content=\"700\" \/>\n\t<meta property=\"og:image:type\" content=\"image\/jpeg\" \/>\n<meta name=\"twitter:card\" content=\"summary_large_image\" \/>\n<meta name=\"twitter:label1\" content=\"Geschatte leestijd\" \/>\n\t<meta name=\"twitter:data1\" content=\"3 minuten\" \/>\n<script type=\"application\/ld+json\" class=\"yoast-schema-graph\">{\"@context\":\"https:\\\/\\\/schema.org\",\"@graph\":[{\"@type\":\"WebPage\",\"@id\":\"https:\\\/\\\/www.sinchisinchi.com\\\/nl\\\/producto\\\/copaiba\\\/\",\"url\":\"https:\\\/\\\/www.sinchisinchi.com\\\/nl\\\/producto\\\/copaiba\\\/\",\"name\":\"Rap\u00e9 van Copaiba - SINCHI RAP\u00c9\",\"isPartOf\":{\"@id\":\"https:\\\/\\\/www.sinchisinchi.com\\\/nl\\\/#website\"},\"primaryImageOfPage\":{\"@id\":\"https:\\\/\\\/www.sinchisinchi.com\\\/nl\\\/producto\\\/copaiba\\\/#primaryimage\"},\"image\":{\"@id\":\"https:\\\/\\\/www.sinchisinchi.com\\\/nl\\\/producto\\\/copaiba\\\/#primaryimage\"},\"thumbnailUrl\":\"https:\\\/\\\/www.sinchisinchi.com\\\/wp-content\\\/uploads\\\/2025\\\/05\\\/3-Copaiba.jpg\",\"datePublished\":\"2025-05-30T12:12:36+00:00\",\"dateModified\":\"2026-01-13T07:51:13+00:00\",\"description\":\"Copaiba Rap\u00e9 verhoogt de trilling, verheldert de geest en bevordert het fysieke, mentale en emotionele evenwicht. Het werkt op de kruin- en hartchakra's.\",\"breadcrumb\":{\"@id\":\"https:\\\/\\\/www.sinchisinchi.com\\\/nl\\\/producto\\\/copaiba\\\/#breadcrumb\"},\"inLanguage\":\"nl-NL\",\"potentialAction\":[{\"@type\":\"ReadAction\",\"target\":[\"https:\\\/\\\/www.sinchisinchi.com\\\/nl\\\/producto\\\/copaiba\\\/\"]}]},{\"@type\":\"ImageObject\",\"inLanguage\":\"nl-NL\",\"@id\":\"https:\\\/\\\/www.sinchisinchi.com\\\/nl\\\/producto\\\/copaiba\\\/#primaryimage\",\"url\":\"https:\\\/\\\/www.sinchisinchi.com\\\/wp-content\\\/uploads\\\/2025\\\/05\\\/3-Copaiba.jpg\",\"contentUrl\":\"https:\\\/\\\/www.sinchisinchi.com\\\/wp-content\\\/uploads\\\/2025\\\/05\\\/3-Copaiba.jpg\",\"width\":700,\"height\":700},{\"@type\":\"BreadcrumbList\",\"@id\":\"https:\\\/\\\/www.sinchisinchi.com\\\/nl\\\/producto\\\/copaiba\\\/#breadcrumb\",\"itemListElement\":[{\"@type\":\"ListItem\",\"position\":1,\"name\":\"Voorpagina\",\"item\":\"https:\\\/\\\/www.sinchisinchi.com\\\/nl\\\/\"},{\"@type\":\"ListItem\",\"position\":2,\"name\":\"Producten\",\"item\":\"https:\\\/\\\/www.sinchisinchi.com\\\/nl\\\/shop\\\/\"},{\"@type\":\"ListItem\",\"position\":3,\"name\":\"Copa\u00edba\"}]},{\"@type\":\"WebSite\",\"@id\":\"https:\\\/\\\/www.sinchisinchi.com\\\/nl\\\/#website\",\"url\":\"https:\\\/\\\/www.sinchisinchi.com\\\/nl\\\/\",\"name\":\"SINCHI\",\"description\":\"Sinchi Medicine\",\"publisher\":{\"@id\":\"https:\\\/\\\/www.sinchisinchi.com\\\/nl\\\/#organization\"},\"potentialAction\":[{\"@type\":\"SearchAction\",\"target\":{\"@type\":\"EntryPoint\",\"urlTemplate\":\"https:\\\/\\\/www.sinchisinchi.com\\\/nl\\\/?s={search_term_string}\"},\"query-input\":{\"@type\":\"PropertyValueSpecification\",\"valueRequired\":true,\"valueName\":\"search_term_string\"}}],\"inLanguage\":\"nl-NL\"},{\"@type\":\"Organization\",\"@id\":\"https:\\\/\\\/www.sinchisinchi.com\\\/nl\\\/#organization\",\"name\":\"SINCHI S.L\",\"url\":\"https:\\\/\\\/www.sinchisinchi.com\\\/nl\\\/\",\"logo\":{\"@type\":\"ImageObject\",\"inLanguage\":\"nl-NL\",\"@id\":\"https:\\\/\\\/www.sinchisinchi.com\\\/nl\\\/#\\\/schema\\\/logo\\\/image\\\/\",\"url\":\"https:\\\/\\\/www.sinchisinchi.com\\\/wp-content\\\/uploads\\\/2026\\\/01\\\/3b-Verde-SIMPLIFICADO-HORIZONTAL-F-TRANSPARENTE-scaled.png\",\"contentUrl\":\"https:\\\/\\\/www.sinchisinchi.com\\\/wp-content\\\/uploads\\\/2026\\\/01\\\/3b-Verde-SIMPLIFICADO-HORIZONTAL-F-TRANSPARENTE-scaled.png\",\"width\":2560,\"height\":457,\"caption\":\"SINCHI S.L\"},\"image\":{\"@id\":\"https:\\\/\\\/www.sinchisinchi.com\\\/nl\\\/#\\\/schema\\\/logo\\\/image\\\/\"},\"sameAs\":[\"https:\\\/\\\/www.facebook.com\\\/sinchirape\\\/\",\"https:\\\/\\\/www.instagram.com\\\/sinchi_rape\\\/\"]}]}<\/script>\n<!-- \/ Yoast SEO plugin. -->","yoast_head_json":{"title":"Rap\u00e9 van Copaiba - SINCHI RAP\u00c9","description":"Copaiba Rap\u00e9 verhoogt de trilling, verheldert de geest en bevordert het fysieke, mentale en emotionele evenwicht. Het werkt op de kruin- en hartchakra's.","robots":{"index":"index","follow":"follow","max-snippet":"max-snippet:-1","max-image-preview":"max-image-preview:large","max-video-preview":"max-video-preview:-1"},"canonical":"https:\/\/www.sinchisinchi.com\/nl\/producto\/copaiba\/","og_locale":"nl_NL","og_type":"article","og_title":"Rap\u00e9 van Copaiba - SINCHI RAP\u00c9","og_description":"Copaiba Rap\u00e9 verhoogt de trilling, verheldert de geest en bevordert het fysieke, mentale en emotionele evenwicht. Het werkt op de kruin- en hartchakra's.","og_url":"https:\/\/www.sinchisinchi.com\/nl\/producto\/copaiba\/","og_site_name":"SINCHI RAP\u00c9","article_publisher":"https:\/\/www.facebook.com\/sinchirape\/","article_modified_time":"2026-01-13T07:51:13+00:00","og_image":[{"width":700,"height":700,"url":"https:\/\/www.sinchisinchi.com\/wp-content\/uploads\/2025\/05\/3-Copaiba.jpg","type":"image\/jpeg"}],"twitter_card":"summary_large_image","twitter_misc":{"Geschatte leestijd":"3 minuten"},"schema":{"@context":"https:\/\/schema.org","@graph":[{"@type":"WebPage","@id":"https:\/\/www.sinchisinchi.com\/nl\/producto\/copaiba\/","url":"https:\/\/www.sinchisinchi.com\/nl\/producto\/copaiba\/","name":"Rap\u00e9 van Copaiba - SINCHI RAP\u00c9","isPartOf":{"@id":"https:\/\/www.sinchisinchi.com\/nl\/#website"},"primaryImageOfPage":{"@id":"https:\/\/www.sinchisinchi.com\/nl\/producto\/copaiba\/#primaryimage"},"image":{"@id":"https:\/\/www.sinchisinchi.com\/nl\/producto\/copaiba\/#primaryimage"},"thumbnailUrl":"https:\/\/www.sinchisinchi.com\/wp-content\/uploads\/2025\/05\/3-Copaiba.jpg","datePublished":"2025-05-30T12:12:36+00:00","dateModified":"2026-01-13T07:51:13+00:00","description":"Copaiba Rap\u00e9 verhoogt de trilling, verheldert de geest en bevordert het fysieke, mentale en emotionele evenwicht. Het werkt op de kruin- en hartchakra's.","breadcrumb":{"@id":"https:\/\/www.sinchisinchi.com\/nl\/producto\/copaiba\/#breadcrumb"},"inLanguage":"nl-NL","potentialAction":[{"@type":"ReadAction","target":["https:\/\/www.sinchisinchi.com\/nl\/producto\/copaiba\/"]}]},{"@type":"ImageObject","inLanguage":"nl-NL","@id":"https:\/\/www.sinchisinchi.com\/nl\/producto\/copaiba\/#primaryimage","url":"https:\/\/www.sinchisinchi.com\/wp-content\/uploads\/2025\/05\/3-Copaiba.jpg","contentUrl":"https:\/\/www.sinchisinchi.com\/wp-content\/uploads\/2025\/05\/3-Copaiba.jpg","width":700,"height":700},{"@type":"BreadcrumbList","@id":"https:\/\/www.sinchisinchi.com\/nl\/producto\/copaiba\/#breadcrumb","itemListElement":[{"@type":"ListItem","position":1,"name":"Voorpagina","item":"https:\/\/www.sinchisinchi.com\/nl\/"},{"@type":"ListItem","position":2,"name":"Producten","item":"https:\/\/www.sinchisinchi.com\/nl\/shop\/"},{"@type":"ListItem","position":3,"name":"Copa\u00edba"}]},{"@type":"WebSite","@id":"https:\/\/www.sinchisinchi.com\/nl\/#website","url":"https:\/\/www.sinchisinchi.com\/nl\/","name":"SINCHI","description":"Sinchi Medicine","publisher":{"@id":"https:\/\/www.sinchisinchi.com\/nl\/#organization"},"potentialAction":[{"@type":"SearchAction","target":{"@type":"EntryPoint","urlTemplate":"https:\/\/www.sinchisinchi.com\/nl\/?s={search_term_string}"},"query-input":{"@type":"PropertyValueSpecification","valueRequired":true,"valueName":"search_term_string"}}],"inLanguage":"nl-NL"},{"@type":"Organization","@id":"https:\/\/www.sinchisinchi.com\/nl\/#organization","name":"SINCHI S.L","url":"https:\/\/www.sinchisinchi.com\/nl\/","logo":{"@type":"ImageObject","inLanguage":"nl-NL","@id":"https:\/\/www.sinchisinchi.com\/nl\/#\/schema\/logo\/image\/","url":"https:\/\/www.sinchisinchi.com\/wp-content\/uploads\/2026\/01\/3b-Verde-SIMPLIFICADO-HORIZONTAL-F-TRANSPARENTE-scaled.png","contentUrl":"https:\/\/www.sinchisinchi.com\/wp-content\/uploads\/2026\/01\/3b-Verde-SIMPLIFICADO-HORIZONTAL-F-TRANSPARENTE-scaled.png","width":2560,"height":457,"caption":"SINCHI S.L"},"image":{"@id":"https:\/\/www.sinchisinchi.com\/nl\/#\/schema\/logo\/image\/"},"sameAs":["https:\/\/www.facebook.com\/sinchirape\/","https:\/\/www.instagram.com\/sinchi_rape\/"]}]}},"_links":{"self":[{"href":"https:\/\/www.sinchisinchi.com\/nl\/wp-json\/wp\/v2\/product\/28217","targetHints":{"allow":["GET"]}}],"collection":[{"href":"https:\/\/www.sinchisinchi.com\/nl\/wp-json\/wp\/v2\/product"}],"about":[{"href":"https:\/\/www.sinchisinchi.com\/nl\/wp-json\/wp\/v2\/types\/product"}],"wp:featuredmedia":[{"embeddable":true,"href":"https:\/\/www.sinchisinchi.com\/nl\/wp-json\/wp\/v2\/media\/27909"}],"wp:attachment":[{"href":"https:\/\/www.sinchisinchi.com\/nl\/wp-json\/wp\/v2\/media?parent=28217"}],"wp:term":[{"taxonomy":"product_brand","embeddable":true,"href":"https:\/\/www.sinchisinchi.com\/nl\/wp-json\/wp\/v2\/product_brand?post=28217"},{"taxonomy":"product_cat","embeddable":true,"href":"https:\/\/www.sinchisinchi.com\/nl\/wp-json\/wp\/v2\/product_cat?post=28217"},{"taxonomy":"product_tag","embeddable":true,"href":"https:\/\/www.sinchisinchi.com\/nl\/wp-json\/wp\/v2\/product_tag?post=28217"}],"curies":[{"name":"wp","href":"https:\/\/api.w.org\/{rel}","templated":true}]}}