{"id":29099,"date":"2025-05-30T12:57:15","date_gmt":"2025-05-30T12:57:15","guid":{"rendered":"https:\/\/www.sinchisinchi.com\/producto\/pau-pereira\/"},"modified":"2025-05-30T12:57:15","modified_gmt":"2025-05-30T12:57:15","slug":"pau-pereira","status":"publish","type":"product","link":"https:\/\/www.sinchisinchi.com\/nl\/producto\/pau-pereira\/","title":{"rendered":"Pau Pereira"},"content":{"rendered":"<h2 style=\"text-align: center;\">Pau Pereira-boom<\/h2>\n<p>Pau Pereira is een middelgrote boom die oorspronkelijk uit het Amazone-regenwoud komt. Hij is extreem bitter en groeit in de niet-overstroomde delen van het bos.<\/p>\n<p>Hij heeft een gegroefde stam die in kleur varieert van lichtbruin tot geel; zijn takken produceren melksap.<\/p>\n<p>De bladeren hebben een goudbruine onderzijde en hij heeft opvallende witte bloemen. De vrucht is hoornvormig, geel als hij rijp is en produceert ook melksap. De zaden zijn talrijk, wit en plat.<\/p>\n<h3 style=\"text-align: center;\">Geneeskrachtige eigenschappen<\/h3>\n<p>De Pau Pereira-boom (Geissospermum vellosii), ook wel &#8220;Pao Pereira&#8221; genoemd, komt oorspronkelijk uit het Amazone-regenwoud. In Zuid-Amerika wordt hij al eeuwenlang gebruikt in de traditionele geneeskunde en maakt hij deel uit van het volkserfgoed van de regio.<\/p>\n<p>Pau Pereira wordt preventief geconsumeerd om een \u200b\u200bgoede gezondheid te behouden. De eigenschappen zijn afkomstig van de bitter smakende bast van de boom, die in talloze huismiddeltjes wordt gebruikt:<\/p>\n<p>Tegen malaria, verlies van eetlust, indigestie, duizeligheid, constipatie en koorts, en vanwege de tonische, leverbeschermende en spijsvertering bevorderende eigenschappen. Het heeft ook een krachtige antivirale werking.<\/p>\n<p>Het Pao Pereira-extract is bitter en wordt gewonnen uit het binnenste deel van de bast van de boom.<\/p>\n<p>De alkalo\u00efde pereirine, ontdekt door de Braziliaanse apotheker Ezequiel Corr\u00eaa dos Santos, is het belangrijkste actieve ingredi\u00ebnt van Pau-pereira (Geissospermum vellosii), vooral aanwezig in de bast.<\/p>\n<p>Daarnaast zijn er ook andere alkalo\u00efden aangetroffen: 11-methoxygeissospermidine, flavopereirine, geissosreticulatine en geissospermiculatine.<\/p>\n<h3 style=\"text-align: center;\">Recente geschiedenis<\/h3>\n<p>In 1848 presenteerde Ezequiel Correa Dos Santos zijn proefschrift aan de Faculteit Geneeskunde in Rio de Janeiro, dat beschouwd wordt als de eerste monografie over Pau Pereira.<\/p>\n<p>In 1879 publiceerde de &#8220;Medical Times&#8221; een artikel van Dr. Torres Homem, hoogleraar klinische geneeskunde aan de Academie van Rio de Janeiro, waarin hij de extractiemethode voor de alkalo\u00efde pereirine beschreef. Hij merkte op dat &#8220;er geen arts in Brazili\u00eb is die geen goede resultaten heeft behaald met dit extract bij de behandeling van intermitterende koorts.&#8221;<\/p>\n<p>De studie &#8220;Remedies against malaria in French Guyana: knowledge of behavior and practices&#8221;, gepubliceerd in het tijdschrift Ethnopharmacology, concludeerde dat in Frans-Guyana een alcoholisch extract van Pau Pereira preventief wordt gedronken zodra de eerste koortssymptomen zich voordoen.<\/p>\n<p>&#8220;Het was verrassend om te zien dat het belangrijkste en bekendste antimalariamiddel uit het Amazonegebied, Geissospermum spp., zelden werd gebruikt voor curatieve doeleinden, maar vaker voor preventieve doeleinden.&#8221;<\/p>\n<h3 style=\"text-align: center;\">Kankerwerende werking<\/h3>\n<p>Mirko Beljanski (1923-1998), doctor in de wetenschappen en onderzoeker aan het Pasteur Instituut in Parijs, was de eerste die de kankerwerende werking van Geissospermum Vellosii bestudeerde. Hij gebruikte hiervoor een extract dat selectief effectief was tegen kankercellen en dat gezonde cellen niet binnendrong.<\/p>\n<p>In 1884 publiceerde de Londense &#8220;Medical Times&#8221; een commentaar in de rubriek &#8220;Notes, Queries and Answers&#8221;, ondertekend door Richard G. Daunt (p. 443): &#8220;De werkzaamheid van pereirine is buitengewoon, en ik heb het succes ervan vaak waargenomen na het falen van kinine.&#8221;<\/p>\n<p>In Frankrijk schreef Dr. Tibiri\u00e7a van de Medische Unie in 1884 in &#8220;The Journal of the Newspapers&#8221;: &#8220;Pereirine is effectiever dan kinine, waarvan de therapeutische werking wordt verdubbeld en tegelijkertijd bijwerkingen bij hoge doseringen voorkomt.&#8221;<\/p>\n<p>Extracten van Pao Pereira hebben geen bijwerkingen; bij afwezigheid van kankercellen waaraan ze zich binden, worden de moleculen snel ge\u00eblimineerd, omdat ze zich alleen in ongeordende cellen nestelen.<\/p>\n<p>Daarom kunnen deze extracten preventief worden gebruikt bij precancereuze aandoeningen of bij mensen met een hoog risico (familie, omgeving, enz.), en als onderhoudsmiddel voor mensen die recentelijk hersteld zijn.<\/p>\n<p>Het RNA-fragment kan eveneens worden gebruikt om breuken te voorkomen en te herstellen. Chromosomale afwijkingen die gepaard gaan met ioniserende stralingsonderzoeken (mammografie, gammascan, r\u00f6ntgenfoto&#8217;s, enz.).<\/p>\n<p>Bovendien heeft Pau Pereira een krachtige antivirale werking. Pau Pereira-extract remt de virale replicatie; Het remt zowel reverse transcriptase als polymerase, stoffen die virussen in staat stellen zich te vermenigvuldigen. Het is dus een uitstekend breedspectrum antiviraal middel.<\/p>\n","protected":false},"excerpt":{"rendered":"<p>Pau Pereira is een krachtige snuiftabak die traditioneel door stammen in het Amazonegebied wordt gebruikt om energiekanalen te reinigen en te harmoniseren, de geest tot rust te brengen, negatieve energie\u00ebn los te laten, spiritueel werk te versterken en positief denken te bevorderen.<\/p>\n<p>Hoewel Pau Pereira-snuiftabak vaak wordt verward met tsunu vanwege de regionale namen, erkennen stammen zoals de Yawanaw\u00e1 Pau Pereira vanwege zijn unieke eigenschappen en waarderen ze vooral de as vanwege zijn krachtige spirituele en medicinale eigenschappen, die centreren en stabiliseren.<\/p>\n<p><strong>&#8211; Inhoud:<\/strong> flesjes van 10 ml (8 tot 9 gram).<\/p>\n<p><strong>&#8211; Gebruik:<\/strong> Etnobotanische curiositeit.<\/p>\n","protected":false},"featured_media":27941,"template":"","meta":{"_joinchat":[]},"product_brand":[],"product_cat":[720],"product_tag":[],"class_list":{"0":"post-29099","1":"product","2":"type-product","3":"status-publish","4":"has-post-thumbnail","6":"product_cat-rood-label","8":"first","9":"instock","10":"taxable","11":"shipping-taxable","12":"purchasable","13":"product-type-simple"},"yoast_head":"<!-- This site is optimized with the Yoast SEO plugin v27.4 - https:\/\/yoast.com\/product\/yoast-seo-wordpress\/ -->\n<title>Amazone Rap\u00e9 Pau Pereira - SINCHI<\/title>\n<meta name=\"description\" content=\"Pau Pereira is een sterke rap\u00e9 die door stammen in het Amazonegebied wordt gebruikt om de energiekanalen te reinigen en uit te lijnen en om de geest tot rust te brengen.\" \/>\n<meta name=\"robots\" content=\"index, follow, max-snippet:-1, max-image-preview:large, max-video-preview:-1\" \/>\n<link rel=\"canonical\" href=\"https:\/\/www.sinchisinchi.com\/nl\/producto\/pau-pereira\/\" \/>\n<meta property=\"og:locale\" content=\"nl_NL\" \/>\n<meta property=\"og:type\" content=\"article\" \/>\n<meta property=\"og:title\" content=\"Amazone Rap\u00e9 Pau Pereira - SINCHI\" \/>\n<meta property=\"og:description\" content=\"Pau Pereira is een sterke rap\u00e9 die door stammen in het Amazonegebied wordt gebruikt om de energiekanalen te reinigen en uit te lijnen en om de geest tot rust te brengen.\" \/>\n<meta property=\"og:url\" content=\"https:\/\/www.sinchisinchi.com\/nl\/producto\/pau-pereira\/\" \/>\n<meta property=\"og:site_name\" content=\"SINCHI RAP\u00c9\" \/>\n<meta property=\"article:publisher\" content=\"https:\/\/www.facebook.com\/sinchirape\/\" \/>\n<meta property=\"og:image\" content=\"https:\/\/www.sinchisinchi.com\/wp-content\/uploads\/2025\/05\/5-Paupereira.jpg\" \/>\n\t<meta property=\"og:image:width\" content=\"700\" \/>\n\t<meta property=\"og:image:height\" content=\"700\" \/>\n\t<meta property=\"og:image:type\" content=\"image\/jpeg\" \/>\n<meta name=\"twitter:card\" content=\"summary_large_image\" \/>\n<meta name=\"twitter:label1\" content=\"Geschatte leestijd\" \/>\n\t<meta name=\"twitter:data1\" content=\"3 minuten\" \/>\n<script type=\"application\/ld+json\" class=\"yoast-schema-graph\">{\"@context\":\"https:\\\/\\\/schema.org\",\"@graph\":[{\"@type\":\"WebPage\",\"@id\":\"https:\\\/\\\/www.sinchisinchi.com\\\/nl\\\/producto\\\/pau-pereira\\\/\",\"url\":\"https:\\\/\\\/www.sinchisinchi.com\\\/nl\\\/producto\\\/pau-pereira\\\/\",\"name\":\"Amazone Rap\u00e9 Pau Pereira - SINCHI\",\"isPartOf\":{\"@id\":\"https:\\\/\\\/www.sinchisinchi.com\\\/nl\\\/#website\"},\"primaryImageOfPage\":{\"@id\":\"https:\\\/\\\/www.sinchisinchi.com\\\/nl\\\/producto\\\/pau-pereira\\\/#primaryimage\"},\"image\":{\"@id\":\"https:\\\/\\\/www.sinchisinchi.com\\\/nl\\\/producto\\\/pau-pereira\\\/#primaryimage\"},\"thumbnailUrl\":\"https:\\\/\\\/www.sinchisinchi.com\\\/wp-content\\\/uploads\\\/2025\\\/05\\\/5-Paupereira.jpg\",\"datePublished\":\"2025-05-30T12:57:15+00:00\",\"description\":\"Pau Pereira is een sterke rap\u00e9 die door stammen in het Amazonegebied wordt gebruikt om de energiekanalen te reinigen en uit te lijnen en om de geest tot rust te brengen.\",\"breadcrumb\":{\"@id\":\"https:\\\/\\\/www.sinchisinchi.com\\\/nl\\\/producto\\\/pau-pereira\\\/#breadcrumb\"},\"inLanguage\":\"nl-NL\",\"potentialAction\":[{\"@type\":\"ReadAction\",\"target\":[\"https:\\\/\\\/www.sinchisinchi.com\\\/nl\\\/producto\\\/pau-pereira\\\/\"]}]},{\"@type\":\"ImageObject\",\"inLanguage\":\"nl-NL\",\"@id\":\"https:\\\/\\\/www.sinchisinchi.com\\\/nl\\\/producto\\\/pau-pereira\\\/#primaryimage\",\"url\":\"https:\\\/\\\/www.sinchisinchi.com\\\/wp-content\\\/uploads\\\/2025\\\/05\\\/5-Paupereira.jpg\",\"contentUrl\":\"https:\\\/\\\/www.sinchisinchi.com\\\/wp-content\\\/uploads\\\/2025\\\/05\\\/5-Paupereira.jpg\",\"width\":700,\"height\":700},{\"@type\":\"BreadcrumbList\",\"@id\":\"https:\\\/\\\/www.sinchisinchi.com\\\/nl\\\/producto\\\/pau-pereira\\\/#breadcrumb\",\"itemListElement\":[{\"@type\":\"ListItem\",\"position\":1,\"name\":\"Voorpagina\",\"item\":\"https:\\\/\\\/www.sinchisinchi.com\\\/nl\\\/\"},{\"@type\":\"ListItem\",\"position\":2,\"name\":\"Producten\",\"item\":\"https:\\\/\\\/www.sinchisinchi.com\\\/nl\\\/shop\\\/\"},{\"@type\":\"ListItem\",\"position\":3,\"name\":\"Pau Pereira\"}]},{\"@type\":\"WebSite\",\"@id\":\"https:\\\/\\\/www.sinchisinchi.com\\\/nl\\\/#website\",\"url\":\"https:\\\/\\\/www.sinchisinchi.com\\\/nl\\\/\",\"name\":\"SINCHI\",\"description\":\"Sinchi Medicine\",\"publisher\":{\"@id\":\"https:\\\/\\\/www.sinchisinchi.com\\\/nl\\\/#organization\"},\"potentialAction\":[{\"@type\":\"SearchAction\",\"target\":{\"@type\":\"EntryPoint\",\"urlTemplate\":\"https:\\\/\\\/www.sinchisinchi.com\\\/nl\\\/?s={search_term_string}\"},\"query-input\":{\"@type\":\"PropertyValueSpecification\",\"valueRequired\":true,\"valueName\":\"search_term_string\"}}],\"inLanguage\":\"nl-NL\"},{\"@type\":\"Organization\",\"@id\":\"https:\\\/\\\/www.sinchisinchi.com\\\/nl\\\/#organization\",\"name\":\"SINCHI S.L\",\"url\":\"https:\\\/\\\/www.sinchisinchi.com\\\/nl\\\/\",\"logo\":{\"@type\":\"ImageObject\",\"inLanguage\":\"nl-NL\",\"@id\":\"https:\\\/\\\/www.sinchisinchi.com\\\/nl\\\/#\\\/schema\\\/logo\\\/image\\\/\",\"url\":\"https:\\\/\\\/www.sinchisinchi.com\\\/wp-content\\\/uploads\\\/2026\\\/01\\\/3b-Verde-SIMPLIFICADO-HORIZONTAL-F-TRANSPARENTE-scaled.png\",\"contentUrl\":\"https:\\\/\\\/www.sinchisinchi.com\\\/wp-content\\\/uploads\\\/2026\\\/01\\\/3b-Verde-SIMPLIFICADO-HORIZONTAL-F-TRANSPARENTE-scaled.png\",\"width\":2560,\"height\":457,\"caption\":\"SINCHI S.L\"},\"image\":{\"@id\":\"https:\\\/\\\/www.sinchisinchi.com\\\/nl\\\/#\\\/schema\\\/logo\\\/image\\\/\"},\"sameAs\":[\"https:\\\/\\\/www.facebook.com\\\/sinchirape\\\/\",\"https:\\\/\\\/www.instagram.com\\\/sinchi_rape\\\/\"]}]}<\/script>\n<!-- \/ Yoast SEO plugin. -->","yoast_head_json":{"title":"Amazone Rap\u00e9 Pau Pereira - SINCHI","description":"Pau Pereira is een sterke rap\u00e9 die door stammen in het Amazonegebied wordt gebruikt om de energiekanalen te reinigen en uit te lijnen en om de geest tot rust te brengen.","robots":{"index":"index","follow":"follow","max-snippet":"max-snippet:-1","max-image-preview":"max-image-preview:large","max-video-preview":"max-video-preview:-1"},"canonical":"https:\/\/www.sinchisinchi.com\/nl\/producto\/pau-pereira\/","og_locale":"nl_NL","og_type":"article","og_title":"Amazone Rap\u00e9 Pau Pereira - SINCHI","og_description":"Pau Pereira is een sterke rap\u00e9 die door stammen in het Amazonegebied wordt gebruikt om de energiekanalen te reinigen en uit te lijnen en om de geest tot rust te brengen.","og_url":"https:\/\/www.sinchisinchi.com\/nl\/producto\/pau-pereira\/","og_site_name":"SINCHI RAP\u00c9","article_publisher":"https:\/\/www.facebook.com\/sinchirape\/","og_image":[{"width":700,"height":700,"url":"https:\/\/www.sinchisinchi.com\/wp-content\/uploads\/2025\/05\/5-Paupereira.jpg","type":"image\/jpeg"}],"twitter_card":"summary_large_image","twitter_misc":{"Geschatte leestijd":"3 minuten"},"schema":{"@context":"https:\/\/schema.org","@graph":[{"@type":"WebPage","@id":"https:\/\/www.sinchisinchi.com\/nl\/producto\/pau-pereira\/","url":"https:\/\/www.sinchisinchi.com\/nl\/producto\/pau-pereira\/","name":"Amazone Rap\u00e9 Pau Pereira - SINCHI","isPartOf":{"@id":"https:\/\/www.sinchisinchi.com\/nl\/#website"},"primaryImageOfPage":{"@id":"https:\/\/www.sinchisinchi.com\/nl\/producto\/pau-pereira\/#primaryimage"},"image":{"@id":"https:\/\/www.sinchisinchi.com\/nl\/producto\/pau-pereira\/#primaryimage"},"thumbnailUrl":"https:\/\/www.sinchisinchi.com\/wp-content\/uploads\/2025\/05\/5-Paupereira.jpg","datePublished":"2025-05-30T12:57:15+00:00","description":"Pau Pereira is een sterke rap\u00e9 die door stammen in het Amazonegebied wordt gebruikt om de energiekanalen te reinigen en uit te lijnen en om de geest tot rust te brengen.","breadcrumb":{"@id":"https:\/\/www.sinchisinchi.com\/nl\/producto\/pau-pereira\/#breadcrumb"},"inLanguage":"nl-NL","potentialAction":[{"@type":"ReadAction","target":["https:\/\/www.sinchisinchi.com\/nl\/producto\/pau-pereira\/"]}]},{"@type":"ImageObject","inLanguage":"nl-NL","@id":"https:\/\/www.sinchisinchi.com\/nl\/producto\/pau-pereira\/#primaryimage","url":"https:\/\/www.sinchisinchi.com\/wp-content\/uploads\/2025\/05\/5-Paupereira.jpg","contentUrl":"https:\/\/www.sinchisinchi.com\/wp-content\/uploads\/2025\/05\/5-Paupereira.jpg","width":700,"height":700},{"@type":"BreadcrumbList","@id":"https:\/\/www.sinchisinchi.com\/nl\/producto\/pau-pereira\/#breadcrumb","itemListElement":[{"@type":"ListItem","position":1,"name":"Voorpagina","item":"https:\/\/www.sinchisinchi.com\/nl\/"},{"@type":"ListItem","position":2,"name":"Producten","item":"https:\/\/www.sinchisinchi.com\/nl\/shop\/"},{"@type":"ListItem","position":3,"name":"Pau Pereira"}]},{"@type":"WebSite","@id":"https:\/\/www.sinchisinchi.com\/nl\/#website","url":"https:\/\/www.sinchisinchi.com\/nl\/","name":"SINCHI","description":"Sinchi Medicine","publisher":{"@id":"https:\/\/www.sinchisinchi.com\/nl\/#organization"},"potentialAction":[{"@type":"SearchAction","target":{"@type":"EntryPoint","urlTemplate":"https:\/\/www.sinchisinchi.com\/nl\/?s={search_term_string}"},"query-input":{"@type":"PropertyValueSpecification","valueRequired":true,"valueName":"search_term_string"}}],"inLanguage":"nl-NL"},{"@type":"Organization","@id":"https:\/\/www.sinchisinchi.com\/nl\/#organization","name":"SINCHI S.L","url":"https:\/\/www.sinchisinchi.com\/nl\/","logo":{"@type":"ImageObject","inLanguage":"nl-NL","@id":"https:\/\/www.sinchisinchi.com\/nl\/#\/schema\/logo\/image\/","url":"https:\/\/www.sinchisinchi.com\/wp-content\/uploads\/2026\/01\/3b-Verde-SIMPLIFICADO-HORIZONTAL-F-TRANSPARENTE-scaled.png","contentUrl":"https:\/\/www.sinchisinchi.com\/wp-content\/uploads\/2026\/01\/3b-Verde-SIMPLIFICADO-HORIZONTAL-F-TRANSPARENTE-scaled.png","width":2560,"height":457,"caption":"SINCHI S.L"},"image":{"@id":"https:\/\/www.sinchisinchi.com\/nl\/#\/schema\/logo\/image\/"},"sameAs":["https:\/\/www.facebook.com\/sinchirape\/","https:\/\/www.instagram.com\/sinchi_rape\/"]}]}},"_links":{"self":[{"href":"https:\/\/www.sinchisinchi.com\/nl\/wp-json\/wp\/v2\/product\/29099","targetHints":{"allow":["GET"]}}],"collection":[{"href":"https:\/\/www.sinchisinchi.com\/nl\/wp-json\/wp\/v2\/product"}],"about":[{"href":"https:\/\/www.sinchisinchi.com\/nl\/wp-json\/wp\/v2\/types\/product"}],"wp:featuredmedia":[{"embeddable":true,"href":"https:\/\/www.sinchisinchi.com\/nl\/wp-json\/wp\/v2\/media\/27941"}],"wp:attachment":[{"href":"https:\/\/www.sinchisinchi.com\/nl\/wp-json\/wp\/v2\/media?parent=29099"}],"wp:term":[{"taxonomy":"product_brand","embeddable":true,"href":"https:\/\/www.sinchisinchi.com\/nl\/wp-json\/wp\/v2\/product_brand?post=29099"},{"taxonomy":"product_cat","embeddable":true,"href":"https:\/\/www.sinchisinchi.com\/nl\/wp-json\/wp\/v2\/product_cat?post=29099"},{"taxonomy":"product_tag","embeddable":true,"href":"https:\/\/www.sinchisinchi.com\/nl\/wp-json\/wp\/v2\/product_tag?post=29099"}],"curies":[{"name":"wp","href":"https:\/\/api.w.org\/{rel}","templated":true}]}}