{"id":7735,"date":"2023-11-17T04:04:28","date_gmt":"2023-11-17T04:04:28","guid":{"rendered":"https:\/\/www.sinchisinchi.com\/producto\/yawanawa-esperanza\/"},"modified":"2026-02-19T11:43:24","modified_gmt":"2026-02-19T11:43:24","slug":"yawanawa-esperanza","status":"publish","type":"product","link":"https:\/\/www.sinchisinchi.com\/nl\/producto\/yawanawa-esperanza\/","title":{"rendered":"Esperan\u00e7a"},"content":{"rendered":"<a href=\"https:\/\/www.sinchisinchi.com\/nl\/producto\/esperanca-50g\/\" target=\"_blank\" class=\"button secondary is-larger lowercase expand\" rel=\"noopener\" style=\"border-radius:10px;\">\n\t\t<span>Tama\u00f1o Mediano: 50g<\/span>\n\t<\/a>\n\n<a href=\"https:\/\/www.sinchisinchi.com\/nl\/producto\/esperanca-100g\/\" target=\"_blank\" class=\"button secondary is-larger lowercase expand\" rel=\"noopener\" style=\"border-radius:10px;\">\n\t\t<span>Groot formaat: 100g<\/span>\n\t<\/a>\n\n\t<div id=\"gap-1740896241\" class=\"gap-element clearfix\" style=\"display:block; height:auto;\">\n\t\t\n<style>\n#gap-1740896241 {\n  padding-top: 30px;\n}\n<\/style>\n\t<\/div>\n\t\n\n  <div class=\"banner has-hover is-full-height\" id=\"banner-1097970826\">\n          <div class=\"banner-inner fill\">\n        <div class=\"banner-bg fill\" >\n            <img loading=\"lazy\" decoding=\"async\" width=\"765\" height=\"1024\" src=\"https:\/\/www.sinchisinchi.com\/wp-content\/uploads\/2025\/01\/1-Tribu-Yawanawa1-765x1024.jpeg\" class=\"bg attachment-large size-large\" alt=\"\" \/>                        <div class=\"overlay\"><\/div>            \n                    <\/div>\n\t\t\n        <div class=\"banner-layers container\">\n            <div class=\"fill banner-link\"><\/div>            \n   <div id=\"text-box-1512498216\" class=\"text-box banner-layer x5 md-x5 lg-x5 y50 md-y50 lg-y50 res-text\">\n                                <div class=\"text-box-content text box-shadow-3\">\n              \n              <div class=\"text-inner text-left\">\n                  \n<h2 style=\"text-align: center;\">Yawanaw\u00e1<\/h2>\n<a href=\"https:\/\/www.sinchisinchi.com\/nl\/stammen\/yawanawa\/stam\/\" target=\"_blank\" class=\"button primary is-underline is-larger expand\" rel=\"noopener\" >\n\t\t<span>STAM<\/span>\n\t<\/a>\n\n<a href=\"https:\/\/www.sinchisinchi.com\/nl\/stammen\/yawanawa\/wereldbeeld\/\" target=\"_blank\" class=\"button primary is-underline is-larger expand\" rel=\"noopener\" >\n\t\t<span>WERELDBEELD<\/span>\n\t<\/a>\n\n<a href=\"https:\/\/www.sinchisinchi.com\/nl\/stammen\/yawanawa\/uitdagingen\/\" target=\"_blank\" class=\"button primary is-underline is-larger expand\" rel=\"noopener\" >\n\t\t<span>UITDAGINGEN<\/span>\n\t<\/a>\n\n<a href=\"https:\/\/www.sinchisinchi.com\/nl\/stammen\/yawanawa\/ceremonies\/\" target=\"_blank\" class=\"button primary is-underline is-larger expand\" rel=\"noopener\" >\n\t\t<span>CEREMONIES<\/span>\n\t<\/a>\n\n<a href=\"https:\/\/www.sinchisinchi.com\/nl\/stammen\/yawanawa\/muziek\/\" target=\"_blank\" class=\"button primary is-underline is-larger expand\" rel=\"noopener\" >\n\t\t<span>MUZIEK<\/span>\n\t<\/a>\n\n<a href=\"https:\/\/www.sinchisinchi.com\/nl\/stammen\/yawanawa\/videos\/\" target=\"_blank\" class=\"button primary is-underline is-larger expand\" rel=\"noopener\" >\n\t\t<span>VIDEO<\/span>\n\t<\/a>\n\n              <\/div>\n           <\/div>\n                            \n<style>\n#text-box-1512498216 .text-box-content {\n  background-color: rgb(255, 255, 255);\n  font-size: 100%;\n}\n#text-box-1512498216 .text-inner {\n  padding: 30px 30px 30px 30px;\n}\n#text-box-1512498216 {\n  width: 60%;\n}\n@media (min-width:550px) {\n  #text-box-1512498216 {\n    width: 40%;\n  }\n}\n<\/style>\n    <\/div>\n \n        <\/div>\n      <\/div>\n\n            \n<style>\n#banner-1097970826 {\n  padding-top: 100%;\n  background-color: rgb(255, 255, 255);\n}\n#banner-1097970826 .overlay {\n  background-color: rgba(190, 190, 190, 0.2);\n}\n<\/style>\n  <\/div>\n\n\n","protected":false},"excerpt":{"rendered":"<p><span style=\"color: #000000;\">Rap\u00e9 Yawanaw\u00e1 Esperanza is een zeer <strong>vrouwelijke<\/strong> soort, met een stimulerende werking dankzij het hoge asaandeel. De gebruikte as is afkomstig van <strong>Tsunu,<\/strong> de favoriet van de Yawanaw\u00e1 om hun Rap\u00e9 te maken.<\/span><\/p>\n<p><span style=\"color: #000000;\">De naam van deze rap\u00e9 verwijst naar <strong>Nova Esperan\u00e7a<\/strong>, de grootste stad van de Yawanaw\u00e1. Dit dorp en zijn dorpshoofd, Nixiwak\u00e1, zijn een fundamenteel epicentrum geweest om de identiteit van Yawanaw\u00e1 te versterken, door elementen van de geschiedenis, traditie, gewoonten en spiritualiteit van de bevolking samen te brengen, waardoor ze hun zelfrespect en de hoop op een nieuw land hebben teruggekregen. toekomst samen.<\/span><\/p>\n<p>&nbsp;<\/p>\n<p><span style=\"color: #000000;\"><strong>-Eigenschappen:<\/strong> Rap\u00e9 Yawanaw\u00e1 Esperanza versterkt het spirituele werk, zorgt voor concentratie en focus voor de geest, heeft ontspannende eigenschappen, verdrijft vermoeidheid en zorgt voor een goed humeur.<\/span><\/p>\n<p><span style=\"color: #000000;\"><strong>-Intensiteit:<\/strong> Sterk<\/span><\/p>\n<p><span style=\"color: #000000;\"><strong>-As:<\/strong> Tsunu<\/span><\/p>\n<p><span style=\"color: #000000;\"><strong>-Stam:<\/strong> Gemaakt door de Yawanaw\u00e1-stam in Brazili\u00eb.<\/span><\/p>\n<p><span style=\"color: #000000;\"><strong>-Afmetingen:<\/strong> flesjes van 10 ml (8 tot 9 gram)<\/span><\/p>\n<p><span style=\"color: #000000;\"><strong>-Gebruik:<\/strong> Etnobotanische nieuwsgierigheid. Exclusief gebruik voor wetenschappelijk, historisch en ritueel onderzoek.<\/span><\/p>\n","protected":false},"featured_media":11798,"template":"","meta":{"_joinchat":[]},"product_brand":[],"product_cat":[171],"product_tag":[],"class_list":{"0":"post-7735","1":"product","2":"type-product","3":"status-publish","4":"has-post-thumbnail","6":"product_cat-yawanawa-nl","8":"first","9":"instock","10":"taxable","11":"shipping-taxable","12":"purchasable","13":"product-type-simple"},"yoast_head":"<!-- This site is optimized with the Yoast SEO plugin v27.4 - https:\/\/yoast.com\/product\/yoast-seo-wordpress\/ -->\n<title>SINCHI: Rap\u00e9 Esperanza van de Amazone<\/title>\n<meta name=\"description\" content=\"Natuurlijke Rap\u00e9 uit de Amazone met Mapacho, de naam is ge\u00efnspireerd op het dorp Nueva Esperanza in Brazili\u00eb, het belangrijkste dorp van de stam\" \/>\n<meta name=\"robots\" content=\"index, follow, max-snippet:-1, max-image-preview:large, max-video-preview:-1\" \/>\n<link rel=\"canonical\" href=\"https:\/\/www.sinchisinchi.com\/nl\/producto\/yawanawa-esperanza\/\" \/>\n<meta property=\"og:locale\" content=\"nl_NL\" \/>\n<meta property=\"og:type\" content=\"article\" \/>\n<meta property=\"og:title\" content=\"SINCHI: Rap\u00e9 Esperanza van de Amazone\" \/>\n<meta property=\"og:description\" content=\"Natuurlijke Rap\u00e9 uit de Amazone met Mapacho, de naam is ge\u00efnspireerd op het dorp Nueva Esperanza in Brazili\u00eb, het belangrijkste dorp van de stam\" \/>\n<meta property=\"og:url\" content=\"https:\/\/www.sinchisinchi.com\/nl\/producto\/yawanawa-esperanza\/\" \/>\n<meta property=\"og:site_name\" content=\"SINCHI RAP\u00c9\" \/>\n<meta property=\"article:publisher\" content=\"https:\/\/www.facebook.com\/sinchirape\/\" \/>\n<meta property=\"article:modified_time\" content=\"2026-02-19T11:43:24+00:00\" \/>\n<meta property=\"og:image\" content=\"https:\/\/www.sinchisinchi.com\/wp-content\/uploads\/2023\/11\/6-Esperanca.jpg\" \/>\n\t<meta property=\"og:image:width\" content=\"700\" \/>\n\t<meta property=\"og:image:height\" content=\"700\" \/>\n\t<meta property=\"og:image:type\" content=\"image\/jpeg\" \/>\n<meta name=\"twitter:card\" content=\"summary_large_image\" \/>\n<meta name=\"twitter:label1\" content=\"Geschatte leestijd\" \/>\n\t<meta name=\"twitter:data1\" content=\"1 minuut\" \/>\n<script type=\"application\/ld+json\" class=\"yoast-schema-graph\">{\"@context\":\"https:\\\/\\\/schema.org\",\"@graph\":[{\"@type\":\"WebPage\",\"@id\":\"https:\\\/\\\/www.sinchisinchi.com\\\/nl\\\/producto\\\/yawanawa-esperanza\\\/\",\"url\":\"https:\\\/\\\/www.sinchisinchi.com\\\/nl\\\/producto\\\/yawanawa-esperanza\\\/\",\"name\":\"SINCHI: Rap\u00e9 Esperanza van de Amazone\",\"isPartOf\":{\"@id\":\"https:\\\/\\\/www.sinchisinchi.com\\\/nl\\\/#website\"},\"primaryImageOfPage\":{\"@id\":\"https:\\\/\\\/www.sinchisinchi.com\\\/nl\\\/producto\\\/yawanawa-esperanza\\\/#primaryimage\"},\"image\":{\"@id\":\"https:\\\/\\\/www.sinchisinchi.com\\\/nl\\\/producto\\\/yawanawa-esperanza\\\/#primaryimage\"},\"thumbnailUrl\":\"https:\\\/\\\/www.sinchisinchi.com\\\/wp-content\\\/uploads\\\/2023\\\/11\\\/6-Esperanca.jpg\",\"datePublished\":\"2023-11-17T04:04:28+00:00\",\"dateModified\":\"2026-02-19T11:43:24+00:00\",\"description\":\"Natuurlijke Rap\u00e9 uit de Amazone met Mapacho, de naam is ge\u00efnspireerd op het dorp Nueva Esperanza in Brazili\u00eb, het belangrijkste dorp van de stam\",\"breadcrumb\":{\"@id\":\"https:\\\/\\\/www.sinchisinchi.com\\\/nl\\\/producto\\\/yawanawa-esperanza\\\/#breadcrumb\"},\"inLanguage\":\"nl-NL\",\"potentialAction\":[{\"@type\":\"ReadAction\",\"target\":[\"https:\\\/\\\/www.sinchisinchi.com\\\/nl\\\/producto\\\/yawanawa-esperanza\\\/\"]}]},{\"@type\":\"ImageObject\",\"inLanguage\":\"nl-NL\",\"@id\":\"https:\\\/\\\/www.sinchisinchi.com\\\/nl\\\/producto\\\/yawanawa-esperanza\\\/#primaryimage\",\"url\":\"https:\\\/\\\/www.sinchisinchi.com\\\/wp-content\\\/uploads\\\/2023\\\/11\\\/6-Esperanca.jpg\",\"contentUrl\":\"https:\\\/\\\/www.sinchisinchi.com\\\/wp-content\\\/uploads\\\/2023\\\/11\\\/6-Esperanca.jpg\",\"width\":700,\"height\":700},{\"@type\":\"BreadcrumbList\",\"@id\":\"https:\\\/\\\/www.sinchisinchi.com\\\/nl\\\/producto\\\/yawanawa-esperanza\\\/#breadcrumb\",\"itemListElement\":[{\"@type\":\"ListItem\",\"position\":1,\"name\":\"Voorpagina\",\"item\":\"https:\\\/\\\/www.sinchisinchi.com\\\/nl\\\/\"},{\"@type\":\"ListItem\",\"position\":2,\"name\":\"Producten\",\"item\":\"https:\\\/\\\/www.sinchisinchi.com\\\/nl\\\/shop\\\/\"},{\"@type\":\"ListItem\",\"position\":3,\"name\":\"Esperan\u00e7a\"}]},{\"@type\":\"WebSite\",\"@id\":\"https:\\\/\\\/www.sinchisinchi.com\\\/nl\\\/#website\",\"url\":\"https:\\\/\\\/www.sinchisinchi.com\\\/nl\\\/\",\"name\":\"SINCHI\",\"description\":\"Sinchi Medicine\",\"publisher\":{\"@id\":\"https:\\\/\\\/www.sinchisinchi.com\\\/nl\\\/#organization\"},\"potentialAction\":[{\"@type\":\"SearchAction\",\"target\":{\"@type\":\"EntryPoint\",\"urlTemplate\":\"https:\\\/\\\/www.sinchisinchi.com\\\/nl\\\/?s={search_term_string}\"},\"query-input\":{\"@type\":\"PropertyValueSpecification\",\"valueRequired\":true,\"valueName\":\"search_term_string\"}}],\"inLanguage\":\"nl-NL\"},{\"@type\":\"Organization\",\"@id\":\"https:\\\/\\\/www.sinchisinchi.com\\\/nl\\\/#organization\",\"name\":\"SINCHI S.L\",\"url\":\"https:\\\/\\\/www.sinchisinchi.com\\\/nl\\\/\",\"logo\":{\"@type\":\"ImageObject\",\"inLanguage\":\"nl-NL\",\"@id\":\"https:\\\/\\\/www.sinchisinchi.com\\\/nl\\\/#\\\/schema\\\/logo\\\/image\\\/\",\"url\":\"https:\\\/\\\/www.sinchisinchi.com\\\/wp-content\\\/uploads\\\/2026\\\/01\\\/3b-Verde-SIMPLIFICADO-HORIZONTAL-F-TRANSPARENTE-scaled.png\",\"contentUrl\":\"https:\\\/\\\/www.sinchisinchi.com\\\/wp-content\\\/uploads\\\/2026\\\/01\\\/3b-Verde-SIMPLIFICADO-HORIZONTAL-F-TRANSPARENTE-scaled.png\",\"width\":2560,\"height\":457,\"caption\":\"SINCHI S.L\"},\"image\":{\"@id\":\"https:\\\/\\\/www.sinchisinchi.com\\\/nl\\\/#\\\/schema\\\/logo\\\/image\\\/\"},\"sameAs\":[\"https:\\\/\\\/www.facebook.com\\\/sinchirape\\\/\",\"https:\\\/\\\/www.instagram.com\\\/sinchi_rape\\\/\"]}]}<\/script>\n<!-- \/ Yoast SEO plugin. -->","yoast_head_json":{"title":"SINCHI: Rap\u00e9 Esperanza van de Amazone","description":"Natuurlijke Rap\u00e9 uit de Amazone met Mapacho, de naam is ge\u00efnspireerd op het dorp Nueva Esperanza in Brazili\u00eb, het belangrijkste dorp van de stam","robots":{"index":"index","follow":"follow","max-snippet":"max-snippet:-1","max-image-preview":"max-image-preview:large","max-video-preview":"max-video-preview:-1"},"canonical":"https:\/\/www.sinchisinchi.com\/nl\/producto\/yawanawa-esperanza\/","og_locale":"nl_NL","og_type":"article","og_title":"SINCHI: Rap\u00e9 Esperanza van de Amazone","og_description":"Natuurlijke Rap\u00e9 uit de Amazone met Mapacho, de naam is ge\u00efnspireerd op het dorp Nueva Esperanza in Brazili\u00eb, het belangrijkste dorp van de stam","og_url":"https:\/\/www.sinchisinchi.com\/nl\/producto\/yawanawa-esperanza\/","og_site_name":"SINCHI RAP\u00c9","article_publisher":"https:\/\/www.facebook.com\/sinchirape\/","article_modified_time":"2026-02-19T11:43:24+00:00","og_image":[{"width":700,"height":700,"url":"https:\/\/www.sinchisinchi.com\/wp-content\/uploads\/2023\/11\/6-Esperanca.jpg","type":"image\/jpeg"}],"twitter_card":"summary_large_image","twitter_misc":{"Geschatte leestijd":"1 minuut"},"schema":{"@context":"https:\/\/schema.org","@graph":[{"@type":"WebPage","@id":"https:\/\/www.sinchisinchi.com\/nl\/producto\/yawanawa-esperanza\/","url":"https:\/\/www.sinchisinchi.com\/nl\/producto\/yawanawa-esperanza\/","name":"SINCHI: Rap\u00e9 Esperanza van de Amazone","isPartOf":{"@id":"https:\/\/www.sinchisinchi.com\/nl\/#website"},"primaryImageOfPage":{"@id":"https:\/\/www.sinchisinchi.com\/nl\/producto\/yawanawa-esperanza\/#primaryimage"},"image":{"@id":"https:\/\/www.sinchisinchi.com\/nl\/producto\/yawanawa-esperanza\/#primaryimage"},"thumbnailUrl":"https:\/\/www.sinchisinchi.com\/wp-content\/uploads\/2023\/11\/6-Esperanca.jpg","datePublished":"2023-11-17T04:04:28+00:00","dateModified":"2026-02-19T11:43:24+00:00","description":"Natuurlijke Rap\u00e9 uit de Amazone met Mapacho, de naam is ge\u00efnspireerd op het dorp Nueva Esperanza in Brazili\u00eb, het belangrijkste dorp van de stam","breadcrumb":{"@id":"https:\/\/www.sinchisinchi.com\/nl\/producto\/yawanawa-esperanza\/#breadcrumb"},"inLanguage":"nl-NL","potentialAction":[{"@type":"ReadAction","target":["https:\/\/www.sinchisinchi.com\/nl\/producto\/yawanawa-esperanza\/"]}]},{"@type":"ImageObject","inLanguage":"nl-NL","@id":"https:\/\/www.sinchisinchi.com\/nl\/producto\/yawanawa-esperanza\/#primaryimage","url":"https:\/\/www.sinchisinchi.com\/wp-content\/uploads\/2023\/11\/6-Esperanca.jpg","contentUrl":"https:\/\/www.sinchisinchi.com\/wp-content\/uploads\/2023\/11\/6-Esperanca.jpg","width":700,"height":700},{"@type":"BreadcrumbList","@id":"https:\/\/www.sinchisinchi.com\/nl\/producto\/yawanawa-esperanza\/#breadcrumb","itemListElement":[{"@type":"ListItem","position":1,"name":"Voorpagina","item":"https:\/\/www.sinchisinchi.com\/nl\/"},{"@type":"ListItem","position":2,"name":"Producten","item":"https:\/\/www.sinchisinchi.com\/nl\/shop\/"},{"@type":"ListItem","position":3,"name":"Esperan\u00e7a"}]},{"@type":"WebSite","@id":"https:\/\/www.sinchisinchi.com\/nl\/#website","url":"https:\/\/www.sinchisinchi.com\/nl\/","name":"SINCHI","description":"Sinchi Medicine","publisher":{"@id":"https:\/\/www.sinchisinchi.com\/nl\/#organization"},"potentialAction":[{"@type":"SearchAction","target":{"@type":"EntryPoint","urlTemplate":"https:\/\/www.sinchisinchi.com\/nl\/?s={search_term_string}"},"query-input":{"@type":"PropertyValueSpecification","valueRequired":true,"valueName":"search_term_string"}}],"inLanguage":"nl-NL"},{"@type":"Organization","@id":"https:\/\/www.sinchisinchi.com\/nl\/#organization","name":"SINCHI S.L","url":"https:\/\/www.sinchisinchi.com\/nl\/","logo":{"@type":"ImageObject","inLanguage":"nl-NL","@id":"https:\/\/www.sinchisinchi.com\/nl\/#\/schema\/logo\/image\/","url":"https:\/\/www.sinchisinchi.com\/wp-content\/uploads\/2026\/01\/3b-Verde-SIMPLIFICADO-HORIZONTAL-F-TRANSPARENTE-scaled.png","contentUrl":"https:\/\/www.sinchisinchi.com\/wp-content\/uploads\/2026\/01\/3b-Verde-SIMPLIFICADO-HORIZONTAL-F-TRANSPARENTE-scaled.png","width":2560,"height":457,"caption":"SINCHI S.L"},"image":{"@id":"https:\/\/www.sinchisinchi.com\/nl\/#\/schema\/logo\/image\/"},"sameAs":["https:\/\/www.facebook.com\/sinchirape\/","https:\/\/www.instagram.com\/sinchi_rape\/"]}]}},"_links":{"self":[{"href":"https:\/\/www.sinchisinchi.com\/nl\/wp-json\/wp\/v2\/product\/7735","targetHints":{"allow":["GET"]}}],"collection":[{"href":"https:\/\/www.sinchisinchi.com\/nl\/wp-json\/wp\/v2\/product"}],"about":[{"href":"https:\/\/www.sinchisinchi.com\/nl\/wp-json\/wp\/v2\/types\/product"}],"wp:featuredmedia":[{"embeddable":true,"href":"https:\/\/www.sinchisinchi.com\/nl\/wp-json\/wp\/v2\/media\/11798"}],"wp:attachment":[{"href":"https:\/\/www.sinchisinchi.com\/nl\/wp-json\/wp\/v2\/media?parent=7735"}],"wp:term":[{"taxonomy":"product_brand","embeddable":true,"href":"https:\/\/www.sinchisinchi.com\/nl\/wp-json\/wp\/v2\/product_brand?post=7735"},{"taxonomy":"product_cat","embeddable":true,"href":"https:\/\/www.sinchisinchi.com\/nl\/wp-json\/wp\/v2\/product_cat?post=7735"},{"taxonomy":"product_tag","embeddable":true,"href":"https:\/\/www.sinchisinchi.com\/nl\/wp-json\/wp\/v2\/product_tag?post=7735"}],"curies":[{"name":"wp","href":"https:\/\/api.w.org\/{rel}","templated":true}]}}