{"id":7743,"date":"2023-11-17T06:23:11","date_gmt":"2023-11-17T06:23:11","guid":{"rendered":"https:\/\/www.sinchisinchi.com\/producto\/rape-tsunu\/"},"modified":"2026-02-22T00:04:48","modified_gmt":"2026-02-22T00:04:48","slug":"rape-tsunu","status":"publish","type":"product","link":"https:\/\/www.sinchisinchi.com\/nl\/producto\/rape-tsunu\/","title":{"rendered":"Tsunu"},"content":{"rendered":"<a href=\"https:\/\/www.sinchisinchi.com\/nl\/producto\/tsunu-50g\/\" target=\"_blank\" class=\"button secondary is-larger lowercase expand\" rel=\"noopener\" style=\"border-radius:10px;\">\n\t\t<span>Middelgroot: 50g<\/span>\n\t<\/a>\n\n<a href=\"https:\/\/www.sinchisinchi.com\/nl\/producto\/tsunu-100g\/\" target=\"_blank\" class=\"button secondary is-larger lowercase expand\" rel=\"noopener\" style=\"border-radius:10px;\">\n\t\t<span>Groot formaat: 100g<\/span>\n\t<\/a>\n\n\t<div id=\"gap-1815182064\" class=\"gap-element clearfix\" style=\"display:block; height:auto;\">\n\t\t\n<style>\n#gap-1815182064 {\n  padding-top: 30px;\n}\n<\/style>\n\t<\/div>\n\t\n\n  <div class=\"banner has-hover is-full-height\" id=\"banner-1491497959\">\n          <div class=\"banner-inner fill\">\n        <div class=\"banner-bg fill\" >\n            <img loading=\"lazy\" decoding=\"async\" width=\"765\" height=\"1024\" src=\"https:\/\/www.sinchisinchi.com\/wp-content\/uploads\/2025\/01\/1-Tribu-Yawanawa1-765x1024.jpeg\" class=\"bg attachment-large size-large\" alt=\"\" \/>                        <div class=\"overlay\"><\/div>            \n                    <\/div>\n\t\t\n        <div class=\"banner-layers container\">\n            <div class=\"fill banner-link\"><\/div>            \n   <div id=\"text-box-1812456389\" class=\"text-box banner-layer x5 md-x5 lg-x5 y50 md-y50 lg-y50 res-text\">\n                                <div class=\"text-box-content text box-shadow-3\">\n              \n              <div class=\"text-inner text-left\">\n                  \n<h2 style=\"text-align: center;\">Yawanaw\u00e1<\/h2>\n<a href=\"https:\/\/www.sinchisinchi.com\/nl\/stammen\/yawanawa\/stam\/\" target=\"_blank\" class=\"button primary is-underline is-larger expand\" rel=\"noopener\" >\n\t\t<span>STAM<\/span>\n\t<\/a>\n\n<a href=\"https:\/\/www.sinchisinchi.com\/nl\/stammen\/yawanawa\/wereldbeeld\/\" target=\"_blank\" class=\"button primary is-underline is-larger expand\" rel=\"noopener\" >\n\t\t<span>WERELDBEELD<\/span>\n\t<\/a>\n\n<a href=\"https:\/\/www.sinchisinchi.com\/nl\/stammen\/yawanawa\/uitdagingen\/\" target=\"_blank\" class=\"button primary is-underline is-larger expand\" rel=\"noopener\" >\n\t\t<span>UITDAGINGEN<\/span>\n\t<\/a>\n\n<a href=\"https:\/\/www.sinchisinchi.com\/nl\/stammen\/yawanawa\/ceremonies\/\" target=\"_blank\" class=\"button primary is-underline is-larger expand\" rel=\"noopener\" >\n\t\t<span>CEREMONIES<\/span>\n\t<\/a>\n\n<a href=\"https:\/\/www.sinchisinchi.com\/nl\/stammen\/yawanawa\/muziek\/\" target=\"_blank\" class=\"button primary is-underline is-larger expand\" rel=\"noopener\" >\n\t\t<span>MUZIEK<\/span>\n\t<\/a>\n\n<a href=\"https:\/\/www.sinchisinchi.com\/nl\/stammen\/yawanawa\/videos\/\" target=\"_blank\" class=\"button primary is-underline is-larger expand\" rel=\"noopener\" >\n\t\t<span>VIDEOS<\/span>\n\t<\/a>\n\n              <\/div>\n           <\/div>\n                            \n<style>\n#text-box-1812456389 .text-box-content {\n  background-color: rgb(255, 255, 255);\n  font-size: 100%;\n}\n#text-box-1812456389 .text-inner {\n  padding: 30px 30px 30px 30px;\n}\n#text-box-1812456389 {\n  width: 60%;\n}\n@media (min-width:550px) {\n  #text-box-1812456389 {\n    width: 40%;\n  }\n}\n<\/style>\n    <\/div>\n \n        <\/div>\n      <\/div>\n\n            \n<style>\n#banner-1491497959 {\n  padding-top: 100%;\n  background-color: rgb(255, 255, 255);\n}\n#banner-1491497959 .overlay {\n  background-color: rgba(190, 190, 190, 0.2);\n}\n<\/style>\n  <\/div>\n\n\n","protected":false},"excerpt":{"rendered":"<p>De Yawanaw\u00e1 maken hun rap\u00e9 graag met <strong>Tsunu-as,<\/strong> en noemen het uitsluitend <strong>&#8220;Rume&#8221;<\/strong> als er Tsunu-as in zit.<\/p>\n<p>De Yawanaw\u00e1 gebruiken rume in al hun ceremonies met &#8220;Uni&#8221; (zo noemen ze de Ayahuasca-drank), en ook dagelijks, een veel voorkomend moment is wanneer ze elkaar &#8217;s avonds ontmoeten, voor of na het baden in de rivier.<\/p>\n<p><strong>-Eigenschappen en voordelen:<\/strong> Hap\u00e9 Yawanaw\u00e1 tsunu is een vari\u00ebteit van Rap\u00e9 ideaal voor het verbinden met vrouwelijke energie, voor heling en reiniging, en voor het opnieuw uitlijnen van energiekanalen, en werkt krachtig op fysiek, mentaal, emotioneel en spiritueel niveau.<\/p>\n<p><strong>-Tribu:<\/strong> Gemaakt door de Yawanaw\u00e1-stam in Brazili\u00eb.<\/p>\n<p><strong>-Samenstelling:<\/strong> Mapacho en tsunu as, naast andere heilige planten uit het Amazonegebied.<\/p>\n<p><strong>-Grootte:<\/strong> flesjes van 10 ml (8 tot 9 gram) Herbruikbare glazen container.<\/p>\n<p><strong>-Gebruik:<\/strong> Etnobotanische nieuwsgierigheid. Exclusief gebruik voor wetenschappelijke, historische en rituele studie.<\/p>\n","protected":false},"featured_media":11810,"template":"","meta":{"_joinchat":[]},"product_brand":[],"product_cat":[171],"product_tag":[],"class_list":{"0":"post-7743","1":"product","2":"type-product","3":"status-publish","4":"has-post-thumbnail","6":"product_cat-yawanawa-nl","8":"first","9":"instock","10":"taxable","11":"shipping-taxable","12":"purchasable","13":"product-type-simple"},"yoast_head":"<!-- This site is optimized with the Yoast SEO plugin v27.1.1 - https:\/\/yoast.com\/product\/yoast-seo-wordpress\/ -->\n<title>SINCHI: Tsunu Rap\u00e9 uit de Amazone<\/title>\n<meta name=\"description\" content=\"Tsunu Rap\u00e9 is een ideale vari\u00ebteit om verbinding te maken met vrouwelijke energie, en voor genezing, reiniging en energetische afstemming.\" \/>\n<meta name=\"robots\" content=\"index, follow, max-snippet:-1, max-image-preview:large, max-video-preview:-1\" \/>\n<link rel=\"canonical\" href=\"https:\/\/www.sinchisinchi.com\/nl\/producto\/rape-tsunu\/\" \/>\n<meta property=\"og:locale\" content=\"nl_NL\" \/>\n<meta property=\"og:type\" content=\"article\" \/>\n<meta property=\"og:title\" content=\"SINCHI: Tsunu Rap\u00e9 uit de Amazone\" \/>\n<meta property=\"og:description\" content=\"Tsunu Rap\u00e9 is een ideale vari\u00ebteit om verbinding te maken met vrouwelijke energie, en voor genezing, reiniging en energetische afstemming.\" \/>\n<meta property=\"og:url\" content=\"https:\/\/www.sinchisinchi.com\/nl\/producto\/rape-tsunu\/\" \/>\n<meta property=\"og:site_name\" content=\"SINCHI RAP\u00c9\" \/>\n<meta property=\"article:publisher\" content=\"https:\/\/www.facebook.com\/sinchirape\/\" \/>\n<meta property=\"article:modified_time\" content=\"2026-02-22T00:04:48+00:00\" \/>\n<meta property=\"og:image\" content=\"https:\/\/www.sinchisinchi.com\/wp-content\/uploads\/2023\/11\/8-Tsunu.jpg\" \/>\n\t<meta property=\"og:image:width\" content=\"700\" \/>\n\t<meta property=\"og:image:height\" content=\"700\" \/>\n\t<meta property=\"og:image:type\" content=\"image\/jpeg\" \/>\n<meta name=\"twitter:card\" content=\"summary_large_image\" \/>\n<meta name=\"twitter:label1\" content=\"Geschatte leestijd\" \/>\n\t<meta name=\"twitter:data1\" content=\"1 minuut\" \/>\n<script type=\"application\/ld+json\" class=\"yoast-schema-graph\">{\"@context\":\"https:\/\/schema.org\",\"@graph\":[{\"@type\":\"WebPage\",\"@id\":\"https:\/\/www.sinchisinchi.com\/nl\/producto\/rape-tsunu\/\",\"url\":\"https:\/\/www.sinchisinchi.com\/nl\/producto\/rape-tsunu\/\",\"name\":\"SINCHI: Tsunu Rap\u00e9 uit de Amazone\",\"isPartOf\":{\"@id\":\"https:\/\/www.sinchisinchi.com\/nl\/#website\"},\"primaryImageOfPage\":{\"@id\":\"https:\/\/www.sinchisinchi.com\/nl\/producto\/rape-tsunu\/#primaryimage\"},\"image\":{\"@id\":\"https:\/\/www.sinchisinchi.com\/nl\/producto\/rape-tsunu\/#primaryimage\"},\"thumbnailUrl\":\"https:\/\/www.sinchisinchi.com\/wp-content\/uploads\/2023\/11\/8-Tsunu.jpg\",\"datePublished\":\"2023-11-17T06:23:11+00:00\",\"dateModified\":\"2026-02-22T00:04:48+00:00\",\"description\":\"Tsunu Rap\u00e9 is een ideale vari\u00ebteit om verbinding te maken met vrouwelijke energie, en voor genezing, reiniging en energetische afstemming.\",\"breadcrumb\":{\"@id\":\"https:\/\/www.sinchisinchi.com\/nl\/producto\/rape-tsunu\/#breadcrumb\"},\"inLanguage\":\"nl-NL\",\"potentialAction\":[{\"@type\":\"ReadAction\",\"target\":[\"https:\/\/www.sinchisinchi.com\/nl\/producto\/rape-tsunu\/\"]}]},{\"@type\":\"ImageObject\",\"inLanguage\":\"nl-NL\",\"@id\":\"https:\/\/www.sinchisinchi.com\/nl\/producto\/rape-tsunu\/#primaryimage\",\"url\":\"https:\/\/www.sinchisinchi.com\/wp-content\/uploads\/2023\/11\/8-Tsunu.jpg\",\"contentUrl\":\"https:\/\/www.sinchisinchi.com\/wp-content\/uploads\/2023\/11\/8-Tsunu.jpg\",\"width\":700,\"height\":700},{\"@type\":\"BreadcrumbList\",\"@id\":\"https:\/\/www.sinchisinchi.com\/nl\/producto\/rape-tsunu\/#breadcrumb\",\"itemListElement\":[{\"@type\":\"ListItem\",\"position\":1,\"name\":\"Voorpagina\",\"item\":\"https:\/\/www.sinchisinchi.com\/nl\/\"},{\"@type\":\"ListItem\",\"position\":2,\"name\":\"Producten\",\"item\":\"https:\/\/www.sinchisinchi.com\/nl\/shop\/\"},{\"@type\":\"ListItem\",\"position\":3,\"name\":\"Tsunu\"}]},{\"@type\":\"WebSite\",\"@id\":\"https:\/\/www.sinchisinchi.com\/nl\/#website\",\"url\":\"https:\/\/www.sinchisinchi.com\/nl\/\",\"name\":\"SINCHI\",\"description\":\"Sinchi Medicine\",\"publisher\":{\"@id\":\"https:\/\/www.sinchisinchi.com\/nl\/#organization\"},\"potentialAction\":[{\"@type\":\"SearchAction\",\"target\":{\"@type\":\"EntryPoint\",\"urlTemplate\":\"https:\/\/www.sinchisinchi.com\/nl\/?s={search_term_string}\"},\"query-input\":{\"@type\":\"PropertyValueSpecification\",\"valueRequired\":true,\"valueName\":\"search_term_string\"}}],\"inLanguage\":\"nl-NL\"},{\"@type\":\"Organization\",\"@id\":\"https:\/\/www.sinchisinchi.com\/nl\/#organization\",\"name\":\"SINCHI S.L\",\"url\":\"https:\/\/www.sinchisinchi.com\/nl\/\",\"logo\":{\"@type\":\"ImageObject\",\"inLanguage\":\"nl-NL\",\"@id\":\"https:\/\/www.sinchisinchi.com\/nl\/#\/schema\/logo\/image\/\",\"url\":\"https:\/\/www.sinchisinchi.com\/wp-content\/uploads\/2026\/01\/3b-Verde-SIMPLIFICADO-HORIZONTAL-F-TRANSPARENTE-scaled.png\",\"contentUrl\":\"https:\/\/www.sinchisinchi.com\/wp-content\/uploads\/2026\/01\/3b-Verde-SIMPLIFICADO-HORIZONTAL-F-TRANSPARENTE-scaled.png\",\"width\":2560,\"height\":457,\"caption\":\"SINCHI S.L\"},\"image\":{\"@id\":\"https:\/\/www.sinchisinchi.com\/nl\/#\/schema\/logo\/image\/\"},\"sameAs\":[\"https:\/\/www.facebook.com\/sinchirape\/\",\"https:\/\/www.instagram.com\/sinchi_rape\/\"]}]}<\/script>\n<!-- \/ Yoast SEO plugin. -->","yoast_head_json":{"title":"SINCHI: Tsunu Rap\u00e9 uit de Amazone","description":"Tsunu Rap\u00e9 is een ideale vari\u00ebteit om verbinding te maken met vrouwelijke energie, en voor genezing, reiniging en energetische afstemming.","robots":{"index":"index","follow":"follow","max-snippet":"max-snippet:-1","max-image-preview":"max-image-preview:large","max-video-preview":"max-video-preview:-1"},"canonical":"https:\/\/www.sinchisinchi.com\/nl\/producto\/rape-tsunu\/","og_locale":"nl_NL","og_type":"article","og_title":"SINCHI: Tsunu Rap\u00e9 uit de Amazone","og_description":"Tsunu Rap\u00e9 is een ideale vari\u00ebteit om verbinding te maken met vrouwelijke energie, en voor genezing, reiniging en energetische afstemming.","og_url":"https:\/\/www.sinchisinchi.com\/nl\/producto\/rape-tsunu\/","og_site_name":"SINCHI RAP\u00c9","article_publisher":"https:\/\/www.facebook.com\/sinchirape\/","article_modified_time":"2026-02-22T00:04:48+00:00","og_image":[{"width":700,"height":700,"url":"https:\/\/www.sinchisinchi.com\/wp-content\/uploads\/2023\/11\/8-Tsunu.jpg","type":"image\/jpeg"}],"twitter_card":"summary_large_image","twitter_misc":{"Geschatte leestijd":"1 minuut"},"schema":{"@context":"https:\/\/schema.org","@graph":[{"@type":"WebPage","@id":"https:\/\/www.sinchisinchi.com\/nl\/producto\/rape-tsunu\/","url":"https:\/\/www.sinchisinchi.com\/nl\/producto\/rape-tsunu\/","name":"SINCHI: Tsunu Rap\u00e9 uit de Amazone","isPartOf":{"@id":"https:\/\/www.sinchisinchi.com\/nl\/#website"},"primaryImageOfPage":{"@id":"https:\/\/www.sinchisinchi.com\/nl\/producto\/rape-tsunu\/#primaryimage"},"image":{"@id":"https:\/\/www.sinchisinchi.com\/nl\/producto\/rape-tsunu\/#primaryimage"},"thumbnailUrl":"https:\/\/www.sinchisinchi.com\/wp-content\/uploads\/2023\/11\/8-Tsunu.jpg","datePublished":"2023-11-17T06:23:11+00:00","dateModified":"2026-02-22T00:04:48+00:00","description":"Tsunu Rap\u00e9 is een ideale vari\u00ebteit om verbinding te maken met vrouwelijke energie, en voor genezing, reiniging en energetische afstemming.","breadcrumb":{"@id":"https:\/\/www.sinchisinchi.com\/nl\/producto\/rape-tsunu\/#breadcrumb"},"inLanguage":"nl-NL","potentialAction":[{"@type":"ReadAction","target":["https:\/\/www.sinchisinchi.com\/nl\/producto\/rape-tsunu\/"]}]},{"@type":"ImageObject","inLanguage":"nl-NL","@id":"https:\/\/www.sinchisinchi.com\/nl\/producto\/rape-tsunu\/#primaryimage","url":"https:\/\/www.sinchisinchi.com\/wp-content\/uploads\/2023\/11\/8-Tsunu.jpg","contentUrl":"https:\/\/www.sinchisinchi.com\/wp-content\/uploads\/2023\/11\/8-Tsunu.jpg","width":700,"height":700},{"@type":"BreadcrumbList","@id":"https:\/\/www.sinchisinchi.com\/nl\/producto\/rape-tsunu\/#breadcrumb","itemListElement":[{"@type":"ListItem","position":1,"name":"Voorpagina","item":"https:\/\/www.sinchisinchi.com\/nl\/"},{"@type":"ListItem","position":2,"name":"Producten","item":"https:\/\/www.sinchisinchi.com\/nl\/shop\/"},{"@type":"ListItem","position":3,"name":"Tsunu"}]},{"@type":"WebSite","@id":"https:\/\/www.sinchisinchi.com\/nl\/#website","url":"https:\/\/www.sinchisinchi.com\/nl\/","name":"SINCHI","description":"Sinchi Medicine","publisher":{"@id":"https:\/\/www.sinchisinchi.com\/nl\/#organization"},"potentialAction":[{"@type":"SearchAction","target":{"@type":"EntryPoint","urlTemplate":"https:\/\/www.sinchisinchi.com\/nl\/?s={search_term_string}"},"query-input":{"@type":"PropertyValueSpecification","valueRequired":true,"valueName":"search_term_string"}}],"inLanguage":"nl-NL"},{"@type":"Organization","@id":"https:\/\/www.sinchisinchi.com\/nl\/#organization","name":"SINCHI S.L","url":"https:\/\/www.sinchisinchi.com\/nl\/","logo":{"@type":"ImageObject","inLanguage":"nl-NL","@id":"https:\/\/www.sinchisinchi.com\/nl\/#\/schema\/logo\/image\/","url":"https:\/\/www.sinchisinchi.com\/wp-content\/uploads\/2026\/01\/3b-Verde-SIMPLIFICADO-HORIZONTAL-F-TRANSPARENTE-scaled.png","contentUrl":"https:\/\/www.sinchisinchi.com\/wp-content\/uploads\/2026\/01\/3b-Verde-SIMPLIFICADO-HORIZONTAL-F-TRANSPARENTE-scaled.png","width":2560,"height":457,"caption":"SINCHI S.L"},"image":{"@id":"https:\/\/www.sinchisinchi.com\/nl\/#\/schema\/logo\/image\/"},"sameAs":["https:\/\/www.facebook.com\/sinchirape\/","https:\/\/www.instagram.com\/sinchi_rape\/"]}]}},"_links":{"self":[{"href":"https:\/\/www.sinchisinchi.com\/nl\/wp-json\/wp\/v2\/product\/7743","targetHints":{"allow":["GET"]}}],"collection":[{"href":"https:\/\/www.sinchisinchi.com\/nl\/wp-json\/wp\/v2\/product"}],"about":[{"href":"https:\/\/www.sinchisinchi.com\/nl\/wp-json\/wp\/v2\/types\/product"}],"wp:featuredmedia":[{"embeddable":true,"href":"https:\/\/www.sinchisinchi.com\/nl\/wp-json\/wp\/v2\/media\/11810"}],"wp:attachment":[{"href":"https:\/\/www.sinchisinchi.com\/nl\/wp-json\/wp\/v2\/media?parent=7743"}],"wp:term":[{"taxonomy":"product_brand","embeddable":true,"href":"https:\/\/www.sinchisinchi.com\/nl\/wp-json\/wp\/v2\/product_brand?post=7743"},{"taxonomy":"product_cat","embeddable":true,"href":"https:\/\/www.sinchisinchi.com\/nl\/wp-json\/wp\/v2\/product_cat?post=7743"},{"taxonomy":"product_tag","embeddable":true,"href":"https:\/\/www.sinchisinchi.com\/nl\/wp-json\/wp\/v2\/product_tag?post=7743"}],"curies":[{"name":"wp","href":"https:\/\/api.w.org\/{rel}","templated":true}]}}