{"id":7749,"date":"2020-04-29T09:06:52","date_gmt":"2020-04-29T09:06:52","guid":{"rendered":"https:\/\/www.sinchisinchi.com\/producto\/nukini-rape\/"},"modified":"2024-05-02T07:56:04","modified_gmt":"2024-05-02T07:56:04","slug":"nukini-rape","status":"publish","type":"product","link":"https:\/\/www.sinchisinchi.com\/nl\/producto\/nukini-rape\/","title":{"rendered":"Nukini Siete estrellas"},"content":{"rendered":"<img loading=\"lazy\" decoding=\"async\" class=\"aligncenter\" title=\"nukini tribe\" src=\"https:\/\/www.sinchisinchi.com\/wp-content\/uploads\/2018\/10\/nukini-tribe.jpg\" alt=\"nukini tribe\" width=\"660\" height=\"299\" \/>\r\n<h2 style=\"text-align: center;\">Nukini stam<\/h2>\r\nDe Nukini hebben grote tegenslagen overleefd, zoals epidemische koortsen en de uitbreiding van het rubberexploitatiefront. Gedurende de eerste decennia van de 20e eeuw sloten zij zich aan bij de rubberonderneming en bleven tot op heden in het gebied van de M\u00f4a-rivier.\r\n\r\nNa tientallen jaren als rubbertappers te hebben gewerkt, kregen de Nukini eind jaren zeventig offici\u00eble erkenning van hun land.\r\n\r\nDoor het contact met rubbertappers, kleine producenten en rivierbewoners in de hogere Juru\u00e1-regio hebben de Nukini veel van hun gebruiken overgenomen, maar hun eigenheid behouden, vooral wat hun sociale organisatie betreft.\n","protected":false},"excerpt":{"rendered":"<p>Deze krachtige soort heeft een fruitig, muntachtig, licht mannelijk aroma.<\/p>\n<p>Xiti Nukini, de stammeester van Rap\u00e9, is de schepper van dit voortreffelijke recept. De exacte ingredi\u00ebnten blijven een stamgeheim; het staat bekend als spiritueel verheffende kruiden, met diepgaande reinigende eigenschappen op spiritueel niveau en krachtig pijnstillend op fysiek niveau.<\/p>\n<p style=\"text-align: center;\"><strong>Nukini hap\u00e9 kopen<\/strong><\/p>\n<p><strong>-Eigenschappen en voordelen:<\/strong> Geschikt voor het verhogen van de trillingsfrequentie en energetische reiniging, alsmede pijnbestrijding.<\/p>\n<p><strong>-intensiteit:<\/strong> sterk<\/p>\n<p><strong>-Stam:<\/strong> Gemaakt door de Nukini stam.<\/p>\n<p><strong>-Samenstelling:<\/strong> Mapacho, Tsunu as en andere medicinale planten uit het Amazonegebied.<\/p>\n<p><strong>-Grootte:<\/strong> flesjes van 10 ml (8 tot 9 gram).<\/p>\n<p><strong>-Gebruik:<\/strong> Ethnobotanische curiositeit. Exclusief gebruik voor wetenschappelijke, historische en rituele studie.<\/p>\n","protected":false},"featured_media":0,"template":"","meta":{"_joinchat":[]},"product_brand":[],"product_cat":[175],"product_tag":[],"class_list":{"0":"post-7749","1":"product","2":"type-product","3":"status-publish","5":"product_cat-rape-nl","7":"first","8":"instock","9":"taxable","10":"shipping-taxable","11":"purchasable","12":"product-type-simple"},"yoast_head":"<!-- This site is optimized with the Yoast SEO plugin v27.4 - https:\/\/yoast.com\/product\/yoast-seo-wordpress\/ -->\n<title>Koop Rap\u00e9 Siete Estrellas: Amazone-rap\u00e9 van de Nukini-stam.<\/title>\n<meta name=\"description\" content=\"Seven Star Rap\u00e9 is een krachtige vari\u00ebteit van de Nukini, met een fruitig en muntachtig aroma en een licht mannelijke verhouding.\" \/>\n<meta name=\"robots\" content=\"index, follow, max-snippet:-1, max-image-preview:large, max-video-preview:-1\" \/>\n<link rel=\"canonical\" href=\"https:\/\/www.sinchisinchi.com\/nl\/producto\/nukini-rape\/\" \/>\n<meta property=\"og:locale\" content=\"nl_NL\" \/>\n<meta property=\"og:type\" content=\"article\" \/>\n<meta property=\"og:title\" content=\"Koop Rap\u00e9 Siete Estrellas: Amazone-rap\u00e9 van de Nukini-stam.\" \/>\n<meta property=\"og:description\" content=\"Seven Star Rap\u00e9 is een krachtige vari\u00ebteit van de Nukini, met een fruitig en muntachtig aroma en een licht mannelijke verhouding.\" \/>\n<meta property=\"og:url\" content=\"https:\/\/www.sinchisinchi.com\/nl\/producto\/nukini-rape\/\" \/>\n<meta property=\"og:site_name\" content=\"SINCHI RAP\u00c9\" \/>\n<meta property=\"article:publisher\" content=\"https:\/\/www.facebook.com\/sinchirape\/\" \/>\n<meta property=\"article:modified_time\" content=\"2024-05-02T07:56:04+00:00\" \/>\n<meta property=\"og:image\" content=\"https:\/\/www.sinchisinchi.com\/wp-content\/uploads\/2018\/10\/nukini-tribe.jpg\" \/>\n<meta name=\"twitter:card\" content=\"summary_large_image\" \/>\n<script type=\"application\/ld+json\" class=\"yoast-schema-graph\">{\"@context\":\"https:\\\/\\\/schema.org\",\"@graph\":[{\"@type\":\"WebPage\",\"@id\":\"https:\\\/\\\/www.sinchisinchi.com\\\/nl\\\/producto\\\/nukini-rape\\\/\",\"url\":\"https:\\\/\\\/www.sinchisinchi.com\\\/nl\\\/producto\\\/nukini-rape\\\/\",\"name\":\"Koop Rap\u00e9 Siete Estrellas: Amazone-rap\u00e9 van de Nukini-stam.\",\"isPartOf\":{\"@id\":\"https:\\\/\\\/www.sinchisinchi.com\\\/nl\\\/#website\"},\"primaryImageOfPage\":{\"@id\":\"https:\\\/\\\/www.sinchisinchi.com\\\/nl\\\/producto\\\/nukini-rape\\\/#primaryimage\"},\"image\":{\"@id\":\"https:\\\/\\\/www.sinchisinchi.com\\\/nl\\\/producto\\\/nukini-rape\\\/#primaryimage\"},\"thumbnailUrl\":\"https:\\\/\\\/www.sinchisinchi.com\\\/wp-content\\\/uploads\\\/2018\\\/10\\\/nukini-tribe.jpg\",\"datePublished\":\"2020-04-29T09:06:52+00:00\",\"dateModified\":\"2024-05-02T07:56:04+00:00\",\"description\":\"Seven Star Rap\u00e9 is een krachtige vari\u00ebteit van de Nukini, met een fruitig en muntachtig aroma en een licht mannelijke verhouding.\",\"breadcrumb\":{\"@id\":\"https:\\\/\\\/www.sinchisinchi.com\\\/nl\\\/producto\\\/nukini-rape\\\/#breadcrumb\"},\"inLanguage\":\"nl-NL\",\"potentialAction\":[{\"@type\":\"ReadAction\",\"target\":[\"https:\\\/\\\/www.sinchisinchi.com\\\/nl\\\/producto\\\/nukini-rape\\\/\"]}]},{\"@type\":\"ImageObject\",\"inLanguage\":\"nl-NL\",\"@id\":\"https:\\\/\\\/www.sinchisinchi.com\\\/nl\\\/producto\\\/nukini-rape\\\/#primaryimage\",\"url\":\"https:\\\/\\\/www.sinchisinchi.com\\\/wp-content\\\/uploads\\\/2018\\\/10\\\/nukini-tribe.jpg\",\"contentUrl\":\"https:\\\/\\\/www.sinchisinchi.com\\\/wp-content\\\/uploads\\\/2018\\\/10\\\/nukini-tribe.jpg\"},{\"@type\":\"BreadcrumbList\",\"@id\":\"https:\\\/\\\/www.sinchisinchi.com\\\/nl\\\/producto\\\/nukini-rape\\\/#breadcrumb\",\"itemListElement\":[{\"@type\":\"ListItem\",\"position\":1,\"name\":\"Voorpagina\",\"item\":\"https:\\\/\\\/www.sinchisinchi.com\\\/nl\\\/\"},{\"@type\":\"ListItem\",\"position\":2,\"name\":\"Producten\",\"item\":\"https:\\\/\\\/www.sinchisinchi.com\\\/nl\\\/shop\\\/\"},{\"@type\":\"ListItem\",\"position\":3,\"name\":\"Nukini Siete estrellas\"}]},{\"@type\":\"WebSite\",\"@id\":\"https:\\\/\\\/www.sinchisinchi.com\\\/nl\\\/#website\",\"url\":\"https:\\\/\\\/www.sinchisinchi.com\\\/nl\\\/\",\"name\":\"SINCHI\",\"description\":\"Sinchi Medicine\",\"publisher\":{\"@id\":\"https:\\\/\\\/www.sinchisinchi.com\\\/nl\\\/#organization\"},\"potentialAction\":[{\"@type\":\"SearchAction\",\"target\":{\"@type\":\"EntryPoint\",\"urlTemplate\":\"https:\\\/\\\/www.sinchisinchi.com\\\/nl\\\/?s={search_term_string}\"},\"query-input\":{\"@type\":\"PropertyValueSpecification\",\"valueRequired\":true,\"valueName\":\"search_term_string\"}}],\"inLanguage\":\"nl-NL\"},{\"@type\":\"Organization\",\"@id\":\"https:\\\/\\\/www.sinchisinchi.com\\\/nl\\\/#organization\",\"name\":\"SINCHI S.L\",\"url\":\"https:\\\/\\\/www.sinchisinchi.com\\\/nl\\\/\",\"logo\":{\"@type\":\"ImageObject\",\"inLanguage\":\"nl-NL\",\"@id\":\"https:\\\/\\\/www.sinchisinchi.com\\\/nl\\\/#\\\/schema\\\/logo\\\/image\\\/\",\"url\":\"https:\\\/\\\/www.sinchisinchi.com\\\/wp-content\\\/uploads\\\/2026\\\/01\\\/3b-Verde-SIMPLIFICADO-HORIZONTAL-F-TRANSPARENTE-scaled.png\",\"contentUrl\":\"https:\\\/\\\/www.sinchisinchi.com\\\/wp-content\\\/uploads\\\/2026\\\/01\\\/3b-Verde-SIMPLIFICADO-HORIZONTAL-F-TRANSPARENTE-scaled.png\",\"width\":2560,\"height\":457,\"caption\":\"SINCHI S.L\"},\"image\":{\"@id\":\"https:\\\/\\\/www.sinchisinchi.com\\\/nl\\\/#\\\/schema\\\/logo\\\/image\\\/\"},\"sameAs\":[\"https:\\\/\\\/www.facebook.com\\\/sinchirape\\\/\",\"https:\\\/\\\/www.instagram.com\\\/sinchi_rape\\\/\"]}]}<\/script>\n<!-- \/ Yoast SEO plugin. -->","yoast_head_json":{"title":"Koop Rap\u00e9 Siete Estrellas: Amazone-rap\u00e9 van de Nukini-stam.","description":"Seven Star Rap\u00e9 is een krachtige vari\u00ebteit van de Nukini, met een fruitig en muntachtig aroma en een licht mannelijke verhouding.","robots":{"index":"index","follow":"follow","max-snippet":"max-snippet:-1","max-image-preview":"max-image-preview:large","max-video-preview":"max-video-preview:-1"},"canonical":"https:\/\/www.sinchisinchi.com\/nl\/producto\/nukini-rape\/","og_locale":"nl_NL","og_type":"article","og_title":"Koop Rap\u00e9 Siete Estrellas: Amazone-rap\u00e9 van de Nukini-stam.","og_description":"Seven Star Rap\u00e9 is een krachtige vari\u00ebteit van de Nukini, met een fruitig en muntachtig aroma en een licht mannelijke verhouding.","og_url":"https:\/\/www.sinchisinchi.com\/nl\/producto\/nukini-rape\/","og_site_name":"SINCHI RAP\u00c9","article_publisher":"https:\/\/www.facebook.com\/sinchirape\/","article_modified_time":"2024-05-02T07:56:04+00:00","og_image":[{"url":"https:\/\/www.sinchisinchi.com\/wp-content\/uploads\/2018\/10\/nukini-tribe.jpg","type":"","width":"","height":""}],"twitter_card":"summary_large_image","schema":{"@context":"https:\/\/schema.org","@graph":[{"@type":"WebPage","@id":"https:\/\/www.sinchisinchi.com\/nl\/producto\/nukini-rape\/","url":"https:\/\/www.sinchisinchi.com\/nl\/producto\/nukini-rape\/","name":"Koop Rap\u00e9 Siete Estrellas: Amazone-rap\u00e9 van de Nukini-stam.","isPartOf":{"@id":"https:\/\/www.sinchisinchi.com\/nl\/#website"},"primaryImageOfPage":{"@id":"https:\/\/www.sinchisinchi.com\/nl\/producto\/nukini-rape\/#primaryimage"},"image":{"@id":"https:\/\/www.sinchisinchi.com\/nl\/producto\/nukini-rape\/#primaryimage"},"thumbnailUrl":"https:\/\/www.sinchisinchi.com\/wp-content\/uploads\/2018\/10\/nukini-tribe.jpg","datePublished":"2020-04-29T09:06:52+00:00","dateModified":"2024-05-02T07:56:04+00:00","description":"Seven Star Rap\u00e9 is een krachtige vari\u00ebteit van de Nukini, met een fruitig en muntachtig aroma en een licht mannelijke verhouding.","breadcrumb":{"@id":"https:\/\/www.sinchisinchi.com\/nl\/producto\/nukini-rape\/#breadcrumb"},"inLanguage":"nl-NL","potentialAction":[{"@type":"ReadAction","target":["https:\/\/www.sinchisinchi.com\/nl\/producto\/nukini-rape\/"]}]},{"@type":"ImageObject","inLanguage":"nl-NL","@id":"https:\/\/www.sinchisinchi.com\/nl\/producto\/nukini-rape\/#primaryimage","url":"https:\/\/www.sinchisinchi.com\/wp-content\/uploads\/2018\/10\/nukini-tribe.jpg","contentUrl":"https:\/\/www.sinchisinchi.com\/wp-content\/uploads\/2018\/10\/nukini-tribe.jpg"},{"@type":"BreadcrumbList","@id":"https:\/\/www.sinchisinchi.com\/nl\/producto\/nukini-rape\/#breadcrumb","itemListElement":[{"@type":"ListItem","position":1,"name":"Voorpagina","item":"https:\/\/www.sinchisinchi.com\/nl\/"},{"@type":"ListItem","position":2,"name":"Producten","item":"https:\/\/www.sinchisinchi.com\/nl\/shop\/"},{"@type":"ListItem","position":3,"name":"Nukini Siete estrellas"}]},{"@type":"WebSite","@id":"https:\/\/www.sinchisinchi.com\/nl\/#website","url":"https:\/\/www.sinchisinchi.com\/nl\/","name":"SINCHI","description":"Sinchi Medicine","publisher":{"@id":"https:\/\/www.sinchisinchi.com\/nl\/#organization"},"potentialAction":[{"@type":"SearchAction","target":{"@type":"EntryPoint","urlTemplate":"https:\/\/www.sinchisinchi.com\/nl\/?s={search_term_string}"},"query-input":{"@type":"PropertyValueSpecification","valueRequired":true,"valueName":"search_term_string"}}],"inLanguage":"nl-NL"},{"@type":"Organization","@id":"https:\/\/www.sinchisinchi.com\/nl\/#organization","name":"SINCHI S.L","url":"https:\/\/www.sinchisinchi.com\/nl\/","logo":{"@type":"ImageObject","inLanguage":"nl-NL","@id":"https:\/\/www.sinchisinchi.com\/nl\/#\/schema\/logo\/image\/","url":"https:\/\/www.sinchisinchi.com\/wp-content\/uploads\/2026\/01\/3b-Verde-SIMPLIFICADO-HORIZONTAL-F-TRANSPARENTE-scaled.png","contentUrl":"https:\/\/www.sinchisinchi.com\/wp-content\/uploads\/2026\/01\/3b-Verde-SIMPLIFICADO-HORIZONTAL-F-TRANSPARENTE-scaled.png","width":2560,"height":457,"caption":"SINCHI S.L"},"image":{"@id":"https:\/\/www.sinchisinchi.com\/nl\/#\/schema\/logo\/image\/"},"sameAs":["https:\/\/www.facebook.com\/sinchirape\/","https:\/\/www.instagram.com\/sinchi_rape\/"]}]}},"_links":{"self":[{"href":"https:\/\/www.sinchisinchi.com\/nl\/wp-json\/wp\/v2\/product\/7749","targetHints":{"allow":["GET"]}}],"collection":[{"href":"https:\/\/www.sinchisinchi.com\/nl\/wp-json\/wp\/v2\/product"}],"about":[{"href":"https:\/\/www.sinchisinchi.com\/nl\/wp-json\/wp\/v2\/types\/product"}],"wp:attachment":[{"href":"https:\/\/www.sinchisinchi.com\/nl\/wp-json\/wp\/v2\/media?parent=7749"}],"wp:term":[{"taxonomy":"product_brand","embeddable":true,"href":"https:\/\/www.sinchisinchi.com\/nl\/wp-json\/wp\/v2\/product_brand?post=7749"},{"taxonomy":"product_cat","embeddable":true,"href":"https:\/\/www.sinchisinchi.com\/nl\/wp-json\/wp\/v2\/product_cat?post=7749"},{"taxonomy":"product_tag","embeddable":true,"href":"https:\/\/www.sinchisinchi.com\/nl\/wp-json\/wp\/v2\/product_tag?post=7749"}],"curies":[{"name":"wp","href":"https:\/\/api.w.org\/{rel}","templated":true}]}}