{"id":7757,"date":"2020-04-29T08:56:24","date_gmt":"2020-04-29T08:56:24","guid":{"rendered":"https:\/\/www.sinchisinchi.com\/producto\/apurina-rape\/"},"modified":"2024-12-27T17:46:49","modified_gmt":"2024-12-27T17:46:49","slug":"apurina-rape","status":"publish","type":"product","link":"https:\/\/www.sinchisinchi.com\/nl\/producto\/apurina-rape\/","title":{"rendered":"Apurina Awiri"},"content":{"rendered":"<p><span style=\"color: #000000;\"><strong>-Intensit\u00e4t:<\/strong> Mild<\/span><\/p>\n<p><span style=\"color: #000000;\"><strong>-Proportion:<\/strong> 100% Awiry<\/span><\/p>\n<p><span style=\"color: #000000;\"><strong>-Stamm:<\/strong> Hergestellt vom Apurina-Stamm<\/span><\/p>\n<p><span style=\"color: #000000;\"><strong>-Zusammensetzung:<\/strong> Gemahlene und gesiebte Awiry-Bl\u00e4tter.<\/span><\/p>\n<p><span style=\"color: #000000;\"><strong>-Gr\u00f6\u00dfe:<\/strong> 10-ml-Flaschen (8 bis 9 Gramm).<\/span><\/p>\n<p><span style=\"color: #000000;\"><strong>-Verwendung:<\/strong> Ethnobotanische Neugier.<\/span><\/p>\n<p>&nbsp;<\/p>\n<h2 style=\"text-align: center;\"><span style=\"color: #000000;\">De Apurina-stam<\/span><\/h2>\n<p><span style=\"color: #000000;\">De Apurina leven verspreid op plaatsen nabij de oevers van de Purus. Ze hebben een rijk kosmologisch en ritueel universum, ondanks het feit dat hun geschiedenis sterk is be\u00efnvloed door geweld tijdens de tijd van de rubberteelt in het Amazonegebied.<\/span><\/p>\n<p><span style=\"color: #000000;\">Tegenwoordig blijven ze vechten voor hun rechten; Een deel van hun land is nog niet officieel erkend en wordt voortdurend overspoeld door houthakkers.<\/span><\/p>\n<p><span style=\"color: #000000;\">Sommigen beweren dat Apurin\u00e5, of in zijn oudere vorm, Ipurin\u00e1, een woord is uit de Jamamadile-taal. De zelfidentificatie van de groep is pop\u0169kare. Sommige oude teksten verwijzen naar het woord k\u00e5kite als de zelfidentificatie. K\u00e5kite betekent &#8216;mensen&#8217;, maar volgens sommige Apurin\u00e5 betekent k\u00e5kites eenvoudigweg &#8216;mensen&#8217; in de zin van de menselijke soort (&#8216;ik zag mensen&#8217;, maar ook &#8216;ik zag apen&#8217; of &#8216;ik zag jaguar&#8217;), in plaats van in de zin van een individuele gemeenschap of etnische groep.<\/span><\/p>\n<p><span style=\"color: #000000;\"><strong>De Apurin\u00e5-taal is een lid van de Purus-tak<\/strong> van de Maipure-Aruak-familie (Facundes, 1994). De meest verwante taal is die van de <strong>Manchineri<\/strong>, of Piro, die de bovenste Purus in Brazili\u00eb bewonen en, in Peru, voornamelijk de lagere Urubamba-vallei. Sommige Apurin\u00e3 beweren dat ze ook een beetje van de<strong> Kaxarari-taal<\/strong> kunnen begrijpen.<\/span><\/p>\n<p><span style=\"color: #000000;\"><strong>De Apurin\u00e3 bewonen 27 inheemse landen,<\/strong> in verschillende stadia van het offici\u00eble erkenningsproces; Twintig zijn volledig afgebakend en geregistreerd, drie zijn voor exclusief gebruik verklaard en vier bevinden zich in de identificatiestudiefase. De totale oppervlakte van deze volledig afgebakende inheemse gebieden bedraagt \u200b\u200b1.819.502 hectare; van deze twee worden gedeeld met de Paumari van het Paric\u00e1-meer en de Paumari van het Marah\u00e3-meer en \u00e9\u00e9n met de Tor\u00e1, in het gelijknamige inheemse land.<\/span><\/p>\n<p><span style=\"color: #000000;\">De Apurin\u00e3 van de regio Pauini zijn verdeeld in twee clans: Xoaporuneru en Metumanetu. Het lidmaatschap van een van deze groepen wordt bepaald door de vaderlijke afstamming. Voor elk van de clans zijn er verboden op wat men wel en niet mag eten. Het juiste huwelijk is tussen Xoaporuneru en Metumanetu, aangezien aan het huwelijk tussen leden van dezelfde clan dezelfde aandacht wordt besteed als aan het huwelijk tussen broers. Dit is bovendien de term die twee leden van dezelfde groep kunnen gebruiken als ze elkaar aanspreken (nutaru, broer, nutaro, zus), net zoals Xoaporuneru en Metumanetu soms nukero (schoonzus) of nemunaparu (broer) worden genoemd. ). De namen van de mensen geven aan tot welke van de \u2018naties\u2019 zij behoren.<\/span><\/p>\n<p>&nbsp;<\/p>\n<h3 style=\"text-align: center;\"><span style=\"color: #000000;\"><strong>De Apurina Mystiek<\/strong><\/span><\/h3>\n<p><span style=\"color: #000000;\">&#8216;Wie is jouw God? Ik weet het niet; ik weet alleen dat zijn naam Tsora is.&#8217;<\/span><\/p>\n<p><span style=\"color: #000000;\">Artur Brasil Apurin\u00e5, M\u0169puraru, Artur de sjamaan, spreekt aldus over Tsora of, in zijn vertaling: God. Tsora is de schepper van alles op aarde en om deze reden wordt hij God genoemd. Het verhaal van Tsora, het verhaal van het begin van de wereld, van het begin van alles, begint in zijn vele versies altijd met Mayoroparo, of &#8216;nadat de aarde in brand vloog&#8217;. Mayoru betekent gier en Mayoroparo is een monsterlijke vrouw, een heks die de botten verslond van degenen die ongehoorzaam waren en de botten bewaarde van degenen die gehoorzaamden.<\/span><\/p>\n<p><span style=\"color: #000000;\">Tsora cre\u00eberde mensen en de verschillende soorten mensen, de verschillende volkeren: Apurin\u00e5, blanken, andere Indi\u00ebrs. Hij voerde verschillende tests uit bij deze mensen en de Apurin\u00e3 deden het altijd slechter dan andere Indi\u00ebrs en blanken. Om deze reden zeggen de vertellers dat, ondanks dat ze &#8220;de beste zijn die er zijn&#8221;, er maar weinig Apurin\u00e3 zijn en onder elkaar verdeeld zijn.<\/span><\/p>\n<p><span style=\"color: #000000;\"><strong>Een andere Apurin\u00e5-legende<\/strong> is die van het <strong>Heilige Land en de Otsamanru-stam<\/strong>. De Apurin\u00e3 waren onsterfelijk en leefden in een land waar niets ziek werd of stierf. Ze vergezelden de Otsamanru en reisden tussen het ene land van onsterfelijkheid en het andere. Ze waren echter te betoverd door de dingen die ze vonden in de \u2018sterfelijke landen\u2019 die tussen de heilige landen liggen, en bleven daar uiteindelijk.<\/span><\/p>\n<p><span style=\"color: #000000;\">De Kaxarari worden vaak ge\u00efdentificeerd als de metgezellen van de Apurin\u00e3 op deze reis. Volgens sommige verhalen reisden de drie steden samen: Kaxarari, Apurin\u00e3 en Otsamanru. De Kaxarari waren de eersten die betoverd werden door de vruchten van de &#8220;sterfelijke landen&#8221;, en vervolgens de Apurin\u00e5; terwijl de Otsamanru hun reis voortzetten.<\/span><\/p>\n<p>&nbsp;<\/p>\n<h3 style=\"text-align: center;\"><span style=\"color: #000000;\"><strong>Rituele vieringen van Apurina<\/strong><\/span><\/h3>\n<p><span style=\"color: #000000;\">De rituele vieringen van de Apurin\u00e3, algemeen bekend als patau\u00e1. Soms zijn dit rituelen om de zielen van de doden tot rust te brengen, onmiddellijk na hun dood of op verjaardagen. In dergelijke gevallen staat het ritueel volgens Abdias bekend als isa\u0129.<\/span><\/p>\n<p><span style=\"color: #000000;\">Een <strong>Xingan\u00e9<\/strong> begint met een rituele confrontatie. Gasten komen bewapend, geschilderd en versierd uit het bos. Ze komen schreeuwen. De gastheren, eveneens gewapend, gaan hen tegemoet. Wanneer ze de leiders ontmoeten<\/span><\/p>\n<p><span style=\"color: #000000;\">es, ze komen naar voren en beginnen ruzie te maken, terwijl ze snel en luid spreken (deze dialoog wordt &#8220;cutting sanguir\u00e9&#8221; genoemd in het Portugees en katxipuru\u00e3ta in het Apurin\u00e3), de hele tijd met hun wapens op elkaars borst gericht. Achter hen staan \u200b\u200bde andere leden van de groep, klaar, en met hun wapens op dezelfde manier gericht op degenen die bij de discussie betrokken zijn. Wanneer de stemmen worden gedempt, worden de wapens ook gedempt, en de leiders gaan over tot het uit elkaars handen nemen van tabak.<\/span><\/p>\n<p><span style=\"color: #000000;\">Aan het begin van het gesprek verklaart ieder dat hij de ander niet kent en vraagt \u200b\u200bwie hij is. Daarna volgt de sanguir\u00e9, een persoonlijke toespraak die altijd wordt afgesloten met de bevestiging van de ouders en grootouders van de spreker. Camilo Manduca Apurin\u00e3 vat het als volgt samen:<\/span><\/p>\n<p><span style=\"color: #000000;\">&#8220;Als je de sanguir\u00e9 doorsnijdt, moet je de naam van je vader, moeder, grootvader onthouden. Wat je wilt zeggen, moet je zeggen op het moment van de sanguir\u00e9. Wat er ook gebeurt, je moet erachter komen tijdens de sanguir\u00e9. &#8220;<\/span><\/p>\n<p>&nbsp;<\/p>\n<h3 style=\"text-align: center;\"><span style=\"color: #000000;\"><strong>Apurina-sjamanen<\/strong><\/span><\/h3>\n<p><span style=\"color: #000000;\">Voor de Apurina zijn de oorsprong van de ziekte en de genezing van de sjamaan stenen. Een steen zorgt ervoor dat de sjamaan kan genezen en dat hij ziekte en dood kan veroorzaken. Tijdens het begin van de opleiding van een sjamaan is de eerste stap dat hij maanden in het bos blijft, vasten of heel weinig eten en op katsowaru kauwen. Seksuele relaties moeten ook worden vermeden.<\/span><\/p>\n<p><span style=\"color: #000000;\">Een Apurin\u00e3-sjamaan werkt via dromen. Hierin vertrekt zijn geest, bezoekt andere plaatsen en voert taken uit. Andere geesten begeleiden de sjamaan op deze reizen: de dieren en de dierenhoofden (h\u00e3wite) met wie hij samenwerkt. Elke sjamaan heeft er \u00e9\u00e9n of meerdere: de jaguar, de slang of de mythische mapinguari.<\/span><\/p>\n<p><span style=\"color: #000000;\">Wat anderen als dieren zien, ziet de sjamaan als mensen en sommigen als familie.<\/span><\/p>\n<p><span style=\"color: #000000;\">E\u00e9n van de functies van een sjamaan is bijvoorbeeld om mensen te laten stoppen met \u2018kwellen\u2019 of slangen te laten stoppen met bijten.<\/span><\/p>\n<p><span style=\"color: #000000;\">Als ze sterk zijn, zullen sjamanen naar verschillende landen reizen: onder de aarde waar ze leven, zelfs onder de rivier, zelfs naar de lucht, waar Tsora leeft. Hoe sterker de sjamaan, hoe meer plaatsen zijn geest kan bereiken.<\/span><\/p>\n<p>&nbsp;<\/p>\n<h3 style=\"text-align: center;\"><span style=\"color: #000000;\"><strong>De Apurina&#8217;s en de rubberoogst<\/strong><\/span><\/h3>\n<p><span style=\"color: #000000;\">Systematische contacten tussen de <strong>Apurin\u00e3 en niet-indianen<\/strong> begonnen als resultaat van de rubberoogst. De Purus-vallei werd in de 18e eeuw verkend door rondtrekkende kooplieden op zoek naar de zogenaamde &#8220;drugs do sert\u00e3o&#8221; (producten uit het binnenland): cacao, copaiba-balsem, schildpaddenvet en rubber. Sommige van deze ontdekkingsreizigers vestigden zich en er begonnen verwerkingsfabrieken te vestigen in de lagere Purus. In de jaren 1850 en 1860 werden verschillende expedities gestuurd om de rivier te verkennen en in kaart te brengen. Tegen die tijd werkten sommige Apurin\u00e3 naar verluidt al voor niet-indianen.<\/span><\/p>\n<p><span style=\"color: #000000;\">De Purus werd bezet door rubber. De exploitatie begon in de jaren 1870 en tegen 1880 werd de Purus over de gehele lengte bezet door niet-inheemse volkeren. De rubberoogst daalde na 1910, toen de Aziatische productie begon, waartegen de Braziliaanse productie niet kon concurreren. Zonder markt werden de rubberboerderijen door de eigenaren verlaten. Seringueiros (rubbertappers) en Indianen bleven overleven door zelfvoorzienende landbouw (die grotendeels verboden was op rubberplantages) en de marketing van andere producten zoals paranoten.<\/span><\/p>\n","protected":false},"excerpt":{"rendered":"<p><span style=\"color: #000000;\">De Apurin\u00e3 staan \u200b\u200bbekend om hun groene Rap\u00e9, uniek en totaal anders dan de andere stammen in de regio. Het is gemaakt van een heilige plant genaamd Awiry, door sommigen beschouwd als een soort wilde tabak. <\/span><\/p>\n<p><span style=\"color: #000000;\">De Rap\u00e9 Apurina Awiry bevat geen as of tabak; alleen gemalen en fijn gezeefde Awiri-bladeren die het zijn karakteristieke groene kleur geven, en het is een perfecte vari\u00ebteit voor diegenen die een nicotinevrije snuiftabak willen. <\/span><\/p>\n<p><span style=\"color: #000000;\">Om tabakrap\u00e9 te maken, wordt de tabak tijdens het drogen gefermenteerd en tot stokjes of touwen gerold voor opslag. De Awiry daarentegen wordt niet gefermenteerd of verwarmd; het wordt gewoon gedroogd en vervolgens direct gemalen, zodat het zijn groene kleur behoudt en kan worden beschouwd als een rauwe en levende rap\u00e9.<\/span><\/p>\n<p><span style=\"color: #000000;\"> Onder de Apurina cultiveren slechts enkele gemeenschappen een draad; het grootste deel van het gewas moet worden geoogst. Hij groeit aan de oevers van rivieren en kan alleen in het droge seizoen worden geoogst, want als de rivier stijgt, staat het gebied waar deze plant leeft onder water. Om deze reden wordt deze rap\u00e9 als zeldzaam en speciaal beschouwd. <\/span><\/p>\n<p><span style=\"color: #000000;\">Terwijl de meeste inheemse Rap\u00e9s in een Kurip\u00e9 of Tepi worden geblazen, wordt de Apurin\u00e3 Awiry traditioneel door een buis ingeademd, vergelijkbaar met hoe sommige stammen Yopo gebruiken.<\/span><\/p>\n","protected":false},"featured_media":11760,"template":"","meta":{"_joinchat":[]},"product_brand":[],"product_cat":[212],"product_tag":[],"class_list":{"0":"post-7757","1":"product","2":"type-product","3":"status-publish","4":"has-post-thumbnail","6":"product_cat-boa-nl","8":"first","9":"instock","10":"taxable","11":"shipping-taxable","12":"purchasable","13":"product-type-simple"},"yoast_head":"<!-- This site is optimized with the Yoast SEO plugin v27.4 - https:\/\/yoast.com\/product\/yoast-seo-wordpress\/ -->\n<title>SINCHI: Awiry Rap\u00e9 vom Stamm der Apurina<\/title>\n<meta name=\"description\" content=\"Heilige rap\u00e9 van de Apurina-stam, beroemd om zijn groene kleur, uniek en totaal anders dan die van de andere stammen in de regio.\" \/>\n<meta name=\"robots\" content=\"index, follow, max-snippet:-1, max-image-preview:large, max-video-preview:-1\" \/>\n<link rel=\"canonical\" href=\"https:\/\/www.sinchisinchi.com\/nl\/producto\/apurina-rape\/\" \/>\n<meta property=\"og:locale\" content=\"nl_NL\" \/>\n<meta property=\"og:type\" content=\"article\" \/>\n<meta property=\"og:title\" content=\"SINCHI: Awiry Rap\u00e9 vom Stamm der Apurina\" \/>\n<meta property=\"og:description\" content=\"Heilige rap\u00e9 van de Apurina-stam, beroemd om zijn groene kleur, uniek en totaal anders dan die van de andere stammen in de regio.\" \/>\n<meta property=\"og:url\" content=\"https:\/\/www.sinchisinchi.com\/nl\/producto\/apurina-rape\/\" \/>\n<meta property=\"og:site_name\" content=\"SINCHI RAP\u00c9\" \/>\n<meta property=\"article:publisher\" content=\"https:\/\/www.facebook.com\/sinchirape\/\" \/>\n<meta property=\"article:modified_time\" content=\"2024-12-27T17:46:49+00:00\" \/>\n<meta property=\"og:image\" content=\"https:\/\/www.sinchisinchi.com\/wp-content\/uploads\/2020\/04\/23-Awiry.jpg\" \/>\n\t<meta property=\"og:image:width\" content=\"700\" \/>\n\t<meta property=\"og:image:height\" content=\"700\" \/>\n\t<meta property=\"og:image:type\" content=\"image\/jpeg\" \/>\n<meta name=\"twitter:card\" content=\"summary_large_image\" \/>\n<meta name=\"twitter:label1\" content=\"Geschatte leestijd\" \/>\n\t<meta name=\"twitter:data1\" content=\"7 minuten\" \/>\n<script type=\"application\/ld+json\" class=\"yoast-schema-graph\">{\"@context\":\"https:\\\/\\\/schema.org\",\"@graph\":[{\"@type\":\"WebPage\",\"@id\":\"https:\\\/\\\/www.sinchisinchi.com\\\/nl\\\/producto\\\/apurina-rape\\\/\",\"url\":\"https:\\\/\\\/www.sinchisinchi.com\\\/nl\\\/producto\\\/apurina-rape\\\/\",\"name\":\"SINCHI: Awiry Rap\u00e9 vom Stamm der Apurina\",\"isPartOf\":{\"@id\":\"https:\\\/\\\/www.sinchisinchi.com\\\/nl\\\/#website\"},\"primaryImageOfPage\":{\"@id\":\"https:\\\/\\\/www.sinchisinchi.com\\\/nl\\\/producto\\\/apurina-rape\\\/#primaryimage\"},\"image\":{\"@id\":\"https:\\\/\\\/www.sinchisinchi.com\\\/nl\\\/producto\\\/apurina-rape\\\/#primaryimage\"},\"thumbnailUrl\":\"https:\\\/\\\/www.sinchisinchi.com\\\/wp-content\\\/uploads\\\/2020\\\/04\\\/23-Awiry.jpg\",\"datePublished\":\"2020-04-29T08:56:24+00:00\",\"dateModified\":\"2024-12-27T17:46:49+00:00\",\"description\":\"Heilige rap\u00e9 van de Apurina-stam, beroemd om zijn groene kleur, uniek en totaal anders dan die van de andere stammen in de regio.\",\"breadcrumb\":{\"@id\":\"https:\\\/\\\/www.sinchisinchi.com\\\/nl\\\/producto\\\/apurina-rape\\\/#breadcrumb\"},\"inLanguage\":\"nl-NL\",\"potentialAction\":[{\"@type\":\"ReadAction\",\"target\":[\"https:\\\/\\\/www.sinchisinchi.com\\\/nl\\\/producto\\\/apurina-rape\\\/\"]}]},{\"@type\":\"ImageObject\",\"inLanguage\":\"nl-NL\",\"@id\":\"https:\\\/\\\/www.sinchisinchi.com\\\/nl\\\/producto\\\/apurina-rape\\\/#primaryimage\",\"url\":\"https:\\\/\\\/www.sinchisinchi.com\\\/wp-content\\\/uploads\\\/2020\\\/04\\\/23-Awiry.jpg\",\"contentUrl\":\"https:\\\/\\\/www.sinchisinchi.com\\\/wp-content\\\/uploads\\\/2020\\\/04\\\/23-Awiry.jpg\",\"width\":700,\"height\":700},{\"@type\":\"BreadcrumbList\",\"@id\":\"https:\\\/\\\/www.sinchisinchi.com\\\/nl\\\/producto\\\/apurina-rape\\\/#breadcrumb\",\"itemListElement\":[{\"@type\":\"ListItem\",\"position\":1,\"name\":\"Voorpagina\",\"item\":\"https:\\\/\\\/www.sinchisinchi.com\\\/nl\\\/\"},{\"@type\":\"ListItem\",\"position\":2,\"name\":\"Producten\",\"item\":\"https:\\\/\\\/www.sinchisinchi.com\\\/nl\\\/shop\\\/\"},{\"@type\":\"ListItem\",\"position\":3,\"name\":\"Apurina Awiri\"}]},{\"@type\":\"WebSite\",\"@id\":\"https:\\\/\\\/www.sinchisinchi.com\\\/nl\\\/#website\",\"url\":\"https:\\\/\\\/www.sinchisinchi.com\\\/nl\\\/\",\"name\":\"SINCHI\",\"description\":\"Sinchi Medicine\",\"publisher\":{\"@id\":\"https:\\\/\\\/www.sinchisinchi.com\\\/nl\\\/#organization\"},\"potentialAction\":[{\"@type\":\"SearchAction\",\"target\":{\"@type\":\"EntryPoint\",\"urlTemplate\":\"https:\\\/\\\/www.sinchisinchi.com\\\/nl\\\/?s={search_term_string}\"},\"query-input\":{\"@type\":\"PropertyValueSpecification\",\"valueRequired\":true,\"valueName\":\"search_term_string\"}}],\"inLanguage\":\"nl-NL\"},{\"@type\":\"Organization\",\"@id\":\"https:\\\/\\\/www.sinchisinchi.com\\\/nl\\\/#organization\",\"name\":\"SINCHI S.L\",\"url\":\"https:\\\/\\\/www.sinchisinchi.com\\\/nl\\\/\",\"logo\":{\"@type\":\"ImageObject\",\"inLanguage\":\"nl-NL\",\"@id\":\"https:\\\/\\\/www.sinchisinchi.com\\\/nl\\\/#\\\/schema\\\/logo\\\/image\\\/\",\"url\":\"https:\\\/\\\/www.sinchisinchi.com\\\/wp-content\\\/uploads\\\/2026\\\/01\\\/3b-Verde-SIMPLIFICADO-HORIZONTAL-F-TRANSPARENTE-scaled.png\",\"contentUrl\":\"https:\\\/\\\/www.sinchisinchi.com\\\/wp-content\\\/uploads\\\/2026\\\/01\\\/3b-Verde-SIMPLIFICADO-HORIZONTAL-F-TRANSPARENTE-scaled.png\",\"width\":2560,\"height\":457,\"caption\":\"SINCHI S.L\"},\"image\":{\"@id\":\"https:\\\/\\\/www.sinchisinchi.com\\\/nl\\\/#\\\/schema\\\/logo\\\/image\\\/\"},\"sameAs\":[\"https:\\\/\\\/www.facebook.com\\\/sinchirape\\\/\",\"https:\\\/\\\/www.instagram.com\\\/sinchi_rape\\\/\"]}]}<\/script>\n<!-- \/ Yoast SEO plugin. -->","yoast_head_json":{"title":"SINCHI: Awiry Rap\u00e9 vom Stamm der Apurina","description":"Heilige rap\u00e9 van de Apurina-stam, beroemd om zijn groene kleur, uniek en totaal anders dan die van de andere stammen in de regio.","robots":{"index":"index","follow":"follow","max-snippet":"max-snippet:-1","max-image-preview":"max-image-preview:large","max-video-preview":"max-video-preview:-1"},"canonical":"https:\/\/www.sinchisinchi.com\/nl\/producto\/apurina-rape\/","og_locale":"nl_NL","og_type":"article","og_title":"SINCHI: Awiry Rap\u00e9 vom Stamm der Apurina","og_description":"Heilige rap\u00e9 van de Apurina-stam, beroemd om zijn groene kleur, uniek en totaal anders dan die van de andere stammen in de regio.","og_url":"https:\/\/www.sinchisinchi.com\/nl\/producto\/apurina-rape\/","og_site_name":"SINCHI RAP\u00c9","article_publisher":"https:\/\/www.facebook.com\/sinchirape\/","article_modified_time":"2024-12-27T17:46:49+00:00","og_image":[{"width":700,"height":700,"url":"https:\/\/www.sinchisinchi.com\/wp-content\/uploads\/2020\/04\/23-Awiry.jpg","type":"image\/jpeg"}],"twitter_card":"summary_large_image","twitter_misc":{"Geschatte leestijd":"7 minuten"},"schema":{"@context":"https:\/\/schema.org","@graph":[{"@type":"WebPage","@id":"https:\/\/www.sinchisinchi.com\/nl\/producto\/apurina-rape\/","url":"https:\/\/www.sinchisinchi.com\/nl\/producto\/apurina-rape\/","name":"SINCHI: Awiry Rap\u00e9 vom Stamm der Apurina","isPartOf":{"@id":"https:\/\/www.sinchisinchi.com\/nl\/#website"},"primaryImageOfPage":{"@id":"https:\/\/www.sinchisinchi.com\/nl\/producto\/apurina-rape\/#primaryimage"},"image":{"@id":"https:\/\/www.sinchisinchi.com\/nl\/producto\/apurina-rape\/#primaryimage"},"thumbnailUrl":"https:\/\/www.sinchisinchi.com\/wp-content\/uploads\/2020\/04\/23-Awiry.jpg","datePublished":"2020-04-29T08:56:24+00:00","dateModified":"2024-12-27T17:46:49+00:00","description":"Heilige rap\u00e9 van de Apurina-stam, beroemd om zijn groene kleur, uniek en totaal anders dan die van de andere stammen in de regio.","breadcrumb":{"@id":"https:\/\/www.sinchisinchi.com\/nl\/producto\/apurina-rape\/#breadcrumb"},"inLanguage":"nl-NL","potentialAction":[{"@type":"ReadAction","target":["https:\/\/www.sinchisinchi.com\/nl\/producto\/apurina-rape\/"]}]},{"@type":"ImageObject","inLanguage":"nl-NL","@id":"https:\/\/www.sinchisinchi.com\/nl\/producto\/apurina-rape\/#primaryimage","url":"https:\/\/www.sinchisinchi.com\/wp-content\/uploads\/2020\/04\/23-Awiry.jpg","contentUrl":"https:\/\/www.sinchisinchi.com\/wp-content\/uploads\/2020\/04\/23-Awiry.jpg","width":700,"height":700},{"@type":"BreadcrumbList","@id":"https:\/\/www.sinchisinchi.com\/nl\/producto\/apurina-rape\/#breadcrumb","itemListElement":[{"@type":"ListItem","position":1,"name":"Voorpagina","item":"https:\/\/www.sinchisinchi.com\/nl\/"},{"@type":"ListItem","position":2,"name":"Producten","item":"https:\/\/www.sinchisinchi.com\/nl\/shop\/"},{"@type":"ListItem","position":3,"name":"Apurina Awiri"}]},{"@type":"WebSite","@id":"https:\/\/www.sinchisinchi.com\/nl\/#website","url":"https:\/\/www.sinchisinchi.com\/nl\/","name":"SINCHI","description":"Sinchi Medicine","publisher":{"@id":"https:\/\/www.sinchisinchi.com\/nl\/#organization"},"potentialAction":[{"@type":"SearchAction","target":{"@type":"EntryPoint","urlTemplate":"https:\/\/www.sinchisinchi.com\/nl\/?s={search_term_string}"},"query-input":{"@type":"PropertyValueSpecification","valueRequired":true,"valueName":"search_term_string"}}],"inLanguage":"nl-NL"},{"@type":"Organization","@id":"https:\/\/www.sinchisinchi.com\/nl\/#organization","name":"SINCHI S.L","url":"https:\/\/www.sinchisinchi.com\/nl\/","logo":{"@type":"ImageObject","inLanguage":"nl-NL","@id":"https:\/\/www.sinchisinchi.com\/nl\/#\/schema\/logo\/image\/","url":"https:\/\/www.sinchisinchi.com\/wp-content\/uploads\/2026\/01\/3b-Verde-SIMPLIFICADO-HORIZONTAL-F-TRANSPARENTE-scaled.png","contentUrl":"https:\/\/www.sinchisinchi.com\/wp-content\/uploads\/2026\/01\/3b-Verde-SIMPLIFICADO-HORIZONTAL-F-TRANSPARENTE-scaled.png","width":2560,"height":457,"caption":"SINCHI S.L"},"image":{"@id":"https:\/\/www.sinchisinchi.com\/nl\/#\/schema\/logo\/image\/"},"sameAs":["https:\/\/www.facebook.com\/sinchirape\/","https:\/\/www.instagram.com\/sinchi_rape\/"]}]}},"_links":{"self":[{"href":"https:\/\/www.sinchisinchi.com\/nl\/wp-json\/wp\/v2\/product\/7757","targetHints":{"allow":["GET"]}}],"collection":[{"href":"https:\/\/www.sinchisinchi.com\/nl\/wp-json\/wp\/v2\/product"}],"about":[{"href":"https:\/\/www.sinchisinchi.com\/nl\/wp-json\/wp\/v2\/types\/product"}],"wp:featuredmedia":[{"embeddable":true,"href":"https:\/\/www.sinchisinchi.com\/nl\/wp-json\/wp\/v2\/media\/11760"}],"wp:attachment":[{"href":"https:\/\/www.sinchisinchi.com\/nl\/wp-json\/wp\/v2\/media?parent=7757"}],"wp:term":[{"taxonomy":"product_brand","embeddable":true,"href":"https:\/\/www.sinchisinchi.com\/nl\/wp-json\/wp\/v2\/product_brand?post=7757"},{"taxonomy":"product_cat","embeddable":true,"href":"https:\/\/www.sinchisinchi.com\/nl\/wp-json\/wp\/v2\/product_cat?post=7757"},{"taxonomy":"product_tag","embeddable":true,"href":"https:\/\/www.sinchisinchi.com\/nl\/wp-json\/wp\/v2\/product_tag?post=7757"}],"curies":[{"name":"wp","href":"https:\/\/api.w.org\/{rel}","templated":true}]}}