{"id":7761,"date":"2020-12-06T22:25:34","date_gmt":"2020-12-06T22:25:34","guid":{"rendered":"https:\/\/www.sinchisinchi.com\/producto\/rape-huni-kuin\/"},"modified":"2026-02-12T22:22:00","modified_gmt":"2026-02-12T22:22:00","slug":"rape-huni-kuin","status":"publish","type":"product","link":"https:\/\/www.sinchisinchi.com\/nl\/producto\/rape-huni-kuin\/","title":{"rendered":"Cacao"},"content":{"rendered":"<a href=\"https:\/\/www.sinchisinchi.com\/nl\/producto\/50g-cacau\/\" target=\"_blank\" class=\"button secondary is-larger lowercase expand\" rel=\"noopener\" style=\"border-radius:10px;\">\n\t\t<span>Middelgrote Maat: 50g<\/span>\n\t<\/a>\n\n<a href=\"https:\/\/www.sinchisinchi.com\/nl\/producto\/cacau-100g\/\" target=\"_blank\" class=\"button secondary is-larger lowercase expand\" rel=\"noopener\" style=\"border-radius:10px;\">\n\t\t<span>Groot Formaat: 100g<\/span>\n\t<\/a>\n\n\t<div id=\"gap-213970926\" class=\"gap-element clearfix\" style=\"display:block; height:auto;\">\n\t\t\n<style>\n#gap-213970926 {\n  padding-top: 30px;\n}\n<\/style>\n\t<\/div>\n\t\n\n  <div class=\"banner has-hover\" id=\"banner-1593744390\">\n          <div class=\"banner-inner fill\">\n        <div class=\"banner-bg fill\" >\n            <img loading=\"lazy\" decoding=\"async\" width=\"791\" height=\"1024\" src=\"https:\/\/www.sinchisinchi.com\/wp-content\/uploads\/2024\/09\/0-Huni-Kuin-Kaxinawa-791x1024.jpg\" class=\"bg attachment-large size-large\" alt=\"Retrato frontal de un hombre Huni Kuin con tocado ceremonial de plumas de guacamayo, pintura facial de uruc\u00fa con dise\u00f1os kene y pectoral de mostacillas con patrones geom\u00e9tricos tradicionales\" \/>                        <div class=\"overlay\"><\/div>            \n                    <\/div>\n\t\t\n        <div class=\"banner-layers container\">\n            <div class=\"fill banner-link\"><\/div>            \n   <div id=\"text-box-1306280039\" class=\"text-box banner-layer x5 md-x5 lg-x5 y50 md-y50 lg-y50 res-text\">\n                                <div class=\"text-box-content text box-shadow-3\">\n              \n              <div class=\"text-inner text-left\">\n                  \n<h2><span style=\"color: #000000;\"><strong>STAM<\/strong><\/span><\/h2>\n<h3><span style=\"color: #000000;\">Huni Kuin<\/span><\/h3>\n<p><span style=\"color: #000000;\">De Huni Kuin-stam leeft in kleine gemeenschappen gelegen van de uitlopers van de Peruaanse Andes tot aan de Braziliaanse grens, in de staten Acre en Zuid-Amazonas, die het gebied van Alto Juru\u00e1, Purus en de Javari-vallei bestrijken.<\/span><\/p>\n<a href=\"https:\/\/www.sinchisinchi.com\/nl\/stammen\/rape-huni-kuin-kaxinawa\/\" target=\"_blank\" class=\"button primary is-underline expand\" rel=\"noopener\" >\n\t\t<span>Stam<\/span>\n\t<\/a>\n\n<a href=\"https:\/\/www.sinchisinchi.com\/nl\/stammen\/rape-huni-kuin-kaxinawa\/videos\/\" target=\"_blank\" class=\"button primary is-underline expand\" rel=\"noopener\" >\n\t\t<span>Video<\/span>\n\t<\/a>\n\n<a href=\"https:\/\/www.sinchisinchi.com\/nl\/stammen\/rape-huni-kuin-kaxinawa\/muziek\/\" target=\"_blank\" class=\"button primary is-underline expand\" rel=\"noopener\" >\n\t\t<span>Muziek<\/span>\n\t<\/a>\n\n              <\/div>\n           <\/div>\n                            \n<style>\n#text-box-1306280039 .text-box-content {\n  background-color: rgb(255, 255, 255);\n  font-size: 100%;\n}\n#text-box-1306280039 .text-inner {\n  padding: 30px 30px 30px 30px;\n}\n#text-box-1306280039 {\n  width: 60%;\n}\n@media (min-width:550px) {\n  #text-box-1306280039 {\n    width: 40%;\n  }\n}\n<\/style>\n    <\/div>\n \n        <\/div>\n      <\/div>\n\n              <div class=\"height-fix is-invisible\"><img loading=\"lazy\" decoding=\"async\" width=\"791\" height=\"1024\" src=\"https:\/\/www.sinchisinchi.com\/wp-content\/uploads\/2024\/09\/0-Huni-Kuin-Kaxinawa-791x1024.jpg\" class=\"attachment-large size-large\" alt=\"Retrato frontal de un hombre Huni Kuin con tocado ceremonial de plumas de guacamayo, pintura facial de uruc\u00fa con dise\u00f1os kene y pectoral de mostacillas con patrones geom\u00e9tricos tradicionales\" srcset=\"https:\/\/www.sinchisinchi.com\/wp-content\/uploads\/2024\/09\/0-Huni-Kuin-Kaxinawa-791x1024.jpg 791w, https:\/\/www.sinchisinchi.com\/wp-content\/uploads\/2024\/09\/0-Huni-Kuin-Kaxinawa-463x600.jpg 463w, https:\/\/www.sinchisinchi.com\/wp-content\/uploads\/2024\/09\/0-Huni-Kuin-Kaxinawa-768x995.jpg 768w, https:\/\/www.sinchisinchi.com\/wp-content\/uploads\/2024\/09\/0-Huni-Kuin-Kaxinawa-1186x1536.jpg 1186w, https:\/\/www.sinchisinchi.com\/wp-content\/uploads\/2024\/09\/0-Huni-Kuin-Kaxinawa-247x320.jpg 247w, https:\/\/www.sinchisinchi.com\/wp-content\/uploads\/2024\/09\/0-Huni-Kuin-Kaxinawa-510x661.jpg 510w, https:\/\/www.sinchisinchi.com\/wp-content\/uploads\/2024\/09\/0-Huni-Kuin-Kaxinawa.jpg 1581w\" sizes=\"auto, (max-width: 791px) 100vw, 791px\" \/><\/div>\n            \n<style>\n#banner-1593744390 .overlay {\n  background-color: rgba(190, 190, 190, 0.2);\n}\n#banner-1593744390 {\n  background-color: rgb(255, 255, 255);\n}\n<\/style>\n  <\/div>\n\n\n","protected":false},"excerpt":{"rendered":"<p><span style=\"color: #000000;\">Cacao rap\u00e9 is een exquise mix die zorgt voor weerstand en levendigheid, evenals een diepe staat van welzijn en innerlijke fysieke en mentale kracht. Het bevat de alkalo\u00efde <strong>theobromine<\/strong>, een vaatverwijdend, diureticum en hartstimulerend middel.<\/span><\/p>\n<p><span style=\"color: #000000;\">De cacaoboom<strong> (Theobroma Cacao)<\/strong> is inheems in het Amazonebekken, vanwaar hij zich verspreidde naar andere delen van Amerika en van daaruit over de hele wereld.<\/span><\/p>\n<p><span style=\"color: #000000;\">De wetenschappelijke naam komt uit het Grieks en betekent <strong>&#8220;Voedsel van de goden&#8221;<\/strong>, zeer toepasselijk gezien de waardevolle eigenschappen ervan.<\/span><\/p>\n<p><span style=\"color: #000000;\"><strong>-Eigenschappen en voordelen:<\/strong>\u00a0Rap\u00e9 de Cacau is speciaal ge\u00efndiceerd voor ceremonies en introspectieprocessen. Extra sterk, het is een Rap\u00e9 met weinig as en een aardse toon.<\/span><\/p>\n<p><span style=\"color: #000000;\"><strong>-Intensiteit:<\/strong> Zeer sterke snuifvari\u00ebteit.<\/span><\/p>\n<p><span style=\"color: #000000;\"><strong>-Aandeel:<\/strong> Zeer hoog aandeel Mapacho.<\/span><\/p>\n<p><span style=\"color: #000000;\"><strong>-Stam:<\/strong> Dit prachtige recept is gemaakt door de Huni Kuin-stam, (ook bekend als Kaxinaw\u00e1, caxinau\u00e1)<\/span><\/p>\n<p><span style=\"color: #000000;\"><strong>-Samenstelling:<\/strong> Bevat natuurlijke wilde cacao-as uit de regio, en soms worden ook de peulen van de vrucht gebruikt. Cacao is een plant afkomstig uit dit deel van de Amazone en groeit in het wild op de rivieroever.<\/span><\/p>\n<p><span style=\"color: #000000;\"><strong>-Maat:<\/strong> 10 ml flesjes (8 tot 9 gram)<\/span><\/p>\n<p><span style=\"color: #000000;\"><strong>-Gebruik:<\/strong> Etnobotanische nieuwsgierigheid.<\/span><\/p>\n","protected":false},"featured_media":11736,"template":"","meta":{"_joinchat":[]},"product_brand":[],"product_cat":[173],"product_tag":[],"class_list":{"0":"post-7761","1":"product","2":"type-product","3":"status-publish","4":"has-post-thumbnail","6":"product_cat-huni-kuin-nl","8":"first","9":"instock","10":"taxable","11":"shipping-taxable","12":"purchasable","13":"product-type-simple"},"yoast_head":"<!-- This site is optimized with the Yoast SEO plugin v27.4 - https:\/\/yoast.com\/product\/yoast-seo-wordpress\/ -->\n<title>SINCHI: Rap\u00e9 Cacao van de Huni Kuin-stam uit het Amazonegebied<\/title>\n<meta name=\"description\" content=\"Cacau Rap\u00e9 is bijzonder geschikt voor ceremonies en introspectieprocessen. Extra sterk, het is een Rap\u00e9 met weinig as en een aardse toon.\" \/>\n<meta name=\"robots\" content=\"index, follow, max-snippet:-1, max-image-preview:large, max-video-preview:-1\" \/>\n<link rel=\"canonical\" href=\"https:\/\/www.sinchisinchi.com\/nl\/producto\/rape-huni-kuin\/\" \/>\n<meta property=\"og:locale\" content=\"nl_NL\" \/>\n<meta property=\"og:type\" content=\"article\" \/>\n<meta property=\"og:title\" content=\"SINCHI: Rap\u00e9 Cacao van de Huni Kuin-stam uit het Amazonegebied\" \/>\n<meta property=\"og:description\" content=\"Cacau Rap\u00e9 is bijzonder geschikt voor ceremonies en introspectieprocessen. Extra sterk, het is een Rap\u00e9 met weinig as en een aardse toon.\" \/>\n<meta property=\"og:url\" content=\"https:\/\/www.sinchisinchi.com\/nl\/producto\/rape-huni-kuin\/\" \/>\n<meta property=\"og:site_name\" content=\"SINCHI RAP\u00c9\" \/>\n<meta property=\"article:publisher\" content=\"https:\/\/www.facebook.com\/sinchirape\/\" \/>\n<meta property=\"article:modified_time\" content=\"2026-02-12T22:22:00+00:00\" \/>\n<meta property=\"og:image\" content=\"https:\/\/www.sinchisinchi.com\/wp-content\/uploads\/2020\/12\/15-Cacau.jpg\" \/>\n\t<meta property=\"og:image:width\" content=\"700\" \/>\n\t<meta property=\"og:image:height\" content=\"700\" \/>\n\t<meta property=\"og:image:type\" content=\"image\/jpeg\" \/>\n<meta name=\"twitter:card\" content=\"summary_large_image\" \/>\n<meta name=\"twitter:label1\" content=\"Geschatte leestijd\" \/>\n\t<meta name=\"twitter:data1\" content=\"1 minuut\" \/>\n<script type=\"application\/ld+json\" class=\"yoast-schema-graph\">{\"@context\":\"https:\\\/\\\/schema.org\",\"@graph\":[{\"@type\":\"WebPage\",\"@id\":\"https:\\\/\\\/www.sinchisinchi.com\\\/nl\\\/producto\\\/rape-huni-kuin\\\/\",\"url\":\"https:\\\/\\\/www.sinchisinchi.com\\\/nl\\\/producto\\\/rape-huni-kuin\\\/\",\"name\":\"SINCHI: Rap\u00e9 Cacao van de Huni Kuin-stam uit het Amazonegebied\",\"isPartOf\":{\"@id\":\"https:\\\/\\\/www.sinchisinchi.com\\\/nl\\\/#website\"},\"primaryImageOfPage\":{\"@id\":\"https:\\\/\\\/www.sinchisinchi.com\\\/nl\\\/producto\\\/rape-huni-kuin\\\/#primaryimage\"},\"image\":{\"@id\":\"https:\\\/\\\/www.sinchisinchi.com\\\/nl\\\/producto\\\/rape-huni-kuin\\\/#primaryimage\"},\"thumbnailUrl\":\"https:\\\/\\\/www.sinchisinchi.com\\\/wp-content\\\/uploads\\\/2020\\\/12\\\/15-Cacau.jpg\",\"datePublished\":\"2020-12-06T22:25:34+00:00\",\"dateModified\":\"2026-02-12T22:22:00+00:00\",\"description\":\"Cacau Rap\u00e9 is bijzonder geschikt voor ceremonies en introspectieprocessen. Extra sterk, het is een Rap\u00e9 met weinig as en een aardse toon.\",\"breadcrumb\":{\"@id\":\"https:\\\/\\\/www.sinchisinchi.com\\\/nl\\\/producto\\\/rape-huni-kuin\\\/#breadcrumb\"},\"inLanguage\":\"nl-NL\",\"potentialAction\":[{\"@type\":\"ReadAction\",\"target\":[\"https:\\\/\\\/www.sinchisinchi.com\\\/nl\\\/producto\\\/rape-huni-kuin\\\/\"]}]},{\"@type\":\"ImageObject\",\"inLanguage\":\"nl-NL\",\"@id\":\"https:\\\/\\\/www.sinchisinchi.com\\\/nl\\\/producto\\\/rape-huni-kuin\\\/#primaryimage\",\"url\":\"https:\\\/\\\/www.sinchisinchi.com\\\/wp-content\\\/uploads\\\/2020\\\/12\\\/15-Cacau.jpg\",\"contentUrl\":\"https:\\\/\\\/www.sinchisinchi.com\\\/wp-content\\\/uploads\\\/2020\\\/12\\\/15-Cacau.jpg\",\"width\":700,\"height\":700},{\"@type\":\"BreadcrumbList\",\"@id\":\"https:\\\/\\\/www.sinchisinchi.com\\\/nl\\\/producto\\\/rape-huni-kuin\\\/#breadcrumb\",\"itemListElement\":[{\"@type\":\"ListItem\",\"position\":1,\"name\":\"Voorpagina\",\"item\":\"https:\\\/\\\/www.sinchisinchi.com\\\/nl\\\/\"},{\"@type\":\"ListItem\",\"position\":2,\"name\":\"Producten\",\"item\":\"https:\\\/\\\/www.sinchisinchi.com\\\/nl\\\/shop\\\/\"},{\"@type\":\"ListItem\",\"position\":3,\"name\":\"Cacao\"}]},{\"@type\":\"WebSite\",\"@id\":\"https:\\\/\\\/www.sinchisinchi.com\\\/nl\\\/#website\",\"url\":\"https:\\\/\\\/www.sinchisinchi.com\\\/nl\\\/\",\"name\":\"SINCHI\",\"description\":\"Sinchi Medicine\",\"publisher\":{\"@id\":\"https:\\\/\\\/www.sinchisinchi.com\\\/nl\\\/#organization\"},\"potentialAction\":[{\"@type\":\"SearchAction\",\"target\":{\"@type\":\"EntryPoint\",\"urlTemplate\":\"https:\\\/\\\/www.sinchisinchi.com\\\/nl\\\/?s={search_term_string}\"},\"query-input\":{\"@type\":\"PropertyValueSpecification\",\"valueRequired\":true,\"valueName\":\"search_term_string\"}}],\"inLanguage\":\"nl-NL\"},{\"@type\":\"Organization\",\"@id\":\"https:\\\/\\\/www.sinchisinchi.com\\\/nl\\\/#organization\",\"name\":\"SINCHI S.L\",\"url\":\"https:\\\/\\\/www.sinchisinchi.com\\\/nl\\\/\",\"logo\":{\"@type\":\"ImageObject\",\"inLanguage\":\"nl-NL\",\"@id\":\"https:\\\/\\\/www.sinchisinchi.com\\\/nl\\\/#\\\/schema\\\/logo\\\/image\\\/\",\"url\":\"https:\\\/\\\/www.sinchisinchi.com\\\/wp-content\\\/uploads\\\/2026\\\/01\\\/3b-Verde-SIMPLIFICADO-HORIZONTAL-F-TRANSPARENTE-scaled.png\",\"contentUrl\":\"https:\\\/\\\/www.sinchisinchi.com\\\/wp-content\\\/uploads\\\/2026\\\/01\\\/3b-Verde-SIMPLIFICADO-HORIZONTAL-F-TRANSPARENTE-scaled.png\",\"width\":2560,\"height\":457,\"caption\":\"SINCHI S.L\"},\"image\":{\"@id\":\"https:\\\/\\\/www.sinchisinchi.com\\\/nl\\\/#\\\/schema\\\/logo\\\/image\\\/\"},\"sameAs\":[\"https:\\\/\\\/www.facebook.com\\\/sinchirape\\\/\",\"https:\\\/\\\/www.instagram.com\\\/sinchi_rape\\\/\"]}]}<\/script>\n<!-- \/ Yoast SEO plugin. -->","yoast_head_json":{"title":"SINCHI: Rap\u00e9 Cacao van de Huni Kuin-stam uit het Amazonegebied","description":"Cacau Rap\u00e9 is bijzonder geschikt voor ceremonies en introspectieprocessen. Extra sterk, het is een Rap\u00e9 met weinig as en een aardse toon.","robots":{"index":"index","follow":"follow","max-snippet":"max-snippet:-1","max-image-preview":"max-image-preview:large","max-video-preview":"max-video-preview:-1"},"canonical":"https:\/\/www.sinchisinchi.com\/nl\/producto\/rape-huni-kuin\/","og_locale":"nl_NL","og_type":"article","og_title":"SINCHI: Rap\u00e9 Cacao van de Huni Kuin-stam uit het Amazonegebied","og_description":"Cacau Rap\u00e9 is bijzonder geschikt voor ceremonies en introspectieprocessen. Extra sterk, het is een Rap\u00e9 met weinig as en een aardse toon.","og_url":"https:\/\/www.sinchisinchi.com\/nl\/producto\/rape-huni-kuin\/","og_site_name":"SINCHI RAP\u00c9","article_publisher":"https:\/\/www.facebook.com\/sinchirape\/","article_modified_time":"2026-02-12T22:22:00+00:00","og_image":[{"width":700,"height":700,"url":"https:\/\/www.sinchisinchi.com\/wp-content\/uploads\/2020\/12\/15-Cacau.jpg","type":"image\/jpeg"}],"twitter_card":"summary_large_image","twitter_misc":{"Geschatte leestijd":"1 minuut"},"schema":{"@context":"https:\/\/schema.org","@graph":[{"@type":"WebPage","@id":"https:\/\/www.sinchisinchi.com\/nl\/producto\/rape-huni-kuin\/","url":"https:\/\/www.sinchisinchi.com\/nl\/producto\/rape-huni-kuin\/","name":"SINCHI: Rap\u00e9 Cacao van de Huni Kuin-stam uit het Amazonegebied","isPartOf":{"@id":"https:\/\/www.sinchisinchi.com\/nl\/#website"},"primaryImageOfPage":{"@id":"https:\/\/www.sinchisinchi.com\/nl\/producto\/rape-huni-kuin\/#primaryimage"},"image":{"@id":"https:\/\/www.sinchisinchi.com\/nl\/producto\/rape-huni-kuin\/#primaryimage"},"thumbnailUrl":"https:\/\/www.sinchisinchi.com\/wp-content\/uploads\/2020\/12\/15-Cacau.jpg","datePublished":"2020-12-06T22:25:34+00:00","dateModified":"2026-02-12T22:22:00+00:00","description":"Cacau Rap\u00e9 is bijzonder geschikt voor ceremonies en introspectieprocessen. Extra sterk, het is een Rap\u00e9 met weinig as en een aardse toon.","breadcrumb":{"@id":"https:\/\/www.sinchisinchi.com\/nl\/producto\/rape-huni-kuin\/#breadcrumb"},"inLanguage":"nl-NL","potentialAction":[{"@type":"ReadAction","target":["https:\/\/www.sinchisinchi.com\/nl\/producto\/rape-huni-kuin\/"]}]},{"@type":"ImageObject","inLanguage":"nl-NL","@id":"https:\/\/www.sinchisinchi.com\/nl\/producto\/rape-huni-kuin\/#primaryimage","url":"https:\/\/www.sinchisinchi.com\/wp-content\/uploads\/2020\/12\/15-Cacau.jpg","contentUrl":"https:\/\/www.sinchisinchi.com\/wp-content\/uploads\/2020\/12\/15-Cacau.jpg","width":700,"height":700},{"@type":"BreadcrumbList","@id":"https:\/\/www.sinchisinchi.com\/nl\/producto\/rape-huni-kuin\/#breadcrumb","itemListElement":[{"@type":"ListItem","position":1,"name":"Voorpagina","item":"https:\/\/www.sinchisinchi.com\/nl\/"},{"@type":"ListItem","position":2,"name":"Producten","item":"https:\/\/www.sinchisinchi.com\/nl\/shop\/"},{"@type":"ListItem","position":3,"name":"Cacao"}]},{"@type":"WebSite","@id":"https:\/\/www.sinchisinchi.com\/nl\/#website","url":"https:\/\/www.sinchisinchi.com\/nl\/","name":"SINCHI","description":"Sinchi Medicine","publisher":{"@id":"https:\/\/www.sinchisinchi.com\/nl\/#organization"},"potentialAction":[{"@type":"SearchAction","target":{"@type":"EntryPoint","urlTemplate":"https:\/\/www.sinchisinchi.com\/nl\/?s={search_term_string}"},"query-input":{"@type":"PropertyValueSpecification","valueRequired":true,"valueName":"search_term_string"}}],"inLanguage":"nl-NL"},{"@type":"Organization","@id":"https:\/\/www.sinchisinchi.com\/nl\/#organization","name":"SINCHI S.L","url":"https:\/\/www.sinchisinchi.com\/nl\/","logo":{"@type":"ImageObject","inLanguage":"nl-NL","@id":"https:\/\/www.sinchisinchi.com\/nl\/#\/schema\/logo\/image\/","url":"https:\/\/www.sinchisinchi.com\/wp-content\/uploads\/2026\/01\/3b-Verde-SIMPLIFICADO-HORIZONTAL-F-TRANSPARENTE-scaled.png","contentUrl":"https:\/\/www.sinchisinchi.com\/wp-content\/uploads\/2026\/01\/3b-Verde-SIMPLIFICADO-HORIZONTAL-F-TRANSPARENTE-scaled.png","width":2560,"height":457,"caption":"SINCHI S.L"},"image":{"@id":"https:\/\/www.sinchisinchi.com\/nl\/#\/schema\/logo\/image\/"},"sameAs":["https:\/\/www.facebook.com\/sinchirape\/","https:\/\/www.instagram.com\/sinchi_rape\/"]}]}},"_links":{"self":[{"href":"https:\/\/www.sinchisinchi.com\/nl\/wp-json\/wp\/v2\/product\/7761","targetHints":{"allow":["GET"]}}],"collection":[{"href":"https:\/\/www.sinchisinchi.com\/nl\/wp-json\/wp\/v2\/product"}],"about":[{"href":"https:\/\/www.sinchisinchi.com\/nl\/wp-json\/wp\/v2\/types\/product"}],"wp:featuredmedia":[{"embeddable":true,"href":"https:\/\/www.sinchisinchi.com\/nl\/wp-json\/wp\/v2\/media\/11736"}],"wp:attachment":[{"href":"https:\/\/www.sinchisinchi.com\/nl\/wp-json\/wp\/v2\/media?parent=7761"}],"wp:term":[{"taxonomy":"product_brand","embeddable":true,"href":"https:\/\/www.sinchisinchi.com\/nl\/wp-json\/wp\/v2\/product_brand?post=7761"},{"taxonomy":"product_cat","embeddable":true,"href":"https:\/\/www.sinchisinchi.com\/nl\/wp-json\/wp\/v2\/product_cat?post=7761"},{"taxonomy":"product_tag","embeddable":true,"href":"https:\/\/www.sinchisinchi.com\/nl\/wp-json\/wp\/v2\/product_tag?post=7761"}],"curies":[{"name":"wp","href":"https:\/\/api.w.org\/{rel}","templated":true}]}}