{"id":7775,"date":"2018-12-09T01:14:50","date_gmt":"2018-12-09T01:14:50","guid":{"rendered":"https:\/\/www.sinchisinchi.com\/producto\/sananga-comprar\/"},"modified":"2026-04-29T10:54:37","modified_gmt":"2026-04-29T10:54:37","slug":"sananga-kopen","status":"publish","type":"product","link":"https:\/\/www.sinchisinchi.com\/nl\/producto\/sananga-kopen\/","title":{"rendered":"Sananga"},"content":{"rendered":"<div class=\"row\"  id=\"row-732600287\">\n\n\t<div id=\"col-1924596993\" class=\"col medium-3 small-12 large-3\"  >\n\t\t\t\t<div class=\"col-inner\"  >\n\t\t\t\n\t\t\t\n\t\t<\/div>\n\t\t\t\t\t<\/div>\n\n\t\n\n\t<div id=\"col-1364513330\" class=\"col medium-6 small-12 large-6\"  >\n\t\t\t\t<div class=\"col-inner\"  >\n\t\t\t\n\t\t\t\n\t<div class=\"img has-hover x md-x lg-x y md-y lg-y\" id=\"image_205712693\">\n\t\t\t\t\t\t\t\t<div class=\"img-inner dark\" >\n\t\t\t<img loading=\"lazy\" decoding=\"async\" width=\"500\" height=\"333\" src=\"https:\/\/www.sinchisinchi.com\/wp-content\/uploads\/2018\/12\/img_7129.jpg\" class=\"attachment-large size-large\" alt=\"Sananga comprar online\" srcset=\"https:\/\/www.sinchisinchi.com\/wp-content\/uploads\/2018\/12\/img_7129.jpg 500w, https:\/\/www.sinchisinchi.com\/wp-content\/uploads\/2018\/12\/img_7129-247x165.jpg 247w, https:\/\/www.sinchisinchi.com\/wp-content\/uploads\/2018\/12\/img_7129-300x200.jpg 300w\" sizes=\"auto, (max-width: 500px) 100vw, 500px\" \/>\t\t\t\t\t\t\n\t\t\t\t\t<\/div>\n\t\t\t\t\t\t\t\t\n<style>\n#image_205712693 {\n  width: 100%;\n}\n<\/style>\n\t<\/div>\n\t\n\t\t<\/div>\n\t\t\t\t\t<\/div>\n\n\t\n\n\t<div id=\"col-91065276\" class=\"col medium-3 small-12 large-3\"  >\n\t\t\t\t<div class=\"col-inner\"  >\n\t\t\t\n\t\t\t\n\t\t<\/div>\n\t\t\t\t\t<\/div>\n\n\t\n<\/div>\n\t<div id=\"gap-1487123105\" class=\"gap-element clearfix\" style=\"display:block; height:auto;\">\n\t\t\n<style>\n#gap-1487123105 {\n  padding-top: 30px;\n}\n<\/style>\n\t<\/div>\n\t\n<h2 style=\"text-align: center;\"><strong>De Sananga-plant: wat is het?<\/strong><\/h2>\n<p><strong>Sananga, of Cyperus articulatus<\/strong>, is een tropische plant die groeit langs de rivieren in het Amazonegebied en behoort tot de Cyperaceae-familie.<\/p>\n<p>Sananga is een inheemse plant uit het Amazonegebied, maar groeit ook in veel andere tropische gebieden, waaronder Afrika en Azi\u00eb. Er zijn ongeveer 30 verschillende soorten Sananga, die tot drie soorten behoren: Eleutherine bulbosa, Cyperus articulatus en Cyperus prolixus Kunth.<\/p>\n<p>Sananga wordt door inheemse stammen in het Amazonegebied gebruikt om hun zicht te verbeteren en daarmee hun jachtvaardigheden (het wordt gebruikt als oogdruppels). Daarnaast wordt het voor verschillende medicinale doeleinden gebruikt, bijvoorbeeld bij de behandeling van slangenbeten en koorts.<\/p>\n\t<div id=\"gap-1341709800\" class=\"gap-element clearfix\" style=\"display:block; height:auto;\">\n\t\t\n<style>\n#gap-1341709800 {\n  padding-top: 30px;\n}\n<\/style>\n\t<\/div>\n\t\n<div class=\"row\"  id=\"row-1590539162\">\n\n\t<div id=\"col-2115167819\" class=\"col medium-1 small-12 large-1\"  >\n\t\t\t\t<div class=\"col-inner\"  >\n\t\t\t\n\t\t\t\n\t\t<\/div>\n\t\t\t\t\t<\/div>\n\n\t\n\n\t<div id=\"col-515624542\" class=\"col medium-10 small-12 large-10\"  >\n\t\t\t\t<div class=\"col-inner\"  >\n\t\t\t\n\t\t\t\n<div class=\"video video-fit mb\" style=\"padding-top:56.25%;\"><p><iframe loading=\"lazy\" title=\"Sananga Ceremony | My Experience\" width=\"1020\" height=\"574\" src=\"https:\/\/www.youtube.com\/embed\/ZdjIOGSMgv8?feature=oembed&#038;enablejsapi=1&#038;origin=https:\/\/www.sinchisinchi.com\" frameborder=\"0\" allow=\"accelerometer; autoplay; clipboard-write; encrypted-media; gyroscope; picture-in-picture; web-share\" referrerpolicy=\"strict-origin-when-cross-origin\" allowfullscreen><\/iframe><\/p>\n<\/div>\n\t\t<\/div>\n\t\t\t\t\t<\/div>\n\n\t\n\n\t<div id=\"col-1755383690\" class=\"col medium-1 small-12 large-1\"  >\n\t\t\t\t<div class=\"col-inner\"  >\n\t\t\t\n\t\t\t\n\t\t<\/div>\n\t\t\t\t\t<\/div>\n\n\t\n<\/div>\n\t<div id=\"gap-852871297\" class=\"gap-element clearfix\" style=\"display:block; height:auto;\">\n\t\t\n<style>\n#gap-852871297 {\n  padding-top: 30px;\n}\n<\/style>\n\t<\/div>\n\t\n<h2 style=\"text-align: center;\"><strong>Sananga oogdruppels<\/strong><\/h2>\n<h3 style=\"text-align: center;\"><strong>Voordelen en medicinale eigenschappen:<\/strong><\/h3>\n<h4 style=\"text-align: center;\"><strong>Effecten van Sananga op energieniveau<\/strong><\/h4>\n<p>&#8211; Sananga helpt het innerlijk zicht, het derde oog, te openen.<\/p>\n<p>&#8211; Activeert de pijnappelklier.<\/p>\n<p>&#8211; Vermindert mentale verwarring.<\/p>\n<p>&#8211; Helpt de chakra&#8217;s uit te lijnen en te openen, met name het derde oog en het kruinchakra.<\/p>\n<p>&#8211; Sananga helpt bij een diepe reiniging op energetisch, fysiek, emotioneel en spiritueel niveau.<\/p>\n<p>&#8211; Helpt bij het loslaten van trauma&#8217;s uit het verleden, het loslaten van stagnerende negatieve energie\u00ebn en het dichten van gaten in onze energievelden die zijn veroorzaakt door een negatieve levensstijl.<\/p>\n<p>&#8211; Verwijdert negatieve energieladingen en -ophopingen.<\/p>\n<p>&#8211; Verbetert lucide dromen.<\/p>\n<p>De Shipibo-stam gebruikt Sananga-druppels ook om zich beter te kunnen concentreren op ambachten zoals naaien, schilderen en borduren van textiel, waar ze bekend om staan. Shipibo-vrouwen worden al op jonge leeftijd door hun moeders en grootmoeders ingewijd in deze traditie. Een Shipiba vertelt: &#8220;Toen ik een klein meisje was, druppelde mijn moeder Sananga in mijn ogen, zodat ik een visie zou hebben op de ontwerpen van mijn schilderijen.&#8221;<\/p>\n<p>Sananga wordt vaak gebruikt voor en tijdens Ayahuasca-ceremonies, omdat de visioenen helderder en gedetailleerder worden nadat het als oogdruppel is gebruikt. Sommige stammen gebruiken Sananga zelfs als toevoeging aan hun Ayahuasca-drankje.<\/p>\n<p>Effecten van Sananga op het fysieke niveau<\/p>\n<p>Sananga is ook effectief bij een aantal psychosomatische aandoeningen, omdat de ogen de vensters zijn waardoor wij de wereld waarnemen. Deze natuurlijke geneeswijze helpt om onevenwichtigheden in de perceptie van wat er om ons heen gebeurt in balans te brengen en te helen. Het zorgt voor harmonie en vervolgens voor spirituele, emotionele en fysieke genezing.<\/p>\n<p>Traditioneel wordt het middel via een neusinfuus toegediend tegen malaria. Bij wonden wordt het middel in stukken gesneden en uitwendig aangebracht. Bij spijsverteringsproblemen of misselijkheid wordt het als tinctuur toegepast. Bij hoest en koorts en als tegengif wordt het oraal ingenomen als afkooksel.<\/p>\n<p>Van de bloemen en bladeren wordt een thee gemaakt die een sterk afrodiserend effect heeft en bovendien lucide dromen bevordert. Tenslotte worden hallucinogene effecten beschreven wanneer de gedroogde wortelstokken met tabak worden gemengd en gerookt.<\/p>\n<p>Sananga helpt ook bij het verlichten van gebitsproblemen, het tegengaan van wonden en het genezen van verschillende oogletsels. Verlicht misselijkheid en braken, helpt bij darm-\/spijsverteringsproblemen en verzacht\/kalmeert<\/p>\n<p>Sananga werd bij de Shipibo-stam veel gebruikt als anticonceptiemiddel, als abortusmiddel en ter voorkoming van pijn tijdens de bevalling, waarschijnlijk vanwege het moederkoornalkalo\u00efdegehalte.<\/p>\n\t<div id=\"gap-2012481333\" class=\"gap-element clearfix\" style=\"display:block; height:auto;\">\n\t\t\n<style>\n#gap-2012481333 {\n  padding-top: 30px;\n}\n<\/style>\n\t<\/div>\n\t\n<div class=\"row\"  id=\"row-1611669055\">\n\n\t<div id=\"col-1510990659\" class=\"col medium-2 small-12 large-2\"  >\n\t\t\t\t<div class=\"col-inner\"  >\n\t\t\t\n\t\t\t\n\t\t<\/div>\n\t\t\t\t\t<\/div>\n\n\t\n\n\t<div id=\"col-1866966899\" class=\"col medium-7 small-12 large-7\"  >\n\t\t\t\t<div class=\"col-inner\"  >\n\t\t\t\n\t\t\t\n\t<div class=\"img has-hover x md-x lg-x y md-y lg-y\" id=\"image_1406213181\">\n\t\t\t\t\t\t\t\t<div class=\"img-inner dark\" >\n\t\t\t<img loading=\"lazy\" decoding=\"async\" width=\"500\" height=\"250\" src=\"https:\/\/www.sinchisinchi.com\/wp-content\/uploads\/2018\/12\/sananga-comprar-2.jpg\" class=\"attachment-large size-large\" alt=\"sananga comprar online en Espa\u00f1a\" srcset=\"https:\/\/www.sinchisinchi.com\/wp-content\/uploads\/2018\/12\/sananga-comprar-2.jpg 500w, https:\/\/www.sinchisinchi.com\/wp-content\/uploads\/2018\/12\/sananga-comprar-2-247x124.jpg 247w, https:\/\/www.sinchisinchi.com\/wp-content\/uploads\/2018\/12\/sananga-comprar-2-300x150.jpg 300w\" sizes=\"auto, (max-width: 500px) 100vw, 500px\" \/>\t\t\t\t\t\t\n\t\t\t\t\t<\/div>\n\t\t\t\t\t\t\t\t\n<style>\n#image_1406213181 {\n  width: 100%;\n}\n<\/style>\n\t<\/div>\n\t\n\t\t<\/div>\n\t\t\t\t\t<\/div>\n\n\t\n\n\t<div id=\"col-1429374305\" class=\"col medium-3 small-12 large-3\"  >\n\t\t\t\t<div class=\"col-inner\"  >\n\t\t\t\n\t\t\t\n\t\t<\/div>\n\t\t\t\t\t<\/div>\n\n\t\n<\/div>\n\t<div id=\"gap-857805673\" class=\"gap-element clearfix\" style=\"display:block; height:auto;\">\n\t\t\n<style>\n#gap-857805673 {\n  padding-top: 30px;\n}\n<\/style>\n\t<\/div>\n\t\n<h4 style=\"text-align: center;\"><strong>Toepassing en dosering van Sananga-druppels<\/strong><\/h4>\n<p>Het is aan te raden om een \u200b\u200brustige plek op te zoeken en dit bij voorkeur in de middag te doen, zodat uw ogen kunnen rusten.<\/p>\n<p>Het kan een goed idee zijn om een \u200b\u200bpartner in te schakelen die je helpt bij het toepassen ervan.<\/p>\n<p>Het is raadzaam om te gaan liggen zodat de cr\u00e8me goed kan worden aangebracht. Houd uw ogen tijdens de sessie gesloten. 1 tot 2 druppels per oog zijn voldoende voor \u00e9\u00e9n sessie.<\/p>\n<p>Flits vervolgens om de vloeistof te verdelen. Het is belangrijk om het op beide ogen aan te brengen om de energiekanalen in evenwicht te brengen.<\/p>\n<p>Bij het aanbrengen ontstaat er een branderig gevoel dat tot drie minuten aanhoudt, afhankelijk van de conditie van de gebruiker en hoe vaak hij\/zij Sananga gebruikt. Deze passie leidt tot een gevoel van compleetheid en aanwezigheid, diep ondergedompeld in een tijdloos moment.<\/p>\n<p>De volgende ochtend kunnen uw ogen wat gevoelig en droog aanvoelen. U kunt ze wassen met koud water, dan zal het snel overgaan. Het is onderdeel van het reinigingsproces dat Sananga teweegbrengt.<\/p>\n<h4 style=\"text-align: center;\"><strong>Actieve ingredi\u00ebnten van Sananga, Ancestral Eye Drops<\/strong><\/h4>\n<p style=\"text-align: left;\">Sananga bevat verschillende alkalo\u00efden, waaronder flavono\u00efden, polyfenolen, saponinen, tanninen en terpenen, hoewel de biologische werking ervan voornamelijk aan cyperonen wordt toegeschreven.<\/p>\n<p>E\u00e9n van de werkzame stoffen is iboga\u00efne. Iboga\u00efne veroorzaakt een psychoactieve ervaring die bij sommige mensen kan leiden tot snelle veranderingen en\/of visioenen.<\/p>\n<p>Het volledige werkingsspectrum en de bioactieve bestanddelen van deze plant worden nog steeds niet volledig begrepen. Bovendien plant de plant zich niet voort via zaden maar via vegetatie. Er zijn daarom veel verschillende ondersoorten van Sananga met verschillende alkalo\u00efdesamenstellingen.<\/p>\n\t<div id=\"gap-334835\" class=\"gap-element clearfix\" style=\"display:block; height:auto;\">\n\t\t\n<style>\n#gap-334835 {\n  padding-top: 30px;\n}\n<\/style>\n\t<\/div>\n\t\n<div class=\"row\"  id=\"row-21543917\">\n\n\t<div id=\"col-1685888802\" class=\"col medium-2 small-12 large-2\"  >\n\t\t\t\t<div class=\"col-inner\"  >\n\t\t\t\n\t\t\t\n\t\t<\/div>\n\t\t\t\t\t<\/div>\n\n\t\n\n\t<div id=\"col-1193580653\" class=\"col medium-8 small-12 large-8\"  >\n\t\t\t\t<div class=\"col-inner\"  >\n\t\t\t\n\t\t\t\n\t<div class=\"img has-hover x md-x lg-x y md-y lg-y\" id=\"image_963722632\">\n\t\t\t\t\t\t\t\t<div class=\"img-inner dark\" >\n\t\t\t<img loading=\"lazy\" decoding=\"async\" width=\"1020\" height=\"631\" src=\"https:\/\/www.sinchisinchi.com\/wp-content\/uploads\/2018\/12\/ob_015fe0_tabernaemontana-undulata-8-1024x633.jpg\" class=\"attachment-large size-large\" alt=\"\" srcset=\"https:\/\/www.sinchisinchi.com\/wp-content\/uploads\/2018\/12\/ob_015fe0_tabernaemontana-undulata-8-1024x633.jpg 1024w, https:\/\/www.sinchisinchi.com\/wp-content\/uploads\/2018\/12\/ob_015fe0_tabernaemontana-undulata-8-600x371.jpg 600w, https:\/\/www.sinchisinchi.com\/wp-content\/uploads\/2018\/12\/ob_015fe0_tabernaemontana-undulata-8-768x475.jpg 768w, https:\/\/www.sinchisinchi.com\/wp-content\/uploads\/2018\/12\/ob_015fe0_tabernaemontana-undulata-8-1536x949.jpg 1536w, https:\/\/www.sinchisinchi.com\/wp-content\/uploads\/2018\/12\/ob_015fe0_tabernaemontana-undulata-8-247x153.jpg 247w, https:\/\/www.sinchisinchi.com\/wp-content\/uploads\/2018\/12\/ob_015fe0_tabernaemontana-undulata-8-510x315.jpg 510w, https:\/\/www.sinchisinchi.com\/wp-content\/uploads\/2018\/12\/ob_015fe0_tabernaemontana-undulata-8.jpg 1600w\" sizes=\"auto, (max-width: 1020px) 100vw, 1020px\" \/>\t\t\t\t\t\t\n\t\t\t\t\t<\/div>\n\t\t\t\t\t\t\t\t\n<style>\n#image_963722632 {\n  width: 100%;\n}\n<\/style>\n\t<\/div>\n\t\n\t\t<\/div>\n\t\t\t\t\t<\/div>\n\n\t\n\n\t<div id=\"col-1933066884\" class=\"col medium-2 small-12 large-2\"  >\n\t\t\t\t<div class=\"col-inner\"  >\n\t\t\t\n\t\t\t\n\t\t<\/div>\n\t\t\t\t\t<\/div>\n\n\t\n<\/div>\n\t<div id=\"gap-970504775\" class=\"gap-element clearfix\" style=\"display:block; height:auto;\">\n\t\t\n<style>\n#gap-970504775 {\n  padding-top: 30px;\n}\n<\/style>\n\t<\/div>\n\t\n<h4 style=\"text-align: center;\"><strong>Bereiding van Sananga, voorouderlijke geneeskunde<\/strong><\/h4>\n<p>Het meest voorkomende recept is om de wortelstokken of stengels te drogen en te verpulveren. Vervolgens worden er thee of oogdruppels van gemaakt. Elke stam gebruikt deze magische plant echter op zijn eigen manier. De Shipibo-stam bijvoorbeeld, vermaalt verse wortelstokken en perst het sap eruit om oogdruppels te maken.<\/p>\n<h4 style=\"text-align: center;\"><strong>Sananga en de Huni Kuin &#8211; Kaxinaw\u00e1<\/strong><\/h4>\n<p>De Kaxinaw\u00e1-stam heeft een eeuwenoude traditie om v\u00f3\u00f3r de jacht \u00e9\u00e9n of twee druppels sananga in elk oog te doen; verscherpt uw \u200b\u200bzicht, waardoor u zelfs in het donker gemakkelijker wild kunt onderscheiden. Naast het benadrukken van visuele texturen, diepte en kleuren; Volgens de Indianen helpt het bij het jagen op prooien in de jungle.<\/p>\n","protected":false},"excerpt":{"rendered":"<p>Sananga is een voorouderlijk medicijn uit de Amazone dat wordt gebruikt in de vorm van druppels die als oogdruppels op de ogen worden aangebracht.<\/p>\n<p>In de Amazone worden Sananga-oogdruppels veel gebruikt door verschillende stammen, omdat de effecten van Sananga hen helpen hun jachtvaardigheden te verbeteren, hun zicht in het donker en in de scherptediepte te verbeteren, met een scherper en verfijnder zicht.<\/p>\n<p>&nbsp;<\/p>\n<p><strong>Presentatie:<\/strong> 5ml<\/p>\n<p><strong>Voorzorgsmaatregelen:<\/strong> Contactlenzen moeten worden verwijderd voordat Sananga wordt aangebracht.<\/p>\n<p><strong>Bewaring:<\/strong> fles gekoeld bewaren.<\/p>\n","protected":false},"featured_media":12334,"template":"","meta":{"_joinchat":[]},"product_brand":[],"product_cat":[297],"product_tag":[],"class_list":{"0":"post-7775","1":"product","2":"type-product","3":"status-publish","4":"has-post-thumbnail","6":"product_cat-vloeistof","8":"first","9":"instock","10":"taxable","11":"shipping-taxable","12":"purchasable","13":"product-type-simple"},"yoast_head":"<!-- This site is optimized with the Yoast SEO plugin v27.4 - https:\/\/yoast.com\/product\/yoast-seo-wordpress\/ -->\n<title>Koop Sananga: voorouderlijke oogdruppels van Amazone-stammen<\/title>\n<meta name=\"description\" content=\"Sananga kopen: In het Amazonegebied wordt Sananga al duizenden jaren door stammen gebruikt om het gezichtsvermogen op alle niveaus te versterken.\" \/>\n<meta name=\"robots\" content=\"index, follow, max-snippet:-1, max-image-preview:large, max-video-preview:-1\" \/>\n<link rel=\"canonical\" href=\"https:\/\/www.sinchisinchi.com\/nl\/producto\/sananga-kopen\/\" \/>\n<meta property=\"og:locale\" content=\"nl_NL\" \/>\n<meta property=\"og:type\" content=\"article\" \/>\n<meta property=\"og:title\" content=\"Koop Sananga: voorouderlijke oogdruppels van Amazone-stammen\" \/>\n<meta property=\"og:description\" content=\"Sananga kopen: In het Amazonegebied wordt Sananga al duizenden jaren door stammen gebruikt om het gezichtsvermogen op alle niveaus te versterken.\" \/>\n<meta property=\"og:url\" content=\"https:\/\/www.sinchisinchi.com\/nl\/producto\/sananga-kopen\/\" \/>\n<meta property=\"og:site_name\" content=\"SINCHI RAP\u00c9\" \/>\n<meta property=\"article:publisher\" content=\"https:\/\/www.facebook.com\/sinchirape\/\" \/>\n<meta property=\"article:modified_time\" content=\"2026-04-29T10:54:37+00:00\" \/>\n<meta property=\"og:image\" content=\"https:\/\/www.sinchisinchi.com\/wp-content\/uploads\/2018\/12\/3IR0008.jpg\" \/>\n\t<meta property=\"og:image:width\" content=\"700\" \/>\n\t<meta property=\"og:image:height\" content=\"700\" \/>\n\t<meta property=\"og:image:type\" content=\"image\/jpeg\" \/>\n<meta name=\"twitter:card\" content=\"summary_large_image\" \/>\n<meta name=\"twitter:label1\" content=\"Geschatte leestijd\" \/>\n\t<meta name=\"twitter:data1\" content=\"5 minuten\" \/>\n<script type=\"application\/ld+json\" class=\"yoast-schema-graph\">{\"@context\":\"https:\\\/\\\/schema.org\",\"@graph\":[{\"@type\":\"WebPage\",\"@id\":\"https:\\\/\\\/www.sinchisinchi.com\\\/nl\\\/producto\\\/sananga-kopen\\\/\",\"url\":\"https:\\\/\\\/www.sinchisinchi.com\\\/nl\\\/producto\\\/sananga-kopen\\\/\",\"name\":\"Koop Sananga: voorouderlijke oogdruppels van Amazone-stammen\",\"isPartOf\":{\"@id\":\"https:\\\/\\\/www.sinchisinchi.com\\\/nl\\\/#website\"},\"primaryImageOfPage\":{\"@id\":\"https:\\\/\\\/www.sinchisinchi.com\\\/nl\\\/producto\\\/sananga-kopen\\\/#primaryimage\"},\"image\":{\"@id\":\"https:\\\/\\\/www.sinchisinchi.com\\\/nl\\\/producto\\\/sananga-kopen\\\/#primaryimage\"},\"thumbnailUrl\":\"https:\\\/\\\/www.sinchisinchi.com\\\/wp-content\\\/uploads\\\/2018\\\/12\\\/3IR0008.jpg\",\"datePublished\":\"2018-12-09T01:14:50+00:00\",\"dateModified\":\"2026-04-29T10:54:37+00:00\",\"description\":\"Sananga kopen: In het Amazonegebied wordt Sananga al duizenden jaren door stammen gebruikt om het gezichtsvermogen op alle niveaus te versterken.\",\"breadcrumb\":{\"@id\":\"https:\\\/\\\/www.sinchisinchi.com\\\/nl\\\/producto\\\/sananga-kopen\\\/#breadcrumb\"},\"inLanguage\":\"nl-NL\",\"potentialAction\":[{\"@type\":\"ReadAction\",\"target\":[\"https:\\\/\\\/www.sinchisinchi.com\\\/nl\\\/producto\\\/sananga-kopen\\\/\"]}]},{\"@type\":\"ImageObject\",\"inLanguage\":\"nl-NL\",\"@id\":\"https:\\\/\\\/www.sinchisinchi.com\\\/nl\\\/producto\\\/sananga-kopen\\\/#primaryimage\",\"url\":\"https:\\\/\\\/www.sinchisinchi.com\\\/wp-content\\\/uploads\\\/2018\\\/12\\\/3IR0008.jpg\",\"contentUrl\":\"https:\\\/\\\/www.sinchisinchi.com\\\/wp-content\\\/uploads\\\/2018\\\/12\\\/3IR0008.jpg\",\"width\":700,\"height\":700},{\"@type\":\"BreadcrumbList\",\"@id\":\"https:\\\/\\\/www.sinchisinchi.com\\\/nl\\\/producto\\\/sananga-kopen\\\/#breadcrumb\",\"itemListElement\":[{\"@type\":\"ListItem\",\"position\":1,\"name\":\"Voorpagina\",\"item\":\"https:\\\/\\\/www.sinchisinchi.com\\\/nl\\\/\"},{\"@type\":\"ListItem\",\"position\":2,\"name\":\"Producten\",\"item\":\"https:\\\/\\\/www.sinchisinchi.com\\\/nl\\\/shop\\\/\"},{\"@type\":\"ListItem\",\"position\":3,\"name\":\"Sananga\"}]},{\"@type\":\"WebSite\",\"@id\":\"https:\\\/\\\/www.sinchisinchi.com\\\/nl\\\/#website\",\"url\":\"https:\\\/\\\/www.sinchisinchi.com\\\/nl\\\/\",\"name\":\"SINCHI\",\"description\":\"Sinchi Medicine\",\"publisher\":{\"@id\":\"https:\\\/\\\/www.sinchisinchi.com\\\/nl\\\/#organization\"},\"potentialAction\":[{\"@type\":\"SearchAction\",\"target\":{\"@type\":\"EntryPoint\",\"urlTemplate\":\"https:\\\/\\\/www.sinchisinchi.com\\\/nl\\\/?s={search_term_string}\"},\"query-input\":{\"@type\":\"PropertyValueSpecification\",\"valueRequired\":true,\"valueName\":\"search_term_string\"}}],\"inLanguage\":\"nl-NL\"},{\"@type\":\"Organization\",\"@id\":\"https:\\\/\\\/www.sinchisinchi.com\\\/nl\\\/#organization\",\"name\":\"SINCHI S.L\",\"url\":\"https:\\\/\\\/www.sinchisinchi.com\\\/nl\\\/\",\"logo\":{\"@type\":\"ImageObject\",\"inLanguage\":\"nl-NL\",\"@id\":\"https:\\\/\\\/www.sinchisinchi.com\\\/nl\\\/#\\\/schema\\\/logo\\\/image\\\/\",\"url\":\"https:\\\/\\\/www.sinchisinchi.com\\\/wp-content\\\/uploads\\\/2026\\\/01\\\/3b-Verde-SIMPLIFICADO-HORIZONTAL-F-TRANSPARENTE-scaled.png\",\"contentUrl\":\"https:\\\/\\\/www.sinchisinchi.com\\\/wp-content\\\/uploads\\\/2026\\\/01\\\/3b-Verde-SIMPLIFICADO-HORIZONTAL-F-TRANSPARENTE-scaled.png\",\"width\":2560,\"height\":457,\"caption\":\"SINCHI S.L\"},\"image\":{\"@id\":\"https:\\\/\\\/www.sinchisinchi.com\\\/nl\\\/#\\\/schema\\\/logo\\\/image\\\/\"},\"sameAs\":[\"https:\\\/\\\/www.facebook.com\\\/sinchirape\\\/\",\"https:\\\/\\\/www.instagram.com\\\/sinchi_rape\\\/\"]}]}<\/script>\n<!-- \/ Yoast SEO plugin. -->","yoast_head_json":{"title":"Koop Sananga: voorouderlijke oogdruppels van Amazone-stammen","description":"Sananga kopen: In het Amazonegebied wordt Sananga al duizenden jaren door stammen gebruikt om het gezichtsvermogen op alle niveaus te versterken.","robots":{"index":"index","follow":"follow","max-snippet":"max-snippet:-1","max-image-preview":"max-image-preview:large","max-video-preview":"max-video-preview:-1"},"canonical":"https:\/\/www.sinchisinchi.com\/nl\/producto\/sananga-kopen\/","og_locale":"nl_NL","og_type":"article","og_title":"Koop Sananga: voorouderlijke oogdruppels van Amazone-stammen","og_description":"Sananga kopen: In het Amazonegebied wordt Sananga al duizenden jaren door stammen gebruikt om het gezichtsvermogen op alle niveaus te versterken.","og_url":"https:\/\/www.sinchisinchi.com\/nl\/producto\/sananga-kopen\/","og_site_name":"SINCHI RAP\u00c9","article_publisher":"https:\/\/www.facebook.com\/sinchirape\/","article_modified_time":"2026-04-29T10:54:37+00:00","og_image":[{"width":700,"height":700,"url":"https:\/\/www.sinchisinchi.com\/wp-content\/uploads\/2018\/12\/3IR0008.jpg","type":"image\/jpeg"}],"twitter_card":"summary_large_image","twitter_misc":{"Geschatte leestijd":"5 minuten"},"schema":{"@context":"https:\/\/schema.org","@graph":[{"@type":"WebPage","@id":"https:\/\/www.sinchisinchi.com\/nl\/producto\/sananga-kopen\/","url":"https:\/\/www.sinchisinchi.com\/nl\/producto\/sananga-kopen\/","name":"Koop Sananga: voorouderlijke oogdruppels van Amazone-stammen","isPartOf":{"@id":"https:\/\/www.sinchisinchi.com\/nl\/#website"},"primaryImageOfPage":{"@id":"https:\/\/www.sinchisinchi.com\/nl\/producto\/sananga-kopen\/#primaryimage"},"image":{"@id":"https:\/\/www.sinchisinchi.com\/nl\/producto\/sananga-kopen\/#primaryimage"},"thumbnailUrl":"https:\/\/www.sinchisinchi.com\/wp-content\/uploads\/2018\/12\/3IR0008.jpg","datePublished":"2018-12-09T01:14:50+00:00","dateModified":"2026-04-29T10:54:37+00:00","description":"Sananga kopen: In het Amazonegebied wordt Sananga al duizenden jaren door stammen gebruikt om het gezichtsvermogen op alle niveaus te versterken.","breadcrumb":{"@id":"https:\/\/www.sinchisinchi.com\/nl\/producto\/sananga-kopen\/#breadcrumb"},"inLanguage":"nl-NL","potentialAction":[{"@type":"ReadAction","target":["https:\/\/www.sinchisinchi.com\/nl\/producto\/sananga-kopen\/"]}]},{"@type":"ImageObject","inLanguage":"nl-NL","@id":"https:\/\/www.sinchisinchi.com\/nl\/producto\/sananga-kopen\/#primaryimage","url":"https:\/\/www.sinchisinchi.com\/wp-content\/uploads\/2018\/12\/3IR0008.jpg","contentUrl":"https:\/\/www.sinchisinchi.com\/wp-content\/uploads\/2018\/12\/3IR0008.jpg","width":700,"height":700},{"@type":"BreadcrumbList","@id":"https:\/\/www.sinchisinchi.com\/nl\/producto\/sananga-kopen\/#breadcrumb","itemListElement":[{"@type":"ListItem","position":1,"name":"Voorpagina","item":"https:\/\/www.sinchisinchi.com\/nl\/"},{"@type":"ListItem","position":2,"name":"Producten","item":"https:\/\/www.sinchisinchi.com\/nl\/shop\/"},{"@type":"ListItem","position":3,"name":"Sananga"}]},{"@type":"WebSite","@id":"https:\/\/www.sinchisinchi.com\/nl\/#website","url":"https:\/\/www.sinchisinchi.com\/nl\/","name":"SINCHI","description":"Sinchi Medicine","publisher":{"@id":"https:\/\/www.sinchisinchi.com\/nl\/#organization"},"potentialAction":[{"@type":"SearchAction","target":{"@type":"EntryPoint","urlTemplate":"https:\/\/www.sinchisinchi.com\/nl\/?s={search_term_string}"},"query-input":{"@type":"PropertyValueSpecification","valueRequired":true,"valueName":"search_term_string"}}],"inLanguage":"nl-NL"},{"@type":"Organization","@id":"https:\/\/www.sinchisinchi.com\/nl\/#organization","name":"SINCHI S.L","url":"https:\/\/www.sinchisinchi.com\/nl\/","logo":{"@type":"ImageObject","inLanguage":"nl-NL","@id":"https:\/\/www.sinchisinchi.com\/nl\/#\/schema\/logo\/image\/","url":"https:\/\/www.sinchisinchi.com\/wp-content\/uploads\/2026\/01\/3b-Verde-SIMPLIFICADO-HORIZONTAL-F-TRANSPARENTE-scaled.png","contentUrl":"https:\/\/www.sinchisinchi.com\/wp-content\/uploads\/2026\/01\/3b-Verde-SIMPLIFICADO-HORIZONTAL-F-TRANSPARENTE-scaled.png","width":2560,"height":457,"caption":"SINCHI S.L"},"image":{"@id":"https:\/\/www.sinchisinchi.com\/nl\/#\/schema\/logo\/image\/"},"sameAs":["https:\/\/www.facebook.com\/sinchirape\/","https:\/\/www.instagram.com\/sinchi_rape\/"]}]}},"_links":{"self":[{"href":"https:\/\/www.sinchisinchi.com\/nl\/wp-json\/wp\/v2\/product\/7775","targetHints":{"allow":["GET"]}}],"collection":[{"href":"https:\/\/www.sinchisinchi.com\/nl\/wp-json\/wp\/v2\/product"}],"about":[{"href":"https:\/\/www.sinchisinchi.com\/nl\/wp-json\/wp\/v2\/types\/product"}],"wp:featuredmedia":[{"embeddable":true,"href":"https:\/\/www.sinchisinchi.com\/nl\/wp-json\/wp\/v2\/media\/12334"}],"wp:attachment":[{"href":"https:\/\/www.sinchisinchi.com\/nl\/wp-json\/wp\/v2\/media?parent=7775"}],"wp:term":[{"taxonomy":"product_brand","embeddable":true,"href":"https:\/\/www.sinchisinchi.com\/nl\/wp-json\/wp\/v2\/product_brand?post=7775"},{"taxonomy":"product_cat","embeddable":true,"href":"https:\/\/www.sinchisinchi.com\/nl\/wp-json\/wp\/v2\/product_cat?post=7775"},{"taxonomy":"product_tag","embeddable":true,"href":"https:\/\/www.sinchisinchi.com\/nl\/wp-json\/wp\/v2\/product_tag?post=7775"}],"curies":[{"name":"wp","href":"https:\/\/api.w.org\/{rel}","templated":true}]}}