{"id":7777,"date":"2019-03-15T02:55:43","date_gmt":"2019-03-15T02:55:43","guid":{"rendered":"https:\/\/www.sinchisinchi.com\/producto\/rape-kuripe-aplicador\/"},"modified":"2025-11-08T01:25:43","modified_gmt":"2025-11-08T01:25:43","slug":"rape-kuripe-applicator","status":"publish","type":"product","link":"https:\/\/www.sinchisinchi.com\/nl\/producto\/rape-kuripe-applicator\/","title":{"rendered":"Teakhout Kurip\u00e9"},"content":{"rendered":"<h2 style=\"text-align: center;\"><strong>Rap\u00e9 Applicator: Hoe de Kurip\u00e9 te gebruiken<\/strong><\/h2>\n<p>Om het voorouderlijke medicijn van snuiftabak te ontvangen, moet men ontvankelijk en in innerlijke stilte zijn; We zullen proberen het op een geschikte plaats te brengen, er tijd en ruimte aan te besteden, het te scheiden van recreatieve activiteiten en ons altijd te concentreren op een gebed of lichtgevende intentie.<\/p>\n<p>De rap\u00e9 wordt geprojecteerd door te blazen met een kurip\u00e9 of tepi (er wordt nooit aan gesnoven of ingeademd); het effect van de snuif hangt voor een groot deel af van de ademhaling en het gebed of de intentie.<\/p>\n","protected":false},"excerpt":{"rendered":"<p>De Kurip\u00e9 is vervaardigd uit \u00e9\u00e9n stuk teakhout, met een verfijnde afwerking en ideale afmetingen en hoeken voor een harmonieuze uitlijning, wat zorgt voor comfortabel en vloeiend gebruik.<\/p>\n<p>De Kurip\u00e9 is een heilig instrument, een object van kracht dat verbinding mogelijk maakt met de geest van Rap\u00e9.<\/p>\n","protected":false},"featured_media":28925,"template":"","meta":{"_joinchat":[]},"product_brand":[],"product_cat":[178,177],"product_tag":[],"class_list":{"0":"post-7777","1":"product","2":"type-product","3":"status-publish","4":"has-post-thumbnail","6":"product_cat-proyectores-nl","7":"product_cat-sin-categoria-nl","9":"first","10":"instock","11":"taxable","12":"shipping-taxable","13":"purchasable","14":"product-type-simple"},"yoast_head":"<!-- This site is optimized with the Yoast SEO plugin v27.4 - https:\/\/yoast.com\/product\/yoast-seo-wordpress\/ -->\n<title>Teakhout Kurip\u00e9 - SINCHI RAP\u00c9<\/title>\n<meta name=\"description\" content=\"Kurip\u00e9 van ge\u00ebmailleerd bamboe. De Kurip\u00e9 is een heilig instrument, een krachtobject dat ons in staat stelt ons te verbinden met de geest van Rap\u00e9.\" \/>\n<meta name=\"robots\" content=\"index, follow, max-snippet:-1, max-image-preview:large, max-video-preview:-1\" \/>\n<link rel=\"canonical\" href=\"https:\/\/www.sinchisinchi.com\/nl\/producto\/rape-kuripe-applicator\/\" \/>\n<meta property=\"og:locale\" content=\"nl_NL\" \/>\n<meta property=\"og:type\" content=\"article\" \/>\n<meta property=\"og:title\" content=\"Teakhout Kurip\u00e9 - SINCHI RAP\u00c9\" \/>\n<meta property=\"og:description\" content=\"Kurip\u00e9 van ge\u00ebmailleerd bamboe. De Kurip\u00e9 is een heilig instrument, een krachtobject dat ons in staat stelt ons te verbinden met de geest van Rap\u00e9.\" \/>\n<meta property=\"og:url\" content=\"https:\/\/www.sinchisinchi.com\/nl\/producto\/rape-kuripe-applicator\/\" \/>\n<meta property=\"og:site_name\" content=\"SINCHI RAP\u00c9\" \/>\n<meta property=\"article:publisher\" content=\"https:\/\/www.facebook.com\/sinchirape\/\" \/>\n<meta property=\"article:modified_time\" content=\"2025-11-08T01:25:43+00:00\" \/>\n<meta property=\"og:image\" content=\"https:\/\/www.sinchisinchi.com\/wp-content\/uploads\/2019\/03\/Kuripe-Teca-2.jpg\" \/>\n\t<meta property=\"og:image:width\" content=\"650\" \/>\n\t<meta property=\"og:image:height\" content=\"550\" \/>\n\t<meta property=\"og:image:type\" content=\"image\/jpeg\" \/>\n<meta name=\"twitter:card\" content=\"summary_large_image\" \/>\n<script type=\"application\/ld+json\" class=\"yoast-schema-graph\">{\"@context\":\"https:\\\/\\\/schema.org\",\"@graph\":[{\"@type\":\"WebPage\",\"@id\":\"https:\\\/\\\/www.sinchisinchi.com\\\/nl\\\/producto\\\/rape-kuripe-applicator\\\/\",\"url\":\"https:\\\/\\\/www.sinchisinchi.com\\\/nl\\\/producto\\\/rape-kuripe-applicator\\\/\",\"name\":\"Teakhout Kurip\u00e9 - SINCHI RAP\u00c9\",\"isPartOf\":{\"@id\":\"https:\\\/\\\/www.sinchisinchi.com\\\/nl\\\/#website\"},\"primaryImageOfPage\":{\"@id\":\"https:\\\/\\\/www.sinchisinchi.com\\\/nl\\\/producto\\\/rape-kuripe-applicator\\\/#primaryimage\"},\"image\":{\"@id\":\"https:\\\/\\\/www.sinchisinchi.com\\\/nl\\\/producto\\\/rape-kuripe-applicator\\\/#primaryimage\"},\"thumbnailUrl\":\"https:\\\/\\\/www.sinchisinchi.com\\\/wp-content\\\/uploads\\\/2019\\\/03\\\/Kuripe-Teca-2.jpg\",\"datePublished\":\"2019-03-15T02:55:43+00:00\",\"dateModified\":\"2025-11-08T01:25:43+00:00\",\"description\":\"Kurip\u00e9 van ge\u00ebmailleerd bamboe. De Kurip\u00e9 is een heilig instrument, een krachtobject dat ons in staat stelt ons te verbinden met de geest van Rap\u00e9.\",\"breadcrumb\":{\"@id\":\"https:\\\/\\\/www.sinchisinchi.com\\\/nl\\\/producto\\\/rape-kuripe-applicator\\\/#breadcrumb\"},\"inLanguage\":\"nl-NL\",\"potentialAction\":[{\"@type\":\"ReadAction\",\"target\":[\"https:\\\/\\\/www.sinchisinchi.com\\\/nl\\\/producto\\\/rape-kuripe-applicator\\\/\"]}]},{\"@type\":\"ImageObject\",\"inLanguage\":\"nl-NL\",\"@id\":\"https:\\\/\\\/www.sinchisinchi.com\\\/nl\\\/producto\\\/rape-kuripe-applicator\\\/#primaryimage\",\"url\":\"https:\\\/\\\/www.sinchisinchi.com\\\/wp-content\\\/uploads\\\/2019\\\/03\\\/Kuripe-Teca-2.jpg\",\"contentUrl\":\"https:\\\/\\\/www.sinchisinchi.com\\\/wp-content\\\/uploads\\\/2019\\\/03\\\/Kuripe-Teca-2.jpg\",\"width\":650,\"height\":550},{\"@type\":\"BreadcrumbList\",\"@id\":\"https:\\\/\\\/www.sinchisinchi.com\\\/nl\\\/producto\\\/rape-kuripe-applicator\\\/#breadcrumb\",\"itemListElement\":[{\"@type\":\"ListItem\",\"position\":1,\"name\":\"Voorpagina\",\"item\":\"https:\\\/\\\/www.sinchisinchi.com\\\/nl\\\/\"},{\"@type\":\"ListItem\",\"position\":2,\"name\":\"Producten\",\"item\":\"https:\\\/\\\/www.sinchisinchi.com\\\/nl\\\/shop\\\/\"},{\"@type\":\"ListItem\",\"position\":3,\"name\":\"Teakhout Kurip\u00e9\"}]},{\"@type\":\"WebSite\",\"@id\":\"https:\\\/\\\/www.sinchisinchi.com\\\/nl\\\/#website\",\"url\":\"https:\\\/\\\/www.sinchisinchi.com\\\/nl\\\/\",\"name\":\"SINCHI\",\"description\":\"Sinchi Medicine\",\"publisher\":{\"@id\":\"https:\\\/\\\/www.sinchisinchi.com\\\/nl\\\/#organization\"},\"potentialAction\":[{\"@type\":\"SearchAction\",\"target\":{\"@type\":\"EntryPoint\",\"urlTemplate\":\"https:\\\/\\\/www.sinchisinchi.com\\\/nl\\\/?s={search_term_string}\"},\"query-input\":{\"@type\":\"PropertyValueSpecification\",\"valueRequired\":true,\"valueName\":\"search_term_string\"}}],\"inLanguage\":\"nl-NL\"},{\"@type\":\"Organization\",\"@id\":\"https:\\\/\\\/www.sinchisinchi.com\\\/nl\\\/#organization\",\"name\":\"SINCHI S.L\",\"url\":\"https:\\\/\\\/www.sinchisinchi.com\\\/nl\\\/\",\"logo\":{\"@type\":\"ImageObject\",\"inLanguage\":\"nl-NL\",\"@id\":\"https:\\\/\\\/www.sinchisinchi.com\\\/nl\\\/#\\\/schema\\\/logo\\\/image\\\/\",\"url\":\"https:\\\/\\\/www.sinchisinchi.com\\\/wp-content\\\/uploads\\\/2026\\\/01\\\/3b-Verde-SIMPLIFICADO-HORIZONTAL-F-TRANSPARENTE-scaled.png\",\"contentUrl\":\"https:\\\/\\\/www.sinchisinchi.com\\\/wp-content\\\/uploads\\\/2026\\\/01\\\/3b-Verde-SIMPLIFICADO-HORIZONTAL-F-TRANSPARENTE-scaled.png\",\"width\":2560,\"height\":457,\"caption\":\"SINCHI S.L\"},\"image\":{\"@id\":\"https:\\\/\\\/www.sinchisinchi.com\\\/nl\\\/#\\\/schema\\\/logo\\\/image\\\/\"},\"sameAs\":[\"https:\\\/\\\/www.facebook.com\\\/sinchirape\\\/\",\"https:\\\/\\\/www.instagram.com\\\/sinchi_rape\\\/\"]}]}<\/script>\n<!-- \/ Yoast SEO plugin. -->","yoast_head_json":{"title":"Teakhout Kurip\u00e9 - SINCHI RAP\u00c9","description":"Kurip\u00e9 van ge\u00ebmailleerd bamboe. De Kurip\u00e9 is een heilig instrument, een krachtobject dat ons in staat stelt ons te verbinden met de geest van Rap\u00e9.","robots":{"index":"index","follow":"follow","max-snippet":"max-snippet:-1","max-image-preview":"max-image-preview:large","max-video-preview":"max-video-preview:-1"},"canonical":"https:\/\/www.sinchisinchi.com\/nl\/producto\/rape-kuripe-applicator\/","og_locale":"nl_NL","og_type":"article","og_title":"Teakhout Kurip\u00e9 - SINCHI RAP\u00c9","og_description":"Kurip\u00e9 van ge\u00ebmailleerd bamboe. De Kurip\u00e9 is een heilig instrument, een krachtobject dat ons in staat stelt ons te verbinden met de geest van Rap\u00e9.","og_url":"https:\/\/www.sinchisinchi.com\/nl\/producto\/rape-kuripe-applicator\/","og_site_name":"SINCHI RAP\u00c9","article_publisher":"https:\/\/www.facebook.com\/sinchirape\/","article_modified_time":"2025-11-08T01:25:43+00:00","og_image":[{"width":650,"height":550,"url":"https:\/\/www.sinchisinchi.com\/wp-content\/uploads\/2019\/03\/Kuripe-Teca-2.jpg","type":"image\/jpeg"}],"twitter_card":"summary_large_image","schema":{"@context":"https:\/\/schema.org","@graph":[{"@type":"WebPage","@id":"https:\/\/www.sinchisinchi.com\/nl\/producto\/rape-kuripe-applicator\/","url":"https:\/\/www.sinchisinchi.com\/nl\/producto\/rape-kuripe-applicator\/","name":"Teakhout Kurip\u00e9 - SINCHI RAP\u00c9","isPartOf":{"@id":"https:\/\/www.sinchisinchi.com\/nl\/#website"},"primaryImageOfPage":{"@id":"https:\/\/www.sinchisinchi.com\/nl\/producto\/rape-kuripe-applicator\/#primaryimage"},"image":{"@id":"https:\/\/www.sinchisinchi.com\/nl\/producto\/rape-kuripe-applicator\/#primaryimage"},"thumbnailUrl":"https:\/\/www.sinchisinchi.com\/wp-content\/uploads\/2019\/03\/Kuripe-Teca-2.jpg","datePublished":"2019-03-15T02:55:43+00:00","dateModified":"2025-11-08T01:25:43+00:00","description":"Kurip\u00e9 van ge\u00ebmailleerd bamboe. De Kurip\u00e9 is een heilig instrument, een krachtobject dat ons in staat stelt ons te verbinden met de geest van Rap\u00e9.","breadcrumb":{"@id":"https:\/\/www.sinchisinchi.com\/nl\/producto\/rape-kuripe-applicator\/#breadcrumb"},"inLanguage":"nl-NL","potentialAction":[{"@type":"ReadAction","target":["https:\/\/www.sinchisinchi.com\/nl\/producto\/rape-kuripe-applicator\/"]}]},{"@type":"ImageObject","inLanguage":"nl-NL","@id":"https:\/\/www.sinchisinchi.com\/nl\/producto\/rape-kuripe-applicator\/#primaryimage","url":"https:\/\/www.sinchisinchi.com\/wp-content\/uploads\/2019\/03\/Kuripe-Teca-2.jpg","contentUrl":"https:\/\/www.sinchisinchi.com\/wp-content\/uploads\/2019\/03\/Kuripe-Teca-2.jpg","width":650,"height":550},{"@type":"BreadcrumbList","@id":"https:\/\/www.sinchisinchi.com\/nl\/producto\/rape-kuripe-applicator\/#breadcrumb","itemListElement":[{"@type":"ListItem","position":1,"name":"Voorpagina","item":"https:\/\/www.sinchisinchi.com\/nl\/"},{"@type":"ListItem","position":2,"name":"Producten","item":"https:\/\/www.sinchisinchi.com\/nl\/shop\/"},{"@type":"ListItem","position":3,"name":"Teakhout Kurip\u00e9"}]},{"@type":"WebSite","@id":"https:\/\/www.sinchisinchi.com\/nl\/#website","url":"https:\/\/www.sinchisinchi.com\/nl\/","name":"SINCHI","description":"Sinchi Medicine","publisher":{"@id":"https:\/\/www.sinchisinchi.com\/nl\/#organization"},"potentialAction":[{"@type":"SearchAction","target":{"@type":"EntryPoint","urlTemplate":"https:\/\/www.sinchisinchi.com\/nl\/?s={search_term_string}"},"query-input":{"@type":"PropertyValueSpecification","valueRequired":true,"valueName":"search_term_string"}}],"inLanguage":"nl-NL"},{"@type":"Organization","@id":"https:\/\/www.sinchisinchi.com\/nl\/#organization","name":"SINCHI S.L","url":"https:\/\/www.sinchisinchi.com\/nl\/","logo":{"@type":"ImageObject","inLanguage":"nl-NL","@id":"https:\/\/www.sinchisinchi.com\/nl\/#\/schema\/logo\/image\/","url":"https:\/\/www.sinchisinchi.com\/wp-content\/uploads\/2026\/01\/3b-Verde-SIMPLIFICADO-HORIZONTAL-F-TRANSPARENTE-scaled.png","contentUrl":"https:\/\/www.sinchisinchi.com\/wp-content\/uploads\/2026\/01\/3b-Verde-SIMPLIFICADO-HORIZONTAL-F-TRANSPARENTE-scaled.png","width":2560,"height":457,"caption":"SINCHI S.L"},"image":{"@id":"https:\/\/www.sinchisinchi.com\/nl\/#\/schema\/logo\/image\/"},"sameAs":["https:\/\/www.facebook.com\/sinchirape\/","https:\/\/www.instagram.com\/sinchi_rape\/"]}]}},"_links":{"self":[{"href":"https:\/\/www.sinchisinchi.com\/nl\/wp-json\/wp\/v2\/product\/7777","targetHints":{"allow":["GET"]}}],"collection":[{"href":"https:\/\/www.sinchisinchi.com\/nl\/wp-json\/wp\/v2\/product"}],"about":[{"href":"https:\/\/www.sinchisinchi.com\/nl\/wp-json\/wp\/v2\/types\/product"}],"wp:featuredmedia":[{"embeddable":true,"href":"https:\/\/www.sinchisinchi.com\/nl\/wp-json\/wp\/v2\/media\/28925"}],"wp:attachment":[{"href":"https:\/\/www.sinchisinchi.com\/nl\/wp-json\/wp\/v2\/media?parent=7777"}],"wp:term":[{"taxonomy":"product_brand","embeddable":true,"href":"https:\/\/www.sinchisinchi.com\/nl\/wp-json\/wp\/v2\/product_brand?post=7777"},{"taxonomy":"product_cat","embeddable":true,"href":"https:\/\/www.sinchisinchi.com\/nl\/wp-json\/wp\/v2\/product_cat?post=7777"},{"taxonomy":"product_tag","embeddable":true,"href":"https:\/\/www.sinchisinchi.com\/nl\/wp-json\/wp\/v2\/product_tag?post=7777"}],"curies":[{"name":"wp","href":"https:\/\/api.w.org\/{rel}","templated":true}]}}