{"id":7780,"date":"2018-11-21T23:03:51","date_gmt":"2018-11-21T23:03:51","guid":{"rendered":"https:\/\/www.sinchisinchi.com\/producto\/kuripe-azul\/"},"modified":"2025-02-25T09:46:11","modified_gmt":"2025-02-25T09:46:11","slug":"kuripe-azul","status":"publish","type":"product","link":"https:\/\/www.sinchisinchi.com\/nl\/producto\/kuripe-azul\/","title":{"rendered":"Blauwe kuripe"},"content":{"rendered":"<h2 style=\"text-align: center;\"><span style=\"color: #000000;\"><strong>Hoe rap\u00e9 te consumeren volgens de tradities<\/strong><\/span><\/h2>\n<p><span style=\"color: #000000;\">Om een \u200b\u200bevenwichtig gebruik van rap\u00e9 te maken, vooral als we net beginnen, is het erg positief om het in een schone en afgelegen ruimte te doen.Als we een tafel hebben, is het beter als deze vrij is van onnodige voorwerpen en stof; Je kunt een klein altaar hebben met natuurlijke of krachtvoorwerpen.<\/span><\/p>\n<p><span style=\"color: #000000;\">Ook is het handig om wierook of wierook te gebruiken; de terpenen die ze bevatten zijn magische moleculen die helpen verbinden en reinigen en energetisch beschermen.<\/span><\/p>\n<p><span style=\"color: #000000;\">Op dezelfde manier is het erg nuttig om geschikte muziek te hebben, zoals medicijnmuziek, mantra&#8217;s of andere die spirituele verbinding bevorderen.<\/span><\/p>\n","protected":false},"excerpt":{"rendered":"<p><span style=\"color: #000000;\">Kurip\u00e9 ge\u00ebmailleerd en versierd met blauwe draad. Het heeft fijne afwerkingen en ideale afmetingen en hoeken voor een harmonieuze uitlijning, wat comfortabel en vloeiend fotograferen mogelijk maakt.<\/span><\/p>\n<p><span style=\"color: #000000;\">De Kurip\u00e9 is een heilig instrument, een krachtobject dat het mogelijk maakt om verbinding te maken met de geest van Rap\u00e9.<\/span>\u00a0<\/p>\n","protected":false},"featured_media":7991,"template":"","meta":{"_joinchat":[]},"product_brand":[],"product_cat":[177],"product_tag":[],"class_list":{"0":"post-7780","1":"product","2":"type-product","3":"status-publish","4":"has-post-thumbnail","6":"product_cat-sin-categoria-nl","8":"first","9":"outofstock","10":"taxable","11":"shipping-taxable","12":"purchasable","13":"product-type-simple"},"yoast_head":"<!-- This site is optimized with the Yoast SEO plugin v27.4 - https:\/\/yoast.com\/product\/yoast-seo-wordpress\/ -->\n<title>Kurip\u00e9 Blauw: Zelfapplicator voor sjamanistische rap\u00e9 uit de Amazone<\/title>\n<meta name=\"description\" content=\"Kurip\u00e9 ge\u00ebmailleerd en versierd met blauwe draad. De Kurip\u00e9 is een heilig instrument, een krachtobject dat het mogelijk maakt om verbinding te maken met de geest van de Rap\u00e9.\" \/>\n<meta name=\"robots\" content=\"index, follow, max-snippet:-1, max-image-preview:large, max-video-preview:-1\" \/>\n<link rel=\"canonical\" href=\"https:\/\/www.sinchisinchi.com\/nl\/producto\/kuripe-azul\/\" \/>\n<meta property=\"og:locale\" content=\"nl_NL\" \/>\n<meta property=\"og:type\" content=\"article\" \/>\n<meta property=\"og:title\" content=\"Kurip\u00e9 Blauw: Zelfapplicator voor sjamanistische rap\u00e9 uit de Amazone\" \/>\n<meta property=\"og:description\" content=\"Kurip\u00e9 ge\u00ebmailleerd en versierd met blauwe draad. De Kurip\u00e9 is een heilig instrument, een krachtobject dat het mogelijk maakt om verbinding te maken met de geest van de Rap\u00e9.\" \/>\n<meta property=\"og:url\" content=\"https:\/\/www.sinchisinchi.com\/nl\/producto\/kuripe-azul\/\" \/>\n<meta property=\"og:site_name\" content=\"SINCHI RAP\u00c9\" \/>\n<meta property=\"article:publisher\" content=\"https:\/\/www.facebook.com\/sinchirape\/\" \/>\n<meta property=\"article:modified_time\" content=\"2025-02-25T09:46:11+00:00\" \/>\n<meta property=\"og:image\" content=\"https:\/\/www.sinchisinchi.com\/wp-content\/uploads\/2018\/11\/LR-01-02.jpg\" \/>\n\t<meta property=\"og:image:width\" content=\"1800\" \/>\n\t<meta property=\"og:image:height\" content=\"1800\" \/>\n\t<meta property=\"og:image:type\" content=\"image\/jpeg\" \/>\n<meta name=\"twitter:card\" content=\"summary_large_image\" \/>\n<meta name=\"twitter:label1\" content=\"Geschatte leestijd\" \/>\n\t<meta name=\"twitter:data1\" content=\"1 minuut\" \/>\n<script type=\"application\/ld+json\" class=\"yoast-schema-graph\">{\"@context\":\"https:\\\/\\\/schema.org\",\"@graph\":[{\"@type\":\"WebPage\",\"@id\":\"https:\\\/\\\/www.sinchisinchi.com\\\/nl\\\/producto\\\/kuripe-azul\\\/\",\"url\":\"https:\\\/\\\/www.sinchisinchi.com\\\/nl\\\/producto\\\/kuripe-azul\\\/\",\"name\":\"Kurip\u00e9 Blauw: Zelfapplicator voor sjamanistische rap\u00e9 uit de Amazone\",\"isPartOf\":{\"@id\":\"https:\\\/\\\/www.sinchisinchi.com\\\/nl\\\/#website\"},\"primaryImageOfPage\":{\"@id\":\"https:\\\/\\\/www.sinchisinchi.com\\\/nl\\\/producto\\\/kuripe-azul\\\/#primaryimage\"},\"image\":{\"@id\":\"https:\\\/\\\/www.sinchisinchi.com\\\/nl\\\/producto\\\/kuripe-azul\\\/#primaryimage\"},\"thumbnailUrl\":\"https:\\\/\\\/www.sinchisinchi.com\\\/wp-content\\\/uploads\\\/2018\\\/11\\\/LR-01-02.jpg\",\"datePublished\":\"2018-11-21T23:03:51+00:00\",\"dateModified\":\"2025-02-25T09:46:11+00:00\",\"description\":\"Kurip\u00e9 ge\u00ebmailleerd en versierd met blauwe draad. De Kurip\u00e9 is een heilig instrument, een krachtobject dat het mogelijk maakt om verbinding te maken met de geest van de Rap\u00e9.\",\"breadcrumb\":{\"@id\":\"https:\\\/\\\/www.sinchisinchi.com\\\/nl\\\/producto\\\/kuripe-azul\\\/#breadcrumb\"},\"inLanguage\":\"nl-NL\",\"potentialAction\":[{\"@type\":\"ReadAction\",\"target\":[\"https:\\\/\\\/www.sinchisinchi.com\\\/nl\\\/producto\\\/kuripe-azul\\\/\"]}]},{\"@type\":\"ImageObject\",\"inLanguage\":\"nl-NL\",\"@id\":\"https:\\\/\\\/www.sinchisinchi.com\\\/nl\\\/producto\\\/kuripe-azul\\\/#primaryimage\",\"url\":\"https:\\\/\\\/www.sinchisinchi.com\\\/wp-content\\\/uploads\\\/2018\\\/11\\\/LR-01-02.jpg\",\"contentUrl\":\"https:\\\/\\\/www.sinchisinchi.com\\\/wp-content\\\/uploads\\\/2018\\\/11\\\/LR-01-02.jpg\",\"width\":1800,\"height\":1800},{\"@type\":\"BreadcrumbList\",\"@id\":\"https:\\\/\\\/www.sinchisinchi.com\\\/nl\\\/producto\\\/kuripe-azul\\\/#breadcrumb\",\"itemListElement\":[{\"@type\":\"ListItem\",\"position\":1,\"name\":\"Voorpagina\",\"item\":\"https:\\\/\\\/www.sinchisinchi.com\\\/nl\\\/\"},{\"@type\":\"ListItem\",\"position\":2,\"name\":\"Producten\",\"item\":\"https:\\\/\\\/www.sinchisinchi.com\\\/nl\\\/shop\\\/\"},{\"@type\":\"ListItem\",\"position\":3,\"name\":\"Blauwe kuripe\"}]},{\"@type\":\"WebSite\",\"@id\":\"https:\\\/\\\/www.sinchisinchi.com\\\/nl\\\/#website\",\"url\":\"https:\\\/\\\/www.sinchisinchi.com\\\/nl\\\/\",\"name\":\"SINCHI\",\"description\":\"Sinchi Medicine\",\"publisher\":{\"@id\":\"https:\\\/\\\/www.sinchisinchi.com\\\/nl\\\/#organization\"},\"potentialAction\":[{\"@type\":\"SearchAction\",\"target\":{\"@type\":\"EntryPoint\",\"urlTemplate\":\"https:\\\/\\\/www.sinchisinchi.com\\\/nl\\\/?s={search_term_string}\"},\"query-input\":{\"@type\":\"PropertyValueSpecification\",\"valueRequired\":true,\"valueName\":\"search_term_string\"}}],\"inLanguage\":\"nl-NL\"},{\"@type\":\"Organization\",\"@id\":\"https:\\\/\\\/www.sinchisinchi.com\\\/nl\\\/#organization\",\"name\":\"SINCHI S.L\",\"url\":\"https:\\\/\\\/www.sinchisinchi.com\\\/nl\\\/\",\"logo\":{\"@type\":\"ImageObject\",\"inLanguage\":\"nl-NL\",\"@id\":\"https:\\\/\\\/www.sinchisinchi.com\\\/nl\\\/#\\\/schema\\\/logo\\\/image\\\/\",\"url\":\"https:\\\/\\\/www.sinchisinchi.com\\\/wp-content\\\/uploads\\\/2026\\\/01\\\/3b-Verde-SIMPLIFICADO-HORIZONTAL-F-TRANSPARENTE-scaled.png\",\"contentUrl\":\"https:\\\/\\\/www.sinchisinchi.com\\\/wp-content\\\/uploads\\\/2026\\\/01\\\/3b-Verde-SIMPLIFICADO-HORIZONTAL-F-TRANSPARENTE-scaled.png\",\"width\":2560,\"height\":457,\"caption\":\"SINCHI S.L\"},\"image\":{\"@id\":\"https:\\\/\\\/www.sinchisinchi.com\\\/nl\\\/#\\\/schema\\\/logo\\\/image\\\/\"},\"sameAs\":[\"https:\\\/\\\/www.facebook.com\\\/sinchirape\\\/\",\"https:\\\/\\\/www.instagram.com\\\/sinchi_rape\\\/\"]}]}<\/script>\n<!-- \/ Yoast SEO plugin. -->","yoast_head_json":{"title":"Kurip\u00e9 Blauw: Zelfapplicator voor sjamanistische rap\u00e9 uit de Amazone","description":"Kurip\u00e9 ge\u00ebmailleerd en versierd met blauwe draad. De Kurip\u00e9 is een heilig instrument, een krachtobject dat het mogelijk maakt om verbinding te maken met de geest van de Rap\u00e9.","robots":{"index":"index","follow":"follow","max-snippet":"max-snippet:-1","max-image-preview":"max-image-preview:large","max-video-preview":"max-video-preview:-1"},"canonical":"https:\/\/www.sinchisinchi.com\/nl\/producto\/kuripe-azul\/","og_locale":"nl_NL","og_type":"article","og_title":"Kurip\u00e9 Blauw: Zelfapplicator voor sjamanistische rap\u00e9 uit de Amazone","og_description":"Kurip\u00e9 ge\u00ebmailleerd en versierd met blauwe draad. De Kurip\u00e9 is een heilig instrument, een krachtobject dat het mogelijk maakt om verbinding te maken met de geest van de Rap\u00e9.","og_url":"https:\/\/www.sinchisinchi.com\/nl\/producto\/kuripe-azul\/","og_site_name":"SINCHI RAP\u00c9","article_publisher":"https:\/\/www.facebook.com\/sinchirape\/","article_modified_time":"2025-02-25T09:46:11+00:00","og_image":[{"width":1800,"height":1800,"url":"https:\/\/www.sinchisinchi.com\/wp-content\/uploads\/2018\/11\/LR-01-02.jpg","type":"image\/jpeg"}],"twitter_card":"summary_large_image","twitter_misc":{"Geschatte leestijd":"1 minuut"},"schema":{"@context":"https:\/\/schema.org","@graph":[{"@type":"WebPage","@id":"https:\/\/www.sinchisinchi.com\/nl\/producto\/kuripe-azul\/","url":"https:\/\/www.sinchisinchi.com\/nl\/producto\/kuripe-azul\/","name":"Kurip\u00e9 Blauw: Zelfapplicator voor sjamanistische rap\u00e9 uit de Amazone","isPartOf":{"@id":"https:\/\/www.sinchisinchi.com\/nl\/#website"},"primaryImageOfPage":{"@id":"https:\/\/www.sinchisinchi.com\/nl\/producto\/kuripe-azul\/#primaryimage"},"image":{"@id":"https:\/\/www.sinchisinchi.com\/nl\/producto\/kuripe-azul\/#primaryimage"},"thumbnailUrl":"https:\/\/www.sinchisinchi.com\/wp-content\/uploads\/2018\/11\/LR-01-02.jpg","datePublished":"2018-11-21T23:03:51+00:00","dateModified":"2025-02-25T09:46:11+00:00","description":"Kurip\u00e9 ge\u00ebmailleerd en versierd met blauwe draad. De Kurip\u00e9 is een heilig instrument, een krachtobject dat het mogelijk maakt om verbinding te maken met de geest van de Rap\u00e9.","breadcrumb":{"@id":"https:\/\/www.sinchisinchi.com\/nl\/producto\/kuripe-azul\/#breadcrumb"},"inLanguage":"nl-NL","potentialAction":[{"@type":"ReadAction","target":["https:\/\/www.sinchisinchi.com\/nl\/producto\/kuripe-azul\/"]}]},{"@type":"ImageObject","inLanguage":"nl-NL","@id":"https:\/\/www.sinchisinchi.com\/nl\/producto\/kuripe-azul\/#primaryimage","url":"https:\/\/www.sinchisinchi.com\/wp-content\/uploads\/2018\/11\/LR-01-02.jpg","contentUrl":"https:\/\/www.sinchisinchi.com\/wp-content\/uploads\/2018\/11\/LR-01-02.jpg","width":1800,"height":1800},{"@type":"BreadcrumbList","@id":"https:\/\/www.sinchisinchi.com\/nl\/producto\/kuripe-azul\/#breadcrumb","itemListElement":[{"@type":"ListItem","position":1,"name":"Voorpagina","item":"https:\/\/www.sinchisinchi.com\/nl\/"},{"@type":"ListItem","position":2,"name":"Producten","item":"https:\/\/www.sinchisinchi.com\/nl\/shop\/"},{"@type":"ListItem","position":3,"name":"Blauwe kuripe"}]},{"@type":"WebSite","@id":"https:\/\/www.sinchisinchi.com\/nl\/#website","url":"https:\/\/www.sinchisinchi.com\/nl\/","name":"SINCHI","description":"Sinchi Medicine","publisher":{"@id":"https:\/\/www.sinchisinchi.com\/nl\/#organization"},"potentialAction":[{"@type":"SearchAction","target":{"@type":"EntryPoint","urlTemplate":"https:\/\/www.sinchisinchi.com\/nl\/?s={search_term_string}"},"query-input":{"@type":"PropertyValueSpecification","valueRequired":true,"valueName":"search_term_string"}}],"inLanguage":"nl-NL"},{"@type":"Organization","@id":"https:\/\/www.sinchisinchi.com\/nl\/#organization","name":"SINCHI S.L","url":"https:\/\/www.sinchisinchi.com\/nl\/","logo":{"@type":"ImageObject","inLanguage":"nl-NL","@id":"https:\/\/www.sinchisinchi.com\/nl\/#\/schema\/logo\/image\/","url":"https:\/\/www.sinchisinchi.com\/wp-content\/uploads\/2026\/01\/3b-Verde-SIMPLIFICADO-HORIZONTAL-F-TRANSPARENTE-scaled.png","contentUrl":"https:\/\/www.sinchisinchi.com\/wp-content\/uploads\/2026\/01\/3b-Verde-SIMPLIFICADO-HORIZONTAL-F-TRANSPARENTE-scaled.png","width":2560,"height":457,"caption":"SINCHI S.L"},"image":{"@id":"https:\/\/www.sinchisinchi.com\/nl\/#\/schema\/logo\/image\/"},"sameAs":["https:\/\/www.facebook.com\/sinchirape\/","https:\/\/www.instagram.com\/sinchi_rape\/"]}]}},"_links":{"self":[{"href":"https:\/\/www.sinchisinchi.com\/nl\/wp-json\/wp\/v2\/product\/7780","targetHints":{"allow":["GET"]}}],"collection":[{"href":"https:\/\/www.sinchisinchi.com\/nl\/wp-json\/wp\/v2\/product"}],"about":[{"href":"https:\/\/www.sinchisinchi.com\/nl\/wp-json\/wp\/v2\/types\/product"}],"wp:featuredmedia":[{"embeddable":true,"href":"https:\/\/www.sinchisinchi.com\/nl\/wp-json\/wp\/v2\/media\/7991"}],"wp:attachment":[{"href":"https:\/\/www.sinchisinchi.com\/nl\/wp-json\/wp\/v2\/media?parent=7780"}],"wp:term":[{"taxonomy":"product_brand","embeddable":true,"href":"https:\/\/www.sinchisinchi.com\/nl\/wp-json\/wp\/v2\/product_brand?post=7780"},{"taxonomy":"product_cat","embeddable":true,"href":"https:\/\/www.sinchisinchi.com\/nl\/wp-json\/wp\/v2\/product_cat?post=7780"},{"taxonomy":"product_tag","embeddable":true,"href":"https:\/\/www.sinchisinchi.com\/nl\/wp-json\/wp\/v2\/product_tag?post=7780"}],"curies":[{"name":"wp","href":"https:\/\/api.w.org\/{rel}","templated":true}]}}