{"id":8184,"date":"2023-12-07T00:08:36","date_gmt":"2023-12-07T00:08:36","guid":{"rendered":"https:\/\/www.sinchisinchi.com\/producto\/grijze-kopal\/"},"modified":"2024-07-05T10:53:29","modified_gmt":"2024-07-05T10:53:29","slug":"grijze-kopal","status":"publish","type":"product","link":"https:\/\/www.sinchisinchi.com\/nl\/producto\/grijze-kopal\/","title":{"rendered":"Grijze Kopal"},"content":{"rendered":"<h2 style=\"text-align: center;\"><span style=\"color: #000000;\">Geschiedenis van Copal<\/span><\/h2>\n<p><span style=\"color: #000000;\">Bij aankomst in Amerika leerden de Spanjaarden over het inheemse gebruik van kopal en ontdekten dat het aroma bijna hetzelfde was als dat van wierook die in Europa voor hetzelfde doel werd gebruikt.<\/span><\/p>\n<p><span style=\"color: #000000;\">Bij deze pre-Spaanse rituelen werd witte kopaalhars zowel fysiek als in de vorm van rook aangeboden wanneer deze als wierook werd verbrand.<\/span><\/p>\n<p><span style=\"color: #000000;\">In pre-Spaanse rituele contexten werd witte kopaalhars zowel fysiek als in de vorm van rook aangeboden door deze te verbranden. Met kopalrook werden de goden ge\u00eberd en werd de band van de mens met de goden versterkt.<\/span><\/p>\n<p><span style=\"color: #000000;\">De priesters rookten de figuren van hun goden meerdere keren per dag met kopal, waarbij ze de rook naar de vier windrichtingen en de zon richtten.<\/span><\/p>\n<p><span style=\"color: #000000;\">Volgens de verhalen van de Spanjaarden bij hun aankomst in Midden-Amerika werd de wierook die wij kennen als kopal door de oude Mexicanen beschouwd als een god met magische en religieuze krachten die hem tot een beschermer maakten. Ze noemden het <strong>iztacteteo<\/strong>, wat &#8216;witte goden&#8217; betekent, vanwege de rook die het produceert als het boven hete sintels wordt verbrand.<\/span><\/p>\n<p><span style=\"color: #000000;\">Volgens dezelfde verhalen gebruikten mensen copal heel vaak, minstens twee keer per dag, \u00e9\u00e9n keer &#8217;s ochtends en \u00e9\u00e9n keer &#8217;s avonds. Het werd gebruikt om offers te brengen aan de goden, om tempels schoon te maken, tijdens begrafenissen en bij ceremonies om goede oogsten te vragen.<\/span><\/p>\n<p><span style=\"color: #000000;\">Copal werd ook gebruikt voor festiviteiten gewijd aan de regengevende goden, om de numens van ma\u00efs en de belangrijkste goden van het Nahua-pantheon te vereren: <strong>Huitzilopochtli, Tezcatlipoca, Xiuhtecuhtli;<\/strong> Er werden rituelen gemaakt met offers en kopal om goede jacht, visserij, winning van hout, harsen en steen uit de bergen, de vestiging van planten in de tuin te bevorderen; om krijgers te eren voor hun militaire overwinningen, enz.<\/span><\/p>\n<p><span style=\"color: #000000;\">En natuurlijk speelde copal een hoofdrol in elke ceremonie of ritueel.<\/span><\/p>\n<p><span style=\"color: #000000;\">In de codices staan \u200b\u200btekeningen waarop goden of priesters zijn afgebeeld die kopal offeren.<\/span><\/p>\n<p>&nbsp;<\/p>\n<h3 style=\"text-align: center;\"><strong><span style=\"color: #000000;\">Copal en de Maya&#8217;s<\/span><\/strong><\/h3>\n<p><span style=\"color: #000000;\">Het gebruik van kopal kwam voor onder de Maya&#8217;s, zoals blijkt uit de kopalballen van de Heilige Cenote van Chich\u00e9n Itz\u00e1.<\/span><\/p>\n<p><span style=\"color: #000000;\">Copal stond bekend als pom onder de Maya&#8217;s. Het werd een voorwerp van commercialisering, omdat er sinds de 16e eeuw op belangrijke wijze om werd gevraagd via inheemse belastingen.<\/span><\/p>\n<p><span style=\"color: #000000;\">De sac\u00e1 en de chahalt\u00e9 werden zowel gebruikt voor wierookbranders als voor de bereiding van rituele dranken, die cacao als hoofdingredi\u00ebnt hadden.<\/span><\/p>\n<p><span style=\"color: #000000;\">Tabak of k&#8217;uts werd vaak gemengd met kopal, een combinatie die langdurig werd gekauwd of tussen de lip en het tandvlees werd geplaatst om de dorst te lessen en de kracht te vergroten.<\/span><\/p>\n<p><span style=\"color: #000000;\">Het heilige vuur diende niet alleen als katalysator voor kopalrook, maar verwarmde ook de rotsen waar de infusies die genezende dampen genereerden, werden gegoten, zoals het geval is bij de temazcals die gewoonlijk worden gebruikt in Meso-Amerika en het Maya-gebied.<\/span><\/p>\n<h3 style=\"text-align: center;\"><strong><span style=\"color: #000000;\">Copal en de Azteken<\/span><\/strong><\/h3>\n<p><span style=\"color: #000000;\">In de pre-Spaanse tijd stond de boom onder de Azteken bekend als <strong>copalqu\u00e1huitl<\/strong>: \u2018kopalboom\u2019, en de hars die eruit werd gewonnen als <strong>copalli:<\/strong> \u2018wierook\u2019. Vanwege het religieuze gebruik stond het bekend als <strong>iztacteteo<\/strong>,&#8221;witte god&#8221;, vanwege de kleur van de rook die het afgaf.<\/span><\/p>\n<p><span style=\"color: #000000;\"><strong>Bernardino de Sahag\u00fan<\/strong> beschrijft in zijn<strong> General History of the Things of New Spain<\/strong> hoe kopalgom ritueel werd gebruikt door de inwoners van de Azteekse hoofdstad, die het verbrandden als offer aan hun goden:<\/span><\/p>\n<p><span style=\"color: #000000;\">\u201cBij het offeren van wierook of kopal gebruikten deze Mexicanen, en alle mensen uit Nieuw-Spanje, een witte kauwgom die zij copalli noemen \u2013 die nu ook veel wordt gebruikt \u2013 om hun goden te wierook. Ze gebruikten geen wierook, hoewel dat in dit land wel voorkomt.<\/span><\/p>\n<p><span style=\"color: #000000;\">De satrapen gebruikten deze wierook of kopal in de tempel en alle andere mensen in hun huizen [\u2026].\u201d<\/span><\/p>\n<p><span style=\"color: #000000;\">Algemene geschiedenis van de dingen van Nieuw-Spanje, Boek II.<\/span><\/p>\n<p><span style=\"color: #000000;\"><strong>&#8220;Copalqu\u00e1huitl&#8221;<\/strong> verwijst naar &#8220;kopalboom&#8221; in het Nahuatl, en hoewel sommige soorten Bursera kopalhars produceren, wordt elke specifieke naam gewoonlijk geassocieerd met een bepaalde soort.<\/span><\/p>\n<h3 style=\"text-align: center;\"><strong><span style=\"color: #000000;\">Tenochtitlan<\/span><\/strong><\/h3>\n<p><span style=\"color: #000000;\">Tenochtitlan was de hoofdstad van de Azteken, die zichzelf \u2018Mexica\u2019 noemden, gesticht in het jaar 1325, om later in 1521 door de Spanjaarden te worden veroverd en vernietigd.<\/span><\/p>\n<p><span style=\"color: #000000;\">Het grootste gevonden monument is de zogenaamde \u201cGrote Tempel van Tenochtitlan\u201d, een piramide bekroond door twee tempels gewijd aan de <strong>goden Tlaloc en Huitzilopochtli<\/strong>, die ongelooflijke afmetingen hadden van 80 meter aan elke kant en 60 meter hoog.<\/span><\/p>\n<p><span style=\"color: #000000;\">Onder de overblijfselen zijn allerlei soorten artefacten en kopalfragmenten gevonden; cilinders, kegels, ballen, piramidevormige of ronde basissen van offermessen, staven, fragmenten en antropomorfe figuren van kopaal, sommige bedekt met stucwerk en andere gemaakt van puur wit kopaal; Op het oppervlak van sommige van deze elementen zijn resten van bladeren en schors van Bursera bipinnata gevonden.<\/span><\/p>\n<p><span style=\"color: #000000;\">(Momenteel verzameld in het Cultureel Assets Warehouse van het TMT Museum).<\/span><\/p>\n<p><span style=\"color: #000000;\">De rituelen voor de goden werden uitgevoerd op de toppen van de bergen<\/span><\/p>\n<p><span style=\"color: #000000;\">kerken, stadstempels, buurten en huisaltaren.<\/span><\/p>\n<p><span style=\"color: #000000;\">Er zijn offers gevonden met kopal in de vorm van kleine tortilla&#8217;s, tamales of ma\u00efskorrels, wat aangeeft dat kopal als voedsel voor de goden werd beschouwd.<\/span><\/p>\n<p><span style=\"color: #000000;\">Bij deze goddelijke festiviteiten werden offers gebracht in de vorm van voedsel, bloemen, copal en ook verschrikkelijke menselijke offers, aangezien de landbouwproductie en het geluk voor succes in militaire gevechten afhankelijk waren van hun goden.<\/span><\/p>\n<p><span style=\"color: #000000;\">Kopal werd ook gebruikt als lijm om inlegsels op maskers te maken en moza\u00efeken van steen, schelpen en andere materialen samen te voegen. Gemengd met pigmenten werd kopal ook gebruikt om verf te maken die werd gebruikt bij de goudsmeedkunst en om muurschilderingen te versieren.<\/span><\/p>\n<p>&nbsp;<\/p>\n","protected":false},"excerpt":{"rendered":"<p><span style=\"color: #000000;\"><strong>Zwarte kopal<\/strong>, ook wel <strong>grijze of stenen kopal genoemd<\/strong>, is een hars die op natuurlijke wijze wordt geproduceerd door bomen van het geslacht<strong> Bursera en Protium<\/strong>. Copal heeft sterke esoterische eigenschappen van bescherming, reiniging, verbinding en genezing.<\/span><\/p>\n<p><span style=\"color: #000000;\">Het is een donkerdere en dichtere hars, met een houtachtig en balsamico aroma, vooral gebruikt om de spirituele bescherming te versterken.<\/span><\/p>\n<p><span style=\"color: #000000;\">Zwarte kopal is erg belangrijk in de Mexicaanse cultuur, en inheemse culturen gebruiken het al eeuwenlang als heilige hars in hun spirituele praktijken.<\/span><\/p>\n<p><span style=\"color: #000000;\">De Maya&#8217;s en Azteken gebruikten het bij allerlei rituelen. In Nahuatl werd deze boom copalqu\u00e1huitl en zijn harscopalli genoemd, terwijl hij in zijn heilige gebruik <strong>iztacteteo<\/strong>, de <strong>\u2018witte god\u2019<\/strong>, werd genoemd.<\/span><\/p>\n<p><span style=\"color: #000000;\"><strong>Gebruiksaanwijzing:<\/strong> Steek een houtskool aan en giet een beetje hars op de kolen. De hars smelt en geeft gedurende enkele minuten zijn geur af aan de lucht.<\/span><\/p>\n","protected":false},"featured_media":15751,"template":"","meta":{"_joinchat":[]},"product_brand":[],"product_cat":[335,195],"product_tag":[],"class_list":{"0":"post-8184","1":"product","2":"type-product","3":"status-publish","4":"has-post-thumbnail","6":"product_cat-kopal","7":"product_cat-resins-nl","9":"first","10":"instock","11":"taxable","12":"shipping-taxable","13":"purchasable","14":"product-type-simple"},"yoast_head":"<!-- This site is optimized with the Yoast SEO plugin v27.1.1 - https:\/\/yoast.com\/product\/yoast-seo-wordpress\/ -->\n<title>Grijze kopal uit Mexico: Sjamanistische Sahumerios-winkel<\/title>\n<meta name=\"description\" content=\"Grijze kopal heeft sterke esoterische eigenschappen van bescherming, reiniging en verbinding. Het wordt door de stammen uit het Amazonegebied als een heilige hars beschouwd.\" \/>\n<meta name=\"robots\" content=\"index, follow, max-snippet:-1, max-image-preview:large, max-video-preview:-1\" \/>\n<link rel=\"canonical\" href=\"https:\/\/www.sinchisinchi.com\/nl\/producto\/grijze-kopal\/\" \/>\n<meta property=\"og:locale\" content=\"nl_NL\" \/>\n<meta property=\"og:type\" content=\"article\" \/>\n<meta property=\"og:title\" content=\"Grijze kopal uit Mexico: Sjamanistische Sahumerios-winkel\" \/>\n<meta property=\"og:description\" content=\"Grijze kopal heeft sterke esoterische eigenschappen van bescherming, reiniging en verbinding. Het wordt door de stammen uit het Amazonegebied als een heilige hars beschouwd.\" \/>\n<meta property=\"og:url\" content=\"https:\/\/www.sinchisinchi.com\/nl\/producto\/grijze-kopal\/\" \/>\n<meta property=\"og:site_name\" content=\"SINCHI RAP\u00c9\" \/>\n<meta property=\"article:publisher\" content=\"https:\/\/www.facebook.com\/sinchirape\/\" \/>\n<meta property=\"article:modified_time\" content=\"2024-07-05T10:53:29+00:00\" \/>\n<meta property=\"og:image\" content=\"https:\/\/www.sinchisinchi.com\/wp-content\/uploads\/2023\/12\/copal-gris.png\" \/>\n\t<meta property=\"og:image:width\" content=\"600\" \/>\n\t<meta property=\"og:image:height\" content=\"600\" \/>\n\t<meta property=\"og:image:type\" content=\"image\/png\" \/>\n<meta name=\"twitter:card\" content=\"summary_large_image\" \/>\n<meta name=\"twitter:label1\" content=\"Geschatte leestijd\" \/>\n\t<meta name=\"twitter:data1\" content=\"5 minuten\" \/>\n<script type=\"application\/ld+json\" class=\"yoast-schema-graph\">{\"@context\":\"https:\/\/schema.org\",\"@graph\":[{\"@type\":\"WebPage\",\"@id\":\"https:\/\/www.sinchisinchi.com\/nl\/producto\/grijze-kopal\/\",\"url\":\"https:\/\/www.sinchisinchi.com\/nl\/producto\/grijze-kopal\/\",\"name\":\"Grijze kopal uit Mexico: Sjamanistische Sahumerios-winkel\",\"isPartOf\":{\"@id\":\"https:\/\/www.sinchisinchi.com\/nl\/#website\"},\"primaryImageOfPage\":{\"@id\":\"https:\/\/www.sinchisinchi.com\/nl\/producto\/grijze-kopal\/#primaryimage\"},\"image\":{\"@id\":\"https:\/\/www.sinchisinchi.com\/nl\/producto\/grijze-kopal\/#primaryimage\"},\"thumbnailUrl\":\"https:\/\/www.sinchisinchi.com\/wp-content\/uploads\/2023\/12\/copal-gris.png\",\"datePublished\":\"2023-12-07T00:08:36+00:00\",\"dateModified\":\"2024-07-05T10:53:29+00:00\",\"description\":\"Grijze kopal heeft sterke esoterische eigenschappen van bescherming, reiniging en verbinding. Het wordt door de stammen uit het Amazonegebied als een heilige hars beschouwd.\",\"breadcrumb\":{\"@id\":\"https:\/\/www.sinchisinchi.com\/nl\/producto\/grijze-kopal\/#breadcrumb\"},\"inLanguage\":\"nl-NL\",\"potentialAction\":[{\"@type\":\"ReadAction\",\"target\":[\"https:\/\/www.sinchisinchi.com\/nl\/producto\/grijze-kopal\/\"]}]},{\"@type\":\"ImageObject\",\"inLanguage\":\"nl-NL\",\"@id\":\"https:\/\/www.sinchisinchi.com\/nl\/producto\/grijze-kopal\/#primaryimage\",\"url\":\"https:\/\/www.sinchisinchi.com\/wp-content\/uploads\/2023\/12\/copal-gris.png\",\"contentUrl\":\"https:\/\/www.sinchisinchi.com\/wp-content\/uploads\/2023\/12\/copal-gris.png\",\"width\":600,\"height\":600},{\"@type\":\"BreadcrumbList\",\"@id\":\"https:\/\/www.sinchisinchi.com\/nl\/producto\/grijze-kopal\/#breadcrumb\",\"itemListElement\":[{\"@type\":\"ListItem\",\"position\":1,\"name\":\"Voorpagina\",\"item\":\"https:\/\/www.sinchisinchi.com\/nl\/\"},{\"@type\":\"ListItem\",\"position\":2,\"name\":\"Producten\",\"item\":\"https:\/\/www.sinchisinchi.com\/nl\/shop\/\"},{\"@type\":\"ListItem\",\"position\":3,\"name\":\"Grijze Kopal\"}]},{\"@type\":\"WebSite\",\"@id\":\"https:\/\/www.sinchisinchi.com\/nl\/#website\",\"url\":\"https:\/\/www.sinchisinchi.com\/nl\/\",\"name\":\"SINCHI\",\"description\":\"Sinchi Medicine\",\"publisher\":{\"@id\":\"https:\/\/www.sinchisinchi.com\/nl\/#organization\"},\"potentialAction\":[{\"@type\":\"SearchAction\",\"target\":{\"@type\":\"EntryPoint\",\"urlTemplate\":\"https:\/\/www.sinchisinchi.com\/nl\/?s={search_term_string}\"},\"query-input\":{\"@type\":\"PropertyValueSpecification\",\"valueRequired\":true,\"valueName\":\"search_term_string\"}}],\"inLanguage\":\"nl-NL\"},{\"@type\":\"Organization\",\"@id\":\"https:\/\/www.sinchisinchi.com\/nl\/#organization\",\"name\":\"SINCHI S.L\",\"url\":\"https:\/\/www.sinchisinchi.com\/nl\/\",\"logo\":{\"@type\":\"ImageObject\",\"inLanguage\":\"nl-NL\",\"@id\":\"https:\/\/www.sinchisinchi.com\/nl\/#\/schema\/logo\/image\/\",\"url\":\"https:\/\/www.sinchisinchi.com\/wp-content\/uploads\/2026\/01\/3b-Verde-SIMPLIFICADO-HORIZONTAL-F-TRANSPARENTE-scaled.png\",\"contentUrl\":\"https:\/\/www.sinchisinchi.com\/wp-content\/uploads\/2026\/01\/3b-Verde-SIMPLIFICADO-HORIZONTAL-F-TRANSPARENTE-scaled.png\",\"width\":2560,\"height\":457,\"caption\":\"SINCHI S.L\"},\"image\":{\"@id\":\"https:\/\/www.sinchisinchi.com\/nl\/#\/schema\/logo\/image\/\"},\"sameAs\":[\"https:\/\/www.facebook.com\/sinchirape\/\",\"https:\/\/www.instagram.com\/sinchi_rape\/\"]}]}<\/script>\n<!-- \/ Yoast SEO plugin. -->","yoast_head_json":{"title":"Grijze kopal uit Mexico: Sjamanistische Sahumerios-winkel","description":"Grijze kopal heeft sterke esoterische eigenschappen van bescherming, reiniging en verbinding. Het wordt door de stammen uit het Amazonegebied als een heilige hars beschouwd.","robots":{"index":"index","follow":"follow","max-snippet":"max-snippet:-1","max-image-preview":"max-image-preview:large","max-video-preview":"max-video-preview:-1"},"canonical":"https:\/\/www.sinchisinchi.com\/nl\/producto\/grijze-kopal\/","og_locale":"nl_NL","og_type":"article","og_title":"Grijze kopal uit Mexico: Sjamanistische Sahumerios-winkel","og_description":"Grijze kopal heeft sterke esoterische eigenschappen van bescherming, reiniging en verbinding. Het wordt door de stammen uit het Amazonegebied als een heilige hars beschouwd.","og_url":"https:\/\/www.sinchisinchi.com\/nl\/producto\/grijze-kopal\/","og_site_name":"SINCHI RAP\u00c9","article_publisher":"https:\/\/www.facebook.com\/sinchirape\/","article_modified_time":"2024-07-05T10:53:29+00:00","og_image":[{"width":600,"height":600,"url":"https:\/\/www.sinchisinchi.com\/wp-content\/uploads\/2023\/12\/copal-gris.png","type":"image\/png"}],"twitter_card":"summary_large_image","twitter_misc":{"Geschatte leestijd":"5 minuten"},"schema":{"@context":"https:\/\/schema.org","@graph":[{"@type":"WebPage","@id":"https:\/\/www.sinchisinchi.com\/nl\/producto\/grijze-kopal\/","url":"https:\/\/www.sinchisinchi.com\/nl\/producto\/grijze-kopal\/","name":"Grijze kopal uit Mexico: Sjamanistische Sahumerios-winkel","isPartOf":{"@id":"https:\/\/www.sinchisinchi.com\/nl\/#website"},"primaryImageOfPage":{"@id":"https:\/\/www.sinchisinchi.com\/nl\/producto\/grijze-kopal\/#primaryimage"},"image":{"@id":"https:\/\/www.sinchisinchi.com\/nl\/producto\/grijze-kopal\/#primaryimage"},"thumbnailUrl":"https:\/\/www.sinchisinchi.com\/wp-content\/uploads\/2023\/12\/copal-gris.png","datePublished":"2023-12-07T00:08:36+00:00","dateModified":"2024-07-05T10:53:29+00:00","description":"Grijze kopal heeft sterke esoterische eigenschappen van bescherming, reiniging en verbinding. Het wordt door de stammen uit het Amazonegebied als een heilige hars beschouwd.","breadcrumb":{"@id":"https:\/\/www.sinchisinchi.com\/nl\/producto\/grijze-kopal\/#breadcrumb"},"inLanguage":"nl-NL","potentialAction":[{"@type":"ReadAction","target":["https:\/\/www.sinchisinchi.com\/nl\/producto\/grijze-kopal\/"]}]},{"@type":"ImageObject","inLanguage":"nl-NL","@id":"https:\/\/www.sinchisinchi.com\/nl\/producto\/grijze-kopal\/#primaryimage","url":"https:\/\/www.sinchisinchi.com\/wp-content\/uploads\/2023\/12\/copal-gris.png","contentUrl":"https:\/\/www.sinchisinchi.com\/wp-content\/uploads\/2023\/12\/copal-gris.png","width":600,"height":600},{"@type":"BreadcrumbList","@id":"https:\/\/www.sinchisinchi.com\/nl\/producto\/grijze-kopal\/#breadcrumb","itemListElement":[{"@type":"ListItem","position":1,"name":"Voorpagina","item":"https:\/\/www.sinchisinchi.com\/nl\/"},{"@type":"ListItem","position":2,"name":"Producten","item":"https:\/\/www.sinchisinchi.com\/nl\/shop\/"},{"@type":"ListItem","position":3,"name":"Grijze Kopal"}]},{"@type":"WebSite","@id":"https:\/\/www.sinchisinchi.com\/nl\/#website","url":"https:\/\/www.sinchisinchi.com\/nl\/","name":"SINCHI","description":"Sinchi Medicine","publisher":{"@id":"https:\/\/www.sinchisinchi.com\/nl\/#organization"},"potentialAction":[{"@type":"SearchAction","target":{"@type":"EntryPoint","urlTemplate":"https:\/\/www.sinchisinchi.com\/nl\/?s={search_term_string}"},"query-input":{"@type":"PropertyValueSpecification","valueRequired":true,"valueName":"search_term_string"}}],"inLanguage":"nl-NL"},{"@type":"Organization","@id":"https:\/\/www.sinchisinchi.com\/nl\/#organization","name":"SINCHI S.L","url":"https:\/\/www.sinchisinchi.com\/nl\/","logo":{"@type":"ImageObject","inLanguage":"nl-NL","@id":"https:\/\/www.sinchisinchi.com\/nl\/#\/schema\/logo\/image\/","url":"https:\/\/www.sinchisinchi.com\/wp-content\/uploads\/2026\/01\/3b-Verde-SIMPLIFICADO-HORIZONTAL-F-TRANSPARENTE-scaled.png","contentUrl":"https:\/\/www.sinchisinchi.com\/wp-content\/uploads\/2026\/01\/3b-Verde-SIMPLIFICADO-HORIZONTAL-F-TRANSPARENTE-scaled.png","width":2560,"height":457,"caption":"SINCHI S.L"},"image":{"@id":"https:\/\/www.sinchisinchi.com\/nl\/#\/schema\/logo\/image\/"},"sameAs":["https:\/\/www.facebook.com\/sinchirape\/","https:\/\/www.instagram.com\/sinchi_rape\/"]}]}},"_links":{"self":[{"href":"https:\/\/www.sinchisinchi.com\/nl\/wp-json\/wp\/v2\/product\/8184","targetHints":{"allow":["GET"]}}],"collection":[{"href":"https:\/\/www.sinchisinchi.com\/nl\/wp-json\/wp\/v2\/product"}],"about":[{"href":"https:\/\/www.sinchisinchi.com\/nl\/wp-json\/wp\/v2\/types\/product"}],"wp:featuredmedia":[{"embeddable":true,"href":"https:\/\/www.sinchisinchi.com\/nl\/wp-json\/wp\/v2\/media\/15751"}],"wp:attachment":[{"href":"https:\/\/www.sinchisinchi.com\/nl\/wp-json\/wp\/v2\/media?parent=8184"}],"wp:term":[{"taxonomy":"product_brand","embeddable":true,"href":"https:\/\/www.sinchisinchi.com\/nl\/wp-json\/wp\/v2\/product_brand?post=8184"},{"taxonomy":"product_cat","embeddable":true,"href":"https:\/\/www.sinchisinchi.com\/nl\/wp-json\/wp\/v2\/product_cat?post=8184"},{"taxonomy":"product_tag","embeddable":true,"href":"https:\/\/www.sinchisinchi.com\/nl\/wp-json\/wp\/v2\/product_tag?post=8184"}],"curies":[{"name":"wp","href":"https:\/\/api.w.org\/{rel}","templated":true}]}}