{"id":8320,"date":"2019-04-04T02:08:20","date_gmt":"2019-04-04T02:08:20","guid":{"rendered":"https:\/\/www.sinchisinchi.com\/producto\/parika-rape\/"},"modified":"2024-10-06T22:01:55","modified_gmt":"2024-10-06T22:01:55","slug":"parika-rape","status":"publish","type":"product","link":"https:\/\/www.sinchisinchi.com\/nl\/producto\/parika-rape\/","title":{"rendered":"Rap\u00e9 Parik\u00e1"},"content":{"rendered":"<h2 style=\"text-align: center;\">De Paric\u00e1 of Parika Boom<\/h2>\r\nParic\u00e1 Rap\u00e9 wordt gemaakt met as van de schors en zaden van paric\u00e1 (Shizolobium amazonicum), die in het Amazonegebied veel wordt gebruikt als medicinale plant.\r\n\r\n<img loading=\"lazy\" decoding=\"async\" class=\"aligncenter\" title=\"parica1\" src=\"https:\/\/www.sinchisinchi.com\/wp-content\/uploads\/2019\/04\/parica1.jpeg\" alt=\"parica1\" width=\"601\" height=\"462\" \/>\r\n\r\n<img loading=\"lazy\" decoding=\"async\" class=\"aligncenter\" title=\"parica2\" src=\"https:\/\/www.sinchisinchi.com\/wp-content\/uploads\/2019\/04\/parica2.png\" alt=\"parica2\" width=\"786\" height=\"470\" \/>\n","protected":false},"excerpt":{"rendered":"<p>Paric\u00e1 rap\u00e9 zorgt voor een geweldige verbinding, helderheid en een gevoel van aanwezigheid.<\/p>\n<p>Het maakt onze innerlijke leraar wakker en de verbinding met de voorouders, daarom wordt het speciaal aanbevolen voor therapeuten.<\/p>\n<p>Het herschikt ook de energiekanalen van het lichaam.<\/p>\n<p><strong>-Stam:<\/strong> gemaakt door de Huni Kuin &#8211; Kaxinaw\u00e1-stam<\/p>\n<p><strong>&#8211; Intensiteit:<\/strong> sterk.<\/p>\n<p><strong>-Verhouding\/ Evenwicht:<\/strong> Evenwichtig, licht rijk aan Mapacho.<\/p>\n<p><strong>-Samenstelling:<\/strong> Het is gemaakt met as van de schors en zaden van paric\u00e1 (Shizolobium amazonicum), Amazone-tabak en andere heilige geneeskrachtige planten van de Amazone.<\/p>\n<p><strong>-Maat:<\/strong> 10 ml flesjes (8 tot 9 gram)<\/p>\n<p><strong>-Gebruik:<\/strong> Etnobotanische nieuwsgierigheid. Exclusief gebruik voor wetenschappelijke, historische en rituele studie.<\/p>\n","protected":false},"featured_media":0,"template":"","meta":{"_joinchat":[]},"product_brand":[],"product_cat":[177],"product_tag":[],"class_list":{"0":"post-8320","1":"product","2":"type-product","3":"status-publish","5":"product_cat-sin-categoria-nl","7":"first","8":"instock","9":"taxable","10":"shipping-taxable","11":"purchasable","12":"product-type-simple"},"yoast_head":"<!-- This site is optimized with the Yoast SEO plugin v27.4 - https:\/\/yoast.com\/product\/yoast-seo-wordpress\/ -->\n<title>SINCHI: Rap\u00e9 Parik\u00e1 uit het Braziliaanse Amazonegebied<\/title>\n<meta name=\"description\" content=\"Parika rap\u00e9 zorgt voor geweldige verbinding, helderheid en een gevoel van aanwezigheid. Maak onze innerlijke leraar wakker en de verbinding...\" \/>\n<meta name=\"robots\" content=\"index, follow, max-snippet:-1, max-image-preview:large, max-video-preview:-1\" \/>\n<link rel=\"canonical\" href=\"https:\/\/www.sinchisinchi.com\/nl\/producto\/parika-rape\/\" \/>\n<meta property=\"og:locale\" content=\"nl_NL\" \/>\n<meta property=\"og:type\" content=\"article\" \/>\n<meta property=\"og:title\" content=\"SINCHI: Rap\u00e9 Parik\u00e1 uit het Braziliaanse Amazonegebied\" \/>\n<meta property=\"og:description\" content=\"Parika rap\u00e9 zorgt voor geweldige verbinding, helderheid en een gevoel van aanwezigheid. Maak onze innerlijke leraar wakker en de verbinding...\" \/>\n<meta property=\"og:url\" content=\"https:\/\/www.sinchisinchi.com\/nl\/producto\/parika-rape\/\" \/>\n<meta property=\"og:site_name\" content=\"SINCHI RAP\u00c9\" \/>\n<meta property=\"article:publisher\" content=\"https:\/\/www.facebook.com\/sinchirape\/\" \/>\n<meta property=\"article:modified_time\" content=\"2024-10-06T22:01:55+00:00\" \/>\n<meta property=\"og:image\" content=\"https:\/\/www.sinchisinchi.com\/wp-content\/uploads\/2019\/04\/parica1.jpeg\" \/>\n<meta name=\"twitter:card\" content=\"summary_large_image\" \/>\n<script type=\"application\/ld+json\" class=\"yoast-schema-graph\">{\"@context\":\"https:\\\/\\\/schema.org\",\"@graph\":[{\"@type\":\"WebPage\",\"@id\":\"https:\\\/\\\/www.sinchisinchi.com\\\/nl\\\/producto\\\/parika-rape\\\/\",\"url\":\"https:\\\/\\\/www.sinchisinchi.com\\\/nl\\\/producto\\\/parika-rape\\\/\",\"name\":\"SINCHI: Rap\u00e9 Parik\u00e1 uit het Braziliaanse Amazonegebied\",\"isPartOf\":{\"@id\":\"https:\\\/\\\/www.sinchisinchi.com\\\/nl\\\/#website\"},\"primaryImageOfPage\":{\"@id\":\"https:\\\/\\\/www.sinchisinchi.com\\\/nl\\\/producto\\\/parika-rape\\\/#primaryimage\"},\"image\":{\"@id\":\"https:\\\/\\\/www.sinchisinchi.com\\\/nl\\\/producto\\\/parika-rape\\\/#primaryimage\"},\"thumbnailUrl\":\"https:\\\/\\\/www.sinchisinchi.com\\\/wp-content\\\/uploads\\\/2019\\\/04\\\/parica1.jpeg\",\"datePublished\":\"2019-04-04T02:08:20+00:00\",\"dateModified\":\"2024-10-06T22:01:55+00:00\",\"description\":\"Parika rap\u00e9 zorgt voor geweldige verbinding, helderheid en een gevoel van aanwezigheid. Maak onze innerlijke leraar wakker en de verbinding...\",\"breadcrumb\":{\"@id\":\"https:\\\/\\\/www.sinchisinchi.com\\\/nl\\\/producto\\\/parika-rape\\\/#breadcrumb\"},\"inLanguage\":\"nl-NL\",\"potentialAction\":[{\"@type\":\"ReadAction\",\"target\":[\"https:\\\/\\\/www.sinchisinchi.com\\\/nl\\\/producto\\\/parika-rape\\\/\"]}]},{\"@type\":\"ImageObject\",\"inLanguage\":\"nl-NL\",\"@id\":\"https:\\\/\\\/www.sinchisinchi.com\\\/nl\\\/producto\\\/parika-rape\\\/#primaryimage\",\"url\":\"https:\\\/\\\/www.sinchisinchi.com\\\/wp-content\\\/uploads\\\/2019\\\/04\\\/parica1.jpeg\",\"contentUrl\":\"https:\\\/\\\/www.sinchisinchi.com\\\/wp-content\\\/uploads\\\/2019\\\/04\\\/parica1.jpeg\"},{\"@type\":\"BreadcrumbList\",\"@id\":\"https:\\\/\\\/www.sinchisinchi.com\\\/nl\\\/producto\\\/parika-rape\\\/#breadcrumb\",\"itemListElement\":[{\"@type\":\"ListItem\",\"position\":1,\"name\":\"Voorpagina\",\"item\":\"https:\\\/\\\/www.sinchisinchi.com\\\/nl\\\/\"},{\"@type\":\"ListItem\",\"position\":2,\"name\":\"Producten\",\"item\":\"https:\\\/\\\/www.sinchisinchi.com\\\/nl\\\/shop\\\/\"},{\"@type\":\"ListItem\",\"position\":3,\"name\":\"Rap\u00e9 Parik\u00e1\"}]},{\"@type\":\"WebSite\",\"@id\":\"https:\\\/\\\/www.sinchisinchi.com\\\/nl\\\/#website\",\"url\":\"https:\\\/\\\/www.sinchisinchi.com\\\/nl\\\/\",\"name\":\"SINCHI\",\"description\":\"Sinchi Medicine\",\"publisher\":{\"@id\":\"https:\\\/\\\/www.sinchisinchi.com\\\/nl\\\/#organization\"},\"potentialAction\":[{\"@type\":\"SearchAction\",\"target\":{\"@type\":\"EntryPoint\",\"urlTemplate\":\"https:\\\/\\\/www.sinchisinchi.com\\\/nl\\\/?s={search_term_string}\"},\"query-input\":{\"@type\":\"PropertyValueSpecification\",\"valueRequired\":true,\"valueName\":\"search_term_string\"}}],\"inLanguage\":\"nl-NL\"},{\"@type\":\"Organization\",\"@id\":\"https:\\\/\\\/www.sinchisinchi.com\\\/nl\\\/#organization\",\"name\":\"SINCHI S.L\",\"url\":\"https:\\\/\\\/www.sinchisinchi.com\\\/nl\\\/\",\"logo\":{\"@type\":\"ImageObject\",\"inLanguage\":\"nl-NL\",\"@id\":\"https:\\\/\\\/www.sinchisinchi.com\\\/nl\\\/#\\\/schema\\\/logo\\\/image\\\/\",\"url\":\"https:\\\/\\\/www.sinchisinchi.com\\\/wp-content\\\/uploads\\\/2026\\\/01\\\/3b-Verde-SIMPLIFICADO-HORIZONTAL-F-TRANSPARENTE-scaled.png\",\"contentUrl\":\"https:\\\/\\\/www.sinchisinchi.com\\\/wp-content\\\/uploads\\\/2026\\\/01\\\/3b-Verde-SIMPLIFICADO-HORIZONTAL-F-TRANSPARENTE-scaled.png\",\"width\":2560,\"height\":457,\"caption\":\"SINCHI S.L\"},\"image\":{\"@id\":\"https:\\\/\\\/www.sinchisinchi.com\\\/nl\\\/#\\\/schema\\\/logo\\\/image\\\/\"},\"sameAs\":[\"https:\\\/\\\/www.facebook.com\\\/sinchirape\\\/\",\"https:\\\/\\\/www.instagram.com\\\/sinchi_rape\\\/\"]}]}<\/script>\n<!-- \/ Yoast SEO plugin. -->","yoast_head_json":{"title":"SINCHI: Rap\u00e9 Parik\u00e1 uit het Braziliaanse Amazonegebied","description":"Parika rap\u00e9 zorgt voor geweldige verbinding, helderheid en een gevoel van aanwezigheid. Maak onze innerlijke leraar wakker en de verbinding...","robots":{"index":"index","follow":"follow","max-snippet":"max-snippet:-1","max-image-preview":"max-image-preview:large","max-video-preview":"max-video-preview:-1"},"canonical":"https:\/\/www.sinchisinchi.com\/nl\/producto\/parika-rape\/","og_locale":"nl_NL","og_type":"article","og_title":"SINCHI: Rap\u00e9 Parik\u00e1 uit het Braziliaanse Amazonegebied","og_description":"Parika rap\u00e9 zorgt voor geweldige verbinding, helderheid en een gevoel van aanwezigheid. Maak onze innerlijke leraar wakker en de verbinding...","og_url":"https:\/\/www.sinchisinchi.com\/nl\/producto\/parika-rape\/","og_site_name":"SINCHI RAP\u00c9","article_publisher":"https:\/\/www.facebook.com\/sinchirape\/","article_modified_time":"2024-10-06T22:01:55+00:00","og_image":[{"url":"https:\/\/www.sinchisinchi.com\/wp-content\/uploads\/2019\/04\/parica1.jpeg","type":"","width":"","height":""}],"twitter_card":"summary_large_image","schema":{"@context":"https:\/\/schema.org","@graph":[{"@type":"WebPage","@id":"https:\/\/www.sinchisinchi.com\/nl\/producto\/parika-rape\/","url":"https:\/\/www.sinchisinchi.com\/nl\/producto\/parika-rape\/","name":"SINCHI: Rap\u00e9 Parik\u00e1 uit het Braziliaanse Amazonegebied","isPartOf":{"@id":"https:\/\/www.sinchisinchi.com\/nl\/#website"},"primaryImageOfPage":{"@id":"https:\/\/www.sinchisinchi.com\/nl\/producto\/parika-rape\/#primaryimage"},"image":{"@id":"https:\/\/www.sinchisinchi.com\/nl\/producto\/parika-rape\/#primaryimage"},"thumbnailUrl":"https:\/\/www.sinchisinchi.com\/wp-content\/uploads\/2019\/04\/parica1.jpeg","datePublished":"2019-04-04T02:08:20+00:00","dateModified":"2024-10-06T22:01:55+00:00","description":"Parika rap\u00e9 zorgt voor geweldige verbinding, helderheid en een gevoel van aanwezigheid. Maak onze innerlijke leraar wakker en de verbinding...","breadcrumb":{"@id":"https:\/\/www.sinchisinchi.com\/nl\/producto\/parika-rape\/#breadcrumb"},"inLanguage":"nl-NL","potentialAction":[{"@type":"ReadAction","target":["https:\/\/www.sinchisinchi.com\/nl\/producto\/parika-rape\/"]}]},{"@type":"ImageObject","inLanguage":"nl-NL","@id":"https:\/\/www.sinchisinchi.com\/nl\/producto\/parika-rape\/#primaryimage","url":"https:\/\/www.sinchisinchi.com\/wp-content\/uploads\/2019\/04\/parica1.jpeg","contentUrl":"https:\/\/www.sinchisinchi.com\/wp-content\/uploads\/2019\/04\/parica1.jpeg"},{"@type":"BreadcrumbList","@id":"https:\/\/www.sinchisinchi.com\/nl\/producto\/parika-rape\/#breadcrumb","itemListElement":[{"@type":"ListItem","position":1,"name":"Voorpagina","item":"https:\/\/www.sinchisinchi.com\/nl\/"},{"@type":"ListItem","position":2,"name":"Producten","item":"https:\/\/www.sinchisinchi.com\/nl\/shop\/"},{"@type":"ListItem","position":3,"name":"Rap\u00e9 Parik\u00e1"}]},{"@type":"WebSite","@id":"https:\/\/www.sinchisinchi.com\/nl\/#website","url":"https:\/\/www.sinchisinchi.com\/nl\/","name":"SINCHI","description":"Sinchi Medicine","publisher":{"@id":"https:\/\/www.sinchisinchi.com\/nl\/#organization"},"potentialAction":[{"@type":"SearchAction","target":{"@type":"EntryPoint","urlTemplate":"https:\/\/www.sinchisinchi.com\/nl\/?s={search_term_string}"},"query-input":{"@type":"PropertyValueSpecification","valueRequired":true,"valueName":"search_term_string"}}],"inLanguage":"nl-NL"},{"@type":"Organization","@id":"https:\/\/www.sinchisinchi.com\/nl\/#organization","name":"SINCHI S.L","url":"https:\/\/www.sinchisinchi.com\/nl\/","logo":{"@type":"ImageObject","inLanguage":"nl-NL","@id":"https:\/\/www.sinchisinchi.com\/nl\/#\/schema\/logo\/image\/","url":"https:\/\/www.sinchisinchi.com\/wp-content\/uploads\/2026\/01\/3b-Verde-SIMPLIFICADO-HORIZONTAL-F-TRANSPARENTE-scaled.png","contentUrl":"https:\/\/www.sinchisinchi.com\/wp-content\/uploads\/2026\/01\/3b-Verde-SIMPLIFICADO-HORIZONTAL-F-TRANSPARENTE-scaled.png","width":2560,"height":457,"caption":"SINCHI S.L"},"image":{"@id":"https:\/\/www.sinchisinchi.com\/nl\/#\/schema\/logo\/image\/"},"sameAs":["https:\/\/www.facebook.com\/sinchirape\/","https:\/\/www.instagram.com\/sinchi_rape\/"]}]}},"_links":{"self":[{"href":"https:\/\/www.sinchisinchi.com\/nl\/wp-json\/wp\/v2\/product\/8320","targetHints":{"allow":["GET"]}}],"collection":[{"href":"https:\/\/www.sinchisinchi.com\/nl\/wp-json\/wp\/v2\/product"}],"about":[{"href":"https:\/\/www.sinchisinchi.com\/nl\/wp-json\/wp\/v2\/types\/product"}],"wp:attachment":[{"href":"https:\/\/www.sinchisinchi.com\/nl\/wp-json\/wp\/v2\/media?parent=8320"}],"wp:term":[{"taxonomy":"product_brand","embeddable":true,"href":"https:\/\/www.sinchisinchi.com\/nl\/wp-json\/wp\/v2\/product_brand?post=8320"},{"taxonomy":"product_cat","embeddable":true,"href":"https:\/\/www.sinchisinchi.com\/nl\/wp-json\/wp\/v2\/product_cat?post=8320"},{"taxonomy":"product_tag","embeddable":true,"href":"https:\/\/www.sinchisinchi.com\/nl\/wp-json\/wp\/v2\/product_tag?post=8320"}],"curies":[{"name":"wp","href":"https:\/\/api.w.org\/{rel}","templated":true}]}}