{"id":8322,"date":"2023-12-07T22:23:31","date_gmt":"2023-12-07T22:23:31","guid":{"rendered":"https:\/\/www.sinchisinchi.com\/producto\/palo-santo\/"},"modified":"2023-12-14T14:03:01","modified_gmt":"2023-12-14T14:03:01","slug":"palo-santo","status":"publish","type":"product","link":"https:\/\/www.sinchisinchi.com\/nl\/producto\/palo-santo\/","title":{"rendered":"Palo Santo"},"content":{"rendered":"<h2 style=\"font-weight: 400; text-align: center;\"><strong>Palo Santo<\/strong><\/h2>\n<p style=\"font-weight: 400;\">El \u201cPalo Santo\u201d, <em>(Bursera Graveolens),<\/em> es un \u00e1rbol arom\u00e1tico de fragancia exquisita, nativo del Archipi\u00e9lago de Gal\u00e1pagos, que crece especialmente en los bosques secos de Per\u00fa y Ecuador, y en menor proporci\u00f3n en el resto de pa\u00edses de la costa de Am\u00e9rica del Sur.<strong>\u00a0<\/strong><\/p>\n<p style=\"font-weight: 400;\">Para que el palo santo conserve sus propiedades, y pueda ser utilizado, la madera debe cosecharse Una vez que el \u00e1rbol muere por causas naturales. \u00a0Despu\u00e9s, debe dejarse en su lugar durante al menos cinco u ocho a\u00f1os para que los aceites del duramen maduren lo suficiente y \u00a0la madera adquiera sus propiedades arom\u00e1ticas y medicinales. \u00a0<\/p>\n<p style=\"font-weight: 400;\"><strong>El Palo Santo<\/strong> es de la familia <em>Burseraceae<\/em>, <strong>al igual que el incienso<\/strong> <em>(Boswellia carteri),<\/em> <strong>la Mirra <\/strong><em>(Commiphora myrrha),<\/em> <strong>y\u00a0 el Copal.<\/strong>\u00a0 Tiene un aroma sorprendentemente fuerte y dulce cuando es quemado, una fragancia exquisita que le confiere la exclusiva propiedad de poder ser usado directamente como incienso.\u00a0 \u00a0Tiene notas intensas y penetrantes, con un toque sutilmente c\u00edtrico, ligeramente dulce. \u00a0<\/p>\n<p>&nbsp;<\/p>\n<h3 style=\"font-weight: 400; text-align: center;\"><strong>Origen<\/strong><\/h3>\n<p style=\"font-weight: 400;\">El palo santo fue muy usado por antiguas culturas prehisp\u00e1nicas como los Tihuanaco y los Incas, que lo empleaban de forma cotidiana en sus actividades espirituales, en sus rezos, para atraer la suerte, mejorar el estado de \u00e1nimo y para limpiezas de espacios y ambientes.<\/p>\n<p style=\"font-weight: 400;\">Actualmente, la madera de Palo Santo es ampliamente utilizada por tribus sudamericanas, como los aymara, quechua, j\u00edbaros, entre otros. Las culturas mante\u00f1a, machalilla, valdivia, e inca utilizaban su humo y su aceite con fines m\u00e1gicos y terap\u00e9uticos. \u00a0<\/p>\n<p style=\"font-weight: 400;\">Los Lengua-Maskoy tienen la creencia que una fogata hecha con la madera del Palo santo protege energ\u00e9ticamente sus viviendas. Muchos Lengua-Maskoy, hacen su fuego casi exclusivamente con la madera del Palo santo. \u00a0<\/p>\n<p style=\"font-weight: 400;\">El Palo Santo tambi\u00e9n est\u00e1 presente en el ritual de los matrimonios ind\u00edgenas. La pareja debe plantar una plantita de este \u00e1rbol en ausencia de testigos, para ligar sus destinos y que la uni\u00f3n dure eternamente.<\/p>\n<p style=\"font-weight: 400;\">\u00a0<\/p>\n<h3 style=\"font-weight: 400; text-align: center;\"><strong>El \u00e1rbol de Palo Santo (Bursera graveolens)<\/strong><\/h3>\n<p style=\"font-weight: 400;\">Para que el palo santo conserve sus propiedades y pueda ser utilizado, la madera debe cosecharse Una vez que el \u00e1rbol muere por causas naturales. \u00a0Despu\u00e9s, debe dejarse en su lugar durante al menos cinco u ocho a\u00f1os para que los aceites del duramen maduren lo suficiente y \u00a0la madera adquiera sus propiedades arom\u00e1ticas y medicinales. \u00a0La vida natural de un \u00e1rbol de palo santo, var\u00eda entre los 50 a los 70 a\u00f1os, que en t\u00e9rminos relativos no es mucho.\u201d, explica <em>Jonathon Miller Weisberger, etnobotanista y autor de Rainforest Medicine: Preserving Indigenous Science and Biodiversity in the Upper Amazon<\/em><\/p>\n<p style=\"font-weight: 400;\"><strong>El \u00e1rbol de Palo Santo<\/strong> ( Bursera graveolens), se encuentra en M\u00e9xico, Cuba, Islas Gal\u00e1pagos y norte del Per\u00fa. Teniendo todas las condiciones a su favor, puede llegar a tener alturas de hasta de 18 metros, con una copa de hasta 12 metros de di\u00e1metro, de un exuberante y \u00a0hermoso color verde. Su tronco puede medir hasta 80 cm de di\u00e1metro.\u00a0\u00a0 \u00a0Las hojas tienden a ser arom\u00e1ticas.<\/p>\n<p style=\"font-weight: 400;\">La floraci\u00f3n del palo santo se da en los meses de mayo y junio, fructificando a mediados del mes de junio hasta julio. Es una especie caducifolia y para fines de julio e inicios de agosto \u00a0ha perdido totalmente su follaje.<\/p>\n<p style=\"font-weight: 400;\">\u00a0<\/p>\n<h3 style=\"font-weight: 400; text-align: center;\"><strong>C\u00f3mo usar palo santo<\/strong><\/h3>\n<p style=\"font-weight: 400;\">A diferencia de otras especies de las que se extraen resinas, el Palo Santo s\u00f3lo requiere que se encienda un trozo de su madera para liberar su humo de poderosas propiedades.<\/p>\n<p style=\"font-weight: 400;\">El Palo Santo es una madera densa que no se quema f\u00e1cilmente, por lo que puede tardar unos segundos en encender.\u00a0 Lo ideal es dejar que se queme durante unos 30 segundos, y luego apagar la llama soplando suavemente. Al apagar la llama, permanece la brasa, que producir\u00e1 humo blanco durante varios minutos.<\/p>\n<p style=\"font-weight: 400;\">Es recomendable tener un\u00a0 recipiente para a prueba de fuego a mano, en el que ir depositando la ceniza, y donde colocar el palo santo al terminar.<\/p>\n<p style=\"font-weight: 400;\">Cuando la brasa se va extinguiendo, un poco de aire \u00a0ayudar\u00e1 a reavivarla, agitando el palito o soplando suavemente. \u00a0Esto solo suele funcionar como una medida temporal, por lo que es necesario encenderlo varias veces el para que se consuma por completo.<\/p>\n<p style=\"font-weight: 400;\"><strong>\u00a0<\/strong><\/p>\n<h3 style=\"font-weight: 400; text-align: center;\"><strong>\u00a0<\/strong>\u00a0<strong>Palo santo, limpieza energ\u00e9tica <\/strong><\/h3>\n<p style=\"font-weight: 400;\"><strong>Para la limpieza energ\u00e9tica de espacios, <\/strong>una vez encendido, agitando la brasa en el aire, se reparte el humo por la habitaci\u00f3n, y se gu\u00eda la madera a trav\u00e9s de las \u00e1reas que se desean limpiar, como las esquinas, los pasillos y los armarios.<\/p>\n<p style=\"font-weight: 400;\">Para una <strong>limpieza energ\u00e9tica<\/strong> <strong>profunda<\/strong>, se pueden quemar unos 3 a 4 palitos juntos, y dejar que el humo permanezca en el espacio unas 3 horas.<\/p>\n<p style=\"font-weight: 400;\">Tambi\u00e9n se puede hacer una limpieza energ\u00e9tica de piedras y gemas, que deben limpiarse peri\u00f3dicamente, ya que absorben y retienen las influencias energ\u00e9ticas.<\/p>\n","protected":false},"excerpt":{"rendered":"<p><span style=\"color: #000000;\">Palo Santo is een mystieke boom die groeit aan de kust van Zuid-Amerika en behoort tot de familie Bureseracea, net als wierook, mirre en kopal, en wordt al sinds mensenheugenis gebruikt bij reinigings- en zuiveringsrituelen.<\/span><\/p>\n<p><span style=\"color: #000000;\">Het heeft zoveel genezende eigenschappen dat toen de Spanjaarden op het nieuwe continent arriveerden, ze het \u201cHeilig\u201d noemden; Palo Santo, het heilige hout.<\/span><\/p>\n<p><span style=\"color: #000000;\">Bijna alle oude culturen hebben een bepaald soort wierook gebruikt, van het bijbelse verhaal van de Drie Wijzen van het Oosten die het kind God mirre en wierook aanbieden, tot de Babyloni\u00ebrs en Egyptenaren die het gebruikten, hetzij als offermiddel, hetzij als een magisch en magisch middel. genezend middel..<\/span><\/p>\n<p><span style=\"color: #000000;\">Palo Santo wordt gebruikt als wierook om negatieve energie\u00ebn te verdrijven en positieve energie\u00ebn aan te trekken. Het aroma helpt spirituele momenten van meditatie en contemplatie te verdiepen.<\/span><\/p>\n","protected":false},"featured_media":11205,"template":"","meta":{"_joinchat":[]},"product_brand":[],"product_cat":[196],"product_tag":[],"class_list":{"0":"post-8322","1":"product","2":"type-product","3":"status-publish","4":"has-post-thumbnail","6":"product_cat-incense-nl","8":"first","9":"instock","10":"taxable","11":"shipping-taxable","12":"purchasable","13":"product-type-simple"},"yoast_head":"<!-- This site is optimized with the Yoast SEO plugin v27.4 - https:\/\/yoast.com\/product\/yoast-seo-wordpress\/ -->\n<title>Palo Santo: Online sjamanistische wierookwinkel<\/title>\n<meta name=\"description\" content=\"Het heeft zoveel genezende eigenschappen dat toen de Spanjaarden op het nieuwe continent arriveerden, ze het \u201cHeilig\u201d noemden; Palo Santo, het heilige hout.\" \/>\n<meta name=\"robots\" content=\"index, follow, max-snippet:-1, max-image-preview:large, max-video-preview:-1\" \/>\n<link rel=\"canonical\" href=\"https:\/\/www.sinchisinchi.com\/nl\/producto\/palo-santo\/\" \/>\n<meta property=\"og:locale\" content=\"nl_NL\" \/>\n<meta property=\"og:type\" content=\"article\" \/>\n<meta property=\"og:title\" content=\"Palo Santo: Online sjamanistische wierookwinkel\" \/>\n<meta property=\"og:description\" content=\"Het heeft zoveel genezende eigenschappen dat toen de Spanjaarden op het nieuwe continent arriveerden, ze het \u201cHeilig\u201d noemden; Palo Santo, het heilige hout.\" \/>\n<meta property=\"og:url\" content=\"https:\/\/www.sinchisinchi.com\/nl\/producto\/palo-santo\/\" \/>\n<meta property=\"og:site_name\" content=\"SINCHI RAP\u00c9\" \/>\n<meta property=\"article:publisher\" content=\"https:\/\/www.facebook.com\/sinchirape\/\" \/>\n<meta property=\"article:modified_time\" content=\"2023-12-14T14:03:01+00:00\" \/>\n<meta property=\"og:image\" content=\"https:\/\/www.sinchisinchi.com\/wp-content\/uploads\/2018\/11\/P-Santo-a.jpg\" \/>\n\t<meta property=\"og:image:width\" content=\"600\" \/>\n\t<meta property=\"og:image:height\" content=\"600\" \/>\n\t<meta property=\"og:image:type\" content=\"image\/jpeg\" \/>\n<meta name=\"twitter:card\" content=\"summary_large_image\" \/>\n<meta name=\"twitter:label1\" content=\"Geschatte leestijd\" \/>\n\t<meta name=\"twitter:data1\" content=\"4 minuten\" \/>\n<script type=\"application\/ld+json\" class=\"yoast-schema-graph\">{\"@context\":\"https:\\\/\\\/schema.org\",\"@graph\":[{\"@type\":\"WebPage\",\"@id\":\"https:\\\/\\\/www.sinchisinchi.com\\\/nl\\\/producto\\\/palo-santo\\\/\",\"url\":\"https:\\\/\\\/www.sinchisinchi.com\\\/nl\\\/producto\\\/palo-santo\\\/\",\"name\":\"Palo Santo: Online sjamanistische wierookwinkel\",\"isPartOf\":{\"@id\":\"https:\\\/\\\/www.sinchisinchi.com\\\/nl\\\/#website\"},\"primaryImageOfPage\":{\"@id\":\"https:\\\/\\\/www.sinchisinchi.com\\\/nl\\\/producto\\\/palo-santo\\\/#primaryimage\"},\"image\":{\"@id\":\"https:\\\/\\\/www.sinchisinchi.com\\\/nl\\\/producto\\\/palo-santo\\\/#primaryimage\"},\"thumbnailUrl\":\"https:\\\/\\\/www.sinchisinchi.com\\\/wp-content\\\/uploads\\\/2018\\\/11\\\/P-Santo-a.jpg\",\"datePublished\":\"2023-12-07T22:23:31+00:00\",\"dateModified\":\"2023-12-14T14:03:01+00:00\",\"description\":\"Het heeft zoveel genezende eigenschappen dat toen de Spanjaarden op het nieuwe continent arriveerden, ze het \u201cHeilig\u201d noemden; Palo Santo, het heilige hout.\",\"breadcrumb\":{\"@id\":\"https:\\\/\\\/www.sinchisinchi.com\\\/nl\\\/producto\\\/palo-santo\\\/#breadcrumb\"},\"inLanguage\":\"nl-NL\",\"potentialAction\":[{\"@type\":\"ReadAction\",\"target\":[\"https:\\\/\\\/www.sinchisinchi.com\\\/nl\\\/producto\\\/palo-santo\\\/\"]}]},{\"@type\":\"ImageObject\",\"inLanguage\":\"nl-NL\",\"@id\":\"https:\\\/\\\/www.sinchisinchi.com\\\/nl\\\/producto\\\/palo-santo\\\/#primaryimage\",\"url\":\"https:\\\/\\\/www.sinchisinchi.com\\\/wp-content\\\/uploads\\\/2018\\\/11\\\/P-Santo-a.jpg\",\"contentUrl\":\"https:\\\/\\\/www.sinchisinchi.com\\\/wp-content\\\/uploads\\\/2018\\\/11\\\/P-Santo-a.jpg\",\"width\":600,\"height\":600},{\"@type\":\"BreadcrumbList\",\"@id\":\"https:\\\/\\\/www.sinchisinchi.com\\\/nl\\\/producto\\\/palo-santo\\\/#breadcrumb\",\"itemListElement\":[{\"@type\":\"ListItem\",\"position\":1,\"name\":\"Voorpagina\",\"item\":\"https:\\\/\\\/www.sinchisinchi.com\\\/nl\\\/\"},{\"@type\":\"ListItem\",\"position\":2,\"name\":\"Producten\",\"item\":\"https:\\\/\\\/www.sinchisinchi.com\\\/nl\\\/shop\\\/\"},{\"@type\":\"ListItem\",\"position\":3,\"name\":\"Palo Santo\"}]},{\"@type\":\"WebSite\",\"@id\":\"https:\\\/\\\/www.sinchisinchi.com\\\/nl\\\/#website\",\"url\":\"https:\\\/\\\/www.sinchisinchi.com\\\/nl\\\/\",\"name\":\"SINCHI\",\"description\":\"Sinchi Medicine\",\"publisher\":{\"@id\":\"https:\\\/\\\/www.sinchisinchi.com\\\/nl\\\/#organization\"},\"potentialAction\":[{\"@type\":\"SearchAction\",\"target\":{\"@type\":\"EntryPoint\",\"urlTemplate\":\"https:\\\/\\\/www.sinchisinchi.com\\\/nl\\\/?s={search_term_string}\"},\"query-input\":{\"@type\":\"PropertyValueSpecification\",\"valueRequired\":true,\"valueName\":\"search_term_string\"}}],\"inLanguage\":\"nl-NL\"},{\"@type\":\"Organization\",\"@id\":\"https:\\\/\\\/www.sinchisinchi.com\\\/nl\\\/#organization\",\"name\":\"SINCHI S.L\",\"url\":\"https:\\\/\\\/www.sinchisinchi.com\\\/nl\\\/\",\"logo\":{\"@type\":\"ImageObject\",\"inLanguage\":\"nl-NL\",\"@id\":\"https:\\\/\\\/www.sinchisinchi.com\\\/nl\\\/#\\\/schema\\\/logo\\\/image\\\/\",\"url\":\"https:\\\/\\\/www.sinchisinchi.com\\\/wp-content\\\/uploads\\\/2026\\\/01\\\/3b-Verde-SIMPLIFICADO-HORIZONTAL-F-TRANSPARENTE-scaled.png\",\"contentUrl\":\"https:\\\/\\\/www.sinchisinchi.com\\\/wp-content\\\/uploads\\\/2026\\\/01\\\/3b-Verde-SIMPLIFICADO-HORIZONTAL-F-TRANSPARENTE-scaled.png\",\"width\":2560,\"height\":457,\"caption\":\"SINCHI S.L\"},\"image\":{\"@id\":\"https:\\\/\\\/www.sinchisinchi.com\\\/nl\\\/#\\\/schema\\\/logo\\\/image\\\/\"},\"sameAs\":[\"https:\\\/\\\/www.facebook.com\\\/sinchirape\\\/\",\"https:\\\/\\\/www.instagram.com\\\/sinchi_rape\\\/\"]}]}<\/script>\n<!-- \/ Yoast SEO plugin. -->","yoast_head_json":{"title":"Palo Santo: Online sjamanistische wierookwinkel","description":"Het heeft zoveel genezende eigenschappen dat toen de Spanjaarden op het nieuwe continent arriveerden, ze het \u201cHeilig\u201d noemden; Palo Santo, het heilige hout.","robots":{"index":"index","follow":"follow","max-snippet":"max-snippet:-1","max-image-preview":"max-image-preview:large","max-video-preview":"max-video-preview:-1"},"canonical":"https:\/\/www.sinchisinchi.com\/nl\/producto\/palo-santo\/","og_locale":"nl_NL","og_type":"article","og_title":"Palo Santo: Online sjamanistische wierookwinkel","og_description":"Het heeft zoveel genezende eigenschappen dat toen de Spanjaarden op het nieuwe continent arriveerden, ze het \u201cHeilig\u201d noemden; Palo Santo, het heilige hout.","og_url":"https:\/\/www.sinchisinchi.com\/nl\/producto\/palo-santo\/","og_site_name":"SINCHI RAP\u00c9","article_publisher":"https:\/\/www.facebook.com\/sinchirape\/","article_modified_time":"2023-12-14T14:03:01+00:00","og_image":[{"width":600,"height":600,"url":"https:\/\/www.sinchisinchi.com\/wp-content\/uploads\/2018\/11\/P-Santo-a.jpg","type":"image\/jpeg"}],"twitter_card":"summary_large_image","twitter_misc":{"Geschatte leestijd":"4 minuten"},"schema":{"@context":"https:\/\/schema.org","@graph":[{"@type":"WebPage","@id":"https:\/\/www.sinchisinchi.com\/nl\/producto\/palo-santo\/","url":"https:\/\/www.sinchisinchi.com\/nl\/producto\/palo-santo\/","name":"Palo Santo: Online sjamanistische wierookwinkel","isPartOf":{"@id":"https:\/\/www.sinchisinchi.com\/nl\/#website"},"primaryImageOfPage":{"@id":"https:\/\/www.sinchisinchi.com\/nl\/producto\/palo-santo\/#primaryimage"},"image":{"@id":"https:\/\/www.sinchisinchi.com\/nl\/producto\/palo-santo\/#primaryimage"},"thumbnailUrl":"https:\/\/www.sinchisinchi.com\/wp-content\/uploads\/2018\/11\/P-Santo-a.jpg","datePublished":"2023-12-07T22:23:31+00:00","dateModified":"2023-12-14T14:03:01+00:00","description":"Het heeft zoveel genezende eigenschappen dat toen de Spanjaarden op het nieuwe continent arriveerden, ze het \u201cHeilig\u201d noemden; Palo Santo, het heilige hout.","breadcrumb":{"@id":"https:\/\/www.sinchisinchi.com\/nl\/producto\/palo-santo\/#breadcrumb"},"inLanguage":"nl-NL","potentialAction":[{"@type":"ReadAction","target":["https:\/\/www.sinchisinchi.com\/nl\/producto\/palo-santo\/"]}]},{"@type":"ImageObject","inLanguage":"nl-NL","@id":"https:\/\/www.sinchisinchi.com\/nl\/producto\/palo-santo\/#primaryimage","url":"https:\/\/www.sinchisinchi.com\/wp-content\/uploads\/2018\/11\/P-Santo-a.jpg","contentUrl":"https:\/\/www.sinchisinchi.com\/wp-content\/uploads\/2018\/11\/P-Santo-a.jpg","width":600,"height":600},{"@type":"BreadcrumbList","@id":"https:\/\/www.sinchisinchi.com\/nl\/producto\/palo-santo\/#breadcrumb","itemListElement":[{"@type":"ListItem","position":1,"name":"Voorpagina","item":"https:\/\/www.sinchisinchi.com\/nl\/"},{"@type":"ListItem","position":2,"name":"Producten","item":"https:\/\/www.sinchisinchi.com\/nl\/shop\/"},{"@type":"ListItem","position":3,"name":"Palo Santo"}]},{"@type":"WebSite","@id":"https:\/\/www.sinchisinchi.com\/nl\/#website","url":"https:\/\/www.sinchisinchi.com\/nl\/","name":"SINCHI","description":"Sinchi Medicine","publisher":{"@id":"https:\/\/www.sinchisinchi.com\/nl\/#organization"},"potentialAction":[{"@type":"SearchAction","target":{"@type":"EntryPoint","urlTemplate":"https:\/\/www.sinchisinchi.com\/nl\/?s={search_term_string}"},"query-input":{"@type":"PropertyValueSpecification","valueRequired":true,"valueName":"search_term_string"}}],"inLanguage":"nl-NL"},{"@type":"Organization","@id":"https:\/\/www.sinchisinchi.com\/nl\/#organization","name":"SINCHI S.L","url":"https:\/\/www.sinchisinchi.com\/nl\/","logo":{"@type":"ImageObject","inLanguage":"nl-NL","@id":"https:\/\/www.sinchisinchi.com\/nl\/#\/schema\/logo\/image\/","url":"https:\/\/www.sinchisinchi.com\/wp-content\/uploads\/2026\/01\/3b-Verde-SIMPLIFICADO-HORIZONTAL-F-TRANSPARENTE-scaled.png","contentUrl":"https:\/\/www.sinchisinchi.com\/wp-content\/uploads\/2026\/01\/3b-Verde-SIMPLIFICADO-HORIZONTAL-F-TRANSPARENTE-scaled.png","width":2560,"height":457,"caption":"SINCHI S.L"},"image":{"@id":"https:\/\/www.sinchisinchi.com\/nl\/#\/schema\/logo\/image\/"},"sameAs":["https:\/\/www.facebook.com\/sinchirape\/","https:\/\/www.instagram.com\/sinchi_rape\/"]}]}},"_links":{"self":[{"href":"https:\/\/www.sinchisinchi.com\/nl\/wp-json\/wp\/v2\/product\/8322","targetHints":{"allow":["GET"]}}],"collection":[{"href":"https:\/\/www.sinchisinchi.com\/nl\/wp-json\/wp\/v2\/product"}],"about":[{"href":"https:\/\/www.sinchisinchi.com\/nl\/wp-json\/wp\/v2\/types\/product"}],"wp:featuredmedia":[{"embeddable":true,"href":"https:\/\/www.sinchisinchi.com\/nl\/wp-json\/wp\/v2\/media\/11205"}],"wp:attachment":[{"href":"https:\/\/www.sinchisinchi.com\/nl\/wp-json\/wp\/v2\/media?parent=8322"}],"wp:term":[{"taxonomy":"product_brand","embeddable":true,"href":"https:\/\/www.sinchisinchi.com\/nl\/wp-json\/wp\/v2\/product_brand?post=8322"},{"taxonomy":"product_cat","embeddable":true,"href":"https:\/\/www.sinchisinchi.com\/nl\/wp-json\/wp\/v2\/product_cat?post=8322"},{"taxonomy":"product_tag","embeddable":true,"href":"https:\/\/www.sinchisinchi.com\/nl\/wp-json\/wp\/v2\/product_tag?post=8322"}],"curies":[{"name":"wp","href":"https:\/\/api.w.org\/{rel}","templated":true}]}}