{"id":10294,"date":"2023-10-27T21:26:15","date_gmt":"2023-10-27T21:26:15","guid":{"rendered":"https:\/\/www.sinchisinchi.com\/swieta-roslina-nicotiana\/"},"modified":"2026-03-04T18:12:15","modified_gmt":"2026-03-04T18:12:15","slug":"swieta-roslina-nicotiana","status":"publish","type":"page","link":"https:\/\/www.sinchisinchi.com\/pl\/wiedza\/swieta-roslina-nicotiana\/","title":{"rendered":"\u015awi\u0119ta ro\u015blina Nicotiana"},"content":{"rendered":"\n<h1 style=\"text-align: center;\">Swieta roslina Nicotiana<\/h1>\n<p>Ro\u015blina Nicotiana (R\u00fastica lub tabacum) pochodzi z Ameryki i cz\u0142owiek zna\u0142 j\u0105 tam oko\u0142o dziesi\u0119ciu tysi\u0119cy lat temu. Na d\u0142ugo zanim Hiszpanie przybyli do Ameryki, wsz\u0119dzie mo\u017cna by\u0142o spotka\u0107 odmiany Nicotiana jako ro\u015bliny leczniczej, a uprawiano j\u0105 w r\u00f3\u017cnych przestrzeniach i klimatach.<\/p>\n<div class=\"row\"  id=\"row-1029170322\">\n\n\n\t<div id=\"col-2123900056\" class=\"col medium-6 small-12 large-6\"  >\n\t\t\t\t<div class=\"col-inner\"  >\n\t\t\t\n\t\t\t\n\n\t<div class=\"img has-hover x md-x lg-x y md-y lg-y\" id=\"image_846912830\">\n\t\t\t\t\t\t\t\t<div class=\"img-inner dark\" >\n\t\t\t<img loading=\"lazy\" decoding=\"async\" width=\"868\" height=\"563\" src=\"https:\/\/www.sinchisinchi.com\/wp-content\/uploads\/2024\/07\/R-Planta-del-mapacho7-2.jpg\" class=\"attachment-large size-large\" alt=\"\" srcset=\"https:\/\/www.sinchisinchi.com\/wp-content\/uploads\/2024\/07\/R-Planta-del-mapacho7-2.jpg 868w, https:\/\/www.sinchisinchi.com\/wp-content\/uploads\/2024\/07\/R-Planta-del-mapacho7-2-600x389.jpg 600w, https:\/\/www.sinchisinchi.com\/wp-content\/uploads\/2024\/07\/R-Planta-del-mapacho7-2-768x498.jpg 768w, https:\/\/www.sinchisinchi.com\/wp-content\/uploads\/2024\/07\/R-Planta-del-mapacho7-2-247x160.jpg 247w, https:\/\/www.sinchisinchi.com\/wp-content\/uploads\/2024\/07\/R-Planta-del-mapacho7-2-510x331.jpg 510w\" sizes=\"auto, (max-width: 868px) 100vw, 868px\" \/>\t\t\t\t\t\t\n\t\t\t\t\t<\/div>\n\t\t\t\t\t\t\t\t\n<style>\n#image_846912830 {\n  width: 100%;\n}\n<\/style>\n\t<\/div>\n\t\n\n\n\t\t<\/div>\n\t\t\t\t\t<\/div>\n\n\t\n\n\t<div id=\"col-1791475088\" class=\"col medium-6 small-12 large-6\"  >\n\t\t\t\t<div class=\"col-inner\"  >\n\t\t\t\n\t\t\t\n\n\t<div class=\"img has-hover x md-x lg-x y md-y lg-y\" id=\"image_1162949688\">\n\t\t\t\t\t\t\t\t<div class=\"img-inner dark\" >\n\t\t\t<img loading=\"lazy\" decoding=\"async\" width=\"868\" height=\"563\" src=\"https:\/\/www.sinchisinchi.com\/wp-content\/uploads\/2024\/07\/R-dibujos-de-rape4-1.jpg\" class=\"attachment-large size-large\" alt=\"\" srcset=\"https:\/\/www.sinchisinchi.com\/wp-content\/uploads\/2024\/07\/R-dibujos-de-rape4-1.jpg 868w, https:\/\/www.sinchisinchi.com\/wp-content\/uploads\/2024\/07\/R-dibujos-de-rape4-1-600x389.jpg 600w, https:\/\/www.sinchisinchi.com\/wp-content\/uploads\/2024\/07\/R-dibujos-de-rape4-1-768x498.jpg 768w, https:\/\/www.sinchisinchi.com\/wp-content\/uploads\/2024\/07\/R-dibujos-de-rape4-1-247x160.jpg 247w, https:\/\/www.sinchisinchi.com\/wp-content\/uploads\/2024\/07\/R-dibujos-de-rape4-1-510x331.jpg 510w\" sizes=\"auto, (max-width: 868px) 100vw, 868px\" \/>\t\t\t\t\t\t\n\t\t\t\t\t<\/div>\n\t\t\t\t\t\t\t\t\n<style>\n#image_1162949688 {\n  width: 100%;\n}\n<\/style>\n\t<\/div>\n\t\n\n\n\t\t<\/div>\n\t\t\t\t\t<\/div>\n\n\t\n\n<\/div>\n<p><strong>Mapacho jest \u015bwi\u0119te<\/strong>, dlatego bardzo wa\u017cne jest, aby je szanowa\u0107 i u\u017cywa\u0107 go z wielk\u0105 odpowiedzialno\u015bci\u0105 i mi\u0142o\u015bci\u0105. Jego w\u0142a\u015bciwo\u015bci pomagaj\u0105 wyciszy\u0107 my\u015bli i skupi\u0107 si\u0119 na chwili obecnej i na sobie.<\/p>\n<p>Dziadek Mapacho pe\u0142ni funkcj\u0119 dyrektora pot\u0119\u017cne ro\u015bliny. Przygotowuje drog\u0119 dla pot\u0119\u017cne ro\u015bliny, takich jak Ayahuasca, San Pedro czy Peyote.<\/p>\n<p>Studiowanie ma\u0142ego szopa jest wst\u0119pnym przygotowaniem do s\u0142uchania przewodnik\u00f3w duchowych, duch\u00f3w natury i istot zamieszkuj\u0105cych inne wymiary lub p\u0142aszczyzny \u015bwiadomo\u015bci.<\/p>\n<h2 style=\"text-align: center;\"><strong>Roslina Nicotiana<\/strong><\/h2>\n<p>Nicotiana to ro\u015blina z rodziny psiankowatych. Istnieje wiele odmian Nicotiana, ale obecnie tylko dwie s\u0105 powszechnie stosowane: Nicotiana tabacum (tyto\u0144) i Nicotiana R\u00fastica (Mapacho).<\/p>\n<p><strong>Nicotiana tabacum (tyto\u0144)<\/strong> to gatunek u\u017cywany przez przemys\u0142 tytoniowy, kt\u00f3ry wybra\u0142 go ze wzgl\u0119d\u00f3w handlowych, poniewa\u017c jego bardziej mi\u0119kki i mniej ostry kolor pozwala konsumentom pali\u0107 wi\u0119cej i w wi\u0119kszym tempie.<\/p>\n<p><strong>Nicotiana rustica (Mapacho)<\/strong> to odmiana tytoniu u\u017cywana przez plemiona Amazonii, znacznie silniejsza, cz\u0119sto zawieraj\u0105ca do dziesi\u0119ciu razy wi\u0119cej nikotyny ni\u017c standardowy li\u015b\u0107 Nicotiana tabacum.<\/p>\n<div class=\"row\"  id=\"row-1065266327\">\n\n\n\t<div id=\"col-1115238936\" class=\"col medium-6 small-12 large-6\"  >\n\t\t\t\t<div class=\"col-inner\"  >\n\t\t\t\n\t\t\t\n\n\t<div class=\"img has-hover x md-x lg-x y md-y lg-y\" id=\"image_1302877395\">\n\t\t\t\t\t\t\t\t<div class=\"img-inner dark\" >\n\t\t\t<img loading=\"lazy\" decoding=\"async\" width=\"868\" height=\"563\" src=\"https:\/\/www.sinchisinchi.com\/wp-content\/uploads\/2024\/07\/R-toma-de-rape1-2.jpg\" class=\"attachment-large size-large\" alt=\"\" srcset=\"https:\/\/www.sinchisinchi.com\/wp-content\/uploads\/2024\/07\/R-toma-de-rape1-2.jpg 868w, https:\/\/www.sinchisinchi.com\/wp-content\/uploads\/2024\/07\/R-toma-de-rape1-2-600x389.jpg 600w, https:\/\/www.sinchisinchi.com\/wp-content\/uploads\/2024\/07\/R-toma-de-rape1-2-768x498.jpg 768w, https:\/\/www.sinchisinchi.com\/wp-content\/uploads\/2024\/07\/R-toma-de-rape1-2-247x160.jpg 247w, https:\/\/www.sinchisinchi.com\/wp-content\/uploads\/2024\/07\/R-toma-de-rape1-2-510x331.jpg 510w\" sizes=\"auto, (max-width: 868px) 100vw, 868px\" \/>\t\t\t\t\t\t\n\t\t\t\t\t<\/div>\n\t\t\t\t\t\t\t\t\n<style>\n#image_1302877395 {\n  width: 100%;\n}\n<\/style>\n\t<\/div>\n\t\n\n\n\t\t<\/div>\n\t\t\t\t\t<\/div>\n\n\t\n\n\t<div id=\"col-1492955436\" class=\"col medium-6 small-12 large-6\"  >\n\t\t\t\t<div class=\"col-inner\"  >\n\t\t\t\n\t\t\t\n\n\t<div class=\"img has-hover x md-x lg-x y md-y lg-y\" id=\"image_1300260657\">\n\t\t\t\t\t\t\t\t<div class=\"img-inner dark\" >\n\t\t\t<img loading=\"lazy\" decoding=\"async\" width=\"868\" height=\"563\" src=\"https:\/\/www.sinchisinchi.com\/wp-content\/uploads\/2024\/07\/R-Flor-del-mapacho1-2.jpg\" class=\"attachment-large size-large\" alt=\"\" srcset=\"https:\/\/www.sinchisinchi.com\/wp-content\/uploads\/2024\/07\/R-Flor-del-mapacho1-2.jpg 868w, https:\/\/www.sinchisinchi.com\/wp-content\/uploads\/2024\/07\/R-Flor-del-mapacho1-2-600x389.jpg 600w, https:\/\/www.sinchisinchi.com\/wp-content\/uploads\/2024\/07\/R-Flor-del-mapacho1-2-768x498.jpg 768w, https:\/\/www.sinchisinchi.com\/wp-content\/uploads\/2024\/07\/R-Flor-del-mapacho1-2-247x160.jpg 247w, https:\/\/www.sinchisinchi.com\/wp-content\/uploads\/2024\/07\/R-Flor-del-mapacho1-2-510x331.jpg 510w\" sizes=\"auto, (max-width: 868px) 100vw, 868px\" \/>\t\t\t\t\t\t\n\t\t\t\t\t<\/div>\n\t\t\t\t\t\t\t\t\n<style>\n#image_1300260657 {\n  width: 100%;\n}\n<\/style>\n\t<\/div>\n\t\n\n\n\t\t<\/div>\n\t\t\t\t\t<\/div>\n\n\t\n\n<\/div>\n<div style=\"text-align: justify;\">\n<div class=\"et_pb_module et_pb_text et_pb_text_3 et_pb_text_align_left et_pb_bg_layout_light\">\n<div class=\"et_pb_text_inner\">\n<h3 style=\"text-align: center;\"><strong>Ceremonii Mapacho<\/strong><\/h3>\n<p>Ceremonii Mapacho jest cz\u0119\u015bci\u0105 dziedzictwa, kt\u00f3re pozostawili nam nasi przodkowie i w niej czcimy s\u0142owo poprzez s\u0142uchanie i wyra\u017canie naszych serc, medytujemy nad tym, jak chcemy \u017cy\u0107 i jeste\u015bmy wdzi\u0119czni za ka\u017cd\u0105 chwil\u0119 \u017cycia .<\/p>\n<p>Podczas wszelkiego rodzaju ceremonii, kt\u00f3re mog\u0105, ale nie musz\u0105, obejmowa\u0107 u\u017cycie innych mistrzowskich ro\u015blin, Mapacho ofiarowane jest \u015awi\u0119temu Ogniowi lub innym elementom natury, na przyk\u0142ad r\u00f3\u017cnym kierunkom.<\/p>\n<\/div>\n<\/div>\n<\/div>\n<div class=\"row\"  id=\"row-2144685224\">\n\n\n\t<div id=\"col-449833413\" class=\"col medium-6 small-12 large-6\"  >\n\t\t\t\t<div class=\"col-inner\"  >\n\t\t\t\n\t\t\t\n\n\t<div class=\"img has-hover x md-x lg-x y md-y lg-y\" id=\"image_1839606587\">\n\t\t\t\t\t\t\t\t<div class=\"img-inner dark\" >\n\t\t\t<img loading=\"lazy\" decoding=\"async\" width=\"868\" height=\"563\" src=\"https:\/\/www.sinchisinchi.com\/wp-content\/uploads\/2024\/07\/R-Flor-del-mapacho2-3.jpg\" class=\"attachment-large size-large\" alt=\"\" srcset=\"https:\/\/www.sinchisinchi.com\/wp-content\/uploads\/2024\/07\/R-Flor-del-mapacho2-3.jpg 868w, https:\/\/www.sinchisinchi.com\/wp-content\/uploads\/2024\/07\/R-Flor-del-mapacho2-3-600x389.jpg 600w, https:\/\/www.sinchisinchi.com\/wp-content\/uploads\/2024\/07\/R-Flor-del-mapacho2-3-768x498.jpg 768w, https:\/\/www.sinchisinchi.com\/wp-content\/uploads\/2024\/07\/R-Flor-del-mapacho2-3-247x160.jpg 247w, https:\/\/www.sinchisinchi.com\/wp-content\/uploads\/2024\/07\/R-Flor-del-mapacho2-3-510x331.jpg 510w\" sizes=\"auto, (max-width: 868px) 100vw, 868px\" \/>\t\t\t\t\t\t\n\t\t\t\t\t<\/div>\n\t\t\t\t\t\t\t\t\n<style>\n#image_1839606587 {\n  width: 100%;\n}\n<\/style>\n\t<\/div>\n\t\n\n\n\t\t<\/div>\n\t\t\t\t\t<\/div>\n\n\t\n\n\t<div id=\"col-1792005962\" class=\"col medium-6 small-12 large-6\"  >\n\t\t\t\t<div class=\"col-inner\"  >\n\t\t\t\n\t\t\t\n\n\t<div class=\"img has-hover x md-x lg-x y md-y lg-y\" id=\"image_765364183\">\n\t\t\t\t\t\t\t\t<div class=\"img-inner dark\" >\n\t\t\t<img loading=\"lazy\" decoding=\"async\" width=\"868\" height=\"563\" src=\"https:\/\/www.sinchisinchi.com\/wp-content\/uploads\/2024\/07\/R-dibujos-de-rape3-2.jpg\" class=\"attachment-large size-large\" alt=\"\" srcset=\"https:\/\/www.sinchisinchi.com\/wp-content\/uploads\/2024\/07\/R-dibujos-de-rape3-2.jpg 868w, https:\/\/www.sinchisinchi.com\/wp-content\/uploads\/2024\/07\/R-dibujos-de-rape3-2-600x389.jpg 600w, https:\/\/www.sinchisinchi.com\/wp-content\/uploads\/2024\/07\/R-dibujos-de-rape3-2-768x498.jpg 768w, https:\/\/www.sinchisinchi.com\/wp-content\/uploads\/2024\/07\/R-dibujos-de-rape3-2-247x160.jpg 247w, https:\/\/www.sinchisinchi.com\/wp-content\/uploads\/2024\/07\/R-dibujos-de-rape3-2-510x331.jpg 510w\" sizes=\"auto, (max-width: 868px) 100vw, 868px\" \/>\t\t\t\t\t\t\n\t\t\t\t\t<\/div>\n\t\t\t\t\t\t\t\t\n<style>\n#image_765364183 {\n  width: 100%;\n}\n<\/style>\n\t<\/div>\n\t\n\n\n\t\t<\/div>\n\t\t\t\t\t<\/div>\n\n\t\n\n<\/div>\n<h3 style=\"text-align: center;\"><strong>Wlasciwosci rosliny Mapacho<\/strong><\/h3>\n<p>Jest to ro\u015blina par Excellence par Excellence, we wszystkich jej postaciach mo\u017cemy u\u017cywa\u0107 tytoniu jako doskona\u0142ego fumigatora, zar\u00f3wno na naszym ciele, zwierz\u0119tach, ro\u015blinach, jak i na wszelkiego rodzaju przedmiotach lub przestrzeniach. Ponadto jest doskona\u0142ym \u015brodkiem leczniczym.<\/p>\n<p>Ka\u017cda ro\u015blina manifestuje energi\u0119 jednego z czterech \u017cywio\u0142\u00f3w (Ziemi, Wody, Powietrza i Ognia). Wyst\u0119puj\u0105 ro\u015bliny l\u0105dowe, takie jak panga yawar (Aristolochiadidyma), ro\u015bliny wodne, takie jak yaku sisa, ro\u015bliny powietrzne, takie jak r\u00f3\u017ca sisa (Tagetes erecta) i ro\u015bliny ogniste, takie jak czosnek sacha (Mansoaalliacea) i mucura (Petiveraalliacea). Ka\u017cda ro\u015blina stymuluje funkcje fizyczne i psychiczne odpowiadaj\u0105ce u pacjenta danemu pierwiastkowi.<\/p>\n<p>Niekt\u00f3re ro\u015bliny wyra\u017caj\u0105 kilka element\u00f3w, a Mapacho jest jednym z niewielu gatunk\u00f3w, kt\u00f3ry jest powi\u0105zany z 4 elementami natury i dlatego jest uwa\u017cany za \u201ero\u015blin\u0119 uniwersaln\u0105\u201d. (\u015awi\u0119ta ro\u015blina koki jest jedynym znanym gatunkiem, kt\u00f3ry r\u00f3wnie\u017c ma te cechy)<\/p>\n<p>Ta cecha Mapacho pozwala na \u0142\u0105czenie go z dowoln\u0105 inn\u0105 ro\u015blin\u0105 bez \u017cadnych sprzeciw\u00f3w: Mapacho dzia\u0142a energetyzuj\u0105co lub wzmacniaj\u0105c dzia\u0142anie ro\u015bliny, z kt\u00f3r\u0105 jest skojarzona.<\/p>\n<div class=\"row\"  id=\"row-2081185405\">\n\n\n\t<div id=\"col-454631626\" class=\"col medium-6 small-12 large-6\"  >\n\t\t\t\t<div class=\"col-inner\"  >\n\t\t\t\n\t\t\t\n\n<div class=\"video video-fit mb\" style=\"padding-top:56.25%;\"><iframe loading=\"lazy\" title=\"EL PODER CURATIVO DEL TABACO - EL RAP\u00c9 Y OTROS RITUALES\" width=\"1020\" height=\"574\" src=\"https:\/\/www.youtube.com\/embed\/ljwx0ZJ7sDE?feature=oembed&#038;enablejsapi=1&#038;origin=https:\/\/www.sinchisinchi.com\" frameborder=\"0\" allow=\"accelerometer; autoplay; clipboard-write; encrypted-media; gyroscope; picture-in-picture; web-share\" referrerpolicy=\"strict-origin-when-cross-origin\" allowfullscreen><\/iframe><\/div>\n\n\n\t\t<\/div>\n\t\t\t\t\t<\/div>\n\n\t\n\n\t<div id=\"col-511860015\" class=\"col medium-6 small-12 large-6\"  >\n\t\t\t\t<div class=\"col-inner\"  >\n\t\t\t\n\t\t\t\n\n<div class=\"video video-fit mb\" style=\"padding-top:56.25%;\"><p><iframe loading=\"lazy\" title=\"Sinchi, sinchi, negrito. El uso medicinal del tabaco en la alta amazonia peruana.\" width=\"1020\" height=\"574\" src=\"https:\/\/www.youtube.com\/embed\/0uzANSxlepM?feature=oembed&#038;enablejsapi=1&#038;origin=https:\/\/www.sinchisinchi.com\" frameborder=\"0\" allow=\"accelerometer; autoplay; clipboard-write; encrypted-media; gyroscope; picture-in-picture; web-share\" referrerpolicy=\"strict-origin-when-cross-origin\" allowfullscreen><\/iframe><\/p>\n<\/div>\n\n\n\t\t<\/div>\n\t\t\t\t\t<\/div>\n\n\t\n\n<\/div>\n<div class=\"row align-bottom align-center\"  id=\"row-977440013\">\n\n\n\t<div id=\"col-1142017532\" class=\"col medium-4 small-12 large-4\"  >\n\t\t\t\t<div class=\"col-inner\"  >\n\t\t\t\n\t\t\t\n\n\n\t\t<\/div>\n\t\t\t\t\t<\/div>\n\n\t\n\n\t<div id=\"col-1483441412\" class=\"col medium-4 small-12 large-4\"  >\n\t\t\t\t<div class=\"col-inner\"  >\n\t\t\t\n\t\t\t\n\n<a href=\"https:\/\/www.sinchisinchi.com\/pl\/wiedza\/swieta-roslina-nicotiana\/tradycyjne-uzycie-swietego-mapacho\/\" class=\"button primary is-underline reveal-icon expand\" >\n\t\t<span>Czytaj dalej<\/span>\n\t<i class=\"icon-angle-right\" aria-hidden=\"true\"><\/i><\/a>\n\n\n\n\t\t<\/div>\n\t\t\t\t\t<\/div>\n\n\t\n\n\t<div id=\"col-106159624\" class=\"col medium-4 small-12 large-4\"  >\n\t\t\t\t<div class=\"col-inner\"  >\n\t\t\t\n\t\t\t\n\n\n\t\t<\/div>\n\t\t\t\t\t<\/div>\n\n\t\n\n<\/div>\n\n","protected":false},"excerpt":{"rendered":"","protected":false},"author":1,"featured_media":0,"parent":15536,"menu_order":0,"comment_status":"closed","ping_status":"closed","template":"","meta":{"_joinchat":[],"footnotes":""},"class_list":["post-10294","page","type-page","status-publish","hentry"],"yoast_head":"<!-- This site is optimized with the Yoast SEO plugin v27.1.1 - https:\/\/yoast.com\/product\/yoast-seo-wordpress\/ -->\n<title>\u015awi\u0119ta ro\u015blina Mapacho (Nicotiana): Efekty<\/title>\n<meta name=\"description\" content=\"Ro\u015blina Nicotiana pochodzi z Ameryki i cz\u0142owiek zna\u0142 j\u0105 tam tysi\u0105ce lat temu, zanim jej zastosowanie rozprzestrzeni\u0142o si\u0119 na ca\u0142y \u015bwiat.\" \/>\n<meta name=\"robots\" content=\"index, follow, max-snippet:-1, max-image-preview:large, max-video-preview:-1\" \/>\n<link rel=\"canonical\" href=\"https:\/\/www.sinchisinchi.com\/pl\/wiedza\/swieta-roslina-nicotiana\/\" \/>\n<meta property=\"og:locale\" content=\"pl_PL\" \/>\n<meta property=\"og:type\" content=\"article\" \/>\n<meta property=\"og:title\" content=\"\u015awi\u0119ta ro\u015blina Mapacho (Nicotiana): Efekty\" \/>\n<meta property=\"og:description\" content=\"Ro\u015blina Nicotiana pochodzi z Ameryki i cz\u0142owiek zna\u0142 j\u0105 tam tysi\u0105ce lat temu, zanim jej zastosowanie rozprzestrzeni\u0142o si\u0119 na ca\u0142y \u015bwiat.\" \/>\n<meta property=\"og:url\" content=\"https:\/\/www.sinchisinchi.com\/pl\/wiedza\/swieta-roslina-nicotiana\/\" \/>\n<meta property=\"og:site_name\" content=\"SINCHI RAP\u00c9\" \/>\n<meta property=\"article:publisher\" content=\"https:\/\/www.facebook.com\/sinchirape\/\" \/>\n<meta property=\"article:modified_time\" content=\"2026-03-04T18:12:15+00:00\" \/>\n<meta name=\"twitter:card\" content=\"summary_large_image\" \/>\n<meta name=\"twitter:label1\" content=\"Szacowany czas czytania\" \/>\n\t<meta name=\"twitter:data1\" content=\"3 minuty\" \/>\n<script type=\"application\/ld+json\" class=\"yoast-schema-graph\">{\"@context\":\"https:\/\/schema.org\",\"@graph\":[{\"@type\":\"WebPage\",\"@id\":\"https:\/\/www.sinchisinchi.com\/pl\/wiedza\/swieta-roslina-nicotiana\/\",\"url\":\"https:\/\/www.sinchisinchi.com\/pl\/wiedza\/swieta-roslina-nicotiana\/\",\"name\":\"\u015awi\u0119ta ro\u015blina Mapacho (Nicotiana): Efekty\",\"isPartOf\":{\"@id\":\"https:\/\/www.sinchisinchi.com\/pl\/#website\"},\"datePublished\":\"2023-10-27T21:26:15+00:00\",\"dateModified\":\"2026-03-04T18:12:15+00:00\",\"description\":\"Ro\u015blina Nicotiana pochodzi z Ameryki i cz\u0142owiek zna\u0142 j\u0105 tam tysi\u0105ce lat temu, zanim jej zastosowanie rozprzestrzeni\u0142o si\u0119 na ca\u0142y \u015bwiat.\",\"breadcrumb\":{\"@id\":\"https:\/\/www.sinchisinchi.com\/pl\/wiedza\/swieta-roslina-nicotiana\/#breadcrumb\"},\"inLanguage\":\"pl-PL\",\"potentialAction\":[{\"@type\":\"ReadAction\",\"target\":[\"https:\/\/www.sinchisinchi.com\/pl\/wiedza\/swieta-roslina-nicotiana\/\"]}]},{\"@type\":\"BreadcrumbList\",\"@id\":\"https:\/\/www.sinchisinchi.com\/pl\/wiedza\/swieta-roslina-nicotiana\/#breadcrumb\",\"itemListElement\":[{\"@type\":\"ListItem\",\"position\":1,\"name\":\"Pierwsza strona\",\"item\":\"https:\/\/www.sinchisinchi.com\/pl\/\"},{\"@type\":\"ListItem\",\"position\":2,\"name\":\"Wiedza\",\"item\":\"https:\/\/www.sinchisinchi.com\/pl\/wiedza\/\"},{\"@type\":\"ListItem\",\"position\":3,\"name\":\"\u015awi\u0119ta ro\u015blina Nicotiana\"}]},{\"@type\":\"WebSite\",\"@id\":\"https:\/\/www.sinchisinchi.com\/pl\/#website\",\"url\":\"https:\/\/www.sinchisinchi.com\/pl\/\",\"name\":\"SINCHI\",\"description\":\"Sinchi Medicine\",\"publisher\":{\"@id\":\"https:\/\/www.sinchisinchi.com\/pl\/#organization\"},\"potentialAction\":[{\"@type\":\"SearchAction\",\"target\":{\"@type\":\"EntryPoint\",\"urlTemplate\":\"https:\/\/www.sinchisinchi.com\/pl\/?s={search_term_string}\"},\"query-input\":{\"@type\":\"PropertyValueSpecification\",\"valueRequired\":true,\"valueName\":\"search_term_string\"}}],\"inLanguage\":\"pl-PL\"},{\"@type\":\"Organization\",\"@id\":\"https:\/\/www.sinchisinchi.com\/pl\/#organization\",\"name\":\"SINCHI S.L\",\"url\":\"https:\/\/www.sinchisinchi.com\/pl\/\",\"logo\":{\"@type\":\"ImageObject\",\"inLanguage\":\"pl-PL\",\"@id\":\"https:\/\/www.sinchisinchi.com\/pl\/#\/schema\/logo\/image\/\",\"url\":\"https:\/\/www.sinchisinchi.com\/wp-content\/uploads\/2026\/01\/3b-Verde-SIMPLIFICADO-HORIZONTAL-F-TRANSPARENTE-scaled.png\",\"contentUrl\":\"https:\/\/www.sinchisinchi.com\/wp-content\/uploads\/2026\/01\/3b-Verde-SIMPLIFICADO-HORIZONTAL-F-TRANSPARENTE-scaled.png\",\"width\":2560,\"height\":457,\"caption\":\"SINCHI S.L\"},\"image\":{\"@id\":\"https:\/\/www.sinchisinchi.com\/pl\/#\/schema\/logo\/image\/\"},\"sameAs\":[\"https:\/\/www.facebook.com\/sinchirape\/\",\"https:\/\/www.instagram.com\/sinchi_rape\/\"]}]}<\/script>\n<!-- \/ Yoast SEO plugin. -->","yoast_head_json":{"title":"\u015awi\u0119ta ro\u015blina Mapacho (Nicotiana): Efekty","description":"Ro\u015blina Nicotiana pochodzi z Ameryki i cz\u0142owiek zna\u0142 j\u0105 tam tysi\u0105ce lat temu, zanim jej zastosowanie rozprzestrzeni\u0142o si\u0119 na ca\u0142y \u015bwiat.","robots":{"index":"index","follow":"follow","max-snippet":"max-snippet:-1","max-image-preview":"max-image-preview:large","max-video-preview":"max-video-preview:-1"},"canonical":"https:\/\/www.sinchisinchi.com\/pl\/wiedza\/swieta-roslina-nicotiana\/","og_locale":"pl_PL","og_type":"article","og_title":"\u015awi\u0119ta ro\u015blina Mapacho (Nicotiana): Efekty","og_description":"Ro\u015blina Nicotiana pochodzi z Ameryki i cz\u0142owiek zna\u0142 j\u0105 tam tysi\u0105ce lat temu, zanim jej zastosowanie rozprzestrzeni\u0142o si\u0119 na ca\u0142y \u015bwiat.","og_url":"https:\/\/www.sinchisinchi.com\/pl\/wiedza\/swieta-roslina-nicotiana\/","og_site_name":"SINCHI RAP\u00c9","article_publisher":"https:\/\/www.facebook.com\/sinchirape\/","article_modified_time":"2026-03-04T18:12:15+00:00","twitter_card":"summary_large_image","twitter_misc":{"Szacowany czas czytania":"3 minuty"},"schema":{"@context":"https:\/\/schema.org","@graph":[{"@type":"WebPage","@id":"https:\/\/www.sinchisinchi.com\/pl\/wiedza\/swieta-roslina-nicotiana\/","url":"https:\/\/www.sinchisinchi.com\/pl\/wiedza\/swieta-roslina-nicotiana\/","name":"\u015awi\u0119ta ro\u015blina Mapacho (Nicotiana): Efekty","isPartOf":{"@id":"https:\/\/www.sinchisinchi.com\/pl\/#website"},"datePublished":"2023-10-27T21:26:15+00:00","dateModified":"2026-03-04T18:12:15+00:00","description":"Ro\u015blina Nicotiana pochodzi z Ameryki i cz\u0142owiek zna\u0142 j\u0105 tam tysi\u0105ce lat temu, zanim jej zastosowanie rozprzestrzeni\u0142o si\u0119 na ca\u0142y \u015bwiat.","breadcrumb":{"@id":"https:\/\/www.sinchisinchi.com\/pl\/wiedza\/swieta-roslina-nicotiana\/#breadcrumb"},"inLanguage":"pl-PL","potentialAction":[{"@type":"ReadAction","target":["https:\/\/www.sinchisinchi.com\/pl\/wiedza\/swieta-roslina-nicotiana\/"]}]},{"@type":"BreadcrumbList","@id":"https:\/\/www.sinchisinchi.com\/pl\/wiedza\/swieta-roslina-nicotiana\/#breadcrumb","itemListElement":[{"@type":"ListItem","position":1,"name":"Pierwsza strona","item":"https:\/\/www.sinchisinchi.com\/pl\/"},{"@type":"ListItem","position":2,"name":"Wiedza","item":"https:\/\/www.sinchisinchi.com\/pl\/wiedza\/"},{"@type":"ListItem","position":3,"name":"\u015awi\u0119ta ro\u015blina Nicotiana"}]},{"@type":"WebSite","@id":"https:\/\/www.sinchisinchi.com\/pl\/#website","url":"https:\/\/www.sinchisinchi.com\/pl\/","name":"SINCHI","description":"Sinchi Medicine","publisher":{"@id":"https:\/\/www.sinchisinchi.com\/pl\/#organization"},"potentialAction":[{"@type":"SearchAction","target":{"@type":"EntryPoint","urlTemplate":"https:\/\/www.sinchisinchi.com\/pl\/?s={search_term_string}"},"query-input":{"@type":"PropertyValueSpecification","valueRequired":true,"valueName":"search_term_string"}}],"inLanguage":"pl-PL"},{"@type":"Organization","@id":"https:\/\/www.sinchisinchi.com\/pl\/#organization","name":"SINCHI S.L","url":"https:\/\/www.sinchisinchi.com\/pl\/","logo":{"@type":"ImageObject","inLanguage":"pl-PL","@id":"https:\/\/www.sinchisinchi.com\/pl\/#\/schema\/logo\/image\/","url":"https:\/\/www.sinchisinchi.com\/wp-content\/uploads\/2026\/01\/3b-Verde-SIMPLIFICADO-HORIZONTAL-F-TRANSPARENTE-scaled.png","contentUrl":"https:\/\/www.sinchisinchi.com\/wp-content\/uploads\/2026\/01\/3b-Verde-SIMPLIFICADO-HORIZONTAL-F-TRANSPARENTE-scaled.png","width":2560,"height":457,"caption":"SINCHI S.L"},"image":{"@id":"https:\/\/www.sinchisinchi.com\/pl\/#\/schema\/logo\/image\/"},"sameAs":["https:\/\/www.facebook.com\/sinchirape\/","https:\/\/www.instagram.com\/sinchi_rape\/"]}]}},"_links":{"self":[{"href":"https:\/\/www.sinchisinchi.com\/pl\/wp-json\/wp\/v2\/pages\/10294","targetHints":{"allow":["GET"]}}],"collection":[{"href":"https:\/\/www.sinchisinchi.com\/pl\/wp-json\/wp\/v2\/pages"}],"about":[{"href":"https:\/\/www.sinchisinchi.com\/pl\/wp-json\/wp\/v2\/types\/page"}],"author":[{"embeddable":true,"href":"https:\/\/www.sinchisinchi.com\/pl\/wp-json\/wp\/v2\/users\/1"}],"replies":[{"embeddable":true,"href":"https:\/\/www.sinchisinchi.com\/pl\/wp-json\/wp\/v2\/comments?post=10294"}],"version-history":[{"count":1,"href":"https:\/\/www.sinchisinchi.com\/pl\/wp-json\/wp\/v2\/pages\/10294\/revisions"}],"predecessor-version":[{"id":30193,"href":"https:\/\/www.sinchisinchi.com\/pl\/wp-json\/wp\/v2\/pages\/10294\/revisions\/30193"}],"up":[{"embeddable":true,"href":"https:\/\/www.sinchisinchi.com\/pl\/wp-json\/wp\/v2\/pages\/15536"}],"wp:attachment":[{"href":"https:\/\/www.sinchisinchi.com\/pl\/wp-json\/wp\/v2\/media?parent=10294"}],"curies":[{"name":"wp","href":"https:\/\/api.w.org\/{rel}","templated":true}]}}