{"id":10420,"date":"2023-10-28T23:20:07","date_gmt":"2023-10-28T23:20:07","guid":{"rendered":"https:\/\/www.sinchisinchi.com\/informacje-rape\/ceremonia-rape\/"},"modified":"2026-03-04T20:14:58","modified_gmt":"2026-03-04T20:14:58","slug":"ceremonia-rape","status":"publish","type":"page","link":"https:\/\/www.sinchisinchi.com\/pl\/wiedza\/co-to-jest-rape\/ceremonia-rape\/","title":{"rendered":"Ceremonia Rap\u00e9"},"content":{"rendered":"\n<h1 style=\"text-align: center;\">Rytua\u0142 Rap\u00e9<\/h1>\n<p>Na p\u00f3\u0142nocy Brazylii rdzenni mieszka\u0144cy u\u017cywali Rap\u00e9 od tysi\u0105cleci, na d\u0142ugo przed przybyciem bia\u0142ego cz\u0142owieka, jako leku o zastosowaniu terapeutycznym i duchowym.<\/p>\n<p>Rap\u00e9 to staro\u017cytny lek na po\u0142\u0105czenie, pot\u0119\u017cny zmieniacz \u015bwiadomo\u015bci\/enteogen, kt\u00f3ry ma pot\u0119\u017cn\u0105 moc otwierania nas na wy\u017csze wymiary i w tym celu zawsze u\u017cywa si\u0119 go w towarzystwie ma\u0142ej ceremonii lub rytua\u0142u tabaki przed za\u017cyciem, w tym przypadku w kt\u00f3rym sk\u0142adamy czyst\u0105 i \u015bwietlist\u0105 intencj\u0119.<\/p>\n<p>Rap\u0119 to pot\u0119\u017cny i staro\u017cytny spos\u00f3b na wzniesienie modlitwy i po\u0142\u0105czenie si\u0119 z bosko\u015bci\u0105. Zawsze powinno by\u0107 ukierunkowane na cel duchowy, skupienie, modlitw\u0119, poszukiwanie uzdrowienia lub duchowego po\u0142\u0105czenia.<\/p>\n<p>W miar\u0119 mo\u017cliwo\u015bci b\u0119dzie u\u017cywany w odpowiednim \u015brodowisku, najlepiej na \u0142onie natury, w czystym miejscu, z dala od niepotrzebnych przedmiot\u00f3w i innych czynnik\u00f3w rozpraszaj\u0105cych.<\/p>\n<div class=\"row\"  id=\"row-279090374\">\n\n\n\t<div id=\"col-932769389\" class=\"col medium-6 small-12 large-6\"  >\n\t\t\t\t<div class=\"col-inner\"  >\n\t\t\t\n\t\t\t\n\n\t<div class=\"img has-hover x md-x lg-x y md-y lg-y\" id=\"image_249647061\">\n\t\t\t\t\t\t\t\t<div class=\"img-inner dark\" >\n\t\t\t<img loading=\"lazy\" decoding=\"async\" width=\"868\" height=\"563\" src=\"https:\/\/www.sinchisinchi.com\/wp-content\/uploads\/2024\/07\/R-dibujos-de-rape3-2.jpg\" class=\"attachment-large size-large\" alt=\"\" srcset=\"https:\/\/www.sinchisinchi.com\/wp-content\/uploads\/2024\/07\/R-dibujos-de-rape3-2.jpg 868w, https:\/\/www.sinchisinchi.com\/wp-content\/uploads\/2024\/07\/R-dibujos-de-rape3-2-600x389.jpg 600w, https:\/\/www.sinchisinchi.com\/wp-content\/uploads\/2024\/07\/R-dibujos-de-rape3-2-768x498.jpg 768w, https:\/\/www.sinchisinchi.com\/wp-content\/uploads\/2024\/07\/R-dibujos-de-rape3-2-247x160.jpg 247w, https:\/\/www.sinchisinchi.com\/wp-content\/uploads\/2024\/07\/R-dibujos-de-rape3-2-510x331.jpg 510w\" sizes=\"auto, (max-width: 868px) 100vw, 868px\" \/>\t\t\t\t\t\t\n\t\t\t\t\t<\/div>\n\t\t\t\t\t\t\t\t\n<style>\n#image_249647061 {\n  width: 100%;\n}\n<\/style>\n\t<\/div>\n\t\n\n\n\t\t<\/div>\n\t\t\t\t\t<\/div>\n\n\t\n\n\t<div id=\"col-452091706\" class=\"col medium-6 small-12 large-6\"  >\n\t\t\t\t<div class=\"col-inner\"  >\n\t\t\t\n\t\t\t\n\n\t<div class=\"img has-hover x md-x lg-x y md-y lg-y\" id=\"image_136730127\">\n\t\t\t\t\t\t\t\t<div class=\"img-inner dark\" >\n\t\t\t<img loading=\"lazy\" decoding=\"async\" width=\"868\" height=\"563\" src=\"https:\/\/www.sinchisinchi.com\/wp-content\/uploads\/2024\/07\/R-toma-de-rape1-2.jpg\" class=\"attachment-large size-large\" alt=\"\" srcset=\"https:\/\/www.sinchisinchi.com\/wp-content\/uploads\/2024\/07\/R-toma-de-rape1-2.jpg 868w, https:\/\/www.sinchisinchi.com\/wp-content\/uploads\/2024\/07\/R-toma-de-rape1-2-600x389.jpg 600w, https:\/\/www.sinchisinchi.com\/wp-content\/uploads\/2024\/07\/R-toma-de-rape1-2-768x498.jpg 768w, https:\/\/www.sinchisinchi.com\/wp-content\/uploads\/2024\/07\/R-toma-de-rape1-2-247x160.jpg 247w, https:\/\/www.sinchisinchi.com\/wp-content\/uploads\/2024\/07\/R-toma-de-rape1-2-510x331.jpg 510w\" sizes=\"auto, (max-width: 868px) 100vw, 868px\" \/>\t\t\t\t\t\t\n\t\t\t\t\t<\/div>\n\t\t\t\t\t\t\t\t\n<style>\n#image_136730127 {\n  width: 100%;\n}\n<\/style>\n\t<\/div>\n\t\n\n\n\t\t<\/div>\n\t\t\t\t\t<\/div>\n\n\t\n\n<\/div>\n<p>W ramach ceremonii, podczas za\u017cywania tabaki lub innej formy \u015bwi\u0119tego Mapacho, mo\u017cna \u015bpiewa\u0107 lub s\u0142ucha\u0107 pie\u015bni uzdrawiaj\u0105cych lub szamanistycznych, poniewa\u017c tyto\u0144 umo\u017cliwia nam kontakt z nasz\u0105 w\u0142asn\u0105 esencj\u0105 oraz z duchami d\u017cungli i natury.<\/p>\n<p>Do rytua\u0142u tabaki szczeg\u00f3lnie wskazane jest palenie kadzide\u0142ek z kopalem, benzoesem, palo santo lub innymi \u017cywicami, kt\u00f3re maj\u0105 doskona\u0142e energetyczne w\u0142a\u015bciwo\u015bci oczyszczaj\u0105ce i \u0142\u0105cz\u0105ce.<\/p>\n<p>W Amazonii dzielenie si\u0119 w kr\u0119gach Rap\u00e9owych jest zaj\u0119ciem maj\u0105cym korzenie przodk\u00f3w. Dla tych kultur, takich jak Katukina, Nukini i Yawanawa, Dziadek Mapacho jest lekarstwem zawieraj\u0105cym Ducha o wielkiej mocy, kt\u00f3ry przynosi uzdrowienie i ochron\u0119, odp\u0119dzaj\u0105c wszelkiego rodzaju z\u0142o.<\/p>\n<p>W spos\u00f3b rytualny przywo\u0142ywane s\u0105 si\u0142y, kierunki lub elementy Natury, b\u0142ogos\u0142awie\u0144stwo zwierz\u0105t le\u015bnych lub moc ro\u015blin leczniczych, aby nas uzdrowi\u0142y i doda\u0142y si\u0142.<\/p>\n<div class=\"row\"  id=\"row-326202869\">\n\n\n\t<div id=\"col-1162411587\" class=\"col medium-6 small-12 large-6\"  >\n\t\t\t\t<div class=\"col-inner\"  >\n\t\t\t\n\t\t\t\n\n\t<div class=\"img has-hover x md-x lg-x y md-y lg-y\" id=\"image_1805945008\">\n\t\t\t\t\t\t\t\t<div class=\"img-inner dark\" >\n\t\t\t<img loading=\"lazy\" decoding=\"async\" width=\"868\" height=\"563\" src=\"https:\/\/www.sinchisinchi.com\/wp-content\/uploads\/2024\/07\/R-toma-de-rape2-1.jpg\" class=\"attachment-large size-large\" alt=\"\" srcset=\"https:\/\/www.sinchisinchi.com\/wp-content\/uploads\/2024\/07\/R-toma-de-rape2-1.jpg 868w, https:\/\/www.sinchisinchi.com\/wp-content\/uploads\/2024\/07\/R-toma-de-rape2-1-600x389.jpg 600w, https:\/\/www.sinchisinchi.com\/wp-content\/uploads\/2024\/07\/R-toma-de-rape2-1-768x498.jpg 768w, https:\/\/www.sinchisinchi.com\/wp-content\/uploads\/2024\/07\/R-toma-de-rape2-1-247x160.jpg 247w, https:\/\/www.sinchisinchi.com\/wp-content\/uploads\/2024\/07\/R-toma-de-rape2-1-510x331.jpg 510w\" sizes=\"auto, (max-width: 868px) 100vw, 868px\" \/>\t\t\t\t\t\t\n\t\t\t\t\t<\/div>\n\t\t\t\t\t\t\t\t\n<style>\n#image_1805945008 {\n  width: 100%;\n}\n<\/style>\n\t<\/div>\n\t\n\n\n\t\t<\/div>\n\t\t\t\t\t<\/div>\n\n\t\n\n\t<div id=\"col-892415865\" class=\"col medium-6 small-12 large-6\"  >\n\t\t\t\t<div class=\"col-inner\"  >\n\t\t\t\n\t\t\t\n\n\t<div class=\"img has-hover x md-x lg-x y md-y lg-y\" id=\"image_113443656\">\n\t\t\t\t\t\t\t\t<div class=\"img-inner dark\" >\n\t\t\t<img loading=\"lazy\" decoding=\"async\" width=\"868\" height=\"563\" src=\"https:\/\/www.sinchisinchi.com\/wp-content\/uploads\/2024\/07\/R-Planta-del-mapacho7-2.jpg\" class=\"attachment-large size-large\" alt=\"\" srcset=\"https:\/\/www.sinchisinchi.com\/wp-content\/uploads\/2024\/07\/R-Planta-del-mapacho7-2.jpg 868w, https:\/\/www.sinchisinchi.com\/wp-content\/uploads\/2024\/07\/R-Planta-del-mapacho7-2-600x389.jpg 600w, https:\/\/www.sinchisinchi.com\/wp-content\/uploads\/2024\/07\/R-Planta-del-mapacho7-2-768x498.jpg 768w, https:\/\/www.sinchisinchi.com\/wp-content\/uploads\/2024\/07\/R-Planta-del-mapacho7-2-247x160.jpg 247w, https:\/\/www.sinchisinchi.com\/wp-content\/uploads\/2024\/07\/R-Planta-del-mapacho7-2-510x331.jpg 510w\" sizes=\"auto, (max-width: 868px) 100vw, 868px\" \/>\t\t\t\t\t\t\n\t\t\t\t\t<\/div>\n\t\t\t\t\t\t\t\t\n<style>\n#image_113443656 {\n  width: 100%;\n}\n<\/style>\n\t<\/div>\n\t\n\n\n\t\t<\/div>\n\t\t\t\t\t<\/div>\n\n\t\n\n<\/div>\n\t<div id=\"gap-1852605656\" class=\"gap-element clearfix\" style=\"display:block; height:auto;\">\n\t\t\n<style>\n#gap-1852605656 {\n  padding-top: 30px;\n}\n<\/style>\n\t<\/div>\n\t\n\n<div class=\"row align-bottom\"  id=\"row-140048775\">\n\n\n\t<div id=\"col-488267967\" class=\"col medium-4 small-12 large-4\"  >\n\t\t\t\t<div class=\"col-inner\"  >\n\t\t\t\n\t\t\t\n\n\n\t\t<\/div>\n\t\t\t\t\t<\/div>\n\n\t\n\n\t<div id=\"col-243461262\" class=\"col medium-4 small-12 large-4\"  >\n\t\t\t\t<div class=\"col-inner\"  >\n\t\t\t\n\t\t\t\n\n<a href=\"https:\/\/www.sinchisinchi.com\/pl\/wiedza\/co-to-jest-rape\/rape-jak-to-sie-robi\/\" class=\"button primary is-underline reveal-icon expand\" >\n\t\t<span>CZYTAJ DALEJ<\/span>\n\t<i class=\"icon-angle-right\" aria-hidden=\"true\"><\/i><\/a>\n\n\n\n\t\t<\/div>\n\t\t\t\t\t<\/div>\n\n\t\n\n\t<div id=\"col-496509786\" class=\"col medium-4 small-12 large-4\"  >\n\t\t\t\t<div class=\"col-inner\"  >\n\t\t\t\n\t\t\t\n\n\n\t\t<\/div>\n\t\t\t\t\t<\/div>\n\n\t\n\n<\/div>\n\n","protected":false},"excerpt":{"rendered":"","protected":false},"author":1,"featured_media":0,"parent":10671,"menu_order":0,"comment_status":"closed","ping_status":"closed","template":"","meta":{"_joinchat":[],"footnotes":""},"class_list":["post-10420","page","type-page","status-publish","hentry"],"yoast_head":"<!-- This site is optimized with the Yoast SEO plugin v27.1.1 - https:\/\/yoast.com\/product\/yoast-seo-wordpress\/ -->\n<title>Ceremonia Rap\u00e9 \u2013 Tradycyjne U\u017cywanie Rap\u00e9<\/title>\n<meta name=\"description\" content=\"Rap\u00e9 to staro\u017cytny lek na po\u0142\u0105czenie, pot\u0119\u017cny enteogen, kt\u00f3ry ma pot\u0119\u017cn\u0105 moc otwierania nas.\" \/>\n<meta name=\"robots\" content=\"index, follow, max-snippet:-1, max-image-preview:large, max-video-preview:-1\" \/>\n<link rel=\"canonical\" href=\"https:\/\/www.sinchisinchi.com\/pl\/wiedza\/co-to-jest-rape\/ceremonia-rape\/\" \/>\n<meta property=\"og:locale\" content=\"pl_PL\" \/>\n<meta property=\"og:type\" content=\"article\" \/>\n<meta property=\"og:title\" content=\"Ceremonia Rap\u00e9 \u2013 Tradycyjne U\u017cywanie Rap\u00e9\" \/>\n<meta property=\"og:description\" content=\"Rap\u00e9 to staro\u017cytny lek na po\u0142\u0105czenie, pot\u0119\u017cny enteogen, kt\u00f3ry ma pot\u0119\u017cn\u0105 moc otwierania nas.\" \/>\n<meta property=\"og:url\" content=\"https:\/\/www.sinchisinchi.com\/pl\/wiedza\/co-to-jest-rape\/ceremonia-rape\/\" \/>\n<meta property=\"og:site_name\" content=\"SINCHI RAP\u00c9\" \/>\n<meta property=\"article:publisher\" content=\"https:\/\/www.facebook.com\/sinchirape\/\" \/>\n<meta property=\"article:modified_time\" content=\"2026-03-04T20:14:58+00:00\" \/>\n<meta name=\"twitter:card\" content=\"summary_large_image\" \/>\n<meta name=\"twitter:label1\" content=\"Szacowany czas czytania\" \/>\n\t<meta name=\"twitter:data1\" content=\"2 minuty\" \/>\n<script type=\"application\/ld+json\" class=\"yoast-schema-graph\">{\"@context\":\"https:\/\/schema.org\",\"@graph\":[{\"@type\":\"WebPage\",\"@id\":\"https:\/\/www.sinchisinchi.com\/pl\/wiedza\/co-to-jest-rape\/ceremonia-rape\/\",\"url\":\"https:\/\/www.sinchisinchi.com\/pl\/wiedza\/co-to-jest-rape\/ceremonia-rape\/\",\"name\":\"Ceremonia Rap\u00e9 \u2013 Tradycyjne U\u017cywanie Rap\u00e9\",\"isPartOf\":{\"@id\":\"https:\/\/www.sinchisinchi.com\/pl\/#website\"},\"datePublished\":\"2023-10-28T23:20:07+00:00\",\"dateModified\":\"2026-03-04T20:14:58+00:00\",\"description\":\"Rap\u00e9 to staro\u017cytny lek na po\u0142\u0105czenie, pot\u0119\u017cny enteogen, kt\u00f3ry ma pot\u0119\u017cn\u0105 moc otwierania nas.\",\"breadcrumb\":{\"@id\":\"https:\/\/www.sinchisinchi.com\/pl\/wiedza\/co-to-jest-rape\/ceremonia-rape\/#breadcrumb\"},\"inLanguage\":\"pl-PL\",\"potentialAction\":[{\"@type\":\"ReadAction\",\"target\":[\"https:\/\/www.sinchisinchi.com\/pl\/wiedza\/co-to-jest-rape\/ceremonia-rape\/\"]}]},{\"@type\":\"BreadcrumbList\",\"@id\":\"https:\/\/www.sinchisinchi.com\/pl\/wiedza\/co-to-jest-rape\/ceremonia-rape\/#breadcrumb\",\"itemListElement\":[{\"@type\":\"ListItem\",\"position\":1,\"name\":\"Pierwsza strona\",\"item\":\"https:\/\/www.sinchisinchi.com\/pl\/\"},{\"@type\":\"ListItem\",\"position\":2,\"name\":\"Wiedza\",\"item\":\"https:\/\/www.sinchisinchi.com\/pl\/wiedza\/\"},{\"@type\":\"ListItem\",\"position\":3,\"name\":\"Co to jest Rap\u00e9\",\"item\":\"https:\/\/www.sinchisinchi.com\/pl\/connaissance\/quest-ce-que-le-rape\/\"},{\"@type\":\"ListItem\",\"position\":4,\"name\":\"Ceremonia Rap\u00e9\"}]},{\"@type\":\"WebSite\",\"@id\":\"https:\/\/www.sinchisinchi.com\/pl\/#website\",\"url\":\"https:\/\/www.sinchisinchi.com\/pl\/\",\"name\":\"SINCHI\",\"description\":\"Sinchi Medicine\",\"publisher\":{\"@id\":\"https:\/\/www.sinchisinchi.com\/pl\/#organization\"},\"potentialAction\":[{\"@type\":\"SearchAction\",\"target\":{\"@type\":\"EntryPoint\",\"urlTemplate\":\"https:\/\/www.sinchisinchi.com\/pl\/?s={search_term_string}\"},\"query-input\":{\"@type\":\"PropertyValueSpecification\",\"valueRequired\":true,\"valueName\":\"search_term_string\"}}],\"inLanguage\":\"pl-PL\"},{\"@type\":\"Organization\",\"@id\":\"https:\/\/www.sinchisinchi.com\/pl\/#organization\",\"name\":\"SINCHI S.L\",\"url\":\"https:\/\/www.sinchisinchi.com\/pl\/\",\"logo\":{\"@type\":\"ImageObject\",\"inLanguage\":\"pl-PL\",\"@id\":\"https:\/\/www.sinchisinchi.com\/pl\/#\/schema\/logo\/image\/\",\"url\":\"https:\/\/www.sinchisinchi.com\/wp-content\/uploads\/2026\/01\/3b-Verde-SIMPLIFICADO-HORIZONTAL-F-TRANSPARENTE-scaled.png\",\"contentUrl\":\"https:\/\/www.sinchisinchi.com\/wp-content\/uploads\/2026\/01\/3b-Verde-SIMPLIFICADO-HORIZONTAL-F-TRANSPARENTE-scaled.png\",\"width\":2560,\"height\":457,\"caption\":\"SINCHI S.L\"},\"image\":{\"@id\":\"https:\/\/www.sinchisinchi.com\/pl\/#\/schema\/logo\/image\/\"},\"sameAs\":[\"https:\/\/www.facebook.com\/sinchirape\/\",\"https:\/\/www.instagram.com\/sinchi_rape\/\"]}]}<\/script>\n<!-- \/ Yoast SEO plugin. -->","yoast_head_json":{"title":"Ceremonia Rap\u00e9 \u2013 Tradycyjne U\u017cywanie Rap\u00e9","description":"Rap\u00e9 to staro\u017cytny lek na po\u0142\u0105czenie, pot\u0119\u017cny enteogen, kt\u00f3ry ma pot\u0119\u017cn\u0105 moc otwierania nas.","robots":{"index":"index","follow":"follow","max-snippet":"max-snippet:-1","max-image-preview":"max-image-preview:large","max-video-preview":"max-video-preview:-1"},"canonical":"https:\/\/www.sinchisinchi.com\/pl\/wiedza\/co-to-jest-rape\/ceremonia-rape\/","og_locale":"pl_PL","og_type":"article","og_title":"Ceremonia Rap\u00e9 \u2013 Tradycyjne U\u017cywanie Rap\u00e9","og_description":"Rap\u00e9 to staro\u017cytny lek na po\u0142\u0105czenie, pot\u0119\u017cny enteogen, kt\u00f3ry ma pot\u0119\u017cn\u0105 moc otwierania nas.","og_url":"https:\/\/www.sinchisinchi.com\/pl\/wiedza\/co-to-jest-rape\/ceremonia-rape\/","og_site_name":"SINCHI RAP\u00c9","article_publisher":"https:\/\/www.facebook.com\/sinchirape\/","article_modified_time":"2026-03-04T20:14:58+00:00","twitter_card":"summary_large_image","twitter_misc":{"Szacowany czas czytania":"2 minuty"},"schema":{"@context":"https:\/\/schema.org","@graph":[{"@type":"WebPage","@id":"https:\/\/www.sinchisinchi.com\/pl\/wiedza\/co-to-jest-rape\/ceremonia-rape\/","url":"https:\/\/www.sinchisinchi.com\/pl\/wiedza\/co-to-jest-rape\/ceremonia-rape\/","name":"Ceremonia Rap\u00e9 \u2013 Tradycyjne U\u017cywanie Rap\u00e9","isPartOf":{"@id":"https:\/\/www.sinchisinchi.com\/pl\/#website"},"datePublished":"2023-10-28T23:20:07+00:00","dateModified":"2026-03-04T20:14:58+00:00","description":"Rap\u00e9 to staro\u017cytny lek na po\u0142\u0105czenie, pot\u0119\u017cny enteogen, kt\u00f3ry ma pot\u0119\u017cn\u0105 moc otwierania nas.","breadcrumb":{"@id":"https:\/\/www.sinchisinchi.com\/pl\/wiedza\/co-to-jest-rape\/ceremonia-rape\/#breadcrumb"},"inLanguage":"pl-PL","potentialAction":[{"@type":"ReadAction","target":["https:\/\/www.sinchisinchi.com\/pl\/wiedza\/co-to-jest-rape\/ceremonia-rape\/"]}]},{"@type":"BreadcrumbList","@id":"https:\/\/www.sinchisinchi.com\/pl\/wiedza\/co-to-jest-rape\/ceremonia-rape\/#breadcrumb","itemListElement":[{"@type":"ListItem","position":1,"name":"Pierwsza strona","item":"https:\/\/www.sinchisinchi.com\/pl\/"},{"@type":"ListItem","position":2,"name":"Wiedza","item":"https:\/\/www.sinchisinchi.com\/pl\/wiedza\/"},{"@type":"ListItem","position":3,"name":"Co to jest Rap\u00e9","item":"https:\/\/www.sinchisinchi.com\/pl\/connaissance\/quest-ce-que-le-rape\/"},{"@type":"ListItem","position":4,"name":"Ceremonia Rap\u00e9"}]},{"@type":"WebSite","@id":"https:\/\/www.sinchisinchi.com\/pl\/#website","url":"https:\/\/www.sinchisinchi.com\/pl\/","name":"SINCHI","description":"Sinchi Medicine","publisher":{"@id":"https:\/\/www.sinchisinchi.com\/pl\/#organization"},"potentialAction":[{"@type":"SearchAction","target":{"@type":"EntryPoint","urlTemplate":"https:\/\/www.sinchisinchi.com\/pl\/?s={search_term_string}"},"query-input":{"@type":"PropertyValueSpecification","valueRequired":true,"valueName":"search_term_string"}}],"inLanguage":"pl-PL"},{"@type":"Organization","@id":"https:\/\/www.sinchisinchi.com\/pl\/#organization","name":"SINCHI S.L","url":"https:\/\/www.sinchisinchi.com\/pl\/","logo":{"@type":"ImageObject","inLanguage":"pl-PL","@id":"https:\/\/www.sinchisinchi.com\/pl\/#\/schema\/logo\/image\/","url":"https:\/\/www.sinchisinchi.com\/wp-content\/uploads\/2026\/01\/3b-Verde-SIMPLIFICADO-HORIZONTAL-F-TRANSPARENTE-scaled.png","contentUrl":"https:\/\/www.sinchisinchi.com\/wp-content\/uploads\/2026\/01\/3b-Verde-SIMPLIFICADO-HORIZONTAL-F-TRANSPARENTE-scaled.png","width":2560,"height":457,"caption":"SINCHI S.L"},"image":{"@id":"https:\/\/www.sinchisinchi.com\/pl\/#\/schema\/logo\/image\/"},"sameAs":["https:\/\/www.facebook.com\/sinchirape\/","https:\/\/www.instagram.com\/sinchi_rape\/"]}]}},"_links":{"self":[{"href":"https:\/\/www.sinchisinchi.com\/pl\/wp-json\/wp\/v2\/pages\/10420","targetHints":{"allow":["GET"]}}],"collection":[{"href":"https:\/\/www.sinchisinchi.com\/pl\/wp-json\/wp\/v2\/pages"}],"about":[{"href":"https:\/\/www.sinchisinchi.com\/pl\/wp-json\/wp\/v2\/types\/page"}],"author":[{"embeddable":true,"href":"https:\/\/www.sinchisinchi.com\/pl\/wp-json\/wp\/v2\/users\/1"}],"replies":[{"embeddable":true,"href":"https:\/\/www.sinchisinchi.com\/pl\/wp-json\/wp\/v2\/comments?post=10420"}],"version-history":[{"count":1,"href":"https:\/\/www.sinchisinchi.com\/pl\/wp-json\/wp\/v2\/pages\/10420\/revisions"}],"predecessor-version":[{"id":30250,"href":"https:\/\/www.sinchisinchi.com\/pl\/wp-json\/wp\/v2\/pages\/10420\/revisions\/30250"}],"up":[{"embeddable":true,"href":"https:\/\/www.sinchisinchi.com\/pl\/wp-json\/wp\/v2\/pages\/10671"}],"wp:attachment":[{"href":"https:\/\/www.sinchisinchi.com\/pl\/wp-json\/wp\/v2\/media?parent=10420"}],"curies":[{"name":"wp","href":"https:\/\/api.w.org\/{rel}","templated":true}]}}