{"id":10452,"date":"2023-10-29T06:36:04","date_gmt":"2023-10-29T06:36:04","guid":{"rendered":"https:\/\/www.sinchisinchi.com\/informacje-rape\/dokumentalne-rape\/"},"modified":"2026-03-04T18:47:49","modified_gmt":"2026-03-04T18:47:49","slug":"dokumentalne-rape","status":"publish","type":"page","link":"https:\/\/www.sinchisinchi.com\/pl\/wiedza\/co-to-jest-rape\/dokumentalne-rape\/","title":{"rendered":"Dokumentalne Rap\u00e9"},"content":{"rendered":"\n<h1 style=\"text-align: center;\">Filmy dokumentalne o Rap\u00e9 i u\u017cywaniu \u015bwi\u0119tego Mapacho<\/h1>\n<div class=\"row\"  id=\"row-462805022\">\n\n\n\t<div id=\"col-1746765691\" class=\"col medium-6 small-12 large-6\"  >\n\t\t\t\t<div class=\"col-inner\"  >\n\t\t\t\n\t\t\t\n\n<div class=\"video video-fit mb\" style=\"padding-top:56.25%;\"><iframe loading=\"lazy\" title=\"EL PODER CURATIVO DEL TABACO - EL RAP\u00c9 Y OTROS RITUALES\" width=\"1020\" height=\"574\" src=\"https:\/\/www.youtube.com\/embed\/ljwx0ZJ7sDE?feature=oembed&#038;enablejsapi=1&#038;origin=https:\/\/www.sinchisinchi.com\" frameborder=\"0\" allow=\"accelerometer; autoplay; clipboard-write; encrypted-media; gyroscope; picture-in-picture; web-share\" referrerpolicy=\"strict-origin-when-cross-origin\" allowfullscreen><\/iframe><\/div>\n\n<p style=\"text-align: center;\">Uzdrawiaj\u0105ca moc tytoniu &#8211; Rap\u0119 i inne rytua\u0142y<\/p>\n\n\t\t<\/div>\n\t\t\t\t\t<\/div>\n\n\t\n\n\t<div id=\"col-1266591269\" class=\"col medium-6 small-12 large-6\"  >\n\t\t\t\t<div class=\"col-inner\"  >\n\t\t\t\n\t\t\t\n\n<div class=\"video video-fit mb\" style=\"padding-top:56.25%;\"><p><iframe loading=\"lazy\" title=\"Sinchi, sinchi, negrito. El uso medicinal del tabaco en la alta amazonia peruana.\" width=\"1020\" height=\"574\" src=\"https:\/\/www.youtube.com\/embed\/0uzANSxlepM?feature=oembed&#038;enablejsapi=1&#038;origin=https:\/\/www.sinchisinchi.com\" frameborder=\"0\" allow=\"accelerometer; autoplay; clipboard-write; encrypted-media; gyroscope; picture-in-picture; web-share\" referrerpolicy=\"strict-origin-when-cross-origin\" allowfullscreen><\/iframe><\/p>\n<\/div>\n\n<p style=\"text-align: center;\">Sinchi, sinchi, czarny ch\u0142opiec. Lecznicze zastosowanie tytoniu w g\u00f3rnej cz\u0119\u015bci Amazonii peruwia\u0144skiej.<\/p>\n\n\t\t<\/div>\n\t\t\t\t\t<\/div>\n\n\t\n\n<\/div>\n<div class=\"row\"  id=\"row-106197269\">\n\n\n\t<div id=\"col-1480100475\" class=\"col medium-6 small-12 large-6\"  >\n\t\t\t\t<div class=\"col-inner\"  >\n\t\t\t\n\t\t\t\n\n<div class=\"video video-fit mb\" style=\"padding-top:56.25%;\"><p><iframe loading=\"lazy\" title=\"Tabaco Sagrado - \u00bfC\u00f3mo y para qu\u00e9 fumarlo?\" width=\"1020\" height=\"574\" src=\"https:\/\/www.youtube.com\/embed\/XNI8YzjULbo?feature=oembed&#038;enablejsapi=1&#038;origin=https:\/\/www.sinchisinchi.com\" frameborder=\"0\" allow=\"accelerometer; autoplay; clipboard-write; encrypted-media; gyroscope; picture-in-picture; web-share\" referrerpolicy=\"strict-origin-when-cross-origin\" allowfullscreen><\/iframe><\/p>\n<\/div>\n\n<p style=\"font-weight: 400; text-align: center;\">Sacred Mapacho \u2013 jak i po co pali\u0107?<\/p>\n\n\t\t<\/div>\n\t\t\t\t\t<\/div>\n\n\t\n\n\t<div id=\"col-1244672094\" class=\"col medium-6 small-12 large-6\"  >\n\t\t\t\t<div class=\"col-inner\"  >\n\t\t\t\n\t\t\t\n\n<div class=\"video video-fit mb\" style=\"padding-top:56.25%;\"><p><iframe loading=\"lazy\" title=\"Historia del Tabaco\" width=\"1020\" height=\"574\" src=\"https:\/\/www.youtube.com\/embed\/RdcRSEMmyk0?feature=oembed&#038;enablejsapi=1&#038;origin=https:\/\/www.sinchisinchi.com\" frameborder=\"0\" allow=\"accelerometer; autoplay; clipboard-write; encrypted-media; gyroscope; picture-in-picture; web-share\" referrerpolicy=\"strict-origin-when-cross-origin\" allowfullscreen><\/iframe><\/p>\n<\/div>\n\n<p style=\"font-weight: 400; text-align: center;\">Historia Mapacho<\/p>\n\n\t\t<\/div>\n\t\t\t\t\t<\/div>\n\n\t\n\n<\/div>\n\n","protected":false},"excerpt":{"rendered":"","protected":false},"author":1,"featured_media":0,"parent":10671,"menu_order":0,"comment_status":"closed","ping_status":"closed","template":"","meta":{"_joinchat":[],"footnotes":""},"class_list":["post-10452","page","type-page","status-publish","hentry"],"yoast_head":"<!-- This site is optimized with the Yoast SEO plugin v27.4 - https:\/\/yoast.com\/product\/yoast-seo-wordpress\/ -->\n<title>Filmy dokumentalne o tradycyjnym u\u017cywaniu Rap\u00e9 i Mapacho<\/title>\n<meta name=\"description\" content=\"Ro\u015blina Mapacho to staro\u017cytna ro\u015blina pe\u0142na mocy i tajemnic, stosowana w Amazonii od tysi\u0119cy lat.\" \/>\n<meta name=\"robots\" content=\"index, follow, max-snippet:-1, max-image-preview:large, max-video-preview:-1\" \/>\n<link rel=\"canonical\" href=\"https:\/\/www.sinchisinchi.com\/pl\/wiedza\/co-to-jest-rape\/dokumentalne-rape\/\" \/>\n<meta property=\"og:locale\" content=\"pl_PL\" \/>\n<meta property=\"og:type\" content=\"article\" \/>\n<meta property=\"og:title\" content=\"Filmy dokumentalne o tradycyjnym u\u017cywaniu Rap\u00e9 i Mapacho\" \/>\n<meta property=\"og:description\" content=\"Ro\u015blina Mapacho to staro\u017cytna ro\u015blina pe\u0142na mocy i tajemnic, stosowana w Amazonii od tysi\u0119cy lat.\" \/>\n<meta property=\"og:url\" content=\"https:\/\/www.sinchisinchi.com\/pl\/wiedza\/co-to-jest-rape\/dokumentalne-rape\/\" \/>\n<meta property=\"og:site_name\" content=\"SINCHI RAP\u00c9\" \/>\n<meta property=\"article:publisher\" content=\"https:\/\/www.facebook.com\/sinchirape\/\" \/>\n<meta property=\"article:modified_time\" content=\"2026-03-04T18:47:49+00:00\" \/>\n<meta name=\"twitter:card\" content=\"summary_large_image\" \/>\n<meta name=\"twitter:label1\" content=\"Szacowany czas czytania\" \/>\n\t<meta name=\"twitter:data1\" content=\"1 minuta\" \/>\n<script type=\"application\/ld+json\" class=\"yoast-schema-graph\">{\"@context\":\"https:\\\/\\\/schema.org\",\"@graph\":[{\"@type\":\"WebPage\",\"@id\":\"https:\\\/\\\/www.sinchisinchi.com\\\/pl\\\/wiedza\\\/co-to-jest-rape\\\/dokumentalne-rape\\\/\",\"url\":\"https:\\\/\\\/www.sinchisinchi.com\\\/pl\\\/wiedza\\\/co-to-jest-rape\\\/dokumentalne-rape\\\/\",\"name\":\"Filmy dokumentalne o tradycyjnym u\u017cywaniu Rap\u00e9 i Mapacho\",\"isPartOf\":{\"@id\":\"https:\\\/\\\/www.sinchisinchi.com\\\/pl\\\/#website\"},\"datePublished\":\"2023-10-29T06:36:04+00:00\",\"dateModified\":\"2026-03-04T18:47:49+00:00\",\"description\":\"Ro\u015blina Mapacho to staro\u017cytna ro\u015blina pe\u0142na mocy i tajemnic, stosowana w Amazonii od tysi\u0119cy lat.\",\"breadcrumb\":{\"@id\":\"https:\\\/\\\/www.sinchisinchi.com\\\/pl\\\/wiedza\\\/co-to-jest-rape\\\/dokumentalne-rape\\\/#breadcrumb\"},\"inLanguage\":\"pl-PL\",\"potentialAction\":[{\"@type\":\"ReadAction\",\"target\":[\"https:\\\/\\\/www.sinchisinchi.com\\\/pl\\\/wiedza\\\/co-to-jest-rape\\\/dokumentalne-rape\\\/\"]}]},{\"@type\":\"BreadcrumbList\",\"@id\":\"https:\\\/\\\/www.sinchisinchi.com\\\/pl\\\/wiedza\\\/co-to-jest-rape\\\/dokumentalne-rape\\\/#breadcrumb\",\"itemListElement\":[{\"@type\":\"ListItem\",\"position\":1,\"name\":\"Pierwsza strona\",\"item\":\"https:\\\/\\\/www.sinchisinchi.com\\\/pl\\\/\"},{\"@type\":\"ListItem\",\"position\":2,\"name\":\"Wiedza\",\"item\":\"https:\\\/\\\/www.sinchisinchi.com\\\/pl\\\/wiedza\\\/\"},{\"@type\":\"ListItem\",\"position\":3,\"name\":\"Co to jest Rap\u00e9\",\"item\":\"https:\\\/\\\/www.sinchisinchi.com\\\/pl\\\/connaissance\\\/quest-ce-que-le-rape\\\/\"},{\"@type\":\"ListItem\",\"position\":4,\"name\":\"Dokumentalne Rap\u00e9\"}]},{\"@type\":\"WebSite\",\"@id\":\"https:\\\/\\\/www.sinchisinchi.com\\\/pl\\\/#website\",\"url\":\"https:\\\/\\\/www.sinchisinchi.com\\\/pl\\\/\",\"name\":\"SINCHI\",\"description\":\"Sinchi Medicine\",\"publisher\":{\"@id\":\"https:\\\/\\\/www.sinchisinchi.com\\\/pl\\\/#organization\"},\"potentialAction\":[{\"@type\":\"SearchAction\",\"target\":{\"@type\":\"EntryPoint\",\"urlTemplate\":\"https:\\\/\\\/www.sinchisinchi.com\\\/pl\\\/?s={search_term_string}\"},\"query-input\":{\"@type\":\"PropertyValueSpecification\",\"valueRequired\":true,\"valueName\":\"search_term_string\"}}],\"inLanguage\":\"pl-PL\"},{\"@type\":\"Organization\",\"@id\":\"https:\\\/\\\/www.sinchisinchi.com\\\/pl\\\/#organization\",\"name\":\"SINCHI S.L\",\"url\":\"https:\\\/\\\/www.sinchisinchi.com\\\/pl\\\/\",\"logo\":{\"@type\":\"ImageObject\",\"inLanguage\":\"pl-PL\",\"@id\":\"https:\\\/\\\/www.sinchisinchi.com\\\/pl\\\/#\\\/schema\\\/logo\\\/image\\\/\",\"url\":\"https:\\\/\\\/www.sinchisinchi.com\\\/wp-content\\\/uploads\\\/2026\\\/01\\\/3b-Verde-SIMPLIFICADO-HORIZONTAL-F-TRANSPARENTE-scaled.png\",\"contentUrl\":\"https:\\\/\\\/www.sinchisinchi.com\\\/wp-content\\\/uploads\\\/2026\\\/01\\\/3b-Verde-SIMPLIFICADO-HORIZONTAL-F-TRANSPARENTE-scaled.png\",\"width\":2560,\"height\":457,\"caption\":\"SINCHI S.L\"},\"image\":{\"@id\":\"https:\\\/\\\/www.sinchisinchi.com\\\/pl\\\/#\\\/schema\\\/logo\\\/image\\\/\"},\"sameAs\":[\"https:\\\/\\\/www.facebook.com\\\/sinchirape\\\/\",\"https:\\\/\\\/www.instagram.com\\\/sinchi_rape\\\/\"]}]}<\/script>\n<!-- \/ Yoast SEO plugin. -->","yoast_head_json":{"title":"Filmy dokumentalne o tradycyjnym u\u017cywaniu Rap\u00e9 i Mapacho","description":"Ro\u015blina Mapacho to staro\u017cytna ro\u015blina pe\u0142na mocy i tajemnic, stosowana w Amazonii od tysi\u0119cy lat.","robots":{"index":"index","follow":"follow","max-snippet":"max-snippet:-1","max-image-preview":"max-image-preview:large","max-video-preview":"max-video-preview:-1"},"canonical":"https:\/\/www.sinchisinchi.com\/pl\/wiedza\/co-to-jest-rape\/dokumentalne-rape\/","og_locale":"pl_PL","og_type":"article","og_title":"Filmy dokumentalne o tradycyjnym u\u017cywaniu Rap\u00e9 i Mapacho","og_description":"Ro\u015blina Mapacho to staro\u017cytna ro\u015blina pe\u0142na mocy i tajemnic, stosowana w Amazonii od tysi\u0119cy lat.","og_url":"https:\/\/www.sinchisinchi.com\/pl\/wiedza\/co-to-jest-rape\/dokumentalne-rape\/","og_site_name":"SINCHI RAP\u00c9","article_publisher":"https:\/\/www.facebook.com\/sinchirape\/","article_modified_time":"2026-03-04T18:47:49+00:00","twitter_card":"summary_large_image","twitter_misc":{"Szacowany czas czytania":"1 minuta"},"schema":{"@context":"https:\/\/schema.org","@graph":[{"@type":"WebPage","@id":"https:\/\/www.sinchisinchi.com\/pl\/wiedza\/co-to-jest-rape\/dokumentalne-rape\/","url":"https:\/\/www.sinchisinchi.com\/pl\/wiedza\/co-to-jest-rape\/dokumentalne-rape\/","name":"Filmy dokumentalne o tradycyjnym u\u017cywaniu Rap\u00e9 i Mapacho","isPartOf":{"@id":"https:\/\/www.sinchisinchi.com\/pl\/#website"},"datePublished":"2023-10-29T06:36:04+00:00","dateModified":"2026-03-04T18:47:49+00:00","description":"Ro\u015blina Mapacho to staro\u017cytna ro\u015blina pe\u0142na mocy i tajemnic, stosowana w Amazonii od tysi\u0119cy lat.","breadcrumb":{"@id":"https:\/\/www.sinchisinchi.com\/pl\/wiedza\/co-to-jest-rape\/dokumentalne-rape\/#breadcrumb"},"inLanguage":"pl-PL","potentialAction":[{"@type":"ReadAction","target":["https:\/\/www.sinchisinchi.com\/pl\/wiedza\/co-to-jest-rape\/dokumentalne-rape\/"]}]},{"@type":"BreadcrumbList","@id":"https:\/\/www.sinchisinchi.com\/pl\/wiedza\/co-to-jest-rape\/dokumentalne-rape\/#breadcrumb","itemListElement":[{"@type":"ListItem","position":1,"name":"Pierwsza strona","item":"https:\/\/www.sinchisinchi.com\/pl\/"},{"@type":"ListItem","position":2,"name":"Wiedza","item":"https:\/\/www.sinchisinchi.com\/pl\/wiedza\/"},{"@type":"ListItem","position":3,"name":"Co to jest Rap\u00e9","item":"https:\/\/www.sinchisinchi.com\/pl\/connaissance\/quest-ce-que-le-rape\/"},{"@type":"ListItem","position":4,"name":"Dokumentalne Rap\u00e9"}]},{"@type":"WebSite","@id":"https:\/\/www.sinchisinchi.com\/pl\/#website","url":"https:\/\/www.sinchisinchi.com\/pl\/","name":"SINCHI","description":"Sinchi Medicine","publisher":{"@id":"https:\/\/www.sinchisinchi.com\/pl\/#organization"},"potentialAction":[{"@type":"SearchAction","target":{"@type":"EntryPoint","urlTemplate":"https:\/\/www.sinchisinchi.com\/pl\/?s={search_term_string}"},"query-input":{"@type":"PropertyValueSpecification","valueRequired":true,"valueName":"search_term_string"}}],"inLanguage":"pl-PL"},{"@type":"Organization","@id":"https:\/\/www.sinchisinchi.com\/pl\/#organization","name":"SINCHI S.L","url":"https:\/\/www.sinchisinchi.com\/pl\/","logo":{"@type":"ImageObject","inLanguage":"pl-PL","@id":"https:\/\/www.sinchisinchi.com\/pl\/#\/schema\/logo\/image\/","url":"https:\/\/www.sinchisinchi.com\/wp-content\/uploads\/2026\/01\/3b-Verde-SIMPLIFICADO-HORIZONTAL-F-TRANSPARENTE-scaled.png","contentUrl":"https:\/\/www.sinchisinchi.com\/wp-content\/uploads\/2026\/01\/3b-Verde-SIMPLIFICADO-HORIZONTAL-F-TRANSPARENTE-scaled.png","width":2560,"height":457,"caption":"SINCHI S.L"},"image":{"@id":"https:\/\/www.sinchisinchi.com\/pl\/#\/schema\/logo\/image\/"},"sameAs":["https:\/\/www.facebook.com\/sinchirape\/","https:\/\/www.instagram.com\/sinchi_rape\/"]}]}},"_links":{"self":[{"href":"https:\/\/www.sinchisinchi.com\/pl\/wp-json\/wp\/v2\/pages\/10452","targetHints":{"allow":["GET"]}}],"collection":[{"href":"https:\/\/www.sinchisinchi.com\/pl\/wp-json\/wp\/v2\/pages"}],"about":[{"href":"https:\/\/www.sinchisinchi.com\/pl\/wp-json\/wp\/v2\/types\/page"}],"author":[{"embeddable":true,"href":"https:\/\/www.sinchisinchi.com\/pl\/wp-json\/wp\/v2\/users\/1"}],"replies":[{"embeddable":true,"href":"https:\/\/www.sinchisinchi.com\/pl\/wp-json\/wp\/v2\/comments?post=10452"}],"version-history":[{"count":1,"href":"https:\/\/www.sinchisinchi.com\/pl\/wp-json\/wp\/v2\/pages\/10452\/revisions"}],"predecessor-version":[{"id":30219,"href":"https:\/\/www.sinchisinchi.com\/pl\/wp-json\/wp\/v2\/pages\/10452\/revisions\/30219"}],"up":[{"embeddable":true,"href":"https:\/\/www.sinchisinchi.com\/pl\/wp-json\/wp\/v2\/pages\/10671"}],"wp:attachment":[{"href":"https:\/\/www.sinchisinchi.com\/pl\/wp-json\/wp\/v2\/media?parent=10452"}],"curies":[{"name":"wp","href":"https:\/\/api.w.org\/{rel}","templated":true}]}}