{"id":10551,"date":"2023-11-06T11:06:35","date_gmt":"2023-11-06T11:06:35","guid":{"rendered":"https:\/\/www.sinchisinchi.com\/voorwaarden\/dostawa-i-zwroty\/"},"modified":"2025-03-13T13:51:09","modified_gmt":"2025-03-13T13:51:09","slug":"dostawa-i-zwroty","status":"publish","type":"page","link":"https:\/\/www.sinchisinchi.com\/pl\/dostawa-i-zwroty\/","title":{"rendered":"Dostawa i zwroty"},"content":{"rendered":"\n<p style=\"text-align: center;\"><strong>Dostawa i zwroty<\/strong><\/p>\n<p><strong>Koszty wysy\u0142ki<\/strong><\/p>\n<p>Koszty wysy\u0142ki wynios\u0105:<\/p>\n<ul>\n<li>8 \u20ac za wysy\u0142k\u0119 krajow\u0105.<\/li>\n<li>12 \u20ac za wysy\u0142k\u0119 krajow\u0105 z piln\u0105 realizacj\u0105 w ci\u0105gu 24\/48 godzin.<br \/>(Ten tryb wysy\u0142ki obejmuje preferowany czas przetwarzania, zwykle 24 lub 48 godzin, kt\u00f3ry mo\u017ce by\u0107 d\u0142u\u017cszy w zale\u017cno\u015bci od istniej\u0105cej listy oczekuj\u0105cych lub innych podobnych przyczyn).<\/li>\n<\/ul>\n<p>Czas ten nie obejmuje czasu wysy\u0142ki przez kuriera, zazwyczaj 24 godziny na terytorium kraju, kt\u00f3ry mo\u017ce si\u0119 wyd\u0142u\u017cy\u0107 w zale\u017cno\u015bci od przyczyn wewn\u0119trznych lub zewn\u0119trznych kuriera.<\/p>\n<p>Podobnie czas wysy\u0142ki mo\u017ce by\u0107 d\u0142u\u017cszy w przypadku przesy\u0142ek na wyspy lub do miejsc, kt\u00f3re ze wzgl\u0119du na swoj\u0105 lokalizacj\u0119 wymagaj\u0105 d\u0142u\u017cszego czasu wysy\u0142ki.<\/p>\n<ul>\n<li>15 \u20ac za przesy\u0142ki do innych kraj\u00f3w europejskich<\/li>\n<li>20 \u20ac za przesy\u0142ki mi\u0119dzykontynentalne<br \/>Us\u0142ug\u0119 transportu i dostawy b\u0119d\u0105 realizowa\u0107 firmy kurierskie i paczkowe.<\/li>\n<\/ul>\n<p>Ceny mog\u0105 ulec zmianie w dowolnym momencie, jednak ewentualne zmiany nie b\u0119d\u0105 mia\u0142y wp\u0142ywu na zakupy, za kt\u00f3re u\u017cytkownik otrzyma\u0142 potwierdzenie zam\u00f3wienia i zrealizowa\u0142 p\u0142atno\u015b\u0107.<\/p>\n<p>\u00a0<\/p>\n<p><strong>Cz\u0119stotliwo\u015b\u0107 wysy\u0142ki:<\/strong><\/p>\n<p>Znielicznymi wyj\u0105tkami przesy\u0142ki realizowane s\u0105 od poniedzia\u0142ku do czwartku, w\u0142\u0105czaj\u0105c; dlatego przesy\u0142ki otrzymane w czwartek po po\u0142udniu lub w pi\u0105tek b\u0119d\u0105 zazwyczaj wysy\u0142ane w poniedzia\u0142ek.<\/p>\n<p>\u00a0<\/p>\n<p><strong>Spos\u00f3b zap\u0142aty<\/strong><\/p>\n<p>Akceptowanymi sposobami p\u0142atno\u015bci s\u0105: przelew bankowy i karta bankowa.<\/p>\n<p>P\u0142atno\u015b\u0107 bankow\u0105 kart\u0105 p\u0142atnicz\u0105 odbywa si\u0119 za po\u015brednictwem bezpiecznej bramki p\u0142atniczej. Karty bankowe b\u0119d\u0105 podlega\u0142y weryfikacji i autoryzacji przez podmiot finansowy zarz\u0105dzaj\u0105cy \u015brodkami p\u0142atniczymi, je\u017celi podmiot ten nie autoryzuje p\u0142atno\u015bci SINCHI S.L. Nie b\u0119dziesz mie\u0107 mo\u017cliwo\u015bci sformalizowania zam\u00f3wienia. Wszelkie reklamacje dotycz\u0105ce braku funkcjonalno\u015bci karty bankowej u\u017cytkownik musi zg\u0142asza\u0107 przed swoj\u0105 instytucj\u0105 finansow\u0105.<\/p>\n<p>\u00a0<\/p>\n<p><strong>Termin dostawy<\/strong><\/p>\n<p>Dostawy realizowane s\u0105 na terenie kraju w terminie wskazanym na stronie internetowej, a w ka\u017cdym przypadku maksymalnie w terminie od 15 do 20 dni kalendarzowych od dnia potwierdzenia zam\u00f3wienia. W przypadku przesy\u0142ek mi\u0119dzykontynentalnych maksymalny termin wynosi od trzech do pi\u0119ciu tygodni od daty potwierdzenia zam\u00f3wienia.<\/p>\n<p>Je\u017celi z jakiegokolwiek powodu, kt\u00f3ry mo\u017cna przypisa\u0107 SINCHI S.L. nie m\u00f3g\u0142 dotrzyma\u0107 terminu dostawy, skontaktuje si\u0119 z u\u017cytkownikiem w celu poinformowania go o tych okoliczno\u015bciach, ustalenia nowego terminu dostawy lub ewentualnie anulowania zam\u00f3wienia i zwrotu kwoty.<\/p>\n<p>\u00a0<\/p>\n<p><strong>Prawa kupuj\u0105cego<\/strong><\/p>\n<p>U\u017cytkownikowi dokonuj\u0105cemu zakupu produkt\u00f3w w serwisie przys\u0142uguje szereg uprawnie\u0144 opisanych poni\u017cej:<\/p>\n<ul>\n<li>Prawo odst\u0105pienia od umowy. U\u017cytkownikowi przys\u0142uguje okres 14 dni kalendarzowych od otrzymania zam\u00f3wienia bez konieczno\u015bci podawania uzasadnienia, aby skorzysta\u0107 z tego prawa. U\u017cytkownik musi powiadomi\u0107 o swojej decyzji na adres hola@sinchisinchi.com. Kwota zakupu zostanie zwr\u00f3cona t\u0105 sam\u0105 metod\u0105 p\u0142atno\u015bci, kt\u00f3ra zosta\u0142a u\u017cyta przy jego zakupie, a gdy SINCHI S.L. otrzyma\u0142e\u015b produkty, sprawdzi\u0142e\u015b ich prawid\u0142owy stan; lub u\u017cytkownik przedstawi dow\u00f3d jego zwrotu. W ka\u017cdym przypadku to u\u017cytkownik ponosi koszty zwrotu.<\/li>\n<\/ul>\n<p>U\u017cytkownik potwierdza, \u017ce wie, \u017ce istniej\u0105 wyj\u0105tki od prawa do odst\u0105pienia od umowy okre\u015blone w artykule 103 RD 1\/2007 z dnia 16 listopada, kt\u00f3ry zatwierdza jednolity tekst LG dotycz\u0105cy ochrony konsument\u00f3w i u\u017cytkownik\u00f3w oraz inne przepisy uzupe\u0142niaj\u0105ce. Na przyk\u0142ad to mia\u0142oby to miejsce w przypadku produkt\u00f3w spersonalizowanych, produkt\u00f3w, kt\u00f3re mog\u0105 ulec zepsuciu lub szybko wygasn\u0105\u0107, produkt\u00f3w zapiecz\u0119towanych ze wzgl\u0119d\u00f3w higienicznych i\/lub zdrowotnych itp.<\/p>\n<p>Mo\u017cesz pobra\u0107 wz\u00f3r prawa do odst\u0105pienia od umowy.<\/p>\n<ul>\n<li>Zwroty produkt\u00f3w nie b\u0119d\u0105 akceptowane; z wyj\u0105tkiem przypadk\u00f3w \u015bci\u015ble przewidzianych przez prawo.<\/li>\n<\/ul>\n<p>Mo\u017cesz pobra\u0107 wz\u00f3r formularza roszczenia.<\/p>\n\n","protected":false},"excerpt":{"rendered":"","protected":false},"author":1,"featured_media":0,"parent":0,"menu_order":0,"comment_status":"closed","ping_status":"closed","template":"","meta":{"_joinchat":[],"footnotes":""},"class_list":["post-10551","page","type-page","status-publish","hentry"],"yoast_head":"<!-- This site is optimized with the Yoast SEO plugin v27.1.1 - https:\/\/yoast.com\/product\/yoast-seo-wordpress\/ -->\n<title>Dostawa i zwroty - SINCHI RAP\u00c9<\/title>\n<meta name=\"robots\" content=\"index, follow, max-snippet:-1, max-image-preview:large, max-video-preview:-1\" \/>\n<link rel=\"canonical\" href=\"https:\/\/www.sinchisinchi.com\/pl\/dostawa-i-zwroty\/\" \/>\n<meta property=\"og:locale\" content=\"pl_PL\" \/>\n<meta property=\"og:type\" content=\"article\" \/>\n<meta property=\"og:title\" content=\"Dostawa i zwroty - SINCHI RAP\u00c9\" \/>\n<meta property=\"og:url\" content=\"https:\/\/www.sinchisinchi.com\/pl\/dostawa-i-zwroty\/\" \/>\n<meta property=\"og:site_name\" content=\"SINCHI RAP\u00c9\" \/>\n<meta property=\"article:publisher\" content=\"https:\/\/www.facebook.com\/sinchirape\/\" \/>\n<meta property=\"article:modified_time\" content=\"2025-03-13T13:51:09+00:00\" \/>\n<meta name=\"twitter:card\" content=\"summary_large_image\" \/>\n<meta name=\"twitter:label1\" content=\"Szacowany czas czytania\" \/>\n\t<meta name=\"twitter:data1\" content=\"3 minuty\" \/>\n<script type=\"application\/ld+json\" class=\"yoast-schema-graph\">{\"@context\":\"https:\/\/schema.org\",\"@graph\":[{\"@type\":\"WebPage\",\"@id\":\"https:\/\/www.sinchisinchi.com\/pl\/dostawa-i-zwroty\/\",\"url\":\"https:\/\/www.sinchisinchi.com\/pl\/dostawa-i-zwroty\/\",\"name\":\"Dostawa i zwroty - SINCHI RAP\u00c9\",\"isPartOf\":{\"@id\":\"https:\/\/www.sinchisinchi.com\/pl\/#website\"},\"datePublished\":\"2023-11-06T11:06:35+00:00\",\"dateModified\":\"2025-03-13T13:51:09+00:00\",\"breadcrumb\":{\"@id\":\"https:\/\/www.sinchisinchi.com\/pl\/dostawa-i-zwroty\/#breadcrumb\"},\"inLanguage\":\"pl-PL\",\"potentialAction\":[{\"@type\":\"ReadAction\",\"target\":[\"https:\/\/www.sinchisinchi.com\/pl\/dostawa-i-zwroty\/\"]}]},{\"@type\":\"BreadcrumbList\",\"@id\":\"https:\/\/www.sinchisinchi.com\/pl\/dostawa-i-zwroty\/#breadcrumb\",\"itemListElement\":[{\"@type\":\"ListItem\",\"position\":1,\"name\":\"Pierwsza strona\",\"item\":\"https:\/\/www.sinchisinchi.com\/pl\/\"},{\"@type\":\"ListItem\",\"position\":2,\"name\":\"Regulamin\",\"item\":\"https:\/\/www.sinchisinchi.com\/pl\/?page_id=10542\"},{\"@type\":\"ListItem\",\"position\":3,\"name\":\"Dostawa i zwroty\"}]},{\"@type\":\"WebSite\",\"@id\":\"https:\/\/www.sinchisinchi.com\/pl\/#website\",\"url\":\"https:\/\/www.sinchisinchi.com\/pl\/\",\"name\":\"SINCHI\",\"description\":\"Sinchi Medicine\",\"publisher\":{\"@id\":\"https:\/\/www.sinchisinchi.com\/pl\/#organization\"},\"potentialAction\":[{\"@type\":\"SearchAction\",\"target\":{\"@type\":\"EntryPoint\",\"urlTemplate\":\"https:\/\/www.sinchisinchi.com\/pl\/?s={search_term_string}\"},\"query-input\":{\"@type\":\"PropertyValueSpecification\",\"valueRequired\":true,\"valueName\":\"search_term_string\"}}],\"inLanguage\":\"pl-PL\"},{\"@type\":\"Organization\",\"@id\":\"https:\/\/www.sinchisinchi.com\/pl\/#organization\",\"name\":\"SINCHI S.L\",\"url\":\"https:\/\/www.sinchisinchi.com\/pl\/\",\"logo\":{\"@type\":\"ImageObject\",\"inLanguage\":\"pl-PL\",\"@id\":\"https:\/\/www.sinchisinchi.com\/pl\/#\/schema\/logo\/image\/\",\"url\":\"https:\/\/www.sinchisinchi.com\/wp-content\/uploads\/2026\/01\/3b-Verde-SIMPLIFICADO-HORIZONTAL-F-TRANSPARENTE-scaled.png\",\"contentUrl\":\"https:\/\/www.sinchisinchi.com\/wp-content\/uploads\/2026\/01\/3b-Verde-SIMPLIFICADO-HORIZONTAL-F-TRANSPARENTE-scaled.png\",\"width\":2560,\"height\":457,\"caption\":\"SINCHI S.L\"},\"image\":{\"@id\":\"https:\/\/www.sinchisinchi.com\/pl\/#\/schema\/logo\/image\/\"},\"sameAs\":[\"https:\/\/www.facebook.com\/sinchirape\/\",\"https:\/\/www.instagram.com\/sinchi_rape\/\"]}]}<\/script>\n<!-- \/ Yoast SEO plugin. -->","yoast_head_json":{"title":"Dostawa i zwroty - SINCHI RAP\u00c9","robots":{"index":"index","follow":"follow","max-snippet":"max-snippet:-1","max-image-preview":"max-image-preview:large","max-video-preview":"max-video-preview:-1"},"canonical":"https:\/\/www.sinchisinchi.com\/pl\/dostawa-i-zwroty\/","og_locale":"pl_PL","og_type":"article","og_title":"Dostawa i zwroty - SINCHI RAP\u00c9","og_url":"https:\/\/www.sinchisinchi.com\/pl\/dostawa-i-zwroty\/","og_site_name":"SINCHI RAP\u00c9","article_publisher":"https:\/\/www.facebook.com\/sinchirape\/","article_modified_time":"2025-03-13T13:51:09+00:00","twitter_card":"summary_large_image","twitter_misc":{"Szacowany czas czytania":"3 minuty"},"schema":{"@context":"https:\/\/schema.org","@graph":[{"@type":"WebPage","@id":"https:\/\/www.sinchisinchi.com\/pl\/dostawa-i-zwroty\/","url":"https:\/\/www.sinchisinchi.com\/pl\/dostawa-i-zwroty\/","name":"Dostawa i zwroty - SINCHI RAP\u00c9","isPartOf":{"@id":"https:\/\/www.sinchisinchi.com\/pl\/#website"},"datePublished":"2023-11-06T11:06:35+00:00","dateModified":"2025-03-13T13:51:09+00:00","breadcrumb":{"@id":"https:\/\/www.sinchisinchi.com\/pl\/dostawa-i-zwroty\/#breadcrumb"},"inLanguage":"pl-PL","potentialAction":[{"@type":"ReadAction","target":["https:\/\/www.sinchisinchi.com\/pl\/dostawa-i-zwroty\/"]}]},{"@type":"BreadcrumbList","@id":"https:\/\/www.sinchisinchi.com\/pl\/dostawa-i-zwroty\/#breadcrumb","itemListElement":[{"@type":"ListItem","position":1,"name":"Pierwsza strona","item":"https:\/\/www.sinchisinchi.com\/pl\/"},{"@type":"ListItem","position":2,"name":"Regulamin","item":"https:\/\/www.sinchisinchi.com\/pl\/?page_id=10542"},{"@type":"ListItem","position":3,"name":"Dostawa i zwroty"}]},{"@type":"WebSite","@id":"https:\/\/www.sinchisinchi.com\/pl\/#website","url":"https:\/\/www.sinchisinchi.com\/pl\/","name":"SINCHI","description":"Sinchi Medicine","publisher":{"@id":"https:\/\/www.sinchisinchi.com\/pl\/#organization"},"potentialAction":[{"@type":"SearchAction","target":{"@type":"EntryPoint","urlTemplate":"https:\/\/www.sinchisinchi.com\/pl\/?s={search_term_string}"},"query-input":{"@type":"PropertyValueSpecification","valueRequired":true,"valueName":"search_term_string"}}],"inLanguage":"pl-PL"},{"@type":"Organization","@id":"https:\/\/www.sinchisinchi.com\/pl\/#organization","name":"SINCHI S.L","url":"https:\/\/www.sinchisinchi.com\/pl\/","logo":{"@type":"ImageObject","inLanguage":"pl-PL","@id":"https:\/\/www.sinchisinchi.com\/pl\/#\/schema\/logo\/image\/","url":"https:\/\/www.sinchisinchi.com\/wp-content\/uploads\/2026\/01\/3b-Verde-SIMPLIFICADO-HORIZONTAL-F-TRANSPARENTE-scaled.png","contentUrl":"https:\/\/www.sinchisinchi.com\/wp-content\/uploads\/2026\/01\/3b-Verde-SIMPLIFICADO-HORIZONTAL-F-TRANSPARENTE-scaled.png","width":2560,"height":457,"caption":"SINCHI S.L"},"image":{"@id":"https:\/\/www.sinchisinchi.com\/pl\/#\/schema\/logo\/image\/"},"sameAs":["https:\/\/www.facebook.com\/sinchirape\/","https:\/\/www.instagram.com\/sinchi_rape\/"]}]}},"_links":{"self":[{"href":"https:\/\/www.sinchisinchi.com\/pl\/wp-json\/wp\/v2\/pages\/10551","targetHints":{"allow":["GET"]}}],"collection":[{"href":"https:\/\/www.sinchisinchi.com\/pl\/wp-json\/wp\/v2\/pages"}],"about":[{"href":"https:\/\/www.sinchisinchi.com\/pl\/wp-json\/wp\/v2\/types\/page"}],"author":[{"embeddable":true,"href":"https:\/\/www.sinchisinchi.com\/pl\/wp-json\/wp\/v2\/users\/1"}],"replies":[{"embeddable":true,"href":"https:\/\/www.sinchisinchi.com\/pl\/wp-json\/wp\/v2\/comments?post=10551"}],"version-history":[{"count":0,"href":"https:\/\/www.sinchisinchi.com\/pl\/wp-json\/wp\/v2\/pages\/10551\/revisions"}],"wp:attachment":[{"href":"https:\/\/www.sinchisinchi.com\/pl\/wp-json\/wp\/v2\/media?parent=10551"}],"curies":[{"name":"wp","href":"https:\/\/api.w.org\/{rel}","templated":true}]}}