{"id":10575,"date":"2023-11-06T11:35:36","date_gmt":"2023-11-06T11:35:36","guid":{"rendered":"https:\/\/www.sinchisinchi.com\/voorwaarden\/polityka-plikow-cookies\/"},"modified":"2023-11-06T11:35:37","modified_gmt":"2023-11-06T11:35:37","slug":"polityka-plikow-cookies","status":"publish","type":"page","link":"https:\/\/www.sinchisinchi.com\/pl\/polityka-plikow-cookies\/","title":{"rendered":"Polityka plik\u00f3w cookies"},"content":{"rendered":"[et_pb_section fb_built=&#8221;1&#8243; _builder_version=&#8221;4.7.7&#8243; _module_preset=&#8221;default&#8221; hover_enabled=&#8221;0&#8243; custom_padding=&#8221;0px||||false|false&#8221; sticky_enabled=&#8221;0&#8243;][et_pb_row _builder_version=&#8221;4.7.7&#8243; _module_preset=&#8221;default&#8221;][et_pb_column type=&#8221;4_4&#8243; _builder_version=&#8221;4.7.7&#8243; _module_preset=&#8221;default&#8221;][et_pb_text _builder_version=&#8221;4.7.7&#8243; _module_preset=&#8221;default&#8221;]\n<p style=\"text-align: center;\"><strong>POLITYKA COOKIES<\/strong><\/p>\n<p>U\u017cywamy plik\u00f3w cookie, aby u\u0142atwi\u0107 Ci przegl\u0105danie Internetu, dowiedzie\u0107 si\u0119, w jaki spos\u00f3b wsp\u00f3\u0142dzia\u0142asz z nami, a w niekt\u00f3rych przypadkach m\u00f3c wy\u015bwietla\u0107 Ci reklamy w oparciu o Twoje nawyki przegl\u0105dania.<\/p>\n<p>Pliki cookie stanowi\u0105 cz\u0119\u015b\u0107 technologii niezb\u0119dnej do dzia\u0142ania witryny internetowej i nie s\u0105 szkodliwe, jednak wa\u017cne jest, aby zdawa\u0107 sobie spraw\u0119 z konsekwencji, jakie mog\u0105 mie\u0107 dla Twojej prywatno\u015bci.<\/p>\n<p>Przeczytaj t\u0119 Informacj\u0119 o plikach cookie, aby dowiedzie\u0107 si\u0119 wi\u0119cej o plikach cookie i podobnych urz\u0105dzeniach, kt\u00f3rych u\u017cywamy, ich celu i innych interesuj\u0105cych informacjach.<\/p>\n<p>&nbsp;<\/p>\n<p><strong>Co to s\u0105 pliki cookie<\/strong><\/p>\n<p>Plik cookie to plik pobierany i wykonywany na Twoim komputerze, telefonie lub urz\u0105dzeniu mobilnym podczas uzyskiwania dost\u0119pu do niekt\u00f3rych stron internetowych. Pliki cookies umo\u017cliwiaj\u0105 stronie internetowej m.in. przechowywanie i pobieranie informacji o zwyczajach przegl\u0105dania u\u017cytkownika lub jego sprz\u0119tu oraz, w zale\u017cno\u015bci od zawartych w nich informacji i sposobu, w jaki korzystasz ze swojego sprz\u0119tu, mog\u0105 by\u0107 wykorzystywane do rozpoznawania u\u017cytkownik.<\/p>\n<p>Cookies nie niszcz\u0105 sprz\u0119tu i s\u0105 niezb\u0119dne do u\u0142atwienia nawigacji.<\/p>\n<p>U\u017cytkownik mo\u017ce w ka\u017cdej chwili skonfigurowa\u0107 sw\u00f3j program przegl\u0105dania tak, aby uniemo\u017cliwi\u0107 (zablokowa\u0107) wykorzystanie plik\u00f3w cookies przez niekt\u00f3re strony internetowe, a tak\u017ce usun\u0105\u0107 wcze\u015bniej zapisane pliki cookies.<\/p>\n<p>Mo\u017cesz tak\u017ce wyrazi\u0107 lub wycofa\u0107 zgod\u0119 na u\u017cywanie plik\u00f3w cookies oraz zmodyfikowa\u0107 swoj\u0105 decyzj\u0119.<\/p>\n<p>&nbsp;<\/p>\n<p><strong>Jaki jest lokalny magazyn<\/strong><\/p>\n<p>Przez pami\u0119\u0107 lokaln\u0105 rozumiemy ka\u017cdy plik utworzony przez Internet na Twoim urz\u0105dzeniu przegl\u0105daj\u0105cym. Pliki cookie to jedna z form przechowywania lokalnego, ale istniej\u0105 inne, takie jak pami\u0119\u0107 lokalna przegl\u0105darki, pami\u0119\u0107 Flash lub wtyczka SilverLiht oraz techniki \u015bledzenia.<\/p>\n<p>Kiedy w niniejszej polityce odnosimy si\u0119 do terminu \u201eplik cookie\u201d, nale\u017cy go r\u00f3wnie\u017c rozumie\u0107 jako odnosz\u0105cy si\u0119 do lokalnych metod przechowywania.<\/p>\n<p>&nbsp;<\/p>\n<p><strong>Do czego s\u0142u\u017c\u0105 pliki cookies na naszej stronie internetowej?<\/strong><\/p>\n<p>Aby u\u0142atwi\u0107 kontrol\u0119 i zarz\u0105dzanie nawigacj\u0105 i komunikacj\u0105, u\u0142atwi\u0107 Ci nawigacj\u0119, poprawi\u0107 komfort przegl\u0105dania, zapami\u0119tuj\u0105c pewne preferencje na potrzeby przysz\u0142ych wizyt. Pomaga nam tak\u017ce udoskonala\u0107 witryn\u0119 poprzez szacowanie liczby i wzorc\u00f3w u\u017cytkowania, dostosowywanie witryny do indywidualnych zainteresowa\u0144 u\u017cytkownik\u00f3w, przyspieszanie wyszukiwa\u0144 itp.<\/p>\n<p>Czasami, po uzyskaniu Twojej \u015bwiadomej zgody, mo\u017cemy u\u017cywa\u0107 plik\u00f3w cookie w celu uzyskania informacji, kt\u00f3re pozwalaj\u0105 nam wy\u015bwietla\u0107 Ci informacje z naszej witryny internetowej, witryn stron trzecich lub innych \u015brodk\u00f3w lub reklam w oparciu o analiz\u0119 Twoich nawyk\u00f3w przegl\u0105dania.<\/p>\n<p>&nbsp;<\/p>\n<p><strong>Jakie rodzaje plik\u00f3w cookies korzystaj\u0105 z naszej witryny<\/strong><\/p>\n<p>Niezb\u0119dne techniczne pliki cookie. S\u0105 to takie, kt\u00f3re umo\u017cliwiaj\u0105 u\u017cytkownikowi poruszanie si\u0119 po stronie internetowej, platformie lub aplikacji oraz korzystanie z r\u00f3\u017cnych opcji lub us\u0142ug, kt\u00f3re na niej istniej\u0105, w tym tak\u017ce tych, kt\u00f3re s\u0142u\u017c\u0105 do zarz\u0105dzania i obs\u0142ugi strony internetowej oraz umo\u017cliwienia jej funkcji i us\u0142ug, takich jak na przyk\u0142ad kontrola przep\u0142ywu danych i komunikacji, identyfikacja sesji, dost\u0119p do cz\u0119\u015bci o ograniczonym dost\u0119pie, zapami\u0119tywanie element\u00f3w sk\u0142adaj\u0105cych si\u0119 na zam\u00f3wienie, realizacja procesu zakupu zam\u00f3wienia, zarz\u0105dzanie p\u0142atno\u015bciami i kontrola oszustw zwi\u0105zanych bezpiecze\u0144stwa us\u0142ugi, m.in.<\/p>\n<p>Wy\u0142\u0105czenie ich mo\u017ce spowodowa\u0107, \u017ce jaka\u015b cz\u0119\u015b\u0107 sieci nie b\u0119dzie dzia\u0142a\u0107 poprawnie. Pliki cookie dotycz\u0105ce preferencji lub personalizacji. S\u0105 to te, kt\u00f3re umo\u017cliwiaj\u0105 zapami\u0119tanie informacji, dzi\u0119ki czemu u\u017cytkownik uzyskuje dost\u0119p do us\u0142ugi z pewnymi cechami, kt\u00f3re mog\u0105 odr\u00f3\u017cnia\u0107 jego do\u015bwiadczenia od do\u015bwiadcze\u0144 innych u\u017cytkownik\u00f3w, takimi jak na przyk\u0142ad j\u0119zyk, liczba wynik\u00f3w wy\u015bwietlanych podczas wykonywania przez u\u017cytkownika wyszukiwania, wygl\u0105du lub zawarto\u015bci us\u0142ugi w zale\u017cno\u015bci od rodzaju przegl\u0105darki, za po\u015brednictwem kt\u00f3rej u\u017cytkownik uzyskuje dost\u0119p do us\u0142ugi lub regionu, z kt\u00f3rego u\u017cytkownik uzyskuje dost\u0119p do us\u0142ugi itp.<\/p>\n<p>&nbsp;<\/p>\n<p><strong>Dlaczego nie u\u017cywamy plik\u00f3w cookies<\/strong><\/p>\n<p>Nasze pliki cookie nie przechowuj\u0105 informacji o Twojej identyfikacji osobistej, adresie, ha\u015ble, danych karty kredytowej lub debetowej itp.<\/p>\n<p>&nbsp;<\/p>\n<p><strong>Czym s\u0105 pliki cookie stron trzecich?<\/strong><\/p>\n<p>Wiele stron internetowych zawiera funkcje lub cechy udost\u0119pniane przez strony trzecie, takie jak:<\/p>\n<ul>\n<li>Analityka dost\u0119pu i korzystania ze stron.<\/li>\n<li>Interaktywne mapy.<\/li>\n<li>Filmy i inne elementy multimedialne.<\/li>\n<li>Przyciski spo\u0142eczno\u015bciowe.<\/li>\n<li>Komunikacja na czacie.<\/li>\n<\/ul>\n<p>Nasza witryna nie korzysta z plik\u00f3w cookies podmiot\u00f3w trzecich.<\/p>\n<p>&nbsp;<\/p>\n<p><strong>Kto korzysta z informacji zawartych w plikach cookies?<\/strong><\/p>\n<p>Informacje zapisane w plikach Cookies na naszej stronie internetowej s\u0105 wykorzystywane wy\u0142\u0105cznie przez nas.<\/p>\n<p>&nbsp;<\/p>\n<p><strong>Czy mog\u0119 unikn\u0105\u0107 stosowania plik\u00f3w cookie na tej stronie?<\/strong><\/p>\n<p>Masz na to kilka metod.<\/p>\n<ul>\n<li>Mo\u017cesz w ka\u017cdej chwili ograniczy\u0107, zablokowa\u0107 lub usun\u0105\u0107 pliki cookie z tej witryny, modyfikuj\u0105c ustawienia przegl\u0105darki. Ta parametryzacja jest inna dla ka\u017cdej przegl\u0105darki. Wi\u0119cej szczeg\u00f3\u0142\u00f3w na temat konfiguracji plik\u00f3w cookies w Twojej przegl\u0105darce znajdziesz w jej menu \u201ePomoc\u201d.<\/li>\n<li>Mo\u017cesz u\u017cy\u0107 przegl\u0105darki, kt\u00f3ra po zamkni\u0119ciu sesji przegl\u0105dania usuwa wszystkie \u015blady plik\u00f3w cookie i innych pami\u0119ci na Twoim komputerze.<\/li>\n<li>Mo\u017cesz dokona\u0107 wyboru swoich preferencji, zapoznaj\u0105c si\u0119 z nasz\u0105 polityk\u0105 dotycz\u0105c\u0105 plik\u00f3w cookie lub pro\u015bb\u0105 o zgod\u0119, kt\u00f3r\u0105 zaproponujemy Ci przy pierwszym po\u0142\u0105czeniu z nasz\u0105 witryn\u0105.<\/li>\n<\/ul>\n<p><strong>Pliki cookies korzystaj\u0105ce z naszej strony internetowej i ich przeznaczenie<\/strong><\/p>\n<p>Poni\u017cej znajduje si\u0119 lista r\u00f3\u017cnych plik\u00f3w cookie u\u017cywanych w Internecie<\/p>\n<p>&nbsp;<\/p>\n<p><strong>Opis pliku cookie Typ W\u0142a\u015bciciel Czas trwania<\/strong><\/p>\n<p>et-editor-available-post S\u0142u\u017cy do zarz\u0105dzania zawarto\u015bci\u0105 strony internetowej Technika Sesja W\u0142asna<\/p>\n<p>woocommerce_session Dodaj unikalny kod do ka\u017cdego klienta, aby m\u00f3c zidentyfikowa\u0107 jego koszyk w bazie Techniczne W\u0142asne 2 dni<\/p>\n<p>woocommerce_items Plik cookie, kt\u00f3ry pomaga wykry\u0107 i zapisa\u0107 zmiany w koszyku Technika Sesja w\u0142asna<\/p>\n<p>woocommerce_cart Plik cookie, kt\u00f3ry pomaga wykry\u0107 i zapisa\u0107 zmiany w koszyku Technika Sesja w\u0142asna<\/p>\n<p>_fbp Przechowuje i \u015bledzi wizyty na stronach internetowych Facebook Analytics 90 dni[\/et_pb_text][\/et_pb_column][\/et_pb_row][\/et_pb_section]\n","protected":false},"excerpt":{"rendered":"[et_pb_section fb_built=&#8221;1&#8243; _builder_version=&#8221;4.7.7&#8243; _module_preset=&#8221;default&#8221; hover_enabled=&#8221;0&#8243; custom_padding=&#8221;0px||||false|false&#8221; sticky_enabled=&#8221;0&#8243;][et_pb_row _builder_version=&#8221;4.7.7&#8243; _module_preset=&#8221;default&#8221;][et_pb_column type=&#8221;4_4&#8243; _builder_version=&#8221;4.7.7&#8243; _module_preset=&#8221;default&#8221;][et_pb_text _builder_version=&#8221;4.7.7&#8243; _module_preset=&#8221;default&#8221;] POLITYKA COOKIES U\u017cywamy plik\u00f3w cookie, aby u\u0142atwi\u0107 Ci przegl\u0105danie Internetu, dowiedzie\u0107 si\u0119, w jaki spos\u00f3b wsp\u00f3\u0142dzia\u0142asz z nami, a w niekt\u00f3rych przypadkach m\u00f3c wy\u015bwietla\u0107 Ci reklamy w oparciu o Twoje nawyki przegl\u0105dania. Pliki cookie stanowi\u0105 cz\u0119\u015b\u0107 technologii niezb\u0119dnej do dzia\u0142ania witryny [&#8230;]\n","protected":false},"author":1,"featured_media":0,"parent":0,"menu_order":0,"comment_status":"closed","ping_status":"closed","template":"","meta":{"_joinchat":[],"footnotes":""},"class_list":["post-10575","page","type-page","status-publish","hentry"],"yoast_head":"<!-- This site is optimized with the Yoast SEO plugin v27.4 - https:\/\/yoast.com\/product\/yoast-seo-wordpress\/ -->\n<title>Polityka plik\u00f3w cookies - SINCHI RAP\u00c9<\/title>\n<meta name=\"robots\" content=\"index, follow, max-snippet:-1, max-image-preview:large, max-video-preview:-1\" \/>\n<link rel=\"canonical\" href=\"https:\/\/www.sinchisinchi.com\/pl\/polityka-plikow-cookies\/\" \/>\n<meta property=\"og:locale\" content=\"pl_PL\" \/>\n<meta property=\"og:type\" content=\"article\" \/>\n<meta property=\"og:title\" content=\"Polityka plik\u00f3w cookies - SINCHI RAP\u00c9\" \/>\n<meta property=\"og:description\" content=\"[et_pb_section fb_built=&#8221;1&#8243; _builder_version=&#8221;4.7.7&#8243; _module_preset=&#8221;default&#8221; hover_enabled=&#8221;0&#8243; custom_padding=&#8221;0px||||false|false&#8221; sticky_enabled=&#8221;0&#8243;][et_pb_row _builder_version=&#8221;4.7.7&#8243; _module_preset=&#8221;default&#8221;][et_pb_column type=&#8221;4_4&#8243; _builder_version=&#8221;4.7.7&#8243; _module_preset=&#8221;default&#8221;][et_pb_text _builder_version=&#8221;4.7.7&#8243; _module_preset=&#8221;default&#8221;] POLITYKA COOKIES U\u017cywamy plik\u00f3w cookie, aby u\u0142atwi\u0107 Ci przegl\u0105danie Internetu, dowiedzie\u0107 si\u0119, w jaki spos\u00f3b wsp\u00f3\u0142dzia\u0142asz z nami, a w niekt\u00f3rych przypadkach m\u00f3c wy\u015bwietla\u0107 Ci reklamy w oparciu o Twoje nawyki przegl\u0105dania. Pliki cookie stanowi\u0105 cz\u0119\u015b\u0107 technologii niezb\u0119dnej do dzia\u0142ania witryny [...]\" \/>\n<meta property=\"og:url\" content=\"https:\/\/www.sinchisinchi.com\/pl\/polityka-plikow-cookies\/\" \/>\n<meta property=\"og:site_name\" content=\"SINCHI RAP\u00c9\" \/>\n<meta property=\"article:publisher\" content=\"https:\/\/www.facebook.com\/sinchirape\/\" \/>\n<meta property=\"article:modified_time\" content=\"2023-11-06T11:35:37+00:00\" \/>\n<meta name=\"twitter:card\" content=\"summary_large_image\" \/>\n<meta name=\"twitter:label1\" content=\"Szacowany czas czytania\" \/>\n\t<meta name=\"twitter:data1\" content=\"5 minut\" \/>\n<script type=\"application\/ld+json\" class=\"yoast-schema-graph\">{\"@context\":\"https:\\\/\\\/schema.org\",\"@graph\":[{\"@type\":\"WebPage\",\"@id\":\"https:\\\/\\\/www.sinchisinchi.com\\\/pl\\\/polityka-plikow-cookies\\\/\",\"url\":\"https:\\\/\\\/www.sinchisinchi.com\\\/pl\\\/polityka-plikow-cookies\\\/\",\"name\":\"Polityka plik\u00f3w cookies - SINCHI RAP\u00c9\",\"isPartOf\":{\"@id\":\"https:\\\/\\\/www.sinchisinchi.com\\\/pl\\\/#website\"},\"datePublished\":\"2023-11-06T11:35:36+00:00\",\"dateModified\":\"2023-11-06T11:35:37+00:00\",\"breadcrumb\":{\"@id\":\"https:\\\/\\\/www.sinchisinchi.com\\\/pl\\\/polityka-plikow-cookies\\\/#breadcrumb\"},\"inLanguage\":\"pl-PL\",\"potentialAction\":[{\"@type\":\"ReadAction\",\"target\":[\"https:\\\/\\\/www.sinchisinchi.com\\\/pl\\\/polityka-plikow-cookies\\\/\"]}]},{\"@type\":\"BreadcrumbList\",\"@id\":\"https:\\\/\\\/www.sinchisinchi.com\\\/pl\\\/polityka-plikow-cookies\\\/#breadcrumb\",\"itemListElement\":[{\"@type\":\"ListItem\",\"position\":1,\"name\":\"Pierwsza strona\",\"item\":\"https:\\\/\\\/www.sinchisinchi.com\\\/pl\\\/\"},{\"@type\":\"ListItem\",\"position\":2,\"name\":\"Regulamin\",\"item\":\"https:\\\/\\\/www.sinchisinchi.com\\\/pl\\\/?page_id=10542\"},{\"@type\":\"ListItem\",\"position\":3,\"name\":\"Polityka plik\u00f3w cookies\"}]},{\"@type\":\"WebSite\",\"@id\":\"https:\\\/\\\/www.sinchisinchi.com\\\/pl\\\/#website\",\"url\":\"https:\\\/\\\/www.sinchisinchi.com\\\/pl\\\/\",\"name\":\"SINCHI\",\"description\":\"Sinchi Medicine\",\"publisher\":{\"@id\":\"https:\\\/\\\/www.sinchisinchi.com\\\/pl\\\/#organization\"},\"potentialAction\":[{\"@type\":\"SearchAction\",\"target\":{\"@type\":\"EntryPoint\",\"urlTemplate\":\"https:\\\/\\\/www.sinchisinchi.com\\\/pl\\\/?s={search_term_string}\"},\"query-input\":{\"@type\":\"PropertyValueSpecification\",\"valueRequired\":true,\"valueName\":\"search_term_string\"}}],\"inLanguage\":\"pl-PL\"},{\"@type\":\"Organization\",\"@id\":\"https:\\\/\\\/www.sinchisinchi.com\\\/pl\\\/#organization\",\"name\":\"SINCHI S.L\",\"url\":\"https:\\\/\\\/www.sinchisinchi.com\\\/pl\\\/\",\"logo\":{\"@type\":\"ImageObject\",\"inLanguage\":\"pl-PL\",\"@id\":\"https:\\\/\\\/www.sinchisinchi.com\\\/pl\\\/#\\\/schema\\\/logo\\\/image\\\/\",\"url\":\"https:\\\/\\\/www.sinchisinchi.com\\\/wp-content\\\/uploads\\\/2026\\\/01\\\/3b-Verde-SIMPLIFICADO-HORIZONTAL-F-TRANSPARENTE-scaled.png\",\"contentUrl\":\"https:\\\/\\\/www.sinchisinchi.com\\\/wp-content\\\/uploads\\\/2026\\\/01\\\/3b-Verde-SIMPLIFICADO-HORIZONTAL-F-TRANSPARENTE-scaled.png\",\"width\":2560,\"height\":457,\"caption\":\"SINCHI S.L\"},\"image\":{\"@id\":\"https:\\\/\\\/www.sinchisinchi.com\\\/pl\\\/#\\\/schema\\\/logo\\\/image\\\/\"},\"sameAs\":[\"https:\\\/\\\/www.facebook.com\\\/sinchirape\\\/\",\"https:\\\/\\\/www.instagram.com\\\/sinchi_rape\\\/\"]}]}<\/script>\n<!-- \/ Yoast SEO plugin. -->","yoast_head_json":{"title":"Polityka plik\u00f3w cookies - SINCHI RAP\u00c9","robots":{"index":"index","follow":"follow","max-snippet":"max-snippet:-1","max-image-preview":"max-image-preview:large","max-video-preview":"max-video-preview:-1"},"canonical":"https:\/\/www.sinchisinchi.com\/pl\/polityka-plikow-cookies\/","og_locale":"pl_PL","og_type":"article","og_title":"Polityka plik\u00f3w cookies - SINCHI RAP\u00c9","og_description":"[et_pb_section fb_built=&#8221;1&#8243; _builder_version=&#8221;4.7.7&#8243; _module_preset=&#8221;default&#8221; hover_enabled=&#8221;0&#8243; custom_padding=&#8221;0px||||false|false&#8221; sticky_enabled=&#8221;0&#8243;][et_pb_row _builder_version=&#8221;4.7.7&#8243; _module_preset=&#8221;default&#8221;][et_pb_column type=&#8221;4_4&#8243; _builder_version=&#8221;4.7.7&#8243; _module_preset=&#8221;default&#8221;][et_pb_text _builder_version=&#8221;4.7.7&#8243; _module_preset=&#8221;default&#8221;] POLITYKA COOKIES U\u017cywamy plik\u00f3w cookie, aby u\u0142atwi\u0107 Ci przegl\u0105danie Internetu, dowiedzie\u0107 si\u0119, w jaki spos\u00f3b wsp\u00f3\u0142dzia\u0142asz z nami, a w niekt\u00f3rych przypadkach m\u00f3c wy\u015bwietla\u0107 Ci reklamy w oparciu o Twoje nawyki przegl\u0105dania. Pliki cookie stanowi\u0105 cz\u0119\u015b\u0107 technologii niezb\u0119dnej do dzia\u0142ania witryny [...]","og_url":"https:\/\/www.sinchisinchi.com\/pl\/polityka-plikow-cookies\/","og_site_name":"SINCHI RAP\u00c9","article_publisher":"https:\/\/www.facebook.com\/sinchirape\/","article_modified_time":"2023-11-06T11:35:37+00:00","twitter_card":"summary_large_image","twitter_misc":{"Szacowany czas czytania":"5 minut"},"schema":{"@context":"https:\/\/schema.org","@graph":[{"@type":"WebPage","@id":"https:\/\/www.sinchisinchi.com\/pl\/polityka-plikow-cookies\/","url":"https:\/\/www.sinchisinchi.com\/pl\/polityka-plikow-cookies\/","name":"Polityka plik\u00f3w cookies - SINCHI RAP\u00c9","isPartOf":{"@id":"https:\/\/www.sinchisinchi.com\/pl\/#website"},"datePublished":"2023-11-06T11:35:36+00:00","dateModified":"2023-11-06T11:35:37+00:00","breadcrumb":{"@id":"https:\/\/www.sinchisinchi.com\/pl\/polityka-plikow-cookies\/#breadcrumb"},"inLanguage":"pl-PL","potentialAction":[{"@type":"ReadAction","target":["https:\/\/www.sinchisinchi.com\/pl\/polityka-plikow-cookies\/"]}]},{"@type":"BreadcrumbList","@id":"https:\/\/www.sinchisinchi.com\/pl\/polityka-plikow-cookies\/#breadcrumb","itemListElement":[{"@type":"ListItem","position":1,"name":"Pierwsza strona","item":"https:\/\/www.sinchisinchi.com\/pl\/"},{"@type":"ListItem","position":2,"name":"Regulamin","item":"https:\/\/www.sinchisinchi.com\/pl\/?page_id=10542"},{"@type":"ListItem","position":3,"name":"Polityka plik\u00f3w cookies"}]},{"@type":"WebSite","@id":"https:\/\/www.sinchisinchi.com\/pl\/#website","url":"https:\/\/www.sinchisinchi.com\/pl\/","name":"SINCHI","description":"Sinchi Medicine","publisher":{"@id":"https:\/\/www.sinchisinchi.com\/pl\/#organization"},"potentialAction":[{"@type":"SearchAction","target":{"@type":"EntryPoint","urlTemplate":"https:\/\/www.sinchisinchi.com\/pl\/?s={search_term_string}"},"query-input":{"@type":"PropertyValueSpecification","valueRequired":true,"valueName":"search_term_string"}}],"inLanguage":"pl-PL"},{"@type":"Organization","@id":"https:\/\/www.sinchisinchi.com\/pl\/#organization","name":"SINCHI S.L","url":"https:\/\/www.sinchisinchi.com\/pl\/","logo":{"@type":"ImageObject","inLanguage":"pl-PL","@id":"https:\/\/www.sinchisinchi.com\/pl\/#\/schema\/logo\/image\/","url":"https:\/\/www.sinchisinchi.com\/wp-content\/uploads\/2026\/01\/3b-Verde-SIMPLIFICADO-HORIZONTAL-F-TRANSPARENTE-scaled.png","contentUrl":"https:\/\/www.sinchisinchi.com\/wp-content\/uploads\/2026\/01\/3b-Verde-SIMPLIFICADO-HORIZONTAL-F-TRANSPARENTE-scaled.png","width":2560,"height":457,"caption":"SINCHI S.L"},"image":{"@id":"https:\/\/www.sinchisinchi.com\/pl\/#\/schema\/logo\/image\/"},"sameAs":["https:\/\/www.facebook.com\/sinchirape\/","https:\/\/www.instagram.com\/sinchi_rape\/"]}]}},"_links":{"self":[{"href":"https:\/\/www.sinchisinchi.com\/pl\/wp-json\/wp\/v2\/pages\/10575","targetHints":{"allow":["GET"]}}],"collection":[{"href":"https:\/\/www.sinchisinchi.com\/pl\/wp-json\/wp\/v2\/pages"}],"about":[{"href":"https:\/\/www.sinchisinchi.com\/pl\/wp-json\/wp\/v2\/types\/page"}],"author":[{"embeddable":true,"href":"https:\/\/www.sinchisinchi.com\/pl\/wp-json\/wp\/v2\/users\/1"}],"replies":[{"embeddable":true,"href":"https:\/\/www.sinchisinchi.com\/pl\/wp-json\/wp\/v2\/comments?post=10575"}],"version-history":[{"count":0,"href":"https:\/\/www.sinchisinchi.com\/pl\/wp-json\/wp\/v2\/pages\/10575\/revisions"}],"wp:attachment":[{"href":"https:\/\/www.sinchisinchi.com\/pl\/wp-json\/wp\/v2\/media?parent=10575"}],"curies":[{"name":"wp","href":"https:\/\/api.w.org\/{rel}","templated":true}]}}