{"id":10633,"date":"2023-11-07T09:44:37","date_gmt":"2023-11-07T09:44:37","guid":{"rendered":"https:\/\/www.sinchisinchi.com\/informacje-rape\/skutki-rape\/"},"modified":"2026-03-04T20:07:15","modified_gmt":"2026-03-04T20:07:15","slug":"skutki-rape","status":"publish","type":"page","link":"https:\/\/www.sinchisinchi.com\/pl\/wiedza\/co-to-jest-rape\/skutki-rape\/","title":{"rendered":"Skutki Rap\u00e9"},"content":{"rendered":"\n<h1 style=\"text-align: center;\">Skutki Rap\u00e9<\/h1>\n<h2 style=\"text-align: center;\">Korzy\u015bci z Rap\u00e9 na poziomie energetycznym i emocjonalnym:<\/h2>\n<p>Dla plemion amazo\u0144skich Rap\u0119 jest pot\u0119\u017cnym narz\u0119dziem oczyszczaj\u0105cym percepcj\u0119, rozja\u015bniaj\u0105cym umys\u0142 i otwieraj\u0105cym wy\u017csze kana\u0142y energetyczne, \u0142\u0105cz\u0105ce nas z najwy\u017csz\u0105 istot\u0105.<\/p>\n<p><strong>Zatrzymuj\u0105c wewn\u0119trzny dialog<\/strong>,Rap\u00e9 pomaga ci by\u0107 naprawd\u0119 obecnym i patrze\u0107 poza interpretacje, wywo\u0142uj\u0105c bezpo\u015bredni stan medytacyjny. Jest nieocenion\u0105 pomoc\u0105 w uspokojeniu nawracaj\u0105cych proces\u00f3w psychicznych i przywr\u00f3ceniu r\u00f3wnowagi niezr\u00f3wnowa\u017conym stanom emocjonalnym.<\/p>\n<p>Dobrze u\u017cywana Rap\u00e9 jest bezpo\u015brednim sposobem na <strong>u\u015bwiadomienie sobie, odblokowanie i uzdrowienie <\/strong>\u0142adunk\u00f3w energetycznych i emocjonalnych, kt\u00f3re przek\u0142adaj\u0105 si\u0119 na l\u0119ki, depresj\u0119, niepok\u00f3j, poczucie opuszczenia, zazdro\u015b\u0107, frustracj\u0119, bezsenno\u015b\u0107 itp.<\/p>\n<p>Kiedy wymagana jest wysoka koncentracja, bardzo pomocna jest jasno\u015b\u0107 umys\u0142u, poniewa\u017c wprowadza ona w stan medytacyjny.<\/p>\n<p>Po przyj\u0119ciu Rap\u00e9 lek podnosi si\u0119, oczyszczaj\u0105c, porz\u0105dkuj\u0105c i wyr\u00f3wnuj\u0105c pole energetyczne, zw\u0142aszcza czakry trzeciego oka i korony. \u0141uki Rap\u00e9we w kr\u0119gach lekarskich, a tak\u017ce przy za\u017cywaniu ayahuaski lub innych ro\u015blin mistrzowskich s\u0142u\u017c\u0105 synchronizacji i wyr\u00f3wnaniu uwagi i percepcji uczestnik\u00f3w.<\/p>\n<div class=\"row\"  id=\"row-2057282764\">\n\n\n\t<div id=\"col-469088969\" class=\"col medium-6 small-12 large-6\"  >\n\t\t\t\t<div class=\"col-inner\"  >\n\t\t\t\n\t\t\t\n\n\t<div class=\"img has-hover x md-x lg-x y md-y lg-y\" id=\"image_1470640765\">\n\t\t\t\t\t\t\t\t<div class=\"img-inner dark\" >\n\t\t\t<img loading=\"lazy\" decoding=\"async\" width=\"868\" height=\"563\" src=\"https:\/\/www.sinchisinchi.com\/wp-content\/uploads\/2024\/07\/R-dibujos-de-rape2-1.jpg\" class=\"attachment-large size-large\" alt=\"\" srcset=\"https:\/\/www.sinchisinchi.com\/wp-content\/uploads\/2024\/07\/R-dibujos-de-rape2-1.jpg 868w, https:\/\/www.sinchisinchi.com\/wp-content\/uploads\/2024\/07\/R-dibujos-de-rape2-1-600x389.jpg 600w, https:\/\/www.sinchisinchi.com\/wp-content\/uploads\/2024\/07\/R-dibujos-de-rape2-1-768x498.jpg 768w, https:\/\/www.sinchisinchi.com\/wp-content\/uploads\/2024\/07\/R-dibujos-de-rape2-1-247x160.jpg 247w, https:\/\/www.sinchisinchi.com\/wp-content\/uploads\/2024\/07\/R-dibujos-de-rape2-1-510x331.jpg 510w\" sizes=\"auto, (max-width: 868px) 100vw, 868px\" \/>\t\t\t\t\t\t\n\t\t\t\t\t<\/div>\n\t\t\t\t\t\t\t\t\n<style>\n#image_1470640765 {\n  width: 100%;\n}\n<\/style>\n\t<\/div>\n\t\n\n\n\t\t<\/div>\n\t\t\t\t\t<\/div>\n\n\t\n\n\t<div id=\"col-1332707951\" class=\"col medium-6 small-12 large-6\"  >\n\t\t\t\t<div class=\"col-inner\"  >\n\t\t\t\n\t\t\t\n\n\t<div class=\"img has-hover x md-x lg-x y md-y lg-y\" id=\"image_1740839563\">\n\t\t\t\t\t\t\t\t<div class=\"img-inner dark\" >\n\t\t\t<img loading=\"lazy\" decoding=\"async\" width=\"868\" height=\"563\" src=\"https:\/\/www.sinchisinchi.com\/wp-content\/uploads\/2024\/07\/R-Flor-del-mapacho2-3.jpg\" class=\"attachment-large size-large\" alt=\"\" srcset=\"https:\/\/www.sinchisinchi.com\/wp-content\/uploads\/2024\/07\/R-Flor-del-mapacho2-3.jpg 868w, https:\/\/www.sinchisinchi.com\/wp-content\/uploads\/2024\/07\/R-Flor-del-mapacho2-3-600x389.jpg 600w, https:\/\/www.sinchisinchi.com\/wp-content\/uploads\/2024\/07\/R-Flor-del-mapacho2-3-768x498.jpg 768w, https:\/\/www.sinchisinchi.com\/wp-content\/uploads\/2024\/07\/R-Flor-del-mapacho2-3-247x160.jpg 247w, https:\/\/www.sinchisinchi.com\/wp-content\/uploads\/2024\/07\/R-Flor-del-mapacho2-3-510x331.jpg 510w\" sizes=\"auto, (max-width: 868px) 100vw, 868px\" \/>\t\t\t\t\t\t\n\t\t\t\t\t<\/div>\n\t\t\t\t\t\t\t\t\n<style>\n#image_1740839563 {\n  width: 100%;\n}\n<\/style>\n\t<\/div>\n\t\n\n\n\t\t<\/div>\n\t\t\t\t\t<\/div>\n\n\t\n\n<\/div>\n<h2 style=\"text-align: center;\">Korzy\u015bci z Rap\u00e9 na poziomie fizycznym:<\/h2>\n<p>Cenne jest<strong> tak\u017ce dzia\u0142anie<\/strong> Rap\u00e9 na poziomie fizycznym: jest bardzo skuteczny w leczeniu chor\u00f3b uk\u0142adu oddechowego, zw\u0142aszcza zapalenia zatok, przewlek\u0142ego zapalenia oskrzeli, zapalenia p\u0142uc i gru\u017alicy. Jest r\u00f3wnie\u017c skuteczny przy uporczywych b\u00f3lach g\u0142owy, migrenach, problemach z uk\u0142adem trawiennym i alergiach.<\/p>\n<p>Rap\u00e9 uodparnia r\u00f3wnie\u017c na choroby uk\u0142adu oddechowego, jest silnym \u015brodkiem przeciwb\u00f3lowym, likwiduj\u0105cym b\u00f3le g\u0142owy i cia\u0142a, dzia\u0142a relaksuj\u0105co i przeciwgor\u0105czkowo.<\/p>\n<p>Cz\u0119\u015b\u0107 z nich mo\u017ce przedosta\u0107 si\u0119 do uk\u0142adu trawiennego, gdzie odrobacza i pomaga oczy\u015bci\u0107 \u017co\u0142\u0105dek i jelita. W ramach tego oczyszczenia mo\u017cesz wymiotowa\u0107.<\/p>\n<p>Ponadto wiadomo, \u017ce <strong>Rap\u00e9 dzia\u0142a na szyszynk\u0119<\/strong>. Terapeutka Gestalt i specjalistka od stosowania ro\u015blin leczniczych, Hendara Rico, powiedzia\u0142a gazecie \u201eEfe\u201d, \u017ce \u201eszyszynka pod wp\u0142ywem niekt\u00f3rych substancji codziennego u\u017cytku, takich jak fluor, ulega zwapnieniu i dr\u0119twieniu, a tabaka dzia\u0142a poprzez odwapnienie tego gruczo\u0142u\u201d.<\/p>\n<p>Pomaga wznowi\u0107 cykl oczyszczania p\u0142uc i powoduje wydalenie flegmy i cia\u0142 obcych; Jest szczeg\u00f3lnie polecany osobom cierpi\u0105cym na astm\u0119.<\/p>\n<p>Rap\u0119 stosuje si\u0119 tak\u017ce jako substancj\u0119 przeciwb\u00f3low\u0105, \u0142agodz\u0105c\u0105 zm\u0119czenie, b\u00f3l, g\u0142\u00f3d i pragnienie.<\/p>\n<p>Rap\u00e9 na bazie szop\u00f3w zawiera nikotyn\u0119, dlatego jej stosowanie zwi\u0119ksza przep\u0142yw krwi w m\u00f3zgu i wp\u0142ywa na uwalnianie kilku neuroprzeka\u017anik\u00f3w, kt\u00f3re powoduj\u0105 dzia\u0142anie przeciwdepresyjne i pobudzaj\u0105ce.<\/p>\n<p>Jest tak\u017ce doskona\u0142ym<strong> \u015brodkiem leczniczym i antybiotykiem<\/strong> stosowanym na rany, szczeg\u00f3lnie te zawieraj\u0105ce sza\u0142wi\u0119 i lawend\u0119.<\/p>\n<div class=\"row\"  id=\"row-442417352\">\n\n\n\t<div id=\"col-583209575\" class=\"col medium-6 small-12 large-6\"  >\n\t\t\t\t<div class=\"col-inner\"  >\n\t\t\t\n\t\t\t\n\n\t<div class=\"img has-hover x md-x lg-x y md-y lg-y\" id=\"image_1000510942\">\n\t\t\t\t\t\t\t\t<div class=\"img-inner dark\" >\n\t\t\t<img loading=\"lazy\" decoding=\"async\" width=\"868\" height=\"563\" src=\"https:\/\/www.sinchisinchi.com\/wp-content\/uploads\/2024\/07\/R-toma-de-rape3-1.jpg\" class=\"attachment-large size-large\" alt=\"\" srcset=\"https:\/\/www.sinchisinchi.com\/wp-content\/uploads\/2024\/07\/R-toma-de-rape3-1.jpg 868w, https:\/\/www.sinchisinchi.com\/wp-content\/uploads\/2024\/07\/R-toma-de-rape3-1-600x389.jpg 600w, https:\/\/www.sinchisinchi.com\/wp-content\/uploads\/2024\/07\/R-toma-de-rape3-1-768x498.jpg 768w, https:\/\/www.sinchisinchi.com\/wp-content\/uploads\/2024\/07\/R-toma-de-rape3-1-247x160.jpg 247w, https:\/\/www.sinchisinchi.com\/wp-content\/uploads\/2024\/07\/R-toma-de-rape3-1-510x331.jpg 510w\" sizes=\"auto, (max-width: 868px) 100vw, 868px\" \/>\t\t\t\t\t\t\n\t\t\t\t\t<\/div>\n\t\t\t\t\t\t\t\t\n<style>\n#image_1000510942 {\n  width: 100%;\n}\n<\/style>\n\t<\/div>\n\t\n\n\n\t\t<\/div>\n\t\t\t\t\t<\/div>\n\n\t\n\n\t<div id=\"col-284382266\" class=\"col medium-6 small-12 large-6\"  >\n\t\t\t\t<div class=\"col-inner\"  >\n\t\t\t\n\t\t\t\n\n\t<div class=\"img has-hover x md-x lg-x y md-y lg-y\" id=\"image_1371191513\">\n\t\t\t\t\t\t\t\t<div class=\"img-inner dark\" >\n\t\t\t<img loading=\"lazy\" decoding=\"async\" width=\"868\" height=\"563\" src=\"https:\/\/www.sinchisinchi.com\/wp-content\/uploads\/2024\/07\/R-historia-del-tabaco1-1.jpg\" class=\"attachment-large size-large\" alt=\"\" srcset=\"https:\/\/www.sinchisinchi.com\/wp-content\/uploads\/2024\/07\/R-historia-del-tabaco1-1.jpg 868w, https:\/\/www.sinchisinchi.com\/wp-content\/uploads\/2024\/07\/R-historia-del-tabaco1-1-600x389.jpg 600w, https:\/\/www.sinchisinchi.com\/wp-content\/uploads\/2024\/07\/R-historia-del-tabaco1-1-768x498.jpg 768w, https:\/\/www.sinchisinchi.com\/wp-content\/uploads\/2024\/07\/R-historia-del-tabaco1-1-247x160.jpg 247w, https:\/\/www.sinchisinchi.com\/wp-content\/uploads\/2024\/07\/R-historia-del-tabaco1-1-510x331.jpg 510w\" sizes=\"auto, (max-width: 868px) 100vw, 868px\" \/>\t\t\t\t\t\t\n\t\t\t\t\t<\/div>\n\t\t\t\t\t\t\t\t\n<style>\n#image_1371191513 {\n  width: 100%;\n}\n<\/style>\n\t<\/div>\n\t\n\n\n\t\t<\/div>\n\t\t\t\t\t<\/div>\n\n\t\n\n<\/div>\n\t<div id=\"gap-991075060\" class=\"gap-element clearfix\" style=\"display:block; height:auto;\">\n\t\t\n<style>\n#gap-991075060 {\n  padding-top: 30px;\n}\n<\/style>\n\t<\/div>\n\t\n\n<div class=\"row align-bottom\"  id=\"row-1044623477\">\n\n\n\t<div id=\"col-310116039\" class=\"col medium-4 small-12 large-4\"  >\n\t\t\t\t<div class=\"col-inner\"  >\n\t\t\t\n\t\t\t\n\n\n\t\t<\/div>\n\t\t\t\t\t<\/div>\n\n\t\n\n\t<div id=\"col-979356049\" class=\"col medium-4 small-12 large-4\"  >\n\t\t\t\t<div class=\"col-inner\"  >\n\t\t\t\n\t\t\t\n\n<a href=\"https:\/\/www.sinchisinchi.com\/pl\/wiedza\/co-to-jest-rape\/ceremonia-rape\/\" class=\"button primary is-underline reveal-icon expand\" >\n\t\t<span>CZYTAJ DALEJ<\/span>\n\t<i class=\"icon-angle-right\" aria-hidden=\"true\"><\/i><\/a>\n\n\n\n\t\t<\/div>\n\t\t\t\t\t<\/div>\n\n\t\n\n\t<div id=\"col-1726248840\" class=\"col medium-4 small-12 large-4\"  >\n\t\t\t\t<div class=\"col-inner\"  >\n\t\t\t\n\t\t\t\n\n\n\t\t<\/div>\n\t\t\t\t\t<\/div>\n\n\t\n\n<\/div>\n\n","protected":false},"excerpt":{"rendered":"","protected":false},"author":1,"featured_media":0,"parent":10671,"menu_order":0,"comment_status":"closed","ping_status":"closed","template":"","meta":{"_joinchat":[],"footnotes":""},"class_list":["post-10633","page","type-page","status-publish","hentry"],"yoast_head":"<!-- This site is optimized with the Yoast SEO plugin v27.1.1 - https:\/\/yoast.com\/product\/yoast-seo-wordpress\/ -->\n<title>Skutki Rap\u00e9: Fizyczne i duchowe moce Rap\u00e9<\/title>\n<meta name=\"description\" content=\"Dzia\u0142anie Rap\u00e9: Rap\u00e9 jest pot\u0119\u017cnym narz\u0119dziem, kt\u00f3re oczyszcza nasz\u0105 percepcj\u0119, umys\u0142 i wspomaga po\u0142\u0105czenie.\" \/>\n<meta name=\"robots\" content=\"index, follow, max-snippet:-1, max-image-preview:large, max-video-preview:-1\" \/>\n<link rel=\"canonical\" href=\"https:\/\/www.sinchisinchi.com\/pl\/wiedza\/co-to-jest-rape\/skutki-rape\/\" \/>\n<meta property=\"og:locale\" content=\"pl_PL\" \/>\n<meta property=\"og:type\" content=\"article\" \/>\n<meta property=\"og:title\" content=\"Skutki Rap\u00e9: Fizyczne i duchowe moce Rap\u00e9\" \/>\n<meta property=\"og:description\" content=\"Dzia\u0142anie Rap\u00e9: Rap\u00e9 jest pot\u0119\u017cnym narz\u0119dziem, kt\u00f3re oczyszcza nasz\u0105 percepcj\u0119, umys\u0142 i wspomaga po\u0142\u0105czenie.\" \/>\n<meta property=\"og:url\" content=\"https:\/\/www.sinchisinchi.com\/pl\/wiedza\/co-to-jest-rape\/skutki-rape\/\" \/>\n<meta property=\"og:site_name\" content=\"SINCHI RAP\u00c9\" \/>\n<meta property=\"article:publisher\" content=\"https:\/\/www.facebook.com\/sinchirape\/\" \/>\n<meta property=\"article:modified_time\" content=\"2026-03-04T20:07:15+00:00\" \/>\n<meta name=\"twitter:card\" content=\"summary_large_image\" \/>\n<meta name=\"twitter:label1\" content=\"Szacowany czas czytania\" \/>\n\t<meta name=\"twitter:data1\" content=\"3 minuty\" \/>\n<script type=\"application\/ld+json\" class=\"yoast-schema-graph\">{\"@context\":\"https:\/\/schema.org\",\"@graph\":[{\"@type\":\"WebPage\",\"@id\":\"https:\/\/www.sinchisinchi.com\/pl\/wiedza\/co-to-jest-rape\/skutki-rape\/\",\"url\":\"https:\/\/www.sinchisinchi.com\/pl\/wiedza\/co-to-jest-rape\/skutki-rape\/\",\"name\":\"Skutki Rap\u00e9: Fizyczne i duchowe moce Rap\u00e9\",\"isPartOf\":{\"@id\":\"https:\/\/www.sinchisinchi.com\/pl\/#website\"},\"datePublished\":\"2023-11-07T09:44:37+00:00\",\"dateModified\":\"2026-03-04T20:07:15+00:00\",\"description\":\"Dzia\u0142anie Rap\u00e9: Rap\u00e9 jest pot\u0119\u017cnym narz\u0119dziem, kt\u00f3re oczyszcza nasz\u0105 percepcj\u0119, umys\u0142 i wspomaga po\u0142\u0105czenie.\",\"breadcrumb\":{\"@id\":\"https:\/\/www.sinchisinchi.com\/pl\/wiedza\/co-to-jest-rape\/skutki-rape\/#breadcrumb\"},\"inLanguage\":\"pl-PL\",\"potentialAction\":[{\"@type\":\"ReadAction\",\"target\":[\"https:\/\/www.sinchisinchi.com\/pl\/wiedza\/co-to-jest-rape\/skutki-rape\/\"]}]},{\"@type\":\"BreadcrumbList\",\"@id\":\"https:\/\/www.sinchisinchi.com\/pl\/wiedza\/co-to-jest-rape\/skutki-rape\/#breadcrumb\",\"itemListElement\":[{\"@type\":\"ListItem\",\"position\":1,\"name\":\"Pierwsza strona\",\"item\":\"https:\/\/www.sinchisinchi.com\/pl\/\"},{\"@type\":\"ListItem\",\"position\":2,\"name\":\"Wiedza\",\"item\":\"https:\/\/www.sinchisinchi.com\/pl\/wiedza\/\"},{\"@type\":\"ListItem\",\"position\":3,\"name\":\"Co to jest Rap\u00e9\",\"item\":\"https:\/\/www.sinchisinchi.com\/pl\/connaissance\/quest-ce-que-le-rape\/\"},{\"@type\":\"ListItem\",\"position\":4,\"name\":\"Skutki Rap\u00e9\"}]},{\"@type\":\"WebSite\",\"@id\":\"https:\/\/www.sinchisinchi.com\/pl\/#website\",\"url\":\"https:\/\/www.sinchisinchi.com\/pl\/\",\"name\":\"SINCHI\",\"description\":\"Sinchi Medicine\",\"publisher\":{\"@id\":\"https:\/\/www.sinchisinchi.com\/pl\/#organization\"},\"potentialAction\":[{\"@type\":\"SearchAction\",\"target\":{\"@type\":\"EntryPoint\",\"urlTemplate\":\"https:\/\/www.sinchisinchi.com\/pl\/?s={search_term_string}\"},\"query-input\":{\"@type\":\"PropertyValueSpecification\",\"valueRequired\":true,\"valueName\":\"search_term_string\"}}],\"inLanguage\":\"pl-PL\"},{\"@type\":\"Organization\",\"@id\":\"https:\/\/www.sinchisinchi.com\/pl\/#organization\",\"name\":\"SINCHI S.L\",\"url\":\"https:\/\/www.sinchisinchi.com\/pl\/\",\"logo\":{\"@type\":\"ImageObject\",\"inLanguage\":\"pl-PL\",\"@id\":\"https:\/\/www.sinchisinchi.com\/pl\/#\/schema\/logo\/image\/\",\"url\":\"https:\/\/www.sinchisinchi.com\/wp-content\/uploads\/2026\/01\/3b-Verde-SIMPLIFICADO-HORIZONTAL-F-TRANSPARENTE-scaled.png\",\"contentUrl\":\"https:\/\/www.sinchisinchi.com\/wp-content\/uploads\/2026\/01\/3b-Verde-SIMPLIFICADO-HORIZONTAL-F-TRANSPARENTE-scaled.png\",\"width\":2560,\"height\":457,\"caption\":\"SINCHI S.L\"},\"image\":{\"@id\":\"https:\/\/www.sinchisinchi.com\/pl\/#\/schema\/logo\/image\/\"},\"sameAs\":[\"https:\/\/www.facebook.com\/sinchirape\/\",\"https:\/\/www.instagram.com\/sinchi_rape\/\"]}]}<\/script>\n<!-- \/ Yoast SEO plugin. -->","yoast_head_json":{"title":"Skutki Rap\u00e9: Fizyczne i duchowe moce Rap\u00e9","description":"Dzia\u0142anie Rap\u00e9: Rap\u00e9 jest pot\u0119\u017cnym narz\u0119dziem, kt\u00f3re oczyszcza nasz\u0105 percepcj\u0119, umys\u0142 i wspomaga po\u0142\u0105czenie.","robots":{"index":"index","follow":"follow","max-snippet":"max-snippet:-1","max-image-preview":"max-image-preview:large","max-video-preview":"max-video-preview:-1"},"canonical":"https:\/\/www.sinchisinchi.com\/pl\/wiedza\/co-to-jest-rape\/skutki-rape\/","og_locale":"pl_PL","og_type":"article","og_title":"Skutki Rap\u00e9: Fizyczne i duchowe moce Rap\u00e9","og_description":"Dzia\u0142anie Rap\u00e9: Rap\u00e9 jest pot\u0119\u017cnym narz\u0119dziem, kt\u00f3re oczyszcza nasz\u0105 percepcj\u0119, umys\u0142 i wspomaga po\u0142\u0105czenie.","og_url":"https:\/\/www.sinchisinchi.com\/pl\/wiedza\/co-to-jest-rape\/skutki-rape\/","og_site_name":"SINCHI RAP\u00c9","article_publisher":"https:\/\/www.facebook.com\/sinchirape\/","article_modified_time":"2026-03-04T20:07:15+00:00","twitter_card":"summary_large_image","twitter_misc":{"Szacowany czas czytania":"3 minuty"},"schema":{"@context":"https:\/\/schema.org","@graph":[{"@type":"WebPage","@id":"https:\/\/www.sinchisinchi.com\/pl\/wiedza\/co-to-jest-rape\/skutki-rape\/","url":"https:\/\/www.sinchisinchi.com\/pl\/wiedza\/co-to-jest-rape\/skutki-rape\/","name":"Skutki Rap\u00e9: Fizyczne i duchowe moce Rap\u00e9","isPartOf":{"@id":"https:\/\/www.sinchisinchi.com\/pl\/#website"},"datePublished":"2023-11-07T09:44:37+00:00","dateModified":"2026-03-04T20:07:15+00:00","description":"Dzia\u0142anie Rap\u00e9: Rap\u00e9 jest pot\u0119\u017cnym narz\u0119dziem, kt\u00f3re oczyszcza nasz\u0105 percepcj\u0119, umys\u0142 i wspomaga po\u0142\u0105czenie.","breadcrumb":{"@id":"https:\/\/www.sinchisinchi.com\/pl\/wiedza\/co-to-jest-rape\/skutki-rape\/#breadcrumb"},"inLanguage":"pl-PL","potentialAction":[{"@type":"ReadAction","target":["https:\/\/www.sinchisinchi.com\/pl\/wiedza\/co-to-jest-rape\/skutki-rape\/"]}]},{"@type":"BreadcrumbList","@id":"https:\/\/www.sinchisinchi.com\/pl\/wiedza\/co-to-jest-rape\/skutki-rape\/#breadcrumb","itemListElement":[{"@type":"ListItem","position":1,"name":"Pierwsza strona","item":"https:\/\/www.sinchisinchi.com\/pl\/"},{"@type":"ListItem","position":2,"name":"Wiedza","item":"https:\/\/www.sinchisinchi.com\/pl\/wiedza\/"},{"@type":"ListItem","position":3,"name":"Co to jest Rap\u00e9","item":"https:\/\/www.sinchisinchi.com\/pl\/connaissance\/quest-ce-que-le-rape\/"},{"@type":"ListItem","position":4,"name":"Skutki Rap\u00e9"}]},{"@type":"WebSite","@id":"https:\/\/www.sinchisinchi.com\/pl\/#website","url":"https:\/\/www.sinchisinchi.com\/pl\/","name":"SINCHI","description":"Sinchi Medicine","publisher":{"@id":"https:\/\/www.sinchisinchi.com\/pl\/#organization"},"potentialAction":[{"@type":"SearchAction","target":{"@type":"EntryPoint","urlTemplate":"https:\/\/www.sinchisinchi.com\/pl\/?s={search_term_string}"},"query-input":{"@type":"PropertyValueSpecification","valueRequired":true,"valueName":"search_term_string"}}],"inLanguage":"pl-PL"},{"@type":"Organization","@id":"https:\/\/www.sinchisinchi.com\/pl\/#organization","name":"SINCHI S.L","url":"https:\/\/www.sinchisinchi.com\/pl\/","logo":{"@type":"ImageObject","inLanguage":"pl-PL","@id":"https:\/\/www.sinchisinchi.com\/pl\/#\/schema\/logo\/image\/","url":"https:\/\/www.sinchisinchi.com\/wp-content\/uploads\/2026\/01\/3b-Verde-SIMPLIFICADO-HORIZONTAL-F-TRANSPARENTE-scaled.png","contentUrl":"https:\/\/www.sinchisinchi.com\/wp-content\/uploads\/2026\/01\/3b-Verde-SIMPLIFICADO-HORIZONTAL-F-TRANSPARENTE-scaled.png","width":2560,"height":457,"caption":"SINCHI S.L"},"image":{"@id":"https:\/\/www.sinchisinchi.com\/pl\/#\/schema\/logo\/image\/"},"sameAs":["https:\/\/www.facebook.com\/sinchirape\/","https:\/\/www.instagram.com\/sinchi_rape\/"]}]}},"_links":{"self":[{"href":"https:\/\/www.sinchisinchi.com\/pl\/wp-json\/wp\/v2\/pages\/10633","targetHints":{"allow":["GET"]}}],"collection":[{"href":"https:\/\/www.sinchisinchi.com\/pl\/wp-json\/wp\/v2\/pages"}],"about":[{"href":"https:\/\/www.sinchisinchi.com\/pl\/wp-json\/wp\/v2\/types\/page"}],"author":[{"embeddable":true,"href":"https:\/\/www.sinchisinchi.com\/pl\/wp-json\/wp\/v2\/users\/1"}],"replies":[{"embeddable":true,"href":"https:\/\/www.sinchisinchi.com\/pl\/wp-json\/wp\/v2\/comments?post=10633"}],"version-history":[{"count":1,"href":"https:\/\/www.sinchisinchi.com\/pl\/wp-json\/wp\/v2\/pages\/10633\/revisions"}],"predecessor-version":[{"id":30244,"href":"https:\/\/www.sinchisinchi.com\/pl\/wp-json\/wp\/v2\/pages\/10633\/revisions\/30244"}],"up":[{"embeddable":true,"href":"https:\/\/www.sinchisinchi.com\/pl\/wp-json\/wp\/v2\/pages\/10671"}],"wp:attachment":[{"href":"https:\/\/www.sinchisinchi.com\/pl\/wp-json\/wp\/v2\/media?parent=10633"}],"curies":[{"name":"wp","href":"https:\/\/api.w.org\/{rel}","templated":true}]}}