{"id":10671,"date":"2023-11-07T13:14:29","date_gmt":"2023-11-07T13:14:29","guid":{"rendered":"https:\/\/www.sinchisinchi.com\/informacje-rape\/co-to-jest-rape\/"},"modified":"2026-03-04T18:55:17","modified_gmt":"2026-03-04T18:55:17","slug":"co-to-jest-rape","status":"publish","type":"page","link":"https:\/\/www.sinchisinchi.com\/pl\/wiedza\/co-to-jest-rape\/","title":{"rendered":"Co to jest Rap\u00e9"},"content":{"rendered":"\n<h1 style=\"text-align: center;\">Co to jest Rap\u00e9?<\/h1>\n<p>Rap\u00e9 to \u015bwi\u0119te lekarstwo stosowane od tysi\u0119cy lat przez r\u00f3\u017cne plemiona zamieszkuj\u0105ce Amazoni\u0119 i doskona\u0142e narz\u0119dzie do uspokojenia umys\u0142u i po\u0142\u0105czenia si\u0119 z istot\u0105 wszech\u015bwiata.<\/p>\n<p>Rap\u0119 sk\u0142ada si\u0119 g\u0142\u00f3wnie z drobno zmielonego i przesianego <strong>Mapacho<\/strong>, popio\u0142\u00f3w z ceremonialnego ognia i innych \u015bwi\u0119tych ro\u015blin, kt\u00f3re decyduj\u0105 o jej subtelnej alchemii. Rezultatem jest bardzo drobny, pikantny proszek, w kt\u00f3rym mo\u017cna dostrzec kryszta\u0142y ro\u015blinne.<\/p>\n<p>Chocia\u017c ka\u017cdy przepis na tabak\u0119 przygotowywany jest z r\u00f3\u017cnych ro\u015blin, Dziadek Mapacho jest zawsze obecny z nielicznymi wyj\u0105tkami, poniewa\u017c pomaga uporz\u0105dkowa\u0107, zintegrowa\u0107 i zr\u00f3wnowa\u017cy\u0107 inne leki oraz ukierunkowa\u0107 je na konkretny cel.<\/p>\n<p><strong>Nicotiana (znany tyto\u0144 Nicotiana t*bacum)<\/strong> lub<strong> Mapacho (Nicotiana R\u00fastica)<\/strong> to g\u0142\u00f3wna ro\u015blina wyst\u0119puj\u0105ca na wszystkich kontynentach i kojarzona z cz\u0142owiekiem od czas\u00f3w staro\u017cytnych. Przede wszystkim ma\u0142y szop jest bram\u0105 do doskona\u0142ego po\u0142\u0105czenia z duchem i wszech\u015bwiatem.<\/p>\n<p>Z tych wszystkich powod\u00f3w tyto\u0144 uwa\u017cany jest za najwa\u017cniejsz\u0105 z ro\u015blin mistrzowskich, pe\u0142ni\u0105c\u0105 rol\u0119 dyrektora orkiestry symfonicznej.<\/p>\n<div class=\"row\"  id=\"row-400876950\">\n\n\n\t<div id=\"col-2065895178\" class=\"col medium-6 small-12 large-6\"  >\n\t\t\t\t<div class=\"col-inner\"  >\n\t\t\t\n\t\t\t\n\n\t<div class=\"img has-hover x md-x lg-x y md-y lg-y\" id=\"image_876058751\">\n\t\t\t\t\t\t\t\t<div class=\"img-inner dark\" >\n\t\t\t<img loading=\"lazy\" decoding=\"async\" width=\"868\" height=\"563\" src=\"https:\/\/www.sinchisinchi.com\/wp-content\/uploads\/2024\/07\/R-Flor-del-mapacho2-3.jpg\" class=\"attachment-large size-large\" alt=\"\" srcset=\"https:\/\/www.sinchisinchi.com\/wp-content\/uploads\/2024\/07\/R-Flor-del-mapacho2-3.jpg 868w, https:\/\/www.sinchisinchi.com\/wp-content\/uploads\/2024\/07\/R-Flor-del-mapacho2-3-600x389.jpg 600w, https:\/\/www.sinchisinchi.com\/wp-content\/uploads\/2024\/07\/R-Flor-del-mapacho2-3-768x498.jpg 768w, https:\/\/www.sinchisinchi.com\/wp-content\/uploads\/2024\/07\/R-Flor-del-mapacho2-3-247x160.jpg 247w, https:\/\/www.sinchisinchi.com\/wp-content\/uploads\/2024\/07\/R-Flor-del-mapacho2-3-510x331.jpg 510w\" sizes=\"auto, (max-width: 868px) 100vw, 868px\" \/>\t\t\t\t\t\t\n\t\t\t\t\t<\/div>\n\t\t\t\t\t\t\t\t\n<style>\n#image_876058751 {\n  width: 100%;\n}\n<\/style>\n\t<\/div>\n\t\n\n\n\t\t<\/div>\n\t\t\t\t\t<\/div>\n\n\t\n\n\t<div id=\"col-927646391\" class=\"col medium-6 small-12 large-6\"  >\n\t\t\t\t<div class=\"col-inner\"  >\n\t\t\t\n\t\t\t\n\n\t<div class=\"img has-hover x md-x lg-x y md-y lg-y\" id=\"image_1361258252\">\n\t\t\t\t\t\t\t\t<div class=\"img-inner dark\" >\n\t\t\t<img loading=\"lazy\" decoding=\"async\" width=\"868\" height=\"563\" src=\"https:\/\/www.sinchisinchi.com\/wp-content\/uploads\/2024\/07\/R-dibujos-de-rape4-1.jpg\" class=\"attachment-large size-large\" alt=\"\" srcset=\"https:\/\/www.sinchisinchi.com\/wp-content\/uploads\/2024\/07\/R-dibujos-de-rape4-1.jpg 868w, https:\/\/www.sinchisinchi.com\/wp-content\/uploads\/2024\/07\/R-dibujos-de-rape4-1-600x389.jpg 600w, https:\/\/www.sinchisinchi.com\/wp-content\/uploads\/2024\/07\/R-dibujos-de-rape4-1-768x498.jpg 768w, https:\/\/www.sinchisinchi.com\/wp-content\/uploads\/2024\/07\/R-dibujos-de-rape4-1-247x160.jpg 247w, https:\/\/www.sinchisinchi.com\/wp-content\/uploads\/2024\/07\/R-dibujos-de-rape4-1-510x331.jpg 510w\" sizes=\"auto, (max-width: 868px) 100vw, 868px\" \/>\t\t\t\t\t\t\n\t\t\t\t\t<\/div>\n\t\t\t\t\t\t\t\t\n<style>\n#image_1361258252 {\n  width: 100%;\n}\n<\/style>\n\t<\/div>\n\t\n\n\n\t\t<\/div>\n\t\t\t\t\t<\/div>\n\n\t\n\n<\/div>\n<h2 style=\"text-align: center;\"><strong>Rodzaje rap\u00e9<\/strong><\/h2>\n<p>Odmiany rzepaku z wi\u0119ksz\u0105 zawarto\u015bci\u0105 popio\u0142u s\u0105 ja\u015bniejsze i szarawe; Uwa\u017cane s\u0105 za odmiany <strong>\u201ePowietrza\u201d<\/strong>, ich dzia\u0142anie jest bardziej stymuluj\u0105ce i wskazane s\u0105 w sytuacjach, w kt\u00f3rych chcemy si\u0119 unie\u015b\u0107 i unie\u015b\u0107, po\u0142\u0105czy\u0107 si\u0119 z subtelno\u015bci\u0105 i bosko\u015bci\u0105. S\u0105 to odmiany og\u00f3lnie bardziej polecane dla pocz\u0105tkuj\u0105cych.<\/p>\n<p>Odmiany rap\u00e9 z wi\u0119ksz\u0105 zawarto\u015bci\u0105 Mapacho s\u0105 ciemniejsze i br\u0105zowawe; S\u0105 to odmiany<strong> \u201eziemskie\u201d<\/strong>, ich dzia\u0142anie jest bardziej uspokajaj\u0105ce i wskazane jest, aby \u0142\u0105czy\u0142y si\u0119 z g\u0142\u0119bi\u0105, korzeniami i przodkami. S\u0105 to odmiany wskazane dla bardziej zaawansowanych u\u017cytkownik\u00f3w.<\/p>\n<p>Pomi\u0119dzy tymi dwoma skrajno\u015bciami istnieje szeroka gama odmian, ka\u017cda z w\u0142asnym duchem i subtelno\u015bciami, kt\u00f3re okre\u015bl\u0105, czy Rap\u00e9 ma w\u0142a\u015bciwo\u015bci lecznicze, koncentracyjne, wojownicze lub inne.<\/p>\n<p>Niekt\u00f3re tabaki zosta\u0142y nazwane na cze\u015b\u0107 plemion, kt\u00f3re ich u\u017cywaj\u0105, takich jak plemiona Yawanawa, Nukini, Manchinery i Katukina.<\/p>\n<div class=\"row\"  id=\"row-1023902430\">\n\n\n\t<div id=\"col-1423696029\" class=\"col medium-6 small-12 large-6\"  >\n\t\t\t\t<div class=\"col-inner\"  >\n\t\t\t\n\t\t\t\n\n\t<div class=\"img has-hover x md-x lg-x y md-y lg-y\" id=\"image_1925179645\">\n\t\t\t\t\t\t\t\t<div class=\"img-inner dark\" >\n\t\t\t<img loading=\"lazy\" decoding=\"async\" width=\"868\" height=\"563\" src=\"https:\/\/www.sinchisinchi.com\/wp-content\/uploads\/2024\/07\/R-dibujos-de-rape3-2.jpg\" class=\"attachment-large size-large\" alt=\"\" srcset=\"https:\/\/www.sinchisinchi.com\/wp-content\/uploads\/2024\/07\/R-dibujos-de-rape3-2.jpg 868w, https:\/\/www.sinchisinchi.com\/wp-content\/uploads\/2024\/07\/R-dibujos-de-rape3-2-600x389.jpg 600w, https:\/\/www.sinchisinchi.com\/wp-content\/uploads\/2024\/07\/R-dibujos-de-rape3-2-768x498.jpg 768w, https:\/\/www.sinchisinchi.com\/wp-content\/uploads\/2024\/07\/R-dibujos-de-rape3-2-247x160.jpg 247w, https:\/\/www.sinchisinchi.com\/wp-content\/uploads\/2024\/07\/R-dibujos-de-rape3-2-510x331.jpg 510w\" sizes=\"auto, (max-width: 868px) 100vw, 868px\" \/>\t\t\t\t\t\t\n\t\t\t\t\t<\/div>\n\t\t\t\t\t\t\t\t\n<style>\n#image_1925179645 {\n  width: 100%;\n}\n<\/style>\n\t<\/div>\n\t\n\n\n\t\t<\/div>\n\t\t\t\t\t<\/div>\n\n\t\n\n\t<div id=\"col-1736211904\" class=\"col medium-6 small-12 large-6\"  >\n\t\t\t\t<div class=\"col-inner\"  >\n\t\t\t\n\t\t\t\n\n\t<div class=\"img has-hover x md-x lg-x y md-y lg-y\" id=\"image_1331656138\">\n\t\t\t\t\t\t\t\t<div class=\"img-inner dark\" >\n\t\t\t<img loading=\"lazy\" decoding=\"async\" width=\"868\" height=\"563\" src=\"https:\/\/www.sinchisinchi.com\/wp-content\/uploads\/2024\/07\/R-toma-de-rape3-1.jpg\" class=\"attachment-large size-large\" alt=\"\" srcset=\"https:\/\/www.sinchisinchi.com\/wp-content\/uploads\/2024\/07\/R-toma-de-rape3-1.jpg 868w, https:\/\/www.sinchisinchi.com\/wp-content\/uploads\/2024\/07\/R-toma-de-rape3-1-600x389.jpg 600w, https:\/\/www.sinchisinchi.com\/wp-content\/uploads\/2024\/07\/R-toma-de-rape3-1-768x498.jpg 768w, https:\/\/www.sinchisinchi.com\/wp-content\/uploads\/2024\/07\/R-toma-de-rape3-1-247x160.jpg 247w, https:\/\/www.sinchisinchi.com\/wp-content\/uploads\/2024\/07\/R-toma-de-rape3-1-510x331.jpg 510w\" sizes=\"auto, (max-width: 868px) 100vw, 868px\" \/>\t\t\t\t\t\t\n\t\t\t\t\t<\/div>\n\t\t\t\t\t\t\t\t\n<style>\n#image_1331656138 {\n  width: 100%;\n}\n<\/style>\n\t<\/div>\n\t\n\n\n\t\t<\/div>\n\t\t\t\t\t<\/div>\n\n\t\n\n<\/div>\n<h2 style=\"text-align: center;\"><strong>Poprawne u\u017cycie<\/strong><\/h2>\n<p>Rap\u00e9 jest staro\u017cytnym lekarstwem, a jego prawid\u0142owe spo\u017cycie zapewnia nam uzdrowienie, si\u0142\u0119 i po\u0142\u0105czenie ze wszech\u015bwiatem i samym sob\u0105. Aby by\u0142o to narz\u0119dzie uzdrawiaj\u0105ce, a nie praktyka autodestrukcyjna, musimy u\u017cywa\u0107 go od naszych przodk\u00f3w, z czyst\u0105 intencj\u0105 i wielkim szacunkiem, a tak\u017ce rozumie\u0107, \u017ce za\u017cywanie tabaki jest \u015bcie\u017ck\u0105 nauki.<\/p>\n<p>Na Zachodzie istnieje tendencja do odcinania si\u0119 od jego leczniczego i sakralnego przeznaczenia, nadaj\u0105c mu spo\u0142eczne i powierzchowne zastosowanie w nieodpowiednich kontekstach. Dobrze u\u017cywana tabaka jest wspania\u0142ym sprzymierze\u0144cem i towarzyszem podr\u00f3\u017cy. Kupuj\u0105c tabak\u0119 pami\u0119tajmy o przywr\u00f3ceniu jej miejsca jako staro\u017cytnego leku leczniczego dla cia\u0142a i umys\u0142u.<\/p>\n<h3 style=\"text-align: center;\"><strong>Jak cz\u0119sto w\u0142a\u015bciwe jest za\u017cywanie Rap\u0119?<\/strong><\/h3>\n<p>Kupuj\u0105c tabak\u0119, nabywasz pot\u0119\u017cne narz\u0119dzie, dzi\u0119ki kt\u00f3remu mo\u017cesz udoskonali\u0107 jedn\u0105 z naszych najcenniejszych broni: umys\u0142. Dawka i cz\u0119stotliwo\u015b\u0107 zale\u017c\u0105 od rzeczywistych i \u015bwiadomych potrzeb duchowych jednostki, podobnie jak w przypadku ka\u017cdego leku; relacji ka\u017cdej osoby z nim i momentu jego ewolucji.<\/p>\n<p>W przypadku Rap\u00e9 prawid\u0142owe u\u017cycie mierzy si\u0119 jako\u015bci\u0105 spo\u017cycia, a nie ilo\u015bci\u0105; szanuj\u0105c jego sakralny charakter i zawsze wnosz\u0105c \u015bwietlist\u0105 modlitw\u0119 i czyst\u0105 intencj\u0119.<\/p>\n<p>Wiadomo, \u017ce ekscesy i skrajno\u015bci zazwyczaj nie s\u0105 dobrym lekarstwem. Cz\u0119sto na pocz\u0105tku zwi\u0105zku z Rap\u00e9 pojawia si\u0119 nadmierny g\u0142\u00f3d przyjmowania wielu dawek dziennie oraz odkrywania i odczuwania jego fizycznych skutk\u00f3w.<\/p>\n<p>Nie jest to niepokoj\u0105ce, o ile rytua\u0142 jest prawid\u0142owo stosowany, gdy\u017c z biegiem czasu relacja si\u0119 r\u00f3wnowa\u017cy, a ucze\u0144 zaczyna docenia\u0107 jego energetyczne i duchowe skutki ponad doznania fizyczne i naturalnie zaczyna si\u0119 stosowa\u0107, gdy duch tego wymaga.<\/p>\n<div class=\"row\"  id=\"row-1539430956\">\n\n\n\t<div id=\"col-154103023\" class=\"col medium-6 small-12 large-6\"  >\n\t\t\t\t<div class=\"col-inner\"  >\n\t\t\t\n\t\t\t\n\n\t<div class=\"img has-hover x md-x lg-x y md-y lg-y\" id=\"image_1973163999\">\n\t\t\t\t\t\t\t\t<div class=\"img-inner dark\" >\n\t\t\t<img loading=\"lazy\" decoding=\"async\" width=\"868\" height=\"563\" src=\"https:\/\/www.sinchisinchi.com\/wp-content\/uploads\/2024\/07\/R-toma-de-rape2-1.jpg\" class=\"attachment-large size-large\" alt=\"\" srcset=\"https:\/\/www.sinchisinchi.com\/wp-content\/uploads\/2024\/07\/R-toma-de-rape2-1.jpg 868w, https:\/\/www.sinchisinchi.com\/wp-content\/uploads\/2024\/07\/R-toma-de-rape2-1-600x389.jpg 600w, https:\/\/www.sinchisinchi.com\/wp-content\/uploads\/2024\/07\/R-toma-de-rape2-1-768x498.jpg 768w, https:\/\/www.sinchisinchi.com\/wp-content\/uploads\/2024\/07\/R-toma-de-rape2-1-247x160.jpg 247w, https:\/\/www.sinchisinchi.com\/wp-content\/uploads\/2024\/07\/R-toma-de-rape2-1-510x331.jpg 510w\" sizes=\"auto, (max-width: 868px) 100vw, 868px\" \/>\t\t\t\t\t\t\n\t\t\t\t\t<\/div>\n\t\t\t\t\t\t\t\t\n<style>\n#image_1973163999 {\n  width: 100%;\n}\n<\/style>\n\t<\/div>\n\t\n\n\n\t\t<\/div>\n\t\t\t\t\t<\/div>\n\n\t\n\n\t<div id=\"col-258597656\" class=\"col medium-6 small-12 large-6\"  >\n\t\t\t\t<div class=\"col-inner\"  >\n\t\t\t\n\t\t\t\n\n\t<div class=\"img has-hover x md-x lg-x y md-y lg-y\" id=\"image_1883681160\">\n\t\t\t\t\t\t\t\t<div class=\"img-inner dark\" >\n\t\t\t<img loading=\"lazy\" decoding=\"async\" width=\"868\" height=\"563\" src=\"https:\/\/www.sinchisinchi.com\/wp-content\/uploads\/2024\/07\/R-Planta-del-mapacho5-1.jpg\" class=\"attachment-large size-large\" alt=\"\" srcset=\"https:\/\/www.sinchisinchi.com\/wp-content\/uploads\/2024\/07\/R-Planta-del-mapacho5-1.jpg 868w, https:\/\/www.sinchisinchi.com\/wp-content\/uploads\/2024\/07\/R-Planta-del-mapacho5-1-600x389.jpg 600w, https:\/\/www.sinchisinchi.com\/wp-content\/uploads\/2024\/07\/R-Planta-del-mapacho5-1-768x498.jpg 768w, https:\/\/www.sinchisinchi.com\/wp-content\/uploads\/2024\/07\/R-Planta-del-mapacho5-1-247x160.jpg 247w, https:\/\/www.sinchisinchi.com\/wp-content\/uploads\/2024\/07\/R-Planta-del-mapacho5-1-510x331.jpg 510w\" sizes=\"auto, (max-width: 868px) 100vw, 868px\" \/>\t\t\t\t\t\t\n\t\t\t\t\t<\/div>\n\t\t\t\t\t\t\t\t\n<style>\n#image_1883681160 {\n  width: 100%;\n}\n<\/style>\n\t<\/div>\n\t\n\n\n\t\t<\/div>\n\t\t\t\t\t<\/div>\n\n\t\n\n<\/div>\n<h3><strong>Historia Rap\u00e9 w Europie<\/strong><\/h3>\n<p>Mnich Ram\u00f3n Pane, kt\u00f3ry towarzyszy\u0142 Kolumbowi podczas jego drugiej podr\u00f3\u017cy do Ameryki w 1493 r., zaobserwowa\u0142, \u017ce rdzenni mieszka\u0144cy regionu, kt\u00f3ry obecnie odpowiada Haiti, wch\u0142on\u0119li Nikotian\u0119 przez trzcin\u0119, a Portugalczycy przestrzegali tego samego zwyczaju w\u015br\u00f3d rdzennej ludno\u015bci Brazylii.<\/p>\n<p>Na zlecenie Filipa II lekarz i botanik Francisco Hern\u00e1ndez de Boncalo by\u0142 tym, kt\u00f3ry w 1577 roku sprowadzi\u0142 do Europy pierwsze nasiona tytoniu, kt\u00f3re zasadzono w okolicach Toledo. \u200b<\/p>\n<p>W 1561 roku ambasador Francji w Lizbonie, <strong>Jean Nicot<\/strong>, wys\u0142a\u0142 tabak\u0119 Katarzynie Medycejskiej, \u017conie kr\u00f3la Francji Henryka II, jako lekarstwo na migreny, na kt\u00f3re cierpia\u0142a jej syn. Zakocha\u0142a si\u0119 w tabace, kt\u00f3ra sta\u0142a si\u0119 popularna zar\u00f3wno jako \u015brodek leczniczy, jak i rekreacyjny w\u015br\u00f3d elity.<\/p>\n<p>Wkr\u00f3tce zacz\u0119to go konsumowa\u0107 w Europie w\u015br\u00f3d najbogatszych grup spo\u0142ecznych, poniewa\u017c tyto\u0144 we wszystkich postaciach by\u0142 w\u00f3wczas dobrem luksusowym.<\/p>\n<p>To by\u0142o w XVIII wieku, kiedy Rap\u0119 sta\u0142a si\u0119 ca\u0142kowicie powszechn\u0105 mod\u0105 w\u015br\u00f3d aristokracja europejska. Palenie tytoniu by\u0142o przeznaczone dla mas, a za\u017cywanie tabaki sta\u0142o si\u0119 najwi\u0119kszym zwyczajowym i spo\u0142ecznym rytua\u0142em w Europie w\u015br\u00f3d spo\u0142ecze\u0144stw bur\u017cuazyjnych i arystokratycznych.<\/p>\n<p>Na pocz\u0105tku XX wieku w Anglii palenie pali\u0142o si\u0119 wy\u0142\u0105cznie w barach ni\u017cszej klasy, gdy\u017c arystokraci mogli kupowa\u0107 Rap\u0119, a oni tylko j\u0105 za\u017cywali.<\/p>\n<p>W ten spos\u00f3b Rap\u0119 stopniowo sta\u0142a si\u0119 nieod\u0142\u0105cznym sojusznikiem szlachty. Regularnymi konsumentami tabaki byli Ludwik XIII, Karol II, kr\u00f3l angielski, Fryderyk Wielki, Wilhelm III i jego \u017cona, Napoleon, Jerzy III i jego \u017cona Benedykt XIII oraz wielu innych arystokrat\u00f3w.<\/p>\n<div class=\"row align-bottom\"  id=\"row-161198071\">\n\n\n\t<div id=\"col-953096757\" class=\"col medium-4 small-12 large-4\"  >\n\t\t\t\t<div class=\"col-inner\"  >\n\t\t\t\n\t\t\t\n\n\n\t\t<\/div>\n\t\t\t\t\t<\/div>\n\n\t\n\n\t<div id=\"col-1297743490\" class=\"col medium-4 small-12 large-4\"  >\n\t\t\t\t<div class=\"col-inner\"  >\n\t\t\t\n\t\t\t\n\n<a href=\"https:\/\/www.sinchisinchi.com\/pl\/wiedza\/co-to-jest-rape\/stosowanie-rape-leczniczej\/\" class=\"button primary is-underline reveal-icon expand\" >\n\t\t<span>Czytaj dalej<\/span>\n\t<i class=\"icon-angle-right\" aria-hidden=\"true\"><\/i><\/a>\n\n\n\n\t\t<\/div>\n\t\t\t\t\t<\/div>\n\n\t\n\n\t<div id=\"col-1332028748\" class=\"col medium-4 small-12 large-4\"  >\n\t\t\t\t<div class=\"col-inner\"  >\n\t\t\t\n\t\t\t\n\n\n\t\t<\/div>\n\t\t\t\t\t<\/div>\n\n\t\n\n<\/div>\n\n","protected":false},"excerpt":{"rendered":"","protected":false},"author":1,"featured_media":0,"parent":15536,"menu_order":0,"comment_status":"closed","ping_status":"closed","template":"","meta":{"_joinchat":[],"footnotes":""},"class_list":["post-10671","page","type-page","status-publish","hentry"],"yoast_head":"<!-- This site is optimized with the Yoast SEO plugin v27.1.1 - https:\/\/yoast.com\/product\/yoast-seo-wordpress\/ -->\n<title>Co to jest Rape? Pierwotne znaczenie Rap\u00e9 i jego \u015bwi\u0119te zastosowanie<\/title>\n<meta name=\"description\" content=\"Rap\u00e9 to \u015bwi\u0119te lekarstwo, stosowane od tysi\u0119cy lat przez r\u00f3\u017cne plemiona zamieszkuj\u0105ce Amazoni\u0119 i doskona\u0142e narz\u0119dzie...\" \/>\n<meta name=\"robots\" content=\"index, follow, max-snippet:-1, max-image-preview:large, max-video-preview:-1\" \/>\n<link rel=\"canonical\" href=\"https:\/\/www.sinchisinchi.com\/pl\/wiedza\/co-to-jest-rape\/\" \/>\n<meta property=\"og:locale\" content=\"pl_PL\" \/>\n<meta property=\"og:type\" content=\"article\" \/>\n<meta property=\"og:title\" content=\"Co to jest Rape? Pierwotne znaczenie Rap\u00e9 i jego \u015bwi\u0119te zastosowanie\" \/>\n<meta property=\"og:description\" content=\"Rap\u00e9 to \u015bwi\u0119te lekarstwo, stosowane od tysi\u0119cy lat przez r\u00f3\u017cne plemiona zamieszkuj\u0105ce Amazoni\u0119 i doskona\u0142e narz\u0119dzie...\" \/>\n<meta property=\"og:url\" content=\"https:\/\/www.sinchisinchi.com\/pl\/wiedza\/co-to-jest-rape\/\" \/>\n<meta property=\"og:site_name\" content=\"SINCHI RAP\u00c9\" \/>\n<meta property=\"article:publisher\" content=\"https:\/\/www.facebook.com\/sinchirape\/\" \/>\n<meta property=\"article:modified_time\" content=\"2026-03-04T18:55:17+00:00\" \/>\n<meta name=\"twitter:card\" content=\"summary_large_image\" \/>\n<meta name=\"twitter:label1\" content=\"Szacowany czas czytania\" \/>\n\t<meta name=\"twitter:data1\" content=\"5 minut\" \/>\n<script type=\"application\/ld+json\" class=\"yoast-schema-graph\">{\"@context\":\"https:\/\/schema.org\",\"@graph\":[{\"@type\":\"WebPage\",\"@id\":\"https:\/\/www.sinchisinchi.com\/pl\/wiedza\/co-to-jest-rape\/\",\"url\":\"https:\/\/www.sinchisinchi.com\/pl\/wiedza\/co-to-jest-rape\/\",\"name\":\"Co to jest Rape? Pierwotne znaczenie Rap\u00e9 i jego \u015bwi\u0119te zastosowanie\",\"isPartOf\":{\"@id\":\"https:\/\/www.sinchisinchi.com\/pl\/#website\"},\"datePublished\":\"2023-11-07T13:14:29+00:00\",\"dateModified\":\"2026-03-04T18:55:17+00:00\",\"description\":\"Rap\u00e9 to \u015bwi\u0119te lekarstwo, stosowane od tysi\u0119cy lat przez r\u00f3\u017cne plemiona zamieszkuj\u0105ce Amazoni\u0119 i doskona\u0142e narz\u0119dzie...\",\"breadcrumb\":{\"@id\":\"https:\/\/www.sinchisinchi.com\/pl\/wiedza\/co-to-jest-rape\/#breadcrumb\"},\"inLanguage\":\"pl-PL\",\"potentialAction\":[{\"@type\":\"ReadAction\",\"target\":[\"https:\/\/www.sinchisinchi.com\/pl\/wiedza\/co-to-jest-rape\/\"]}]},{\"@type\":\"BreadcrumbList\",\"@id\":\"https:\/\/www.sinchisinchi.com\/pl\/wiedza\/co-to-jest-rape\/#breadcrumb\",\"itemListElement\":[{\"@type\":\"ListItem\",\"position\":1,\"name\":\"Pierwsza strona\",\"item\":\"https:\/\/www.sinchisinchi.com\/pl\/\"},{\"@type\":\"ListItem\",\"position\":2,\"name\":\"Wiedza\",\"item\":\"https:\/\/www.sinchisinchi.com\/pl\/wiedza\/\"},{\"@type\":\"ListItem\",\"position\":3,\"name\":\"Co to jest Rap\u00e9\"}]},{\"@type\":\"WebSite\",\"@id\":\"https:\/\/www.sinchisinchi.com\/pl\/#website\",\"url\":\"https:\/\/www.sinchisinchi.com\/pl\/\",\"name\":\"SINCHI\",\"description\":\"Sinchi Medicine\",\"publisher\":{\"@id\":\"https:\/\/www.sinchisinchi.com\/pl\/#organization\"},\"potentialAction\":[{\"@type\":\"SearchAction\",\"target\":{\"@type\":\"EntryPoint\",\"urlTemplate\":\"https:\/\/www.sinchisinchi.com\/pl\/?s={search_term_string}\"},\"query-input\":{\"@type\":\"PropertyValueSpecification\",\"valueRequired\":true,\"valueName\":\"search_term_string\"}}],\"inLanguage\":\"pl-PL\"},{\"@type\":\"Organization\",\"@id\":\"https:\/\/www.sinchisinchi.com\/pl\/#organization\",\"name\":\"SINCHI S.L\",\"url\":\"https:\/\/www.sinchisinchi.com\/pl\/\",\"logo\":{\"@type\":\"ImageObject\",\"inLanguage\":\"pl-PL\",\"@id\":\"https:\/\/www.sinchisinchi.com\/pl\/#\/schema\/logo\/image\/\",\"url\":\"https:\/\/www.sinchisinchi.com\/wp-content\/uploads\/2026\/01\/3b-Verde-SIMPLIFICADO-HORIZONTAL-F-TRANSPARENTE-scaled.png\",\"contentUrl\":\"https:\/\/www.sinchisinchi.com\/wp-content\/uploads\/2026\/01\/3b-Verde-SIMPLIFICADO-HORIZONTAL-F-TRANSPARENTE-scaled.png\",\"width\":2560,\"height\":457,\"caption\":\"SINCHI S.L\"},\"image\":{\"@id\":\"https:\/\/www.sinchisinchi.com\/pl\/#\/schema\/logo\/image\/\"},\"sameAs\":[\"https:\/\/www.facebook.com\/sinchirape\/\",\"https:\/\/www.instagram.com\/sinchi_rape\/\"]}]}<\/script>\n<!-- \/ Yoast SEO plugin. -->","yoast_head_json":{"title":"Co to jest Rape? Pierwotne znaczenie Rap\u00e9 i jego \u015bwi\u0119te zastosowanie","description":"Rap\u00e9 to \u015bwi\u0119te lekarstwo, stosowane od tysi\u0119cy lat przez r\u00f3\u017cne plemiona zamieszkuj\u0105ce Amazoni\u0119 i doskona\u0142e narz\u0119dzie...","robots":{"index":"index","follow":"follow","max-snippet":"max-snippet:-1","max-image-preview":"max-image-preview:large","max-video-preview":"max-video-preview:-1"},"canonical":"https:\/\/www.sinchisinchi.com\/pl\/wiedza\/co-to-jest-rape\/","og_locale":"pl_PL","og_type":"article","og_title":"Co to jest Rape? Pierwotne znaczenie Rap\u00e9 i jego \u015bwi\u0119te zastosowanie","og_description":"Rap\u00e9 to \u015bwi\u0119te lekarstwo, stosowane od tysi\u0119cy lat przez r\u00f3\u017cne plemiona zamieszkuj\u0105ce Amazoni\u0119 i doskona\u0142e narz\u0119dzie...","og_url":"https:\/\/www.sinchisinchi.com\/pl\/wiedza\/co-to-jest-rape\/","og_site_name":"SINCHI RAP\u00c9","article_publisher":"https:\/\/www.facebook.com\/sinchirape\/","article_modified_time":"2026-03-04T18:55:17+00:00","twitter_card":"summary_large_image","twitter_misc":{"Szacowany czas czytania":"5 minut"},"schema":{"@context":"https:\/\/schema.org","@graph":[{"@type":"WebPage","@id":"https:\/\/www.sinchisinchi.com\/pl\/wiedza\/co-to-jest-rape\/","url":"https:\/\/www.sinchisinchi.com\/pl\/wiedza\/co-to-jest-rape\/","name":"Co to jest Rape? Pierwotne znaczenie Rap\u00e9 i jego \u015bwi\u0119te zastosowanie","isPartOf":{"@id":"https:\/\/www.sinchisinchi.com\/pl\/#website"},"datePublished":"2023-11-07T13:14:29+00:00","dateModified":"2026-03-04T18:55:17+00:00","description":"Rap\u00e9 to \u015bwi\u0119te lekarstwo, stosowane od tysi\u0119cy lat przez r\u00f3\u017cne plemiona zamieszkuj\u0105ce Amazoni\u0119 i doskona\u0142e narz\u0119dzie...","breadcrumb":{"@id":"https:\/\/www.sinchisinchi.com\/pl\/wiedza\/co-to-jest-rape\/#breadcrumb"},"inLanguage":"pl-PL","potentialAction":[{"@type":"ReadAction","target":["https:\/\/www.sinchisinchi.com\/pl\/wiedza\/co-to-jest-rape\/"]}]},{"@type":"BreadcrumbList","@id":"https:\/\/www.sinchisinchi.com\/pl\/wiedza\/co-to-jest-rape\/#breadcrumb","itemListElement":[{"@type":"ListItem","position":1,"name":"Pierwsza strona","item":"https:\/\/www.sinchisinchi.com\/pl\/"},{"@type":"ListItem","position":2,"name":"Wiedza","item":"https:\/\/www.sinchisinchi.com\/pl\/wiedza\/"},{"@type":"ListItem","position":3,"name":"Co to jest Rap\u00e9"}]},{"@type":"WebSite","@id":"https:\/\/www.sinchisinchi.com\/pl\/#website","url":"https:\/\/www.sinchisinchi.com\/pl\/","name":"SINCHI","description":"Sinchi Medicine","publisher":{"@id":"https:\/\/www.sinchisinchi.com\/pl\/#organization"},"potentialAction":[{"@type":"SearchAction","target":{"@type":"EntryPoint","urlTemplate":"https:\/\/www.sinchisinchi.com\/pl\/?s={search_term_string}"},"query-input":{"@type":"PropertyValueSpecification","valueRequired":true,"valueName":"search_term_string"}}],"inLanguage":"pl-PL"},{"@type":"Organization","@id":"https:\/\/www.sinchisinchi.com\/pl\/#organization","name":"SINCHI S.L","url":"https:\/\/www.sinchisinchi.com\/pl\/","logo":{"@type":"ImageObject","inLanguage":"pl-PL","@id":"https:\/\/www.sinchisinchi.com\/pl\/#\/schema\/logo\/image\/","url":"https:\/\/www.sinchisinchi.com\/wp-content\/uploads\/2026\/01\/3b-Verde-SIMPLIFICADO-HORIZONTAL-F-TRANSPARENTE-scaled.png","contentUrl":"https:\/\/www.sinchisinchi.com\/wp-content\/uploads\/2026\/01\/3b-Verde-SIMPLIFICADO-HORIZONTAL-F-TRANSPARENTE-scaled.png","width":2560,"height":457,"caption":"SINCHI S.L"},"image":{"@id":"https:\/\/www.sinchisinchi.com\/pl\/#\/schema\/logo\/image\/"},"sameAs":["https:\/\/www.facebook.com\/sinchirape\/","https:\/\/www.instagram.com\/sinchi_rape\/"]}]}},"_links":{"self":[{"href":"https:\/\/www.sinchisinchi.com\/pl\/wp-json\/wp\/v2\/pages\/10671","targetHints":{"allow":["GET"]}}],"collection":[{"href":"https:\/\/www.sinchisinchi.com\/pl\/wp-json\/wp\/v2\/pages"}],"about":[{"href":"https:\/\/www.sinchisinchi.com\/pl\/wp-json\/wp\/v2\/types\/page"}],"author":[{"embeddable":true,"href":"https:\/\/www.sinchisinchi.com\/pl\/wp-json\/wp\/v2\/users\/1"}],"replies":[{"embeddable":true,"href":"https:\/\/www.sinchisinchi.com\/pl\/wp-json\/wp\/v2\/comments?post=10671"}],"version-history":[{"count":1,"href":"https:\/\/www.sinchisinchi.com\/pl\/wp-json\/wp\/v2\/pages\/10671\/revisions"}],"predecessor-version":[{"id":30227,"href":"https:\/\/www.sinchisinchi.com\/pl\/wp-json\/wp\/v2\/pages\/10671\/revisions\/30227"}],"up":[{"embeddable":true,"href":"https:\/\/www.sinchisinchi.com\/pl\/wp-json\/wp\/v2\/pages\/15536"}],"wp:attachment":[{"href":"https:\/\/www.sinchisinchi.com\/pl\/wp-json\/wp\/v2\/media?parent=10671"}],"curies":[{"name":"wp","href":"https:\/\/api.w.org\/{rel}","templated":true}]}}