{"id":15536,"date":"2024-07-03T11:53:42","date_gmt":"2024-07-03T11:53:42","guid":{"rendered":"https:\/\/www.sinchisinchi.com\/wiedza\/"},"modified":"2026-03-05T19:20:41","modified_gmt":"2026-03-05T19:20:41","slug":"wiedza","status":"publish","type":"page","link":"https:\/\/www.sinchisinchi.com\/pl\/wiedza\/","title":{"rendered":"Wiedza"},"content":{"rendered":"\n\n  <div class=\"banner has-hover\" id=\"banner-119171961\">\n          <div class=\"banner-inner fill\">\n        <div class=\"banner-bg fill\" >\n            <img loading=\"lazy\" decoding=\"async\" width=\"1623\" height=\"2352\" src=\"https:\/\/www.sinchisinchi.com\/wp-content\/uploads\/2024\/07\/V-dibujo-planta1.jpg\" class=\"bg attachment-original size-original\" alt=\"\" \/>                        <div class=\"overlay\"><\/div>            \n                    <\/div>\n\t\t\n        <div class=\"banner-layers container\">\n            <div class=\"fill banner-link\"><\/div>            \n\n   <div id=\"text-box-516418572\" class=\"text-box banner-layer x5 md-x5 lg-x5 y50 md-y50 lg-y50 res-text\">\n                                <div class=\"text-box-content text box-shadow-3\">\n              \n              <div class=\"text-inner text-left\">\n                  \n\n<h2 class=\"uppercase\"><strong>MAPACHO<\/strong><\/h2>\n<h3>NICOTIANA R\u00daSTICA<\/h3>\n<p>Wiele rdzennych kultur Ameryki uwa\u017ca Nicotiana R\u00fastica za najwa\u017cniejsz\u0105 z ro\u015blin wzorcowych.<\/p>\n<a href=\"https:\/\/www.sinchisinchi.com\/pl\/swieta-roslina-nicotiana\/\" class=\"button primary is-underline is-larger expand\" >\n\t\t<span>R\u00d3SLINA<\/span>\n\t<\/a>\n\n\n<a href=\"https:\/\/www.sinchisinchi.com\/pl\/swieta-roslina-nicotiana\/tradycyjne-uzycie-swietego-mapacho\/\" class=\"button primary is-underline is-larger expand\" >\n\t\t<span>TRADYCYJNE ZASTOSOWANIE<\/span>\n\t<\/a>\n\n\n<a href=\"https:\/\/www.sinchisinchi.com\/pl\/swieta-roslina-nicotiana\/historia-przodkow-nicotiana\/\" class=\"button primary is-underline is-larger expand\" >\n\t\t<span>HISTORIA<\/span>\n\t<\/a>\n\n\n<a href=\"https:\/\/www.sinchisinchi.com\/pl\/swieta-roslina-nicotiana\/farmakologia-nicotiana\/\" class=\"button primary is-underline is-larger expand\" >\n\t\t<span>FARMAKOLOGIA<\/span>\n\t<\/a>\n\n\n<a href=\"https:\/\/www.sinchisinchi.com\/pl\/co-to-jest-rape\/dokumentalne-rape\/\" class=\"button primary is-underline is-larger expand\" >\n\t\t<span>WIDEO<\/span>\n\t<\/a>\n\n\n\n              <\/div>\n           <\/div>\n                            \n<style>\n#text-box-516418572 .text-box-content {\n  background-color: rgb(255, 255, 255);\n  font-size: 100%;\n}\n#text-box-516418572 .text-inner {\n  padding: 30px 30px 30px 30px;\n}\n#text-box-516418572 {\n  width: 60%;\n}\n@media (min-width:550px) {\n  #text-box-516418572 {\n    width: 40%;\n  }\n}\n<\/style>\n    <\/div>\n \n\n        <\/div>\n      <\/div>\n\n            \n<style>\n#banner-119171961 {\n  padding-top: 800px;\n  background-color: rgb(255, 255, 255);\n}\n#banner-119171961 .overlay {\n  background-color: rgba(190, 190, 190, 0.2);\n}\n<\/style>\n  <\/div>\n\n\n\t<div id=\"gap-247867205\" class=\"gap-element clearfix\" style=\"display:block; height:auto;\">\n\t\t\n<style>\n#gap-247867205 {\n  padding-top: 60px;\n}\n<\/style>\n\t<\/div>\n\t\n\n\n  <div class=\"banner has-hover\" id=\"banner-470641265\">\n          <div class=\"banner-inner fill\">\n        <div class=\"banner-bg fill\" >\n            <img loading=\"lazy\" decoding=\"async\" width=\"720\" height=\"540\" src=\"https:\/\/www.sinchisinchi.com\/wp-content\/uploads\/2020\/02\/Rap\u00e9-efectos-y-propiedades.jpg\" class=\"bg attachment-large size-large\" alt=\"\" \/>                        <div class=\"overlay\"><\/div>            \n                    <\/div>\n\t\t\n        <div class=\"banner-layers container\">\n            <div class=\"fill banner-link\"><\/div>            \n\n   <div id=\"text-box-546864053\" class=\"text-box banner-layer x5 md-x5 lg-x5 y50 md-y50 lg-y50 res-text\">\n                                <div class=\"text-box-content text box-shadow-3\">\n              \n              <div class=\"text-inner text-left\">\n                  \n\n<h2><strong>AMAZO\u0143SKA RAP\u00c9<\/strong><\/h2>\n<p>Rap\u00e9 to \u015bwi\u0119te lekarstwo z Amazonii, gdzie plemiona u\u017cywa\u0142y go od tysi\u0119cy lat jako pot\u0119\u017cnego narz\u0119dzia.<\/p>\n<a href=\"https:\/\/www.sinchisinchi.com\/pl\/co-to-jest-rape\/\" class=\"button primary is-underline is-larger expand\" >\n\t\t<span>Co to jest Rap\u00e9?<\/span>\n\t<\/a>\n\n\n<a href=\"https:\/\/www.sinchisinchi.com\/pl\/co-to-jest-rape\/stosowanie-rape-leczniczej\/\" class=\"button primary is-underline is-larger expand\" >\n\t\t<span>TRADYCYJNE ZASTOSOWANIE<\/span>\n\t<\/a>\n\n\n<a href=\"https:\/\/www.sinchisinchi.com\/pl\/co-to-jest-rape\/skutki-rape\/\" class=\"button primary is-underline is-larger expand\" >\n\t\t<span>KORZY\u015aCI<\/span>\n\t<\/a>\n\n\n<a href=\"https:\/\/www.sinchisinchi.com\/pl\/co-to-jest-rape\/ceremonia-rape\/\" class=\"button primary is-underline is-larger expand\" >\n\t\t<span>CEREMONIA<\/span>\n\t<\/a>\n\n\n<a href=\"https:\/\/www.sinchisinchi.com\/pl\/co-to-jest-rape\/rape-jak-to-sie-robi\/\" class=\"button primary is-underline is-larger expand\" >\n\t\t<span>OPRACOWANIE<\/span>\n\t<\/a>\n\n\n\n              <\/div>\n           <\/div>\n                            \n<style>\n#text-box-546864053 .text-box-content {\n  background-color: rgb(255, 255, 255);\n  font-size: 100%;\n}\n#text-box-546864053 .text-inner {\n  padding: 30px 30px 30px 30px;\n}\n#text-box-546864053 {\n  width: 60%;\n}\n@media (min-width:550px) {\n  #text-box-546864053 {\n    width: 40%;\n  }\n}\n<\/style>\n    <\/div>\n \n\n        <\/div>\n      <\/div>\n\n            \n<style>\n#banner-470641265 {\n  padding-top: 800px;\n  background-color: rgb(255, 255, 255);\n}\n#banner-470641265 .overlay {\n  background-color: rgba(190, 190, 190, 0.2);\n}\n<\/style>\n  <\/div>\n\n\n\t<div id=\"gap-1473328482\" class=\"gap-element clearfix\" style=\"display:block; height:auto;\">\n\t\t\n<style>\n#gap-1473328482 {\n  padding-top: 60px;\n}\n<\/style>\n\t<\/div>\n\t\n\n\n  <div class=\"banner has-hover\" id=\"banner-1496187132\">\n          <div class=\"banner-inner fill\">\n        <div class=\"banner-bg fill\" >\n            <img loading=\"lazy\" decoding=\"async\" width=\"564\" height=\"564\" src=\"https:\/\/www.sinchisinchi.com\/wp-content\/uploads\/2024\/05\/2-Fruta-del-cacao9.jpeg\" class=\"bg attachment-large size-large\" alt=\"Imagen de fruta del cacao\" \/>                        <div class=\"overlay\"><\/div>            \n                    <\/div>\n\t\t\n        <div class=\"banner-layers container\">\n            <div class=\"fill banner-link\"><\/div>            \n\n   <div id=\"text-box-2103873198\" class=\"text-box banner-layer x5 md-x5 lg-x5 y50 md-y50 lg-y50 res-text\">\n                                <div class=\"text-box-content text box-shadow-3\">\n              \n              <div class=\"text-inner text-left\">\n                  \n\n<h2><strong>KAKAO<\/strong><\/h2>\n<h3>Teobroma, jedzenie\u00a0bog\u00f3w<\/h3>\n<p>Drzewo kakaowe by\u0142o uwa\u017cane za dar bog\u00f3w przez wielkie cywilizacje mezoameryka\u0144skie.<\/p>\n<a href=\"https:\/\/www.sinchisinchi.com\/pl\/wiedza\/pochodzenie-kakao\/\" class=\"button primary is-underline is-larger expand\" >\n\t\t<span>Pochodzenie<\/span>\n\t<\/a>\n\n\n<a href=\"https:\/\/www.sinchisinchi.com\/pl\/wiedza\/pochodzenie-kakao\/kakao-olmekow\/\" class=\"button primary is-underline is-larger expand\" >\n\t\t<span>Olmekowie<\/span>\n\t<\/a>\n\n\n<a href=\"https:\/\/www.sinchisinchi.com\/pl\/wiedza\/pochodzenie-kakao\/kakao-toltekow\/\" class=\"button primary is-underline is-larger expand\" >\n\t\t<span>Toltekowie<\/span>\n\t<\/a>\n\n\n<a href=\"https:\/\/www.sinchisinchi.com\/pl\/wiedza\/pochodzenie-kakao\/kakao-majow\/\" class=\"button primary is-underline is-larger expand\" >\n\t\t<span>Majowie<\/span>\n\t<\/a>\n\n\n<a href=\"https:\/\/www.sinchisinchi.com\/pl\/wiedza\/pochodzenie-kakao\/kakao-aztekow\/\" class=\"button primary is-underline is-larger expand\" >\n\t\t<span>Aztekowie<\/span>\n\t<\/a>\n\n\n<a href=\"https:\/\/www.sinchisinchi.com\/pl\/wiedza\/pochodzenie-kakao\/drzewo-kakaowe\/\" class=\"button primary is-underline is-larger expand\" >\n\t\t<span>Drzewo<\/span>\n\t<\/a>\n\n\n<a href=\"https:\/\/www.sinchisinchi.com\/pl\/wiedza\/pochodzenie-kakao\/filmy-dokumentalne-kakao\/\" class=\"button primary is-underline is-larger expand\" >\n\t\t<span>Filmy dokumentalne<\/span>\n\t<\/a>\n\n\n\n              <\/div>\n           <\/div>\n                            \n<style>\n#text-box-2103873198 .text-box-content {\n  background-color: rgb(255, 255, 255);\n  font-size: 100%;\n}\n#text-box-2103873198 .text-inner {\n  padding: 30px 30px 30px 30px;\n}\n#text-box-2103873198 {\n  width: 60%;\n}\n@media (min-width:550px) {\n  #text-box-2103873198 {\n    width: 40%;\n  }\n}\n<\/style>\n    <\/div>\n \n\n        <\/div>\n      <\/div>\n\n            \n<style>\n#banner-1496187132 {\n  padding-top: 800px;\n  background-color: rgb(255, 255, 255);\n}\n#banner-1496187132 .overlay {\n  background-color: rgba(190, 190, 190, 0.2);\n}\n<\/style>\n  <\/div>\n\n\n\t<div id=\"gap-633255823\" class=\"gap-element clearfix\" style=\"display:block; height:auto;\">\n\t\t\n<style>\n#gap-633255823 {\n  padding-top: 60px;\n}\n<\/style>\n\t<\/div>\n\t\n\n\n","protected":false},"excerpt":{"rendered":"","protected":false},"author":1,"featured_media":0,"parent":0,"menu_order":0,"comment_status":"closed","ping_status":"closed","template":"page-blank.php","meta":{"_joinchat":[],"footnotes":""},"class_list":["post-15536","page","type-page","status-publish","hentry"],"yoast_head":"<!-- This site is optimized with the Yoast SEO plugin v27.1.1 - https:\/\/yoast.com\/product\/yoast-seo-wordpress\/ -->\n<title>Wiedza - SINCHI RAP\u00c9<\/title>\n<meta name=\"robots\" content=\"index, follow, max-snippet:-1, max-image-preview:large, max-video-preview:-1\" \/>\n<link rel=\"canonical\" href=\"https:\/\/www.sinchisinchi.com\/pl\/wiedza\/\" \/>\n<meta property=\"og:locale\" content=\"pl_PL\" \/>\n<meta property=\"og:type\" content=\"article\" \/>\n<meta property=\"og:title\" content=\"Wiedza - SINCHI RAP\u00c9\" \/>\n<meta property=\"og:url\" content=\"https:\/\/www.sinchisinchi.com\/pl\/wiedza\/\" \/>\n<meta property=\"og:site_name\" content=\"SINCHI RAP\u00c9\" \/>\n<meta property=\"article:publisher\" content=\"https:\/\/www.facebook.com\/sinchirape\/\" \/>\n<meta property=\"article:modified_time\" content=\"2026-03-05T19:20:41+00:00\" \/>\n<meta name=\"twitter:card\" content=\"summary_large_image\" \/>\n<meta name=\"twitter:label1\" content=\"Szacowany czas czytania\" \/>\n\t<meta name=\"twitter:data1\" content=\"2 minuty\" \/>\n<script type=\"application\/ld+json\" class=\"yoast-schema-graph\">{\"@context\":\"https:\/\/schema.org\",\"@graph\":[{\"@type\":\"WebPage\",\"@id\":\"https:\/\/www.sinchisinchi.com\/pl\/wiedza\/\",\"url\":\"https:\/\/www.sinchisinchi.com\/pl\/wiedza\/\",\"name\":\"Wiedza - SINCHI RAP\u00c9\",\"isPartOf\":{\"@id\":\"https:\/\/www.sinchisinchi.com\/pl\/#website\"},\"datePublished\":\"2024-07-03T11:53:42+00:00\",\"dateModified\":\"2026-03-05T19:20:41+00:00\",\"breadcrumb\":{\"@id\":\"https:\/\/www.sinchisinchi.com\/pl\/wiedza\/#breadcrumb\"},\"inLanguage\":\"pl-PL\",\"potentialAction\":[{\"@type\":\"ReadAction\",\"target\":[\"https:\/\/www.sinchisinchi.com\/pl\/wiedza\/\"]}]},{\"@type\":\"BreadcrumbList\",\"@id\":\"https:\/\/www.sinchisinchi.com\/pl\/wiedza\/#breadcrumb\",\"itemListElement\":[{\"@type\":\"ListItem\",\"position\":1,\"name\":\"Pierwsza strona\",\"item\":\"https:\/\/www.sinchisinchi.com\/pl\/\"},{\"@type\":\"ListItem\",\"position\":2,\"name\":\"Wiedza\"}]},{\"@type\":\"WebSite\",\"@id\":\"https:\/\/www.sinchisinchi.com\/pl\/#website\",\"url\":\"https:\/\/www.sinchisinchi.com\/pl\/\",\"name\":\"SINCHI\",\"description\":\"Sinchi Medicine\",\"publisher\":{\"@id\":\"https:\/\/www.sinchisinchi.com\/pl\/#organization\"},\"potentialAction\":[{\"@type\":\"SearchAction\",\"target\":{\"@type\":\"EntryPoint\",\"urlTemplate\":\"https:\/\/www.sinchisinchi.com\/pl\/?s={search_term_string}\"},\"query-input\":{\"@type\":\"PropertyValueSpecification\",\"valueRequired\":true,\"valueName\":\"search_term_string\"}}],\"inLanguage\":\"pl-PL\"},{\"@type\":\"Organization\",\"@id\":\"https:\/\/www.sinchisinchi.com\/pl\/#organization\",\"name\":\"SINCHI S.L\",\"url\":\"https:\/\/www.sinchisinchi.com\/pl\/\",\"logo\":{\"@type\":\"ImageObject\",\"inLanguage\":\"pl-PL\",\"@id\":\"https:\/\/www.sinchisinchi.com\/pl\/#\/schema\/logo\/image\/\",\"url\":\"https:\/\/www.sinchisinchi.com\/wp-content\/uploads\/2026\/01\/3b-Verde-SIMPLIFICADO-HORIZONTAL-F-TRANSPARENTE-scaled.png\",\"contentUrl\":\"https:\/\/www.sinchisinchi.com\/wp-content\/uploads\/2026\/01\/3b-Verde-SIMPLIFICADO-HORIZONTAL-F-TRANSPARENTE-scaled.png\",\"width\":2560,\"height\":457,\"caption\":\"SINCHI S.L\"},\"image\":{\"@id\":\"https:\/\/www.sinchisinchi.com\/pl\/#\/schema\/logo\/image\/\"},\"sameAs\":[\"https:\/\/www.facebook.com\/sinchirape\/\",\"https:\/\/www.instagram.com\/sinchi_rape\/\"]}]}<\/script>\n<!-- \/ Yoast SEO plugin. -->","yoast_head_json":{"title":"Wiedza - SINCHI RAP\u00c9","robots":{"index":"index","follow":"follow","max-snippet":"max-snippet:-1","max-image-preview":"max-image-preview:large","max-video-preview":"max-video-preview:-1"},"canonical":"https:\/\/www.sinchisinchi.com\/pl\/wiedza\/","og_locale":"pl_PL","og_type":"article","og_title":"Wiedza - SINCHI RAP\u00c9","og_url":"https:\/\/www.sinchisinchi.com\/pl\/wiedza\/","og_site_name":"SINCHI RAP\u00c9","article_publisher":"https:\/\/www.facebook.com\/sinchirape\/","article_modified_time":"2026-03-05T19:20:41+00:00","twitter_card":"summary_large_image","twitter_misc":{"Szacowany czas czytania":"2 minuty"},"schema":{"@context":"https:\/\/schema.org","@graph":[{"@type":"WebPage","@id":"https:\/\/www.sinchisinchi.com\/pl\/wiedza\/","url":"https:\/\/www.sinchisinchi.com\/pl\/wiedza\/","name":"Wiedza - SINCHI RAP\u00c9","isPartOf":{"@id":"https:\/\/www.sinchisinchi.com\/pl\/#website"},"datePublished":"2024-07-03T11:53:42+00:00","dateModified":"2026-03-05T19:20:41+00:00","breadcrumb":{"@id":"https:\/\/www.sinchisinchi.com\/pl\/wiedza\/#breadcrumb"},"inLanguage":"pl-PL","potentialAction":[{"@type":"ReadAction","target":["https:\/\/www.sinchisinchi.com\/pl\/wiedza\/"]}]},{"@type":"BreadcrumbList","@id":"https:\/\/www.sinchisinchi.com\/pl\/wiedza\/#breadcrumb","itemListElement":[{"@type":"ListItem","position":1,"name":"Pierwsza strona","item":"https:\/\/www.sinchisinchi.com\/pl\/"},{"@type":"ListItem","position":2,"name":"Wiedza"}]},{"@type":"WebSite","@id":"https:\/\/www.sinchisinchi.com\/pl\/#website","url":"https:\/\/www.sinchisinchi.com\/pl\/","name":"SINCHI","description":"Sinchi Medicine","publisher":{"@id":"https:\/\/www.sinchisinchi.com\/pl\/#organization"},"potentialAction":[{"@type":"SearchAction","target":{"@type":"EntryPoint","urlTemplate":"https:\/\/www.sinchisinchi.com\/pl\/?s={search_term_string}"},"query-input":{"@type":"PropertyValueSpecification","valueRequired":true,"valueName":"search_term_string"}}],"inLanguage":"pl-PL"},{"@type":"Organization","@id":"https:\/\/www.sinchisinchi.com\/pl\/#organization","name":"SINCHI S.L","url":"https:\/\/www.sinchisinchi.com\/pl\/","logo":{"@type":"ImageObject","inLanguage":"pl-PL","@id":"https:\/\/www.sinchisinchi.com\/pl\/#\/schema\/logo\/image\/","url":"https:\/\/www.sinchisinchi.com\/wp-content\/uploads\/2026\/01\/3b-Verde-SIMPLIFICADO-HORIZONTAL-F-TRANSPARENTE-scaled.png","contentUrl":"https:\/\/www.sinchisinchi.com\/wp-content\/uploads\/2026\/01\/3b-Verde-SIMPLIFICADO-HORIZONTAL-F-TRANSPARENTE-scaled.png","width":2560,"height":457,"caption":"SINCHI S.L"},"image":{"@id":"https:\/\/www.sinchisinchi.com\/pl\/#\/schema\/logo\/image\/"},"sameAs":["https:\/\/www.facebook.com\/sinchirape\/","https:\/\/www.instagram.com\/sinchi_rape\/"]}]}},"_links":{"self":[{"href":"https:\/\/www.sinchisinchi.com\/pl\/wp-json\/wp\/v2\/pages\/15536","targetHints":{"allow":["GET"]}}],"collection":[{"href":"https:\/\/www.sinchisinchi.com\/pl\/wp-json\/wp\/v2\/pages"}],"about":[{"href":"https:\/\/www.sinchisinchi.com\/pl\/wp-json\/wp\/v2\/types\/page"}],"author":[{"embeddable":true,"href":"https:\/\/www.sinchisinchi.com\/pl\/wp-json\/wp\/v2\/users\/1"}],"replies":[{"embeddable":true,"href":"https:\/\/www.sinchisinchi.com\/pl\/wp-json\/wp\/v2\/comments?post=15536"}],"version-history":[{"count":1,"href":"https:\/\/www.sinchisinchi.com\/pl\/wp-json\/wp\/v2\/pages\/15536\/revisions"}],"predecessor-version":[{"id":30356,"href":"https:\/\/www.sinchisinchi.com\/pl\/wp-json\/wp\/v2\/pages\/15536\/revisions\/30356"}],"wp:attachment":[{"href":"https:\/\/www.sinchisinchi.com\/pl\/wp-json\/wp\/v2\/media?parent=15536"}],"curies":[{"name":"wp","href":"https:\/\/api.w.org\/{rel}","templated":true}]}}