{"id":22048,"date":"2024-10-24T23:25:24","date_gmt":"2024-10-24T23:25:24","guid":{"rendered":"https:\/\/www.sinchisinchi.com\/wiedza\/plemiona-amazonii\/huni-kuin-kaxinawa\/muzyka-huni-kuina\/"},"modified":"2026-03-04T15:34:07","modified_gmt":"2026-03-04T15:34:07","slug":"muzyka","status":"publish","type":"page","link":"https:\/\/www.sinchisinchi.com\/pl\/plemiona\/rape-huni-kuin-kaxinawa\/muzyka\/","title":{"rendered":"Muzyka Huni Kuina"},"content":{"rendered":"\n<div class=\"row\"  id=\"row-1330874884\">\n\n\n\t<div id=\"col-1665982914\" class=\"col small-12 large-12\"  >\n\t\t\t\t<div class=\"col-inner\"  >\n\t\t\t\n\t\t\t\n\n<h1 style=\"text-align: center;\">Muzyka Huni Kuin<\/h1>\n\t<div id=\"gap-1581755533\" class=\"gap-element clearfix\" style=\"display:block; height:auto;\">\n\t\t\n<style>\n#gap-1581755533 {\n  padding-top: 30px;\n}\n<\/style>\n\t<\/div>\n\t\n\n<h2 style=\"text-align: center;\"><strong>Txana Ikakuru Huni Kuin \u2013 Ramine (Official Music Video)<\/strong><\/h2>\n<div class=\"video video-fit mb\" style=\"padding-top:56.25%;\"><iframe loading=\"lazy\" title=\"Txana Ikakuru Huni Kuin - Ramine (Official Music Video)\" width=\"1020\" height=\"574\" src=\"https:\/\/www.youtube.com\/embed\/tVnbjQz3Jlo?feature=oembed&#038;enablejsapi=1&#038;origin=https:\/\/www.sinchisinchi.com\" frameborder=\"0\" allow=\"accelerometer; autoplay; clipboard-write; encrypted-media; gyroscope; picture-in-picture; web-share\" referrerpolicy=\"strict-origin-when-cross-origin\" allowfullscreen><\/iframe><\/div>\n\n\t<div id=\"gap-1633819863\" class=\"gap-element clearfix\" style=\"display:block; height:auto;\">\n\t\t\n<style>\n#gap-1633819863 {\n  padding-top: 30px;\n}\n<\/style>\n\t<\/div>\n\t\n\n<h3 style=\"text-align: center;\"><strong>Mana Ibubu- Bunke, Uma e Nixiani Huni Kuin<\/strong><\/h3>\n<div class=\"video video-fit mb\" style=\"padding-top:56.25%;\"><p><iframe loading=\"lazy\" title=\"Nuk\u016b M\u00e3n\u00e3 Ibubu -  Bunke, Uma e Nixiani Huni Kuin\" width=\"1020\" height=\"574\" src=\"https:\/\/www.youtube.com\/embed\/DFoQoVPvTVY?feature=oembed&#038;enablejsapi=1&#038;origin=https:\/\/www.sinchisinchi.com\" frameborder=\"0\" allow=\"accelerometer; autoplay; clipboard-write; encrypted-media; gyroscope; picture-in-picture; web-share\" referrerpolicy=\"strict-origin-when-cross-origin\" allowfullscreen><\/iframe><\/p>\n<\/div>\n\n\t<div id=\"gap-1628976192\" class=\"gap-element clearfix\" style=\"display:block; height:auto;\">\n\t\t\n<style>\n#gap-1628976192 {\n  padding-top: 30px;\n}\n<\/style>\n\t<\/div>\n\t\n\n\n\t\t<\/div>\n\t\t\t\t\t<\/div>\n\n\t\n\n<\/div>\n<h3 style=\"text-align: center;\"><strong>Venho la da Floresta \u2013 Mapu \u00e9 Ix\u00e3 Huni Kuin Tribe \/ So \u00c0legria!! Valerie Huerta<\/strong><\/h3>\n<div class=\"video video-fit mb\" style=\"padding-top:56.25%;\"><p><iframe loading=\"lazy\" title=\"Venho la da Floresta - Mapu \u00e9 Ix\u00e3 Huni Kuin Tribe \/  So \u00c0legria!! Valerie Huerta\" width=\"1020\" height=\"765\" src=\"https:\/\/www.youtube.com\/embed\/LjUKyimERXQ?feature=oembed&#038;enablejsapi=1&#038;origin=https:\/\/www.sinchisinchi.com\" frameborder=\"0\" allow=\"accelerometer; autoplay; clipboard-write; encrypted-media; gyroscope; picture-in-picture; web-share\" referrerpolicy=\"strict-origin-when-cross-origin\" allowfullscreen><\/iframe><\/p>\n<\/div>\n\n\t<div id=\"gap-2075232665\" class=\"gap-element clearfix\" style=\"display:block; height:auto;\">\n\t\t\n<style>\n#gap-2075232665 {\n  padding-top: 30px;\n}\n<\/style>\n\t<\/div>\n\t\n\n<h3 class=\"style-scope ytd-watch-metadata\" style=\"text-align: center;\"><span style=\"color: #282828;\"><strong>Salve! Salve a Raiz da Ayahuasqueira! || Bukun Huni Kuin<\/strong><\/span><\/h3>\n<div class=\"video video-fit mb\" style=\"padding-top:56.25%;\"><p><iframe loading=\"lazy\" title=\"Salve! Salve a Raiz da Ayahuasqueira!  ||  Bukun Huni Kuin\" width=\"1020\" height=\"574\" src=\"https:\/\/www.youtube.com\/embed\/GQ5zLdS_kds?feature=oembed&#038;enablejsapi=1&#038;origin=https:\/\/www.sinchisinchi.com\" frameborder=\"0\" allow=\"accelerometer; autoplay; clipboard-write; encrypted-media; gyroscope; picture-in-picture; web-share\" referrerpolicy=\"strict-origin-when-cross-origin\" allowfullscreen><\/iframe><\/p>\n<\/div>\n\n\t<div id=\"gap-940144337\" class=\"gap-element clearfix\" style=\"display:block; height:auto;\">\n\t\t\n<style>\n#gap-940144337 {\n  padding-top: 30px;\n}\n<\/style>\n\t<\/div>\n\t\n\n<h3 class=\"style-scope ytd-watch-metadata\" style=\"text-align: center;\"><strong><span style=\"color: #282828;\">Siri Siri por Nawa Bari &amp; Txana Mana &#8211; Huni Kuin<\/span><\/strong><\/h3>\n<div class=\"video video-fit mb\" style=\"padding-top:56.25%;\"><p><iframe loading=\"lazy\" title=\"Siri Siri por Nawa Bari &amp; Txana Mana - Huni Kuin\" width=\"1020\" height=\"574\" src=\"https:\/\/www.youtube.com\/embed\/ahorKBeUSP0?feature=oembed&#038;enablejsapi=1&#038;origin=https:\/\/www.sinchisinchi.com\" frameborder=\"0\" allow=\"accelerometer; autoplay; clipboard-write; encrypted-media; gyroscope; picture-in-picture; web-share\" referrerpolicy=\"strict-origin-when-cross-origin\" allowfullscreen><\/iframe><\/p>\n<\/div>\n\n\t<div id=\"gap-261301979\" class=\"gap-element clearfix\" style=\"display:block; height:auto;\">\n\t\t\n<style>\n#gap-261301979 {\n  padding-top: 30px;\n}\n<\/style>\n\t<\/div>\n\t\n\n<div id=\"player\" class=\"style-scope ytd-watch-flexy\">\n<div id=\"player-container-outer\" class=\"style-scope ytd-watch-flexy\">\n<div id=\"player-container-inner\" class=\"style-scope ytd-watch-flexy\">\n<div id=\"player-container\" class=\"style-scope ytd-watch-flexy\" role=\"complementary\">\n<div id=\"container\" class=\"style-scope ytd-player\">\n<div id=\"movie_player\" class=\"html5-video-player ytp-transparent ytp-exp-bottom-control-flexbox ytp-modern-caption ytp-exp-ppp-update ytp-cairo-refresh ytp-cairo-refresh-signature-moments ad-created ytp-fit-cover-video ytp-bigboards ytp-fine-scrubbing-exp ytp-hide-info-bar ytp-large-width-mode ytp-autonav-endscreen-cancelled-state playing-mode ytp-autohide\" tabindex=\"-1\" data-version=\"\/s\/player\/fb725ac8\/player_ias.vflset\/es_ES\/base.js\" aria-label=\"Reproductor de v\u00eddeo de YouTube\">\n<div class=\"ytp-chrome-bottom\" data-layer=\"9\"><\/div>\n<\/div>\n<\/div>\n<\/div>\n<\/div>\n<\/div>\n<\/div>\n<div id=\"below\" class=\"style-scope ytd-watch-flexy\">\n<h3 id=\"limited-state\" class=\"attached-message style-scope ytd-watch-flexy\" style=\"text-align: center;\"><strong><span style=\"font-size: 25.920000076293945px;\">He Ho Aeh por Nawa Bari &amp; Txana Mana &#8211; Huni Kuin<\/span><\/strong><\/h3>\n<\/div>\n<div class=\"video video-fit mb\" style=\"padding-top:56.25%;\"><p><iframe loading=\"lazy\" title=\"He Ho Aeh por Nawa Bari &amp; Txana Mana - Huni Kuin\" width=\"1020\" height=\"574\" src=\"https:\/\/www.youtube.com\/embed\/ZhTwfNA405k?feature=oembed&#038;enablejsapi=1&#038;origin=https:\/\/www.sinchisinchi.com\" frameborder=\"0\" allow=\"accelerometer; autoplay; clipboard-write; encrypted-media; gyroscope; picture-in-picture; web-share\" referrerpolicy=\"strict-origin-when-cross-origin\" allowfullscreen><\/iframe><\/p>\n<\/div>\n\n\t<div id=\"gap-1665877598\" class=\"gap-element clearfix\" style=\"display:block; height:auto;\">\n\t\t\n<style>\n#gap-1665877598 {\n  padding-top: 30px;\n}\n<\/style>\n\t<\/div>\n\t\n\n<h3 class=\"style-scope ytd-watch-metadata\" style=\"text-align: center;\"><strong>Kaxinaw\u00e1 &#8211; Naw\u00e1 Ib\u00e3 &amp; May\u00e1 Huni Kuin<\/strong><\/h3>\n<div class=\"video video-fit mb\" style=\"padding-top:56.25%;\"><p><iframe loading=\"lazy\" title=\"Kaxinaw\u00e1 -  Naw\u00e1 Ib\u00e3 &amp; May\u00e1 Huni Kuin\" width=\"1020\" height=\"574\" src=\"https:\/\/www.youtube.com\/embed\/9ht6J11tL94?feature=oembed&#038;enablejsapi=1&#038;origin=https:\/\/www.sinchisinchi.com\" frameborder=\"0\" allow=\"accelerometer; autoplay; clipboard-write; encrypted-media; gyroscope; picture-in-picture; web-share\" referrerpolicy=\"strict-origin-when-cross-origin\" allowfullscreen><\/iframe><\/p>\n<\/div>\n\n\t<div id=\"gap-1472970387\" class=\"gap-element clearfix\" style=\"display:block; height:auto;\">\n\t\t\n<style>\n#gap-1472970387 {\n  padding-top: 30px;\n}\n<\/style>\n\t<\/div>\n\t\n\n<h3 class=\"style-scope ytd-watch-metadata\" style=\"text-align: center;\">BUNI INANI Huni Ku\u0129<\/h3>\n<div class=\"video video-fit mb\" style=\"padding-top:56.25%;\"><p><iframe loading=\"lazy\" title=\"Buni Inani Huni Ku\u0129 e Txna Tui Hua\" width=\"1020\" height=\"574\" src=\"https:\/\/www.youtube.com\/embed\/CzR455qjHY8?feature=oembed&#038;enablejsapi=1&#038;origin=https:\/\/www.sinchisinchi.com\" frameborder=\"0\" allow=\"accelerometer; autoplay; clipboard-write; encrypted-media; gyroscope; picture-in-picture; web-share\" referrerpolicy=\"strict-origin-when-cross-origin\" allowfullscreen><\/iframe><\/p>\n<\/div>\n\n\t<div id=\"gap-1792477025\" class=\"gap-element clearfix\" style=\"display:block; height:auto;\">\n\t\t\n<style>\n#gap-1792477025 {\n  padding-top: 30px;\n}\n<\/style>\n\t<\/div>\n\t\n\n<h3 class=\"style-scope ytd-watch-metadata\" style=\"text-align: center;\"><strong>Chamando a For\u00e7a por Txana Iba &amp; Bukun Mapua &#8211; Huni Kuin<\/strong><\/h3>\n<div class=\"video video-fit mb\" style=\"padding-top:56.25%;\"><p><iframe loading=\"lazy\" title=\"Chamando a For\u00e7a por Txana Iba &amp; Bukun Mapua - Huni Kuin\" width=\"1020\" height=\"574\" src=\"https:\/\/www.youtube.com\/embed\/84V67srDero?feature=oembed&#038;enablejsapi=1&#038;origin=https:\/\/www.sinchisinchi.com\" frameborder=\"0\" allow=\"accelerometer; autoplay; clipboard-write; encrypted-media; gyroscope; picture-in-picture; web-share\" referrerpolicy=\"strict-origin-when-cross-origin\" allowfullscreen><\/iframe><\/p>\n<\/div>\n\n\t<div id=\"gap-1223850917\" class=\"gap-element clearfix\" style=\"display:block; height:auto;\">\n\t\t\n<style>\n#gap-1223850917 {\n  padding-top: 30px;\n}\n<\/style>\n\t<\/div>\n\t\n\n<h3 class=\"style-scope ytd-watch-metadata\" style=\"text-align: center;\"><strong>Isaka Ruy &amp; Mawa Pey \u2022 Me Nia Ibu Isaka<\/strong><\/h3>\n<div class=\"video video-fit mb\" style=\"padding-top:56.25%;\"><p><iframe loading=\"lazy\" title=\"Isaka Ruy &amp; Mawa Pey \u2022 Me Nia Ibu Isaka\" width=\"1020\" height=\"574\" src=\"https:\/\/www.youtube.com\/embed\/TOKfgPfjlQo?feature=oembed&#038;enablejsapi=1&#038;origin=https:\/\/www.sinchisinchi.com\" frameborder=\"0\" allow=\"accelerometer; autoplay; clipboard-write; encrypted-media; gyroscope; picture-in-picture; web-share\" referrerpolicy=\"strict-origin-when-cross-origin\" allowfullscreen><\/iframe><\/p>\n<\/div>\n\n\t<div id=\"gap-1113510501\" class=\"gap-element clearfix\" style=\"display:block; height:auto;\">\n\t\t\n<style>\n#gap-1113510501 {\n  padding-top: 30px;\n}\n<\/style>\n\t<\/div>\n\t\n\n\t<div id=\"text-2606399649\" class=\"text\">\n\t\t\n\n<h2>Powr\u00f3t do Plemion Amazo\u0144skich:<\/h2>\n\t\t\n<style>\n#text-2606399649 {\n  text-align: center;\n}\n<\/style>\n\t<\/div>\n\t\n<a href=\"https:\/\/www.sinchisinchi.com\/pl\/plemiona\/\" class=\"button primary is-underline expand\" >\n\t\t<span>Plemiona Amazonii<\/span>\n\t<\/a>\n\n\n\n\n\n<p><\/p>\n","protected":false},"excerpt":{"rendered":"","protected":false},"author":1,"featured_media":0,"parent":24245,"menu_order":0,"comment_status":"closed","ping_status":"closed","template":"","meta":{"_joinchat":[],"footnotes":""},"class_list":["post-22048","page","type-page","status-publish","hentry"],"yoast_head":"<!-- This site is optimized with the Yoast SEO plugin v27.4 - https:\/\/yoast.com\/product\/yoast-seo-wordpress\/ -->\n<title>Muzyka Huni Kuina - SINCHI RAP\u00c9<\/title>\n<meta name=\"robots\" content=\"index, follow, max-snippet:-1, max-image-preview:large, max-video-preview:-1\" \/>\n<link rel=\"canonical\" href=\"https:\/\/www.sinchisinchi.com\/pl\/plemiona\/rape-huni-kuin-kaxinawa\/muzyka\/\" \/>\n<meta property=\"og:locale\" content=\"pl_PL\" \/>\n<meta property=\"og:type\" content=\"article\" \/>\n<meta property=\"og:title\" content=\"Muzyka Huni Kuina - SINCHI RAP\u00c9\" \/>\n<meta property=\"og:url\" content=\"https:\/\/www.sinchisinchi.com\/pl\/plemiona\/rape-huni-kuin-kaxinawa\/muzyka\/\" \/>\n<meta property=\"og:site_name\" content=\"SINCHI RAP\u00c9\" \/>\n<meta property=\"article:publisher\" content=\"https:\/\/www.facebook.com\/sinchirape\/\" \/>\n<meta property=\"article:modified_time\" content=\"2026-03-04T15:34:07+00:00\" \/>\n<meta name=\"twitter:card\" content=\"summary_large_image\" \/>\n<meta name=\"twitter:label1\" content=\"Szacowany czas czytania\" \/>\n\t<meta name=\"twitter:data1\" content=\"1 minuta\" \/>\n<script type=\"application\/ld+json\" class=\"yoast-schema-graph\">{\"@context\":\"https:\\\/\\\/schema.org\",\"@graph\":[{\"@type\":\"WebPage\",\"@id\":\"https:\\\/\\\/www.sinchisinchi.com\\\/pl\\\/plemiona\\\/rape-huni-kuin-kaxinawa\\\/muzyka\\\/\",\"url\":\"https:\\\/\\\/www.sinchisinchi.com\\\/pl\\\/plemiona\\\/rape-huni-kuin-kaxinawa\\\/muzyka\\\/\",\"name\":\"Muzyka Huni Kuina - SINCHI RAP\u00c9\",\"isPartOf\":{\"@id\":\"https:\\\/\\\/www.sinchisinchi.com\\\/pl\\\/#website\"},\"datePublished\":\"2024-10-24T23:25:24+00:00\",\"dateModified\":\"2026-03-04T15:34:07+00:00\",\"breadcrumb\":{\"@id\":\"https:\\\/\\\/www.sinchisinchi.com\\\/pl\\\/plemiona\\\/rape-huni-kuin-kaxinawa\\\/muzyka\\\/#breadcrumb\"},\"inLanguage\":\"pl-PL\",\"potentialAction\":[{\"@type\":\"ReadAction\",\"target\":[\"https:\\\/\\\/www.sinchisinchi.com\\\/pl\\\/plemiona\\\/rape-huni-kuin-kaxinawa\\\/muzyka\\\/\"]}]},{\"@type\":\"BreadcrumbList\",\"@id\":\"https:\\\/\\\/www.sinchisinchi.com\\\/pl\\\/plemiona\\\/rape-huni-kuin-kaxinawa\\\/muzyka\\\/#breadcrumb\",\"itemListElement\":[{\"@type\":\"ListItem\",\"position\":1,\"name\":\"Pierwsza strona\",\"item\":\"https:\\\/\\\/www.sinchisinchi.com\\\/pl\\\/\"},{\"@type\":\"ListItem\",\"position\":2,\"name\":\"Plemiona Amazonii\",\"item\":\"https:\\\/\\\/www.sinchisinchi.com\\\/pl\\\/plemiona\\\/\"},{\"@type\":\"ListItem\",\"position\":3,\"name\":\"Rap\u00e9 Huni Kuin (Kaxinaw\u00e1)\",\"item\":\"https:\\\/\\\/www.sinchisinchi.com\\\/pl\\\/plemiona\\\/rape-huni-kuin-kaxinawa\\\/\"},{\"@type\":\"ListItem\",\"position\":4,\"name\":\"Muzyka Huni Kuina\"}]},{\"@type\":\"WebSite\",\"@id\":\"https:\\\/\\\/www.sinchisinchi.com\\\/pl\\\/#website\",\"url\":\"https:\\\/\\\/www.sinchisinchi.com\\\/pl\\\/\",\"name\":\"SINCHI\",\"description\":\"Sinchi Medicine\",\"publisher\":{\"@id\":\"https:\\\/\\\/www.sinchisinchi.com\\\/pl\\\/#organization\"},\"potentialAction\":[{\"@type\":\"SearchAction\",\"target\":{\"@type\":\"EntryPoint\",\"urlTemplate\":\"https:\\\/\\\/www.sinchisinchi.com\\\/pl\\\/?s={search_term_string}\"},\"query-input\":{\"@type\":\"PropertyValueSpecification\",\"valueRequired\":true,\"valueName\":\"search_term_string\"}}],\"inLanguage\":\"pl-PL\"},{\"@type\":\"Organization\",\"@id\":\"https:\\\/\\\/www.sinchisinchi.com\\\/pl\\\/#organization\",\"name\":\"SINCHI S.L\",\"url\":\"https:\\\/\\\/www.sinchisinchi.com\\\/pl\\\/\",\"logo\":{\"@type\":\"ImageObject\",\"inLanguage\":\"pl-PL\",\"@id\":\"https:\\\/\\\/www.sinchisinchi.com\\\/pl\\\/#\\\/schema\\\/logo\\\/image\\\/\",\"url\":\"https:\\\/\\\/www.sinchisinchi.com\\\/wp-content\\\/uploads\\\/2026\\\/01\\\/3b-Verde-SIMPLIFICADO-HORIZONTAL-F-TRANSPARENTE-scaled.png\",\"contentUrl\":\"https:\\\/\\\/www.sinchisinchi.com\\\/wp-content\\\/uploads\\\/2026\\\/01\\\/3b-Verde-SIMPLIFICADO-HORIZONTAL-F-TRANSPARENTE-scaled.png\",\"width\":2560,\"height\":457,\"caption\":\"SINCHI S.L\"},\"image\":{\"@id\":\"https:\\\/\\\/www.sinchisinchi.com\\\/pl\\\/#\\\/schema\\\/logo\\\/image\\\/\"},\"sameAs\":[\"https:\\\/\\\/www.facebook.com\\\/sinchirape\\\/\",\"https:\\\/\\\/www.instagram.com\\\/sinchi_rape\\\/\"]}]}<\/script>\n<!-- \/ Yoast SEO plugin. -->","yoast_head_json":{"title":"Muzyka Huni Kuina - SINCHI RAP\u00c9","robots":{"index":"index","follow":"follow","max-snippet":"max-snippet:-1","max-image-preview":"max-image-preview:large","max-video-preview":"max-video-preview:-1"},"canonical":"https:\/\/www.sinchisinchi.com\/pl\/plemiona\/rape-huni-kuin-kaxinawa\/muzyka\/","og_locale":"pl_PL","og_type":"article","og_title":"Muzyka Huni Kuina - SINCHI RAP\u00c9","og_url":"https:\/\/www.sinchisinchi.com\/pl\/plemiona\/rape-huni-kuin-kaxinawa\/muzyka\/","og_site_name":"SINCHI RAP\u00c9","article_publisher":"https:\/\/www.facebook.com\/sinchirape\/","article_modified_time":"2026-03-04T15:34:07+00:00","twitter_card":"summary_large_image","twitter_misc":{"Szacowany czas czytania":"1 minuta"},"schema":{"@context":"https:\/\/schema.org","@graph":[{"@type":"WebPage","@id":"https:\/\/www.sinchisinchi.com\/pl\/plemiona\/rape-huni-kuin-kaxinawa\/muzyka\/","url":"https:\/\/www.sinchisinchi.com\/pl\/plemiona\/rape-huni-kuin-kaxinawa\/muzyka\/","name":"Muzyka Huni Kuina - SINCHI RAP\u00c9","isPartOf":{"@id":"https:\/\/www.sinchisinchi.com\/pl\/#website"},"datePublished":"2024-10-24T23:25:24+00:00","dateModified":"2026-03-04T15:34:07+00:00","breadcrumb":{"@id":"https:\/\/www.sinchisinchi.com\/pl\/plemiona\/rape-huni-kuin-kaxinawa\/muzyka\/#breadcrumb"},"inLanguage":"pl-PL","potentialAction":[{"@type":"ReadAction","target":["https:\/\/www.sinchisinchi.com\/pl\/plemiona\/rape-huni-kuin-kaxinawa\/muzyka\/"]}]},{"@type":"BreadcrumbList","@id":"https:\/\/www.sinchisinchi.com\/pl\/plemiona\/rape-huni-kuin-kaxinawa\/muzyka\/#breadcrumb","itemListElement":[{"@type":"ListItem","position":1,"name":"Pierwsza strona","item":"https:\/\/www.sinchisinchi.com\/pl\/"},{"@type":"ListItem","position":2,"name":"Plemiona Amazonii","item":"https:\/\/www.sinchisinchi.com\/pl\/plemiona\/"},{"@type":"ListItem","position":3,"name":"Rap\u00e9 Huni Kuin (Kaxinaw\u00e1)","item":"https:\/\/www.sinchisinchi.com\/pl\/plemiona\/rape-huni-kuin-kaxinawa\/"},{"@type":"ListItem","position":4,"name":"Muzyka Huni Kuina"}]},{"@type":"WebSite","@id":"https:\/\/www.sinchisinchi.com\/pl\/#website","url":"https:\/\/www.sinchisinchi.com\/pl\/","name":"SINCHI","description":"Sinchi Medicine","publisher":{"@id":"https:\/\/www.sinchisinchi.com\/pl\/#organization"},"potentialAction":[{"@type":"SearchAction","target":{"@type":"EntryPoint","urlTemplate":"https:\/\/www.sinchisinchi.com\/pl\/?s={search_term_string}"},"query-input":{"@type":"PropertyValueSpecification","valueRequired":true,"valueName":"search_term_string"}}],"inLanguage":"pl-PL"},{"@type":"Organization","@id":"https:\/\/www.sinchisinchi.com\/pl\/#organization","name":"SINCHI S.L","url":"https:\/\/www.sinchisinchi.com\/pl\/","logo":{"@type":"ImageObject","inLanguage":"pl-PL","@id":"https:\/\/www.sinchisinchi.com\/pl\/#\/schema\/logo\/image\/","url":"https:\/\/www.sinchisinchi.com\/wp-content\/uploads\/2026\/01\/3b-Verde-SIMPLIFICADO-HORIZONTAL-F-TRANSPARENTE-scaled.png","contentUrl":"https:\/\/www.sinchisinchi.com\/wp-content\/uploads\/2026\/01\/3b-Verde-SIMPLIFICADO-HORIZONTAL-F-TRANSPARENTE-scaled.png","width":2560,"height":457,"caption":"SINCHI S.L"},"image":{"@id":"https:\/\/www.sinchisinchi.com\/pl\/#\/schema\/logo\/image\/"},"sameAs":["https:\/\/www.facebook.com\/sinchirape\/","https:\/\/www.instagram.com\/sinchi_rape\/"]}]}},"_links":{"self":[{"href":"https:\/\/www.sinchisinchi.com\/pl\/wp-json\/wp\/v2\/pages\/22048","targetHints":{"allow":["GET"]}}],"collection":[{"href":"https:\/\/www.sinchisinchi.com\/pl\/wp-json\/wp\/v2\/pages"}],"about":[{"href":"https:\/\/www.sinchisinchi.com\/pl\/wp-json\/wp\/v2\/types\/page"}],"author":[{"embeddable":true,"href":"https:\/\/www.sinchisinchi.com\/pl\/wp-json\/wp\/v2\/users\/1"}],"replies":[{"embeddable":true,"href":"https:\/\/www.sinchisinchi.com\/pl\/wp-json\/wp\/v2\/comments?post=22048"}],"version-history":[{"count":4,"href":"https:\/\/www.sinchisinchi.com\/pl\/wp-json\/wp\/v2\/pages\/22048\/revisions"}],"predecessor-version":[{"id":30169,"href":"https:\/\/www.sinchisinchi.com\/pl\/wp-json\/wp\/v2\/pages\/22048\/revisions\/30169"}],"up":[{"embeddable":true,"href":"https:\/\/www.sinchisinchi.com\/pl\/wp-json\/wp\/v2\/pages\/24245"}],"wp:attachment":[{"href":"https:\/\/www.sinchisinchi.com\/pl\/wp-json\/wp\/v2\/media?parent=22048"}],"curies":[{"name":"wp","href":"https:\/\/api.w.org\/{rel}","templated":true}]}}