{"id":26094,"date":"2025-02-21T16:29:35","date_gmt":"2025-02-21T16:29:35","guid":{"rendered":"https:\/\/www.sinchisinchi.com\/wiedza\/plemiona-amazonii\/yawanawa\/swiatopoglad\/"},"modified":"2026-03-04T14:03:39","modified_gmt":"2026-03-04T14:03:39","slug":"swiatopoglad","status":"publish","type":"page","link":"https:\/\/www.sinchisinchi.com\/pl\/plemiona\/yawanawa\/swiatopoglad\/","title":{"rendered":"\u015awiatopogl\u0105d"},"content":{"rendered":"\n<h1 style=\"text-align: center;\"><strong>\u015awiatopogl\u0105d i duchowo\u015b\u0107<\/strong><\/h1>\n<p>Yawanaw\u00e1 to spo\u0142eczno\u015b\u0107, kt\u00f3ra w stu procentach polega na naturze. Jak sami m\u00f3wi\u0105: \u201e\u017byjemy z \u0142owiectwa, rybo\u0142\u00f3wstwa, sami budujemy sobie domy i \u015brodki transportu. Nasza relacja opiera si\u0119 na szacunku, harmonii i wzajemno\u015bci. \u201ePoniewa\u017c to, co bierzemy z ziemi, to oddajemy\u201d &#8211; Tashka Yawanaw\u00e1, m\u0142oda liderka wioski Yawanaw\u00e1.<\/p>\n\t<div class=\"img has-hover x md-x lg-x y md-y lg-y\" id=\"image_1341021047\">\n\t\t\t\t\t\t\t\t<div class=\"img-inner dark\" >\n\t\t\t<img loading=\"lazy\" decoding=\"async\" width=\"1020\" height=\"574\" src=\"https:\/\/www.sinchisinchi.com\/wp-content\/uploads\/2025\/01\/8-Tribu-Yawanawa13-1024x576.png\" class=\"attachment-large size-large\" alt=\"\" srcset=\"https:\/\/www.sinchisinchi.com\/wp-content\/uploads\/2025\/01\/8-Tribu-Yawanawa13-1024x576.png 1024w, https:\/\/www.sinchisinchi.com\/wp-content\/uploads\/2025\/01\/8-Tribu-Yawanawa13-600x337.png 600w, https:\/\/www.sinchisinchi.com\/wp-content\/uploads\/2025\/01\/8-Tribu-Yawanawa13-768x432.png 768w, https:\/\/www.sinchisinchi.com\/wp-content\/uploads\/2025\/01\/8-Tribu-Yawanawa13-1536x864.png 1536w, https:\/\/www.sinchisinchi.com\/wp-content\/uploads\/2025\/01\/8-Tribu-Yawanawa13-247x139.png 247w, https:\/\/www.sinchisinchi.com\/wp-content\/uploads\/2025\/01\/8-Tribu-Yawanawa13-510x287.png 510w, https:\/\/www.sinchisinchi.com\/wp-content\/uploads\/2025\/01\/8-Tribu-Yawanawa13.png 1837w\" sizes=\"auto, (max-width: 1020px) 100vw, 1020px\" \/>\t\t\t\t\t\t\n\t\t\t\t\t<\/div>\n\t\t\t\t\t\t\t\t\n<style>\n#image_1341021047 {\n  width: 100%;\n}\n<\/style>\n\t<\/div>\n\t\n\n\t<div id=\"gap-516366232\" class=\"gap-element clearfix\" style=\"display:block; height:auto;\">\n\t\t\n<style>\n#gap-516366232 {\n  padding-top: 30px;\n}\n<\/style>\n\t<\/div>\n\t\n\n<p>\u201eMy, ludno\u015b\u0107 tubylcza zamieszkuj\u0105ca d\u017cungl\u0119, jeste\u015bmy w ci\u0105g\u0142ym kontakcie z duchowo\u015bci\u0105, poniewa\u017c manifestacj\u0105 Stw\u00f3rcy jest sama natura. Wi\u0119c s\u0142uchamy i ogl\u0105damy ka\u017cdego dnia. Jeste\u015bmy w pe\u0142nym kontakcie z duchowo\u015bci\u0105. Mamy ceremoni\u0119, kt\u00f3ra jest jak podzi\u0119kowanie Matce Ziemi za wszystko, co nam da\u0142a. \u015apiewamy nasze piosenki i malujemy sobie twarze\u201d \u2013 dodaje Tashka.<\/p>\n<p>Wszystkie ich dzia\u0142ania oraz struktura spo\u0142eczna i ekonomiczna s\u0105 uj\u0119te w duchowej wizji, kt\u00f3ra w ca\u0142o\u015bci wi\u0105\u017ce si\u0119 z D\u017cungl\u0105. \u201eNasza ziemia jest naszym domem, naszym przyjacielem i towarzyszem. Bardzo szanujemy nasz\u0105 ziemi\u0119 i mamy obowi\u0105zek o ni\u0105 dba\u0107\u201d. M\u00f3wi m\u0142oda Yawanaw\u00e1.<\/p>\n<p>Oni, wraz z innymi rdzennymi mieszka\u0144cami Amazonii, s\u0105 odpowiedzialni za opiek\u0119 nad Amazoni\u0105, kt\u00f3ra jest p\u0142ucami Ziemi. Z tego powodu utrzymuj\u0105 wi\u0119\u017a i harmoni\u0119 z d\u017cungl\u0105, co odzwierciedla si\u0119 w ich ubiorze, nakryciach g\u0142owy wykonanych z pi\u00f3r ary i harpii, a tak\u017ce w tatua\u017cach wykonanych r\u00f3\u017cnymi pigmentami, kt\u00f3re imituj\u0105 wzory d\u017cungli lub jej pot\u0119\u017cnych zwierz\u0105t. R\u00f3wnie\u017c w sposobie budowania i uprawiania ziemi zawsze szanuj\u0105 \u015brodowisko, w kt\u00f3rym \u017cyj\u0105, i integruj\u0105 si\u0119 z nim jako inna \u017cywa istota w swoim ekosystemie.<\/p>\n<div class=\"row\"  id=\"row-863692829\">\n\n\n\t<div id=\"col-384695551\" class=\"col medium-1 small-12 large-1\"  >\n\t\t\t\t<div class=\"col-inner\"  >\n\t\t\t\n\t\t\t\n\n\n\t\t<\/div>\n\t\t\t\t\t<\/div>\n\n\t\n\n\t<div id=\"col-180496608\" class=\"col medium-10 small-12 large-10\"  >\n\t\t\t\t<div class=\"col-inner\"  >\n\t\t\t\n\t\t\t\n\n\t<div class=\"img has-hover x md-x lg-x y md-y lg-y\" id=\"image_1404711712\">\n\t\t\t\t\t\t\t\t<div class=\"img-inner dark\" >\n\t\t\t<img loading=\"lazy\" decoding=\"async\" width=\"1020\" height=\"318\" src=\"https:\/\/www.sinchisinchi.com\/wp-content\/uploads\/2025\/01\/3-Tribu-Yawanawa4-1024x319.jpeg\" class=\"attachment-large size-large\" alt=\"\" srcset=\"https:\/\/www.sinchisinchi.com\/wp-content\/uploads\/2025\/01\/3-Tribu-Yawanawa4-1024x319.jpeg 1024w, https:\/\/www.sinchisinchi.com\/wp-content\/uploads\/2025\/01\/3-Tribu-Yawanawa4-600x187.jpeg 600w, https:\/\/www.sinchisinchi.com\/wp-content\/uploads\/2025\/01\/3-Tribu-Yawanawa4-768x240.jpeg 768w, https:\/\/www.sinchisinchi.com\/wp-content\/uploads\/2025\/01\/3-Tribu-Yawanawa4-1536x479.jpeg 1536w, https:\/\/www.sinchisinchi.com\/wp-content\/uploads\/2025\/01\/3-Tribu-Yawanawa4-247x77.jpeg 247w, https:\/\/www.sinchisinchi.com\/wp-content\/uploads\/2025\/01\/3-Tribu-Yawanawa4-510x159.jpeg 510w, https:\/\/www.sinchisinchi.com\/wp-content\/uploads\/2025\/01\/3-Tribu-Yawanawa4.jpeg 1920w\" sizes=\"auto, (max-width: 1020px) 100vw, 1020px\" \/>\t\t\t\t\t\t\n\t\t\t\t\t<\/div>\n\t\t\t\t\t\t\t\t\n<style>\n#image_1404711712 {\n  width: 100%;\n}\n<\/style>\n\t<\/div>\n\t\n\n\n\t\t<\/div>\n\t\t\t\t\t<\/div>\n\n\t\n\n\t<div id=\"col-1301678379\" class=\"col medium-1 small-12 large-1\"  >\n\t\t\t\t<div class=\"col-inner\"  >\n\t\t\t\n\t\t\t\n\n\n\t\t<\/div>\n\t\t\t\t\t<\/div>\n\n\t\n\n<\/div>\n<p>Wyja\u015bniaj\u0105c sw\u00f3j \u015bwiatopogl\u0105d, m\u00f3wi\u0105 nam o \u201ewak\u00e1n\u201d, co t\u0142umacz\u0105 jako \u201edusza\u201d lub \u201ecie\u0144\u201d. \u201eWak\u00e1n\u201d stanowi si\u0142\u0119 \u017cyciow\u0105 istot \u017cywych; ludzie, zwierz\u0119ta i ro\u015bliny. Mo\u017cna zatem stwierdzi\u0107, \u017ce Yawanaw\u00e1, podobnie jak wi\u0119kszo\u015b\u0107 lud\u00f3w tubylczych, maj\u0105 animistyczn\u0105 koncepcj\u0119 \u015bwiata.<\/p>\n<p>Trudno powiedzie\u0107, czy jest to oryginalna koncepcja, czy te\u017c powsta\u0142a pod wp\u0142ywem prawie trzech wiek\u00f3w podporz\u0105dkowania si\u0119 katolicyzmowi.<\/p>\n<p>Podobnie obdarzaj\u0105 niekt\u00f3re byty niezwyk\u0142ymi mocami, ub\u00f3stwiaj\u0105c ksi\u0119\u017cyc, s\u0142o\u0144ce, gwiazdy, deszcz, w\u0119\u017ca, jaguara; zawsze rz\u0105dzone przez wszechobecn\u0105 si\u0142\u0119 Matki D\u017cungli, \u201eFloresty\u201d.<\/p>\n<p>Dla Yawanaw\u00e1 sny maj\u0105 ogromne znaczenie, gdy\u017c s\u0105 znakami, kt\u00f3re m\u00f3wi\u0105 nam, jak powinni\u015bmy post\u0119powa\u0107. Cz\u0119sto bardzo wa\u017cne decyzje s\u0105 podejmowane na podstawie \u201ewizjonerskich\u201d sn\u00f3w cz\u0142onka plemienia (szczeg\u00f3lnie je\u015bli jest to szaman).<\/p>\n<div class=\"row\"  id=\"row-832784132\">\n\n\n\t<div id=\"col-2005358746\" class=\"col medium-2 small-12 large-2\"  >\n\t\t\t\t<div class=\"col-inner\"  >\n\t\t\t\n\t\t\t\n\n\n\t\t<\/div>\n\t\t\t\t\t<\/div>\n\n\t\n\n\t<div id=\"col-1224078558\" class=\"col medium-8 small-12 large-8\"  >\n\t\t\t\t<div class=\"col-inner\"  >\n\t\t\t\n\t\t\t\n\n<div class=\"video video-fit mb\" style=\"padding-top:56.25%;\"><iframe loading=\"lazy\" title=\"Matsini Yawanawa\" width=\"1020\" height=\"574\" src=\"https:\/\/www.youtube.com\/embed\/Jk4qHI6XHBs?feature=oembed&#038;enablejsapi=1&#038;origin=https:\/\/www.sinchisinchi.com\" frameborder=\"0\" allow=\"accelerometer; autoplay; clipboard-write; encrypted-media; gyroscope; picture-in-picture; web-share\" referrerpolicy=\"strict-origin-when-cross-origin\" allowfullscreen><\/iframe><\/div>\n\n\n\t\t<\/div>\n\t\t\t\t\t<\/div>\n\n\t\n\n\t<div id=\"col-582317168\" class=\"col medium-2 small-12 large-2\"  >\n\t\t\t\t<div class=\"col-inner\"  >\n\t\t\t\n\t\t\t\n\n\n\t\t<\/div>\n\t\t\t\t\t<\/div>\n\n\t\n\n<\/div>\n<p>W swoim wyst\u0105pieniu na konferencji TED m\u0142ody cz\u0142owiek z ludu Yawanaw\u00e1 opisuje pogl\u0105d swojego ludu na temat \u015bwi\u0119tych lek\u00f3w: \u201ePodczas ceremonii u\u017cywamy \u015bwi\u0119tych ro\u015blin, aby komunikowa\u0107 si\u0119 z lasem. Dzi\u0119ki ayahuasce mo\u017cesz zobaczy\u0107, jak wygl\u0105da \u017cycie, zaczynaj\u0105c od siebie, mo\u017cesz dostrzec swojego ducha, zrozumie\u0107, dlaczego przyszed\u0142e\u015b na ten \u015bwiat, ale \u017ceby to zrobi\u0107, nie wystarczy wypi\u0107 tego napoju, musisz tak\u017ce uwierzy\u0107. I dodaje: \u201eKiedy szaman idzie szuka\u0107 ro\u015bliny, kt\u00f3ra mog\u0142aby kogo\u015b uzdrowi\u0107, najpierw m\u00f3wi ro\u015blinie: U\u017cyj\u0119 jej, aby uzdrowi\u0107 m\u00f3j lud. Gdyby tego nie powiedzia\u0142, nie mia\u0142oby to \u017cadnego efektu\u201d.<\/p>\n<p>Yawanaw\u00e1 to przodkowie znawcy przyrz\u0105dzania i stosowania ayahuaski \u2013 halucynogennego napoju produkowanego z wywaru z dw\u00f3ch ro\u015blin rosn\u0105cych wy\u0142\u0105cznie w Amazonii. Jest to jeden z najskuteczniejszych tradycyjnych lek\u00f3w lud\u00f3w Amazonii.<\/p>\n<p>Od czas\u00f3w staro\u017cytnych \u2013 kontynuuje m\u0142odzieniec \u2013 u\u017cywamy rum\u00ea (rodzaju tabaki produkowanej z kory drzewa tsun\u00fa) jako cz\u0119\u015bci naszej tradycji i kultury. Zazwyczaj u\u017cywamy rum\u00ea podczas naszych \u015bwi\u0119tych ceremonii z ayahuask\u0105, kt\u00f3r\u0105 nazywamy Uni.\u201d<\/p>\n<p>&nbsp;<\/p>\n<div class=\"row\"  id=\"row-743254578\">\n\n\n\t<div id=\"col-1555834341\" class=\"col small-12 large-12\"  >\n\t\t\t\t<div class=\"col-inner\"  >\n\t\t\t\n\t\t\t\n\n<div class=\"video video-fit mb\" style=\"padding-top:56.25%;\"><p><iframe loading=\"lazy\" title=\"We are all connected with nature: Nixiwaka Yawanawa at TEDxHackney\" width=\"1020\" height=\"574\" src=\"https:\/\/www.youtube.com\/embed\/xk0-yebNA_o?feature=oembed&#038;enablejsapi=1&#038;origin=https:\/\/www.sinchisinchi.com\" frameborder=\"0\" allow=\"accelerometer; autoplay; clipboard-write; encrypted-media; gyroscope; picture-in-picture; web-share\" referrerpolicy=\"strict-origin-when-cross-origin\" allowfullscreen><\/iframe><\/p>\n<\/div>\n\n\t<div id=\"gap-597079789\" class=\"gap-element clearfix\" style=\"display:block; height:auto;\">\n\t\t\n<style>\n#gap-597079789 {\n  padding-top: 30px;\n}\n<\/style>\n\t<\/div>\n\t\n\n\n\t\t<\/div>\n\t\t\t\t\t<\/div>\n\n\t\n\n<\/div>\n<h2 style=\"text-align: center;\">Bira Yawanaw\u00e1<\/h2>\n<p>Biraci Brasil Nixiwak\u00e1, znany wszystkim jako Bira, ma ponad 60 lat i jest politycznym i duchowym przyw\u00f3dc\u0105 plemienia Yawanaw\u00e1, wodza \u015awi\u0119tej Wioski. Jest ikon\u0105 nie tylko dla wszystkich cz\u0142onk\u00f3w plemienia, ale r\u00f3wnie\u017c dla ruchu rdzennych mieszka\u0144c\u00f3w swojego kraju.<\/p>\n<p>W wieku 18 lat Bira zaanga\u017cowa\u0142 si\u0119 w walk\u0119 polityczn\u0105 i spo\u0142eczn\u0105 o zachowanie terytori\u00f3w i kultury, wydalaj\u0105c ze swoich terytori\u00f3w zbieraczy kauczuku i misjonarzy.<\/p>\n<p>Bira opowiada nam o swojej duchowej wizji d\u017cungli: \u201ePodobnie jak chrze\u015bcijanie maj\u0105 Bibli\u0119, a muzu\u0142manie Koran, dla lud\u00f3w tubylczych, ludzi d\u017cungli, rdzennych mieszka\u0144c\u00f3w, las jest \u015bwi\u0119t\u0105 Bibli\u0105\u201d.<\/p>\n<p>Bira wyzna\u0142, \u017ce podziwia nauk\u0119 i docenia Zach\u00f3d za jego post\u0119p rozwojowy i nowe technologie. Je\u015bli jednak chodzi o \u015bwi\u0119te ro\u015bliny i wiedz\u0119, jak\u0105 oferuje natura, autorytetami s\u0105 ci, kt\u00f3rzy od tysi\u0119cy lat \u017cyj\u0105 w najwi\u0119kszym lesie tropikalnym na \u015bwiecie.<\/p>\n<p>\u201eMy, ludno\u015b\u0107 tubylcza&#8230; umiemy m\u00f3wi\u0107 j\u0119zykiem ptak\u00f3w, drzew i ryb. Znamy ro\u015bliny lecznicze i ro\u015bliny \u015bwi\u0119te. Znamy nazwy tych ro\u015blin. \u201eMogliby\u015bmy to przet\u0142umaczy\u0107 na j\u0119zyk ludzko\u015bci\u201d.<\/p>\n<div class=\"video video-fit mb\" style=\"padding-top:56.25%;\"><p><iframe loading=\"lazy\" title=\"Indigenous wisdom - Bira YAWANAWA\u0301 (port. english)\" width=\"1020\" height=\"574\" src=\"https:\/\/www.youtube.com\/embed\/mPbDC6EBhrQ?feature=oembed&#038;enablejsapi=1&#038;origin=https:\/\/www.sinchisinchi.com\" frameborder=\"0\" allow=\"accelerometer; autoplay; clipboard-write; encrypted-media; gyroscope; picture-in-picture; web-share\" referrerpolicy=\"strict-origin-when-cross-origin\" allowfullscreen><\/iframe><\/p>\n<\/div>\n\n<p>Bira m\u00f3wi, \u017ce wie, i\u017c system kapitalistyczny si\u0119 nie zatrzyma, \u017ce \u200b\u200bmiasta b\u0119d\u0105 si\u0119 nadal rozwija\u0107, rozrasta\u0107, a wraz z nimi b\u0119d\u0105 pojawia\u0107 si\u0119 nowe potrzeby. \u201eMusimy zbudowa\u0107 co\u015b r\u00f3wnoleg\u0142ego do tego systemu, ale nie wykluczaj\u0105c drugiego. Mo\u017cna wykorzystywa\u0107 technologi\u0119, uczestniczy\u0107 w gospodarce i jednocze\u015bnie chroni\u0107 las. \u201eZachowajmy nasz\u0105 kultur\u0119 i \u017cyjmy w pokoju na wsi\u201d. Ochrona lasu jest dla lud\u00f3w Amazonii podstawowym zadaniem ludzko\u015bci.<\/p>\n<p>W tym sensie Yawanaw\u00e1, a zw\u0142aszcza szamani, kt\u00f3rzy podr\u00f3\u017cowali po ca\u0142ym \u015bwiecie, doskonale znaj\u0105 spos\u00f3b \u017cycia w krajach zachodnich. M\u00f3wi\u0105, \u017ce duchy w Europie \u015bpi\u0105. Dlatego tak du\u017co m\u00f3wi si\u0119 o przebudzeniu: wed\u0142ug \u015bwiatopogl\u0105du Yawanaw\u00e1 my, ludzie, jeste\u015bmy odpowiedzialni za przebudzenie duch\u00f3w, za przebudzenie siebie nawzajem.<\/p>\n<p>Dlatego te\u017c postawili sobie za cel dzielenie si\u0119 w\u0142asn\u0105 medycyn\u0105 ze \u015bwiatem zachodnim. Ich ceremonie mog\u0105 wydawa\u0107 si\u0119 bardzo masowe w \u015bwiecie zachodnim, lecz w ten spos\u00f3b daj\u0105 wi\u0119kszej liczbie ludzi okazj\u0119 do istotnego aktu pami\u0119ci, odnalezienia w\u0142asnego ducha, przebudzenia.<\/p>\n<div class=\"row\"  id=\"row-1216944929\">\n\n\n\t<div id=\"col-731518978\" class=\"col medium-6 small-12 large-6\"  >\n\t\t\t\t<div class=\"col-inner\"  >\n\t\t\t\n\t\t\t\n\n\t<div class=\"img has-hover x md-x lg-x y md-y lg-y\" id=\"image_263002869\">\n\t\t\t\t\t\t\t\t<div class=\"img-inner image-cover dark\" style=\"padding-top:75%;\">\n\t\t\t<img loading=\"lazy\" decoding=\"async\" width=\"1020\" height=\"787\" src=\"https:\/\/www.sinchisinchi.com\/wp-content\/uploads\/2025\/01\/B-Tribu-Yawanawa17.jpeg\" class=\"attachment-large size-large\" alt=\"\" srcset=\"https:\/\/www.sinchisinchi.com\/wp-content\/uploads\/2025\/01\/B-Tribu-Yawanawa17.jpeg 1024w, https:\/\/www.sinchisinchi.com\/wp-content\/uploads\/2025\/01\/B-Tribu-Yawanawa17-600x463.jpeg 600w, https:\/\/www.sinchisinchi.com\/wp-content\/uploads\/2025\/01\/B-Tribu-Yawanawa17-768x593.jpeg 768w, https:\/\/www.sinchisinchi.com\/wp-content\/uploads\/2025\/01\/B-Tribu-Yawanawa17-247x191.jpeg 247w, https:\/\/www.sinchisinchi.com\/wp-content\/uploads\/2025\/01\/B-Tribu-Yawanawa17-510x393.jpeg 510w\" sizes=\"auto, (max-width: 1020px) 100vw, 1020px\" \/>\t\t\t\t\t\t\n\t\t\t\t\t<\/div>\n\t\t\t\t\t\t\t\t\n<style>\n#image_263002869 {\n  width: 100%;\n}\n<\/style>\n\t<\/div>\n\t\n\n\n\t\t<\/div>\n\t\t\t\t\t<\/div>\n\n\t\n\n\t<div id=\"col-882919030\" class=\"col medium-6 small-12 large-6\"  >\n\t\t\t\t<div class=\"col-inner\"  >\n\t\t\t\n\t\t\t\n\n\t<div class=\"img has-hover x md-x lg-x y md-y lg-y\" id=\"image_1957552894\">\n\t\t\t\t\t\t\t\t<div class=\"img-inner image-cover dark\" style=\"padding-top:75%;\">\n\t\t\t<img loading=\"lazy\" decoding=\"async\" width=\"1020\" height=\"680\" src=\"https:\/\/www.sinchisinchi.com\/wp-content\/uploads\/2025\/01\/B-Tribu-Yawanawa14-1024x683.jpeg\" class=\"attachment-large size-large\" alt=\"\" srcset=\"https:\/\/www.sinchisinchi.com\/wp-content\/uploads\/2025\/01\/B-Tribu-Yawanawa14-1024x683.jpeg 1024w, https:\/\/www.sinchisinchi.com\/wp-content\/uploads\/2025\/01\/B-Tribu-Yawanawa14-600x400.jpeg 600w, https:\/\/www.sinchisinchi.com\/wp-content\/uploads\/2025\/01\/B-Tribu-Yawanawa14-768x512.jpeg 768w, https:\/\/www.sinchisinchi.com\/wp-content\/uploads\/2025\/01\/B-Tribu-Yawanawa14-1536x1024.jpeg 1536w, https:\/\/www.sinchisinchi.com\/wp-content\/uploads\/2025\/01\/B-Tribu-Yawanawa14-247x165.jpeg 247w, https:\/\/www.sinchisinchi.com\/wp-content\/uploads\/2025\/01\/B-Tribu-Yawanawa14-510x340.jpeg 510w, https:\/\/www.sinchisinchi.com\/wp-content\/uploads\/2025\/01\/B-Tribu-Yawanawa14.jpeg 1890w\" sizes=\"auto, (max-width: 1020px) 100vw, 1020px\" \/>\t\t\t\t\t\t\n\t\t\t\t\t<\/div>\n\t\t\t\t\t\t\t\t\n<style>\n#image_1957552894 {\n  width: 100%;\n}\n<\/style>\n\t<\/div>\n\t\n\n\n\t\t<\/div>\n\t\t\t\t\t<\/div>\n\n\t\n\n<\/div>\n<p>\u201eMy\u015bl\u0119, \u017ce \u015bwiat zachodni mo\u017ce si\u0119 od nas uczy\u0107, jak \u017cy\u0107 w wi\u0119kszej harmonii, w zgodzie z naszym \u015brodowiskiem, \u0142\u0105cz\u0105c wiedz\u0119 Yawanaw\u00e1 z zachodnimi ideami\u201d. -Bira.<\/p>\n<h2 style=\"text-align: center;\"><strong>Czytaj Dalej:<\/strong><\/h2>\n<a href=\"https:\/\/www.sinchisinchi.com\/pl\/plemiona\/yawanawa\/wyzwania\/\" class=\"button primary is-underline expand\" style=\"border-radius:9px;\">\n\t\t<span>Wyzwania Yawanawy<\/span>\n\t<\/a>\n\n\n\n","protected":false},"excerpt":{"rendered":"","protected":false},"author":1,"featured_media":0,"parent":10795,"menu_order":0,"comment_status":"closed","ping_status":"closed","template":"","meta":{"_joinchat":[],"footnotes":""},"class_list":["post-26094","page","type-page","status-publish","hentry"],"yoast_head":"<!-- This site is optimized with the Yoast SEO plugin v27.4 - https:\/\/yoast.com\/product\/yoast-seo-wordpress\/ -->\n<title>Plemi\u0119 Yawanaw\u00e1: \u017cycie i \u015bwiatopogl\u0105d<\/title>\n<meta name=\"description\" content=\"W \u015bwiatopogl\u0105dzie Yawanaw\u00e1 m\u00f3wi si\u0119 o \u201ewak\u00e1n\u201d, co t\u0142umacz\u0105 jako dusz\u0119. Dla nich stanowi ona si\u0142\u0119 \u017cyciow\u0105 ka\u017cdej \u017cywej istoty.\" \/>\n<meta name=\"robots\" content=\"index, follow, max-snippet:-1, max-image-preview:large, max-video-preview:-1\" \/>\n<link rel=\"canonical\" href=\"https:\/\/www.sinchisinchi.com\/pl\/plemiona\/yawanawa\/swiatopoglad\/\" \/>\n<meta property=\"og:locale\" content=\"pl_PL\" \/>\n<meta property=\"og:type\" content=\"article\" \/>\n<meta property=\"og:title\" content=\"Plemi\u0119 Yawanaw\u00e1: \u017cycie i \u015bwiatopogl\u0105d\" \/>\n<meta property=\"og:description\" content=\"W \u015bwiatopogl\u0105dzie Yawanaw\u00e1 m\u00f3wi si\u0119 o \u201ewak\u00e1n\u201d, co t\u0142umacz\u0105 jako dusz\u0119. Dla nich stanowi ona si\u0142\u0119 \u017cyciow\u0105 ka\u017cdej \u017cywej istoty.\" \/>\n<meta property=\"og:url\" content=\"https:\/\/www.sinchisinchi.com\/pl\/plemiona\/yawanawa\/swiatopoglad\/\" \/>\n<meta property=\"og:site_name\" content=\"SINCHI RAP\u00c9\" \/>\n<meta property=\"article:publisher\" content=\"https:\/\/www.facebook.com\/sinchirape\/\" \/>\n<meta property=\"article:modified_time\" content=\"2026-03-04T14:03:39+00:00\" \/>\n<meta name=\"twitter:card\" content=\"summary_large_image\" \/>\n<meta name=\"twitter:label1\" content=\"Szacowany czas czytania\" \/>\n\t<meta name=\"twitter:data1\" content=\"6 minut\" \/>\n<script type=\"application\/ld+json\" class=\"yoast-schema-graph\">{\"@context\":\"https:\\\/\\\/schema.org\",\"@graph\":[{\"@type\":\"WebPage\",\"@id\":\"https:\\\/\\\/www.sinchisinchi.com\\\/pl\\\/plemiona\\\/yawanawa\\\/swiatopoglad\\\/\",\"url\":\"https:\\\/\\\/www.sinchisinchi.com\\\/pl\\\/plemiona\\\/yawanawa\\\/swiatopoglad\\\/\",\"name\":\"Plemi\u0119 Yawanaw\u00e1: \u017cycie i \u015bwiatopogl\u0105d\",\"isPartOf\":{\"@id\":\"https:\\\/\\\/www.sinchisinchi.com\\\/pl\\\/#website\"},\"datePublished\":\"2025-02-21T16:29:35+00:00\",\"dateModified\":\"2026-03-04T14:03:39+00:00\",\"description\":\"W \u015bwiatopogl\u0105dzie Yawanaw\u00e1 m\u00f3wi si\u0119 o \u201ewak\u00e1n\u201d, co t\u0142umacz\u0105 jako dusz\u0119. Dla nich stanowi ona si\u0142\u0119 \u017cyciow\u0105 ka\u017cdej \u017cywej istoty.\",\"breadcrumb\":{\"@id\":\"https:\\\/\\\/www.sinchisinchi.com\\\/pl\\\/plemiona\\\/yawanawa\\\/swiatopoglad\\\/#breadcrumb\"},\"inLanguage\":\"pl-PL\",\"potentialAction\":[{\"@type\":\"ReadAction\",\"target\":[\"https:\\\/\\\/www.sinchisinchi.com\\\/pl\\\/plemiona\\\/yawanawa\\\/swiatopoglad\\\/\"]}]},{\"@type\":\"BreadcrumbList\",\"@id\":\"https:\\\/\\\/www.sinchisinchi.com\\\/pl\\\/plemiona\\\/yawanawa\\\/swiatopoglad\\\/#breadcrumb\",\"itemListElement\":[{\"@type\":\"ListItem\",\"position\":1,\"name\":\"Pierwsza strona\",\"item\":\"https:\\\/\\\/www.sinchisinchi.com\\\/pl\\\/\"},{\"@type\":\"ListItem\",\"position\":2,\"name\":\"Plemiona Amazonii\",\"item\":\"https:\\\/\\\/www.sinchisinchi.com\\\/pl\\\/plemiona\\\/\"},{\"@type\":\"ListItem\",\"position\":3,\"name\":\"Yawanaw\u00e1\",\"item\":\"https:\\\/\\\/www.sinchisinchi.com\\\/pl\\\/plemiona\\\/yawanawa\\\/\"},{\"@type\":\"ListItem\",\"position\":4,\"name\":\"\u015awiatopogl\u0105d\"}]},{\"@type\":\"WebSite\",\"@id\":\"https:\\\/\\\/www.sinchisinchi.com\\\/pl\\\/#website\",\"url\":\"https:\\\/\\\/www.sinchisinchi.com\\\/pl\\\/\",\"name\":\"SINCHI\",\"description\":\"Sinchi Medicine\",\"publisher\":{\"@id\":\"https:\\\/\\\/www.sinchisinchi.com\\\/pl\\\/#organization\"},\"potentialAction\":[{\"@type\":\"SearchAction\",\"target\":{\"@type\":\"EntryPoint\",\"urlTemplate\":\"https:\\\/\\\/www.sinchisinchi.com\\\/pl\\\/?s={search_term_string}\"},\"query-input\":{\"@type\":\"PropertyValueSpecification\",\"valueRequired\":true,\"valueName\":\"search_term_string\"}}],\"inLanguage\":\"pl-PL\"},{\"@type\":\"Organization\",\"@id\":\"https:\\\/\\\/www.sinchisinchi.com\\\/pl\\\/#organization\",\"name\":\"SINCHI S.L\",\"url\":\"https:\\\/\\\/www.sinchisinchi.com\\\/pl\\\/\",\"logo\":{\"@type\":\"ImageObject\",\"inLanguage\":\"pl-PL\",\"@id\":\"https:\\\/\\\/www.sinchisinchi.com\\\/pl\\\/#\\\/schema\\\/logo\\\/image\\\/\",\"url\":\"https:\\\/\\\/www.sinchisinchi.com\\\/wp-content\\\/uploads\\\/2026\\\/01\\\/3b-Verde-SIMPLIFICADO-HORIZONTAL-F-TRANSPARENTE-scaled.png\",\"contentUrl\":\"https:\\\/\\\/www.sinchisinchi.com\\\/wp-content\\\/uploads\\\/2026\\\/01\\\/3b-Verde-SIMPLIFICADO-HORIZONTAL-F-TRANSPARENTE-scaled.png\",\"width\":2560,\"height\":457,\"caption\":\"SINCHI S.L\"},\"image\":{\"@id\":\"https:\\\/\\\/www.sinchisinchi.com\\\/pl\\\/#\\\/schema\\\/logo\\\/image\\\/\"},\"sameAs\":[\"https:\\\/\\\/www.facebook.com\\\/sinchirape\\\/\",\"https:\\\/\\\/www.instagram.com\\\/sinchi_rape\\\/\"]}]}<\/script>\n<!-- \/ Yoast SEO plugin. -->","yoast_head_json":{"title":"Plemi\u0119 Yawanaw\u00e1: \u017cycie i \u015bwiatopogl\u0105d","description":"W \u015bwiatopogl\u0105dzie Yawanaw\u00e1 m\u00f3wi si\u0119 o \u201ewak\u00e1n\u201d, co t\u0142umacz\u0105 jako dusz\u0119. Dla nich stanowi ona si\u0142\u0119 \u017cyciow\u0105 ka\u017cdej \u017cywej istoty.","robots":{"index":"index","follow":"follow","max-snippet":"max-snippet:-1","max-image-preview":"max-image-preview:large","max-video-preview":"max-video-preview:-1"},"canonical":"https:\/\/www.sinchisinchi.com\/pl\/plemiona\/yawanawa\/swiatopoglad\/","og_locale":"pl_PL","og_type":"article","og_title":"Plemi\u0119 Yawanaw\u00e1: \u017cycie i \u015bwiatopogl\u0105d","og_description":"W \u015bwiatopogl\u0105dzie Yawanaw\u00e1 m\u00f3wi si\u0119 o \u201ewak\u00e1n\u201d, co t\u0142umacz\u0105 jako dusz\u0119. Dla nich stanowi ona si\u0142\u0119 \u017cyciow\u0105 ka\u017cdej \u017cywej istoty.","og_url":"https:\/\/www.sinchisinchi.com\/pl\/plemiona\/yawanawa\/swiatopoglad\/","og_site_name":"SINCHI RAP\u00c9","article_publisher":"https:\/\/www.facebook.com\/sinchirape\/","article_modified_time":"2026-03-04T14:03:39+00:00","twitter_card":"summary_large_image","twitter_misc":{"Szacowany czas czytania":"6 minut"},"schema":{"@context":"https:\/\/schema.org","@graph":[{"@type":"WebPage","@id":"https:\/\/www.sinchisinchi.com\/pl\/plemiona\/yawanawa\/swiatopoglad\/","url":"https:\/\/www.sinchisinchi.com\/pl\/plemiona\/yawanawa\/swiatopoglad\/","name":"Plemi\u0119 Yawanaw\u00e1: \u017cycie i \u015bwiatopogl\u0105d","isPartOf":{"@id":"https:\/\/www.sinchisinchi.com\/pl\/#website"},"datePublished":"2025-02-21T16:29:35+00:00","dateModified":"2026-03-04T14:03:39+00:00","description":"W \u015bwiatopogl\u0105dzie Yawanaw\u00e1 m\u00f3wi si\u0119 o \u201ewak\u00e1n\u201d, co t\u0142umacz\u0105 jako dusz\u0119. Dla nich stanowi ona si\u0142\u0119 \u017cyciow\u0105 ka\u017cdej \u017cywej istoty.","breadcrumb":{"@id":"https:\/\/www.sinchisinchi.com\/pl\/plemiona\/yawanawa\/swiatopoglad\/#breadcrumb"},"inLanguage":"pl-PL","potentialAction":[{"@type":"ReadAction","target":["https:\/\/www.sinchisinchi.com\/pl\/plemiona\/yawanawa\/swiatopoglad\/"]}]},{"@type":"BreadcrumbList","@id":"https:\/\/www.sinchisinchi.com\/pl\/plemiona\/yawanawa\/swiatopoglad\/#breadcrumb","itemListElement":[{"@type":"ListItem","position":1,"name":"Pierwsza strona","item":"https:\/\/www.sinchisinchi.com\/pl\/"},{"@type":"ListItem","position":2,"name":"Plemiona Amazonii","item":"https:\/\/www.sinchisinchi.com\/pl\/plemiona\/"},{"@type":"ListItem","position":3,"name":"Yawanaw\u00e1","item":"https:\/\/www.sinchisinchi.com\/pl\/plemiona\/yawanawa\/"},{"@type":"ListItem","position":4,"name":"\u015awiatopogl\u0105d"}]},{"@type":"WebSite","@id":"https:\/\/www.sinchisinchi.com\/pl\/#website","url":"https:\/\/www.sinchisinchi.com\/pl\/","name":"SINCHI","description":"Sinchi Medicine","publisher":{"@id":"https:\/\/www.sinchisinchi.com\/pl\/#organization"},"potentialAction":[{"@type":"SearchAction","target":{"@type":"EntryPoint","urlTemplate":"https:\/\/www.sinchisinchi.com\/pl\/?s={search_term_string}"},"query-input":{"@type":"PropertyValueSpecification","valueRequired":true,"valueName":"search_term_string"}}],"inLanguage":"pl-PL"},{"@type":"Organization","@id":"https:\/\/www.sinchisinchi.com\/pl\/#organization","name":"SINCHI S.L","url":"https:\/\/www.sinchisinchi.com\/pl\/","logo":{"@type":"ImageObject","inLanguage":"pl-PL","@id":"https:\/\/www.sinchisinchi.com\/pl\/#\/schema\/logo\/image\/","url":"https:\/\/www.sinchisinchi.com\/wp-content\/uploads\/2026\/01\/3b-Verde-SIMPLIFICADO-HORIZONTAL-F-TRANSPARENTE-scaled.png","contentUrl":"https:\/\/www.sinchisinchi.com\/wp-content\/uploads\/2026\/01\/3b-Verde-SIMPLIFICADO-HORIZONTAL-F-TRANSPARENTE-scaled.png","width":2560,"height":457,"caption":"SINCHI S.L"},"image":{"@id":"https:\/\/www.sinchisinchi.com\/pl\/#\/schema\/logo\/image\/"},"sameAs":["https:\/\/www.facebook.com\/sinchirape\/","https:\/\/www.instagram.com\/sinchi_rape\/"]}]}},"_links":{"self":[{"href":"https:\/\/www.sinchisinchi.com\/pl\/wp-json\/wp\/v2\/pages\/26094","targetHints":{"allow":["GET"]}}],"collection":[{"href":"https:\/\/www.sinchisinchi.com\/pl\/wp-json\/wp\/v2\/pages"}],"about":[{"href":"https:\/\/www.sinchisinchi.com\/pl\/wp-json\/wp\/v2\/types\/page"}],"author":[{"embeddable":true,"href":"https:\/\/www.sinchisinchi.com\/pl\/wp-json\/wp\/v2\/users\/1"}],"replies":[{"embeddable":true,"href":"https:\/\/www.sinchisinchi.com\/pl\/wp-json\/wp\/v2\/comments?post=26094"}],"version-history":[{"count":2,"href":"https:\/\/www.sinchisinchi.com\/pl\/wp-json\/wp\/v2\/pages\/26094\/revisions"}],"predecessor-version":[{"id":30115,"href":"https:\/\/www.sinchisinchi.com\/pl\/wp-json\/wp\/v2\/pages\/26094\/revisions\/30115"}],"up":[{"embeddable":true,"href":"https:\/\/www.sinchisinchi.com\/pl\/wp-json\/wp\/v2\/pages\/10795"}],"wp:attachment":[{"href":"https:\/\/www.sinchisinchi.com\/pl\/wp-json\/wp\/v2\/media?parent=26094"}],"curies":[{"name":"wp","href":"https:\/\/api.w.org\/{rel}","templated":true}]}}