{"id":26954,"date":"2025-04-22T12:00:35","date_gmt":"2025-04-22T12:00:35","guid":{"rendered":"https:\/\/www.sinchisinchi.com\/wiedza\/plemiona-amazonii\/nukini\/muzyka\/"},"modified":"2026-03-04T15:19:09","modified_gmt":"2026-03-04T15:19:09","slug":"muzyka","status":"publish","type":"page","link":"https:\/\/www.sinchisinchi.com\/pl\/plemiona\/rape-nukini\/muzyka\/","title":{"rendered":"Muzyka"},"content":{"rendered":"\n<h1 style=\"text-align: center;\">Muzyka Nukini<\/h1>\n<h2 style=\"text-align: center;\">Hana He &#8211; Xiti Nukini<\/h2>\n<div class=\"row\"  id=\"row-1828730098\">\n\n\n\t<div id=\"col-1738401013\" class=\"col small-12 large-12\"  >\n\t\t\t\t<div class=\"col-inner\"  >\n\t\t\t\n\t\t\t\n\n<div class=\"video video-fit mb\" style=\"padding-top:56.25%;\"><iframe loading=\"lazy\" title=\"HANA HE - Xiti Nukini\" width=\"1020\" height=\"574\" src=\"https:\/\/www.youtube.com\/embed\/IaqD1P7tHAY?feature=oembed&#038;enablejsapi=1&#038;origin=https:\/\/www.sinchisinchi.com\" frameborder=\"0\" allow=\"accelerometer; autoplay; clipboard-write; encrypted-media; gyroscope; picture-in-picture; web-share\" referrerpolicy=\"strict-origin-when-cross-origin\" allowfullscreen><\/iframe><\/div>\n\n\n\t\t<\/div>\n\t\t\t\t\t<\/div>\n\n\t\n\n<\/div>\n<div class=\"row\"  id=\"row-791105270\">\n\n\n\t<div id=\"col-1645316054\" class=\"col medium-6 small-12 large-6\"  >\n\t\t\t\t<div class=\"col-inner\"  >\n\t\t\t\n\t\t\t\n\n<h3 style=\"text-align: center;\">Hari Hariki &#8211; Nukini<\/h3>\n<div class=\"video video-fit mb\" style=\"padding-top:56.25%;\"><p><iframe loading=\"lazy\" title=\"Hari Hariki - NUKINI\" width=\"1020\" height=\"574\" src=\"https:\/\/www.youtube.com\/embed\/o76BfGdoSH4?feature=oembed&#038;enablejsapi=1&#038;origin=https:\/\/www.sinchisinchi.com\" frameborder=\"0\" allow=\"accelerometer; autoplay; clipboard-write; encrypted-media; gyroscope; picture-in-picture; web-share\" referrerpolicy=\"strict-origin-when-cross-origin\" allowfullscreen><\/iframe><\/p>\n<\/div>\n\n\n\t\t<\/div>\n\t\t\t\t\t<\/div>\n\n\t\n\n\t<div id=\"col-540947386\" class=\"col medium-6 small-12 large-6\"  >\n\t\t\t\t<div class=\"col-inner\"  >\n\t\t\t\n\t\t\t\n\n<h3 style=\"text-align: center;\">Canto do Povo Nukini &#8211; Jaguar people<\/h3>\n<div class=\"video video-fit mb\" style=\"padding-top:56.25%;\"><p><iframe loading=\"lazy\" title=\"Inu, o canto do povo Nukini - Jaguar People Song\" width=\"1020\" height=\"765\" src=\"https:\/\/www.youtube.com\/embed\/l0qJoz2HXRE?feature=oembed&#038;enablejsapi=1&#038;origin=https:\/\/www.sinchisinchi.com\" frameborder=\"0\" allow=\"accelerometer; autoplay; clipboard-write; encrypted-media; gyroscope; picture-in-picture; web-share\" referrerpolicy=\"strict-origin-when-cross-origin\" allowfullscreen><\/iframe><\/p>\n<\/div>\n\n\n\t\t<\/div>\n\t\t\t\t\t<\/div>\n\n\t\n\n<\/div>\n<div class=\"row\"  id=\"row-1107978945\">\n\n\n\t<div id=\"col-1407107065\" class=\"col small-12 large-12\"  >\n\t\t\t\t<div class=\"col-inner\"  >\n\t\t\t\n\t\t\t\n\n<h3 style=\"text-align: center;\">Pistyani Nukini &#8211; Povo Nukini<\/h3>\n<div class=\"video video-fit mb\" style=\"padding-top:56.25%;\"><p><iframe loading=\"lazy\" title=\"Pistyani Nukini - Povo Nukini\" width=\"1020\" height=\"574\" src=\"https:\/\/www.youtube.com\/embed\/wrEE4FT_xUI?feature=oembed&#038;enablejsapi=1&#038;origin=https:\/\/www.sinchisinchi.com\" frameborder=\"0\" allow=\"accelerometer; autoplay; clipboard-write; encrypted-media; gyroscope; picture-in-picture; web-share\" referrerpolicy=\"strict-origin-when-cross-origin\" allowfullscreen><\/iframe><\/p>\n<\/div>\n\n<div class=\"row\"  id=\"row-1835640997\">\n\n\n\t<div id=\"col-758762889\" class=\"col medium-6 small-12 large-6\"  >\n\t\t\t\t<div class=\"col-inner\"  >\n\t\t\t\n\t\t\t\n\n<h3 style=\"text-align: center;\">Pistyani Nukini &#8211; Povo da On\u00e7a Pintada<\/h3>\n<div class=\"video video-fit mb\" style=\"padding-top:56.25%;\"><p><iframe loading=\"lazy\" title=\"Pistyani Nukini - Povo da On\u00e7a Pintada \/ Jaguar People\" width=\"1020\" height=\"574\" src=\"https:\/\/www.youtube.com\/embed\/7S3jWvQcoTQ?feature=oembed&#038;enablejsapi=1&#038;origin=https:\/\/www.sinchisinchi.com\" frameborder=\"0\" allow=\"accelerometer; autoplay; clipboard-write; encrypted-media; gyroscope; picture-in-picture; web-share\" referrerpolicy=\"strict-origin-when-cross-origin\" allowfullscreen><\/iframe><\/p>\n<\/div>\n\n\n\t\t<\/div>\n\t\t\t\t\t<\/div>\n\n\t\n\n\t<div id=\"col-614395544\" class=\"col medium-6 small-12 large-6\"  >\n\t\t\t\t<div class=\"col-inner\"  >\n\t\t\t\n\t\t\t\n\n<div id=\"title\" class=\"style-scope ytd-watch-metadata\">\n<h3 class=\"style-scope ytd-watch-metadata\" style=\"text-align: center;\">Inu, canto Nukini &#8211; Txan\u00ea Pistyani Nukini<\/h3>\n<\/div>\n<div class=\"video video-fit mb\" style=\"padding-top:56.25%;\"><p><iframe loading=\"lazy\" title=\"Inu, canto Nukini - Txan\u00ea Pistyani Nukini\" width=\"1020\" height=\"765\" src=\"https:\/\/www.youtube.com\/embed\/I9WTa4RGaeo?feature=oembed&#038;enablejsapi=1&#038;origin=https:\/\/www.sinchisinchi.com\" frameborder=\"0\" allow=\"accelerometer; autoplay; clipboard-write; encrypted-media; gyroscope; picture-in-picture; web-share\" referrerpolicy=\"strict-origin-when-cross-origin\" allowfullscreen><\/iframe><\/p>\n<\/div>\n\n\n\t\t<\/div>\n\t\t\t\t\t<\/div>\n\n\t\n\n<\/div>\n<h2 style=\"text-align: center;\">Czytaj dalej:<\/h2>\n<a href=\"https:\/\/www.sinchisinchi.com\/pl\/plemiona\/rape-nukini\/wideo\/\" class=\"button primary is-underline expand\" >\n\t\t<span>FILMY NUKINI<\/span>\n\t<\/a>\n\n\n\n\t\t<\/div>\n\t\t\t\t\t<\/div>\n\n\t\n\n<\/div>\n\n","protected":false},"excerpt":{"rendered":"","protected":false},"author":1,"featured_media":0,"parent":10604,"menu_order":0,"comment_status":"closed","ping_status":"closed","template":"","meta":{"_joinchat":[],"footnotes":""},"class_list":["post-26954","page","type-page","status-publish","hentry"],"yoast_head":"<!-- This site is optimized with the Yoast SEO plugin v27.4 - https:\/\/yoast.com\/product\/yoast-seo-wordpress\/ -->\n<title>Muzyka plemienia Nukini z Amazonii<\/title>\n<meta name=\"description\" content=\"Muzyka plemienia Nukini z Amazonii: muzyka, mistrzowskie ro\u015bliny i duchowo\u015b\u0107 stanowi\u0105 cz\u0119\u015b\u0107 ich codziennego \u017cycia.\" \/>\n<meta name=\"robots\" content=\"index, follow, max-snippet:-1, max-image-preview:large, max-video-preview:-1\" \/>\n<link rel=\"canonical\" href=\"https:\/\/www.sinchisinchi.com\/pl\/plemiona\/rape-nukini\/muzyka\/\" \/>\n<meta property=\"og:locale\" content=\"pl_PL\" \/>\n<meta property=\"og:type\" content=\"article\" \/>\n<meta property=\"og:title\" content=\"Muzyka plemienia Nukini z Amazonii\" \/>\n<meta property=\"og:description\" content=\"Muzyka plemienia Nukini z Amazonii: muzyka, mistrzowskie ro\u015bliny i duchowo\u015b\u0107 stanowi\u0105 cz\u0119\u015b\u0107 ich codziennego \u017cycia.\" \/>\n<meta property=\"og:url\" content=\"https:\/\/www.sinchisinchi.com\/pl\/plemiona\/rape-nukini\/muzyka\/\" \/>\n<meta property=\"og:site_name\" content=\"SINCHI RAP\u00c9\" \/>\n<meta property=\"article:publisher\" content=\"https:\/\/www.facebook.com\/sinchirape\/\" \/>\n<meta property=\"article:modified_time\" content=\"2026-03-04T15:19:09+00:00\" \/>\n<meta name=\"twitter:card\" content=\"summary_large_image\" \/>\n<meta name=\"twitter:label1\" content=\"Szacowany czas czytania\" \/>\n\t<meta name=\"twitter:data1\" content=\"1 minuta\" \/>\n<script type=\"application\/ld+json\" class=\"yoast-schema-graph\">{\"@context\":\"https:\\\/\\\/schema.org\",\"@graph\":[{\"@type\":\"WebPage\",\"@id\":\"https:\\\/\\\/www.sinchisinchi.com\\\/pl\\\/plemiona\\\/rape-nukini\\\/muzyka\\\/\",\"url\":\"https:\\\/\\\/www.sinchisinchi.com\\\/pl\\\/plemiona\\\/rape-nukini\\\/muzyka\\\/\",\"name\":\"Muzyka plemienia Nukini z Amazonii\",\"isPartOf\":{\"@id\":\"https:\\\/\\\/www.sinchisinchi.com\\\/pl\\\/#website\"},\"datePublished\":\"2025-04-22T12:00:35+00:00\",\"dateModified\":\"2026-03-04T15:19:09+00:00\",\"description\":\"Muzyka plemienia Nukini z Amazonii: muzyka, mistrzowskie ro\u015bliny i duchowo\u015b\u0107 stanowi\u0105 cz\u0119\u015b\u0107 ich codziennego \u017cycia.\",\"breadcrumb\":{\"@id\":\"https:\\\/\\\/www.sinchisinchi.com\\\/pl\\\/plemiona\\\/rape-nukini\\\/muzyka\\\/#breadcrumb\"},\"inLanguage\":\"pl-PL\",\"potentialAction\":[{\"@type\":\"ReadAction\",\"target\":[\"https:\\\/\\\/www.sinchisinchi.com\\\/pl\\\/plemiona\\\/rape-nukini\\\/muzyka\\\/\"]}]},{\"@type\":\"BreadcrumbList\",\"@id\":\"https:\\\/\\\/www.sinchisinchi.com\\\/pl\\\/plemiona\\\/rape-nukini\\\/muzyka\\\/#breadcrumb\",\"itemListElement\":[{\"@type\":\"ListItem\",\"position\":1,\"name\":\"Pierwsza strona\",\"item\":\"https:\\\/\\\/www.sinchisinchi.com\\\/pl\\\/\"},{\"@type\":\"ListItem\",\"position\":2,\"name\":\"Plemiona Amazonii\",\"item\":\"https:\\\/\\\/www.sinchisinchi.com\\\/pl\\\/plemiona\\\/\"},{\"@type\":\"ListItem\",\"position\":3,\"name\":\"Rap\u00e9 Nukini\",\"item\":\"https:\\\/\\\/www.sinchisinchi.com\\\/pl\\\/plemiona\\\/rape-nukini\\\/\"},{\"@type\":\"ListItem\",\"position\":4,\"name\":\"Muzyka\"}]},{\"@type\":\"WebSite\",\"@id\":\"https:\\\/\\\/www.sinchisinchi.com\\\/pl\\\/#website\",\"url\":\"https:\\\/\\\/www.sinchisinchi.com\\\/pl\\\/\",\"name\":\"SINCHI\",\"description\":\"Sinchi Medicine\",\"publisher\":{\"@id\":\"https:\\\/\\\/www.sinchisinchi.com\\\/pl\\\/#organization\"},\"potentialAction\":[{\"@type\":\"SearchAction\",\"target\":{\"@type\":\"EntryPoint\",\"urlTemplate\":\"https:\\\/\\\/www.sinchisinchi.com\\\/pl\\\/?s={search_term_string}\"},\"query-input\":{\"@type\":\"PropertyValueSpecification\",\"valueRequired\":true,\"valueName\":\"search_term_string\"}}],\"inLanguage\":\"pl-PL\"},{\"@type\":\"Organization\",\"@id\":\"https:\\\/\\\/www.sinchisinchi.com\\\/pl\\\/#organization\",\"name\":\"SINCHI S.L\",\"url\":\"https:\\\/\\\/www.sinchisinchi.com\\\/pl\\\/\",\"logo\":{\"@type\":\"ImageObject\",\"inLanguage\":\"pl-PL\",\"@id\":\"https:\\\/\\\/www.sinchisinchi.com\\\/pl\\\/#\\\/schema\\\/logo\\\/image\\\/\",\"url\":\"https:\\\/\\\/www.sinchisinchi.com\\\/wp-content\\\/uploads\\\/2026\\\/01\\\/3b-Verde-SIMPLIFICADO-HORIZONTAL-F-TRANSPARENTE-scaled.png\",\"contentUrl\":\"https:\\\/\\\/www.sinchisinchi.com\\\/wp-content\\\/uploads\\\/2026\\\/01\\\/3b-Verde-SIMPLIFICADO-HORIZONTAL-F-TRANSPARENTE-scaled.png\",\"width\":2560,\"height\":457,\"caption\":\"SINCHI S.L\"},\"image\":{\"@id\":\"https:\\\/\\\/www.sinchisinchi.com\\\/pl\\\/#\\\/schema\\\/logo\\\/image\\\/\"},\"sameAs\":[\"https:\\\/\\\/www.facebook.com\\\/sinchirape\\\/\",\"https:\\\/\\\/www.instagram.com\\\/sinchi_rape\\\/\"]}]}<\/script>\n<!-- \/ Yoast SEO plugin. -->","yoast_head_json":{"title":"Muzyka plemienia Nukini z Amazonii","description":"Muzyka plemienia Nukini z Amazonii: muzyka, mistrzowskie ro\u015bliny i duchowo\u015b\u0107 stanowi\u0105 cz\u0119\u015b\u0107 ich codziennego \u017cycia.","robots":{"index":"index","follow":"follow","max-snippet":"max-snippet:-1","max-image-preview":"max-image-preview:large","max-video-preview":"max-video-preview:-1"},"canonical":"https:\/\/www.sinchisinchi.com\/pl\/plemiona\/rape-nukini\/muzyka\/","og_locale":"pl_PL","og_type":"article","og_title":"Muzyka plemienia Nukini z Amazonii","og_description":"Muzyka plemienia Nukini z Amazonii: muzyka, mistrzowskie ro\u015bliny i duchowo\u015b\u0107 stanowi\u0105 cz\u0119\u015b\u0107 ich codziennego \u017cycia.","og_url":"https:\/\/www.sinchisinchi.com\/pl\/plemiona\/rape-nukini\/muzyka\/","og_site_name":"SINCHI RAP\u00c9","article_publisher":"https:\/\/www.facebook.com\/sinchirape\/","article_modified_time":"2026-03-04T15:19:09+00:00","twitter_card":"summary_large_image","twitter_misc":{"Szacowany czas czytania":"1 minuta"},"schema":{"@context":"https:\/\/schema.org","@graph":[{"@type":"WebPage","@id":"https:\/\/www.sinchisinchi.com\/pl\/plemiona\/rape-nukini\/muzyka\/","url":"https:\/\/www.sinchisinchi.com\/pl\/plemiona\/rape-nukini\/muzyka\/","name":"Muzyka plemienia Nukini z Amazonii","isPartOf":{"@id":"https:\/\/www.sinchisinchi.com\/pl\/#website"},"datePublished":"2025-04-22T12:00:35+00:00","dateModified":"2026-03-04T15:19:09+00:00","description":"Muzyka plemienia Nukini z Amazonii: muzyka, mistrzowskie ro\u015bliny i duchowo\u015b\u0107 stanowi\u0105 cz\u0119\u015b\u0107 ich codziennego \u017cycia.","breadcrumb":{"@id":"https:\/\/www.sinchisinchi.com\/pl\/plemiona\/rape-nukini\/muzyka\/#breadcrumb"},"inLanguage":"pl-PL","potentialAction":[{"@type":"ReadAction","target":["https:\/\/www.sinchisinchi.com\/pl\/plemiona\/rape-nukini\/muzyka\/"]}]},{"@type":"BreadcrumbList","@id":"https:\/\/www.sinchisinchi.com\/pl\/plemiona\/rape-nukini\/muzyka\/#breadcrumb","itemListElement":[{"@type":"ListItem","position":1,"name":"Pierwsza strona","item":"https:\/\/www.sinchisinchi.com\/pl\/"},{"@type":"ListItem","position":2,"name":"Plemiona Amazonii","item":"https:\/\/www.sinchisinchi.com\/pl\/plemiona\/"},{"@type":"ListItem","position":3,"name":"Rap\u00e9 Nukini","item":"https:\/\/www.sinchisinchi.com\/pl\/plemiona\/rape-nukini\/"},{"@type":"ListItem","position":4,"name":"Muzyka"}]},{"@type":"WebSite","@id":"https:\/\/www.sinchisinchi.com\/pl\/#website","url":"https:\/\/www.sinchisinchi.com\/pl\/","name":"SINCHI","description":"Sinchi Medicine","publisher":{"@id":"https:\/\/www.sinchisinchi.com\/pl\/#organization"},"potentialAction":[{"@type":"SearchAction","target":{"@type":"EntryPoint","urlTemplate":"https:\/\/www.sinchisinchi.com\/pl\/?s={search_term_string}"},"query-input":{"@type":"PropertyValueSpecification","valueRequired":true,"valueName":"search_term_string"}}],"inLanguage":"pl-PL"},{"@type":"Organization","@id":"https:\/\/www.sinchisinchi.com\/pl\/#organization","name":"SINCHI S.L","url":"https:\/\/www.sinchisinchi.com\/pl\/","logo":{"@type":"ImageObject","inLanguage":"pl-PL","@id":"https:\/\/www.sinchisinchi.com\/pl\/#\/schema\/logo\/image\/","url":"https:\/\/www.sinchisinchi.com\/wp-content\/uploads\/2026\/01\/3b-Verde-SIMPLIFICADO-HORIZONTAL-F-TRANSPARENTE-scaled.png","contentUrl":"https:\/\/www.sinchisinchi.com\/wp-content\/uploads\/2026\/01\/3b-Verde-SIMPLIFICADO-HORIZONTAL-F-TRANSPARENTE-scaled.png","width":2560,"height":457,"caption":"SINCHI S.L"},"image":{"@id":"https:\/\/www.sinchisinchi.com\/pl\/#\/schema\/logo\/image\/"},"sameAs":["https:\/\/www.facebook.com\/sinchirape\/","https:\/\/www.instagram.com\/sinchi_rape\/"]}]}},"_links":{"self":[{"href":"https:\/\/www.sinchisinchi.com\/pl\/wp-json\/wp\/v2\/pages\/26954","targetHints":{"allow":["GET"]}}],"collection":[{"href":"https:\/\/www.sinchisinchi.com\/pl\/wp-json\/wp\/v2\/pages"}],"about":[{"href":"https:\/\/www.sinchisinchi.com\/pl\/wp-json\/wp\/v2\/types\/page"}],"author":[{"embeddable":true,"href":"https:\/\/www.sinchisinchi.com\/pl\/wp-json\/wp\/v2\/users\/1"}],"replies":[{"embeddable":true,"href":"https:\/\/www.sinchisinchi.com\/pl\/wp-json\/wp\/v2\/comments?post=26954"}],"version-history":[{"count":2,"href":"https:\/\/www.sinchisinchi.com\/pl\/wp-json\/wp\/v2\/pages\/26954\/revisions"}],"predecessor-version":[{"id":30153,"href":"https:\/\/www.sinchisinchi.com\/pl\/wp-json\/wp\/v2\/pages\/26954\/revisions\/30153"}],"up":[{"embeddable":true,"href":"https:\/\/www.sinchisinchi.com\/pl\/wp-json\/wp\/v2\/pages\/10604"}],"wp:attachment":[{"href":"https:\/\/www.sinchisinchi.com\/pl\/wp-json\/wp\/v2\/media?parent=26954"}],"curies":[{"name":"wp","href":"https:\/\/api.w.org\/{rel}","templated":true}]}}