{"id":10020,"date":"2023-10-19T20:23:28","date_gmt":"2023-10-19T20:23:28","guid":{"rendered":"https:\/\/www.sinchisinchi.com\/producto\/katukina-cactus\/"},"modified":"2026-02-12T13:13:55","modified_gmt":"2026-02-12T13:13:55","slug":"katukina-cactus","status":"publish","type":"product","link":"https:\/\/www.sinchisinchi.com\/pl\/producto\/katukina-cactus\/","title":{"rendered":"Kaktus"},"content":{"rendered":"<a href=\"https:\/\/www.sinchisinchi.com\/pl\/producto\/50g-cactus\/\" target=\"_blank\" class=\"button secondary is-larger lowercase expand\" rel=\"noopener\" style=\"border-radius:10px;\">\n\t\t<span>\u015aredni Rozmiar: 50g<\/span>\n\t<\/a>\n\n<a href=\"https:\/\/www.sinchisinchi.com\/pl\/producto\/cactus-100g\/\" target=\"_blank\" class=\"button secondary is-larger lowercase expand\" rel=\"noopener\" style=\"border-radius:10px;\">\n\t\t<span>Du\u017cy Rozmiar: 100g<\/span>\n\t<\/a>\n\n\t<div id=\"gap-499257758\" class=\"gap-element clearfix\" style=\"display:block; height:auto;\">\n\t\t\n<style>\n#gap-499257758 {\n  padding-top: 30px;\n}\n<\/style>\n\t<\/div>\n\t\n\n  <div class=\"banner has-hover\" id=\"banner-895197144\">\n          <div class=\"banner-inner fill\">\n        <div class=\"banner-bg fill\" >\n            <img loading=\"lazy\" decoding=\"async\" width=\"878\" height=\"1024\" src=\"https:\/\/www.sinchisinchi.com\/wp-content\/uploads\/2024\/11\/1-4-Katukina-Tribu-Noke-Koi-878x1024.png\" class=\"bg attachment-large size-large\" alt=\"\" \/>                        <div class=\"overlay\"><\/div>            \n                    <\/div>\n\t\t\n        <div class=\"banner-layers container\">\n            <div class=\"fill banner-link\"><\/div>            \n   <div id=\"text-box-965172085\" class=\"text-box banner-layer x5 md-x5 lg-x5 y50 md-y50 lg-y50 res-text\">\n                                <div class=\"text-box-content text box-shadow-3\">\n              \n              <div class=\"text-inner text-left\">\n                  \n<h2><strong><span style=\"color: #000000;\">PLEMI\u0118<\/span><\/strong><\/h2>\n<h3><span style=\"color: #000000;\">Katukina \u2013 Noke Koi<\/span><\/h3>\n<p><span style=\"color: #000000;\">Katukina nale\u017c\u0105 do rodziny j\u0119zykowej \u201ePano\u201d, rodziny, kt\u00f3r\u0105 dziel\u0105 z innymi grupami etnicznymi, takimi jak Huni Kuin czy Yawanaw\u00e1s. Wol\u0105 nazywa\u0107 siebie Noke Koi: \u201ePrawdziwymi lud\u017ami\u201d.<\/span><\/p>\n<a href=\"https:\/\/www.sinchisinchi.com\/pl\/plemiona\/rape-katukina-noke-koi\/\" target=\"_blank\" class=\"button primary is-underline is-larger expand\" rel=\"noopener\" >\n\t\t<span>Plemi\u0119<\/span>\n\t<\/a>\n\n              <\/div>\n           <\/div>\n                            \n<style>\n#text-box-965172085 .text-box-content {\n  background-color: rgb(255, 255, 255);\n  font-size: 100%;\n}\n#text-box-965172085 .text-inner {\n  padding: 30px 30px 30px 30px;\n}\n#text-box-965172085 {\n  width: 60%;\n}\n@media (min-width:550px) {\n  #text-box-965172085 {\n    width: 40%;\n  }\n}\n<\/style>\n    <\/div>\n \n        <\/div>\n      <\/div>\n\n              <div class=\"height-fix is-invisible\"><img loading=\"lazy\" decoding=\"async\" width=\"878\" height=\"1024\" src=\"https:\/\/www.sinchisinchi.com\/wp-content\/uploads\/2024\/11\/1-4-Katukina-Tribu-Noke-Koi-878x1024.png\" class=\"attachment-large size-large\" alt=\"\" srcset=\"https:\/\/www.sinchisinchi.com\/wp-content\/uploads\/2024\/11\/1-4-Katukina-Tribu-Noke-Koi-878x1024.png 878w, https:\/\/www.sinchisinchi.com\/wp-content\/uploads\/2024\/11\/1-4-Katukina-Tribu-Noke-Koi-514x600.png 514w, https:\/\/www.sinchisinchi.com\/wp-content\/uploads\/2024\/11\/1-4-Katukina-Tribu-Noke-Koi-768x896.png 768w, https:\/\/www.sinchisinchi.com\/wp-content\/uploads\/2024\/11\/1-4-Katukina-Tribu-Noke-Koi-1317x1536.png 1317w, https:\/\/www.sinchisinchi.com\/wp-content\/uploads\/2024\/11\/1-4-Katukina-Tribu-Noke-Koi-247x288.png 247w, https:\/\/www.sinchisinchi.com\/wp-content\/uploads\/2024\/11\/1-4-Katukina-Tribu-Noke-Koi-510x595.png 510w, https:\/\/www.sinchisinchi.com\/wp-content\/uploads\/2024\/11\/1-4-Katukina-Tribu-Noke-Koi.png 1400w\" sizes=\"auto, (max-width: 878px) 100vw, 878px\" \/><\/div>\n            \n<style>\n#banner-895197144 .overlay {\n  background-color: rgba(190, 190, 190, 0.2);\n}\n#banner-895197144 {\n  background-color: rgb(255, 255, 255);\n}\n<\/style>\n  <\/div>\n\n\n\t<div id=\"gap-81003213\" class=\"gap-element clearfix\" style=\"display:block; height:auto;\">\n\t\t\n<style>\n#gap-81003213 {\n  padding-top: 50px;\n}\n<\/style>\n\t<\/div>\n\t\n<h2 style=\"text-align: center;\"><span style=\"color: #000000;\">Sk\u0142adniki odmiany:<\/span><\/h2>\n<p style=\"text-align: center;\"><span style=\"color: #000000;\"><strong>Kaktusowa Pani Nocy<\/strong><\/span><\/p>\n<p><span style=\"color: #000000;\"><strong>Pani Nocy (Selenicereus grandiflorus)<\/strong> to bardzo pi\u0119kny, enigmatyczny i egzotyczny gatunek kaktusa.<\/span><\/p>\n<p><span style=\"color: #000000;\">Jej kwiaty maj\u0105 wyj\u0105tkowy aromat, a gdy zakwitn\u0105, utrzymuj\u0105 si\u0119 tylko przez jedn\u0105 noc. Gdy zapada wiecz\u00f3r, kwiat Pani Nocy powoli otwiera swoje p\u0142atki w kierunku ksi\u0119\u017cyca, a gdy \u015bwit zaczyna o\u015bwietla\u0107 niebo i pojawiaj\u0105 si\u0119 pierwsze promienie s\u0142o\u0144ca, kwiaty wi\u0119dn\u0105 i opadaj\u0105.<\/span><\/p>\n<p><span style=\"color: #000000;\">Pani Nocy ma wa\u017cne w\u0142a\u015bciwo\u015bci zdrowotne i jest wykorzystywana na wiele sposob\u00f3w przez rodzime plemiona.<\/span><\/p>\n<p><span style=\"color: #000000;\">Wiadomo, \u017ce kaktus Pani Nocy stymuluje kr\u0105\u017cenie krwi w m\u00f3zgu, wzmacniaj\u0105c i poprawiaj\u0105c funkcjonowanie neuroprzeka\u017anik\u00f3w.<\/span><\/p>\n<p><span style=\"color: #000000;\">Wiadomo r\u00f3wnie\u017c, \u017ce pomaga w chorobach serca, a tak\u017ce jest skuteczny w leczeniu b\u00f3l\u00f3w g\u0142owy, b\u00f3l\u00f3w reumatycznych, problem\u00f3w z oddychaniem, wysypek sk\u00f3rnych i cukrzycy.<\/span><\/p>\n<p>&nbsp;<\/p>\n<p style=\"text-align: center;\"><span style=\"color: #000000;\"><strong>Drzewo Murici<\/strong><\/span><\/p>\n<p><span style=\"color: #000000;\"><strong>Murici (Byrsonima crassifolia)<\/strong> to drzewo o bardzo ciekawych i r\u00f3\u017cnorodnych w\u0142a\u015bciwo\u015bciach leczniczych, a tak\u017ce o pysznych owocach. Sadzi si\u0119 j\u0105 w celu ponownego zasiedlenia ja\u0142owych lub spalonych gleb; To drzewo, kt\u00f3re budzi \u017cycie, o\u017cywiaj\u0105c to, co wydawa\u0142o si\u0119 martwe.<\/span><\/p>\n<p><span style=\"color: #000000;\">Kora drzewa Murici ma dzia\u0142anie przeciwzapalne, przeciwgor\u0105czkowe i przeczyszczaj\u0105ce; stosowany w leczeniu czerwonki, kaszlu i uk\u0105sze\u0144 w\u0119\u017cy (jako antidotum); Pomaga przy menstruacji i problemach pochwy.<\/span><\/p>\n<p><span style=\"color: #000000;\">Stosowana miejscowo kora jest stosowana w leczeniu ran, infekcji sk\u00f3ry i wrzod\u00f3w. Jego naparzone li\u015bcie s\u0105 stosowane w leczeniu niskiego ci\u015bnienia krwi.<\/span><\/p>\n","protected":false},"excerpt":{"rendered":"<p>Kaktus Rap\u00e9 katukina wytwarzany jest z jesionu Murici, Mapacho, Sabi\u00e1 i r\u00f3\u017cnych kaktus\u00f3w zwanych Dama da Noite (Pani Nocy, zwana tak, poniewa\u017c kwitnie noc\u0105).<\/p>\n<p>Katukina Cactus to niezwyk\u0142a i zaskakuj\u0105ca odmiana Rap\u00e9, niezwykle aromatyczna, o r\u00f3\u017cnorodnym dzia\u0142aniu dzi\u0119ki unikalnemu sk\u0142adowi.<\/p>\n<p>Pani Nocy dzia\u0142a na czakr\u0119 korony i stymuluje po\u0142\u0105czenie z wy\u017cszymi p\u0142aszczyznami, wzmacniaj\u0105c intuicj\u0119 i zrozumienie.<\/p>\n<p>Z kolei popio\u0142y Murici prowadz\u0105 do uziemienia, harmonizacji i zr\u00f3wnowa\u017cenia czakry podstawy.<\/p>\n<p>Rap\u00e9 Cactus przywraca po\u0142\u0105czenie meridianu energii, kt\u00f3ry przechodzi przez wszystkie czakry, od podstawy do korony, usuwaj\u0105c blokady.<\/p>\n<p>Pomaga zharmonizowa\u0107 i zintegrowa\u0107 to, co zewn\u0119trzne z tym, co wewn\u0119trzne. Odmiana ta silnie pobudza gojenie, pomaga uwolni\u0107 star\u0105 energi\u0119 i oczy\u015bci\u0107 j\u0105 na przyj\u0119cie nowej.<\/p>\n<p>Katukinie polecaj\u0105 rozpoczyna\u0107 swoj\u0105 przygod\u0119 z t\u0105 odmian\u0105 od ma\u0142ych ilo\u015bci i nie u\u017cywa\u0107 jej zbyt cz\u0119sto. Rap\u00e9 Cactus najlepiej stosowa\u0107 po zmroku; Podobnie jak sama Pani Nocy, w\u0142a\u015bnie wtedy oferuje sw\u00f3j pe\u0142ny potencja\u0142.<\/p>\n","protected":false},"featured_media":11784,"template":"","meta":{"_joinchat":[]},"product_brand":[],"product_cat":[211],"product_tag":[],"class_list":{"0":"post-10020","1":"product","2":"type-product","3":"status-publish","4":"has-post-thumbnail","6":"product_cat-katukina-pl","8":"first","9":"instock","10":"taxable","11":"shipping-taxable","12":"purchasable","13":"product-type-simple"},"yoast_head":"<!-- This site is optimized with the Yoast SEO plugin v27.4 - https:\/\/yoast.com\/product\/yoast-seo-wordpress\/ -->\n<title>SINCHI: Kaktus Rap\u00e9 z amazo\u0144skiego plemienia Katukina<\/title>\n<meta name=\"description\" content=\"Katukina Cactus to niezwyk\u0142a i zaskakuj\u0105ca odmiana Rap\u00e9, niezwykle aromatyczna, o r\u00f3\u017cnorodnym dzia\u0142aniu dzi\u0119ki unikalnemu sk\u0142adowi.\" \/>\n<meta name=\"robots\" content=\"index, follow, max-snippet:-1, max-image-preview:large, max-video-preview:-1\" \/>\n<link rel=\"canonical\" href=\"https:\/\/www.sinchisinchi.com\/pl\/producto\/katukina-cactus\/\" \/>\n<meta property=\"og:locale\" content=\"pl_PL\" \/>\n<meta property=\"og:type\" content=\"article\" \/>\n<meta property=\"og:title\" content=\"SINCHI: Kaktus Rap\u00e9 z amazo\u0144skiego plemienia Katukina\" \/>\n<meta property=\"og:description\" content=\"Katukina Cactus to niezwyk\u0142a i zaskakuj\u0105ca odmiana Rap\u00e9, niezwykle aromatyczna, o r\u00f3\u017cnorodnym dzia\u0142aniu dzi\u0119ki unikalnemu sk\u0142adowi.\" \/>\n<meta property=\"og:url\" content=\"https:\/\/www.sinchisinchi.com\/pl\/producto\/katukina-cactus\/\" \/>\n<meta property=\"og:site_name\" content=\"SINCHI RAP\u00c9\" \/>\n<meta property=\"article:publisher\" content=\"https:\/\/www.facebook.com\/sinchirape\/\" \/>\n<meta property=\"article:modified_time\" content=\"2026-02-12T13:13:55+00:00\" \/>\n<meta property=\"og:image\" content=\"https:\/\/www.sinchisinchi.com\/wp-content\/uploads\/2023\/10\/2-Cactus.jpg\" \/>\n\t<meta property=\"og:image:width\" content=\"700\" \/>\n\t<meta property=\"og:image:height\" content=\"700\" \/>\n\t<meta property=\"og:image:type\" content=\"image\/jpeg\" \/>\n<meta name=\"twitter:card\" content=\"summary_large_image\" \/>\n<meta name=\"twitter:label1\" content=\"Szacowany czas czytania\" \/>\n\t<meta name=\"twitter:data1\" content=\"2 minuty\" \/>\n<script type=\"application\/ld+json\" class=\"yoast-schema-graph\">{\"@context\":\"https:\\\/\\\/schema.org\",\"@graph\":[{\"@type\":\"WebPage\",\"@id\":\"https:\\\/\\\/www.sinchisinchi.com\\\/pl\\\/producto\\\/katukina-cactus\\\/\",\"url\":\"https:\\\/\\\/www.sinchisinchi.com\\\/pl\\\/producto\\\/katukina-cactus\\\/\",\"name\":\"SINCHI: Kaktus Rap\u00e9 z amazo\u0144skiego plemienia Katukina\",\"isPartOf\":{\"@id\":\"https:\\\/\\\/www.sinchisinchi.com\\\/pl\\\/#website\"},\"primaryImageOfPage\":{\"@id\":\"https:\\\/\\\/www.sinchisinchi.com\\\/pl\\\/producto\\\/katukina-cactus\\\/#primaryimage\"},\"image\":{\"@id\":\"https:\\\/\\\/www.sinchisinchi.com\\\/pl\\\/producto\\\/katukina-cactus\\\/#primaryimage\"},\"thumbnailUrl\":\"https:\\\/\\\/www.sinchisinchi.com\\\/wp-content\\\/uploads\\\/2023\\\/10\\\/2-Cactus.jpg\",\"datePublished\":\"2023-10-19T20:23:28+00:00\",\"dateModified\":\"2026-02-12T13:13:55+00:00\",\"description\":\"Katukina Cactus to niezwyk\u0142a i zaskakuj\u0105ca odmiana Rap\u00e9, niezwykle aromatyczna, o r\u00f3\u017cnorodnym dzia\u0142aniu dzi\u0119ki unikalnemu sk\u0142adowi.\",\"breadcrumb\":{\"@id\":\"https:\\\/\\\/www.sinchisinchi.com\\\/pl\\\/producto\\\/katukina-cactus\\\/#breadcrumb\"},\"inLanguage\":\"pl-PL\",\"potentialAction\":[{\"@type\":\"ReadAction\",\"target\":[\"https:\\\/\\\/www.sinchisinchi.com\\\/pl\\\/producto\\\/katukina-cactus\\\/\"]}]},{\"@type\":\"ImageObject\",\"inLanguage\":\"pl-PL\",\"@id\":\"https:\\\/\\\/www.sinchisinchi.com\\\/pl\\\/producto\\\/katukina-cactus\\\/#primaryimage\",\"url\":\"https:\\\/\\\/www.sinchisinchi.com\\\/wp-content\\\/uploads\\\/2023\\\/10\\\/2-Cactus.jpg\",\"contentUrl\":\"https:\\\/\\\/www.sinchisinchi.com\\\/wp-content\\\/uploads\\\/2023\\\/10\\\/2-Cactus.jpg\",\"width\":700,\"height\":700},{\"@type\":\"BreadcrumbList\",\"@id\":\"https:\\\/\\\/www.sinchisinchi.com\\\/pl\\\/producto\\\/katukina-cactus\\\/#breadcrumb\",\"itemListElement\":[{\"@type\":\"ListItem\",\"position\":1,\"name\":\"Pierwsza strona\",\"item\":\"https:\\\/\\\/www.sinchisinchi.com\\\/pl\\\/\"},{\"@type\":\"ListItem\",\"position\":2,\"name\":\"Produkty\",\"item\":\"https:\\\/\\\/www.sinchisinchi.com\\\/pl\\\/shop\\\/\"},{\"@type\":\"ListItem\",\"position\":3,\"name\":\"Kaktus\"}]},{\"@type\":\"WebSite\",\"@id\":\"https:\\\/\\\/www.sinchisinchi.com\\\/pl\\\/#website\",\"url\":\"https:\\\/\\\/www.sinchisinchi.com\\\/pl\\\/\",\"name\":\"SINCHI\",\"description\":\"Sinchi Medicine\",\"publisher\":{\"@id\":\"https:\\\/\\\/www.sinchisinchi.com\\\/pl\\\/#organization\"},\"potentialAction\":[{\"@type\":\"SearchAction\",\"target\":{\"@type\":\"EntryPoint\",\"urlTemplate\":\"https:\\\/\\\/www.sinchisinchi.com\\\/pl\\\/?s={search_term_string}\"},\"query-input\":{\"@type\":\"PropertyValueSpecification\",\"valueRequired\":true,\"valueName\":\"search_term_string\"}}],\"inLanguage\":\"pl-PL\"},{\"@type\":\"Organization\",\"@id\":\"https:\\\/\\\/www.sinchisinchi.com\\\/pl\\\/#organization\",\"name\":\"SINCHI S.L\",\"url\":\"https:\\\/\\\/www.sinchisinchi.com\\\/pl\\\/\",\"logo\":{\"@type\":\"ImageObject\",\"inLanguage\":\"pl-PL\",\"@id\":\"https:\\\/\\\/www.sinchisinchi.com\\\/pl\\\/#\\\/schema\\\/logo\\\/image\\\/\",\"url\":\"https:\\\/\\\/www.sinchisinchi.com\\\/wp-content\\\/uploads\\\/2026\\\/01\\\/3b-Verde-SIMPLIFICADO-HORIZONTAL-F-TRANSPARENTE-scaled.png\",\"contentUrl\":\"https:\\\/\\\/www.sinchisinchi.com\\\/wp-content\\\/uploads\\\/2026\\\/01\\\/3b-Verde-SIMPLIFICADO-HORIZONTAL-F-TRANSPARENTE-scaled.png\",\"width\":2560,\"height\":457,\"caption\":\"SINCHI S.L\"},\"image\":{\"@id\":\"https:\\\/\\\/www.sinchisinchi.com\\\/pl\\\/#\\\/schema\\\/logo\\\/image\\\/\"},\"sameAs\":[\"https:\\\/\\\/www.facebook.com\\\/sinchirape\\\/\",\"https:\\\/\\\/www.instagram.com\\\/sinchi_rape\\\/\"]}]}<\/script>\n<!-- \/ Yoast SEO plugin. -->","yoast_head_json":{"title":"SINCHI: Kaktus Rap\u00e9 z amazo\u0144skiego plemienia Katukina","description":"Katukina Cactus to niezwyk\u0142a i zaskakuj\u0105ca odmiana Rap\u00e9, niezwykle aromatyczna, o r\u00f3\u017cnorodnym dzia\u0142aniu dzi\u0119ki unikalnemu sk\u0142adowi.","robots":{"index":"index","follow":"follow","max-snippet":"max-snippet:-1","max-image-preview":"max-image-preview:large","max-video-preview":"max-video-preview:-1"},"canonical":"https:\/\/www.sinchisinchi.com\/pl\/producto\/katukina-cactus\/","og_locale":"pl_PL","og_type":"article","og_title":"SINCHI: Kaktus Rap\u00e9 z amazo\u0144skiego plemienia Katukina","og_description":"Katukina Cactus to niezwyk\u0142a i zaskakuj\u0105ca odmiana Rap\u00e9, niezwykle aromatyczna, o r\u00f3\u017cnorodnym dzia\u0142aniu dzi\u0119ki unikalnemu sk\u0142adowi.","og_url":"https:\/\/www.sinchisinchi.com\/pl\/producto\/katukina-cactus\/","og_site_name":"SINCHI RAP\u00c9","article_publisher":"https:\/\/www.facebook.com\/sinchirape\/","article_modified_time":"2026-02-12T13:13:55+00:00","og_image":[{"width":700,"height":700,"url":"https:\/\/www.sinchisinchi.com\/wp-content\/uploads\/2023\/10\/2-Cactus.jpg","type":"image\/jpeg"}],"twitter_card":"summary_large_image","twitter_misc":{"Szacowany czas czytania":"2 minuty"},"schema":{"@context":"https:\/\/schema.org","@graph":[{"@type":"WebPage","@id":"https:\/\/www.sinchisinchi.com\/pl\/producto\/katukina-cactus\/","url":"https:\/\/www.sinchisinchi.com\/pl\/producto\/katukina-cactus\/","name":"SINCHI: Kaktus Rap\u00e9 z amazo\u0144skiego plemienia Katukina","isPartOf":{"@id":"https:\/\/www.sinchisinchi.com\/pl\/#website"},"primaryImageOfPage":{"@id":"https:\/\/www.sinchisinchi.com\/pl\/producto\/katukina-cactus\/#primaryimage"},"image":{"@id":"https:\/\/www.sinchisinchi.com\/pl\/producto\/katukina-cactus\/#primaryimage"},"thumbnailUrl":"https:\/\/www.sinchisinchi.com\/wp-content\/uploads\/2023\/10\/2-Cactus.jpg","datePublished":"2023-10-19T20:23:28+00:00","dateModified":"2026-02-12T13:13:55+00:00","description":"Katukina Cactus to niezwyk\u0142a i zaskakuj\u0105ca odmiana Rap\u00e9, niezwykle aromatyczna, o r\u00f3\u017cnorodnym dzia\u0142aniu dzi\u0119ki unikalnemu sk\u0142adowi.","breadcrumb":{"@id":"https:\/\/www.sinchisinchi.com\/pl\/producto\/katukina-cactus\/#breadcrumb"},"inLanguage":"pl-PL","potentialAction":[{"@type":"ReadAction","target":["https:\/\/www.sinchisinchi.com\/pl\/producto\/katukina-cactus\/"]}]},{"@type":"ImageObject","inLanguage":"pl-PL","@id":"https:\/\/www.sinchisinchi.com\/pl\/producto\/katukina-cactus\/#primaryimage","url":"https:\/\/www.sinchisinchi.com\/wp-content\/uploads\/2023\/10\/2-Cactus.jpg","contentUrl":"https:\/\/www.sinchisinchi.com\/wp-content\/uploads\/2023\/10\/2-Cactus.jpg","width":700,"height":700},{"@type":"BreadcrumbList","@id":"https:\/\/www.sinchisinchi.com\/pl\/producto\/katukina-cactus\/#breadcrumb","itemListElement":[{"@type":"ListItem","position":1,"name":"Pierwsza strona","item":"https:\/\/www.sinchisinchi.com\/pl\/"},{"@type":"ListItem","position":2,"name":"Produkty","item":"https:\/\/www.sinchisinchi.com\/pl\/shop\/"},{"@type":"ListItem","position":3,"name":"Kaktus"}]},{"@type":"WebSite","@id":"https:\/\/www.sinchisinchi.com\/pl\/#website","url":"https:\/\/www.sinchisinchi.com\/pl\/","name":"SINCHI","description":"Sinchi Medicine","publisher":{"@id":"https:\/\/www.sinchisinchi.com\/pl\/#organization"},"potentialAction":[{"@type":"SearchAction","target":{"@type":"EntryPoint","urlTemplate":"https:\/\/www.sinchisinchi.com\/pl\/?s={search_term_string}"},"query-input":{"@type":"PropertyValueSpecification","valueRequired":true,"valueName":"search_term_string"}}],"inLanguage":"pl-PL"},{"@type":"Organization","@id":"https:\/\/www.sinchisinchi.com\/pl\/#organization","name":"SINCHI S.L","url":"https:\/\/www.sinchisinchi.com\/pl\/","logo":{"@type":"ImageObject","inLanguage":"pl-PL","@id":"https:\/\/www.sinchisinchi.com\/pl\/#\/schema\/logo\/image\/","url":"https:\/\/www.sinchisinchi.com\/wp-content\/uploads\/2026\/01\/3b-Verde-SIMPLIFICADO-HORIZONTAL-F-TRANSPARENTE-scaled.png","contentUrl":"https:\/\/www.sinchisinchi.com\/wp-content\/uploads\/2026\/01\/3b-Verde-SIMPLIFICADO-HORIZONTAL-F-TRANSPARENTE-scaled.png","width":2560,"height":457,"caption":"SINCHI S.L"},"image":{"@id":"https:\/\/www.sinchisinchi.com\/pl\/#\/schema\/logo\/image\/"},"sameAs":["https:\/\/www.facebook.com\/sinchirape\/","https:\/\/www.instagram.com\/sinchi_rape\/"]}]}},"_links":{"self":[{"href":"https:\/\/www.sinchisinchi.com\/pl\/wp-json\/wp\/v2\/product\/10020","targetHints":{"allow":["GET"]}}],"collection":[{"href":"https:\/\/www.sinchisinchi.com\/pl\/wp-json\/wp\/v2\/product"}],"about":[{"href":"https:\/\/www.sinchisinchi.com\/pl\/wp-json\/wp\/v2\/types\/product"}],"wp:featuredmedia":[{"embeddable":true,"href":"https:\/\/www.sinchisinchi.com\/pl\/wp-json\/wp\/v2\/media\/11784"}],"wp:attachment":[{"href":"https:\/\/www.sinchisinchi.com\/pl\/wp-json\/wp\/v2\/media?parent=10020"}],"wp:term":[{"taxonomy":"product_brand","embeddable":true,"href":"https:\/\/www.sinchisinchi.com\/pl\/wp-json\/wp\/v2\/product_brand?post=10020"},{"taxonomy":"product_cat","embeddable":true,"href":"https:\/\/www.sinchisinchi.com\/pl\/wp-json\/wp\/v2\/product_cat?post=10020"},{"taxonomy":"product_tag","embeddable":true,"href":"https:\/\/www.sinchisinchi.com\/pl\/wp-json\/wp\/v2\/product_tag?post=10020"}],"curies":[{"name":"wp","href":"https:\/\/api.w.org\/{rel}","templated":true}]}}