{"id":10030,"date":"2023-10-19T19:52:13","date_gmt":"2023-10-19T19:52:13","guid":{"rendered":"https:\/\/www.sinchisinchi.com\/producto\/rape-jurema\/"},"modified":"2024-11-25T01:48:25","modified_gmt":"2024-11-25T01:48:25","slug":"rape-jurema","status":"publish","type":"product","link":"https:\/\/www.sinchisinchi.com\/pl\/producto\/rape-jurema\/","title":{"rendered":"Rap\u00e9 Jurema"},"content":{"rendered":"<h2 style=\"text-align: center;\"><strong><span style=\"color: #000000;\">Drzewo Jurema<\/span><\/strong><\/h2>\n<p>&nbsp;<\/p>\n<h3 style=\"text-align: center;\"><strong><span style=\"color: #000000;\">Taksonomia<\/span><\/strong><\/h3>\n<p><span style=\"color: #000000;\">Znana w Meksyku jako tepezcohuite, jest to ta sama ro\u015blina, kt\u00f3ra w Brazylii znana jest jako Jurema (Mimosa hostilis).<\/span><\/p>\n<p><span style=\"color: #000000;\">Inne popularne nazwy to: Jurema preta, jurema negra, ajuc\u00e1, espineiro (Brazylia); tepescohuite (Meksyk), cabrero, w\u0119giel drzewny, w\u0119giel.<\/span><\/p>\n<p><span style=\"color: #000000;\">Jest to gatunek li\u015bciasty, kt\u00f3ry kwitnie i owocuje w stosunkowo suchej porze roku, kiedy nie ma li\u015bci.<\/span><\/p>\n<p><span style=\"color: #000000;\">Jest to bardzo liczny ciernisty zaro\u015bla wyst\u0119puj\u0105cy w Meksyku (Baja California, Oaxaca i wybrze\u017ce Chiapas), Ameryce \u015arodkowej, na r\u00f3wninach Wenezueli oraz na suchych r\u00f3wninach wschodniej Brazylii: Pernambuco, Minas Gerais i Bahia, gdzie inne nazywane s\u0105 tak\u017ce \u201e jurema.\u201d Gatunki mimozy, takie jak jurema bia\u0142a (Mimosa verrucosa).<\/span><\/p>\n<p><span style=\"color: #000000;\">W Meksyku nazywa si\u0119 je r\u00f3wnie\u017c drzewem sk\u00f3ry, poniewa\u017c jego kora ma wa\u017cne w\u0142a\u015bciwo\u015bci przeciwbakteryjne, przeciwb\u00f3lowe i regeneruj\u0105ce kom\u00f3rki.<\/span><\/p>\n<p><span style=\"color: #000000;\">Mimosa hostilis ma bia\u0142e kwiaty, a Mimosa verrucosa kwiaty s\u0105 r\u00f3\u017cowe. Mimosa hostilis nigdy nie ma \u017c\u00f3\u0142tych ani r\u00f3\u017cowych kwiat\u00f3w.<\/span><\/p>\n<p>&nbsp;<\/p>\n<h3 style=\"text-align: center;\"><strong><span style=\"color: #000000;\">Historia<\/span><\/strong><\/h3>\n<p><span style=\"color: #000000;\">Niedawno odkryto, \u017ce mimoza tenuiflora meksyka\u0144ska, opisana botanicznie w 1810 r., to ten sam gatunek, co mimoza hostilis brazylijska.<\/span><\/p>\n<p><span style=\"color: #000000;\">Majowie w Meksyku w czasach przedhiszpa\u0144skich nazywali go \u201eTepezcohuite\u201d. Wed\u0142ug Cabrera&#8217;s Dictionary of Aztecisms (1975) s\u0142owo Tepezcohuite pochodzi od s\u0142\u00f3w nahuatl tepetl (wzg\u00f3rze) i cuahuitl (drzewo), co oznacza \u201edrzewo na wzg\u00f3rzu\u201d.<\/span><\/p>\n<p><span style=\"color: #000000;\">Nazwa \u201edrzewo sk\u00f3ry\u201d sta\u0142a si\u0119 popularna tak\u017ce w Meksyku, kt\u00f3ra wed\u0142ug Genisa (1987) pochodzi od s\u0142owa tepexohuitztli w j\u0119zyku nahuatl.<\/span><\/p>\n<p><span style=\"color: #000000;\">Ponadto nazywa si\u0119 je tepuscuahuitl, co oznacza \u201e\u017celazne lub metalowe drzewo\u201d, co nawi\u0105zuje do twardo\u015bci jego drewna.<\/span><\/p>\n<p><span style=\"color: #000000;\">Kora korzenia zawiera od 0,25% do 4,5% DMT (N,N-dimetylotryptaminy) w stosunku do suchej masy kory korzenia.<\/span><\/p>\n<p><span style=\"color: #000000;\">Kora pnia sprzedawana jest na rynkach Meksyku ze wzgl\u0119du na jej zastosowanie w medycynie popularnej. Z drugiej strony rdzenni mieszka\u0144cy Brazylii, kt\u00f3rzy wytwarzaj\u0105 \u201evinho da jurema\u201d, u\u017cywaj\u0105 wy\u0142\u0105cznie kory korzenia.<\/span><\/p>\n<p><span style=\"color: #000000;\">Skuteczno\u015b\u0107 tepezcohuitu mo\u017cna sprawdzi\u0107 na podstawie dw\u00f3ch tragicznych wydarze\u0144, kt\u00f3re mia\u0142y miejsce w Meksyku w latach osiemdziesi\u0105tych i kt\u00f3re mia\u0142y ogromny wp\u0142yw na populacj\u0119.<\/span><\/p>\n<p><span style=\"color: #000000;\">W listopadzie 1984 roku opatrzono nim setki rannych os\u00f3b, kt\u00f3re dozna\u0142y powa\u017cnych oparze\u0144 sk\u00f3ry spowodowanych niefortunnym wybuchem gazu.<\/span><\/p>\n<p><span style=\"color: #000000;\">Po drugie, w 1985 roku zacz\u0119to go leczy\u0107 rany ofiar trz\u0119sienia ziemi.<\/span><\/p>\n<p><span style=\"color: #000000;\">W obu przypadkach zastosowano go masowo z bardzo zadowalaj\u0105cym skutkiem w odbudowie nask\u00f3rka, a tak\u017ce w repigmentacji.<\/span><\/p>\n<p>&nbsp;<\/p>\n<h3 style=\"text-align: center;\"><strong><span style=\"color: #000000;\">Majowie<\/span><\/strong><\/h3>\n<p><span style=\"color: #000000;\">Uwa\u017cana za \u015bwi\u0119te drzewo, Jurema by\u0142a u\u017cywana przez Maj\u00f3w jako lek na choroby sk\u00f3ry, jako \u015brodek regeneruj\u0105cy kom\u00f3rki i do leczenia uraz\u00f3w; Powszechnie nazywano je \u201edrzewem, kt\u00f3rego skorupa zamieni\u0142a si\u0119 w proszek lecz\u0105cy rany\u201d.<\/span><\/p>\n<p><span style=\"color: #000000;\">U\u017cywali tepezcohuitu, nak\u0142adaj\u0105c proszek z jego kory na rany, a zw\u0142aszcza oparzenia, aby z\u0142agodzi\u0107 b\u00f3l i znacznie przyspieszy\u0107 ich gojenie, a nawet zapobiec pojawianiu si\u0119 blizn.<\/span><\/p>\n<p>&nbsp;<\/p>\n<h3 style=\"text-align: center;\"><strong><span style=\"color: #000000;\">Nap\u00f3j Jurema<\/span><\/strong><\/h3>\n<p><span style=\"color: #000000;\">Jurema to krzew szeroko stosowany jako analog ayahuaski, z kt\u00f3rego korzenia otrzymuje si\u0119 \u201enap\u00f3j jurema\u201d lub \u201evinho da jurema\u201d, u\u017cywany w rytua\u0142ach i ceremoniach.<\/span><\/p>\n<p><span style=\"color: #000000;\">Jego przygotowanie polega na og\u00f3\u0142 na maceracji lub zaparzeniu li\u015bci wod\u0105 lub alkoholem.<\/span><\/p>\n<p><span style=\"color: #000000;\">Jonathan Ott zweryfikowa\u0142 w 1998 roku, \u017ce po dwudziestu minutach picia wina Jurema przez oko\u0142o dwie godziny odczuwalny jest wizjonerski efekt typu DMT. Wiadomo jednak, \u017ce dimetylotryptamina (D.M.T.) po podaniu doustnym jest nieaktywna.<\/span><\/p>\n<p><span style=\"color: #000000;\">Brakuje w nim r\u00f3wnie\u017c substancji hamuj\u0105cych ludzki enzym monoaminooksydazy (IMAO). Z tych wszystkich powod\u00f3w zak\u0142ada si\u0119, \u017ce jurema musi zawiera\u0107 jaki\u015b rodzaj tryptaminy aktywnej po podaniu doustnym, kt\u00f3ry jeszcze nie zosta\u0142 odkryty.<\/span><\/p>\n<p>&nbsp;<\/p>\n<h3 style=\"text-align: center;\"><strong><span style=\"color: #000000;\">Nap\u00f3j Juremahusca<\/span><\/strong><\/h3>\n<p><span style=\"color: #000000;\">W latach 90. badacze specjalizuj\u0105cy si\u0119 w eksperymentach psychoaktywnych stworzyli Juremahusca, nap\u00f3j analogiczny do Ayahuaski, sk\u0142adaj\u0105cy si\u0119 z mieszanki nasion Jurema i nasion ruty syryjskiej (Peganum harmala), pochodz\u0105cej z Afryki P\u00f3\u0142nocnej.<\/span><\/p>\n<p><span style=\"color: #000000;\">Kora korzenia juremy zawiera zwykle od 0,5 do 1% DMT, podczas gdy li\u015bcie czakruny (Psychotria viridis) zawieraj\u0105 od 0 do \u015brednio 0,20% DMT.<\/span><\/p>\n<p><span style=\"color: #000000;\">W niekt\u00f3rych korach korzeni Mimosa hostilis mexicana stwierdzono znacznie wy\u017csz\u0105 zawarto\u015b\u0107 DMT, od 1% do 11% (Ott 2001). Kora pnia zawiera znacznie ni\u017csze poziomy DMT, podobnie jak li\u015bcie.<\/span><\/p>\n<p><span style=\"color: #000000;\">Nale\u017cy zachowa\u0107 ostro\u017cno\u015b\u0107 zar\u00f3wno w przypadku li\u015bci, jak i pnia, poniewa\u017c mog\u0105 zawiera\u0107 mimozyn\u0119, truj\u0105c\u0105 substancj\u0119.<\/span><\/p>\n","protected":false},"excerpt":{"rendered":"<p><span style=\"color: #000000;\">Rap\u00e9 Jurema zawiera mieszank\u0119 <strong>Mapacho de Sabia i Mapacho de Arapirca, popi\u00f3\u0142 Tsunu i Jurema Preta.<\/strong><\/span><\/p>\n<p><span style=\"color: #000000;\"><strong>Jurema Preta lub Mimosa Hostilis<\/strong> to ro\u015blina u\u017cywana podczas tubylczych ceremonii w p\u00f3\u0142nocno-wschodniej Brazylii. Ro\u015bnie w p\u00f3\u0142nocno-wschodnim ekosystemie sawanny i nale\u017cy do rodziny akacji. To prawdziwy spektakl z pi\u0119knymi kwiatami, kt\u00f3re trzepocz\u0105 na wietrze jak bia\u0142e pi\u00f3ropusze.<\/span><\/p>\n<p><span style=\"color: #000000;\">Jest r\u00f3wnie\u017c stosowany ze wzgl\u0119du na swoje w\u0142a\u015bciwo\u015bci regeneruj\u0105ce kom\u00f3rki, bakteriostatyczne, antyseptyczne, przeciwb\u00f3lowe, lecznicze i regeneruj\u0105ce.<\/span><\/p>\n","protected":false},"featured_media":11758,"template":"","meta":{"_joinchat":[]},"product_brand":[],"product_cat":[216],"product_tag":[],"class_list":{"0":"post-10030","1":"product","2":"type-product","3":"status-publish","4":"has-post-thumbnail","6":"product_cat-boa-pl","8":"first","9":"instock","10":"taxable","11":"shipping-taxable","12":"purchasable","13":"product-type-simple"},"yoast_head":"<!-- This site is optimized with the Yoast SEO plugin v27.4 - https:\/\/yoast.com\/product\/yoast-seo-wordpress\/ -->\n<title>SINCHI: Amazon Rap\u00e9 com Jurema<\/title>\n<meta name=\"description\" content=\"Rap\u00e9 Jurema zawiera mieszank\u0119 mapacho Sabia i Arapirca, popio\u0142\u00f3w Tsunu i Jurema Preta, u\u017cywanych podczas rdzennych ceremonii w Brazylii.\" \/>\n<meta name=\"robots\" content=\"index, follow, max-snippet:-1, max-image-preview:large, max-video-preview:-1\" \/>\n<link rel=\"canonical\" href=\"https:\/\/www.sinchisinchi.com\/pl\/producto\/rape-jurema\/\" \/>\n<meta property=\"og:locale\" content=\"pl_PL\" \/>\n<meta property=\"og:type\" content=\"article\" \/>\n<meta property=\"og:title\" content=\"SINCHI: Amazon Rap\u00e9 com Jurema\" \/>\n<meta property=\"og:description\" content=\"Rap\u00e9 Jurema zawiera mieszank\u0119 mapacho Sabia i Arapirca, popio\u0142\u00f3w Tsunu i Jurema Preta, u\u017cywanych podczas rdzennych ceremonii w Brazylii.\" \/>\n<meta property=\"og:url\" content=\"https:\/\/www.sinchisinchi.com\/pl\/producto\/rape-jurema\/\" \/>\n<meta property=\"og:site_name\" content=\"SINCHI RAP\u00c9\" \/>\n<meta property=\"article:publisher\" content=\"https:\/\/www.facebook.com\/sinchirape\/\" \/>\n<meta property=\"article:modified_time\" content=\"2024-11-25T01:48:25+00:00\" \/>\n<meta property=\"og:image\" content=\"https:\/\/www.sinchisinchi.com\/wp-content\/uploads\/2023\/10\/22-Jurema.jpg\" \/>\n\t<meta property=\"og:image:width\" content=\"700\" \/>\n\t<meta property=\"og:image:height\" content=\"700\" \/>\n\t<meta property=\"og:image:type\" content=\"image\/jpeg\" \/>\n<meta name=\"twitter:card\" content=\"summary_large_image\" \/>\n<meta name=\"twitter:label1\" content=\"Szacowany czas czytania\" \/>\n\t<meta name=\"twitter:data1\" content=\"4 minuty\" \/>\n<script type=\"application\/ld+json\" class=\"yoast-schema-graph\">{\"@context\":\"https:\\\/\\\/schema.org\",\"@graph\":[{\"@type\":\"WebPage\",\"@id\":\"https:\\\/\\\/www.sinchisinchi.com\\\/pl\\\/producto\\\/rape-jurema\\\/\",\"url\":\"https:\\\/\\\/www.sinchisinchi.com\\\/pl\\\/producto\\\/rape-jurema\\\/\",\"name\":\"SINCHI: Amazon Rap\u00e9 com Jurema\",\"isPartOf\":{\"@id\":\"https:\\\/\\\/www.sinchisinchi.com\\\/pl\\\/#website\"},\"primaryImageOfPage\":{\"@id\":\"https:\\\/\\\/www.sinchisinchi.com\\\/pl\\\/producto\\\/rape-jurema\\\/#primaryimage\"},\"image\":{\"@id\":\"https:\\\/\\\/www.sinchisinchi.com\\\/pl\\\/producto\\\/rape-jurema\\\/#primaryimage\"},\"thumbnailUrl\":\"https:\\\/\\\/www.sinchisinchi.com\\\/wp-content\\\/uploads\\\/2023\\\/10\\\/22-Jurema.jpg\",\"datePublished\":\"2023-10-19T19:52:13+00:00\",\"dateModified\":\"2024-11-25T01:48:25+00:00\",\"description\":\"Rap\u00e9 Jurema zawiera mieszank\u0119 mapacho Sabia i Arapirca, popio\u0142\u00f3w Tsunu i Jurema Preta, u\u017cywanych podczas rdzennych ceremonii w Brazylii.\",\"breadcrumb\":{\"@id\":\"https:\\\/\\\/www.sinchisinchi.com\\\/pl\\\/producto\\\/rape-jurema\\\/#breadcrumb\"},\"inLanguage\":\"pl-PL\",\"potentialAction\":[{\"@type\":\"ReadAction\",\"target\":[\"https:\\\/\\\/www.sinchisinchi.com\\\/pl\\\/producto\\\/rape-jurema\\\/\"]}]},{\"@type\":\"ImageObject\",\"inLanguage\":\"pl-PL\",\"@id\":\"https:\\\/\\\/www.sinchisinchi.com\\\/pl\\\/producto\\\/rape-jurema\\\/#primaryimage\",\"url\":\"https:\\\/\\\/www.sinchisinchi.com\\\/wp-content\\\/uploads\\\/2023\\\/10\\\/22-Jurema.jpg\",\"contentUrl\":\"https:\\\/\\\/www.sinchisinchi.com\\\/wp-content\\\/uploads\\\/2023\\\/10\\\/22-Jurema.jpg\",\"width\":700,\"height\":700},{\"@type\":\"BreadcrumbList\",\"@id\":\"https:\\\/\\\/www.sinchisinchi.com\\\/pl\\\/producto\\\/rape-jurema\\\/#breadcrumb\",\"itemListElement\":[{\"@type\":\"ListItem\",\"position\":1,\"name\":\"Pierwsza strona\",\"item\":\"https:\\\/\\\/www.sinchisinchi.com\\\/pl\\\/\"},{\"@type\":\"ListItem\",\"position\":2,\"name\":\"Produkty\",\"item\":\"https:\\\/\\\/www.sinchisinchi.com\\\/pl\\\/shop\\\/\"},{\"@type\":\"ListItem\",\"position\":3,\"name\":\"Rap\u00e9 Jurema\"}]},{\"@type\":\"WebSite\",\"@id\":\"https:\\\/\\\/www.sinchisinchi.com\\\/pl\\\/#website\",\"url\":\"https:\\\/\\\/www.sinchisinchi.com\\\/pl\\\/\",\"name\":\"SINCHI\",\"description\":\"Sinchi Medicine\",\"publisher\":{\"@id\":\"https:\\\/\\\/www.sinchisinchi.com\\\/pl\\\/#organization\"},\"potentialAction\":[{\"@type\":\"SearchAction\",\"target\":{\"@type\":\"EntryPoint\",\"urlTemplate\":\"https:\\\/\\\/www.sinchisinchi.com\\\/pl\\\/?s={search_term_string}\"},\"query-input\":{\"@type\":\"PropertyValueSpecification\",\"valueRequired\":true,\"valueName\":\"search_term_string\"}}],\"inLanguage\":\"pl-PL\"},{\"@type\":\"Organization\",\"@id\":\"https:\\\/\\\/www.sinchisinchi.com\\\/pl\\\/#organization\",\"name\":\"SINCHI S.L\",\"url\":\"https:\\\/\\\/www.sinchisinchi.com\\\/pl\\\/\",\"logo\":{\"@type\":\"ImageObject\",\"inLanguage\":\"pl-PL\",\"@id\":\"https:\\\/\\\/www.sinchisinchi.com\\\/pl\\\/#\\\/schema\\\/logo\\\/image\\\/\",\"url\":\"https:\\\/\\\/www.sinchisinchi.com\\\/wp-content\\\/uploads\\\/2026\\\/01\\\/3b-Verde-SIMPLIFICADO-HORIZONTAL-F-TRANSPARENTE-scaled.png\",\"contentUrl\":\"https:\\\/\\\/www.sinchisinchi.com\\\/wp-content\\\/uploads\\\/2026\\\/01\\\/3b-Verde-SIMPLIFICADO-HORIZONTAL-F-TRANSPARENTE-scaled.png\",\"width\":2560,\"height\":457,\"caption\":\"SINCHI S.L\"},\"image\":{\"@id\":\"https:\\\/\\\/www.sinchisinchi.com\\\/pl\\\/#\\\/schema\\\/logo\\\/image\\\/\"},\"sameAs\":[\"https:\\\/\\\/www.facebook.com\\\/sinchirape\\\/\",\"https:\\\/\\\/www.instagram.com\\\/sinchi_rape\\\/\"]}]}<\/script>\n<!-- \/ Yoast SEO plugin. -->","yoast_head_json":{"title":"SINCHI: Amazon Rap\u00e9 com Jurema","description":"Rap\u00e9 Jurema zawiera mieszank\u0119 mapacho Sabia i Arapirca, popio\u0142\u00f3w Tsunu i Jurema Preta, u\u017cywanych podczas rdzennych ceremonii w Brazylii.","robots":{"index":"index","follow":"follow","max-snippet":"max-snippet:-1","max-image-preview":"max-image-preview:large","max-video-preview":"max-video-preview:-1"},"canonical":"https:\/\/www.sinchisinchi.com\/pl\/producto\/rape-jurema\/","og_locale":"pl_PL","og_type":"article","og_title":"SINCHI: Amazon Rap\u00e9 com Jurema","og_description":"Rap\u00e9 Jurema zawiera mieszank\u0119 mapacho Sabia i Arapirca, popio\u0142\u00f3w Tsunu i Jurema Preta, u\u017cywanych podczas rdzennych ceremonii w Brazylii.","og_url":"https:\/\/www.sinchisinchi.com\/pl\/producto\/rape-jurema\/","og_site_name":"SINCHI RAP\u00c9","article_publisher":"https:\/\/www.facebook.com\/sinchirape\/","article_modified_time":"2024-11-25T01:48:25+00:00","og_image":[{"width":700,"height":700,"url":"https:\/\/www.sinchisinchi.com\/wp-content\/uploads\/2023\/10\/22-Jurema.jpg","type":"image\/jpeg"}],"twitter_card":"summary_large_image","twitter_misc":{"Szacowany czas czytania":"4 minuty"},"schema":{"@context":"https:\/\/schema.org","@graph":[{"@type":"WebPage","@id":"https:\/\/www.sinchisinchi.com\/pl\/producto\/rape-jurema\/","url":"https:\/\/www.sinchisinchi.com\/pl\/producto\/rape-jurema\/","name":"SINCHI: Amazon Rap\u00e9 com Jurema","isPartOf":{"@id":"https:\/\/www.sinchisinchi.com\/pl\/#website"},"primaryImageOfPage":{"@id":"https:\/\/www.sinchisinchi.com\/pl\/producto\/rape-jurema\/#primaryimage"},"image":{"@id":"https:\/\/www.sinchisinchi.com\/pl\/producto\/rape-jurema\/#primaryimage"},"thumbnailUrl":"https:\/\/www.sinchisinchi.com\/wp-content\/uploads\/2023\/10\/22-Jurema.jpg","datePublished":"2023-10-19T19:52:13+00:00","dateModified":"2024-11-25T01:48:25+00:00","description":"Rap\u00e9 Jurema zawiera mieszank\u0119 mapacho Sabia i Arapirca, popio\u0142\u00f3w Tsunu i Jurema Preta, u\u017cywanych podczas rdzennych ceremonii w Brazylii.","breadcrumb":{"@id":"https:\/\/www.sinchisinchi.com\/pl\/producto\/rape-jurema\/#breadcrumb"},"inLanguage":"pl-PL","potentialAction":[{"@type":"ReadAction","target":["https:\/\/www.sinchisinchi.com\/pl\/producto\/rape-jurema\/"]}]},{"@type":"ImageObject","inLanguage":"pl-PL","@id":"https:\/\/www.sinchisinchi.com\/pl\/producto\/rape-jurema\/#primaryimage","url":"https:\/\/www.sinchisinchi.com\/wp-content\/uploads\/2023\/10\/22-Jurema.jpg","contentUrl":"https:\/\/www.sinchisinchi.com\/wp-content\/uploads\/2023\/10\/22-Jurema.jpg","width":700,"height":700},{"@type":"BreadcrumbList","@id":"https:\/\/www.sinchisinchi.com\/pl\/producto\/rape-jurema\/#breadcrumb","itemListElement":[{"@type":"ListItem","position":1,"name":"Pierwsza strona","item":"https:\/\/www.sinchisinchi.com\/pl\/"},{"@type":"ListItem","position":2,"name":"Produkty","item":"https:\/\/www.sinchisinchi.com\/pl\/shop\/"},{"@type":"ListItem","position":3,"name":"Rap\u00e9 Jurema"}]},{"@type":"WebSite","@id":"https:\/\/www.sinchisinchi.com\/pl\/#website","url":"https:\/\/www.sinchisinchi.com\/pl\/","name":"SINCHI","description":"Sinchi Medicine","publisher":{"@id":"https:\/\/www.sinchisinchi.com\/pl\/#organization"},"potentialAction":[{"@type":"SearchAction","target":{"@type":"EntryPoint","urlTemplate":"https:\/\/www.sinchisinchi.com\/pl\/?s={search_term_string}"},"query-input":{"@type":"PropertyValueSpecification","valueRequired":true,"valueName":"search_term_string"}}],"inLanguage":"pl-PL"},{"@type":"Organization","@id":"https:\/\/www.sinchisinchi.com\/pl\/#organization","name":"SINCHI S.L","url":"https:\/\/www.sinchisinchi.com\/pl\/","logo":{"@type":"ImageObject","inLanguage":"pl-PL","@id":"https:\/\/www.sinchisinchi.com\/pl\/#\/schema\/logo\/image\/","url":"https:\/\/www.sinchisinchi.com\/wp-content\/uploads\/2026\/01\/3b-Verde-SIMPLIFICADO-HORIZONTAL-F-TRANSPARENTE-scaled.png","contentUrl":"https:\/\/www.sinchisinchi.com\/wp-content\/uploads\/2026\/01\/3b-Verde-SIMPLIFICADO-HORIZONTAL-F-TRANSPARENTE-scaled.png","width":2560,"height":457,"caption":"SINCHI S.L"},"image":{"@id":"https:\/\/www.sinchisinchi.com\/pl\/#\/schema\/logo\/image\/"},"sameAs":["https:\/\/www.facebook.com\/sinchirape\/","https:\/\/www.instagram.com\/sinchi_rape\/"]}]}},"_links":{"self":[{"href":"https:\/\/www.sinchisinchi.com\/pl\/wp-json\/wp\/v2\/product\/10030","targetHints":{"allow":["GET"]}}],"collection":[{"href":"https:\/\/www.sinchisinchi.com\/pl\/wp-json\/wp\/v2\/product"}],"about":[{"href":"https:\/\/www.sinchisinchi.com\/pl\/wp-json\/wp\/v2\/types\/product"}],"wp:featuredmedia":[{"embeddable":true,"href":"https:\/\/www.sinchisinchi.com\/pl\/wp-json\/wp\/v2\/media\/11758"}],"wp:attachment":[{"href":"https:\/\/www.sinchisinchi.com\/pl\/wp-json\/wp\/v2\/media?parent=10030"}],"wp:term":[{"taxonomy":"product_brand","embeddable":true,"href":"https:\/\/www.sinchisinchi.com\/pl\/wp-json\/wp\/v2\/product_brand?post=10030"},{"taxonomy":"product_cat","embeddable":true,"href":"https:\/\/www.sinchisinchi.com\/pl\/wp-json\/wp\/v2\/product_cat?post=10030"},{"taxonomy":"product_tag","embeddable":true,"href":"https:\/\/www.sinchisinchi.com\/pl\/wp-json\/wp\/v2\/product_tag?post=10030"}],"curies":[{"name":"wp","href":"https:\/\/api.w.org\/{rel}","templated":true}]}}