{"id":10035,"date":"2023-10-19T19:46:50","date_gmt":"2023-10-19T19:46:50","guid":{"rendered":"https:\/\/www.sinchisinchi.com\/producto\/rape-sanixi\/"},"modified":"2026-02-12T11:39:48","modified_gmt":"2026-02-12T11:39:48","slug":"rape-sanixi","status":"publish","type":"product","link":"https:\/\/www.sinchisinchi.com\/pl\/producto\/rape-sanixi\/","title":{"rendered":"Sanixi"},"content":{"rendered":"<p style=\"text-align: center;\"><strong><span style=\"color: #000000;\">Liana Clavohuasca<\/span><\/strong><\/p>\n<p><span style=\"color: #000000;\">Clavohuasca to pn\u0105cze pochodz\u0105ce z Ameryki Po\u0142udniowej, tradycyjnie stosowane jako silny <strong>afrodyzjak<\/strong> dla m\u0119\u017cczyzn i kobiet, w celu zwi\u0119kszenia potencji seksualnej i p\u0142odno\u015bci.<\/span><\/p>\n<p><span style=\"color: #000000;\">Wykorzystuje si\u0119 go r\u00f3wnie\u017c w medycynie naturalnej do leczenia r\u00f3\u017cnych schorze\u0144.<\/span><\/p>\n<p><span style=\"color: #000000;\">Jest to dodatek powszechnie u\u017cywany w przepisach na ayahuasc\u0119 lub przyjmowany jednocze\u015bnie w celu zmniejszenia nieprzyjemnych efekt\u00f3w przeczyszczaj\u0105cych i uspokojenia \u017co\u0142\u0105dka.<\/span><\/p>\n<p><span style=\"color: #000000;\">\u0141aci\u0144ska nazwa Clavo huasca to \u2018Tynanthus panurensis\u2018. Nazwa ta oznacza \u201ekrzew go\u017adzikowy\u201d i nawi\u0105zuje do bogatej w go\u017adziki esencji pnia i li\u015bci. Jego aktywnym zwi\u0105zkiem jest tinantyna.<\/span><\/p>\n<a href=\"https:\/\/www.sinchisinchi.com\/pl\/producto\/50g-sanixi\/\" target=\"_blank\" class=\"button secondary is-larger lowercase expand\" rel=\"noopener\" style=\"border-radius:10px;\">\n\t\t<span>\u015aredni Rozmiar: 50g<\/span>\n\t<\/a>\n\n<a href=\"https:\/\/www.sinchisinchi.com\/pl\/producto\/sanixi-100g\/\" target=\"_blank\" class=\"button secondary is-larger lowercase expand\" rel=\"noopener\" style=\"border-radius:10px;\">\n\t\t<span>Du\u017cy Rozmiar: 100g<\/span>\n\t<\/a>\n\n\t<div id=\"gap-1492910811\" class=\"gap-element clearfix\" style=\"display:block; height:auto;\">\n\t\t\n<style>\n#gap-1492910811 {\n  padding-top: 30px;\n}\n<\/style>\n\t<\/div>\n\t\n\n  <div class=\"banner has-hover is-full-height\" id=\"banner-862791866\">\n          <div class=\"banner-inner fill\">\n        <div class=\"banner-bg fill\" >\n            <img loading=\"lazy\" decoding=\"async\" width=\"576\" height=\"1024\" src=\"https:\/\/www.sinchisinchi.com\/wp-content\/uploads\/2024\/12\/6-Jaguar9-576x1024.jpeg\" class=\"bg attachment-large size-large\" alt=\"\" \/>                        <div class=\"overlay\"><\/div>            \n                    <\/div>\n\t\t\n        <div class=\"banner-layers container\">\n            <div class=\"fill banner-link\"><\/div>            \n   <div id=\"text-box-172184855\" class=\"text-box banner-layer x5 md-x5 lg-x5 y50 md-y50 lg-y50 res-text\">\n                                <div class=\"text-box-content text box-shadow-3\">\n              \n              <div class=\"text-inner text-left\">\n                  \n<h2 class=\"uppercase\"><b>PLEMI\u0118<\/b><\/h2>\n<h3>Kuntanawa<\/h3>\n<a href=\"https:\/\/www.sinchisinchi.com\/pl\/plemiona\/rape-kuntanawa\/\" target=\"_blank\" class=\"button primary is-underline is-larger expand\" rel=\"noopener\" >\n\t\t<span>PLEMI\u0118<\/span>\n\t<\/a>\n\n              <\/div>\n           <\/div>\n                            \n<style>\n#text-box-172184855 .text-box-content {\n  background-color: rgb(255, 255, 255);\n  font-size: 100%;\n}\n#text-box-172184855 .text-inner {\n  padding: 30px 30px 30px 30px;\n}\n#text-box-172184855 {\n  width: 60%;\n}\n@media (min-width:550px) {\n  #text-box-172184855 {\n    width: 40%;\n  }\n}\n<\/style>\n    <\/div>\n \n        <\/div>\n      <\/div>\n\n            \n<style>\n#banner-862791866 {\n  padding-top: 100%;\n  background-color: rgb(255, 255, 255);\n}\n#banner-862791866 .overlay {\n  background-color: rgba(190, 190, 190, 0.2);\n}\n<\/style>\n  <\/div>\n\n\n","protected":false},"excerpt":{"rendered":"<p><span style=\"color: #000000;\">Kuntanawa tworz\u0105 t\u0119 pi\u0119kn\u0105 mieszank\u0119 z <strong>mapacho de cuerda<\/strong> (bardzo mocna odmiana) i <strong>Sanixi<\/strong>, ro\u015bliny znanej r\u00f3wnie\u017c jako clavahuasca lub <strong>cipo cravo<\/strong>, co oznacza gw\u00f3\u017ad\u017a pn\u0105cy. Smakiem i zapachem przypomina go\u017adziki, dlatego cz\u0119sto wykorzystuje si\u0119 go do produkcji herbaty o smaku go\u017adzikowym.<\/span><\/p>\n<p><span style=\"color: #000000;\">W tym Rap\u00e9 dominuje Sanixi. W medycynie tradycyjnej Sanixi stosowany jest jako silny <strong>afrodyzjak<\/strong>, pomocny w leczeniu zaburze\u0144 libido i impotencji. Podobnie jak go\u017adziki, Sanixi ma dzia\u0142anie dezynfekuj\u0105ce, przeciwzapalne i przeciwb\u00f3lowe.<\/span><\/p>\n<p><span style=\"color: #000000;\">Kuntanawa Sanixi to wyj\u0105tkowa i silna odmiana, kt\u00f3ra podnosi poziom wysokich wibracji, oddzia\u0142uj\u0105c na czakr\u0119 sakraln\u0105 i pomagaj\u0105c odblokowa\u0107 energi\u0119 seksualn\u0105 i witaln\u0105.<\/span><\/p>\n<p><span style=\"color: #000000;\">Czakra sakralna pozwala nam odnale\u017a\u0107 sens naszego \u017cycia; Dzi\u0119ki r\u00f3wnowadze mo\u017cemy pod\u0105\u017ca\u0107 za nasz\u0105 pasj\u0105, tym, co nas uszcz\u0119\u015bliwia i co kochamy robi\u0107, co pomaga nam \u017cy\u0107 pe\u0142ni\u0105 \u017cycia i czu\u0107 si\u0119 spe\u0142nionymi.<\/span><\/p>\n<p><span style=\"color: #000000;\">Rap\u00e9 Sanixi dzia\u0142a r\u00f3wnie\u017c na splot s\u0142oneczny dzi\u0119ki lince mapacho.<\/span><\/p>\n<p><span style=\"color: #000000;\">Rap\u00e9 Sanixi ma ogromn\u0105 zdolno\u015b\u0107 rozpraszania nagromadzonych negatywnych energii, kt\u00f3re Kuntanawa nazywaj\u0105 Nuxim.<\/span><\/p>\n<p><span style=\"color: #000000;\">Otw\u00f3rz swoje serce, aby dawa\u0107 i otrzymywa\u0107; To radosny, u\u015bmiechni\u0119ty tabaka.<\/span><\/p>\n<p><span style=\"color: #000000;\">Nadaje si\u0119 zar\u00f3wno na uroczysto\u015bci, jak i do noszenia na co dzie\u0144.<\/span><\/p>\n","protected":false},"featured_media":11821,"template":"","meta":{"_joinchat":[]},"product_brand":[],"product_cat":[182],"product_tag":[],"class_list":{"0":"post-10035","1":"product","2":"type-product","3":"status-publish","4":"has-post-thumbnail","6":"product_cat-kuntanawa-pl","8":"first","9":"instock","10":"taxable","11":"shipping-taxable","12":"purchasable","13":"product-type-simple"},"yoast_head":"<!-- This site is optimized with the Yoast SEO plugin v27.4 - https:\/\/yoast.com\/product\/yoast-seo-wordpress\/ -->\n<title>SINCHI: Sanixi Rap\u00e9 z plemienia Kuntanawa<\/title>\n<meta name=\"description\" content=\"Kuntanawa Sanixi to Rap\u00e9, kt\u00f3re wprowadza w stan wysokich wibracji, oddzia\u0142uj\u0105c na czakr\u0119 sakraln\u0105 i pomagaj\u0105c odblokowa\u0107 energi\u0119 seksualn\u0105 i witaln\u0105.\" \/>\n<meta name=\"robots\" content=\"index, follow, max-snippet:-1, max-image-preview:large, max-video-preview:-1\" \/>\n<link rel=\"canonical\" href=\"https:\/\/www.sinchisinchi.com\/pl\/producto\/rape-sanixi\/\" \/>\n<meta property=\"og:locale\" content=\"pl_PL\" \/>\n<meta property=\"og:type\" content=\"article\" \/>\n<meta property=\"og:title\" content=\"SINCHI: Sanixi Rap\u00e9 z plemienia Kuntanawa\" \/>\n<meta property=\"og:description\" content=\"Kuntanawa Sanixi to Rap\u00e9, kt\u00f3re wprowadza w stan wysokich wibracji, oddzia\u0142uj\u0105c na czakr\u0119 sakraln\u0105 i pomagaj\u0105c odblokowa\u0107 energi\u0119 seksualn\u0105 i witaln\u0105.\" \/>\n<meta property=\"og:url\" content=\"https:\/\/www.sinchisinchi.com\/pl\/producto\/rape-sanixi\/\" \/>\n<meta property=\"og:site_name\" content=\"SINCHI RAP\u00c9\" \/>\n<meta property=\"article:publisher\" content=\"https:\/\/www.facebook.com\/sinchirape\/\" \/>\n<meta property=\"article:modified_time\" content=\"2026-02-12T11:39:48+00:00\" \/>\n<meta property=\"og:image\" content=\"https:\/\/www.sinchisinchi.com\/wp-content\/uploads\/2023\/10\/17-Sanixi.jpg\" \/>\n\t<meta property=\"og:image:width\" content=\"700\" \/>\n\t<meta property=\"og:image:height\" content=\"700\" \/>\n\t<meta property=\"og:image:type\" content=\"image\/jpeg\" \/>\n<meta name=\"twitter:card\" content=\"summary_large_image\" \/>\n<meta name=\"twitter:label1\" content=\"Szacowany czas czytania\" \/>\n\t<meta name=\"twitter:data1\" content=\"1 minuta\" \/>\n<script type=\"application\/ld+json\" class=\"yoast-schema-graph\">{\"@context\":\"https:\\\/\\\/schema.org\",\"@graph\":[{\"@type\":\"WebPage\",\"@id\":\"https:\\\/\\\/www.sinchisinchi.com\\\/pl\\\/producto\\\/rape-sanixi\\\/\",\"url\":\"https:\\\/\\\/www.sinchisinchi.com\\\/pl\\\/producto\\\/rape-sanixi\\\/\",\"name\":\"SINCHI: Sanixi Rap\u00e9 z plemienia Kuntanawa\",\"isPartOf\":{\"@id\":\"https:\\\/\\\/www.sinchisinchi.com\\\/pl\\\/#website\"},\"primaryImageOfPage\":{\"@id\":\"https:\\\/\\\/www.sinchisinchi.com\\\/pl\\\/producto\\\/rape-sanixi\\\/#primaryimage\"},\"image\":{\"@id\":\"https:\\\/\\\/www.sinchisinchi.com\\\/pl\\\/producto\\\/rape-sanixi\\\/#primaryimage\"},\"thumbnailUrl\":\"https:\\\/\\\/www.sinchisinchi.com\\\/wp-content\\\/uploads\\\/2023\\\/10\\\/17-Sanixi.jpg\",\"datePublished\":\"2023-10-19T19:46:50+00:00\",\"dateModified\":\"2026-02-12T11:39:48+00:00\",\"description\":\"Kuntanawa Sanixi to Rap\u00e9, kt\u00f3re wprowadza w stan wysokich wibracji, oddzia\u0142uj\u0105c na czakr\u0119 sakraln\u0105 i pomagaj\u0105c odblokowa\u0107 energi\u0119 seksualn\u0105 i witaln\u0105.\",\"breadcrumb\":{\"@id\":\"https:\\\/\\\/www.sinchisinchi.com\\\/pl\\\/producto\\\/rape-sanixi\\\/#breadcrumb\"},\"inLanguage\":\"pl-PL\",\"potentialAction\":[{\"@type\":\"ReadAction\",\"target\":[\"https:\\\/\\\/www.sinchisinchi.com\\\/pl\\\/producto\\\/rape-sanixi\\\/\"]}]},{\"@type\":\"ImageObject\",\"inLanguage\":\"pl-PL\",\"@id\":\"https:\\\/\\\/www.sinchisinchi.com\\\/pl\\\/producto\\\/rape-sanixi\\\/#primaryimage\",\"url\":\"https:\\\/\\\/www.sinchisinchi.com\\\/wp-content\\\/uploads\\\/2023\\\/10\\\/17-Sanixi.jpg\",\"contentUrl\":\"https:\\\/\\\/www.sinchisinchi.com\\\/wp-content\\\/uploads\\\/2023\\\/10\\\/17-Sanixi.jpg\",\"width\":700,\"height\":700},{\"@type\":\"BreadcrumbList\",\"@id\":\"https:\\\/\\\/www.sinchisinchi.com\\\/pl\\\/producto\\\/rape-sanixi\\\/#breadcrumb\",\"itemListElement\":[{\"@type\":\"ListItem\",\"position\":1,\"name\":\"Pierwsza strona\",\"item\":\"https:\\\/\\\/www.sinchisinchi.com\\\/pl\\\/\"},{\"@type\":\"ListItem\",\"position\":2,\"name\":\"Produkty\",\"item\":\"https:\\\/\\\/www.sinchisinchi.com\\\/pl\\\/shop\\\/\"},{\"@type\":\"ListItem\",\"position\":3,\"name\":\"Sanixi\"}]},{\"@type\":\"WebSite\",\"@id\":\"https:\\\/\\\/www.sinchisinchi.com\\\/pl\\\/#website\",\"url\":\"https:\\\/\\\/www.sinchisinchi.com\\\/pl\\\/\",\"name\":\"SINCHI\",\"description\":\"Sinchi Medicine\",\"publisher\":{\"@id\":\"https:\\\/\\\/www.sinchisinchi.com\\\/pl\\\/#organization\"},\"potentialAction\":[{\"@type\":\"SearchAction\",\"target\":{\"@type\":\"EntryPoint\",\"urlTemplate\":\"https:\\\/\\\/www.sinchisinchi.com\\\/pl\\\/?s={search_term_string}\"},\"query-input\":{\"@type\":\"PropertyValueSpecification\",\"valueRequired\":true,\"valueName\":\"search_term_string\"}}],\"inLanguage\":\"pl-PL\"},{\"@type\":\"Organization\",\"@id\":\"https:\\\/\\\/www.sinchisinchi.com\\\/pl\\\/#organization\",\"name\":\"SINCHI S.L\",\"url\":\"https:\\\/\\\/www.sinchisinchi.com\\\/pl\\\/\",\"logo\":{\"@type\":\"ImageObject\",\"inLanguage\":\"pl-PL\",\"@id\":\"https:\\\/\\\/www.sinchisinchi.com\\\/pl\\\/#\\\/schema\\\/logo\\\/image\\\/\",\"url\":\"https:\\\/\\\/www.sinchisinchi.com\\\/wp-content\\\/uploads\\\/2026\\\/01\\\/3b-Verde-SIMPLIFICADO-HORIZONTAL-F-TRANSPARENTE-scaled.png\",\"contentUrl\":\"https:\\\/\\\/www.sinchisinchi.com\\\/wp-content\\\/uploads\\\/2026\\\/01\\\/3b-Verde-SIMPLIFICADO-HORIZONTAL-F-TRANSPARENTE-scaled.png\",\"width\":2560,\"height\":457,\"caption\":\"SINCHI S.L\"},\"image\":{\"@id\":\"https:\\\/\\\/www.sinchisinchi.com\\\/pl\\\/#\\\/schema\\\/logo\\\/image\\\/\"},\"sameAs\":[\"https:\\\/\\\/www.facebook.com\\\/sinchirape\\\/\",\"https:\\\/\\\/www.instagram.com\\\/sinchi_rape\\\/\"]}]}<\/script>\n<!-- \/ Yoast SEO plugin. -->","yoast_head_json":{"title":"SINCHI: Sanixi Rap\u00e9 z plemienia Kuntanawa","description":"Kuntanawa Sanixi to Rap\u00e9, kt\u00f3re wprowadza w stan wysokich wibracji, oddzia\u0142uj\u0105c na czakr\u0119 sakraln\u0105 i pomagaj\u0105c odblokowa\u0107 energi\u0119 seksualn\u0105 i witaln\u0105.","robots":{"index":"index","follow":"follow","max-snippet":"max-snippet:-1","max-image-preview":"max-image-preview:large","max-video-preview":"max-video-preview:-1"},"canonical":"https:\/\/www.sinchisinchi.com\/pl\/producto\/rape-sanixi\/","og_locale":"pl_PL","og_type":"article","og_title":"SINCHI: Sanixi Rap\u00e9 z plemienia Kuntanawa","og_description":"Kuntanawa Sanixi to Rap\u00e9, kt\u00f3re wprowadza w stan wysokich wibracji, oddzia\u0142uj\u0105c na czakr\u0119 sakraln\u0105 i pomagaj\u0105c odblokowa\u0107 energi\u0119 seksualn\u0105 i witaln\u0105.","og_url":"https:\/\/www.sinchisinchi.com\/pl\/producto\/rape-sanixi\/","og_site_name":"SINCHI RAP\u00c9","article_publisher":"https:\/\/www.facebook.com\/sinchirape\/","article_modified_time":"2026-02-12T11:39:48+00:00","og_image":[{"width":700,"height":700,"url":"https:\/\/www.sinchisinchi.com\/wp-content\/uploads\/2023\/10\/17-Sanixi.jpg","type":"image\/jpeg"}],"twitter_card":"summary_large_image","twitter_misc":{"Szacowany czas czytania":"1 minuta"},"schema":{"@context":"https:\/\/schema.org","@graph":[{"@type":"WebPage","@id":"https:\/\/www.sinchisinchi.com\/pl\/producto\/rape-sanixi\/","url":"https:\/\/www.sinchisinchi.com\/pl\/producto\/rape-sanixi\/","name":"SINCHI: Sanixi Rap\u00e9 z plemienia Kuntanawa","isPartOf":{"@id":"https:\/\/www.sinchisinchi.com\/pl\/#website"},"primaryImageOfPage":{"@id":"https:\/\/www.sinchisinchi.com\/pl\/producto\/rape-sanixi\/#primaryimage"},"image":{"@id":"https:\/\/www.sinchisinchi.com\/pl\/producto\/rape-sanixi\/#primaryimage"},"thumbnailUrl":"https:\/\/www.sinchisinchi.com\/wp-content\/uploads\/2023\/10\/17-Sanixi.jpg","datePublished":"2023-10-19T19:46:50+00:00","dateModified":"2026-02-12T11:39:48+00:00","description":"Kuntanawa Sanixi to Rap\u00e9, kt\u00f3re wprowadza w stan wysokich wibracji, oddzia\u0142uj\u0105c na czakr\u0119 sakraln\u0105 i pomagaj\u0105c odblokowa\u0107 energi\u0119 seksualn\u0105 i witaln\u0105.","breadcrumb":{"@id":"https:\/\/www.sinchisinchi.com\/pl\/producto\/rape-sanixi\/#breadcrumb"},"inLanguage":"pl-PL","potentialAction":[{"@type":"ReadAction","target":["https:\/\/www.sinchisinchi.com\/pl\/producto\/rape-sanixi\/"]}]},{"@type":"ImageObject","inLanguage":"pl-PL","@id":"https:\/\/www.sinchisinchi.com\/pl\/producto\/rape-sanixi\/#primaryimage","url":"https:\/\/www.sinchisinchi.com\/wp-content\/uploads\/2023\/10\/17-Sanixi.jpg","contentUrl":"https:\/\/www.sinchisinchi.com\/wp-content\/uploads\/2023\/10\/17-Sanixi.jpg","width":700,"height":700},{"@type":"BreadcrumbList","@id":"https:\/\/www.sinchisinchi.com\/pl\/producto\/rape-sanixi\/#breadcrumb","itemListElement":[{"@type":"ListItem","position":1,"name":"Pierwsza strona","item":"https:\/\/www.sinchisinchi.com\/pl\/"},{"@type":"ListItem","position":2,"name":"Produkty","item":"https:\/\/www.sinchisinchi.com\/pl\/shop\/"},{"@type":"ListItem","position":3,"name":"Sanixi"}]},{"@type":"WebSite","@id":"https:\/\/www.sinchisinchi.com\/pl\/#website","url":"https:\/\/www.sinchisinchi.com\/pl\/","name":"SINCHI","description":"Sinchi Medicine","publisher":{"@id":"https:\/\/www.sinchisinchi.com\/pl\/#organization"},"potentialAction":[{"@type":"SearchAction","target":{"@type":"EntryPoint","urlTemplate":"https:\/\/www.sinchisinchi.com\/pl\/?s={search_term_string}"},"query-input":{"@type":"PropertyValueSpecification","valueRequired":true,"valueName":"search_term_string"}}],"inLanguage":"pl-PL"},{"@type":"Organization","@id":"https:\/\/www.sinchisinchi.com\/pl\/#organization","name":"SINCHI S.L","url":"https:\/\/www.sinchisinchi.com\/pl\/","logo":{"@type":"ImageObject","inLanguage":"pl-PL","@id":"https:\/\/www.sinchisinchi.com\/pl\/#\/schema\/logo\/image\/","url":"https:\/\/www.sinchisinchi.com\/wp-content\/uploads\/2026\/01\/3b-Verde-SIMPLIFICADO-HORIZONTAL-F-TRANSPARENTE-scaled.png","contentUrl":"https:\/\/www.sinchisinchi.com\/wp-content\/uploads\/2026\/01\/3b-Verde-SIMPLIFICADO-HORIZONTAL-F-TRANSPARENTE-scaled.png","width":2560,"height":457,"caption":"SINCHI S.L"},"image":{"@id":"https:\/\/www.sinchisinchi.com\/pl\/#\/schema\/logo\/image\/"},"sameAs":["https:\/\/www.facebook.com\/sinchirape\/","https:\/\/www.instagram.com\/sinchi_rape\/"]}]}},"_links":{"self":[{"href":"https:\/\/www.sinchisinchi.com\/pl\/wp-json\/wp\/v2\/product\/10035","targetHints":{"allow":["GET"]}}],"collection":[{"href":"https:\/\/www.sinchisinchi.com\/pl\/wp-json\/wp\/v2\/product"}],"about":[{"href":"https:\/\/www.sinchisinchi.com\/pl\/wp-json\/wp\/v2\/types\/product"}],"wp:featuredmedia":[{"embeddable":true,"href":"https:\/\/www.sinchisinchi.com\/pl\/wp-json\/wp\/v2\/media\/11821"}],"wp:attachment":[{"href":"https:\/\/www.sinchisinchi.com\/pl\/wp-json\/wp\/v2\/media?parent=10035"}],"wp:term":[{"taxonomy":"product_brand","embeddable":true,"href":"https:\/\/www.sinchisinchi.com\/pl\/wp-json\/wp\/v2\/product_brand?post=10035"},{"taxonomy":"product_cat","embeddable":true,"href":"https:\/\/www.sinchisinchi.com\/pl\/wp-json\/wp\/v2\/product_cat?post=10035"},{"taxonomy":"product_tag","embeddable":true,"href":"https:\/\/www.sinchisinchi.com\/pl\/wp-json\/wp\/v2\/product_tag?post=10035"}],"curies":[{"name":"wp","href":"https:\/\/api.w.org\/{rel}","templated":true}]}}