{"id":10040,"date":"2023-10-19T19:39:43","date_gmt":"2023-10-19T19:39:43","guid":{"rendered":"https:\/\/www.sinchisinchi.com\/producto\/xacapandare\/"},"modified":"2026-02-12T19:51:00","modified_gmt":"2026-02-12T19:51:00","slug":"xacapandare","status":"publish","type":"product","link":"https:\/\/www.sinchisinchi.com\/pl\/producto\/xacapandare\/","title":{"rendered":"Xacapandar\u00e9"},"content":{"rendered":"<a href=\"https:\/\/www.sinchisinchi.com\/pl\/producto\/xacapandare-50g\/\" target=\"_blank\" class=\"button secondary is-larger lowercase expand\" rel=\"noopener\" style=\"border-radius:10px;\">\n\t\t<span>\u015aredni Rozmiar: 50g<\/span>\n\t<\/a>\n\n<a href=\"https:\/\/www.sinchisinchi.com\/pl\/producto\/xacapandare-100g\/\" target=\"_blank\" class=\"button secondary is-larger lowercase expand\" rel=\"noopener\" style=\"border-radius:10px;\">\n\t\t<span>Du\u017cy Rozmiar: 100g<\/span>\n\t<\/a>\n\n\t<div id=\"gap-693992377\" class=\"gap-element clearfix\" style=\"display:block; height:auto;\">\n\t\t\n<style>\n#gap-693992377 {\n  padding-top: 30px;\n}\n<\/style>\n\t<\/div>\n\t\n\n  <div class=\"banner has-hover\" id=\"banner-1055709069\">\n          <div class=\"banner-inner fill\">\n        <div class=\"banner-bg fill\" >\n            <img loading=\"lazy\" decoding=\"async\" width=\"791\" height=\"1024\" src=\"https:\/\/www.sinchisinchi.com\/wp-content\/uploads\/2024\/09\/0-Huni-Kuin-Kaxinawa-791x1024.jpg\" class=\"bg attachment-large size-large\" alt=\"Retrato frontal de un hombre Huni Kuin con tocado ceremonial de plumas de guacamayo, pintura facial de uruc\u00fa con dise\u00f1os kene y pectoral de mostacillas con patrones geom\u00e9tricos tradicionales\" \/>                        <div class=\"overlay\"><\/div>            \n                    <\/div>\n\t\t\n        <div class=\"banner-layers container\">\n            <div class=\"fill banner-link\"><\/div>            \n   <div id=\"text-box-756873935\" class=\"text-box banner-layer x5 md-x5 lg-x5 y50 md-y50 lg-y50 res-text\">\n                                <div class=\"text-box-content text box-shadow-3\">\n              \n              <div class=\"text-inner text-left\">\n                  \n<h2><span style=\"color: #000000;\"><strong>PLEMI\u0118<\/strong><\/span><\/h2>\n<h3><span style=\"color: #000000;\">Huni Kuin<\/span><\/h3>\n<p><span style=\"color: #000000;\">Plemi\u0119 Huni Kuin \u017cyje w ma\u0142ych spo\u0142eczno\u015bciach po\u0142o\u017conych od podn\u00f3\u017ca peruwia\u0144skich And\u00f3w po granice Brazylii, w stanach Acre i po\u0142udniowej Amazonas, obejmuj\u0105cych obszar Alto Juru\u00e1, Purus i dolin\u0119 Javari.<\/span><\/p>\n<a href=\"https:\/\/www.sinchisinchi.com\/pl\/plemiona\/rape-huni-kuin-kaxinawa\/\" target=\"_blank\" class=\"button primary is-underline expand\" rel=\"noopener\" >\n\t\t<span>Plemi\u0119<\/span>\n\t<\/a>\n\n<a href=\"https:\/\/www.sinchisinchi.com\/pl\/plemiona\/rape-huni-kuin-kaxinawa\/filmy\/\" target=\"_blank\" class=\"button primary is-underline expand\" rel=\"noopener\" >\n\t\t<span>Filmy<\/span>\n\t<\/a>\n\n<a href=\"https:\/\/www.sinchisinchi.com\/pl\/plemiona\/rape-huni-kuin-kaxinawa\/muzyka\/\" target=\"_blank\" class=\"button primary is-underline expand\" rel=\"noopener\" >\n\t\t<span>Muzyka<\/span>\n\t<\/a>\n\n              <\/div>\n           <\/div>\n                            \n<style>\n#text-box-756873935 .text-box-content {\n  background-color: rgb(255, 255, 255);\n  font-size: 100%;\n}\n#text-box-756873935 .text-inner {\n  padding: 30px 30px 30px 30px;\n}\n#text-box-756873935 {\n  width: 60%;\n}\n@media (min-width:550px) {\n  #text-box-756873935 {\n    width: 40%;\n  }\n}\n<\/style>\n    <\/div>\n \n        <\/div>\n      <\/div>\n\n              <div class=\"height-fix is-invisible\"><img loading=\"lazy\" decoding=\"async\" width=\"791\" height=\"1024\" src=\"https:\/\/www.sinchisinchi.com\/wp-content\/uploads\/2024\/09\/0-Huni-Kuin-Kaxinawa-791x1024.jpg\" class=\"attachment-large size-large\" alt=\"Retrato frontal de un hombre Huni Kuin con tocado ceremonial de plumas de guacamayo, pintura facial de uruc\u00fa con dise\u00f1os kene y pectoral de mostacillas con patrones geom\u00e9tricos tradicionales\" srcset=\"https:\/\/www.sinchisinchi.com\/wp-content\/uploads\/2024\/09\/0-Huni-Kuin-Kaxinawa-791x1024.jpg 791w, https:\/\/www.sinchisinchi.com\/wp-content\/uploads\/2024\/09\/0-Huni-Kuin-Kaxinawa-463x600.jpg 463w, https:\/\/www.sinchisinchi.com\/wp-content\/uploads\/2024\/09\/0-Huni-Kuin-Kaxinawa-768x995.jpg 768w, https:\/\/www.sinchisinchi.com\/wp-content\/uploads\/2024\/09\/0-Huni-Kuin-Kaxinawa-1186x1536.jpg 1186w, https:\/\/www.sinchisinchi.com\/wp-content\/uploads\/2024\/09\/0-Huni-Kuin-Kaxinawa-247x320.jpg 247w, https:\/\/www.sinchisinchi.com\/wp-content\/uploads\/2024\/09\/0-Huni-Kuin-Kaxinawa-510x661.jpg 510w, https:\/\/www.sinchisinchi.com\/wp-content\/uploads\/2024\/09\/0-Huni-Kuin-Kaxinawa.jpg 1581w\" sizes=\"auto, (max-width: 791px) 100vw, 791px\" \/><\/div>\n            \n<style>\n#banner-1055709069 .overlay {\n  background-color: rgba(190, 190, 190, 0.2);\n}\n#banner-1055709069 {\n  background-color: rgb(255, 255, 255);\n}\n<\/style>\n  <\/div>\n\n\n\t<div id=\"gap-1104328360\" class=\"gap-element clearfix\" style=\"display:block; height:auto;\">\n\t\t\n<style>\n#gap-1104328360 {\n  padding-top: 30px;\n}\n<\/style>\n\t<\/div>\n\t\n<h3 style=\"text-align: center;\"><span style=\"color: #000000;\"><strong>Ro\u015blina Xacapandar\u00e9<\/strong><\/span><\/h3>\n<p><span style=\"color: #000000;\">Zgodnie z tradycj\u0105 Huni Kuin zio\u0142o Xacapandar\u00e9 korzystnie wp\u0142ywa na uk\u0142ad oddechowy, pomaga poprawi\u0107 pami\u0119\u0107 i wzmacnia umys\u0142.<\/span><\/p>\n<p><span style=\"color: #000000;\">Huni Kuin u\u017cywaj\u0105 li\u015bci Xacapandar\u00e9 do przygotowywania herbaty, palenia jako kadzid\u0142a i oczyszczania przestrzeni, a nawet do k\u0105pieli, aby oczy\u015bci\u0107 aur\u0119 i cia\u0142o.<\/span><\/p>\n","protected":false},"excerpt":{"rendered":"<p><span style=\"color: #000000;\">Huni Kuin Xacapandar\u00e9 to pot\u0119\u017cna odmiana z popio\u0142em tsunu i <strong>Xacapandar\u00e9<\/strong>, bardzo rzadkie i trudne do zdobycia tradycyjne zio\u0142o Huni Kuin, opr\u00f3cz niewielkiej ilo\u015bci wysokiej jako\u015bci Mapacho Sabi\u00e1.<\/span><\/p>\n<p><span style=\"color: #000000;\">Huni Kuin Xacapandar\u00e9 Rap\u00e9 jest starannie przygotowany, aby zachowa\u0107 w\u0142a\u015bciw\u0105 r\u00f3wnowag\u0119 pomi\u0119dzy r\u00f3\u017cnymi sk\u0142adnikami.<\/span><\/p>\n<p><span style=\"color: #000000;\">Odmiana ta zosta\u0142a zaprojektowana przez ukochanego i szanowanego wodza <strong>Si\u00e3 Huni Kuin<\/strong>\u00a0z regionu Jord\u00e3o, jednego z g\u0142\u00f3wnych rodzimych przyw\u00f3dc\u00f3w stanu Acre. Jego s\u0142owami: &#8222;U\u017cywany w Rap\u00e9, Xacapandar\u00e9 pomaga otworzy\u0107 umys\u0142, usuwa z\u0142e uczucia, wydala z\u0142\u0105 energi\u0119 i korzystnie wp\u0142ywa na uk\u0142ad oddechowy\u201d.<\/span><\/p>\n","protected":false},"featured_media":11746,"template":"","meta":{"_joinchat":[]},"product_brand":[],"product_cat":[181],"product_tag":[],"class_list":{"0":"post-10040","1":"product","2":"type-product","3":"status-publish","4":"has-post-thumbnail","6":"product_cat-huni-kuin-pl","8":"first","9":"instock","10":"taxable","11":"shipping-taxable","12":"purchasable","13":"product-type-simple"},"yoast_head":"<!-- This site is optimized with the Yoast SEO plugin v27.4 - https:\/\/yoast.com\/product\/yoast-seo-wordpress\/ -->\n<title>SINCHI: Rap\u00e9 Xacapandar\u00e9 z Amazo\u0144skiego plemienia Huni Kuin<\/title>\n<meta name=\"description\" content=\"Huni Kuin Xacapandar\u00e9 to pot\u0119\u017cna odmiana, zawieraj\u0105ca popi\u00f3\u0142 tsunu i Xacapandar\u00e9, bardzo rzadkie i trudne do zdobycia tradycyjne zio\u0142o Huni Kuin.\" \/>\n<meta name=\"robots\" content=\"index, follow, max-snippet:-1, max-image-preview:large, max-video-preview:-1\" \/>\n<link rel=\"canonical\" href=\"https:\/\/www.sinchisinchi.com\/pl\/producto\/xacapandare\/\" \/>\n<meta property=\"og:locale\" content=\"pl_PL\" \/>\n<meta property=\"og:type\" content=\"article\" \/>\n<meta property=\"og:title\" content=\"SINCHI: Rap\u00e9 Xacapandar\u00e9 z Amazo\u0144skiego plemienia Huni Kuin\" \/>\n<meta property=\"og:description\" content=\"Huni Kuin Xacapandar\u00e9 to pot\u0119\u017cna odmiana, zawieraj\u0105ca popi\u00f3\u0142 tsunu i Xacapandar\u00e9, bardzo rzadkie i trudne do zdobycia tradycyjne zio\u0142o Huni Kuin.\" \/>\n<meta property=\"og:url\" content=\"https:\/\/www.sinchisinchi.com\/pl\/producto\/xacapandare\/\" \/>\n<meta property=\"og:site_name\" content=\"SINCHI RAP\u00c9\" \/>\n<meta property=\"article:publisher\" content=\"https:\/\/www.facebook.com\/sinchirape\/\" \/>\n<meta property=\"article:modified_time\" content=\"2026-02-12T19:51:00+00:00\" \/>\n<meta property=\"og:image\" content=\"https:\/\/www.sinchisinchi.com\/wp-content\/uploads\/2023\/10\/16-Xacapandare.jpg\" \/>\n\t<meta property=\"og:image:width\" content=\"700\" \/>\n\t<meta property=\"og:image:height\" content=\"700\" \/>\n\t<meta property=\"og:image:type\" content=\"image\/jpeg\" \/>\n<meta name=\"twitter:card\" content=\"summary_large_image\" \/>\n<meta name=\"twitter:label1\" content=\"Szacowany czas czytania\" \/>\n\t<meta name=\"twitter:data1\" content=\"1 minuta\" \/>\n<script type=\"application\/ld+json\" class=\"yoast-schema-graph\">{\"@context\":\"https:\\\/\\\/schema.org\",\"@graph\":[{\"@type\":\"WebPage\",\"@id\":\"https:\\\/\\\/www.sinchisinchi.com\\\/pl\\\/producto\\\/xacapandare\\\/\",\"url\":\"https:\\\/\\\/www.sinchisinchi.com\\\/pl\\\/producto\\\/xacapandare\\\/\",\"name\":\"SINCHI: Rap\u00e9 Xacapandar\u00e9 z Amazo\u0144skiego plemienia Huni Kuin\",\"isPartOf\":{\"@id\":\"https:\\\/\\\/www.sinchisinchi.com\\\/pl\\\/#website\"},\"primaryImageOfPage\":{\"@id\":\"https:\\\/\\\/www.sinchisinchi.com\\\/pl\\\/producto\\\/xacapandare\\\/#primaryimage\"},\"image\":{\"@id\":\"https:\\\/\\\/www.sinchisinchi.com\\\/pl\\\/producto\\\/xacapandare\\\/#primaryimage\"},\"thumbnailUrl\":\"https:\\\/\\\/www.sinchisinchi.com\\\/wp-content\\\/uploads\\\/2023\\\/10\\\/16-Xacapandare.jpg\",\"datePublished\":\"2023-10-19T19:39:43+00:00\",\"dateModified\":\"2026-02-12T19:51:00+00:00\",\"description\":\"Huni Kuin Xacapandar\u00e9 to pot\u0119\u017cna odmiana, zawieraj\u0105ca popi\u00f3\u0142 tsunu i Xacapandar\u00e9, bardzo rzadkie i trudne do zdobycia tradycyjne zio\u0142o Huni Kuin.\",\"breadcrumb\":{\"@id\":\"https:\\\/\\\/www.sinchisinchi.com\\\/pl\\\/producto\\\/xacapandare\\\/#breadcrumb\"},\"inLanguage\":\"pl-PL\",\"potentialAction\":[{\"@type\":\"ReadAction\",\"target\":[\"https:\\\/\\\/www.sinchisinchi.com\\\/pl\\\/producto\\\/xacapandare\\\/\"]}]},{\"@type\":\"ImageObject\",\"inLanguage\":\"pl-PL\",\"@id\":\"https:\\\/\\\/www.sinchisinchi.com\\\/pl\\\/producto\\\/xacapandare\\\/#primaryimage\",\"url\":\"https:\\\/\\\/www.sinchisinchi.com\\\/wp-content\\\/uploads\\\/2023\\\/10\\\/16-Xacapandare.jpg\",\"contentUrl\":\"https:\\\/\\\/www.sinchisinchi.com\\\/wp-content\\\/uploads\\\/2023\\\/10\\\/16-Xacapandare.jpg\",\"width\":700,\"height\":700},{\"@type\":\"BreadcrumbList\",\"@id\":\"https:\\\/\\\/www.sinchisinchi.com\\\/pl\\\/producto\\\/xacapandare\\\/#breadcrumb\",\"itemListElement\":[{\"@type\":\"ListItem\",\"position\":1,\"name\":\"Pierwsza strona\",\"item\":\"https:\\\/\\\/www.sinchisinchi.com\\\/pl\\\/\"},{\"@type\":\"ListItem\",\"position\":2,\"name\":\"Produkty\",\"item\":\"https:\\\/\\\/www.sinchisinchi.com\\\/pl\\\/shop\\\/\"},{\"@type\":\"ListItem\",\"position\":3,\"name\":\"Xacapandar\u00e9\"}]},{\"@type\":\"WebSite\",\"@id\":\"https:\\\/\\\/www.sinchisinchi.com\\\/pl\\\/#website\",\"url\":\"https:\\\/\\\/www.sinchisinchi.com\\\/pl\\\/\",\"name\":\"SINCHI\",\"description\":\"Sinchi Medicine\",\"publisher\":{\"@id\":\"https:\\\/\\\/www.sinchisinchi.com\\\/pl\\\/#organization\"},\"potentialAction\":[{\"@type\":\"SearchAction\",\"target\":{\"@type\":\"EntryPoint\",\"urlTemplate\":\"https:\\\/\\\/www.sinchisinchi.com\\\/pl\\\/?s={search_term_string}\"},\"query-input\":{\"@type\":\"PropertyValueSpecification\",\"valueRequired\":true,\"valueName\":\"search_term_string\"}}],\"inLanguage\":\"pl-PL\"},{\"@type\":\"Organization\",\"@id\":\"https:\\\/\\\/www.sinchisinchi.com\\\/pl\\\/#organization\",\"name\":\"SINCHI S.L\",\"url\":\"https:\\\/\\\/www.sinchisinchi.com\\\/pl\\\/\",\"logo\":{\"@type\":\"ImageObject\",\"inLanguage\":\"pl-PL\",\"@id\":\"https:\\\/\\\/www.sinchisinchi.com\\\/pl\\\/#\\\/schema\\\/logo\\\/image\\\/\",\"url\":\"https:\\\/\\\/www.sinchisinchi.com\\\/wp-content\\\/uploads\\\/2026\\\/01\\\/3b-Verde-SIMPLIFICADO-HORIZONTAL-F-TRANSPARENTE-scaled.png\",\"contentUrl\":\"https:\\\/\\\/www.sinchisinchi.com\\\/wp-content\\\/uploads\\\/2026\\\/01\\\/3b-Verde-SIMPLIFICADO-HORIZONTAL-F-TRANSPARENTE-scaled.png\",\"width\":2560,\"height\":457,\"caption\":\"SINCHI S.L\"},\"image\":{\"@id\":\"https:\\\/\\\/www.sinchisinchi.com\\\/pl\\\/#\\\/schema\\\/logo\\\/image\\\/\"},\"sameAs\":[\"https:\\\/\\\/www.facebook.com\\\/sinchirape\\\/\",\"https:\\\/\\\/www.instagram.com\\\/sinchi_rape\\\/\"]}]}<\/script>\n<!-- \/ Yoast SEO plugin. -->","yoast_head_json":{"title":"SINCHI: Rap\u00e9 Xacapandar\u00e9 z Amazo\u0144skiego plemienia Huni Kuin","description":"Huni Kuin Xacapandar\u00e9 to pot\u0119\u017cna odmiana, zawieraj\u0105ca popi\u00f3\u0142 tsunu i Xacapandar\u00e9, bardzo rzadkie i trudne do zdobycia tradycyjne zio\u0142o Huni Kuin.","robots":{"index":"index","follow":"follow","max-snippet":"max-snippet:-1","max-image-preview":"max-image-preview:large","max-video-preview":"max-video-preview:-1"},"canonical":"https:\/\/www.sinchisinchi.com\/pl\/producto\/xacapandare\/","og_locale":"pl_PL","og_type":"article","og_title":"SINCHI: Rap\u00e9 Xacapandar\u00e9 z Amazo\u0144skiego plemienia Huni Kuin","og_description":"Huni Kuin Xacapandar\u00e9 to pot\u0119\u017cna odmiana, zawieraj\u0105ca popi\u00f3\u0142 tsunu i Xacapandar\u00e9, bardzo rzadkie i trudne do zdobycia tradycyjne zio\u0142o Huni Kuin.","og_url":"https:\/\/www.sinchisinchi.com\/pl\/producto\/xacapandare\/","og_site_name":"SINCHI RAP\u00c9","article_publisher":"https:\/\/www.facebook.com\/sinchirape\/","article_modified_time":"2026-02-12T19:51:00+00:00","og_image":[{"width":700,"height":700,"url":"https:\/\/www.sinchisinchi.com\/wp-content\/uploads\/2023\/10\/16-Xacapandare.jpg","type":"image\/jpeg"}],"twitter_card":"summary_large_image","twitter_misc":{"Szacowany czas czytania":"1 minuta"},"schema":{"@context":"https:\/\/schema.org","@graph":[{"@type":"WebPage","@id":"https:\/\/www.sinchisinchi.com\/pl\/producto\/xacapandare\/","url":"https:\/\/www.sinchisinchi.com\/pl\/producto\/xacapandare\/","name":"SINCHI: Rap\u00e9 Xacapandar\u00e9 z Amazo\u0144skiego plemienia Huni Kuin","isPartOf":{"@id":"https:\/\/www.sinchisinchi.com\/pl\/#website"},"primaryImageOfPage":{"@id":"https:\/\/www.sinchisinchi.com\/pl\/producto\/xacapandare\/#primaryimage"},"image":{"@id":"https:\/\/www.sinchisinchi.com\/pl\/producto\/xacapandare\/#primaryimage"},"thumbnailUrl":"https:\/\/www.sinchisinchi.com\/wp-content\/uploads\/2023\/10\/16-Xacapandare.jpg","datePublished":"2023-10-19T19:39:43+00:00","dateModified":"2026-02-12T19:51:00+00:00","description":"Huni Kuin Xacapandar\u00e9 to pot\u0119\u017cna odmiana, zawieraj\u0105ca popi\u00f3\u0142 tsunu i Xacapandar\u00e9, bardzo rzadkie i trudne do zdobycia tradycyjne zio\u0142o Huni Kuin.","breadcrumb":{"@id":"https:\/\/www.sinchisinchi.com\/pl\/producto\/xacapandare\/#breadcrumb"},"inLanguage":"pl-PL","potentialAction":[{"@type":"ReadAction","target":["https:\/\/www.sinchisinchi.com\/pl\/producto\/xacapandare\/"]}]},{"@type":"ImageObject","inLanguage":"pl-PL","@id":"https:\/\/www.sinchisinchi.com\/pl\/producto\/xacapandare\/#primaryimage","url":"https:\/\/www.sinchisinchi.com\/wp-content\/uploads\/2023\/10\/16-Xacapandare.jpg","contentUrl":"https:\/\/www.sinchisinchi.com\/wp-content\/uploads\/2023\/10\/16-Xacapandare.jpg","width":700,"height":700},{"@type":"BreadcrumbList","@id":"https:\/\/www.sinchisinchi.com\/pl\/producto\/xacapandare\/#breadcrumb","itemListElement":[{"@type":"ListItem","position":1,"name":"Pierwsza strona","item":"https:\/\/www.sinchisinchi.com\/pl\/"},{"@type":"ListItem","position":2,"name":"Produkty","item":"https:\/\/www.sinchisinchi.com\/pl\/shop\/"},{"@type":"ListItem","position":3,"name":"Xacapandar\u00e9"}]},{"@type":"WebSite","@id":"https:\/\/www.sinchisinchi.com\/pl\/#website","url":"https:\/\/www.sinchisinchi.com\/pl\/","name":"SINCHI","description":"Sinchi Medicine","publisher":{"@id":"https:\/\/www.sinchisinchi.com\/pl\/#organization"},"potentialAction":[{"@type":"SearchAction","target":{"@type":"EntryPoint","urlTemplate":"https:\/\/www.sinchisinchi.com\/pl\/?s={search_term_string}"},"query-input":{"@type":"PropertyValueSpecification","valueRequired":true,"valueName":"search_term_string"}}],"inLanguage":"pl-PL"},{"@type":"Organization","@id":"https:\/\/www.sinchisinchi.com\/pl\/#organization","name":"SINCHI S.L","url":"https:\/\/www.sinchisinchi.com\/pl\/","logo":{"@type":"ImageObject","inLanguage":"pl-PL","@id":"https:\/\/www.sinchisinchi.com\/pl\/#\/schema\/logo\/image\/","url":"https:\/\/www.sinchisinchi.com\/wp-content\/uploads\/2026\/01\/3b-Verde-SIMPLIFICADO-HORIZONTAL-F-TRANSPARENTE-scaled.png","contentUrl":"https:\/\/www.sinchisinchi.com\/wp-content\/uploads\/2026\/01\/3b-Verde-SIMPLIFICADO-HORIZONTAL-F-TRANSPARENTE-scaled.png","width":2560,"height":457,"caption":"SINCHI S.L"},"image":{"@id":"https:\/\/www.sinchisinchi.com\/pl\/#\/schema\/logo\/image\/"},"sameAs":["https:\/\/www.facebook.com\/sinchirape\/","https:\/\/www.instagram.com\/sinchi_rape\/"]}]}},"_links":{"self":[{"href":"https:\/\/www.sinchisinchi.com\/pl\/wp-json\/wp\/v2\/product\/10040","targetHints":{"allow":["GET"]}}],"collection":[{"href":"https:\/\/www.sinchisinchi.com\/pl\/wp-json\/wp\/v2\/product"}],"about":[{"href":"https:\/\/www.sinchisinchi.com\/pl\/wp-json\/wp\/v2\/types\/product"}],"wp:featuredmedia":[{"embeddable":true,"href":"https:\/\/www.sinchisinchi.com\/pl\/wp-json\/wp\/v2\/media\/11746"}],"wp:attachment":[{"href":"https:\/\/www.sinchisinchi.com\/pl\/wp-json\/wp\/v2\/media?parent=10040"}],"wp:term":[{"taxonomy":"product_brand","embeddable":true,"href":"https:\/\/www.sinchisinchi.com\/pl\/wp-json\/wp\/v2\/product_brand?post=10040"},{"taxonomy":"product_cat","embeddable":true,"href":"https:\/\/www.sinchisinchi.com\/pl\/wp-json\/wp\/v2\/product_cat?post=10040"},{"taxonomy":"product_tag","embeddable":true,"href":"https:\/\/www.sinchisinchi.com\/pl\/wp-json\/wp\/v2\/product_tag?post=10040"}],"curies":[{"name":"wp","href":"https:\/\/api.w.org\/{rel}","templated":true}]}}