{"id":10516,"date":"2018-10-12T10:41:58","date_gmt":"2018-10-12T10:41:58","guid":{"rendered":"https:\/\/www.sinchisinchi.com\/producto\/rape-manchineri\/"},"modified":"2023-11-04T21:26:03","modified_gmt":"2023-11-04T21:26:03","slug":"rape-manchineri","status":"publish","type":"product","link":"https:\/\/www.sinchisinchi.com\/pl\/producto\/rape-manchineri\/","title":{"rendered":"Rap\u00e9 Manchineri"},"content":{"rendered":"<h2 style=\"text-align: center;\">Plemi\u0119 Maszynerii<\/h2>\r\nManchineri to plemi\u0119 zamieszkuj\u0105ce g\u0142\u00f3wnie terytorium Brazylii, rdzenn\u0105 ziemi\u0119 Mamoadate i rdzenn\u0105 ziemi\u0119 Cauchal Guanabara.\r\n\r\nManchineri dziel\u0105 z Piro z peruwia\u0144skiej Amazonii j\u0119zyk Aruak (z ga\u0142\u0119zi Maipure) oraz wi\u0119kszo\u015b\u0107 ich systemu spo\u0142ecznego i kosmologicznego.\r\n\r\nU Manchineri podstawow\u0105 rodzin\u0119 tworz\u0105 dziadek, babcia, dzieci i wnuki. Je\u015bli nie wszyscy mieszkaj\u0105 w tym samym domu, zajmuj\u0105 pobliskie rezydencje, na tej samej dzia\u0142ce. Jednak ka\u017cda para ma osobn\u0105 plantacj\u0119.\r\n\r\n<iframe loading=\"lazy\" class=\"youtube-player\" style=\"border: 0;\" src=\"https:\/\/www.youtube.com\/embed\/XSt6aEdJ28Y?version=3&amp;rel=1&amp;fs=1&amp;autohide=2&amp;showsearch=0&amp;showinfo=1&amp;iv_load_policy=1&amp;wmode=transparent\" width=\"1140\" height=\"672\" allowfullscreen=\"allowfullscreen\"><\/iframe>\r\n<h3><\/h3>\r\n<h3 style=\"text-align: center;\">Maniery i szamanizm<\/h3>\r\nS\u0142owo u\u017cywane przez Manchiney do okre\u015blenia szamana to \u201eKarrunhoti\u201d.\r\n\r\n\u201eBy\u0142 Karrunhot\u00ed. Poszed\u0142em sam zabi\u0107, \u017ceby wypi\u0107 \u201ecip\u00f3\u201d. Poszed\u0142em tylko z osob\u0105, kt\u00f3ra mia\u0142a wyzdrowie\u0107. Przywi\u0105za\u0142 hamak do drzewa i pi\u0142. Nast\u0119pnego dnia z t\u0105 osob\u0105 wszystko by\u0142o w porz\u0105dku. By\u0142 po prostu jak Tuxau [przyw\u00f3dca polityczny], to by\u0142o co\u015b wi\u0119cej ni\u017c Tuxau. Zna\u0142em inne rzeczy, kt\u00f3re r\u00f3\u017cni\u0142y si\u0119 od Tuxau. Rozk\u0142ada\u0142 hamak i zaczyna\u0142 \u015bpiewa\u0107, a kiedy nadchodzi\u0142 czas, m\u00f3wi\u0142 \u201echod\u017a tutaj\u201d. Kto\u015b, kto by\u0142 chory, co m\u00f3g\u0142 z tego wyci\u0105gn\u0105\u0107, czego nie m\u00f3g\u0142. M\u00f3g\u0142 ssa\u0107. Nast\u0119pnego dnia czu\u0142 si\u0119 dobrze. (Charuto, syn s\u0142ynnego szamana Manchineri, Anan\u00edas Batista).\r\n\r\nZnakiem, \u017ce podmiot mo\u017ce zacz\u0105\u0107 przyswaja\u0107 techniki szamanizmu, jest spotkanie z istotami nadprzyrodzonymi, kt\u00f3re ucz\u0105 uczni\u00f3w szaman\u00f3w, takich jak \u201eCaboclinho del Mato\u201d, g\u0142\u00f3wnie podczas sesji ayahuaski.\r\n\r\nWed\u0142ug kosmologii \u201eCaboclinho del Mato\u201d to ma\u0142y cz\u0142owiek mieszkaj\u0105cy w g\u00f3rach. By\u0142 to Hindus, kt\u00f3ry by\u0142 zachwycony mo\u017cliwo\u015bci\u0105 tak cz\u0119stego usuwania trawy. Do \u015bwiata duchowego zosta\u0142 przeniesiony swoim cia\u0142em fizycznym, nie przechodz\u0105c przez \u015bmier\u0107. To on te\u017c zarz\u0105dza np. tym, ile mo\u017cna upolowa\u0107.\r\n\r\nNabycie mocy Karrunhot\u00ed, zanim zostanie pokonane, jest przekazywane osobie jako istocie fizycznej lub duchowej. Proces treningu Karrunhoti jest \u015brodkiem, dzi\u0119ki kt\u00f3remu cia\u0142o i umys\u0142 s\u0105 przygotowane na postrzeganie i otrzymywanie wiedzy.\r\n<h3 style=\"text-align: center;\">Maniery kosmologiczne<\/h3>\r\nDla Manchineri \u201einne \u015bwiaty\u201d mieszaj\u0105 si\u0119 z tym, nie wyr\u00f3\u017cniaj\u0105c wyra\u017anych barier. Manifestuj\u0105 si\u0119 one w zale\u017cno\u015bci od stanu \u015bwiadomo\u015bci, w jakim znajduje si\u0119 dana osoba. Chocia\u017c zmiany te niekoniecznie wi\u0105\u017c\u0105 si\u0119 ze stosowaniem substancji halucynogennych, wzrost tego stanu nast\u0119puje po za\u017cyciu ayahuaski, do\u015b\u0107 powszechnej w\u015br\u00f3d Manchineri.\r\n\r\nNa pocz\u0105tku czasu ludzie z \u201ecip\u00f3\u201d (lianas) zostali przemienieni w zaczarowane istoty, gdy zostali zabrani \u017cywcem do nieba. Istoty te pomagaj\u0105 szamanowi w jego zadaniach. Aby jednak p\u00f3j\u015b\u0107 do nieba, nale\u017cy powstrzyma\u0107 si\u0119 od \u015bwiata \u0142owiectwa. Inicjacja na szamana zmienia podmiot w z\u0142ego my\u015bliwego, poniewa\u017c potrafi rozmawia\u0107 ze zwierz\u0119tami i rozpoznawa\u0107 w nich krewnych, co utrudnia ich zabicie.\r\n\r\nWed\u0142ug mitologii ayahuask\u0119 odkryto w nast\u0119puj\u0105cy spos\u00f3b: szaman odnalaz\u0142 w g\u00f3rach istot\u0119, \u201ecip\u00f3\u201d, kt\u00f3ra przed identyfikacj\u0105 jako taka twierdzi, \u017ce jest kobiet\u0105. \u201eCip\u00f3\u201d podpowiada szamanowi, jak powinien przyst\u0105pi\u0107 do jego przygotowania i z czym powinien go wymiesza\u0107 \u2013 z li\u015b\u0107mi i przyprawami \u2013 aby efekt by\u0142 pe\u0142ny.\r\n\r\nZdaniem Manchineri w\u0142\u0105czenie soli do diety (efekt kontaktu z ludno\u015bci\u0105 nierdzenn\u0105) oznacza koniec mo\u017cliwo\u015bci przekszta\u0142cania cz\u0142owieka w istoty r\u00f3\u017cnorodne. W dzisiejszych czasach ludzie nie przekszta\u0142caj\u0105 si\u0119 ju\u017c w zwierz\u0119ta, poniewa\u017c maj\u0105 s\u00f3l w swoich cia\u0142ach. S\u00f3l, gdy si\u0119 pojawi, przerywa ci\u0105g\u0142o\u015b\u0107 mi\u0119dzy s\u0142odycz\u0105 a gorycz\u0105.\n","protected":false},"excerpt":{"rendered":"<p>To Rap\u00e9 jest produkowane przez ma\u0142e brazylijskie plemi\u0119 Manchineri.<\/p>\n<p>Jest to Rap\u00e9 szara, lekka i \u015bwie\u017ca. Tworz\u0105 go rdzenni mieszka\u0144cy maj\u0105cy bardzo szczeg\u00f3lny zwi\u0105zek z istotami natury. W\u015br\u00f3d jego sk\u0142adnik\u00f3w znajduje si\u0119 tyto\u0144 i \u015bwi\u0119te popio\u0142y z drzewa Thiwru (wizjonerskiego).<\/p>\n<p>Jak wskazuj\u0105 Manchineri: \u201eTa ro\u015blina \u0142\u0105czy nas z istotami natury\u201d. Manchineri Rap\u00e9 jest idealny do ceremonii, uzdrawiania duchowego oraz do otwierania i aktywowania wzroku.<\/p>\n<p>Jest to Rap\u00e9 najwy\u017cszej klasy, preparat mistrzowski i rzadki, gdy\u017c dost\u0119pna jest w limitowanych ilo\u015bciach.<\/p>\n","protected":false},"featured_media":0,"template":"","meta":{"_joinchat":[]},"product_brand":[],"product_cat":[183],"product_tag":[],"class_list":{"0":"post-10516","1":"product","2":"type-product","3":"status-publish","5":"product_cat-bez-kategorii","7":"first","8":"outofstock","9":"taxable","10":"shipping-taxable","11":"purchasable","12":"product-type-simple"},"yoast_head":"<!-- This site is optimized with the Yoast SEO plugin v27.4 - https:\/\/yoast.com\/product\/yoast-seo-wordpress\/ -->\n<title>Rap\u00e9 Manchinery Online - brazylijski rap\u00e9 z Amazonii<\/title>\n<meta name=\"description\" content=\"Ta Rap\u00e9 jest wytwarzana przez ma\u0142e brazylijskie plemi\u0119 Manchineri. Jest to Rap\u00e9 szarawa, lekka i \u015bwie\u017ca. Jest wytwarzany przez Hindus\u00f3w z bardzo szczeg\u00f3lnym po\u0142\u0105czeniem.\" \/>\n<meta name=\"robots\" content=\"index, follow, max-snippet:-1, max-image-preview:large, max-video-preview:-1\" \/>\n<link rel=\"canonical\" href=\"https:\/\/www.sinchisinchi.com\/pl\/producto\/rape-manchineri\/\" \/>\n<meta property=\"og:locale\" content=\"pl_PL\" \/>\n<meta property=\"og:type\" content=\"article\" \/>\n<meta property=\"og:title\" content=\"Rap\u00e9 Manchinery Online - brazylijski rap\u00e9 z Amazonii\" \/>\n<meta property=\"og:description\" content=\"Ta Rap\u00e9 jest wytwarzana przez ma\u0142e brazylijskie plemi\u0119 Manchineri. Jest to Rap\u00e9 szarawa, lekka i \u015bwie\u017ca. Jest wytwarzany przez Hindus\u00f3w z bardzo szczeg\u00f3lnym po\u0142\u0105czeniem.\" \/>\n<meta property=\"og:url\" content=\"https:\/\/www.sinchisinchi.com\/pl\/producto\/rape-manchineri\/\" \/>\n<meta property=\"og:site_name\" content=\"SINCHI RAP\u00c9\" \/>\n<meta property=\"article:publisher\" content=\"https:\/\/www.facebook.com\/sinchirape\/\" \/>\n<meta property=\"article:modified_time\" content=\"2023-11-04T21:26:03+00:00\" \/>\n<meta name=\"twitter:card\" content=\"summary_large_image\" \/>\n<meta name=\"twitter:label1\" content=\"Szacowany czas czytania\" \/>\n\t<meta name=\"twitter:data1\" content=\"3 minuty\" \/>\n<script type=\"application\/ld+json\" class=\"yoast-schema-graph\">{\"@context\":\"https:\\\/\\\/schema.org\",\"@graph\":[{\"@type\":\"WebPage\",\"@id\":\"https:\\\/\\\/www.sinchisinchi.com\\\/pl\\\/producto\\\/rape-manchineri\\\/\",\"url\":\"https:\\\/\\\/www.sinchisinchi.com\\\/pl\\\/producto\\\/rape-manchineri\\\/\",\"name\":\"Rap\u00e9 Manchinery Online - brazylijski rap\u00e9 z Amazonii\",\"isPartOf\":{\"@id\":\"https:\\\/\\\/www.sinchisinchi.com\\\/pl\\\/#website\"},\"datePublished\":\"2018-10-12T10:41:58+00:00\",\"dateModified\":\"2023-11-04T21:26:03+00:00\",\"description\":\"Ta Rap\u00e9 jest wytwarzana przez ma\u0142e brazylijskie plemi\u0119 Manchineri. Jest to Rap\u00e9 szarawa, lekka i \u015bwie\u017ca. Jest wytwarzany przez Hindus\u00f3w z bardzo szczeg\u00f3lnym po\u0142\u0105czeniem.\",\"breadcrumb\":{\"@id\":\"https:\\\/\\\/www.sinchisinchi.com\\\/pl\\\/producto\\\/rape-manchineri\\\/#breadcrumb\"},\"inLanguage\":\"pl-PL\",\"potentialAction\":[{\"@type\":\"ReadAction\",\"target\":[\"https:\\\/\\\/www.sinchisinchi.com\\\/pl\\\/producto\\\/rape-manchineri\\\/\"]}]},{\"@type\":\"BreadcrumbList\",\"@id\":\"https:\\\/\\\/www.sinchisinchi.com\\\/pl\\\/producto\\\/rape-manchineri\\\/#breadcrumb\",\"itemListElement\":[{\"@type\":\"ListItem\",\"position\":1,\"name\":\"Pierwsza strona\",\"item\":\"https:\\\/\\\/www.sinchisinchi.com\\\/pl\\\/\"},{\"@type\":\"ListItem\",\"position\":2,\"name\":\"Produkty\",\"item\":\"https:\\\/\\\/www.sinchisinchi.com\\\/pl\\\/shop\\\/\"},{\"@type\":\"ListItem\",\"position\":3,\"name\":\"Rap\u00e9 Manchineri\"}]},{\"@type\":\"WebSite\",\"@id\":\"https:\\\/\\\/www.sinchisinchi.com\\\/pl\\\/#website\",\"url\":\"https:\\\/\\\/www.sinchisinchi.com\\\/pl\\\/\",\"name\":\"SINCHI\",\"description\":\"Sinchi Medicine\",\"publisher\":{\"@id\":\"https:\\\/\\\/www.sinchisinchi.com\\\/pl\\\/#organization\"},\"potentialAction\":[{\"@type\":\"SearchAction\",\"target\":{\"@type\":\"EntryPoint\",\"urlTemplate\":\"https:\\\/\\\/www.sinchisinchi.com\\\/pl\\\/?s={search_term_string}\"},\"query-input\":{\"@type\":\"PropertyValueSpecification\",\"valueRequired\":true,\"valueName\":\"search_term_string\"}}],\"inLanguage\":\"pl-PL\"},{\"@type\":\"Organization\",\"@id\":\"https:\\\/\\\/www.sinchisinchi.com\\\/pl\\\/#organization\",\"name\":\"SINCHI S.L\",\"url\":\"https:\\\/\\\/www.sinchisinchi.com\\\/pl\\\/\",\"logo\":{\"@type\":\"ImageObject\",\"inLanguage\":\"pl-PL\",\"@id\":\"https:\\\/\\\/www.sinchisinchi.com\\\/pl\\\/#\\\/schema\\\/logo\\\/image\\\/\",\"url\":\"https:\\\/\\\/www.sinchisinchi.com\\\/wp-content\\\/uploads\\\/2026\\\/01\\\/3b-Verde-SIMPLIFICADO-HORIZONTAL-F-TRANSPARENTE-scaled.png\",\"contentUrl\":\"https:\\\/\\\/www.sinchisinchi.com\\\/wp-content\\\/uploads\\\/2026\\\/01\\\/3b-Verde-SIMPLIFICADO-HORIZONTAL-F-TRANSPARENTE-scaled.png\",\"width\":2560,\"height\":457,\"caption\":\"SINCHI S.L\"},\"image\":{\"@id\":\"https:\\\/\\\/www.sinchisinchi.com\\\/pl\\\/#\\\/schema\\\/logo\\\/image\\\/\"},\"sameAs\":[\"https:\\\/\\\/www.facebook.com\\\/sinchirape\\\/\",\"https:\\\/\\\/www.instagram.com\\\/sinchi_rape\\\/\"]}]}<\/script>\n<!-- \/ Yoast SEO plugin. -->","yoast_head_json":{"title":"Rap\u00e9 Manchinery Online - brazylijski rap\u00e9 z Amazonii","description":"Ta Rap\u00e9 jest wytwarzana przez ma\u0142e brazylijskie plemi\u0119 Manchineri. Jest to Rap\u00e9 szarawa, lekka i \u015bwie\u017ca. Jest wytwarzany przez Hindus\u00f3w z bardzo szczeg\u00f3lnym po\u0142\u0105czeniem.","robots":{"index":"index","follow":"follow","max-snippet":"max-snippet:-1","max-image-preview":"max-image-preview:large","max-video-preview":"max-video-preview:-1"},"canonical":"https:\/\/www.sinchisinchi.com\/pl\/producto\/rape-manchineri\/","og_locale":"pl_PL","og_type":"article","og_title":"Rap\u00e9 Manchinery Online - brazylijski rap\u00e9 z Amazonii","og_description":"Ta Rap\u00e9 jest wytwarzana przez ma\u0142e brazylijskie plemi\u0119 Manchineri. Jest to Rap\u00e9 szarawa, lekka i \u015bwie\u017ca. Jest wytwarzany przez Hindus\u00f3w z bardzo szczeg\u00f3lnym po\u0142\u0105czeniem.","og_url":"https:\/\/www.sinchisinchi.com\/pl\/producto\/rape-manchineri\/","og_site_name":"SINCHI RAP\u00c9","article_publisher":"https:\/\/www.facebook.com\/sinchirape\/","article_modified_time":"2023-11-04T21:26:03+00:00","twitter_card":"summary_large_image","twitter_misc":{"Szacowany czas czytania":"3 minuty"},"schema":{"@context":"https:\/\/schema.org","@graph":[{"@type":"WebPage","@id":"https:\/\/www.sinchisinchi.com\/pl\/producto\/rape-manchineri\/","url":"https:\/\/www.sinchisinchi.com\/pl\/producto\/rape-manchineri\/","name":"Rap\u00e9 Manchinery Online - brazylijski rap\u00e9 z Amazonii","isPartOf":{"@id":"https:\/\/www.sinchisinchi.com\/pl\/#website"},"datePublished":"2018-10-12T10:41:58+00:00","dateModified":"2023-11-04T21:26:03+00:00","description":"Ta Rap\u00e9 jest wytwarzana przez ma\u0142e brazylijskie plemi\u0119 Manchineri. Jest to Rap\u00e9 szarawa, lekka i \u015bwie\u017ca. Jest wytwarzany przez Hindus\u00f3w z bardzo szczeg\u00f3lnym po\u0142\u0105czeniem.","breadcrumb":{"@id":"https:\/\/www.sinchisinchi.com\/pl\/producto\/rape-manchineri\/#breadcrumb"},"inLanguage":"pl-PL","potentialAction":[{"@type":"ReadAction","target":["https:\/\/www.sinchisinchi.com\/pl\/producto\/rape-manchineri\/"]}]},{"@type":"BreadcrumbList","@id":"https:\/\/www.sinchisinchi.com\/pl\/producto\/rape-manchineri\/#breadcrumb","itemListElement":[{"@type":"ListItem","position":1,"name":"Pierwsza strona","item":"https:\/\/www.sinchisinchi.com\/pl\/"},{"@type":"ListItem","position":2,"name":"Produkty","item":"https:\/\/www.sinchisinchi.com\/pl\/shop\/"},{"@type":"ListItem","position":3,"name":"Rap\u00e9 Manchineri"}]},{"@type":"WebSite","@id":"https:\/\/www.sinchisinchi.com\/pl\/#website","url":"https:\/\/www.sinchisinchi.com\/pl\/","name":"SINCHI","description":"Sinchi Medicine","publisher":{"@id":"https:\/\/www.sinchisinchi.com\/pl\/#organization"},"potentialAction":[{"@type":"SearchAction","target":{"@type":"EntryPoint","urlTemplate":"https:\/\/www.sinchisinchi.com\/pl\/?s={search_term_string}"},"query-input":{"@type":"PropertyValueSpecification","valueRequired":true,"valueName":"search_term_string"}}],"inLanguage":"pl-PL"},{"@type":"Organization","@id":"https:\/\/www.sinchisinchi.com\/pl\/#organization","name":"SINCHI S.L","url":"https:\/\/www.sinchisinchi.com\/pl\/","logo":{"@type":"ImageObject","inLanguage":"pl-PL","@id":"https:\/\/www.sinchisinchi.com\/pl\/#\/schema\/logo\/image\/","url":"https:\/\/www.sinchisinchi.com\/wp-content\/uploads\/2026\/01\/3b-Verde-SIMPLIFICADO-HORIZONTAL-F-TRANSPARENTE-scaled.png","contentUrl":"https:\/\/www.sinchisinchi.com\/wp-content\/uploads\/2026\/01\/3b-Verde-SIMPLIFICADO-HORIZONTAL-F-TRANSPARENTE-scaled.png","width":2560,"height":457,"caption":"SINCHI S.L"},"image":{"@id":"https:\/\/www.sinchisinchi.com\/pl\/#\/schema\/logo\/image\/"},"sameAs":["https:\/\/www.facebook.com\/sinchirape\/","https:\/\/www.instagram.com\/sinchi_rape\/"]}]}},"_links":{"self":[{"href":"https:\/\/www.sinchisinchi.com\/pl\/wp-json\/wp\/v2\/product\/10516","targetHints":{"allow":["GET"]}}],"collection":[{"href":"https:\/\/www.sinchisinchi.com\/pl\/wp-json\/wp\/v2\/product"}],"about":[{"href":"https:\/\/www.sinchisinchi.com\/pl\/wp-json\/wp\/v2\/types\/product"}],"wp:attachment":[{"href":"https:\/\/www.sinchisinchi.com\/pl\/wp-json\/wp\/v2\/media?parent=10516"}],"wp:term":[{"taxonomy":"product_brand","embeddable":true,"href":"https:\/\/www.sinchisinchi.com\/pl\/wp-json\/wp\/v2\/product_brand?post=10516"},{"taxonomy":"product_cat","embeddable":true,"href":"https:\/\/www.sinchisinchi.com\/pl\/wp-json\/wp\/v2\/product_cat?post=10516"},{"taxonomy":"product_tag","embeddable":true,"href":"https:\/\/www.sinchisinchi.com\/pl\/wp-json\/wp\/v2\/product_tag?post=10516"}],"curies":[{"name":"wp","href":"https:\/\/api.w.org\/{rel}","templated":true}]}}