{"id":11433,"date":"2023-12-15T23:01:32","date_gmt":"2023-12-15T23:01:32","guid":{"rendered":"https:\/\/www.sinchisinchi.com\/producto\/piolun\/"},"modified":"2023-12-15T23:01:32","modified_gmt":"2023-12-15T23:01:32","slug":"piolun","status":"publish","type":"product","link":"https:\/\/www.sinchisinchi.com\/pl\/producto\/piolun\/","title":{"rendered":"Pio\u0142un"},"content":{"rendered":"<h3 style=\"text-align: center;\"><span style=\"color: #000000;\">Wi\u0105zanie li\u015bci pio\u0142unu<\/span><\/h3>\n","protected":false},"excerpt":{"rendered":"<p><span style=\"color: #000000;\">Wi\u0105zanie li\u015bci pio\u0142unu starannie wybranych i pogrupowanych do wykorzystania jako kadzid\u0142o.<\/span><\/p>\n<p>&nbsp;<\/p>\n<p><span style=\"color: #000000;\">Pio\u0142un by\u0142 historycznie kojarzony ze zdolno\u015bci\u0105 do wzmacniania jasnowidzenia i u\u0142atwiania do\u015bwiadcze\u0144 wizjonerskich poprzez otwieranie umys\u0142u na g\u0142\u0119bsze spostrze\u017cenia. Ma zdolno\u015b\u0107 wzmacniania intuicji i zdolno\u015bci psychicznych.<\/span><\/p>\n<p>&nbsp;<\/p>\n<p><span style=\"color: #000000;\">Pio\u0142un (Artemisia absinthium) to ro\u015blina nale\u017c\u0105ca do rodzaju Artemisia, charakteryzuj\u0105ca si\u0119 srebrzysto-zielonym kolorem i drobno ow\u0142osion\u0105 konsystencj\u0105. Kwiaty s\u0105 ma\u0142e, od \u017c\u00f3\u0142tego do zielonego, zebrane w g\u0119ste grona na szczytach \u0142odyg.<\/span><\/p>\n<p>&nbsp;<\/p>\n<p><span style=\"color: #000000;\">Wykorzystywany jest tak\u017ce w rytua\u0142ach oczyszczaj\u0105cych, oczyszczaj\u0105cych i ochronnych.<\/span><\/p>\n","protected":false},"featured_media":11372,"template":"","meta":{"_joinchat":[]},"product_brand":[],"product_cat":[269],"product_tag":[],"class_list":{"0":"post-11433","1":"product","2":"type-product","3":"status-publish","4":"has-post-thumbnail","6":"product_cat-sage-2-pl","8":"first","9":"instock","10":"taxable","11":"shipping-taxable","12":"purchasable","13":"product-type-simple"},"yoast_head":"<!-- This site is optimized with the Yoast SEO plugin v27.4 - https:\/\/yoast.com\/product\/yoast-seo-wordpress\/ -->\n<title>Pakowanie li\u015bci pio\u0142unu dla Sahumerio: Sklep szama\u0144ski<\/title>\n<meta name=\"description\" content=\"Pio\u0142un ma zdolno\u015b\u0107 wzmacniania jasnowidzenia i u\u0142atwiania do\u015bwiadcze\u0144 wizjonerskich, otwieraj\u0105c umys\u0142 na g\u0142\u0119bsze spostrze\u017cenia.\" \/>\n<meta name=\"robots\" content=\"index, follow, max-snippet:-1, max-image-preview:large, max-video-preview:-1\" \/>\n<link rel=\"canonical\" href=\"https:\/\/www.sinchisinchi.com\/pl\/producto\/piolun\/\" \/>\n<meta property=\"og:locale\" content=\"pl_PL\" \/>\n<meta property=\"og:type\" content=\"article\" \/>\n<meta property=\"og:title\" content=\"Pakowanie li\u015bci pio\u0142unu dla Sahumerio: Sklep szama\u0144ski\" \/>\n<meta property=\"og:description\" content=\"Pio\u0142un ma zdolno\u015b\u0107 wzmacniania jasnowidzenia i u\u0142atwiania do\u015bwiadcze\u0144 wizjonerskich, otwieraj\u0105c umys\u0142 na g\u0142\u0119bsze spostrze\u017cenia.\" \/>\n<meta property=\"og:url\" content=\"https:\/\/www.sinchisinchi.com\/pl\/producto\/piolun\/\" \/>\n<meta property=\"og:site_name\" content=\"SINCHI RAP\u00c9\" \/>\n<meta property=\"article:publisher\" content=\"https:\/\/www.facebook.com\/sinchirape\/\" \/>\n<meta property=\"og:image\" content=\"https:\/\/www.sinchisinchi.com\/wp-content\/uploads\/2023\/12\/3-Ajenjo-B.jpeg\" \/>\n\t<meta property=\"og:image:width\" content=\"1000\" \/>\n\t<meta property=\"og:image:height\" content=\"1000\" \/>\n\t<meta property=\"og:image:type\" content=\"image\/jpeg\" \/>\n<meta name=\"twitter:card\" content=\"summary_large_image\" \/>\n<script type=\"application\/ld+json\" class=\"yoast-schema-graph\">{\"@context\":\"https:\\\/\\\/schema.org\",\"@graph\":[{\"@type\":\"WebPage\",\"@id\":\"https:\\\/\\\/www.sinchisinchi.com\\\/pl\\\/producto\\\/piolun\\\/\",\"url\":\"https:\\\/\\\/www.sinchisinchi.com\\\/pl\\\/producto\\\/piolun\\\/\",\"name\":\"Pakowanie li\u015bci pio\u0142unu dla Sahumerio: Sklep szama\u0144ski\",\"isPartOf\":{\"@id\":\"https:\\\/\\\/www.sinchisinchi.com\\\/pl\\\/#website\"},\"primaryImageOfPage\":{\"@id\":\"https:\\\/\\\/www.sinchisinchi.com\\\/pl\\\/producto\\\/piolun\\\/#primaryimage\"},\"image\":{\"@id\":\"https:\\\/\\\/www.sinchisinchi.com\\\/pl\\\/producto\\\/piolun\\\/#primaryimage\"},\"thumbnailUrl\":\"https:\\\/\\\/www.sinchisinchi.com\\\/wp-content\\\/uploads\\\/2023\\\/12\\\/3-Ajenjo-B.jpeg\",\"datePublished\":\"2023-12-15T23:01:32+00:00\",\"description\":\"Pio\u0142un ma zdolno\u015b\u0107 wzmacniania jasnowidzenia i u\u0142atwiania do\u015bwiadcze\u0144 wizjonerskich, otwieraj\u0105c umys\u0142 na g\u0142\u0119bsze spostrze\u017cenia.\",\"breadcrumb\":{\"@id\":\"https:\\\/\\\/www.sinchisinchi.com\\\/pl\\\/producto\\\/piolun\\\/#breadcrumb\"},\"inLanguage\":\"pl-PL\",\"potentialAction\":[{\"@type\":\"ReadAction\",\"target\":[\"https:\\\/\\\/www.sinchisinchi.com\\\/pl\\\/producto\\\/piolun\\\/\"]}]},{\"@type\":\"ImageObject\",\"inLanguage\":\"pl-PL\",\"@id\":\"https:\\\/\\\/www.sinchisinchi.com\\\/pl\\\/producto\\\/piolun\\\/#primaryimage\",\"url\":\"https:\\\/\\\/www.sinchisinchi.com\\\/wp-content\\\/uploads\\\/2023\\\/12\\\/3-Ajenjo-B.jpeg\",\"contentUrl\":\"https:\\\/\\\/www.sinchisinchi.com\\\/wp-content\\\/uploads\\\/2023\\\/12\\\/3-Ajenjo-B.jpeg\",\"width\":1000,\"height\":1000},{\"@type\":\"BreadcrumbList\",\"@id\":\"https:\\\/\\\/www.sinchisinchi.com\\\/pl\\\/producto\\\/piolun\\\/#breadcrumb\",\"itemListElement\":[{\"@type\":\"ListItem\",\"position\":1,\"name\":\"Pierwsza strona\",\"item\":\"https:\\\/\\\/www.sinchisinchi.com\\\/pl\\\/\"},{\"@type\":\"ListItem\",\"position\":2,\"name\":\"Produkty\",\"item\":\"https:\\\/\\\/www.sinchisinchi.com\\\/pl\\\/shop\\\/\"},{\"@type\":\"ListItem\",\"position\":3,\"name\":\"Pio\u0142un\"}]},{\"@type\":\"WebSite\",\"@id\":\"https:\\\/\\\/www.sinchisinchi.com\\\/pl\\\/#website\",\"url\":\"https:\\\/\\\/www.sinchisinchi.com\\\/pl\\\/\",\"name\":\"SINCHI\",\"description\":\"Sinchi Medicine\",\"publisher\":{\"@id\":\"https:\\\/\\\/www.sinchisinchi.com\\\/pl\\\/#organization\"},\"potentialAction\":[{\"@type\":\"SearchAction\",\"target\":{\"@type\":\"EntryPoint\",\"urlTemplate\":\"https:\\\/\\\/www.sinchisinchi.com\\\/pl\\\/?s={search_term_string}\"},\"query-input\":{\"@type\":\"PropertyValueSpecification\",\"valueRequired\":true,\"valueName\":\"search_term_string\"}}],\"inLanguage\":\"pl-PL\"},{\"@type\":\"Organization\",\"@id\":\"https:\\\/\\\/www.sinchisinchi.com\\\/pl\\\/#organization\",\"name\":\"SINCHI S.L\",\"url\":\"https:\\\/\\\/www.sinchisinchi.com\\\/pl\\\/\",\"logo\":{\"@type\":\"ImageObject\",\"inLanguage\":\"pl-PL\",\"@id\":\"https:\\\/\\\/www.sinchisinchi.com\\\/pl\\\/#\\\/schema\\\/logo\\\/image\\\/\",\"url\":\"https:\\\/\\\/www.sinchisinchi.com\\\/wp-content\\\/uploads\\\/2026\\\/01\\\/3b-Verde-SIMPLIFICADO-HORIZONTAL-F-TRANSPARENTE-scaled.png\",\"contentUrl\":\"https:\\\/\\\/www.sinchisinchi.com\\\/wp-content\\\/uploads\\\/2026\\\/01\\\/3b-Verde-SIMPLIFICADO-HORIZONTAL-F-TRANSPARENTE-scaled.png\",\"width\":2560,\"height\":457,\"caption\":\"SINCHI S.L\"},\"image\":{\"@id\":\"https:\\\/\\\/www.sinchisinchi.com\\\/pl\\\/#\\\/schema\\\/logo\\\/image\\\/\"},\"sameAs\":[\"https:\\\/\\\/www.facebook.com\\\/sinchirape\\\/\",\"https:\\\/\\\/www.instagram.com\\\/sinchi_rape\\\/\"]}]}<\/script>\n<!-- \/ Yoast SEO plugin. -->","yoast_head_json":{"title":"Pakowanie li\u015bci pio\u0142unu dla Sahumerio: Sklep szama\u0144ski","description":"Pio\u0142un ma zdolno\u015b\u0107 wzmacniania jasnowidzenia i u\u0142atwiania do\u015bwiadcze\u0144 wizjonerskich, otwieraj\u0105c umys\u0142 na g\u0142\u0119bsze spostrze\u017cenia.","robots":{"index":"index","follow":"follow","max-snippet":"max-snippet:-1","max-image-preview":"max-image-preview:large","max-video-preview":"max-video-preview:-1"},"canonical":"https:\/\/www.sinchisinchi.com\/pl\/producto\/piolun\/","og_locale":"pl_PL","og_type":"article","og_title":"Pakowanie li\u015bci pio\u0142unu dla Sahumerio: Sklep szama\u0144ski","og_description":"Pio\u0142un ma zdolno\u015b\u0107 wzmacniania jasnowidzenia i u\u0142atwiania do\u015bwiadcze\u0144 wizjonerskich, otwieraj\u0105c umys\u0142 na g\u0142\u0119bsze spostrze\u017cenia.","og_url":"https:\/\/www.sinchisinchi.com\/pl\/producto\/piolun\/","og_site_name":"SINCHI RAP\u00c9","article_publisher":"https:\/\/www.facebook.com\/sinchirape\/","og_image":[{"width":1000,"height":1000,"url":"https:\/\/www.sinchisinchi.com\/wp-content\/uploads\/2023\/12\/3-Ajenjo-B.jpeg","type":"image\/jpeg"}],"twitter_card":"summary_large_image","schema":{"@context":"https:\/\/schema.org","@graph":[{"@type":"WebPage","@id":"https:\/\/www.sinchisinchi.com\/pl\/producto\/piolun\/","url":"https:\/\/www.sinchisinchi.com\/pl\/producto\/piolun\/","name":"Pakowanie li\u015bci pio\u0142unu dla Sahumerio: Sklep szama\u0144ski","isPartOf":{"@id":"https:\/\/www.sinchisinchi.com\/pl\/#website"},"primaryImageOfPage":{"@id":"https:\/\/www.sinchisinchi.com\/pl\/producto\/piolun\/#primaryimage"},"image":{"@id":"https:\/\/www.sinchisinchi.com\/pl\/producto\/piolun\/#primaryimage"},"thumbnailUrl":"https:\/\/www.sinchisinchi.com\/wp-content\/uploads\/2023\/12\/3-Ajenjo-B.jpeg","datePublished":"2023-12-15T23:01:32+00:00","description":"Pio\u0142un ma zdolno\u015b\u0107 wzmacniania jasnowidzenia i u\u0142atwiania do\u015bwiadcze\u0144 wizjonerskich, otwieraj\u0105c umys\u0142 na g\u0142\u0119bsze spostrze\u017cenia.","breadcrumb":{"@id":"https:\/\/www.sinchisinchi.com\/pl\/producto\/piolun\/#breadcrumb"},"inLanguage":"pl-PL","potentialAction":[{"@type":"ReadAction","target":["https:\/\/www.sinchisinchi.com\/pl\/producto\/piolun\/"]}]},{"@type":"ImageObject","inLanguage":"pl-PL","@id":"https:\/\/www.sinchisinchi.com\/pl\/producto\/piolun\/#primaryimage","url":"https:\/\/www.sinchisinchi.com\/wp-content\/uploads\/2023\/12\/3-Ajenjo-B.jpeg","contentUrl":"https:\/\/www.sinchisinchi.com\/wp-content\/uploads\/2023\/12\/3-Ajenjo-B.jpeg","width":1000,"height":1000},{"@type":"BreadcrumbList","@id":"https:\/\/www.sinchisinchi.com\/pl\/producto\/piolun\/#breadcrumb","itemListElement":[{"@type":"ListItem","position":1,"name":"Pierwsza strona","item":"https:\/\/www.sinchisinchi.com\/pl\/"},{"@type":"ListItem","position":2,"name":"Produkty","item":"https:\/\/www.sinchisinchi.com\/pl\/shop\/"},{"@type":"ListItem","position":3,"name":"Pio\u0142un"}]},{"@type":"WebSite","@id":"https:\/\/www.sinchisinchi.com\/pl\/#website","url":"https:\/\/www.sinchisinchi.com\/pl\/","name":"SINCHI","description":"Sinchi Medicine","publisher":{"@id":"https:\/\/www.sinchisinchi.com\/pl\/#organization"},"potentialAction":[{"@type":"SearchAction","target":{"@type":"EntryPoint","urlTemplate":"https:\/\/www.sinchisinchi.com\/pl\/?s={search_term_string}"},"query-input":{"@type":"PropertyValueSpecification","valueRequired":true,"valueName":"search_term_string"}}],"inLanguage":"pl-PL"},{"@type":"Organization","@id":"https:\/\/www.sinchisinchi.com\/pl\/#organization","name":"SINCHI S.L","url":"https:\/\/www.sinchisinchi.com\/pl\/","logo":{"@type":"ImageObject","inLanguage":"pl-PL","@id":"https:\/\/www.sinchisinchi.com\/pl\/#\/schema\/logo\/image\/","url":"https:\/\/www.sinchisinchi.com\/wp-content\/uploads\/2026\/01\/3b-Verde-SIMPLIFICADO-HORIZONTAL-F-TRANSPARENTE-scaled.png","contentUrl":"https:\/\/www.sinchisinchi.com\/wp-content\/uploads\/2026\/01\/3b-Verde-SIMPLIFICADO-HORIZONTAL-F-TRANSPARENTE-scaled.png","width":2560,"height":457,"caption":"SINCHI S.L"},"image":{"@id":"https:\/\/www.sinchisinchi.com\/pl\/#\/schema\/logo\/image\/"},"sameAs":["https:\/\/www.facebook.com\/sinchirape\/","https:\/\/www.instagram.com\/sinchi_rape\/"]}]}},"_links":{"self":[{"href":"https:\/\/www.sinchisinchi.com\/pl\/wp-json\/wp\/v2\/product\/11433","targetHints":{"allow":["GET"]}}],"collection":[{"href":"https:\/\/www.sinchisinchi.com\/pl\/wp-json\/wp\/v2\/product"}],"about":[{"href":"https:\/\/www.sinchisinchi.com\/pl\/wp-json\/wp\/v2\/types\/product"}],"wp:featuredmedia":[{"embeddable":true,"href":"https:\/\/www.sinchisinchi.com\/pl\/wp-json\/wp\/v2\/media\/11372"}],"wp:attachment":[{"href":"https:\/\/www.sinchisinchi.com\/pl\/wp-json\/wp\/v2\/media?parent=11433"}],"wp:term":[{"taxonomy":"product_brand","embeddable":true,"href":"https:\/\/www.sinchisinchi.com\/pl\/wp-json\/wp\/v2\/product_brand?post=11433"},{"taxonomy":"product_cat","embeddable":true,"href":"https:\/\/www.sinchisinchi.com\/pl\/wp-json\/wp\/v2\/product_cat?post=11433"},{"taxonomy":"product_tag","embeddable":true,"href":"https:\/\/www.sinchisinchi.com\/pl\/wp-json\/wp\/v2\/product_tag?post=11433"}],"curies":[{"name":"wp","href":"https:\/\/api.w.org\/{rel}","templated":true}]}}