{"id":11871,"date":"2024-01-23T12:31:36","date_gmt":"2024-01-23T12:31:36","guid":{"rendered":"https:\/\/www.sinchisinchi.com\/producto\/palo-santo-300-gr\/"},"modified":"2024-04-24T07:42:32","modified_gmt":"2024-04-24T07:42:32","slug":"palo-santo-300-gr","status":"publish","type":"product","link":"https:\/\/www.sinchisinchi.com\/pl\/producto\/palo-santo-300-gr\/","title":{"rendered":"Palo Santo 300 gr"},"content":{"rendered":"<h2 style=\"text-align: center;\"><strong><span style=\"color: #000000;\">Palo Santo, \u015bwi\u0119te drzewo<\/span><\/strong><\/h2>\n<p><span style=\"color: #000000;\">Po naturalnym upadku drzewa drewno to musi si\u0119 naturalnie utwardza\u0107, co zajmuje szacunkowo od 4 do 8 lat, podczas kt\u00f3rego r\u00f3\u017cne owady i ma\u0142e zwierz\u0119ta osiedlaj\u0105 si\u0119 po ca\u0142ym drewnie, przekszta\u0142caj\u0105c soki i pie\u0144. Po tym d\u0142ugim procesie drewno to mo\u017cna zbiera\u0107 z las\u00f3w i nabra\u0142o ju\u017c silnego i niepowtarzalnego aromatu Palo Santo.<\/span><\/p>\n<p><span style=\"color: #000000;\">Obecnie w Peru i Ekwadorze obowi\u0105zuj\u0105 szczeg\u00f3\u0142owe przepisy dotycz\u0105ce pozyskiwania drewna Palo Santo, a wycinanie drzewa jest nielegalne. Je\u015bli jednak Palo Santo uzyskuje si\u0119 z drzewa \u015bci\u0119tego za \u017cycia, wiadomo, \u017ce nie dochowano naturalnego czasu ca\u0142ego procesu, gdy\u017c w rezultacie otrzymuje si\u0119 drewno pozbawione aromatu, kt\u00f3re szybko si\u0119 pali i ma \u017c\u00f3\u0142t\u0105 barw\u0119. bardzo jasny, prawie bia\u0142y. Aromat powinien by\u0107 s\u0142odki i drzewny.<\/span><\/p>\n<p><span style=\"color: #000000;\">Peruwia\u0144skie Palo Santo nie jest uwa\u017cane za drzewo zagro\u017cone. Istniej\u0105 inne gatunki Palo Santo wyst\u0119puj\u0105ce na Wyspach Galapagos, w Meksyku, Chile, Boliwii, Urugwaju, Paragwaju, Argentynie i Brazylii, takie jak Bulnesia sarmientoi, Bursera malacophylla, Guaiacum officinale, Guaiacum sanctum, z kt\u00f3rych niekt\u00f3re s\u0105 wymienione na li\u015bcie \u201egatunki zagro\u017cone\u201d przez Mi\u0119dzynarodow\u0105 Uni\u0119 Ochrony Przyrody (IUCN), ale nie s\u0105 to aromatyczne, aromatyczne drewno u\u017cywane od wiek\u00f3w i znane na ca\u0142ym \u015bwiecie jako Palo Santo.<\/span><\/p>\n<p><span style=\"color: #000000;\">Wygl\u0105d Palo Santo poprzez \u017c\u00f3\u0142tawe lub pomara\u0144czowe ubarwienie wskazuje, czy jest to gatunek Bursera Graveolens, przy czym im ciemniejsze jest jego ubarwienie, tym d\u0142u\u017cej odpoczywa\u0142 w lesie i mia\u0142 wi\u0119cej czasu na proces przemiany.<\/span><\/p>\n<p><span style=\"color: #000000;\">Opr\u00f3cz kadzid\u0142a lub \u015brodka odstraszaj\u0105cego owady jest r\u00f3wnie\u017c uwa\u017cana za ro\u015blin\u0119 lecznicz\u0105; Napar z li\u015bci \u0142agodzi ataki kaszlu. Drewno to stosuje si\u0119 tak\u017ce w postaci herbaty, poprzez wywar, w celu \u0142agodzenia objaw\u00f3w grypy, takich jak kaszel i gor\u0105czka, i powinno by\u0107 stosowane w ma\u0142ych ilo\u015bciach, poniewa\u017c jego smak jest bardzo gorzki.<\/span><\/p>\n","protected":false},"excerpt":{"rendered":"<p><span style=\"color: #000000;\">Drzewo Palo Santo (Bursera Graeolens) wyst\u0119puje endemicznie w p\u00f3\u0142nocnym Peru i po\u0142udniowym Ekwadorze. Zamieszkuje ekosystemy l\u0105dowe, suche lasy i lasy tropikalne, od poziomu morza do 600 metr\u00f3w nad poziomem morza.<\/span><\/p>\n<p>&nbsp;<\/p>\n<p><span style=\"color: #000000;\">Palo Santo od wiek\u00f3w znane jest jako ro\u015blina magiczna i \u015bwi\u0119ta. Jest to \u015bredniej wielko\u015bci drzewo osi\u0105gaj\u0105ce od 4 do 6 metr\u00f3w wysoko\u015bci. Ich \u015brednia d\u0142ugo\u015b\u0107 \u017cycia wynosi od 80 do 100 lat.<\/span><\/p>\n<p>&nbsp;<\/p>\n<p><span style=\"color: #000000;\"><strong>Nazwa naukowa:<\/strong> Bursera Graveolens<\/span><\/p>\n<p>&nbsp;<\/p>\n<p><span style=\"color: #000000;\"><strong>Pochodzenie:<\/strong> Peru<\/span><\/p>\n<p>&nbsp;<\/p>\n<p><span style=\"color: #000000;\"><strong>Zapach:<\/strong> Ciep\u0142y, drzewny, s\u0142odki<\/span><\/p>\n","protected":false},"featured_media":11861,"template":"","meta":{"_joinchat":[]},"product_brand":[],"product_cat":[198],"product_tag":[],"class_list":{"0":"post-11871","1":"product","2":"type-product","3":"status-publish","4":"has-post-thumbnail","6":"product_cat-incense-pl","8":"first","9":"instock","10":"taxable","11":"shipping-taxable","12":"purchasable","13":"product-type-simple"},"yoast_head":"<!-- This site is optimized with the Yoast SEO plugin v27.4 - https:\/\/yoast.com\/product\/yoast-seo-wordpress\/ -->\n<title>Kup Palo Santo w Internecie: szama\u0144ski sklep z kadzid\u0142ami.<\/title>\n<meta name=\"description\" content=\"Palo Santo jest znane od tysi\u0119cy lat jako magiczne i \u015bwi\u0119te drzewo wykorzystywane ze wzgl\u0119du na swoje w\u0142a\u015bciwo\u015bci oczyszczaj\u0105ce i \u0142\u0105cz\u0105ce.\" \/>\n<meta name=\"robots\" content=\"index, follow, max-snippet:-1, max-image-preview:large, max-video-preview:-1\" \/>\n<link rel=\"canonical\" href=\"https:\/\/www.sinchisinchi.com\/pl\/producto\/palo-santo-300-gr\/\" \/>\n<meta property=\"og:locale\" content=\"pl_PL\" \/>\n<meta property=\"og:type\" content=\"article\" \/>\n<meta property=\"og:title\" content=\"Kup Palo Santo w Internecie: szama\u0144ski sklep z kadzid\u0142ami.\" \/>\n<meta property=\"og:description\" content=\"Palo Santo jest znane od tysi\u0119cy lat jako magiczne i \u015bwi\u0119te drzewo wykorzystywane ze wzgl\u0119du na swoje w\u0142a\u015bciwo\u015bci oczyszczaj\u0105ce i \u0142\u0105cz\u0105ce.\" \/>\n<meta property=\"og:url\" content=\"https:\/\/www.sinchisinchi.com\/pl\/producto\/palo-santo-300-gr\/\" \/>\n<meta property=\"og:site_name\" content=\"SINCHI RAP\u00c9\" \/>\n<meta property=\"article:publisher\" content=\"https:\/\/www.facebook.com\/sinchirape\/\" \/>\n<meta property=\"article:modified_time\" content=\"2024-04-24T07:42:32+00:00\" \/>\n<meta property=\"og:image\" content=\"https:\/\/www.sinchisinchi.com\/wp-content\/uploads\/2024\/01\/1-Palo-santo-300gr.jpg\" \/>\n\t<meta property=\"og:image:width\" content=\"1000\" \/>\n\t<meta property=\"og:image:height\" content=\"1000\" \/>\n\t<meta property=\"og:image:type\" content=\"image\/jpeg\" \/>\n<meta name=\"twitter:card\" content=\"summary_large_image\" \/>\n<meta name=\"twitter:label1\" content=\"Szacowany czas czytania\" \/>\n\t<meta name=\"twitter:data1\" content=\"2 minuty\" \/>\n<script type=\"application\/ld+json\" class=\"yoast-schema-graph\">{\"@context\":\"https:\\\/\\\/schema.org\",\"@graph\":[{\"@type\":\"WebPage\",\"@id\":\"https:\\\/\\\/www.sinchisinchi.com\\\/pl\\\/producto\\\/palo-santo-300-gr\\\/\",\"url\":\"https:\\\/\\\/www.sinchisinchi.com\\\/pl\\\/producto\\\/palo-santo-300-gr\\\/\",\"name\":\"Kup Palo Santo w Internecie: szama\u0144ski sklep z kadzid\u0142ami.\",\"isPartOf\":{\"@id\":\"https:\\\/\\\/www.sinchisinchi.com\\\/pl\\\/#website\"},\"primaryImageOfPage\":{\"@id\":\"https:\\\/\\\/www.sinchisinchi.com\\\/pl\\\/producto\\\/palo-santo-300-gr\\\/#primaryimage\"},\"image\":{\"@id\":\"https:\\\/\\\/www.sinchisinchi.com\\\/pl\\\/producto\\\/palo-santo-300-gr\\\/#primaryimage\"},\"thumbnailUrl\":\"https:\\\/\\\/www.sinchisinchi.com\\\/wp-content\\\/uploads\\\/2024\\\/01\\\/1-Palo-santo-300gr.jpg\",\"datePublished\":\"2024-01-23T12:31:36+00:00\",\"dateModified\":\"2024-04-24T07:42:32+00:00\",\"description\":\"Palo Santo jest znane od tysi\u0119cy lat jako magiczne i \u015bwi\u0119te drzewo wykorzystywane ze wzgl\u0119du na swoje w\u0142a\u015bciwo\u015bci oczyszczaj\u0105ce i \u0142\u0105cz\u0105ce.\",\"breadcrumb\":{\"@id\":\"https:\\\/\\\/www.sinchisinchi.com\\\/pl\\\/producto\\\/palo-santo-300-gr\\\/#breadcrumb\"},\"inLanguage\":\"pl-PL\",\"potentialAction\":[{\"@type\":\"ReadAction\",\"target\":[\"https:\\\/\\\/www.sinchisinchi.com\\\/pl\\\/producto\\\/palo-santo-300-gr\\\/\"]}]},{\"@type\":\"ImageObject\",\"inLanguage\":\"pl-PL\",\"@id\":\"https:\\\/\\\/www.sinchisinchi.com\\\/pl\\\/producto\\\/palo-santo-300-gr\\\/#primaryimage\",\"url\":\"https:\\\/\\\/www.sinchisinchi.com\\\/wp-content\\\/uploads\\\/2024\\\/01\\\/1-Palo-santo-300gr.jpg\",\"contentUrl\":\"https:\\\/\\\/www.sinchisinchi.com\\\/wp-content\\\/uploads\\\/2024\\\/01\\\/1-Palo-santo-300gr.jpg\",\"width\":1000,\"height\":1000},{\"@type\":\"BreadcrumbList\",\"@id\":\"https:\\\/\\\/www.sinchisinchi.com\\\/pl\\\/producto\\\/palo-santo-300-gr\\\/#breadcrumb\",\"itemListElement\":[{\"@type\":\"ListItem\",\"position\":1,\"name\":\"Pierwsza strona\",\"item\":\"https:\\\/\\\/www.sinchisinchi.com\\\/pl\\\/\"},{\"@type\":\"ListItem\",\"position\":2,\"name\":\"Produkty\",\"item\":\"https:\\\/\\\/www.sinchisinchi.com\\\/pl\\\/shop\\\/\"},{\"@type\":\"ListItem\",\"position\":3,\"name\":\"Palo Santo 300 gr\"}]},{\"@type\":\"WebSite\",\"@id\":\"https:\\\/\\\/www.sinchisinchi.com\\\/pl\\\/#website\",\"url\":\"https:\\\/\\\/www.sinchisinchi.com\\\/pl\\\/\",\"name\":\"SINCHI\",\"description\":\"Sinchi Medicine\",\"publisher\":{\"@id\":\"https:\\\/\\\/www.sinchisinchi.com\\\/pl\\\/#organization\"},\"potentialAction\":[{\"@type\":\"SearchAction\",\"target\":{\"@type\":\"EntryPoint\",\"urlTemplate\":\"https:\\\/\\\/www.sinchisinchi.com\\\/pl\\\/?s={search_term_string}\"},\"query-input\":{\"@type\":\"PropertyValueSpecification\",\"valueRequired\":true,\"valueName\":\"search_term_string\"}}],\"inLanguage\":\"pl-PL\"},{\"@type\":\"Organization\",\"@id\":\"https:\\\/\\\/www.sinchisinchi.com\\\/pl\\\/#organization\",\"name\":\"SINCHI S.L\",\"url\":\"https:\\\/\\\/www.sinchisinchi.com\\\/pl\\\/\",\"logo\":{\"@type\":\"ImageObject\",\"inLanguage\":\"pl-PL\",\"@id\":\"https:\\\/\\\/www.sinchisinchi.com\\\/pl\\\/#\\\/schema\\\/logo\\\/image\\\/\",\"url\":\"https:\\\/\\\/www.sinchisinchi.com\\\/wp-content\\\/uploads\\\/2026\\\/01\\\/3b-Verde-SIMPLIFICADO-HORIZONTAL-F-TRANSPARENTE-scaled.png\",\"contentUrl\":\"https:\\\/\\\/www.sinchisinchi.com\\\/wp-content\\\/uploads\\\/2026\\\/01\\\/3b-Verde-SIMPLIFICADO-HORIZONTAL-F-TRANSPARENTE-scaled.png\",\"width\":2560,\"height\":457,\"caption\":\"SINCHI S.L\"},\"image\":{\"@id\":\"https:\\\/\\\/www.sinchisinchi.com\\\/pl\\\/#\\\/schema\\\/logo\\\/image\\\/\"},\"sameAs\":[\"https:\\\/\\\/www.facebook.com\\\/sinchirape\\\/\",\"https:\\\/\\\/www.instagram.com\\\/sinchi_rape\\\/\"]}]}<\/script>\n<!-- \/ Yoast SEO plugin. -->","yoast_head_json":{"title":"Kup Palo Santo w Internecie: szama\u0144ski sklep z kadzid\u0142ami.","description":"Palo Santo jest znane od tysi\u0119cy lat jako magiczne i \u015bwi\u0119te drzewo wykorzystywane ze wzgl\u0119du na swoje w\u0142a\u015bciwo\u015bci oczyszczaj\u0105ce i \u0142\u0105cz\u0105ce.","robots":{"index":"index","follow":"follow","max-snippet":"max-snippet:-1","max-image-preview":"max-image-preview:large","max-video-preview":"max-video-preview:-1"},"canonical":"https:\/\/www.sinchisinchi.com\/pl\/producto\/palo-santo-300-gr\/","og_locale":"pl_PL","og_type":"article","og_title":"Kup Palo Santo w Internecie: szama\u0144ski sklep z kadzid\u0142ami.","og_description":"Palo Santo jest znane od tysi\u0119cy lat jako magiczne i \u015bwi\u0119te drzewo wykorzystywane ze wzgl\u0119du na swoje w\u0142a\u015bciwo\u015bci oczyszczaj\u0105ce i \u0142\u0105cz\u0105ce.","og_url":"https:\/\/www.sinchisinchi.com\/pl\/producto\/palo-santo-300-gr\/","og_site_name":"SINCHI RAP\u00c9","article_publisher":"https:\/\/www.facebook.com\/sinchirape\/","article_modified_time":"2024-04-24T07:42:32+00:00","og_image":[{"width":1000,"height":1000,"url":"https:\/\/www.sinchisinchi.com\/wp-content\/uploads\/2024\/01\/1-Palo-santo-300gr.jpg","type":"image\/jpeg"}],"twitter_card":"summary_large_image","twitter_misc":{"Szacowany czas czytania":"2 minuty"},"schema":{"@context":"https:\/\/schema.org","@graph":[{"@type":"WebPage","@id":"https:\/\/www.sinchisinchi.com\/pl\/producto\/palo-santo-300-gr\/","url":"https:\/\/www.sinchisinchi.com\/pl\/producto\/palo-santo-300-gr\/","name":"Kup Palo Santo w Internecie: szama\u0144ski sklep z kadzid\u0142ami.","isPartOf":{"@id":"https:\/\/www.sinchisinchi.com\/pl\/#website"},"primaryImageOfPage":{"@id":"https:\/\/www.sinchisinchi.com\/pl\/producto\/palo-santo-300-gr\/#primaryimage"},"image":{"@id":"https:\/\/www.sinchisinchi.com\/pl\/producto\/palo-santo-300-gr\/#primaryimage"},"thumbnailUrl":"https:\/\/www.sinchisinchi.com\/wp-content\/uploads\/2024\/01\/1-Palo-santo-300gr.jpg","datePublished":"2024-01-23T12:31:36+00:00","dateModified":"2024-04-24T07:42:32+00:00","description":"Palo Santo jest znane od tysi\u0119cy lat jako magiczne i \u015bwi\u0119te drzewo wykorzystywane ze wzgl\u0119du na swoje w\u0142a\u015bciwo\u015bci oczyszczaj\u0105ce i \u0142\u0105cz\u0105ce.","breadcrumb":{"@id":"https:\/\/www.sinchisinchi.com\/pl\/producto\/palo-santo-300-gr\/#breadcrumb"},"inLanguage":"pl-PL","potentialAction":[{"@type":"ReadAction","target":["https:\/\/www.sinchisinchi.com\/pl\/producto\/palo-santo-300-gr\/"]}]},{"@type":"ImageObject","inLanguage":"pl-PL","@id":"https:\/\/www.sinchisinchi.com\/pl\/producto\/palo-santo-300-gr\/#primaryimage","url":"https:\/\/www.sinchisinchi.com\/wp-content\/uploads\/2024\/01\/1-Palo-santo-300gr.jpg","contentUrl":"https:\/\/www.sinchisinchi.com\/wp-content\/uploads\/2024\/01\/1-Palo-santo-300gr.jpg","width":1000,"height":1000},{"@type":"BreadcrumbList","@id":"https:\/\/www.sinchisinchi.com\/pl\/producto\/palo-santo-300-gr\/#breadcrumb","itemListElement":[{"@type":"ListItem","position":1,"name":"Pierwsza strona","item":"https:\/\/www.sinchisinchi.com\/pl\/"},{"@type":"ListItem","position":2,"name":"Produkty","item":"https:\/\/www.sinchisinchi.com\/pl\/shop\/"},{"@type":"ListItem","position":3,"name":"Palo Santo 300 gr"}]},{"@type":"WebSite","@id":"https:\/\/www.sinchisinchi.com\/pl\/#website","url":"https:\/\/www.sinchisinchi.com\/pl\/","name":"SINCHI","description":"Sinchi Medicine","publisher":{"@id":"https:\/\/www.sinchisinchi.com\/pl\/#organization"},"potentialAction":[{"@type":"SearchAction","target":{"@type":"EntryPoint","urlTemplate":"https:\/\/www.sinchisinchi.com\/pl\/?s={search_term_string}"},"query-input":{"@type":"PropertyValueSpecification","valueRequired":true,"valueName":"search_term_string"}}],"inLanguage":"pl-PL"},{"@type":"Organization","@id":"https:\/\/www.sinchisinchi.com\/pl\/#organization","name":"SINCHI S.L","url":"https:\/\/www.sinchisinchi.com\/pl\/","logo":{"@type":"ImageObject","inLanguage":"pl-PL","@id":"https:\/\/www.sinchisinchi.com\/pl\/#\/schema\/logo\/image\/","url":"https:\/\/www.sinchisinchi.com\/wp-content\/uploads\/2026\/01\/3b-Verde-SIMPLIFICADO-HORIZONTAL-F-TRANSPARENTE-scaled.png","contentUrl":"https:\/\/www.sinchisinchi.com\/wp-content\/uploads\/2026\/01\/3b-Verde-SIMPLIFICADO-HORIZONTAL-F-TRANSPARENTE-scaled.png","width":2560,"height":457,"caption":"SINCHI S.L"},"image":{"@id":"https:\/\/www.sinchisinchi.com\/pl\/#\/schema\/logo\/image\/"},"sameAs":["https:\/\/www.facebook.com\/sinchirape\/","https:\/\/www.instagram.com\/sinchi_rape\/"]}]}},"_links":{"self":[{"href":"https:\/\/www.sinchisinchi.com\/pl\/wp-json\/wp\/v2\/product\/11871","targetHints":{"allow":["GET"]}}],"collection":[{"href":"https:\/\/www.sinchisinchi.com\/pl\/wp-json\/wp\/v2\/product"}],"about":[{"href":"https:\/\/www.sinchisinchi.com\/pl\/wp-json\/wp\/v2\/types\/product"}],"wp:featuredmedia":[{"embeddable":true,"href":"https:\/\/www.sinchisinchi.com\/pl\/wp-json\/wp\/v2\/media\/11861"}],"wp:attachment":[{"href":"https:\/\/www.sinchisinchi.com\/pl\/wp-json\/wp\/v2\/media?parent=11871"}],"wp:term":[{"taxonomy":"product_brand","embeddable":true,"href":"https:\/\/www.sinchisinchi.com\/pl\/wp-json\/wp\/v2\/product_brand?post=11871"},{"taxonomy":"product_cat","embeddable":true,"href":"https:\/\/www.sinchisinchi.com\/pl\/wp-json\/wp\/v2\/product_cat?post=11871"},{"taxonomy":"product_tag","embeddable":true,"href":"https:\/\/www.sinchisinchi.com\/pl\/wp-json\/wp\/v2\/product_tag?post=11871"}],"curies":[{"name":"wp","href":"https:\/\/api.w.org\/{rel}","templated":true}]}}