{"id":13002,"date":"2024-04-11T13:42:09","date_gmt":"2024-04-11T13:42:09","guid":{"rendered":"https:\/\/www.sinchisinchi.com\/producto\/samauma-ash\/"},"modified":"2024-07-05T07:48:24","modified_gmt":"2024-07-05T07:48:24","slug":"samauma-ash","status":"publish","type":"product","link":"https:\/\/www.sinchisinchi.com\/pl\/producto\/samauma-ash\/","title":{"rendered":"Samauma Ash"},"content":{"rendered":"<h2 style=\"text-align: center;\"><strong><span style=\"color: #000000;\">\u015awi\u0119te prochy w innych kulturach<\/span><\/strong><\/h2>\n<p><span style=\"color: #000000;\">Na ca\u0142ym \u015bwiecie istnieje wiele kultur, kt\u00f3re w spos\u00f3b \u015bwi\u0119ty wykorzystuj\u0105 popi\u00f3\u0142 w praktykach duchowych.<\/span><\/p>\n<p><span style=\"color: #000000;\">U\u017cywany w hinduizmie, buddyzmie, szamanizmie, chrze\u015bcija\u0144stwie, w Afryce i przez rdzenn\u0105 ludno\u015b\u0107 Amazonii, u\u017cycie popio\u0142\u00f3w ma duchowe znaczenie zwi\u0105zane z oczyszczeniem, odnow\u0105 i transformacj\u0105.<\/span><\/p>\n<p><span style=\"color: #000000;\">W hinduizmie znane s\u0105 jako \u201evibhuti\u201d, czyli \u015bwi\u0119te prochy. Stosowane s\u0105 w rytua\u0142ach oczyszczenia, odnowy duchowej i symbolizuj\u0105 oddanie i duchow\u0105 ochron\u0119. Popi\u00f3\u0142 wytwarza si\u0119 ze spalania \u015bwi\u0119tego drewna, zwykle przy u\u017cyciu bael, margosy lub drzewa figowego.<\/span><\/p>\n<p><span style=\"color: #000000;\">W buddyzmie u\u017cywa si\u0119 ich do budowy stup, \u015bwi\u0119tych pomnik\u00f3w symbolizuj\u0105cych o\u015bwiecenie i duchowe przebudzenie.<\/span><\/p>\n<p><span style=\"color: #000000;\">W chrze\u015bcija\u0144stwie popi\u00f3\u0142 jest szeroko stosowany podczas obchod\u00f3w \u015arody Popielcowej, jako symbol ludzkiej krucho\u015bci oraz potrzeby pokuty i pokuty. Podczas ceremonii posypuje si\u0119 g\u0142owy wiernych popio\u0142ami w kszta\u0142cie krzy\u017ca.<\/span><\/p>\n","protected":false},"excerpt":{"rendered":"<p><span style=\"color: #000000;\">Rdzenne plemiona Amazonii wykorzystuj\u0105 popi\u00f3\u0142 do produkcji tabaki. Popi\u00f3\u0142 jest bardzo wa\u017cn\u0105 cz\u0119\u015bci\u0105 mieszanki. Alkalizuje, neutralizuj\u0105c kwasowo\u015b\u0107.<\/span><\/p>\n<p><span style=\"color: #000000;\">Popi\u00f3\u0142 wytwarza si\u0119 z kory drzewa Sama\u00fama, kt\u00f3ra jest spalana na popi\u00f3\u0142, nast\u0119pnie przesiewana i mielona na drobny proszek.<\/span><\/p>\n<p><span style=\"color: #000000;\">Ten sproszkowany popi\u00f3\u0142 dodaje si\u0119 do Mapacho i innych ro\u015blin w celu wytworzenia tabaki.<\/span><\/p>\n<p>&nbsp;<\/p>\n<p><span style=\"color: #000000;\">Rozmiar: 10ml<\/span><\/p>\n","protected":false},"featured_media":15824,"template":"","meta":{"_joinchat":[]},"product_brand":[],"product_cat":[326],"product_tag":[],"class_list":{"0":"post-13002","1":"product","2":"type-product","3":"status-publish","4":"has-post-thumbnail","6":"product_cat-mapacho-roll-pl","8":"first","9":"instock","10":"taxable","11":"shipping-taxable","12":"purchasable","13":"product-type-simple"},"yoast_head":"<!-- This site is optimized with the Yoast SEO plugin v27.1.1 - https:\/\/yoast.com\/product\/yoast-seo-wordpress\/ -->\n<title>Kup Samauma Ash: internetowy sklep szama\u0144ski<\/title>\n<meta name=\"robots\" content=\"index, follow, max-snippet:-1, max-image-preview:large, max-video-preview:-1\" \/>\n<link rel=\"canonical\" href=\"https:\/\/www.sinchisinchi.com\/pl\/producto\/samauma-ash\/\" \/>\n<meta property=\"og:locale\" content=\"pl_PL\" \/>\n<meta property=\"og:type\" content=\"article\" \/>\n<meta property=\"og:title\" content=\"Kup Samauma Ash: internetowy sklep szama\u0144ski\" \/>\n<meta property=\"og:description\" content=\"Rdzenne plemiona Amazonii wykorzystuj\u0105 popi\u00f3\u0142 do produkcji tabaki. Popi\u00f3\u0142 jest bardzo wa\u017cn\u0105 cz\u0119\u015bci\u0105 mieszanki. Alkalizuje, neutralizuj\u0105c kwasowo\u015b\u0107. Popi\u00f3\u0142 wytwarza si\u0119 z kory drzewa Sama\u00fama, kt\u00f3ra jest spalana na popi\u00f3\u0142, nast\u0119pnie przesiewana i mielona na drobny proszek. Ten sproszkowany popi\u00f3\u0142 dodaje si\u0119 do Mapacho i innych ro\u015blin w celu wytworzenia tabaki. &nbsp; Rozmiar: 10ml\" \/>\n<meta property=\"og:url\" content=\"https:\/\/www.sinchisinchi.com\/pl\/producto\/samauma-ash\/\" \/>\n<meta property=\"og:site_name\" content=\"SINCHI RAP\u00c9\" \/>\n<meta property=\"article:publisher\" content=\"https:\/\/www.facebook.com\/sinchirape\/\" \/>\n<meta property=\"article:modified_time\" content=\"2024-07-05T07:48:24+00:00\" \/>\n<meta property=\"og:image\" content=\"https:\/\/www.sinchisinchi.com\/wp-content\/uploads\/2024\/04\/ceniza.png\" \/>\n\t<meta property=\"og:image:width\" content=\"600\" \/>\n\t<meta property=\"og:image:height\" content=\"600\" \/>\n\t<meta property=\"og:image:type\" content=\"image\/png\" \/>\n<meta name=\"twitter:card\" content=\"summary_large_image\" \/>\n<meta name=\"twitter:label1\" content=\"Szacowany czas czytania\" \/>\n\t<meta name=\"twitter:data1\" content=\"1 minuta\" \/>\n<script type=\"application\/ld+json\" class=\"yoast-schema-graph\">{\"@context\":\"https:\/\/schema.org\",\"@graph\":[{\"@type\":\"WebPage\",\"@id\":\"https:\/\/www.sinchisinchi.com\/pl\/producto\/samauma-ash\/\",\"url\":\"https:\/\/www.sinchisinchi.com\/pl\/producto\/samauma-ash\/\",\"name\":\"Kup Samauma Ash: internetowy sklep szama\u0144ski\",\"isPartOf\":{\"@id\":\"https:\/\/www.sinchisinchi.com\/pl\/#website\"},\"primaryImageOfPage\":{\"@id\":\"https:\/\/www.sinchisinchi.com\/pl\/producto\/samauma-ash\/#primaryimage\"},\"image\":{\"@id\":\"https:\/\/www.sinchisinchi.com\/pl\/producto\/samauma-ash\/#primaryimage\"},\"thumbnailUrl\":\"https:\/\/www.sinchisinchi.com\/wp-content\/uploads\/2024\/04\/ceniza.png\",\"datePublished\":\"2024-04-11T13:42:09+00:00\",\"dateModified\":\"2024-07-05T07:48:24+00:00\",\"breadcrumb\":{\"@id\":\"https:\/\/www.sinchisinchi.com\/pl\/producto\/samauma-ash\/#breadcrumb\"},\"inLanguage\":\"pl-PL\",\"potentialAction\":[{\"@type\":\"ReadAction\",\"target\":[\"https:\/\/www.sinchisinchi.com\/pl\/producto\/samauma-ash\/\"]}]},{\"@type\":\"ImageObject\",\"inLanguage\":\"pl-PL\",\"@id\":\"https:\/\/www.sinchisinchi.com\/pl\/producto\/samauma-ash\/#primaryimage\",\"url\":\"https:\/\/www.sinchisinchi.com\/wp-content\/uploads\/2024\/04\/ceniza.png\",\"contentUrl\":\"https:\/\/www.sinchisinchi.com\/wp-content\/uploads\/2024\/04\/ceniza.png\",\"width\":600,\"height\":600},{\"@type\":\"BreadcrumbList\",\"@id\":\"https:\/\/www.sinchisinchi.com\/pl\/producto\/samauma-ash\/#breadcrumb\",\"itemListElement\":[{\"@type\":\"ListItem\",\"position\":1,\"name\":\"Pierwsza strona\",\"item\":\"https:\/\/www.sinchisinchi.com\/pl\/\"},{\"@type\":\"ListItem\",\"position\":2,\"name\":\"Produkty\",\"item\":\"https:\/\/www.sinchisinchi.com\/pl\/shop\/\"},{\"@type\":\"ListItem\",\"position\":3,\"name\":\"Samauma Ash\"}]},{\"@type\":\"WebSite\",\"@id\":\"https:\/\/www.sinchisinchi.com\/pl\/#website\",\"url\":\"https:\/\/www.sinchisinchi.com\/pl\/\",\"name\":\"SINCHI\",\"description\":\"Sinchi Medicine\",\"publisher\":{\"@id\":\"https:\/\/www.sinchisinchi.com\/pl\/#organization\"},\"potentialAction\":[{\"@type\":\"SearchAction\",\"target\":{\"@type\":\"EntryPoint\",\"urlTemplate\":\"https:\/\/www.sinchisinchi.com\/pl\/?s={search_term_string}\"},\"query-input\":{\"@type\":\"PropertyValueSpecification\",\"valueRequired\":true,\"valueName\":\"search_term_string\"}}],\"inLanguage\":\"pl-PL\"},{\"@type\":\"Organization\",\"@id\":\"https:\/\/www.sinchisinchi.com\/pl\/#organization\",\"name\":\"SINCHI S.L\",\"url\":\"https:\/\/www.sinchisinchi.com\/pl\/\",\"logo\":{\"@type\":\"ImageObject\",\"inLanguage\":\"pl-PL\",\"@id\":\"https:\/\/www.sinchisinchi.com\/pl\/#\/schema\/logo\/image\/\",\"url\":\"https:\/\/www.sinchisinchi.com\/wp-content\/uploads\/2026\/01\/3b-Verde-SIMPLIFICADO-HORIZONTAL-F-TRANSPARENTE-scaled.png\",\"contentUrl\":\"https:\/\/www.sinchisinchi.com\/wp-content\/uploads\/2026\/01\/3b-Verde-SIMPLIFICADO-HORIZONTAL-F-TRANSPARENTE-scaled.png\",\"width\":2560,\"height\":457,\"caption\":\"SINCHI S.L\"},\"image\":{\"@id\":\"https:\/\/www.sinchisinchi.com\/pl\/#\/schema\/logo\/image\/\"},\"sameAs\":[\"https:\/\/www.facebook.com\/sinchirape\/\",\"https:\/\/www.instagram.com\/sinchi_rape\/\"]}]}<\/script>\n<!-- \/ Yoast SEO plugin. -->","yoast_head_json":{"title":"Kup Samauma Ash: internetowy sklep szama\u0144ski","robots":{"index":"index","follow":"follow","max-snippet":"max-snippet:-1","max-image-preview":"max-image-preview:large","max-video-preview":"max-video-preview:-1"},"canonical":"https:\/\/www.sinchisinchi.com\/pl\/producto\/samauma-ash\/","og_locale":"pl_PL","og_type":"article","og_title":"Kup Samauma Ash: internetowy sklep szama\u0144ski","og_description":"Rdzenne plemiona Amazonii wykorzystuj\u0105 popi\u00f3\u0142 do produkcji tabaki. Popi\u00f3\u0142 jest bardzo wa\u017cn\u0105 cz\u0119\u015bci\u0105 mieszanki. Alkalizuje, neutralizuj\u0105c kwasowo\u015b\u0107. Popi\u00f3\u0142 wytwarza si\u0119 z kory drzewa Sama\u00fama, kt\u00f3ra jest spalana na popi\u00f3\u0142, nast\u0119pnie przesiewana i mielona na drobny proszek. Ten sproszkowany popi\u00f3\u0142 dodaje si\u0119 do Mapacho i innych ro\u015blin w celu wytworzenia tabaki. &nbsp; Rozmiar: 10ml","og_url":"https:\/\/www.sinchisinchi.com\/pl\/producto\/samauma-ash\/","og_site_name":"SINCHI RAP\u00c9","article_publisher":"https:\/\/www.facebook.com\/sinchirape\/","article_modified_time":"2024-07-05T07:48:24+00:00","og_image":[{"width":600,"height":600,"url":"https:\/\/www.sinchisinchi.com\/wp-content\/uploads\/2024\/04\/ceniza.png","type":"image\/png"}],"twitter_card":"summary_large_image","twitter_misc":{"Szacowany czas czytania":"1 minuta"},"schema":{"@context":"https:\/\/schema.org","@graph":[{"@type":"WebPage","@id":"https:\/\/www.sinchisinchi.com\/pl\/producto\/samauma-ash\/","url":"https:\/\/www.sinchisinchi.com\/pl\/producto\/samauma-ash\/","name":"Kup Samauma Ash: internetowy sklep szama\u0144ski","isPartOf":{"@id":"https:\/\/www.sinchisinchi.com\/pl\/#website"},"primaryImageOfPage":{"@id":"https:\/\/www.sinchisinchi.com\/pl\/producto\/samauma-ash\/#primaryimage"},"image":{"@id":"https:\/\/www.sinchisinchi.com\/pl\/producto\/samauma-ash\/#primaryimage"},"thumbnailUrl":"https:\/\/www.sinchisinchi.com\/wp-content\/uploads\/2024\/04\/ceniza.png","datePublished":"2024-04-11T13:42:09+00:00","dateModified":"2024-07-05T07:48:24+00:00","breadcrumb":{"@id":"https:\/\/www.sinchisinchi.com\/pl\/producto\/samauma-ash\/#breadcrumb"},"inLanguage":"pl-PL","potentialAction":[{"@type":"ReadAction","target":["https:\/\/www.sinchisinchi.com\/pl\/producto\/samauma-ash\/"]}]},{"@type":"ImageObject","inLanguage":"pl-PL","@id":"https:\/\/www.sinchisinchi.com\/pl\/producto\/samauma-ash\/#primaryimage","url":"https:\/\/www.sinchisinchi.com\/wp-content\/uploads\/2024\/04\/ceniza.png","contentUrl":"https:\/\/www.sinchisinchi.com\/wp-content\/uploads\/2024\/04\/ceniza.png","width":600,"height":600},{"@type":"BreadcrumbList","@id":"https:\/\/www.sinchisinchi.com\/pl\/producto\/samauma-ash\/#breadcrumb","itemListElement":[{"@type":"ListItem","position":1,"name":"Pierwsza strona","item":"https:\/\/www.sinchisinchi.com\/pl\/"},{"@type":"ListItem","position":2,"name":"Produkty","item":"https:\/\/www.sinchisinchi.com\/pl\/shop\/"},{"@type":"ListItem","position":3,"name":"Samauma Ash"}]},{"@type":"WebSite","@id":"https:\/\/www.sinchisinchi.com\/pl\/#website","url":"https:\/\/www.sinchisinchi.com\/pl\/","name":"SINCHI","description":"Sinchi Medicine","publisher":{"@id":"https:\/\/www.sinchisinchi.com\/pl\/#organization"},"potentialAction":[{"@type":"SearchAction","target":{"@type":"EntryPoint","urlTemplate":"https:\/\/www.sinchisinchi.com\/pl\/?s={search_term_string}"},"query-input":{"@type":"PropertyValueSpecification","valueRequired":true,"valueName":"search_term_string"}}],"inLanguage":"pl-PL"},{"@type":"Organization","@id":"https:\/\/www.sinchisinchi.com\/pl\/#organization","name":"SINCHI S.L","url":"https:\/\/www.sinchisinchi.com\/pl\/","logo":{"@type":"ImageObject","inLanguage":"pl-PL","@id":"https:\/\/www.sinchisinchi.com\/pl\/#\/schema\/logo\/image\/","url":"https:\/\/www.sinchisinchi.com\/wp-content\/uploads\/2026\/01\/3b-Verde-SIMPLIFICADO-HORIZONTAL-F-TRANSPARENTE-scaled.png","contentUrl":"https:\/\/www.sinchisinchi.com\/wp-content\/uploads\/2026\/01\/3b-Verde-SIMPLIFICADO-HORIZONTAL-F-TRANSPARENTE-scaled.png","width":2560,"height":457,"caption":"SINCHI S.L"},"image":{"@id":"https:\/\/www.sinchisinchi.com\/pl\/#\/schema\/logo\/image\/"},"sameAs":["https:\/\/www.facebook.com\/sinchirape\/","https:\/\/www.instagram.com\/sinchi_rape\/"]}]}},"_links":{"self":[{"href":"https:\/\/www.sinchisinchi.com\/pl\/wp-json\/wp\/v2\/product\/13002","targetHints":{"allow":["GET"]}}],"collection":[{"href":"https:\/\/www.sinchisinchi.com\/pl\/wp-json\/wp\/v2\/product"}],"about":[{"href":"https:\/\/www.sinchisinchi.com\/pl\/wp-json\/wp\/v2\/types\/product"}],"wp:featuredmedia":[{"embeddable":true,"href":"https:\/\/www.sinchisinchi.com\/pl\/wp-json\/wp\/v2\/media\/15824"}],"wp:attachment":[{"href":"https:\/\/www.sinchisinchi.com\/pl\/wp-json\/wp\/v2\/media?parent=13002"}],"wp:term":[{"taxonomy":"product_brand","embeddable":true,"href":"https:\/\/www.sinchisinchi.com\/pl\/wp-json\/wp\/v2\/product_brand?post=13002"},{"taxonomy":"product_cat","embeddable":true,"href":"https:\/\/www.sinchisinchi.com\/pl\/wp-json\/wp\/v2\/product_cat?post=13002"},{"taxonomy":"product_tag","embeddable":true,"href":"https:\/\/www.sinchisinchi.com\/pl\/wp-json\/wp\/v2\/product_tag?post=13002"}],"curies":[{"name":"wp","href":"https:\/\/api.w.org\/{rel}","templated":true}]}}