{"id":13319,"date":"2024-04-21T17:57:32","date_gmt":"2024-04-21T17:57:32","guid":{"rendered":"https:\/\/www.sinchisinchi.com\/producto\/zywica-jatoba\/"},"modified":"2024-04-21T17:57:32","modified_gmt":"2024-04-21T17:57:32","slug":"zywica-jatoba","status":"publish","type":"product","link":"https:\/\/www.sinchisinchi.com\/pl\/producto\/zywica-jatoba\/","title":{"rendered":"\u017bywica Jatoba"},"content":{"rendered":"","protected":false},"excerpt":{"rendered":"<p><span style=\"color: #000000;\">Drzewo Jatob\u00e1 jest bardzo cenione ze wzgl\u0119du na \u017cywic\u0119 zwan\u0105 jutaicica, kt\u00f3ra ma silne w\u0142a\u015bciwo\u015bci lecznicze i duchowe.<\/span><\/p>\n<p><span style=\"color: #000000;\">W rytua\u0142ach szama\u0144skich u\u017cywa si\u0119 go w kadzid\u0142ach i uwa\u017ca si\u0119 go za pot\u0119\u017cny \u015brodek wzmacniaj\u0105cy umys\u0142. Dzi\u0119ki swoim w\u0142a\u015bciwo\u015bciom jest r\u00f3wnie\u017c szeroko stosowany w sesjach medytacyjnych, jodze i innych podobnych zaj\u0119ciach.<\/span><\/p>\n<p><span style=\"color: #000000;\">Jatob\u00e1 (Hymenaea courbaril L.) to du\u017ce drzewo, osi\u0105gaj\u0105ce do 40 metr\u00f3w wysoko\u015bci i o \u015brednicy pnia prawie jednego metra, pochodz\u0105ce z Bliskiego Wschodu i P\u00f3\u0142wyspu Arabskiego.<\/span><\/p>\n<p><span style=\"color: #000000;\">Wykorzystuje si\u0119 r\u00f3\u017cne cz\u0119\u015bci drzewa, takie jak kora, soki, \u017cywica, owoce i li\u015bcie. Niekt\u00f3re rdzenne grupy Amazonii wykorzystuj\u0105 drewno do produkcji kajak\u00f3w.<\/span><\/p>\n<p><span style=\"color: #000000;\">Jest tak\u017ce \u017ar\u00f3d\u0142em po\u017cywienia i wymieniany jest w\u015br\u00f3d gatunk\u00f3w owoc\u00f3w ze wzgl\u0119du na niezwyk\u0142e warto\u015bci od\u017cywcze jadalnego mi\u0105\u017cszu otaczaj\u0105cego nasiona.<\/span><\/p>\n<p><span style=\"color: #000000;\">Drewno jest doskona\u0142ej jako\u015bci, twarde i ci\u0119\u017ckie.<\/span><\/p>\n<p><span style=\"color: #000000;\">Nowo wyekstrahowany sok ma kolor wina i jest stosowany w medycynie tradycyjnej do leczenia wielu schorze\u0144.<\/span><\/p>\n<p><span style=\"color: #000000;\">Obfite kwiaty Jatoby s\u0105 bardzo atrakcyjne dla pszcz\u00f3\u0142 Jata\u00ed, kt\u00f3re produkuj\u0105 mi\u00f3d szczeg\u00f3lnie odpowiedni do zwalczania chor\u00f3b uk\u0142adu oddechowego.<\/span><\/p>\n<p><span style=\"color: #000000;\">Nap\u00f3j jutaiczny przygotowuje si\u0119 poprzez zmieszanie ziaren \u017cywicy z wod\u0105, a nast\u0119pnie wypicie w ramach rytua\u0142u oczyszczenia.<\/span><\/p>\n<p>&nbsp;<\/p>\n<p><span style=\"color: #000000;\"><strong>Nazwa naukowa:<\/strong> Hymenaea courbaril L.<\/span><\/p>\n<p><span style=\"color: #000000;\"><strong>Pochodzenie:<\/strong> Brazylia.<\/span><\/p>\n<p><span style=\"color: #000000;\"><strong>Zapach:<\/strong> Cytrusowy i orze\u017awiaj\u0105cy.<\/span><\/p>\n","protected":false},"featured_media":13128,"template":"","meta":{"_joinchat":[]},"product_brand":[],"product_cat":[197],"product_tag":[],"class_list":{"0":"post-13319","1":"product","2":"type-product","3":"status-publish","4":"has-post-thumbnail","6":"product_cat-resins-pl","8":"first","9":"instock","10":"taxable","11":"shipping-taxable","12":"product-type-simple"},"yoast_head":"<!-- This site is optimized with the Yoast SEO plugin v27.4 - https:\/\/yoast.com\/product\/yoast-seo-wordpress\/ -->\n<title>\u017bywica Jatob\u00e1: Sinchi, internetowy sklep szama\u0144ski<\/title>\n<meta name=\"description\" content=\"Drzewo Jatob\u00e1 jest bardzo cenione ze wzgl\u0119du na \u017cywic\u0119 zwan\u0105 jutaicica, kt\u00f3ra ma silne w\u0142a\u015bciwo\u015bci lecznicze i duchowe.\" \/>\n<meta name=\"robots\" content=\"index, follow, max-snippet:-1, max-image-preview:large, max-video-preview:-1\" \/>\n<link rel=\"canonical\" href=\"https:\/\/www.sinchisinchi.com\/pl\/producto\/zywica-jatoba\/\" \/>\n<meta property=\"og:locale\" content=\"pl_PL\" \/>\n<meta property=\"og:type\" content=\"article\" \/>\n<meta property=\"og:title\" content=\"\u017bywica Jatob\u00e1: Sinchi, internetowy sklep szama\u0144ski\" \/>\n<meta property=\"og:description\" content=\"Drzewo Jatob\u00e1 jest bardzo cenione ze wzgl\u0119du na \u017cywic\u0119 zwan\u0105 jutaicica, kt\u00f3ra ma silne w\u0142a\u015bciwo\u015bci lecznicze i duchowe.\" \/>\n<meta property=\"og:url\" content=\"https:\/\/www.sinchisinchi.com\/pl\/producto\/zywica-jatoba\/\" \/>\n<meta property=\"og:site_name\" content=\"SINCHI RAP\u00c9\" \/>\n<meta property=\"article:publisher\" content=\"https:\/\/www.facebook.com\/sinchirape\/\" \/>\n<meta property=\"og:image\" content=\"https:\/\/www.sinchisinchi.com\/wp-content\/uploads\/2024\/04\/Mukani-Resina-Jatoba.jpeg\" \/>\n\t<meta property=\"og:image:width\" content=\"420\" \/>\n\t<meta property=\"og:image:height\" content=\"545\" \/>\n\t<meta property=\"og:image:type\" content=\"image\/jpeg\" \/>\n<meta name=\"twitter:card\" content=\"summary_large_image\" \/>\n<script type=\"application\/ld+json\" class=\"yoast-schema-graph\">{\"@context\":\"https:\\\/\\\/schema.org\",\"@graph\":[{\"@type\":\"WebPage\",\"@id\":\"https:\\\/\\\/www.sinchisinchi.com\\\/pl\\\/producto\\\/zywica-jatoba\\\/\",\"url\":\"https:\\\/\\\/www.sinchisinchi.com\\\/pl\\\/producto\\\/zywica-jatoba\\\/\",\"name\":\"\u017bywica Jatob\u00e1: Sinchi, internetowy sklep szama\u0144ski\",\"isPartOf\":{\"@id\":\"https:\\\/\\\/www.sinchisinchi.com\\\/pl\\\/#website\"},\"primaryImageOfPage\":{\"@id\":\"https:\\\/\\\/www.sinchisinchi.com\\\/pl\\\/producto\\\/zywica-jatoba\\\/#primaryimage\"},\"image\":{\"@id\":\"https:\\\/\\\/www.sinchisinchi.com\\\/pl\\\/producto\\\/zywica-jatoba\\\/#primaryimage\"},\"thumbnailUrl\":\"https:\\\/\\\/www.sinchisinchi.com\\\/wp-content\\\/uploads\\\/2024\\\/04\\\/Mukani-Resina-Jatoba.jpeg\",\"datePublished\":\"2024-04-21T17:57:32+00:00\",\"description\":\"Drzewo Jatob\u00e1 jest bardzo cenione ze wzgl\u0119du na \u017cywic\u0119 zwan\u0105 jutaicica, kt\u00f3ra ma silne w\u0142a\u015bciwo\u015bci lecznicze i duchowe.\",\"breadcrumb\":{\"@id\":\"https:\\\/\\\/www.sinchisinchi.com\\\/pl\\\/producto\\\/zywica-jatoba\\\/#breadcrumb\"},\"inLanguage\":\"pl-PL\",\"potentialAction\":[{\"@type\":\"ReadAction\",\"target\":[\"https:\\\/\\\/www.sinchisinchi.com\\\/pl\\\/producto\\\/zywica-jatoba\\\/\"]}]},{\"@type\":\"ImageObject\",\"inLanguage\":\"pl-PL\",\"@id\":\"https:\\\/\\\/www.sinchisinchi.com\\\/pl\\\/producto\\\/zywica-jatoba\\\/#primaryimage\",\"url\":\"https:\\\/\\\/www.sinchisinchi.com\\\/wp-content\\\/uploads\\\/2024\\\/04\\\/Mukani-Resina-Jatoba.jpeg\",\"contentUrl\":\"https:\\\/\\\/www.sinchisinchi.com\\\/wp-content\\\/uploads\\\/2024\\\/04\\\/Mukani-Resina-Jatoba.jpeg\",\"width\":420,\"height\":545},{\"@type\":\"BreadcrumbList\",\"@id\":\"https:\\\/\\\/www.sinchisinchi.com\\\/pl\\\/producto\\\/zywica-jatoba\\\/#breadcrumb\",\"itemListElement\":[{\"@type\":\"ListItem\",\"position\":1,\"name\":\"Pierwsza strona\",\"item\":\"https:\\\/\\\/www.sinchisinchi.com\\\/pl\\\/\"},{\"@type\":\"ListItem\",\"position\":2,\"name\":\"Produkty\",\"item\":\"https:\\\/\\\/www.sinchisinchi.com\\\/pl\\\/shop\\\/\"},{\"@type\":\"ListItem\",\"position\":3,\"name\":\"\u017bywica Jatoba\"}]},{\"@type\":\"WebSite\",\"@id\":\"https:\\\/\\\/www.sinchisinchi.com\\\/pl\\\/#website\",\"url\":\"https:\\\/\\\/www.sinchisinchi.com\\\/pl\\\/\",\"name\":\"SINCHI\",\"description\":\"Sinchi Medicine\",\"publisher\":{\"@id\":\"https:\\\/\\\/www.sinchisinchi.com\\\/pl\\\/#organization\"},\"potentialAction\":[{\"@type\":\"SearchAction\",\"target\":{\"@type\":\"EntryPoint\",\"urlTemplate\":\"https:\\\/\\\/www.sinchisinchi.com\\\/pl\\\/?s={search_term_string}\"},\"query-input\":{\"@type\":\"PropertyValueSpecification\",\"valueRequired\":true,\"valueName\":\"search_term_string\"}}],\"inLanguage\":\"pl-PL\"},{\"@type\":\"Organization\",\"@id\":\"https:\\\/\\\/www.sinchisinchi.com\\\/pl\\\/#organization\",\"name\":\"SINCHI S.L\",\"url\":\"https:\\\/\\\/www.sinchisinchi.com\\\/pl\\\/\",\"logo\":{\"@type\":\"ImageObject\",\"inLanguage\":\"pl-PL\",\"@id\":\"https:\\\/\\\/www.sinchisinchi.com\\\/pl\\\/#\\\/schema\\\/logo\\\/image\\\/\",\"url\":\"https:\\\/\\\/www.sinchisinchi.com\\\/wp-content\\\/uploads\\\/2026\\\/01\\\/3b-Verde-SIMPLIFICADO-HORIZONTAL-F-TRANSPARENTE-scaled.png\",\"contentUrl\":\"https:\\\/\\\/www.sinchisinchi.com\\\/wp-content\\\/uploads\\\/2026\\\/01\\\/3b-Verde-SIMPLIFICADO-HORIZONTAL-F-TRANSPARENTE-scaled.png\",\"width\":2560,\"height\":457,\"caption\":\"SINCHI S.L\"},\"image\":{\"@id\":\"https:\\\/\\\/www.sinchisinchi.com\\\/pl\\\/#\\\/schema\\\/logo\\\/image\\\/\"},\"sameAs\":[\"https:\\\/\\\/www.facebook.com\\\/sinchirape\\\/\",\"https:\\\/\\\/www.instagram.com\\\/sinchi_rape\\\/\"]}]}<\/script>\n<!-- \/ Yoast SEO plugin. -->","yoast_head_json":{"title":"\u017bywica Jatob\u00e1: Sinchi, internetowy sklep szama\u0144ski","description":"Drzewo Jatob\u00e1 jest bardzo cenione ze wzgl\u0119du na \u017cywic\u0119 zwan\u0105 jutaicica, kt\u00f3ra ma silne w\u0142a\u015bciwo\u015bci lecznicze i duchowe.","robots":{"index":"index","follow":"follow","max-snippet":"max-snippet:-1","max-image-preview":"max-image-preview:large","max-video-preview":"max-video-preview:-1"},"canonical":"https:\/\/www.sinchisinchi.com\/pl\/producto\/zywica-jatoba\/","og_locale":"pl_PL","og_type":"article","og_title":"\u017bywica Jatob\u00e1: Sinchi, internetowy sklep szama\u0144ski","og_description":"Drzewo Jatob\u00e1 jest bardzo cenione ze wzgl\u0119du na \u017cywic\u0119 zwan\u0105 jutaicica, kt\u00f3ra ma silne w\u0142a\u015bciwo\u015bci lecznicze i duchowe.","og_url":"https:\/\/www.sinchisinchi.com\/pl\/producto\/zywica-jatoba\/","og_site_name":"SINCHI RAP\u00c9","article_publisher":"https:\/\/www.facebook.com\/sinchirape\/","og_image":[{"width":420,"height":545,"url":"https:\/\/www.sinchisinchi.com\/wp-content\/uploads\/2024\/04\/Mukani-Resina-Jatoba.jpeg","type":"image\/jpeg"}],"twitter_card":"summary_large_image","schema":{"@context":"https:\/\/schema.org","@graph":[{"@type":"WebPage","@id":"https:\/\/www.sinchisinchi.com\/pl\/producto\/zywica-jatoba\/","url":"https:\/\/www.sinchisinchi.com\/pl\/producto\/zywica-jatoba\/","name":"\u017bywica Jatob\u00e1: Sinchi, internetowy sklep szama\u0144ski","isPartOf":{"@id":"https:\/\/www.sinchisinchi.com\/pl\/#website"},"primaryImageOfPage":{"@id":"https:\/\/www.sinchisinchi.com\/pl\/producto\/zywica-jatoba\/#primaryimage"},"image":{"@id":"https:\/\/www.sinchisinchi.com\/pl\/producto\/zywica-jatoba\/#primaryimage"},"thumbnailUrl":"https:\/\/www.sinchisinchi.com\/wp-content\/uploads\/2024\/04\/Mukani-Resina-Jatoba.jpeg","datePublished":"2024-04-21T17:57:32+00:00","description":"Drzewo Jatob\u00e1 jest bardzo cenione ze wzgl\u0119du na \u017cywic\u0119 zwan\u0105 jutaicica, kt\u00f3ra ma silne w\u0142a\u015bciwo\u015bci lecznicze i duchowe.","breadcrumb":{"@id":"https:\/\/www.sinchisinchi.com\/pl\/producto\/zywica-jatoba\/#breadcrumb"},"inLanguage":"pl-PL","potentialAction":[{"@type":"ReadAction","target":["https:\/\/www.sinchisinchi.com\/pl\/producto\/zywica-jatoba\/"]}]},{"@type":"ImageObject","inLanguage":"pl-PL","@id":"https:\/\/www.sinchisinchi.com\/pl\/producto\/zywica-jatoba\/#primaryimage","url":"https:\/\/www.sinchisinchi.com\/wp-content\/uploads\/2024\/04\/Mukani-Resina-Jatoba.jpeg","contentUrl":"https:\/\/www.sinchisinchi.com\/wp-content\/uploads\/2024\/04\/Mukani-Resina-Jatoba.jpeg","width":420,"height":545},{"@type":"BreadcrumbList","@id":"https:\/\/www.sinchisinchi.com\/pl\/producto\/zywica-jatoba\/#breadcrumb","itemListElement":[{"@type":"ListItem","position":1,"name":"Pierwsza strona","item":"https:\/\/www.sinchisinchi.com\/pl\/"},{"@type":"ListItem","position":2,"name":"Produkty","item":"https:\/\/www.sinchisinchi.com\/pl\/shop\/"},{"@type":"ListItem","position":3,"name":"\u017bywica Jatoba"}]},{"@type":"WebSite","@id":"https:\/\/www.sinchisinchi.com\/pl\/#website","url":"https:\/\/www.sinchisinchi.com\/pl\/","name":"SINCHI","description":"Sinchi Medicine","publisher":{"@id":"https:\/\/www.sinchisinchi.com\/pl\/#organization"},"potentialAction":[{"@type":"SearchAction","target":{"@type":"EntryPoint","urlTemplate":"https:\/\/www.sinchisinchi.com\/pl\/?s={search_term_string}"},"query-input":{"@type":"PropertyValueSpecification","valueRequired":true,"valueName":"search_term_string"}}],"inLanguage":"pl-PL"},{"@type":"Organization","@id":"https:\/\/www.sinchisinchi.com\/pl\/#organization","name":"SINCHI S.L","url":"https:\/\/www.sinchisinchi.com\/pl\/","logo":{"@type":"ImageObject","inLanguage":"pl-PL","@id":"https:\/\/www.sinchisinchi.com\/pl\/#\/schema\/logo\/image\/","url":"https:\/\/www.sinchisinchi.com\/wp-content\/uploads\/2026\/01\/3b-Verde-SIMPLIFICADO-HORIZONTAL-F-TRANSPARENTE-scaled.png","contentUrl":"https:\/\/www.sinchisinchi.com\/wp-content\/uploads\/2026\/01\/3b-Verde-SIMPLIFICADO-HORIZONTAL-F-TRANSPARENTE-scaled.png","width":2560,"height":457,"caption":"SINCHI S.L"},"image":{"@id":"https:\/\/www.sinchisinchi.com\/pl\/#\/schema\/logo\/image\/"},"sameAs":["https:\/\/www.facebook.com\/sinchirape\/","https:\/\/www.instagram.com\/sinchi_rape\/"]}]}},"_links":{"self":[{"href":"https:\/\/www.sinchisinchi.com\/pl\/wp-json\/wp\/v2\/product\/13319","targetHints":{"allow":["GET"]}}],"collection":[{"href":"https:\/\/www.sinchisinchi.com\/pl\/wp-json\/wp\/v2\/product"}],"about":[{"href":"https:\/\/www.sinchisinchi.com\/pl\/wp-json\/wp\/v2\/types\/product"}],"wp:featuredmedia":[{"embeddable":true,"href":"https:\/\/www.sinchisinchi.com\/pl\/wp-json\/wp\/v2\/media\/13128"}],"wp:attachment":[{"href":"https:\/\/www.sinchisinchi.com\/pl\/wp-json\/wp\/v2\/media?parent=13319"}],"wp:term":[{"taxonomy":"product_brand","embeddable":true,"href":"https:\/\/www.sinchisinchi.com\/pl\/wp-json\/wp\/v2\/product_brand?post=13319"},{"taxonomy":"product_cat","embeddable":true,"href":"https:\/\/www.sinchisinchi.com\/pl\/wp-json\/wp\/v2\/product_cat?post=13319"},{"taxonomy":"product_tag","embeddable":true,"href":"https:\/\/www.sinchisinchi.com\/pl\/wp-json\/wp\/v2\/product_tag?post=13319"}],"curies":[{"name":"wp","href":"https:\/\/api.w.org\/{rel}","templated":true}]}}